{"id":69,"date":"2023-12-01T00:51:50","date_gmt":"2023-12-01T03:51:50","guid":{"rendered":"http:\/\/idloaded.com\/?page_id=69"},"modified":"2024-07-04T19:21:46","modified_gmt":"2024-07-04T22:21:46","slug":"%d0%b7%d0%b2%d1%8f%d0%b6%d1%96%d1%82%d1%8c%d1%81%d1%8f-%d0%b7-%d0%bd%d0%b0%d0%bc%d0%b8","status":"publish","type":"page","link":"https:\/\/idloaded.com\/uk\/%d0%b7%d0%b2%d1%8f%d0%b6%d1%96%d1%82%d1%8c%d1%81%d1%8f-%d0%b7-%d0%bd%d0%b0%d0%bc%d0%b8\/","title":{"rendered":"\u043a\u043e\u043d\u0442\u0430\u043a\u0442"},"content":{"rendered":"<h2>\u0417\u0432&#039;\u044f\u0436\u0456\u0442\u044c\u0441\u044f \u0437 \u043d\u0430\u043c\u0438<\/h2>\n<p>\u0414\u044f\u043a\u0443\u0454\u043c\u043e \u0437\u0430 \u0456\u043d\u0442\u0435\u0440\u0435\u0441 \u0434\u043e IdLoaded. \u041c\u0438 \u0446\u0456\u043d\u0443\u0454\u043c\u043e \u0432\u0430\u0448\u0456 \u0434\u0443\u043c\u043a\u0438 \u0442\u0430 \u0437\u0430\u043f\u0438\u0442\u0430\u043d\u043d\u044f. \u041e\u0441\u044c \u0441\u043f\u043e\u0441\u043e\u0431\u0438 \u0437\u0432&#039;\u044f\u0437\u0430\u0442\u0438\u0441\u044f \u0437 \u043d\u0430\u043c\u0438:<\/p>\n<h3>\u0415\u043b\u0435\u043a\u0442\u0440\u043e\u043d\u043d\u0430 \u043f\u043e\u0448\u0442\u0430<\/h3>\n<p>\u0406\u0437 \u0437\u0430\u0433\u0430\u043b\u044c\u043d\u0438\u043c\u0438 \u0437\u0430\u043f\u0438\u0442\u0430\u043d\u043d\u044f\u043c\u0438, \u043f\u0440\u043e\u043f\u043e\u0437\u0438\u0446\u0456\u044f\u043c\u0438 \u0447\u0438 \u043a\u043e\u043c\u0435\u043d\u0442\u0430\u0440\u044f\u043c\u0438 \u043d\u0430\u0434\u0441\u0438\u043b\u0430\u0439\u0442\u0435 \u043d\u0430\u043c \u0435\u043b\u0435\u043a\u0442\u0440\u043e\u043d\u043d\u0443 \u043f\u043e\u0448\u0442\u0443 \u0437\u0430 \u0430\u0434\u0440\u0435\u0441\u043e\u044e <a rel=\"noreferrer\">contact@idloaded.com<\/a>. \u041d\u0430\u0448\u0430 \u043a\u043e\u043c\u0430\u043d\u0434\u0430 \u043d\u0430\u043c\u0430\u0433\u0430\u0442\u0438\u043c\u0435\u0442\u044c\u0441\u044f \u044f\u043a\u043e\u043c\u043e\u0433\u0430 \u0448\u0432\u0438\u0434\u0448\u0435 \u0432\u0456\u0434\u043f\u043e\u0432\u0456\u0441\u0442\u0438 \u043d\u0430 \u0432\u0430\u0448\u0456 \u0437\u0430\u043f\u0438\u0442\u0430\u043d\u043d\u044f.<\/p>\n<h3>\u041a\u043e\u043d\u0442\u0430\u043a\u0442\u043d\u0430 \u0444\u043e\u0440\u043c\u0430<\/h3>\n<p>\u042f\u043a\u0449\u043e \u0443 \u0432\u0430\u0441 \u0454 \u043a\u043e\u043d\u043a\u0440\u0435\u0442\u043d\u0456 \u0437\u0430\u043f\u0438\u0442\u0430\u043d\u043d\u044f \u0430\u0431\u043e \u0432\u0438 \u0445\u043e\u0447\u0435\u0442\u0435 \u043d\u0430\u0434\u0456\u0441\u043b\u0430\u0442\u0438 \u0441\u0442\u0430\u0442\u0442\u044e, \u043f\u043e\u0432\u2019\u044f\u0437\u0430\u043d\u0443 \u0437 \u0442\u0435\u0445\u043d\u043e\u043b\u043e\u0433\u0456\u0454\u044e, \u043d\u0430\u0434\u0456\u0448\u043b\u0456\u0442\u044c \u043d\u0430\u043c \u0435\u043b\u0435\u043a\u0442\u0440\u043e\u043d\u043d\u0438\u0439 \u043b\u0438\u0441\u0442 \u043d\u0430 \u0430\u0434\u0440\u0435\u0441\u0443 <a rel=\"noreferrer\">contact@idloaded.com<\/a>. \u041c\u0438 \u0432\u0456\u0442\u0430\u0454\u043c\u043e \u0432\u043d\u0435\u0441\u043a\u0438 \u0432\u0456\u0434 \u043b\u044e\u0431\u0438\u0442\u0435\u043b\u0456\u0432 \u0437\u0430\u0433\u0430\u043b\u044c\u043d\u043e\u0457 \u0456\u043d\u0444\u043e\u0440\u043c\u0430\u0446\u0456\u0457 \u0442\u0430 \u0435\u043d\u0442\u0443\u0437\u0456\u0430\u0441\u0442\u0456\u0432 \u0442\u0435\u0445\u043d\u043e\u043b\u043e\u0433\u0456\u0439.<\/p>\n<h3>\u041f\u043e\u0448\u0442\u043e\u0432\u0430 \u0430\u0434\u0440\u0435\u0441\u0430<\/h3>\n<p>\u042f\u043a\u0449\u043e \u0432\u0438 \u0432\u0456\u0434\u0434\u0430\u0454\u0442\u0435 \u043f\u0435\u0440\u0435\u0432\u0430\u0433\u0443 \u0442\u0440\u0430\u0434\u0438\u0446\u0456\u0439\u043d\u043e\u043c\u0443 \u043b\u0438\u0441\u0442\u0443\u0432\u0430\u043d\u043d\u044e, \u0432\u0438 \u043c\u043e\u0436\u0435\u0442\u0435 \u0437\u043d\u0430\u0439\u0442\u0438 \u043d\u0430\u0441 \u0437\u0430 \u0430\u0434\u0440\u0435\u0441\u043e\u044e:<\/p>\n<p><strong>IdLoaded<\/strong><\/p>\n<p>837 \u041f\u0435\u0447\u0430\u0442\u043d\u0438\u0439 \u043f\u0440\u043e\u0432<\/p>\n<p>\u0414\u043e\u0433\u0432\u0456\u043b\u044c, \u0422\u0435\u0445\u0430\u0441 75001<\/p>\n<p>\u0421\u0428\u0410<\/p>\n<h3>\u0406\u043d\u0444\u043e\u0440\u043c\u0430\u0446\u0456\u0439\u043d\u0438\u0439 \u0431\u044e\u043b\u0435\u0442\u0435\u043d\u044c<\/h3>\n<p>\u0429\u043e\u0431 \u0431\u0443\u0442\u0438 \u0432 \u043a\u0443\u0440\u0441\u0456 \u043e\u0441\u0442\u0430\u043d\u043d\u0456\u0445 \u0441\u0442\u0430\u0442\u0435\u0439, \u0442\u0435\u0445\u043d\u043e\u043b\u043e\u0433\u0456\u0447\u043d\u0438\u0445 \u0442\u0435\u043d\u0434\u0435\u043d\u0446\u0456\u0439 \u0456 \u043d\u043e\u0432\u0438\u043d \u0432\u0456\u0434 \u0441\u043f\u0456\u043b\u044c\u043d\u043e\u0442\u0438 IdLoaded, \u043f\u0456\u0434\u043f\u0438\u0448\u0456\u0442\u044c\u0441\u044f \u043d\u0430 \u043d\u0430\u0448\u0443 \u0440\u043e\u0437\u0441\u0438\u043b\u043a\u0443. \u041f\u0440\u043e\u0441\u0442\u043e \u0432\u0432\u0435\u0434\u0456\u0442\u044c \u0441\u0432\u043e\u044e \u0435\u043b\u0435\u043a\u0442\u0440\u043e\u043d\u043d\u0443 \u0430\u0434\u0440\u0435\u0441\u0443 \u0443 \u043f\u043e\u043b\u0456 \u0440\u0435\u0454\u0441\u0442\u0440\u0430\u0446\u0456\u0457 \u0432\u043d\u0438\u0437\u0443 \u043d\u0430\u0448\u043e\u0457 \u0434\u043e\u043c\u0430\u0448\u043d\u044c\u043e\u0457 \u0441\u0442\u043e\u0440\u0456\u043d\u043a\u0438.<\/p>\n<h3>\u0417\u0432\u043e\u0440\u043e\u0442\u043d\u0456\u0439 \u0437\u0432&#039;\u044f\u0437\u043e\u043a<\/h3>\n<p>\u041c\u0438 \u043f\u043e\u0441\u0442\u0456\u0439\u043d\u043e \u043f\u0440\u0430\u0433\u043d\u0435\u043c\u043e \u043f\u043e\u043a\u0440\u0430\u0449\u0438\u0442\u0438 \u043d\u0430\u0448 \u0432\u043c\u0456\u0441\u0442 \u0456 \u0432\u0437\u0430\u0454\u043c\u043e\u0434\u0456\u044e \u0437 \u043a\u043e\u0440\u0438\u0441\u0442\u0443\u0432\u0430\u0447\u0430\u043c\u0438. \u042f\u043a\u0449\u043e \u0443 \u0432\u0430\u0441 \u0454 \u043f\u0440\u043e\u043f\u043e\u0437\u0438\u0446\u0456\u0457 \u0447\u0438 \u043a\u043e\u043c\u0435\u043d\u0442\u0430\u0440\u0456 \u0449\u043e\u0434\u043e \u0442\u043e\u0433\u043e, \u044f\u043a \u043c\u0438 \u043c\u043e\u0436\u0435\u043c\u043e \u043f\u043e\u043a\u0440\u0430\u0449\u0438\u0442\u0438 \u0440\u043e\u0431\u043e\u0442\u0443 \u0437 IdLoaded, \u043d\u0430\u0434\u0456\u0448\u043b\u0456\u0442\u044c \u0457\u0445 \u043d\u0430\u043c \u0435\u043b\u0435\u043a\u0442\u0440\u043e\u043d\u043d\u043e\u044e \u043f\u043e\u0448\u0442\u043e\u044e.<\/p>\n<p>\u041c\u0438 \u0446\u0456\u043d\u0443\u0454\u043c\u043e \u0432\u0430\u0448\u0443 \u0437\u0430\u0446\u0456\u043a\u0430\u0432\u043b\u0435\u043d\u0456\u0441\u0442\u044c \u0456 \u0437 \u043d\u0435\u0442\u0435\u0440\u043f\u0456\u043d\u043d\u044f\u043c \u0447\u0435\u043a\u0430\u0454\u043c\u043e \u043d\u0430 \u0432\u0430\u0448\u0443 \u0434\u0443\u043c\u043a\u0443. IdLoaded \u0442\u0443\u0442, \u0449\u043e\u0431 \u043f\u043e\u0454\u0434\u043d\u0430\u0442\u0438 \u0441\u0432\u0456\u0442 \u0456\u043d\u0444\u043e\u0440\u043c\u0430\u0446\u0456\u0457 \u0437 \u043e\u0441\u0442\u0430\u043d\u043d\u0456\u043c\u0438 \u0442\u0435\u0445\u043d\u043e\u043b\u043e\u0433\u0456\u044f\u043c\u0438, \u0456 \u0432\u0430\u0448 \u0432\u043d\u0435\u0441\u043e\u043a \u0454 \u0432\u0430\u0436\u043b\u0438\u0432\u0438\u043c, \u0449\u043e\u0431 \u0434\u043e\u043f\u043e\u043c\u043e\u0433\u0442\u0438 \u043d\u0430\u043c \u0434\u043e\u0441\u044f\u0433\u0442\u0438 \u0446\u0456\u0454\u0457 \u043c\u0456\u0441\u0456\u0457.<\/p>\n<p>\u0414\u044f\u043a\u0443\u0454\u043c\u043e, \u0449\u043e \u0454 \u0447\u0430\u0441\u0442\u0438\u043d\u043e\u044e \u043d\u0430\u0448\u043e\u0457 \u0437\u0430\u0433\u0430\u043b\u044c\u043d\u043e\u0457 \u0456\u043d\u0444\u043e\u0440\u043c\u0430\u0446\u0456\u0439\u043d\u043e\u0457 \u0441\u043f\u0456\u043b\u044c\u043d\u043e\u0442\u0438!<\/p>","protected":false},"excerpt":{"rendered":"<p>Entre em Contato Conosco Obrigado pelo seu interesse no IdLoaded. Valorizamos suas opini\u00f5es e perguntas. Aqui est\u00e3o as formas de nos contatar: Email Para perguntas gerais, sugest\u00f5es ou coment\u00e1rios, envie um e-mail para contact@idloaded.com. Nossa equipe se esfor\u00e7ar\u00e1 para responder \u00e0s suas perguntas o mais r\u00e1pido poss\u00edvel. Formul\u00e1rio de Contato Se voc\u00ea tiver perguntas espec\u00edficas [&hellip;]<\/p>","protected":false},"author":1,"featured_media":0,"parent":0,"menu_order":0,"comment_status":"closed","ping_status":"closed","template":"","meta":{"footnotes":""},"class_list":["post-69","page","type-page","status-publish","hentry"],"_links":{"self":[{"href":"https:\/\/idloaded.com\/uk\/wp-json\/wp\/v2\/pages\/69","targetHints":{"allow":["GET"]}}],"collection":[{"href":"https:\/\/idloaded.com\/uk\/wp-json\/wp\/v2\/pages"}],"about":[{"href":"https:\/\/idloaded.com\/uk\/wp-json\/wp\/v2\/types\/page"}],"author":[{"embeddable":true,"href":"https:\/\/idloaded.com\/uk\/wp-json\/wp\/v2\/users\/1"}],"replies":[{"embeddable":true,"href":"https:\/\/idloaded.com\/uk\/wp-json\/wp\/v2\/comments?post=69"}],"version-history":[{"count":6,"href":"https:\/\/idloaded.com\/uk\/wp-json\/wp\/v2\/pages\/69\/revisions"}],"predecessor-version":[{"id":506,"href":"https:\/\/idloaded.com\/uk\/wp-json\/wp\/v2\/pages\/69\/revisions\/506"}],"wp:attachment":[{"href":"https:\/\/idloaded.com\/uk\/wp-json\/wp\/v2\/media?parent=69"}],"curies":[{"name":"wp","href":"https:\/\/api.w.org\/{rel}","templated":true}]}}