{"id":69,"date":"2023-12-01T00:51:50","date_gmt":"2023-12-01T03:51:50","guid":{"rendered":"http:\/\/idloaded.com\/?page_id=69"},"modified":"2024-07-04T19:21:46","modified_gmt":"2024-07-04T22:21:46","slug":"kontakta-oss","status":"publish","type":"page","link":"https:\/\/idloaded.com\/sv\/kontakta-oss\/","title":{"rendered":"Kontakt"},"content":{"rendered":"<h2>Kontakta oss<\/h2>\n<p>Tack f\u00f6r ditt intresse f\u00f6r IdLoaded. Vi v\u00e4rdes\u00e4tter dina \u00e5sikter och fr\u00e5gor. H\u00e4r \u00e4r s\u00e4tten att kontakta oss:<\/p>\n<h3>E-post<\/h3>\n<p>F\u00f6r allm\u00e4nna fr\u00e5gor, f\u00f6rslag eller kommentarer, v\u00e4nligen maila <a rel=\"noreferrer\">contact@idloaded.com<\/a>. V\u00e5rt team kommer att str\u00e4va efter att svara p\u00e5 dina fr\u00e5gor s\u00e5 snabbt som m\u00f6jligt.<\/p>\n<h3>Kontaktformul\u00e4r<\/h3>\n<p>Om du har specifika fr\u00e5gor eller vill skicka in en teknikrelaterad artikel, v\u00e4nligen maila <a rel=\"noreferrer\">contact@idloaded.com<\/a>. Vi v\u00e4lkomnar bidrag fr\u00e5n allm\u00e4n informations\u00e4lskare och teknikentusiaster.<\/p>\n<h3>Postadress<\/h3>\n<p>Om du f\u00f6redrar traditionell post hittar du oss p\u00e5 f\u00f6ljande adress:<\/p>\n<p><strong>IdLoaded<\/strong><\/p>\n<p>837 Pawprint Lane<\/p>\n<p>Dogville, TX 75001<\/p>\n<p>USA<\/p>\n<h3>Nyhetsbrev<\/h3>\n<p>F\u00f6r att h\u00e5lla dig uppdaterad med de senaste artiklarna, tekniska trenderna och nyheterna fr\u00e5n IdLoaded-communityt, registrera dig f\u00f6r v\u00e5rt nyhetsbrev. Ange bara din e-postadress i registreringsrutan l\u00e4ngst ner p\u00e5 v\u00e5r hemsida.<\/p>\n<h3>Feed-back<\/h3>\n<p>Vi str\u00e4var alltid efter att f\u00f6rb\u00e4ttra v\u00e5rt inneh\u00e5ll och anv\u00e4ndarupplevelse. Om du har f\u00f6rslag eller kommentarer om hur vi kan f\u00f6rb\u00e4ttra din IdLoaded-upplevelse, v\u00e4nligen dela dem med oss via e-post.<\/p>\n<p>Vi uppskattar ditt intresse och ser fram emot att h\u00f6ra fr\u00e5n dig. IdLoaded \u00e4r h\u00e4r f\u00f6r att koppla samman informationsv\u00e4rlden med det senaste inom teknik, och ditt bidrag \u00e4r avg\u00f6rande f\u00f6r att hj\u00e4lpa oss att uppn\u00e5 detta uppdrag.<\/p>\n<p>Tack f\u00f6r att du \u00e4r en del av v\u00e5r allm\u00e4nna informationsgemenskap!<\/p>","protected":false},"excerpt":{"rendered":"<p>Entre em Contato Conosco Obrigado pelo seu interesse no IdLoaded. Valorizamos suas opini\u00f5es e perguntas. Aqui est\u00e3o as formas de nos contatar: Email Para perguntas gerais, sugest\u00f5es ou coment\u00e1rios, envie um e-mail para contact@idloaded.com. Nossa equipe se esfor\u00e7ar\u00e1 para responder \u00e0s suas perguntas o mais r\u00e1pido poss\u00edvel. Formul\u00e1rio de Contato Se voc\u00ea tiver perguntas espec\u00edficas [&hellip;]<\/p>","protected":false},"author":1,"featured_media":0,"parent":0,"menu_order":0,"comment_status":"closed","ping_status":"closed","template":"","meta":{"footnotes":""},"class_list":["post-69","page","type-page","status-publish","hentry"],"_links":{"self":[{"href":"https:\/\/idloaded.com\/sv\/wp-json\/wp\/v2\/pages\/69","targetHints":{"allow":["GET"]}}],"collection":[{"href":"https:\/\/idloaded.com\/sv\/wp-json\/wp\/v2\/pages"}],"about":[{"href":"https:\/\/idloaded.com\/sv\/wp-json\/wp\/v2\/types\/page"}],"author":[{"embeddable":true,"href":"https:\/\/idloaded.com\/sv\/wp-json\/wp\/v2\/users\/1"}],"replies":[{"embeddable":true,"href":"https:\/\/idloaded.com\/sv\/wp-json\/wp\/v2\/comments?post=69"}],"version-history":[{"count":6,"href":"https:\/\/idloaded.com\/sv\/wp-json\/wp\/v2\/pages\/69\/revisions"}],"predecessor-version":[{"id":506,"href":"https:\/\/idloaded.com\/sv\/wp-json\/wp\/v2\/pages\/69\/revisions\/506"}],"wp:attachment":[{"href":"https:\/\/idloaded.com\/sv\/wp-json\/wp\/v2\/media?parent=69"}],"curies":[{"name":"wp","href":"https:\/\/api.w.org\/{rel}","templated":true}]}}