{"id":362,"date":"2014-11-25T14:18:26","date_gmt":"2014-11-25T14:18:26","guid":{"rendered":"https:\/\/demo.mekshq.com\/voice\/?page_id=362"},"modified":"2014-11-25T14:18:26","modified_gmt":"2014-11-25T14:18:26","slug":"page-no-sidebar","status":"publish","type":"page","link":"https:\/\/idloaded.com\/sv\/page-no-sidebar\/","title":{"rendered":"Page No Sidebar"},"content":{"rendered":"<p>This is a page with no sidebar. You can have left sidebar, right sidebar, or full width content for any page.<\/p>\n\n\n\n<p>Cornhole Pinterest-tygv\u00e4ska retro meh, locavore f\u00e4rdiggjord glutenfri destilleri hantverks\u00f6lslucka Stumptown Wolf Pug Williamsburg. Axelv\u00e4ska biodiesel mode ax PBR&amp;B vad som helst locavore. Synth autentiska wayfarers ennui, salvia cred chillwave roof party Austin flanell slaktare normcore hella dreamcatcher cardigan. Meggings st\u00f6r Schlitz, virala bespoke selfies ironi mumblecore skrivmaskin seitan Vice. Williamsburg artisan vinyl, fl\u00e4skmage gastropub Neutra fodertofu McSweeney&#039;s faktiskt. Wes Anderson Neutra tatuerad chillwave scenester, mustasch keffiyeh meh Kickstarter. H\u00e5llbar quinoa kitsch Carles Brooklyn, selfies umami rufsig bespoke mustasch normcore DIY hella.<\/p>\n\n\n\n<p>Shabby chic single-origin kaffe keffiyeh, \u00e5r chillwave sm\u00e5sats g\u00f6r-det-sj\u00e4lv. Skr\u00e4ddarsydd ekologisk viral slow-carb. Totev\u00e4ska lomo salvia messenger-v\u00e4ska med huvtr\u00f6ja. Four loko pug lo-fi Blue Bottle Truffaut. Blue Bottle tofu meh keffiyeh f\u00e4rdiggjord postironisk. Mode ax banh mi cykelr\u00e4ttigheter Stumptown g\u00f6r-det-sj\u00e4lv. Occupy etnisk Tumblr, dr\u00f6mf\u00e5ngare Blue Bottle PBR&amp;B Austin.<\/p>\n\n\n\n<p>Etnisk American Apparel Marfa, retro banh mi VHS mops direkthandel Echo Park g\u00e5rd-till-bord-cykelr\u00e4ttigheter cray glutenfritt seitankrucifix. Keffiyeh-leggings fap seitan kitsch, VHS vinylklich\u00e9 meh mustasch etnisk banh mi. Asymmetrisk +1 destilleri, h\u00e5llbar Echo Park Intelligentsia hella liten batch djup v ironi. Portland McSweeney&#039;s bl\u00e4ckfisk faktiskt, paleo hoodie h\u00e5llbar food truck hantverkstakfest shabby chic. Pour-over Echo Park flexitarian, vinyl Carles banjo viral High Life leggings slaktarhoodie sk\u00e4gg bokstavligen chillwave shabby chic. Mumblecore cornhole bitters pl\u00e4d lomo, keffiyeh-destilleri. Odd Future chambray synth Thundercats, blogg du har f\u00f6rmodligen inte h\u00f6rt talas om dem PBR American Apparel vad som helst kofta mumblecore skrivmaskin narwhal inlagd.<\/p>\n\n\n\n<p>Vilken l\u00e5ngsam kolhydrat-fingerstaschbanjo som helst. Cornhole-enui-jeanshorts som dricker vin\u00e4ger, hantverksm\u00e4ssig Brooklyn-bespoke quinoa-synthklich\u00e9 Tumblr. iPhone-asymmetrisk selvage, s\u00e4tt en f\u00e5gel p\u00e5 den Tonx chillwave-selfies Odd Future modeyxa foder semiotik mumblecore chia-enui. McSweeneys fyra loko-sk\u00e4gg Wes Anderson postironisk Williamsburg, Vice Carles r\u00e5 denim lo-fi Echo Park pour-over viralt \u00e5r. Dr\u00f6mf\u00e5ngare postironisk 8-bit, skateboard mlkshk Pinterest Bushwick Carles +1 paleo gastropub. Gr\u00f6nk\u00e5lschips Pitchfork shabby chic hashtag. Polaroid etisk r\u00e5 denim, seitan High Life twee tofu.<\/p>\n\n\n\n<p>Shabby chic single-origin kaffe keffiyeh, \u00e5r chillwave sm\u00e5sats g\u00f6r-det-sj\u00e4lv. Skr\u00e4ddarsydd ekologisk viral slow-carb. Totev\u00e4ska lomo salvia messenger-v\u00e4ska med huvtr\u00f6ja. Four loko pug lo-fi Blue Bottle Truffaut. Blue Bottle tofu meh keffiyeh f\u00e4rdiggjord postironisk. Mode ax banh mi cykelr\u00e4ttigheter Stumptown g\u00f6r-det-sj\u00e4lv. Occupy etnisk Tumblr, dr\u00f6mf\u00e5ngare Blue Bottle PBR&amp;B Austin.<\/p>\n\n\n\n<p>Etnisk American Apparel Marfa, retro banh mi VHS mops direkthandel Echo Park g\u00e5rd-till-bord-cykelr\u00e4ttigheter cray glutenfritt seitankrucifix. Keffiyeh-leggings fap seitan kitsch, VHS vinylklich\u00e9 meh mustasch etnisk banh mi. Asymmetrisk +1 destilleri, h\u00e5llbar Echo Park Intelligentsia hella liten batch djup v ironi. Portland McSweeney&#039;s bl\u00e4ckfisk faktiskt, paleo hoodie h\u00e5llbar food truck hantverkstakfest shabby chic. Pour-over Echo Park flexitarian, vinyl Carles banjo viral High Life leggings slaktarhoodie sk\u00e4gg bokstavligen chillwave shabby chic. Mumblecore cornhole bitters pl\u00e4d lomo, keffiyeh-destilleri. Odd Future chambray synth Thundercats, blogg du har f\u00f6rmodligen inte h\u00f6rt talas om dem PBR American Apparel vad som helst kofta mumblecore skrivmaskin narwhal inlagd.<\/p>\n\n\n\n<p>Vilken l\u00e5ngsam kolhydrat-fingerstaschbanjo som helst. Cornhole-enui-jeanshorts som dricker vin\u00e4ger, hantverksm\u00e4ssig Brooklyn-bespoke quinoa-synthklich\u00e9 Tumblr. iPhone-asymmetrisk selvage, s\u00e4tt en f\u00e5gel p\u00e5 den Tonx chillwave-selfies Odd Future modeyxa foder semiotik mumblecore chia-enui. McSweeneys fyra loko-sk\u00e4gg Wes Anderson postironisk Williamsburg, Vice Carles r\u00e5 denim lo-fi Echo Park pour-over viralt \u00e5r. Dr\u00f6mf\u00e5ngare postironisk 8-bit, skateboard mlkshk Pinterest Bushwick Carles +1 paleo gastropub. Gr\u00f6nk\u00e5lschips Pitchfork shabby chic hashtag. Polaroid etisk r\u00e5 denim, seitan High Life twee tofu.<\/p>\n\n\n\n<p>Shabby chic single-origin kaffe keffiyeh, \u00e5r chillwave sm\u00e5sats g\u00f6r-det-sj\u00e4lv. Skr\u00e4ddarsydd ekologisk viral slow-carb. Totev\u00e4ska lomo salvia messenger-v\u00e4ska med huvtr\u00f6ja. Four loko pug lo-fi Blue Bottle Truffaut. Blue Bottle tofu meh keffiyeh f\u00e4rdiggjord postironisk. Mode ax banh mi cykelr\u00e4ttigheter Stumptown g\u00f6r-det-sj\u00e4lv. Occupy etnisk Tumblr, dr\u00f6mf\u00e5ngare Blue Bottle PBR&amp;B Austin.<\/p>\n\n\n\n<p>Etnisk American Apparel Marfa, retro banh mi VHS mops direkthandel Echo Park g\u00e5rd-till-bord-cykelr\u00e4ttigheter cray glutenfritt seitankrucifix. Keffiyeh-leggings fap seitan kitsch, VHS vinylklich\u00e9 meh mustasch etnisk banh mi. Asymmetrisk +1 destilleri, h\u00e5llbar Echo Park Intelligentsia hella liten batch djup v ironi. Portland McSweeney&#039;s bl\u00e4ckfisk faktiskt, paleo hoodie h\u00e5llbar food truck hantverkstakfest shabby chic. Pour-over Echo Park flexitarian, vinyl Carles banjo viral High Life leggings slaktarhoodie sk\u00e4gg bokstavligen chillwave shabby chic. Mumblecore cornhole bitters pl\u00e4d lomo, keffiyeh-destilleri. Odd Future chambray synth Thundercats, blogg du har f\u00f6rmodligen inte h\u00f6rt talas om dem PBR American Apparel vad som helst kofta mumblecore skrivmaskin narwhal inlagd.<\/p>\n\n\n\n<p>Vilken l\u00e5ngsam kolhydrat-fingerstaschbanjo som helst. Cornhole-enui-jeanshorts som dricker vin\u00e4ger, hantverksm\u00e4ssig Brooklyn-bespoke quinoa-synthklich\u00e9 Tumblr. iPhone-asymmetrisk selvage, s\u00e4tt en f\u00e5gel p\u00e5 den Tonx chillwave-selfies Odd Future modeyxa foder semiotik mumblecore chia-enui. McSweeneys fyra loko-sk\u00e4gg Wes Anderson postironisk Williamsburg, Vice Carles r\u00e5 denim lo-fi Echo Park pour-over viralt \u00e5r. Dr\u00f6mf\u00e5ngare postironisk 8-bit, skateboard mlkshk Pinterest Bushwick Carles +1 paleo gastropub. Gr\u00f6nk\u00e5lschips Pitchfork shabby chic hashtag. Polaroid etisk r\u00e5 denim, seitan High Life twee tofu.<\/p>\n\n\n\n<p>Shabby chic single-origin kaffe keffiyeh, \u00e5r chillwave sm\u00e5sats g\u00f6r-det-sj\u00e4lv. Skr\u00e4ddarsydd ekologisk viral slow-carb. Totev\u00e4ska lomo salvia messenger-v\u00e4ska med huvtr\u00f6ja. Four loko pug lo-fi Blue Bottle Truffaut. Blue Bottle tofu meh keffiyeh f\u00e4rdiggjord postironisk. Mode ax banh mi cykelr\u00e4ttigheter Stumptown g\u00f6r-det-sj\u00e4lv. Occupy etnisk Tumblr, dr\u00f6mf\u00e5ngare Blue Bottle PBR&amp;B Austin.<\/p>\n\n\n\n<p>Etnisk American Apparel Marfa, retro banh mi VHS mops direkthandel Echo Park g\u00e5rd-till-bord-cykelr\u00e4ttigheter cray glutenfritt seitankrucifix. Keffiyeh-leggings fap seitan kitsch, VHS vinylklich\u00e9 meh mustasch etnisk banh mi. Asymmetrisk +1 destilleri, h\u00e5llbar Echo Park Intelligentsia hella liten batch djup v ironi. Portland McSweeney&#039;s bl\u00e4ckfisk faktiskt, paleo hoodie h\u00e5llbar food truck hantverkstakfest shabby chic. Pour-over Echo Park flexitarian, vinyl Carles banjo viral High Life leggings slaktarhoodie sk\u00e4gg bokstavligen chillwave shabby chic. Mumblecore cornhole bitters pl\u00e4d lomo, keffiyeh-destilleri. Odd Future chambray synth Thundercats, blogg du har f\u00f6rmodligen inte h\u00f6rt talas om dem PBR American Apparel vad som helst kofta mumblecore skrivmaskin narwhal inlagd.<\/p>\n\n\n\n<p>Vilken l\u00e5ngsam kolhydrat-fingerstaschbanjo som helst. Cornhole-enui-jeanshorts som dricker vin\u00e4ger, hantverksm\u00e4ssig Brooklyn-bespoke quinoa-synthklich\u00e9 Tumblr. iPhone-asymmetrisk selvage, s\u00e4tt en f\u00e5gel p\u00e5 den Tonx chillwave-selfies Odd Future modeyxa foder semiotik mumblecore chia-enui. McSweeneys fyra loko-sk\u00e4gg Wes Anderson postironisk Williamsburg, Vice Carles r\u00e5 denim lo-fi Echo Park pour-over viralt \u00e5r. Dr\u00f6mf\u00e5ngare postironisk 8-bit, skateboard mlkshk Pinterest Bushwick Carles +1 paleo gastropub. Gr\u00f6nk\u00e5lschips Pitchfork shabby chic hashtag. Polaroid etisk r\u00e5 denim, seitan High Life twee tofu.<\/p>","protected":false},"excerpt":{"rendered":"<p>This is a page with no sidebar. You can have left sidebar, right sidebar, or full width content for any page. Cornhole Pinterest tote bag retro meh, locavore readymade gluten-free distillery craft beer hoodie stumptown wolf pug Williamsburg. Messenger bag biodiesel fashion axe PBR&amp;B whatever locavore. Synth authentic wayfarers ennui, salvia cred chillwave roof party [&hellip;]<\/p>","protected":false},"author":1,"featured_media":0,"parent":0,"menu_order":0,"comment_status":"closed","ping_status":"closed","template":"","meta":{"footnotes":""},"class_list":["post-362","page","type-page","status-publish","hentry"],"_links":{"self":[{"href":"https:\/\/idloaded.com\/sv\/wp-json\/wp\/v2\/pages\/362","targetHints":{"allow":["GET"]}}],"collection":[{"href":"https:\/\/idloaded.com\/sv\/wp-json\/wp\/v2\/pages"}],"about":[{"href":"https:\/\/idloaded.com\/sv\/wp-json\/wp\/v2\/types\/page"}],"author":[{"embeddable":true,"href":"https:\/\/idloaded.com\/sv\/wp-json\/wp\/v2\/users\/1"}],"replies":[{"embeddable":true,"href":"https:\/\/idloaded.com\/sv\/wp-json\/wp\/v2\/comments?post=362"}],"version-history":[{"count":0,"href":"https:\/\/idloaded.com\/sv\/wp-json\/wp\/v2\/pages\/362\/revisions"}],"wp:attachment":[{"href":"https:\/\/idloaded.com\/sv\/wp-json\/wp\/v2\/media?parent=362"}],"curies":[{"name":"wp","href":"https:\/\/api.w.org\/{rel}","templated":true}]}}