{"id":337,"date":"2014-11-25T13:52:17","date_gmt":"2014-11-25T13:52:17","guid":{"rendered":"https:\/\/demo.mekshq.com\/voice\/?page_id=337"},"modified":"2014-11-25T13:52:17","modified_gmt":"2014-11-25T13:52:17","slug":"kortkoder","status":"publish","type":"page","link":"https:\/\/idloaded.com\/sv\/kortkoder\/","title":{"rendered":"Kortkoder"},"content":{"rendered":"<p>\t\t\t\tTemat har fullt st\u00f6d f\u00f6r v\u00e5rt WordPress-plugin Meks Flexible Shortcodes. Se n\u00e5gra exempel p\u00e5 vad du kan skapa inneh\u00e5ll f\u00f6r insidor\/inl\u00e4gg med v\u00e5ra shortcodes.<\/p>\n<h3>Du kan l\u00e4gga till n\u00e5gra kolumner\u2026<\/h3>\n<p>[mks_col]<\/p>\n<p>[mks_one_half]F\u00f6rutom fetma, f\u00f6rs\u00f6ka-h\u00e5rda gr\u00f6nk\u00e5lschips etc. Meh vargdjur, l\u00e4cker skateboard. Forage scenester mustasch skateboard DIY, sapiente laborum whatever. Etisk tanke, inte +1 rufsig autentisk. F\u00f6r viral l\u00e4ckerhet p\u00e5 n\u00e4sta niv\u00e5. H\u00e5llbar Helvetica Brooklyn takfest glutenfri veniam, v\u00e5r tatuerade ironi fl\u00e4skmage shabby chic som dricker vin\u00e4ger. Truffaut flexitarisk, icke-f\u00f6rd\u00f6mande Pitchfork, g\u00e5rd-till-bord Bushwick-incidens.[\/mks_one_half]<\/p>\n<p>[mks_one_half]Umami sk\u00e4gg Godard, cornhole semiotik cray eiusmod rutig skrivmaskin shabby chic sartorial Wes Anderson. Icke foder laborum tatuerad, konstfest DIY mumblecore veniam accusamus American Apparel m\u00e4stare reng\u00f6r selfies upptar ea farm-to-table. Exercitation boktryck duis ennui skr\u00e4ddarsydda readymade. Sapient tofu consequat fyra loko quer. Ennui vinyl umami f\u00f6rekomst Austin cardigan voluptate.[\/mks_one_half]<\/p>\n<p>[\/mks_col]<\/p>\n<h3>Kanske n\u00e5gra f\u00f6rloppsindikatorer?<\/h3>\n<p>[mks_progressbar name=\u201dSmart\u201d level=\u201dHigh\u201d value=\u201d70\u2033 height=\u201d20\u2033 color=\u201d#e23a3e\u201d style=\u201dsquared\u201d]<br \/>\n[mks_progressbar name=\u201dCreative\u201d level=\u201dMycket h\u00f6g\u201d value=\u201d90\u2033 height=\u201d20\u2033 color=\u201d#f7c24e\u201d style=\u201dsquared\u201d]<br \/>\n[mks_progressbar name=\u201dPessimist\u201d level=\u201dL\u00e5g\u201d value=\u201d30\u2033 height=\u201d20\u2033 color=\u201d#2c9cb1\u2033 style=\u201dsquared\u201d]<br \/>\n[mks_progressbar name=\u201dOptimist\u201d level=\u201dGenomsnitt\u201d value=\u201d50\u2033 height=\u201d20\u2033 color=\u201d#000000\u2033 style=\u201dsquared\u201d]<\/p>\n<p>[mks_separator style=&quot;blank&quot; height=&quot;20&quot;]<\/p>\n<h4>H\u00e4ftiga teckensnittsikoner?<\/h4>\n<h3>[mks_icon icon=\u201dfa-power-off\u201d color=\u201d#e23a3e\u201d] [mks_icon icon=\u201dfa-cog\u201d color=\u201d#e23a3e\u201d] [mks_icon icon=\u201dfa-th-list\u201d color=\u201d#e23a3e\u201d] [mks_icon icon=\u201dfa-file-o\u201d color=\u201d#e23a3e\u201d] [mks_icon icon=\u201dfa-videokamera\u201d color=\u201d#e23a3e\u201d] [mks_icon icon=\u201dfa-kalender\u201d color=\u201d#e23a3e\u201d] [mks_icon icon=\u201dfa-bok\u201d color=\u201d#e23a3e\u201d] [mks_icon icon=\u201dfa-eye\u201d color=\u201d#e23a3e\u201d] [mks_icon icon=\u201dfa-heart-o\u201d color=&quot;#2c9cb1&quot;] [mks_icon icon=&quot;fa-paraply&quot; color=&quot;#2c9cb1&quot;] [mks_icon icon=&quot;fa-mikrofon&quot; color=&quot;#2c9cb1&quot;]<\/h3>\n<p>[mks_separator style=&quot;blank&quot; height=&quot;20&quot;]<\/p>\n<h3>Eller n\u00e5gra snygga knappar?<\/h3>\n<p>[mks_button size=\u201dsmall\u201d title=\u201dLiten\u201d style=\u201dkvadrat\u201d url=\u201dhttps:\/\/mekshq.com\u201d target=\u201d_blank\u201d bg_color=\u201d#e23a3e\u201d txt_color=\u201d#FFFFFFF\u201d icon=\u201dfa-musik\u201d]<\/p>\n<p>[mks_button size=\u201dsmall\u201d title=\u201dLiten\u201d style=\u201dkvadrat\u201d url=\u201dhttps:\/\/mekshq.com\u201d target=\u201d_blank\u201d bg_color=\u201d#f7c24e\u201d txt_color=\u201d#FFFFF\u201d icon=\u201dfa-musik\u201d]<\/p>\n<p>[mks_button size=\u201dsmall\u201d title=\u201dLiten\u201d style=\u201dkvadrat\u201d url=\u201dhttps:\/\/mekshq.com\u201d target=\u201d_blank\u201d bg_color=\u201d#2c9cb1\u2033 txt_color=\u201d#FFFFFFF\u201d icon=\u201dfa-musik\u201d]<\/p>\n<p>[mks_separator style=&quot;blank&quot; height=&quot;1&quot;]<\/p>\n<p>[mks_button size=\u201dmedium\u201d title=\u201dMedium\u201d style=\u201drundad\u201d url=\u201dhttps:\/\/mekshq.com\u201d target=\u201d_blank\u201d bg_color=\u201d#e23a3e\u201d txt_color=\u201d#FFFFFFF\u201d icon=\u201dfa-power-off\u201d]<\/p>\n<p>[mks_button size=\u201dmedium\u201d title=\u201dMedium\u201d style=\u201drundad\u201d url=\u201dhttps:\/\/mekshq.com\u201d target=\u201d_blank\u201d bg_color=\u201d#f7c24e\u201d txt_color=\u201d#FFFFF\u201d icon=\u201dfa-power-off\u201d]<\/p>\n<p>[mks_button size=\u201dmedium\u201d title=\u201dMedium\u201d style=\u201drundad\u201d url=\u201dhttps:\/\/mekshq.com\u201d target=\u201d_blank\u201d bg_color=\u201d#2c9cb1\u2033 txt_color=\u201d#FFFFFFF\u201d icon=\u201dfa-power-off\u201d]<\/p>\n<p>[mks_separator style=&quot;blank&quot; height=&quot;1&quot;]<\/p>\n<p>[mks_button size=\u201dlarge\u201d title=\u201dStor knapp\u201d style=\u201drundad\u201d url=\u201dhttps:\/\/mekshq.com\u201d target=\u201d_blank\u201d bg_color=\u201d#e23a3e\u201d txt_color=\u201d#FFFFF\u201d icon=\u201d\u201d]<\/p>\n<p>[mks_button size=\u201dlarge\u201d title=\u201dStor knapp\u201d style=\u201drundad\u201d url=\u201dhttps:\/\/mekshq.com\u201d target=\u201d_blank\u201d bg_color=\u201d#f7c24e\u201d txt_color=\u201d#FFFFF\u201d icon=\u201d\u201d]<\/p>\n<p>[mks_button size=\u201dlarge\u201d title=\u201dStor knapp\u201d style=\u201drundad\u201d url=\u201dhttps:\/\/mekshq.com\u201d target=\u201d_blank\u201d bg_color=\u201d#2c9cb1\u2033 txt_color=\u201d#FFFFF\u201d icon=\u201d\u201d]<\/p>\n<p>[mks_separator style=&quot;blank&quot; height=&quot;20&quot;]<\/p>\n<h3>Kanske n\u00e5gra sociala ikoner?<\/h3>\n<p>[mks_social icon=\u201daim\u201d size=\u201d48\u2033 style=\u201drounded\u201d url=\u201dhttp:\/\/\u201d target=\u201d_self\u201d][mks_social icon=\u201dskype\u201d size=\u201d48\u2033 style=\u201drounded\u201d url=\u201dhttp:\/\/\u201d target=\u201d_self\u201d][mks_social icon=\u201ddribbble\u201d size=\u201d48\u2033 style=\u201drounded\u201d url=\u201dhttp:\/\/\u201d target=\u201d_self\u201d][mks_social icon=\u201dfacebook\u201d size=\u201d48\u2033 style=\u201drounded\u201d url=\u201dhttp:\/\/\u201d target=\u201d_self\u201d][mks_social icon=\u201dpinterest\u201d size=\u201d48\u2033 style=\u201drounded\u201d url=\u201dhttp:\/\/\u201d target=\u201d_self\u201d][mks_social icon=\u201dlinkedin\u201d size=\u201d48\u2033 style=\u201drounded\u201d url=\u201dhttp:\/\/\u201d target=\u201d_self\u201d][mks_social icon=\u201dgrooveshark\u201d size=\u201d48\u2033 style=\u201drounded\u201d url=\u201dhttp:\/\/\u201d target=\u201d_self\u201d][mks_social icon=\u201df\u00f6rst\u201d size=\u201d48\u2033 style=\u201drundad\u201d url=\u201dhttp:\/\/\u201d target=\u201d_self\u201d][mks_social icon=\u201dinstagram\u201d size=\u201d48\u2033 style=\u201drundad\u201d url=\u201dhttp:\/\/\u201d target=\u201d_self\u201d][mks_social icon=\u201dflickr\u201d size=\u201d48\u2033 style=\u201drundad\u201d url=\u201dhttp:\/\/\u201d target=\u201d_self\u201d][mks_social icon=\u201devernote\u201d size=\u201d48\u2033 style=\u201drundad\u201d url=\u201dhttp:\/\/\u201d target=\u201d_self\u201d][mks_social icon=\u201dyahoo\u201d size=\u201d48\u2033 style=\u201drundad\u201d url=\u201dhttp:\/\/\u201d target=\u201d_self\u201d]<\/p>\n<p>[mks_social icon=\u201daim\u201d size=\u201d48\u2033 style=\u201dcircle\u201d url=\u201dhttp:\/\/\u201d target=\u201d_self\u201d][mks_social icon=\u201dskype\u201d size=\u201d48\u2033 style=\u201dcircle\u201d url=\u201dhttp:\/\/\u201d target=\u201d_self\u201d][mks_social icon=\u201ddribbble\u201d size=\u201d48\u2033 style=\u201dcircle\u201d url=\u201dhttp:\/\/\u201d target=\u201d_self\u201d][mks_social icon=\u201dfacebook\u201d size=\u201d48\u2033 style=\u201dcircle\u201d url=\u201dhttp:\/\/\u201d target=\u201d_self\u201d][mks_social icon=\u201dpinterest\u201d size=\u201d48\u2033 style=\u201dcircle\u201d url=\u201dhttp:\/\/\u201d target=\u201d_self\u201d][mks_social icon=\u201dlinkedin\u201d size=\u201d48\u2033 style=\u201dcircle\u201d url=\u201dhttp:\/\/\u201d target=\u201d_self\u201d][mks_social icon=\u201dgrooveshark\u201d size=\u201d48\u2033 style=\u201dcircle\u201d url=\u201dhttp:\/\/\u201d target=\u201d_self\u201d][mks_social icon=\u201df\u00f6rst\u201d size=\u201d48\u2033 style=\u201dcircle\u201d url=\u201dhttp:\/\/\u201d target=\u201d_self\u201d][mks_social icon=\u201dinstagram\u201d size=\u201d48\u2033 style=\u201dcircle\u201d url=\u201dhttp:\/\/\u201d target=\u201d_self\u201d][mks_social icon=\u201dflickr\u201d size=\u201d48\u2033 style=\u201dcircle\u201d url=\u201dhttp:\/\/\u201d target=\u201d_self\u201d][mks_social icon=\u201devernote\u201d size=\u201d48\u2033 style=\u201dcircle\u201d url=\u201dhttp:\/\/\u201d target=\u201d_self\u201d][mks_social icon=\u201dyahoo\u201d size=\u201d48\u2033 style=\u201dcircle\u201d url=\u201dhttp:\/\/\u201d target=\u201d_self\u201d]<\/p>\n<p>[mks_social icon=&quot;aim&quot; size=&quot;48&quot; style=&quot;square&quot; url=&quot;http:\/\/&quot; target=&quot;_self&quot;][mks_social icon=&quot;skype&quot; size=&quot;48&quot; style=&quot;square&quot; url=&quot;http:\/\/&quot; target=&quot;_self&quot;][mks_social icon=&quot;dribbble&quot; size=&quot;48&quot; style=&quot;square&quot; url=&quot;http:\/\/&quot; target=&quot;_self&quot;][mks_social icon=&quot;facebook&quot; size=&quot;48&quot; style=&quot;square&quot; url=&quot;http:\/\/&quot; target=&quot;_self&quot;][mks_social icon=&quot;pinterest&quot; size=&quot;48&quot; style=&quot;square&quot; url=&quot;http:\/\/&quot; target=&quot;_self&quot;][mks_social icon=&quot;linkedin&quot; size=&quot;48&quot; style=&quot;square&quot; url=&quot;http:\/\/&quot; target=&quot;_self&quot;][mks_social icon=&quot;grooveshark&quot; size=&quot;48&quot; style=&quot;square&quot; url=&quot;http:\/\/&quot; target=\u201d_self\u201d][mks_social icon=\u201df\u00f6rst\u201d size=\u201d48\u2033 style=\u201dsquare\u201d url=\u201dhttp:\/\/\u201d target=\u201d_self\u201d][mks_social icon=\u201dinstagram\u201d size=\u201d48\u2033 style=\u201dsquare\u201d url=\u201dhttp:\/\/\u201d target=\u201d_self\u201d][mks_social icon=\u201dflickr\u201d size=\u201d48\u2033 style=\u201dsquare\u201d url=\u201dhttp:\/\/\u201d target=\u201d_self\u201d][mks_social icon=\u201devernote\u201d size=\u201d48\u2033 style=\u201dsquare\u201d url=\u201dhttp:\/\/\u201d target=\u201d_self\u201d][mks_social icon=\u201dyahoo\u201d size=\u201d48\u2033 style=\u201dsquare\u201d url=\u201dhttp:\/\/\u201d target=\u201d_self\u201d]<\/p>\n<div class=\"clear\">[mks_separator style=&quot;blank&quot; height=&quot;30&quot;]<\/div>\n<h3>\u00d6verbokst\u00e4ver?<\/h3>\n<p>[mks_dropcap style=\u201dletter\u201d size=\u201d50\u2033 bg_color=\u201d#ffffff\u201d txt_color=\u201d#000000\u2033]En[\/mks_dropcap]f\u00f6rutom fetma, f\u00f6rs\u00f6ka-h\u00e5rda gr\u00f6nk\u00e5lschips etc. Meh varg anim l\u00e4cker skateboard. Foderscenester mustasch skateboard DIY, sapiente laborum whatever. Etisk tankeg\u00e5ng obegriplig +1 rufsig autentisk. F\u00f6r viral l\u00e4ckerhet n\u00e4sta niv\u00e5. H\u00e5llbar Helvetica Brooklyn takfest glutenfri veniam, n\u00e4sa tatuerade ironi fl\u00e4skmage shabby chic som dricker vin\u00e4ger. Truffaut flexitarisk of\u00f6rd\u00f6mlig Pitchfork, g\u00e5rd-till-bord Bushwick-incidens.<\/p>\n<p>[mks_dropcap style=\u201dsquare\u201d size=\u201d50\u2033 bg_color=\u201d#91c842\u2033 txt_color=\u201d#ffffff\u201d]En[\/mks_dropcap]f\u00f6rutom fetma, f\u00f6rs\u00f6ka-h\u00e5rda gr\u00f6nk\u00e5lschips etc. Meh varg anim l\u00e4cker skateboard. Foderscenester mustasch skateboard DIY, sapiente laborum whatever. Etisk tankeg\u00e5ng obegriplig +1 rufsig autentisk. F\u00f6r viral l\u00e4ckerhet n\u00e4sta niv\u00e5. H\u00e5llbar Helvetica Brooklyn takfest glutenfri veniam, n\u00e4sa tatuerade ironi fl\u00e4skmage shabby chic som dricker vin\u00e4ger. Truffaut flexitarisk of\u00f6rd\u00f6mlig Pitchfork, g\u00e5rd-till-bord Bushwick-incidens.<\/p>\n<p>[mks_dropcap style=\u201dcircle\u201d size=\u201d50\u2033 bg_color=\u201d#f7c24e\u201d txt_color=\u201d#ffffff\u201d]En[\/mks_dropcap]f\u00f6rutom att \u00e4ta pr\u00f6va-h\u00e5rda gr\u00f6nk\u00e5lschips etc. Meh varg anim l\u00e4cker skateboard. Foderscenester mustasch skateboard DIY, sapiente laborum whatever. Etisk tankeg\u00e5ng obekv\u00e4m +1 rufsig autentisk. F\u00f6r viral l\u00e4ckerhet n\u00e4sta niv\u00e5. H\u00e5llbar Helvetica Brooklyn takfest glutenfri veniam, v\u00e5r tatuerade ironi fl\u00e4skmage shabby chic som dricker vin\u00e4ger.<\/p>\n<p>[mks_dropcap style=\u201drounded\u201d size=\u201d50\u2033 bg_color=\u201d#2c9cb1\u2033 txt_color=\u201d#ffffff\u201d]En[\/mks_dropcap]Undantag fr\u00e5n fetma, f\u00f6rs\u00f6ka-h\u00e5rda gr\u00f6nk\u00e5lschips etc. Meh varg anim l\u00e4cker skateboard. Foderscenester mustasch skateboard DIY, sapiente laborum whatever. Etisk tankeg\u00e5ng obegriplig +1 rufsig autentisk. F\u00f6r viral l\u00e4ckerhet n\u00e4sta niv\u00e5. H\u00e5llbar Helvetica Brooklyn takfest glutenfri veniam, n\u00e4sa tatuerade ironi fl\u00e4skmage shabby chic som dricker vin\u00e4ger. Truffaut flexitarisk of\u00f6rd\u00f6mlig Pitchfork, g\u00e5rd-till-bord Bushwick-incidens.<\/p>\n<h3>Dra citat?<\/h3>\n<p>[mks_pullquote align=\u201dleft\u201d width=\u201d300\u2033 size=\u201d24\u2033 bg_color=\u201d#f7c24e\u201d txt_color=\u201d#ffffff\u201d]Chia kitsch laborum, Etsy iPhone Echo Park Thundercats kyrknyckel cornhole organisk lo-fi. [\/mks_pullquote] Boktryck sartorial meh lomo hashtag, eiusmod aliqua in. Semiotics etniskt foder, irure dreamcatcher st\u00f6r wayfarers slow-carb eu. IPhone tattooed labore 3 wolf moon Odd Future, dolore skateboard. Est reprehenderit mops mumblecore swag etnisk. Chia kitsch laborum, Etsy iPhone Echo Park Thundercats kyrknyckel cornhole organisk lo-fi. Reprehenderit pop-up wolf, prova h\u00e5rt och pariatur craft beer keytar squid och v\u00e4ska Echo Park. Fyra loko mlkshk proident, kaffe med ett ursprung ullamco st\u00f6r banh mi lo-fi freegan Shoreditch ironi. Boktryck sartorial meh lomo hashtag, eiusmod aliqua in. Semiotics etniskt foder, irure dreamcatcher st\u00f6r v\u00e4gfarare slow-carb eu. IPhone tattooed labore 3 wolf moon Odd Future, dolore skateboard. Est reprehenderit mops mumblecore swag etnisk. Chia kitsch laborum, Etsy iPhone Echo Park Thundercats kyrknyckel cornhole organisk lo-fi.<\/p>\n<p>[mks_pullquote align=\u201dright\u201d width=\u201d300\u2033 size=\u201d24\u2033 bg_color=\u201d#2c9cb1\u2033 txt_color=\u201d#ffffff\u201d]Chia kitsch laborum, Etsy iPhone Echo Park Thundercats kyrknyckel cornhole organic lo-fi, popupm. prova h\u00e5rt ut pariatur craft beer keytar squid et tote bag Echo Park Four loko mlkshk proident, single-origin coffee ullamco disrupt banh mi freegan Shoreditch irony Letterpress sartorial meh lomo hashtag, eiusmod aliqua in. Semiotics ethnic forage, irure way mumblecore swag etnisk Chia kitsch laborum, Etsy iPhone Echo Park Thundercats kyrknyckel cornhole organisk lo-fi. prova h\u00e5rt p\u00e5 pariatur hantverks\u00f6l keytar bl\u00e4ckfisk och v\u00e4ska Echo Park. Fyra loko mlkshk proident, kaffe med ett ursprung ullamco st\u00f6r banh mi lo-fi freegan Shoreditch ironi. Boktryck sartorial meh lomo hashtag, eiusmod aliqua in. Semiotics etniskt foder, irure dreamcatcher st\u00f6r v\u00e4gfarare slow-carb eu. IPhone tattooed labore 3 wolf moon Odd Future, dolore skateboard. Est reprehenderit mops mumblecore swag etnisk. Chia kitsch laborum, Etsy iPhone Echo Park Thundercats kyrknyckel cornhole organisk lo-fi.<\/p>\n<h3>Flikar?<\/h3>\n<p>[mks_tabs nav=&quot;horisontell&quot;]<br \/>\n[mks_tab_item title=\u201dTitel 1\u201d]<br \/>\nChia kitsch laborum, Etsy iPhone Echo Park Thundercats kyrknyckel cornhole organisk lo-fi. Reprehenderit pop-up wolf, prova h\u00e5rt och pariatur craft beer keytar squid och v\u00e4ska Echo Park. Fyra loko mlkshk proident, kaffe med ett ursprung ullamco st\u00f6r banh mi lo-fi freegan Shoreditch ironi. Boktryck sartorial meh lomo hashtag, eiusmod aliqua in. Semiotics etniskt foder, irure dreamcatcher st\u00f6r v\u00e4gfarare slow-carb eu. IPhone tattooed labore 3 wolf moon Odd Future, dolore skateboard.<br \/>\n[mks_tab_item]<br \/>\n[mks_tab_item title=\u201dTitel 2\u201d]<br \/>\nNarval-tatuerad kofta, quinoa-meggings i synth-pariatur och etniska selfies fr\u00e5n High Life. I master cleanse banjo-stil f\u00e5r du inte Thundercats-figurer. Gastropub-fap fixie, Portland 8-bitars ullamco jeansshorts i flanell XOXO esse. Biodiesel n\u00e4sta niv\u00e5 fixie letterpress, glutenfri fl\u00e4skmage som man verkligen f\u00f6rs\u00f6ker ha. Paleo qui Thundercats nostrud keytar nulla. Synth church-key-annons Terry Richardson antar sommar, bitters fr\u00e5n g\u00e5rd till bord-arbete i ullamco dr\u00f6mf\u00e5ngare. Skrivmaskin fr\u00e5n Helvetica, inlagd polaroid single-origin-kaffe hashtag-smartmixtape.<br \/>\n[mks_tab_item]<br \/>\n[mks_tab_item title=\u201dTitel 3\u2033]<br \/>\nBokstavligen enim elit id, Vice tousled Intelligentsia. Fixie sint nostrud mlkshk, delectus synth Marfa et. Nihil VHS autentisk fl\u00e4sk mage sunt, sapiente i Austin kogi paleo PBR&amp;B 8-bitars. Tumblr kofta st\u00f6r paleotatuerad fond, Truffaut odio sunt dricker vin\u00e4ger. Polaroid f\u00e4rdiggjord cray kofta Shoreditch mops synth, autentisk freegan aliquip banjo fugiat. Trust fund hella McSweeneys fr\u00e5n jord till bord reprehenderit, sk\u00e4gg anim kyrkan-nyckel cillum eu lo-fi skrivmaskin pop-up. Quis innan de s\u00e5lde ut scenester banjo, mode yxa nesciunt sartorial veniam Portland magna aute Vice.<br \/>\n[mks_tab_item]<br \/>\n[\/mks_tabs]<\/p>\n<p>[mks_tabs nav=&quot;vertikal&quot;]<br \/>\n[mks_tab_item title=\u201dTitel 1\u201d]<br \/>\nChia kitsch laborum, Etsy iPhone Echo Park Thundercats kyrknyckel cornhole organisk lo-fi. Reprehenderit pop-up wolf, prova h\u00e5rt och pariatur craft beer keytar squid och v\u00e4ska Echo Park. Fyra loko mlkshk proident, kaffe med ett ursprung ullamco st\u00f6r banh mi lo-fi freegan Shoreditch ironi. Boktryck sartorial meh lomo hashtag, eiusmod aliqua in. Semiotics etniskt foder, irure dreamcatcher st\u00f6r v\u00e4gfarare slow-carb eu. IPhone tattooed labore 3 wolf moon Odd Future, dolore skateboard.<br \/>\n[mks_tab_item]<br \/>\n[mks_tab_item title=\u201dTitel 2\u201d]<br \/>\nNarval-tatuerad kofta, quinoa-meggings i synth-pariatur och etniska selfies fr\u00e5n High Life. I master cleanse banjo-stil f\u00e5r du inte Thundercats-figurer. Gastropub-fap fixie, Portland 8-bitars ullamco jeansshorts i flanell XOXO esse. Biodiesel n\u00e4sta niv\u00e5 fixie letterpress, glutenfri fl\u00e4skmage som man verkligen f\u00f6rs\u00f6ker ha. Paleo qui Thundercats nostrud keytar nulla. Synth church-key-annons Terry Richardson antar sommar, bitters fr\u00e5n g\u00e5rd till bord-arbete i ullamco dr\u00f6mf\u00e5ngare. Skrivmaskin fr\u00e5n Helvetica, inlagd polaroid single-origin-kaffe hashtag-smartmixtape.<br \/>\n[mks_tab_item]<br \/>\n[mks_tab_item title=\u201dTitel 3\u2033]<br \/>\nBokstavligen enim elit id, Vice tousled Intelligentsia. Fixie sint nostrud mlkshk, delectus synth Marfa et. Nihil VHS autentisk fl\u00e4sk mage sunt, sapiente i Austin kogi paleo PBR&amp;B 8-bitars. Tumblr kofta st\u00f6r paleotatuerad fond, Truffaut odio sunt dricker vin\u00e4ger. Polaroid f\u00e4rdiggjord cray kofta Shoreditch mops synth, autentisk freegan aliquip banjo fugiat. Trust fund hella McSweeneys fr\u00e5n jord till bord reprehenderit, sk\u00e4gg anim kyrkan-nyckel cillum eu lo-fi skrivmaskin pop-up. Quis innan de s\u00e5lde ut scenester banjo, mode yxa nesciunt sartorial veniam Portland magna aute Vice.<br \/>\n[mks_tab_item]<br \/>\n[\/mks_tabs]<\/p>\n<h3>Dragspel?<\/h3>\n<p>[mks_dragspel]<br \/>\n[mks_accordion_item title=\u201dTitel 1\u201d]<br \/>\nBokstavligen enim elit id, Vice tousled Intelligentsia. Fixie sint nostrud mlkshk, delectus synth Marfa et. Nihil VHS autentisk fl\u00e4sk mage sunt, sapiente i Austin kogi paleo PBR&amp;B 8-bitars. Tumblr kofta st\u00f6r paleotatuerad fond, Truffaut odio sunt dricker vin\u00e4ger. Polaroid f\u00e4rdiggjord cray kofta Shoreditch mops synth, autentisk freegan aliquip banjo fugiat. Trust fund hella McSweeneys fr\u00e5n jord till bord reprehenderit, sk\u00e4gg anim kyrkan-nyckel cillum eu lo-fi skrivmaskin pop-up. Quis innan de s\u00e5lde ut scenester banjo, mode yxa nesciunt sartorial veniam Portland magna aute Vice.<br \/>\n[\/mks_accordion_item]<br \/>\n[mks_accordion_item title=\u201dTitel 2\u201d]<br \/>\nNarval-tatuerad kofta, quinoa-meggings i synth-pariatur och etniska selfies fr\u00e5n High Life. I master cleanse banjo-stil f\u00e5r du inte Thundercats-figurer. Gastropub-fap fixie, Portland 8-bitars ullamco jeansshorts i flanell XOXO esse. Biodiesel n\u00e4sta niv\u00e5 fixie letterpress, glutenfri fl\u00e4skmage som man verkligen f\u00f6rs\u00f6ker ha. Paleo qui Thundercats nostrud keytar nulla. Synth church-key-annons Terry Richardson antar sommar, bitters fr\u00e5n g\u00e5rd till bord-arbete i ullamco dr\u00f6mf\u00e5ngare. Skrivmaskin fr\u00e5n Helvetica, inlagd polaroid single-origin-kaffe hashtag-smartmixtape.<br \/>\n[\/mks_accordion_item]<br \/>\n[mks_accordion_item title=\u201dTitel 3\u201d]<br \/>\nChia kitsch laborum, Etsy iPhone Echo Park Thundercats kyrknyckel cornhole organisk lo-fi. Reprehenderit pop-up wolf, prova h\u00e5rt och pariatur craft beer keytar squid och v\u00e4ska Echo Park. Fyra loko mlkshk proident, kaffe med ett ursprung ullamco st\u00f6r banh mi lo-fi freegan Shoreditch ironi. Boktryck sartorial meh lomo hashtag, eiusmod aliqua in. Semiotics etniskt foder, irure dreamcatcher st\u00f6r v\u00e4gfarare slow-carb eu. IPhone tattooed labore 3 wolf moon Odd Future, dolore skateboard.<br \/>\n[\/mks_accordion_item]<br \/>\n[\/mks_dragspel]<\/p>\n<h3>V\u00e4xlar?<\/h3>\n<p>[mks_toggle title=\u201dExempeltitel\u201d state=\u201d\u00f6ppen\u201d]Chia kitsch laborum, Etsy iPhone Echo Park Thundercats kyrknyckel cornhole organisk lo-fi. Reprehenderit pop-up wolf, prova h\u00e5rt och pariatur craft beer keytar squid och v\u00e4ska Echo Park. Fyra loko mlkshk proident, kaffe med ett ursprung ullamco st\u00f6r banh mi lo-fi freegan Shoreditch ironi. Boktryck sartorial meh lomo hashtag, eiusmod aliqua in.[\/mks_toggle]<\/p>\n<p>[mks_toggle title=\u201dExempeltitel\u201d state=\u201dst\u00e4ng\u201d]Chia kitsch laborum, Etsy iPhone Echo Park Thundercats kyrknyckel cornhole organisk lo-fi. Reprehenderit pop-up wolf, prova h\u00e5rt och pariatur craft beer keytar squid och v\u00e4ska Echo Park. Fyra loko mlkshk proident, kaffe med ett ursprung ullamco st\u00f6r banh mi lo-fi freegan Shoreditch ironi. Boktryck sartorial meh lomo hashtag, eiusmod aliqua in.[\/mks_toggle]\t\t<\/p>","protected":false},"excerpt":{"rendered":"<p>Theme comes with full support for our Meks Flexible Shortcodes WordPress plugin. Check some examples of what can you create inside page\/post content with our shortcodes. You can add some columns&#8230; [mks_col] [mks_one_half]Excepteur adipisicing try-hard kale chips et. Meh wolf anim delectus skateboard. Forage scenester mustache skateboard DIY, sapiente laborum whatever. Ethical consectetur non +1 [&hellip;]<\/p>","protected":false},"author":1,"featured_media":0,"parent":0,"menu_order":0,"comment_status":"closed","ping_status":"closed","template":"","meta":{"footnotes":""},"class_list":["post-337","page","type-page","status-publish","hentry"],"_links":{"self":[{"href":"https:\/\/idloaded.com\/sv\/wp-json\/wp\/v2\/pages\/337","targetHints":{"allow":["GET"]}}],"collection":[{"href":"https:\/\/idloaded.com\/sv\/wp-json\/wp\/v2\/pages"}],"about":[{"href":"https:\/\/idloaded.com\/sv\/wp-json\/wp\/v2\/types\/page"}],"author":[{"embeddable":true,"href":"https:\/\/idloaded.com\/sv\/wp-json\/wp\/v2\/users\/1"}],"replies":[{"embeddable":true,"href":"https:\/\/idloaded.com\/sv\/wp-json\/wp\/v2\/comments?post=337"}],"version-history":[{"count":0,"href":"https:\/\/idloaded.com\/sv\/wp-json\/wp\/v2\/pages\/337\/revisions"}],"wp:attachment":[{"href":"https:\/\/idloaded.com\/sv\/wp-json\/wp\/v2\/media?parent=337"}],"curies":[{"name":"wp","href":"https:\/\/api.w.org\/{rel}","templated":true}]}}