{"id":328,"date":"2014-11-25T13:48:50","date_gmt":"2014-11-25T13:48:50","guid":{"rendered":"https:\/\/demo.mekshq.com\/voice\/?page_id=328"},"modified":"2014-11-25T13:48:50","modified_gmt":"2014-11-25T13:48:50","slug":"typografi","status":"publish","type":"page","link":"https:\/\/idloaded.com\/sv\/typografi\/","title":{"rendered":"Typografi"},"content":{"rendered":"<p>[mks_dropcap style=\u201dsquare\u201d size=\u201d50\u2033 bg_color=\u201d#cf4d35\u2033 txt_color=\u201d#ffffff\u201d]A[\/mks_dropcap]orem ipsum Id tempor laborum in consequat ut in eu id eu incidelitunt sin quidis i consequat tempor laborum till f\u00f6ljd Excepteur <a href=\"https:\/\/mekshq.com\" target=\"_blank\" rel=\"noopener noreferrer\">\u00e5teruppr\u00e4tta<\/a> culpa deserunt cillum aute dolor dolor dolor qui. Id tempor laborum in consequat Ut in eu id eu. Shoreditch gastropub vad som helst. Reprehenderit quer polaroid aben digeth manu.<\/p>\n\n\n\n<h1 class=\"wp-block-heading\">Detta \u00e4r ett exempel p\u00e5 en H1-titel<\/h1>\n\n\n\n<p>Narwhal budv\u00e4ska normcore, fingerstache quinoa food truck fyra loko cykelr\u00e4ttigheter letterpress s\u00e4tta en f\u00e5gel p\u00e5 det tofu banjo cray semiotik iPhone. Mlkshk twee Neutral Bushwick. Williamsburg krucifix keytar magv\u00e4ska, American Apparel flexitarian VHS. Chillwave Godard cray hoodie Neutra. Vinyl popup food truck wayfarers semiotik gatukonst.<\/p>\n\n\n\n<h2 class=\"wp-block-heading\">Detta \u00e4r titeln p\u00e5 H2-exemplet.<\/h2>\n\n\n\n<p>Blogg Brooklyn keytar du har f\u00f6rmodligen inte h\u00f6rt talas om dem mixtape, swag direct trade hashtag organisk church-key krucifix stumptown klich\u00e9 try-hard etnisk. Flexitarisk narwhal PBR&amp;B +1 locavore. Kl\u00e4dstilar dr\u00f6mf\u00e5ngare jeansshorts, Neutra street art fl\u00e4skmage mustasch bespoke.<\/p>\n\n\n\n<h3 class=\"wp-block-heading\">Detta \u00e4r ett exempel p\u00e5 en h3-titel<\/h3>\n\n\n\n<p>Narwhal budv\u00e4ska normcore, fingerstache quinoa food truck fyra loko cykelr\u00e4ttigheter letterpress s\u00e4tta en f\u00e5gel p\u00e5 det tofu banjo cray semiotik iPhone. Mlkshk twee Neutral Bushwick. Williamsburg krucifix keytar magv\u00e4ska, American Apparel flexitarian VHS. Chillwave Godard cray hoodie Neutra. Vinyl popup food truck wayfarers semiotik gatukonst.<\/p>\n\n\n\n<h4 class=\"wp-block-heading\">Detta \u00e4r ett exempel p\u00e5 en h4-titel<\/h4>\n\n\n\n<p>Blogg Brooklyn keytar du har f\u00f6rmodligen inte h\u00f6rt talas om dem mixtape, swag direct trade hashtag organisk church-key krucifix stumptown klich\u00e9 try-hard etnisk. Flexitarisk narwhal PBR&amp;B +1 locavore. Kl\u00e4dstilar dr\u00f6mf\u00e5ngare jeansshorts, Neutra street art fl\u00e4skmage mustasch bespoke.<\/p>\n\n\n\n<h5 class=\"wp-block-heading\">Detta \u00e4r en exempeltitel p\u00e5 en h5<\/h5>\n\n\n\n<p>Blogg Brooklyn keytar du har f\u00f6rmodligen inte h\u00f6rt talas om dem mixtape, swag direct trade hashtag organisk church-key krucifix stumptown klich\u00e9 try-hard etnisk. Flexitarisk narwhal PBR&amp;B +1 locavore. Kl\u00e4dstilar dr\u00f6mf\u00e5ngare jeansshorts, Neutra street art fl\u00e4skmage mustasch bespoke.<\/p>\n\n\n\n<h6 class=\"wp-block-heading\">Detta \u00e4r en exempeltitel p\u00e5 h6<\/h6>\n\n\n\n<p>Lorem ipsum Id tempor laborum in consequat Ut in eu id eu incididunt ut sed elit quis veniam sint id sit Duis sunt Excepteur consectetur reprehenderit culpa deserunt cillum aute dolor dolor dolor qui.<\/p>\n\n\n\n<div class=\"wp-block-image\"><figure class=\"alignleft\"><a href=\"https:\/\/demo.mekshq.com\/voice\/wp-content\/uploads\/2014\/11\/voice_16.jpg\"><img decoding=\"async\" src=\"https:\/\/demo.mekshq.com\/voice\/wp-content\/uploads\/2014\/11\/voice_16-300x300.jpg\" alt=\"Modefanatiker\" class=\"wp-image-83\"\/><\/a><figcaption>Modefanatiker<\/figcaption><\/figure><\/div>\n\n\n\n<p>H\u00e4ll \u00f6ver och fr\u00e4sa, commodo Marfa dr\u00f6mf\u00e5ngare aliquip. Trustfond innan de s\u00e5lde slut mumblecore YOLO. Placeat trustfond culpa, keffiyeh twee labore vero. McSweeneys chia polaroid varg. Laborum magv\u00e4ska Vice Pitchfork Tumblr, Pinterest Blue Bottle exercise High Life 8-bit mlkshk brunch fashion ax Helvetica. Polaroid icke-konsectetur, incident leggings scenester <a href=\"#\">H\u00f6gaffel dricker vin\u00e4ger <\/a>Icke-etisk viral. Banjo dreamcatcher swag Etsy. Sapient hoodie Wayfarers mumblecore yr adipisicing placeat single-origin coffee. Banksy yr food truck Neutra eiusmod forage, faktiskt pork belly hoodie mlkshk keytar synth laboris Intelligentsia. F\u00f6rest\u00e4ll dig polaroid XOXO blame, Shoreditch gastropub vad som helst. F\u00f6rest\u00e4ll dig polaroid XOXO blame, Shoreditch gastropub vad som helst.<\/p>\n\n\n\n<div class=\"wp-block-image\"><figure class=\"alignright\"><a href=\"https:\/\/demo.mekshq.com\/voice\/wp-content\/uploads\/2014\/11\/voice_61.jpg\"><img decoding=\"async\" src=\"https:\/\/demo.mekshq.com\/voice\/wp-content\/uploads\/2014\/11\/voice_61-300x200.jpg\" alt=\"Fotografi-ninja\" class=\"wp-image-86\"\/><\/a><figcaption>Fotografi-ninja<\/figcaption><\/figure><\/div>\n\n\n\n<p>Kaffe med ett enda ursprung <a href=\"#\">ullamco pariatur<\/a>, id accusamus inte popup. Fugiat pork belly Terry Richardson 3 wolf moon, commodo placeat Intelligentsia irure hoodie Etsy do Neutra aliqua cray. Pariatur leggings Banksy anim pour-over dolor, labore cornhole Pinterest delectus cray voluptate. Banjo vinyl Austin, Truffaut scenester antar PBR&amp;B pork belly eiusmod narwhal Vice selvage meh consequat. Gastropub proident st\u00f6ra r\u00e5 denim consectetur, bitter Echo Park Tonx chia. Pitchfork accusamus kogi Tonx. Elit etniska Thundercats fap, aliquip Marfa direkthandel och American Apparel quinoa stumptown.<\/p>\n\n\n<p>[mks_separator style=\u201dsolid\u201d height=\u201d1\u2033]<\/p>\n\n\n\n<h4 class=\"wp-block-heading\">Blockcitat<\/h4>\n\n\n\n<p>Sapient hoodie wayfarers mumblecore yr adipisicing placeat single-origin coffee. Banksy yr food truck Neutra eiusmod forage, faktiskt pork belly hoodie mlkshk keytar synth laboris Intelligentsia. Representerar polaroid XOXO blame, Shoreditch gastropub vad som helst.<\/p>\n\n\n\n<blockquote class=\"wp-block-quote is-layout-flow wp-block-quote-is-layout-flow\"><p>Din tid \u00e4r begr\u00e4nsad, s\u00e5 sl\u00f6sa den inte p\u00e5 att leva n\u00e5gon annans liv. L\u00e5t dig inte f\u00e5ngas av dogmer \u2013 vilket \u00e4r att leva med resultaten av andra m\u00e4nniskors t\u00e4nkande. L\u00e5t inte bruset av andras \u00e5sikter dr\u00e4nka din egen inre r\u00f6st. Och viktigast av allt, ha modet att f\u00f6lja ditt hj\u00e4rta och din intuition.<\/p><\/blockquote>\n\n\n\n<p>Sapient hoodie wayfarers mumblecore yr adipisicing placeat single-origin coffee. Banksy yr food truck Neutra eiusmod forage, faktiskt pork belly hoodie mlkshk keytar synth laboris Intelligentsia. Representerar polaroid XOXO blame, Shoreditch gastropub vad som helst.<\/p>\n\n\n\n<h4 class=\"wp-block-heading\">H\u00f6jdpunkter<\/h4>\n\n\n\n<p>Lorem ipsum Id tempor laborum in <\/p>\n\n\n<p>[mks_highlight color=\u201d#cf4d35\u2033]<span style=\"color: #ffffff;\">veniam sint id<\/span>[\/mks_highlight]<\/p>\n\n\n\n<p> consequat Ut in eu id eu incididunt ut sed elit quis sit Duis sunt Excepteur consectetur reprehenderit culpa deserunt cillum aute dolor dolor dolor qui.<\/p>\n\n\n<p>[mks_col]<br \/>\n[mks_one_half]<\/p>\n<h4 style=\"text-align: left;\">Osorterad lista<\/h4>\n<ul>\n<li>Sapiente hoodie wayfarers<\/li>\n<li>Pariatur leggings Banksy<\/li>\n<li>Pitchfork-anklagelsen<\/li>\n<li>Helvetica-destilleriet Dolor<\/li>\n<\/ul>\n<p>[\/mks_one_half]<\/p>\n<p>[mks_one_half]<\/p>\n<h4>Ordnad lista<\/h4>\n<ol>\n<li>Echo Park-\u00f6vning<\/li>\n<li>Pinterest delectus cray voluptate<\/li>\n<li>Aliqua cred Terry Richardson<\/li>\n<li>Pitchfork-anklagelsen<\/li>\n<\/ol>\n<p>[\/mks_one_half]<\/p>\n<p>[\/mks_col]<\/p>\n\n\n\n<h4 class=\"wp-block-heading\">Kodexempel<\/h4>\n\n\n\n<pre class=\"wp-block-preformatted\">.super_class:before{ bakgrund:url(&#039;bilder\/awesome.jpg&#039;) ingen upprepning center center; float:left; display:block; inneh\u00e5ll: &quot;Fantastiskt&quot;; }<\/pre>\n\n\n\n<h4 class=\"wp-block-heading\">Tabellexempel<\/h4>\n\n\n\n<table class=\"wp-block-table\"><thead><tr><td>Namn<\/td><td>Smeknamn<\/td><td>Antal<\/td><\/tr><\/thead><tbody><tr><td>Jill<\/td><td>Joker<\/td><td>50<\/td><\/tr><tr><td>Eva<\/td><td>Batman<\/td><td>94<\/td><\/tr><tr><td>Johannes<\/td><td>Robin<\/td><td>80<\/td><\/tr><\/tbody><\/table>","protected":false},"excerpt":{"rendered":"<p>[mks_dropcap style=&#8221;square&#8221; size=&#8221;50&#8243; bg_color=&#8221;#cf4d35&#8243; txt_color=&#8221;#ffffff&#8221;]A[\/mks_dropcap]orem ipsum Id tempor laborum in consequat ut in eu id eu incididunt ut sed elit quis veniam sint id sit Duis sunt laborum in consequat&nbsp;tempor laborum in consequat&nbsp;Excepteur consectetur reprehenderit culpa deserunt cillum aute dolor dolor dolor qui. Id tempor laborum in consequat Ut in eu id eu.&nbsp;Shoreditch gastropub whatever.&nbsp;Reprehenderit [&hellip;]<\/p>","protected":false},"author":1,"featured_media":0,"parent":0,"menu_order":0,"comment_status":"closed","ping_status":"closed","template":"","meta":{"footnotes":""},"class_list":["post-328","page","type-page","status-publish","hentry"],"_links":{"self":[{"href":"https:\/\/idloaded.com\/sv\/wp-json\/wp\/v2\/pages\/328","targetHints":{"allow":["GET"]}}],"collection":[{"href":"https:\/\/idloaded.com\/sv\/wp-json\/wp\/v2\/pages"}],"about":[{"href":"https:\/\/idloaded.com\/sv\/wp-json\/wp\/v2\/types\/page"}],"author":[{"embeddable":true,"href":"https:\/\/idloaded.com\/sv\/wp-json\/wp\/v2\/users\/1"}],"replies":[{"embeddable":true,"href":"https:\/\/idloaded.com\/sv\/wp-json\/wp\/v2\/comments?post=328"}],"version-history":[{"count":0,"href":"https:\/\/idloaded.com\/sv\/wp-json\/wp\/v2\/pages\/328\/revisions"}],"wp:attachment":[{"href":"https:\/\/idloaded.com\/sv\/wp-json\/wp\/v2\/media?parent=328"}],"curies":[{"name":"wp","href":"https:\/\/api.w.org\/{rel}","templated":true}]}}