{"id":76,"date":"2023-12-01T00:53:30","date_gmt":"2023-12-01T03:53:30","guid":{"rendered":"http:\/\/idloaded.com\/?page_id=76"},"modified":"2024-07-04T19:23:39","modified_gmt":"2024-07-04T22:23:39","slug":"odmietnutie-zodpovednosti","status":"publish","type":"page","link":"https:\/\/idloaded.com\/sk\/odmietnutie-zodpovednosti\/","title":{"rendered":"Vyl\u00fa\u010denie zodpovednosti"},"content":{"rendered":"<h2>Vyl\u00fa\u010denie zodpovednosti<\/h2>\n<p>Inform\u00e1cie dostupn\u00e9 na webovej str\u00e1nke IdLoaded sl\u00fa\u017eia na v\u0161eobecn\u00e9 informa\u010dn\u00e9 \u00fa\u010dely. Aj ke\u010f sa sna\u017e\u00edme poskytova\u0165 presn\u00e9 a aktu\u00e1lne inform\u00e1cie, nezaru\u010dujeme \u00faplnos\u0165, spo\u013eahlivos\u0165 alebo presnos\u0165 obsahu prezentovan\u00e9ho na tejto webovej str\u00e1nke.<\/p>\n<h3>Odborn\u00e9 poradenstvo<\/h3>\n<p>Obsah na IdLoaded nenahr\u00e1dza odborn\u00e9 poradenstvo, diagnostiku alebo lie\u010dbu. Odpor\u00fa\u010dame v\u017edy konzultova\u0165 s kvalifikovan\u00fdm odborn\u00edkom ak\u00e9ko\u013evek ot\u00e1zky alebo obavy t\u00fdkaj\u00face sa zdravia, bezpe\u010dnosti alebo ak\u00e9hoko\u013evek probl\u00e9mu s\u00favisiaceho s technol\u00f3giou a inov\u00e1ciami.<\/p>\n<h3>Predpokladan\u00e9 riziko<\/h3>\n<p>\u010cinnosti s\u00favisiace s technol\u00f3giou a inov\u00e1ciami s\u00fa spojen\u00e9 s rizikami. Nezodpoved\u00e1me za \u017eiadne zranenia, straty alebo \u0161kody, ktor\u00e9 m\u00f4\u017eu nasta\u0165 v d\u00f4sledku inform\u00e1ci\u00ed uveden\u00fdch na tejto str\u00e1nke alebo pou\u017e\u00edvania produktov a technol\u00f3gi\u00ed, o ktor\u00fdch sa diskutuje.<\/p>\n<h3>Extern\u00e9 odkazy<\/h3>\n<p>IdLoaded m\u00f4\u017ee obsahova\u0165 odkazy na extern\u00e9 webov\u00e9 str\u00e1nky alebo zdroje. Neschva\u013eujeme ani nezaru\u010dujeme presnos\u0165 inform\u00e1ci\u00ed poskytovan\u00fdch na t\u00fdchto extern\u00fdch str\u00e1nkach. Odpor\u00fa\u010dame v\u00e1m, aby ste boli opatrn\u00ed a pre\u010d\u00edtali si podmienky a z\u00e1sady ochrany osobn\u00fdch \u00fadajov v\u0161etk\u00fdch webov\u00fdch str\u00e1nok tret\u00edch str\u00e1n, ktor\u00e9 nav\u0161t\u00edvite.<\/p>\n<h3>Autorsk\u00e9 pr\u00e1va a pou\u017e\u00edvanie<\/h3>\n<p>V\u0161etok obsah na tejto webovej str\u00e1nke vr\u00e1tane textu, obr\u00e1zkov, grafiky a in\u00fdch materi\u00e1lov je chr\u00e1nen\u00fd autorsk\u00fdm pr\u00e1vom. Reprodukcia, distrib\u00facia alebo pou\u017e\u00edvanie ak\u00e9hoko\u013evek obsahu IdLoaded bez n\u00e1\u0161ho v\u00fdslovn\u00e9ho p\u00edsomn\u00e9ho povolenia je zak\u00e1zan\u00e9.<\/p>\n<h3>Zmeny obsahu<\/h3>\n<p>Vyhradzujeme si pr\u00e1vo upravi\u0165, aktualizova\u0165 alebo odstr\u00e1ni\u0165 ak\u00fdko\u013evek obsah na tejto webovej lokalite pod\u013ea vlastn\u00e9ho uv\u00e1\u017eenia.<\/p>\n<h3>S\u00fahlas<\/h3>\n<p>Pou\u017e\u00edvan\u00edm webovej str\u00e1nky IdLoaded s\u00fahlas\u00edte s t\u00fdmto upozornen\u00edm a s\u00fahlas\u00edte s jeho podmienkami.<\/p>\n<h3>Ot\u00e1zky<\/h3>\n<p>Ak m\u00e1te ak\u00e9ko\u013evek ot\u00e1zky alebo obavy t\u00fdkaj\u00face sa tohto ozn\u00e1menia, kontaktujte n\u00e1s na adrese <a rel=\"noreferrer\">contact@iloaded.com<\/a>.<\/p>\n<p>Pou\u017e\u00edvan\u00edm tejto webovej str\u00e1nky potvrdzujete, \u017ee ste si pre\u010d\u00edtali toto ozn\u00e1menie a \u017ee mu rozumiete. Cen\u00edme si va\u0161e pochopenie a odhodlanie zabezpe\u010di\u0165 bezpe\u010dn\u00fd a informat\u00edvny z\u00e1\u017eitok o technol\u00f3gi\u00e1ch a inov\u00e1ci\u00e1ch.<\/p>","protected":false},"excerpt":{"rendered":"<p>Vyhl\u00e1senie: Inform\u00e1cie dostupn\u00e9 na webovej str\u00e1nke IdLoaded sl\u00fa\u017eia len na v\u0161eobecn\u00e9 informa\u010dn\u00e9 \u00fa\u010dely. Hoci sa sna\u017e\u00edme poskytova\u0165 presn\u00e9 a aktu\u00e1lne inform\u00e1cie, nezaru\u010dujeme \u00faplnos\u0165, spo\u013eahlivos\u0165 ani presnos\u0165 obsahu prezentovan\u00e9ho na tejto webovej str\u00e1nke. Odborn\u00e9 poradenstvo: Obsah na IdLoaded nenahr\u00e1dza odborn\u00e9 poradenstvo, diagn\u00f3zu ani lie\u010dbu. V\u017edy odpor\u00fa\u010dame konzult\u00e1ciu s [\u2026]<\/p>","protected":false},"author":1,"featured_media":0,"parent":0,"menu_order":0,"comment_status":"closed","ping_status":"closed","template":"","meta":{"footnotes":""},"class_list":["post-76","page","type-page","status-publish","hentry"],"_links":{"self":[{"href":"https:\/\/idloaded.com\/sk\/wp-json\/wp\/v2\/pages\/76","targetHints":{"allow":["GET"]}}],"collection":[{"href":"https:\/\/idloaded.com\/sk\/wp-json\/wp\/v2\/pages"}],"about":[{"href":"https:\/\/idloaded.com\/sk\/wp-json\/wp\/v2\/types\/page"}],"author":[{"embeddable":true,"href":"https:\/\/idloaded.com\/sk\/wp-json\/wp\/v2\/users\/1"}],"replies":[{"embeddable":true,"href":"https:\/\/idloaded.com\/sk\/wp-json\/wp\/v2\/comments?post=76"}],"version-history":[{"count":6,"href":"https:\/\/idloaded.com\/sk\/wp-json\/wp\/v2\/pages\/76\/revisions"}],"predecessor-version":[{"id":507,"href":"https:\/\/idloaded.com\/sk\/wp-json\/wp\/v2\/pages\/76\/revisions\/507"}],"wp:attachment":[{"href":"https:\/\/idloaded.com\/sk\/wp-json\/wp\/v2\/media?parent=76"}],"curies":[{"name":"wp","href":"https:\/\/api.w.org\/{rel}","templated":true}]}}