{"id":73,"date":"2023-12-01T00:53:30","date_gmt":"2023-12-01T03:53:30","guid":{"rendered":"http:\/\/idloaded.com\/?page_id=73"},"modified":"2024-07-04T19:18:00","modified_gmt":"2024-07-04T22:18:00","slug":"zasady-ochrany-osobnych-udajov","status":"publish","type":"page","link":"https:\/\/idloaded.com\/sk\/zasady-ochrany-osobnych-udajov\/","title":{"rendered":"Z\u00e1sady ochrany osobn\u00fdch \u00fadajov"},"content":{"rendered":"<h2>Pravidl\u00e1 ochrany osobn\u00fdch \u00fadajov pre IdLoaded<\/h2>\n<p>V IdLoaded, ktor\u00fd n\u00e1jdete na <a href=\"http:\/\/idloaded.com\/sk\/\" target=\"_new\" rel=\"noreferrer noopener\">http:\/\/idloaded.com\/<\/a>, uprednost\u0148ujeme s\u00fakromie na\u0161ich n\u00e1v\u0161tevn\u00edkov. Tento dokument popisuje typy inform\u00e1ci\u00ed, ktor\u00e9 zhroma\u017e\u010fujeme a zaznamen\u00e1vame na IdLoaded a ako ich pou\u017e\u00edvame.<\/p>\n<p>Ak m\u00e1te \u010fal\u0161ie ot\u00e1zky alebo po\u017eadujete viac podrobnost\u00ed o na\u0161ich pravidl\u00e1ch ochrany osobn\u00fdch \u00fadajov, nev\u00e1hajte n\u00e1s kontaktova\u0165.<\/p>\n<p>Tieto Pravidl\u00e1 ochrany osobn\u00fdch \u00fadajov sa vz\u0165ahuj\u00fa v\u00fdlu\u010dne na na\u0161e online aktivity a s\u00fa relevantn\u00e9 pre n\u00e1v\u0161tevn\u00edkov na\u0161ej webovej str\u00e1nky vo vz\u0165ahu k inform\u00e1ci\u00e1m, ktor\u00e9 zdie\u013eaj\u00fa a\/alebo zhroma\u017e\u010fuj\u00fa v IdLoaded. Tieto pokyny sa nevz\u0165ahuj\u00fa na \u017eiadne inform\u00e1cie zhroma\u017eden\u00e9 offline alebo prostredn\u00edctvom in\u00fdch kan\u00e1lov, ako je t\u00e1to webov\u00e1 lokalita.<\/p>\n<h3>Dohoda<\/h3>\n<p>Vstupom na na\u0161u webov\u00fa str\u00e1nku s\u00fahlas\u00edte s na\u0161imi Pravidlami ochrany osobn\u00fdch \u00fadajov a s\u00fahlas\u00edte s ich podmienkami.<\/p>\n<h3>\u00dadaje, ktor\u00e9 zhroma\u017e\u010fujeme<\/h3>\n<p>Jasne vysvetl\u00edme, pre\u010do potrebujeme osobn\u00e9 \u00fadaje, ktor\u00e9 po\u017eadujeme, v \u010dase, ke\u010f o ne po\u017eiadame.<\/p>\n<p>Ak n\u00e1s kontaktujete priamo, m\u00f4\u017eeme o v\u00e1s dosta\u0165 \u010fal\u0161ie inform\u00e1cie, ako je va\u0161e meno, e-mailov\u00e1 adresa, telef\u00f3nne \u010d\u00edslo, obsah ak\u00fdchko\u013evek spr\u00e1v a\/alebo pr\u00edloh, ktor\u00e9 n\u00e1m po\u0161lete, a ak\u00e9ko\u013evek \u010fal\u0161ie inform\u00e1cie, ktor\u00e9 sa rozhodnete poskytn\u00fa\u0165.<\/p>\n<p>Ke\u010f si vytvor\u00edte \u00fa\u010det, m\u00f4\u017eeme v\u00e1s po\u017eiada\u0165 o kontaktn\u00e9 inform\u00e1cie vr\u00e1tane polo\u017eiek, ako je meno, n\u00e1zov spolo\u010dnosti, adresa, e-mailov\u00e1 adresa a telef\u00f3nne \u010d\u00edslo.<\/p>\n<h3>Ako pou\u017e\u00edvame va\u0161e \u00fadaje<\/h3>\n<p>\u00dadaje, ktor\u00e9 zhroma\u017e\u010fujeme, pou\u017e\u00edvame r\u00f4znymi sp\u00f4sobmi, vr\u00e1tane:<\/p>\n<ul>\n<li>Poskytova\u0165, prev\u00e1dzkova\u0165 a udr\u017eiava\u0165 na\u0161u webov\u00fa str\u00e1nku<\/li>\n<li>Vylep\u0161ite, personalizujte a roz\u0161\u00edrte na\u0161u webov\u00fa str\u00e1nku<\/li>\n<li>Pochopte a analyzujte, ako pou\u017e\u00edvate na\u0161u webov\u00fa str\u00e1nku<\/li>\n<li>Vytv\u00e1rajte nov\u00e9 produkty, slu\u017eby, funkcie a funkcie<\/li>\n<li>Komunikova\u0165 s vami, priamo alebo prostredn\u00edctvom jedn\u00e9ho z na\u0161ich partnerov, za \u00fa\u010delom z\u00e1kazn\u00edckeho servisu, poskytovania aktualiz\u00e1ci\u00ed a in\u00fdch inform\u00e1ci\u00ed t\u00fdkaj\u00facich sa str\u00e1nky a na marketingov\u00e9 a propaga\u010dn\u00e9 \u00fa\u010dely<\/li>\n<li>Posielajte e-maily<\/li>\n<li>Odha\u013eova\u0165 podvody a predch\u00e1dza\u0165 im<\/li>\n<\/ul>\n<h3>S\u00fabory datab\u00e1zy Registry<\/h3>\n<p>IdLoaded sa riadi \u0161tandardn\u00fdm postupom pou\u017e\u00edvania protokolov\u00fdch s\u00faborov. Tieto s\u00fabory zaznamen\u00e1vaj\u00fa n\u00e1v\u0161tevn\u00edkov, ke\u010f nav\u0161t\u00edvia webov\u00e9 str\u00e1nky. V\u0161etky hostingov\u00e9 spolo\u010dnosti to robia ako s\u00fa\u010das\u0165 svojich analytick\u00fdch slu\u017eieb hostingu. Inform\u00e1cie zhroma\u017eden\u00e9 protokolov\u00fdmi s\u00fabormi zah\u0155\u0148aj\u00fa adresy internetov\u00e9ho protokolu (IP), typ prehliada\u010da, poskytovate\u013ea internetov\u00fdch slu\u017eieb (ISP), d\u00e1tum a \u010dasov\u00fa pe\u010diatku, odkazuj\u00face\/v\u00fdstupn\u00e9 str\u00e1nky a mo\u017eno aj po\u010det kliknut\u00ed. Tieto inform\u00e1cie nie s\u00fa prepojen\u00e9 so \u017eiadnymi inform\u00e1ciami, ktor\u00e9 s\u00fa osobne identifikovate\u013en\u00e9. \u00da\u010delom inform\u00e1ci\u00ed je analyzova\u0165 trendy, spravova\u0165 str\u00e1nku, sledova\u0165 pohyb pou\u017e\u00edvate\u013eov na webovej str\u00e1nke a zhroma\u017e\u010fova\u0165 demografick\u00e9 inform\u00e1cie.<\/p>\n<h3>S\u00fabory cookie a webov\u00e9 sign\u00e1ly<\/h3>\n<p>Ako ka\u017ed\u00e1 in\u00e1 webov\u00e1 str\u00e1nka, aj IdLoaded pou\u017e\u00edva \u201ecookies\u201c. Tieto s\u00fabory cookie sa pou\u017e\u00edvaj\u00fa na ukladanie inform\u00e1ci\u00ed vr\u00e1tane preferenci\u00ed n\u00e1v\u0161tevn\u00edkov a str\u00e1nok na webovej lokalite, ktor\u00e9 n\u00e1v\u0161tevn\u00edk nav\u0161t\u00edvil alebo ich nav\u0161t\u00edvil. Inform\u00e1cie sa pou\u017e\u00edvaj\u00fa na optimaliz\u00e1ciu sk\u00fasenost\u00ed pou\u017e\u00edvate\u013eov prisp\u00f4soben\u00edm obsahu na\u0161ej webovej str\u00e1nky na z\u00e1klade typu prehliada\u010da n\u00e1v\u0161tevn\u00edkov a\/alebo in\u00fdch inform\u00e1ci\u00ed.<\/p>\n<h3>Google DoubleClick DART cookie<\/h3>\n<p>Google je jedn\u00fdm z predajcov tret\u00edch str\u00e1n na na\u0161ej str\u00e1nke. Pou\u017e\u00edva tie\u017e s\u00fabory cookie, zn\u00e1me ako s\u00fabory cookie DART, na zobrazovanie rekl\u00e1m n\u00e1v\u0161tevn\u00edkom na\u0161ej webovej str\u00e1nky na z\u00e1klade ich n\u00e1v\u0161tevy <a href=\"http:\/\/www.website.com\" target=\"_new\" rel=\"noreferrer noopener\">www.website.com<\/a> a in\u00e9 str\u00e1nky na internete. N\u00e1v\u0161tevn\u00edci sa v\u0161ak m\u00f4\u017eu rozhodn\u00fa\u0165 odmietnu\u0165 pou\u017e\u00edvanie s\u00faborov cookie DART tak, \u017ee nav\u0161t\u00edvia pravidl\u00e1 ochrany osobn\u00fdch \u00fadajov reklamnej a obsahovej siete Google na nasleduj\u00facej adrese URL \u2013 <a href=\"https:\/\/policies.google.com\/technologies\/ads\" target=\"_new\" rel=\"noreferrer noopener\">https:\/\/policies.google.com\/technologies\/ads<\/a>.<\/p>\n<h3>Pravidl\u00e1 ochrany osobn\u00fdch \u00fadajov pre reklamn\u00fdch partnerov IdLoaded<\/h3>\n<p>V tomto zozname n\u00e1jdete pokyny na ochranu osobn\u00fdch \u00fadajov pre ka\u017ed\u00e9ho z reklamn\u00fdch partnerov IdLoaded.<\/p>\n<p>Reklamn\u00e9 servery alebo reklamn\u00e9 siete tret\u00edch str\u00e1n pou\u017e\u00edvaj\u00fa technol\u00f3gie ako cookies, JavaScript alebo Web Beacons vo svojich reklam\u00e1ch a odkazoch, ktor\u00e9 sa zobrazuj\u00fa na IdLoaded a ktor\u00e9 sa odosielaj\u00fa priamo do prehliada\u010da pou\u017e\u00edvate\u013eov. Ke\u010f k tomu d\u00f4jde, automaticky dostan\u00fa va\u0161u IP adresu. Tieto technol\u00f3gie sa pou\u017e\u00edvaj\u00fa na meranie \u00fa\u010dinnosti ich reklamn\u00fdch kampan\u00ed a\/alebo na prisp\u00f4sobenie reklamn\u00e9ho obsahu, ktor\u00fd vid\u00edte na webov\u00fdch str\u00e1nkach, ktor\u00e9 nav\u0161tevujete.<\/p>\n<p>Upozor\u0148ujeme, \u017ee IdLoaded nem\u00e1 \u017eiadny pr\u00edstup ani kontrolu nad t\u00fdmito s\u00fabormi cookie, ktor\u00e9 pou\u017e\u00edvaj\u00fa inzerenti tret\u00edch str\u00e1n.<\/p>\n<h3>Pravidl\u00e1 ochrany osobn\u00fdch \u00fadajov tret\u00edch str\u00e1n<\/h3>\n<p>Z\u00e1sady ochrany osobn\u00fdch \u00fadajov IdLoaded sa nevz\u0165ahuj\u00fa na in\u00fdch inzerentov alebo webov\u00e9 str\u00e1nky. Preto v\u00e1m odpor\u00fa\u010dame, aby ste si podrobnej\u0161ie inform\u00e1cie pre\u010d\u00edtali v pr\u00edslu\u0161n\u00fdch Z\u00e1sad\u00e1ch ochrany osobn\u00fdch \u00fadajov t\u00fdchto reklamn\u00fdch serverov tret\u00edch str\u00e1n. M\u00f4\u017ee obsahova\u0165 jeho postupy a pokyny, ako sa odhl\u00e1si\u0165 z ur\u010dit\u00fdch mo\u017enost\u00ed.<\/p>\n<p>S\u00fabory cookie m\u00e1te mo\u017enos\u0165 zak\u00e1za\u0165 prostredn\u00edctvom individu\u00e1lnych mo\u017enost\u00ed prehliada\u010da. Ak chcete z\u00edska\u0165 podrobnej\u0161ie inform\u00e1cie o spr\u00e1ve s\u00faborov cookie pomocou konkr\u00e9tnych webov\u00fdch prehliada\u010dov, n\u00e1jdete ich na pr\u00edslu\u0161n\u00fdch webov\u00fdch str\u00e1nkach prehliada\u010dov.<\/p>\n<h3>Pr\u00e1va na ochranu osobn\u00fdch \u00fadajov pod\u013ea z\u00e1kona CCPA (Nepred\u00e1vajte moje osobn\u00e9 \u00fadaje)<\/h3>\n<p>Pod\u013ea z\u00e1kona CCPA maj\u00fa spotrebitelia v Kalifornii pr\u00e1vo:<\/p>\n<ul>\n<li>Po\u017eiada\u0165, aby podnik, ktor\u00fd zhroma\u017e\u010fuje osobn\u00e9 \u00fadaje spotrebite\u013ea, zverejnil kateg\u00f3rie a konkr\u00e9tne \u010dasti osobn\u00fdch \u00fadajov, ktor\u00e9 podnik o spotrebite\u013eoch zhroma\u017edil.<\/li>\n<li>Po\u017eiada\u0165, aby podnik vymazal v\u0161etky osobn\u00e9 \u00fadaje o spotrebite\u013eovi, ktor\u00e9 podnik zhroma\u017edil.<\/li>\n<li>Po\u017eiada\u0165, aby spolo\u010dnos\u0165, ktor\u00e1 pred\u00e1va osobn\u00e9 \u00fadaje spotrebite\u013ea, nepred\u00e1vala osobn\u00e9 \u00fadaje spotrebite\u013ea.<\/li>\n<\/ul>\n<p>Ak pod\u00e1te \u017eiados\u0165, m\u00e1me jeden mesiac na to, aby sme v\u00e1m odpovedali. Ak by ste chceli niektor\u00e9 z t\u00fdchto pr\u00e1v uplatni\u0165, kontaktujte n\u00e1s.<\/p>\n<h3>GDPR pr\u00e1va na ochranu \u00fadajov<\/h3>\n<p>Chceme zabezpe\u010di\u0165, aby ste si boli plne vedom\u00ed v\u0161etk\u00fdch svojich pr\u00e1v na ochranu \u00fadajov. Ka\u017ed\u00fd u\u017e\u00edvate\u013e m\u00e1 n\u00e1rok na nasledovn\u00e9:<\/p>\n<ul>\n<li>Pr\u00e1vo na pr\u00edstup \u2013 m\u00e1te pr\u00e1vo po\u017eadova\u0165 k\u00f3pie svojich osobn\u00fdch \u00fadajov. Za t\u00fato slu\u017ebu si m\u00f4\u017eeme \u00fa\u010dtova\u0165 mal\u00fd poplatok.<\/li>\n<li>Pr\u00e1vo na opravu \u2013 M\u00e1te pr\u00e1vo po\u017eadova\u0165, aby sme opravili ak\u00e9ko\u013evek inform\u00e1cie, ktor\u00e9 pova\u017eujete za nespr\u00e1vne. M\u00e1te tie\u017e pr\u00e1vo po\u017eiada\u0165 n\u00e1s o doplnenie inform\u00e1ci\u00ed, o ktor\u00fdch si mysl\u00edte, \u017ee s\u00fa ne\u00fapln\u00e9.<\/li>\n<li>Pr\u00e1vo na vymazanie \u2013 M\u00e1te pr\u00e1vo po\u017eadova\u0165, aby sme za ur\u010dit\u00fdch podmienok vymazali va\u0161e osobn\u00e9 \u00fadaje.<\/li>\n<li>Pr\u00e1vo na obmedzenie sprac\u00favania \u2013 m\u00e1te pr\u00e1vo po\u017eadova\u0165, aby sme za ur\u010dit\u00fdch podmienok obmedzili sprac\u00favanie va\u0161ich osobn\u00fdch \u00fadajov.<\/li>\n<li>Pr\u00e1vo namieta\u0165 proti spracovaniu \u2013 za ur\u010dit\u00fdch podmienok m\u00e1te pr\u00e1vo namieta\u0165 proti spracovaniu va\u0161ich osobn\u00fdch \u00fadajov.<\/li>\n<li>Pr\u00e1vo na prenosnos\u0165 \u00fadajov \u2013 M\u00e1te pr\u00e1vo po\u017eadova\u0165, aby sme za ur\u010dit\u00fdch podmienok preniesli \u00fadaje, ktor\u00e9 zhroma\u017e\u010fujeme, inej organiz\u00e1cii alebo priamo v\u00e1m.<\/li>\n<\/ul>\n<p>Ak pod\u00e1te \u017eiados\u0165, m\u00e1me jeden mesiac na to, aby sme v\u00e1m odpovedali. Ak by ste chceli niektor\u00e9 z t\u00fdchto pr\u00e1v uplatni\u0165, kontaktujte n\u00e1s.<\/p>\n<h3>Inform\u00e1cie o malolet\u00fdch<\/h3>\n<p>Jednou z na\u0161ich najv\u00e4\u010d\u0161\u00edch prior\u00edt je pridanie ochrany det\u00ed po\u010das pou\u017e\u00edvania internetu. Odpor\u00fa\u010dame rodi\u010dom a opatrovn\u00edkom, aby pozorovali, z\u00fa\u010dast\u0148ovali sa a\/alebo monitorovali a usmer\u0148ovali svoje online aktivity.<\/p>\n<p>IdLoaded vedome nezhroma\u017e\u010fuje \u017eiadne osobn\u00e9 identifika\u010dn\u00e9 \u00fadaje od det\u00ed mlad\u0161\u00edch ako 13 rokov. Ak sa domnievate, \u017ee va\u0161e die\u0165a poskytlo tento druh inform\u00e1ci\u00ed na na\u0161ej webovej str\u00e1nke, d\u00f4razne v\u00e1m odpor\u00fa\u010dame, aby ste n\u00e1s okam\u017eite kontaktovali a my urob\u00edme v\u0161etko, \u010do je v na\u0161ich sil\u00e1ch, aby sme tak\u00e9to inform\u00e1cie ur\u00fdchlene odstr\u00e1nili z na\u0161ich z\u00e1znamov.<\/p>\n<h3>Aktualiz\u00e1cie na\u0161ich pravidiel ochrany osobn\u00fdch \u00fadajov<\/h3>\n<p>Na\u0161e Pravidl\u00e1 ochrany osobn\u00fdch \u00fadajov sa m\u00f4\u017eu z \u010dasu na \u010das zmeni\u0165. Preto v\u00e1m odpor\u00fa\u010dame t\u00fato str\u00e1nku pravidelne nav\u0161tevova\u0165, aby ste boli informovan\u00ed o ak\u00fdchko\u013evek zmen\u00e1ch. O ak\u00fdchko\u013evek aktualiz\u00e1ci\u00e1ch v\u00e1s budeme informova\u0165 zverejnen\u00edm revidovan\u00fdch Pokynov na ochranu osobn\u00fdch \u00fadajov na tejto str\u00e1nke. Tieto aktualiz\u00e1cie nadobudn\u00fa \u00fa\u010dinnos\u0165 okam\u017eite po zverejnen\u00ed na tejto str\u00e1nke.<\/p>\n<p>Pri vytv\u00e1ran\u00ed na\u0161ich z\u00e1sad ochrany osobn\u00fdch \u00fadajov n\u00e1m pom\u00e1hal gener\u00e1tor z\u00e1sad ochrany osobn\u00fdch \u00fadajov.<\/p>\n<h3>Kontaktujte n\u00e1s<\/h3>\n<p>Ak m\u00e1te ak\u00e9ko\u013evek ot\u00e1zky alebo n\u00e1vrhy t\u00fdkaj\u00face sa na\u0161ich pravidiel ochrany osobn\u00fdch \u00fadajov, nev\u00e1hajte n\u00e1s kontaktova\u0165 na adrese IdLoaded. N\u00e1jdete n\u00e1s na na\u0161ej webovej str\u00e1nke na <a href=\"http:\/\/idloaded.com\/sk\/\" target=\"_new\" rel=\"noreferrer noopener\">http:\/\/idloaded.com\/<\/a>. \u010eal\u0161ie podrobnosti n\u00e1jdete aj na na\u0161ej str\u00e1nke soci\u00e1lnych m\u00e9di\u00ed na IdLoaded.<\/p>","protected":false},"excerpt":{"rendered":"<p>Diretrizes de Privacidade para IdLoaded No IdLoaded, que pode ser encontrado em http:\/\/idloaded.com\/, priorizamos a privacidade dos nossos visitantes. Este documento descreve os tipos de informa\u00e7\u00f5es que coletamos e registramos no IdLoaded e como as utilizamos. Caso tenha mais perguntas ou precise de mais detalhes sobre nossas Diretrizes de Privacidade, sinta-se \u00e0 vontade para nos [&hellip;]<\/p>","protected":false},"author":1,"featured_media":0,"parent":0,"menu_order":0,"comment_status":"closed","ping_status":"closed","template":"","meta":{"footnotes":""},"class_list":["post-73","page","type-page","status-publish","hentry"],"_links":{"self":[{"href":"https:\/\/idloaded.com\/sk\/wp-json\/wp\/v2\/pages\/73","targetHints":{"allow":["GET"]}}],"collection":[{"href":"https:\/\/idloaded.com\/sk\/wp-json\/wp\/v2\/pages"}],"about":[{"href":"https:\/\/idloaded.com\/sk\/wp-json\/wp\/v2\/types\/page"}],"author":[{"embeddable":true,"href":"https:\/\/idloaded.com\/sk\/wp-json\/wp\/v2\/users\/1"}],"replies":[{"embeddable":true,"href":"https:\/\/idloaded.com\/sk\/wp-json\/wp\/v2\/comments?post=73"}],"version-history":[{"count":6,"href":"https:\/\/idloaded.com\/sk\/wp-json\/wp\/v2\/pages\/73\/revisions"}],"predecessor-version":[{"id":503,"href":"https:\/\/idloaded.com\/sk\/wp-json\/wp\/v2\/pages\/73\/revisions\/503"}],"wp:attachment":[{"href":"https:\/\/idloaded.com\/sk\/wp-json\/wp\/v2\/media?parent=73"}],"curies":[{"name":"wp","href":"https:\/\/api.w.org\/{rel}","templated":true}]}}