{"id":69,"date":"2023-12-01T00:51:50","date_gmt":"2023-12-01T03:51:50","guid":{"rendered":"http:\/\/idloaded.com\/?page_id=69"},"modified":"2024-07-04T19:21:46","modified_gmt":"2024-07-04T22:21:46","slug":"kontaktujte-nas","status":"publish","type":"page","link":"https:\/\/idloaded.com\/sk\/kontaktujte-nas\/","title":{"rendered":"Kontakt"},"content":{"rendered":"<h2>Spojte sa s nami<\/h2>\n<p>\u010eakujeme za v\u00e1\u0161 z\u00e1ujem o IdLoaded. Cen\u00edme si va\u0161e n\u00e1zory a ot\u00e1zky. Tu s\u00fa sp\u00f4soby, ako n\u00e1s kontaktova\u0165:<\/p>\n<h3>E-mail<\/h3>\n<p>V pr\u00edpade v\u0161eobecn\u00fdch ot\u00e1zok, n\u00e1vrhov alebo pripomienok po\u0161lite e-mail <a rel=\"noreferrer\">contact@iloaded.com<\/a>. N\u00e1\u0161 t\u00edm sa bude sna\u017ei\u0165 odpoveda\u0165 na va\u0161e ot\u00e1zky \u010do najr\u00fdchlej\u0161ie.<\/p>\n<h3>Kontaktn\u00fd formul\u00e1r<\/h3>\n<p>Ak m\u00e1te konkr\u00e9tne ot\u00e1zky alebo chcete odosla\u0165 \u010dl\u00e1nok t\u00fdkaj\u00faci sa technol\u00f3gie, po\u0161lite n\u00e1m e-mail <a rel=\"noreferrer\">contact@iloaded.com<\/a>. V\u00edtame pr\u00edspevky od milovn\u00edkov v\u0161eobecn\u00fdch inform\u00e1ci\u00ed a technologick\u00fdch nad\u0161encov.<\/p>\n<h3>Po\u0161tov\u00e1 adresa<\/h3>\n<p>Ak d\u00e1vate prednos\u0165 klasickej po\u0161te, n\u00e1jdete n\u00e1s na tejto adrese:<\/p>\n<p><strong>IdLoaded<\/strong><\/p>\n<p>837 Pawprint Lane<\/p>\n<p>Dogville, TX 75001<\/p>\n<p>USA<\/p>\n<h3>Newsletter<\/h3>\n<p>Ak chcete zosta\u0165 informovan\u00ed o najnov\u0161\u00edch \u010dl\u00e1nkoch, technologick\u00fdch trendoch a novink\u00e1ch z komunity IdLoaded, prihl\u00e1ste sa na odber n\u00e1\u0161ho bulletinu. Sta\u010d\u00ed zada\u0165 svoj e-mail do registra\u010dn\u00e9ho po\u013ea v spodnej \u010dasti na\u0161ej domovskej str\u00e1nky.<\/p>\n<h3>Sp\u00e4tn\u00e1 v\u00e4zba<\/h3>\n<p>Neust\u00e1le sa sna\u017e\u00edme zlep\u0161ova\u0165 n\u00e1\u0161 obsah a pou\u017e\u00edvate\u013esk\u00fa sk\u00fasenos\u0165. Ak m\u00e1te n\u00e1vrhy alebo pripomienky, ako m\u00f4\u017eeme zlep\u0161i\u0165 va\u0161u sk\u00fasenos\u0165 s IdLoaded, pode\u013ete sa o ne s nami prostredn\u00edctvom e-mailu.<\/p>\n<p>V\u00e1\u017eime si v\u00e1\u0161 z\u00e1ujem a te\u0161\u00edme sa na va\u0161u odpove\u010f. IdLoaded je tu na to, aby prepojil svet inform\u00e1ci\u00ed s najnov\u0161\u00edmi technol\u00f3giami, a v\u00e1\u0161 pr\u00edspevok je rozhoduj\u00faci pre to, aby n\u00e1m pomohol dosiahnu\u0165 toto poslanie.<\/p>\n<p>\u010eakujeme, \u017ee ste s\u00fa\u010das\u0165ou na\u0161ej v\u0161eobecnej informa\u010dnej komunity!<\/p>","protected":false},"excerpt":{"rendered":"<p>Entre em Contato Conosco Obrigado pelo seu interesse no IdLoaded. Valorizamos suas opini\u00f5es e perguntas. Aqui est\u00e3o as formas de nos contatar: Email Para perguntas gerais, sugest\u00f5es ou coment\u00e1rios, envie um e-mail para contact@idloaded.com. Nossa equipe se esfor\u00e7ar\u00e1 para responder \u00e0s suas perguntas o mais r\u00e1pido poss\u00edvel. Formul\u00e1rio de Contato Se voc\u00ea tiver perguntas espec\u00edficas [&hellip;]<\/p>","protected":false},"author":1,"featured_media":0,"parent":0,"menu_order":0,"comment_status":"closed","ping_status":"closed","template":"","meta":{"footnotes":""},"class_list":["post-69","page","type-page","status-publish","hentry"],"_links":{"self":[{"href":"https:\/\/idloaded.com\/sk\/wp-json\/wp\/v2\/pages\/69","targetHints":{"allow":["GET"]}}],"collection":[{"href":"https:\/\/idloaded.com\/sk\/wp-json\/wp\/v2\/pages"}],"about":[{"href":"https:\/\/idloaded.com\/sk\/wp-json\/wp\/v2\/types\/page"}],"author":[{"embeddable":true,"href":"https:\/\/idloaded.com\/sk\/wp-json\/wp\/v2\/users\/1"}],"replies":[{"embeddable":true,"href":"https:\/\/idloaded.com\/sk\/wp-json\/wp\/v2\/comments?post=69"}],"version-history":[{"count":6,"href":"https:\/\/idloaded.com\/sk\/wp-json\/wp\/v2\/pages\/69\/revisions"}],"predecessor-version":[{"id":506,"href":"https:\/\/idloaded.com\/sk\/wp-json\/wp\/v2\/pages\/69\/revisions\/506"}],"wp:attachment":[{"href":"https:\/\/idloaded.com\/sk\/wp-json\/wp\/v2\/media?parent=69"}],"curies":[{"name":"wp","href":"https:\/\/api.w.org\/{rel}","templated":true}]}}