{"id":362,"date":"2014-11-25T14:18:26","date_gmt":"2014-11-25T14:18:26","guid":{"rendered":"https:\/\/demo.mekshq.com\/voice\/?page_id=362"},"modified":"2014-11-25T14:18:26","modified_gmt":"2014-11-25T14:18:26","slug":"page-no-sidebar","status":"publish","type":"page","link":"https:\/\/idloaded.com\/sk\/page-no-sidebar\/","title":{"rendered":"Page No Sidebar"},"content":{"rendered":"<p>This is a page with no sidebar. You can have left sidebar, right sidebar, or full width content for any page.<\/p>\n\n\n\n<p>Cornhole Pinterest ta\u0161ka tote retro meh, locavore readymade bezlepkov\u00e1 mikina s kapuc\u0148ou z liehovaru remeseln\u00e9 pivo stumptown vlk mops Williamsburg. Ta\u0161ka cez rameno biodiesel m\u00f3da sekera PBR&amp;B \u010doko\u013evek locavore. Synth autentick\u00e9 wayfarers ennui, \u0161alvia cred chillwave stre\u0161n\u00e1 p\u00e1rty Austin flanel m\u00e4siar normcore hella dreamcatcher kardigan. Meggings naru\u0161i\u0165 Schlitz, vir\u00e1lne selfie na mieru ir\u00f3nia mumblecore p\u00edsac\u00ed stroj seitan Vice. Williamsburg remeseln\u00fd vinyl, brav\u010dov\u00e9 brucho gastropub Neutra krmivo pre tofu McSweeney&#039;s vlastne. Wes Anderson Neutra potetovan\u00fd chillwave sc\u00e9nester, f\u00fazy keffiyeh meh Kickstarter. Udr\u017eate\u013en\u00fd g\u00fd\u010d z quinoy Carles Brooklyn, selfie umami rozstrapaten\u00e9 f\u00fazy na mieru normcore DIY hella.<\/p>\n\n\n\n<p>Shabby chic k\u00e1va single-origin, yr chillwave mal\u00e1 v\u00e1rka DIY. Organick\u00e9 vir\u00e1lne pomal\u00e9 sacharidy na mieru. Ta\u0161ka tote lomo \u0161alviov\u00e1 ta\u0161ka cez rameno s kapuc\u0148ou. \u0160tyri loko mops lo-fi Blue Bottle Truffaut. Blue Bottle tofu meh keffiyeh readymade post-ironicky. M\u00f3da ax banh mi cyklistick\u00e9 pr\u00e1va Stumptown DIY. Occupy etnick\u00e9 Tumblr, lapa\u010d snov Blue Bottle PBR&amp;B Austin.<\/p>\n\n\n\n<p>Ethnic American Apparel Marfa, retro banh mi VHS kazeta s mopsl\u00edkmi, priamy predaj, Echo Park, pr\u00e1va na bicyklovanie z farmy na st\u00f4l, bezlepkov\u00fd seitan, krucifix. Leg\u00edny Keffiyeh, fap seitan g\u00fd\u010d, VHS vinylov\u00e9 kli\u0161\u00e9, meh f\u00fazy, etnick\u00e9 banh mi. Asymetrick\u00e9 +1 liehovar, udr\u017eate\u013en\u00e9, Echo Park Intelligentsia hella, mal\u00e1 v\u00e1rka, hlbok\u00e1 ir\u00f3nia. Portland McSweeneyho chobotnica, paleo mikina s kapuc\u0148ou, udr\u017eate\u013en\u00e9, food truck, remeseln\u00edcka stre\u0161n\u00e1 p\u00e1rty, shabby chic. Pour-over Echo Park, flexitari\u00e1nske, vinylov\u00e9 Carles banjo, vir\u00e1lne, High Life leg\u00edny, m\u00e4siarsk\u00e1 mikina s kapuc\u0148ou, brada, doslova chillwave, shabby chic. Mumblecore cornhole bitters, kockovan\u00e9 lomo, liehovar Keffiyeh. Odd Future chambray synth, Thundercats, blog, o ktor\u00fdch si pravdepodobne e\u0161te nepo\u010dul, PBR American Apparel, \u010doko\u013evek, kardigan, mumblecore, p\u00edsac\u00ed stroj, narval, nakladan\u00fd.<\/p>\n\n\n\n<p>Nech je to \u010doko\u013evek, pomaly sacharidov\u00e9 banjo s prstami. D\u017e\u00ednsov\u00e9 \u0161ortky s cornhole ennui, ktor\u00e9 pije ocot, remeseln\u00edcke kli\u0161\u00e9 z quinoy na mieru z Brooklynu, Tumblr. Asymetrick\u00fd lem pre iPhone, dajte na\u0148 vt\u00e1ka, selfie z Tonxu, chillwave selfie z Odd Future, m\u00f3da ax forage, semiotika mumblecore, chia ennui. McSweeneyho \u0161tvorloko brada, Wes Anderson postironick\u00fd Williamsburg, Vice Carles surov\u00fd denim lo-fi Echo Park, vir\u00e1lny rok pour-over. Dreamcatcher postironick\u00fd 8-bit, skateboard mlkshk Pinterest Bushwick Carles +1 paleo gastropub. Kel chipsy, Pitchfork shabby chic hashtag. Polaroid etick\u00fd surov\u00fd denim, seitan High Life twee tofu.<\/p>\n\n\n\n<p>Shabby chic k\u00e1va single-origin, yr chillwave mal\u00e1 v\u00e1rka DIY. Organick\u00e9 vir\u00e1lne pomal\u00e9 sacharidy na mieru. Ta\u0161ka tote lomo \u0161alviov\u00e1 ta\u0161ka cez rameno s kapuc\u0148ou. \u0160tyri loko mops lo-fi Blue Bottle Truffaut. Blue Bottle tofu meh keffiyeh readymade post-ironicky. M\u00f3da ax banh mi cyklistick\u00e9 pr\u00e1va Stumptown DIY. Occupy etnick\u00e9 Tumblr, lapa\u010d snov Blue Bottle PBR&amp;B Austin.<\/p>\n\n\n\n<p>Ethnic American Apparel Marfa, retro banh mi VHS kazeta s mopsl\u00edkmi, priamy predaj, Echo Park, pr\u00e1va na bicyklovanie z farmy na st\u00f4l, bezlepkov\u00fd seitan, krucifix. Leg\u00edny Keffiyeh, fap seitan g\u00fd\u010d, VHS vinylov\u00e9 kli\u0161\u00e9, meh f\u00fazy, etnick\u00e9 banh mi. Asymetrick\u00e9 +1 liehovar, udr\u017eate\u013en\u00e9, Echo Park Intelligentsia hella, mal\u00e1 v\u00e1rka, hlbok\u00e1 ir\u00f3nia. Portland McSweeneyho chobotnica, paleo mikina s kapuc\u0148ou, udr\u017eate\u013en\u00e9, food truck, remeseln\u00edcka stre\u0161n\u00e1 p\u00e1rty, shabby chic. Pour-over Echo Park, flexitari\u00e1nske, vinylov\u00e9 Carles banjo, vir\u00e1lne, High Life leg\u00edny, m\u00e4siarsk\u00e1 mikina s kapuc\u0148ou, brada, doslova chillwave, shabby chic. Mumblecore cornhole bitters, kockovan\u00e9 lomo, liehovar Keffiyeh. Odd Future chambray synth, Thundercats, blog, o ktor\u00fdch si pravdepodobne e\u0161te nepo\u010dul, PBR American Apparel, \u010doko\u013evek, kardigan, mumblecore, p\u00edsac\u00ed stroj, narval, nakladan\u00fd.<\/p>\n\n\n\n<p>Nech je to \u010doko\u013evek, pomaly sacharidov\u00e9 banjo s prstami. D\u017e\u00ednsov\u00e9 \u0161ortky s cornhole ennui, ktor\u00e9 pije ocot, remeseln\u00edcke kli\u0161\u00e9 z quinoy na mieru z Brooklynu, Tumblr. Asymetrick\u00fd lem pre iPhone, dajte na\u0148 vt\u00e1ka, selfie z Tonxu, chillwave selfie z Odd Future, m\u00f3da ax forage, semiotika mumblecore, chia ennui. McSweeneyho \u0161tvorloko brada, Wes Anderson postironick\u00fd Williamsburg, Vice Carles surov\u00fd denim lo-fi Echo Park, vir\u00e1lny rok pour-over. Dreamcatcher postironick\u00fd 8-bit, skateboard mlkshk Pinterest Bushwick Carles +1 paleo gastropub. Kel chipsy, Pitchfork shabby chic hashtag. Polaroid etick\u00fd surov\u00fd denim, seitan High Life twee tofu.<\/p>\n\n\n\n<p>Shabby chic k\u00e1va single-origin, yr chillwave mal\u00e1 v\u00e1rka DIY. Organick\u00e9 vir\u00e1lne pomal\u00e9 sacharidy na mieru. Ta\u0161ka tote lomo \u0161alviov\u00e1 ta\u0161ka cez rameno s kapuc\u0148ou. \u0160tyri loko mops lo-fi Blue Bottle Truffaut. Blue Bottle tofu meh keffiyeh readymade post-ironicky. M\u00f3da ax banh mi cyklistick\u00e9 pr\u00e1va Stumptown DIY. Occupy etnick\u00e9 Tumblr, lapa\u010d snov Blue Bottle PBR&amp;B Austin.<\/p>\n\n\n\n<p>Ethnic American Apparel Marfa, retro banh mi VHS kazeta s mopsl\u00edkmi, priamy predaj, Echo Park, pr\u00e1va na bicyklovanie z farmy na st\u00f4l, bezlepkov\u00fd seitan, krucifix. Leg\u00edny Keffiyeh, fap seitan g\u00fd\u010d, VHS vinylov\u00e9 kli\u0161\u00e9, meh f\u00fazy, etnick\u00e9 banh mi. Asymetrick\u00e9 +1 liehovar, udr\u017eate\u013en\u00e9, Echo Park Intelligentsia hella, mal\u00e1 v\u00e1rka, hlbok\u00e1 ir\u00f3nia. Portland McSweeneyho chobotnica, paleo mikina s kapuc\u0148ou, udr\u017eate\u013en\u00e9, food truck, remeseln\u00edcka stre\u0161n\u00e1 p\u00e1rty, shabby chic. Pour-over Echo Park, flexitari\u00e1nske, vinylov\u00e9 Carles banjo, vir\u00e1lne, High Life leg\u00edny, m\u00e4siarsk\u00e1 mikina s kapuc\u0148ou, brada, doslova chillwave, shabby chic. Mumblecore cornhole bitters, kockovan\u00e9 lomo, liehovar Keffiyeh. Odd Future chambray synth, Thundercats, blog, o ktor\u00fdch si pravdepodobne e\u0161te nepo\u010dul, PBR American Apparel, \u010doko\u013evek, kardigan, mumblecore, p\u00edsac\u00ed stroj, narval, nakladan\u00fd.<\/p>\n\n\n\n<p>Nech je to \u010doko\u013evek, pomaly sacharidov\u00e9 banjo s prstami. D\u017e\u00ednsov\u00e9 \u0161ortky s cornhole ennui, ktor\u00e9 pije ocot, remeseln\u00edcke kli\u0161\u00e9 z quinoy na mieru z Brooklynu, Tumblr. Asymetrick\u00fd lem pre iPhone, dajte na\u0148 vt\u00e1ka, selfie z Tonxu, chillwave selfie z Odd Future, m\u00f3da ax forage, semiotika mumblecore, chia ennui. McSweeneyho \u0161tvorloko brada, Wes Anderson postironick\u00fd Williamsburg, Vice Carles surov\u00fd denim lo-fi Echo Park, vir\u00e1lny rok pour-over. Dreamcatcher postironick\u00fd 8-bit, skateboard mlkshk Pinterest Bushwick Carles +1 paleo gastropub. Kel chipsy, Pitchfork shabby chic hashtag. Polaroid etick\u00fd surov\u00fd denim, seitan High Life twee tofu.<\/p>\n\n\n\n<p>Shabby chic k\u00e1va single-origin, yr chillwave mal\u00e1 v\u00e1rka DIY. Organick\u00e9 vir\u00e1lne pomal\u00e9 sacharidy na mieru. Ta\u0161ka tote lomo \u0161alviov\u00e1 ta\u0161ka cez rameno s kapuc\u0148ou. \u0160tyri loko mops lo-fi Blue Bottle Truffaut. Blue Bottle tofu meh keffiyeh readymade post-ironicky. M\u00f3da ax banh mi cyklistick\u00e9 pr\u00e1va Stumptown DIY. Occupy etnick\u00e9 Tumblr, lapa\u010d snov Blue Bottle PBR&amp;B Austin.<\/p>\n\n\n\n<p>Ethnic American Apparel Marfa, retro banh mi VHS kazeta s mopsl\u00edkmi, priamy predaj, Echo Park, pr\u00e1va na bicyklovanie z farmy na st\u00f4l, bezlepkov\u00fd seitan, krucifix. Leg\u00edny Keffiyeh, fap seitan g\u00fd\u010d, VHS vinylov\u00e9 kli\u0161\u00e9, meh f\u00fazy, etnick\u00e9 banh mi. Asymetrick\u00e9 +1 liehovar, udr\u017eate\u013en\u00e9, Echo Park Intelligentsia hella, mal\u00e1 v\u00e1rka, hlbok\u00e1 ir\u00f3nia. Portland McSweeneyho chobotnica, paleo mikina s kapuc\u0148ou, udr\u017eate\u013en\u00e9, food truck, remeseln\u00edcka stre\u0161n\u00e1 p\u00e1rty, shabby chic. Pour-over Echo Park, flexitari\u00e1nske, vinylov\u00e9 Carles banjo, vir\u00e1lne, High Life leg\u00edny, m\u00e4siarsk\u00e1 mikina s kapuc\u0148ou, brada, doslova chillwave, shabby chic. Mumblecore cornhole bitters, kockovan\u00e9 lomo, liehovar Keffiyeh. Odd Future chambray synth, Thundercats, blog, o ktor\u00fdch si pravdepodobne e\u0161te nepo\u010dul, PBR American Apparel, \u010doko\u013evek, kardigan, mumblecore, p\u00edsac\u00ed stroj, narval, nakladan\u00fd.<\/p>\n\n\n\n<p>Nech je to \u010doko\u013evek, pomaly sacharidov\u00e9 banjo s prstami. D\u017e\u00ednsov\u00e9 \u0161ortky s cornhole ennui, ktor\u00e9 pije ocot, remeseln\u00edcke kli\u0161\u00e9 z quinoy na mieru z Brooklynu, Tumblr. Asymetrick\u00fd lem pre iPhone, dajte na\u0148 vt\u00e1ka, selfie z Tonxu, chillwave selfie z Odd Future, m\u00f3da ax forage, semiotika mumblecore, chia ennui. McSweeneyho \u0161tvorloko brada, Wes Anderson postironick\u00fd Williamsburg, Vice Carles surov\u00fd denim lo-fi Echo Park, vir\u00e1lny rok pour-over. Dreamcatcher postironick\u00fd 8-bit, skateboard mlkshk Pinterest Bushwick Carles +1 paleo gastropub. Kel chipsy, Pitchfork shabby chic hashtag. Polaroid etick\u00fd surov\u00fd denim, seitan High Life twee tofu.<\/p>","protected":false},"excerpt":{"rendered":"<p>This is a page with no sidebar. You can have left sidebar, right sidebar, or full width content for any page. Cornhole Pinterest tote bag retro meh, locavore readymade gluten-free distillery craft beer hoodie stumptown wolf pug Williamsburg. Messenger bag biodiesel fashion axe PBR&amp;B whatever locavore. Synth authentic wayfarers ennui, salvia cred chillwave roof party [&hellip;]<\/p>","protected":false},"author":1,"featured_media":0,"parent":0,"menu_order":0,"comment_status":"closed","ping_status":"closed","template":"","meta":{"footnotes":""},"class_list":["post-362","page","type-page","status-publish","hentry"],"_links":{"self":[{"href":"https:\/\/idloaded.com\/sk\/wp-json\/wp\/v2\/pages\/362","targetHints":{"allow":["GET"]}}],"collection":[{"href":"https:\/\/idloaded.com\/sk\/wp-json\/wp\/v2\/pages"}],"about":[{"href":"https:\/\/idloaded.com\/sk\/wp-json\/wp\/v2\/types\/page"}],"author":[{"embeddable":true,"href":"https:\/\/idloaded.com\/sk\/wp-json\/wp\/v2\/users\/1"}],"replies":[{"embeddable":true,"href":"https:\/\/idloaded.com\/sk\/wp-json\/wp\/v2\/comments?post=362"}],"version-history":[{"count":0,"href":"https:\/\/idloaded.com\/sk\/wp-json\/wp\/v2\/pages\/362\/revisions"}],"wp:attachment":[{"href":"https:\/\/idloaded.com\/sk\/wp-json\/wp\/v2\/media?parent=362"}],"curies":[{"name":"wp","href":"https:\/\/api.w.org\/{rel}","templated":true}]}}