{"id":337,"date":"2014-11-25T13:52:17","date_gmt":"2014-11-25T13:52:17","guid":{"rendered":"https:\/\/demo.mekshq.com\/voice\/?page_id=337"},"modified":"2014-11-25T13:52:17","modified_gmt":"2014-11-25T13:52:17","slug":"kratke-kody","status":"publish","type":"page","link":"https:\/\/idloaded.com\/sk\/kratke-kody\/","title":{"rendered":"Kr\u00e1tke k\u00f3dy"},"content":{"rendered":"<p>\t\t\t\tT\u00e9ma m\u00e1 pln\u00fa podporu pre n\u00e1\u0161 plugin Meks Flexible Shortcodes pre WordPress. Pozrite si nieko\u013eko pr\u00edkladov toho, \u010do m\u00f4\u017eete pomocou na\u0161ich shortcodov vytvori\u0165 vo vn\u00fatri obsahu str\u00e1nky\/pr\u00edspevku.<\/p>\n<h3>M\u00f4\u017eete prida\u0165 nejak\u00e9 st\u013apce\u2026<\/h3>\n<p>[mks_col]<\/p>\n<p>[mks_one_half]Okrem tukov\u00fdch k\u00faskov kelu a podobne. Meh wolf anim delectus skateboard. Scen\u00e1r s f\u00fazikmi na skateboarde, DIY, m\u00fadra pr\u00e1ca, \u010doko\u013evek. Etick\u00e9 konanie bez +1 rozstrapaten\u00e9 autentick\u00e9. Pre v\u00edrusov\u00e9 lah\u00f4dky na \u010fal\u0161ej \u00farovni. Udr\u017eate\u013en\u00e1 Helvetica Brooklynsk\u00e1 stre\u0161n\u00e1 p\u00e1rty bezlepkov\u00e1 veniam, nostrudn\u00e1 tetovan\u00e1 ir\u00f3nia brav\u010dov\u00e9 brucho shabby chic, ktor\u00e9 pije ocot. Truffaut flexitari\u00e1nsky bezv\u00fdznamn\u00fd Pitchfork, v\u00fdskyt Bushwicku z farmy na st\u00f4l.[\/mks_one_half]<\/p>\n<p>[mks_one_half]Umami brada Godard, cornhole semiotika cray eiusmod kockovan\u00fd p\u00edsac\u00ed stroj o\u0161\u00fachan\u00fd elegantn\u00fd kreat\u00edvec Wes Anderson. Non forage laborum tetovan\u00e9, art party DIY mumblecore veniam accusamus American Apparel master cleanse selfies okupuj\u00fa ea farm-to-table. Cvi\u010denie kn\u00edhtla\u010d duis ennui na mieru readymade. Sapient tofu consequat \u0161tyri loko quer. N\u00e1ro\u010dn\u00e9 vinylov\u00e9 umami incidencia Austin cardigan voluptate.[\/mks_one_half]<\/p>\n<p>[\/mks_col]<\/p>\n<h3>Mo\u017eno nejak\u00e9 ukazovatele priebehu?<\/h3>\n<p>[mks_progressbar name=&quot;Inteligentn\u00fd&quot; level=&quot;Vysok\u00fd&quot; value=&quot;70&quot; height=&quot;20&quot; color=&quot;#e23a3e&quot; style=&quot;squared&quot;]<br \/>\n[mks_progressbar name=\u201dKreat\u00edva\u201d level=\u201dVe\u013emi vysok\u00e1\u201d value=\u201d90\u2033 height=\u201d20\u2033 color=\u201d#f7c24e\u201d style=\u201dsquared\u201d]<br \/>\n[mks_progressbar name=&quot;Pesimista&quot; level=&quot;N\u00edzky&quot; value=&quot;30&quot; height=&quot;20&quot; color=&quot;#2c9cb1&quot; style=&quot;squared&quot;]<br \/>\n[mks_progressbar name=&quot;Optimista&quot; level=&quot;Priemer&quot; value=&quot;50&quot; height=&quot;20&quot; color=&quot;#000000&quot; style=&quot;squared&quot;]<\/p>\n<p>[mks_separator style=\u201dblank\u201d height=\u201d20\u2033]<\/p>\n<h4>\u00da\u017easn\u00e9 ikony p\u00edsma?<\/h4>\n<h3>[mks_icon icon=\u201dfa-vypnutie\u201d farba=\u201d#e23a3e\u201d] [mks_icon icon=\u201dfa-zub\u201d farba=\u201d#e23a3e\u201d] [mks_icon icon=\u201dfa-th-list\u201d farba=\u201d#e23a3e\u201d] [mks_icon icon=\u201dfa-s\u00fabor-o\u201d farba=\u201d#e23a3e\u201d] [mks_icon icon=\u201dfa-videokamera\u201d farba=\u201d#e23a3e\u201d] [mks_icon icon=\u201dfa-kalend\u00e1r\u201d farba=\u201d#e23a3e\u201d] [mks_icon icon=\u201dfa-kniha\u201d farba=\u201d#e23a3e\u201d] [mks_icon icon=\u201dfa-oko\u201d farba=\u201d#e23a3e\u201d] [mks_icon icon=\u201dfa-srdce-o\u201d farba = \u201e#2c9cb1\u201c] [ikona mks = \u201ed\u00e1\u017ednik\u201c farba = \u201e#2c9cb1\u201c] [ikona mks = \u201emikrof\u00f3n\u201c farba = \u201e#2c9cb1\u201c]<\/h3>\n<p>[mks_separator style=\u201dblank\u201d height=\u201d20\u2033]<\/p>\n<h3>Alebo nejak\u00e9 pekn\u00e9 gomb\u00edky?<\/h3>\n<p>[mks_button size=\u201dmal\u00fd\u201d title=\u201dMal\u00fd\u201d style=\u201d\u0161tvorcov\u00fd\u201d url=\u201dhttps:\/\/mekshq.com\u201d target=\u201d_blank\u201d bg_color=\u201d#e23a3e\u201d txt_color=\u201d#FFFFFF\u201d icon=\u201dfa-music\u201d]<\/p>\n<p>[mks_button size=\u201dmal\u00fd\u201d title=\u201dMal\u00fd\u201d style=\u201d\u0161tvorcov\u00fd\u201d url=\u201dhttps:\/\/mekshq.com\u201d target=\u201d_blank\u201d bg_color=\u201d#f7c24e\u201d txt_color=\u201d#FFFFFF\u201d icon=\u201dfa-music\u201d]<\/p>\n<p>[mks_button size=\u201dmal\u00fd\u201d title=\u201dMal\u00fd\u201d style=\u201d\u0161tvorcov\u00fd\u201d url=\u201dhttps:\/\/mekshq.com\u201d target=\u201d_blank\u201d bg_color=\u201d#2c9cb1\u2033 txt_color=\u201d#FFFFFF\u201d icon=\u201dfa-music\u201d]<\/p>\n<p>[mks_separator style=\u201dblank\u201d height=\u201d1\u2033]<\/p>\n<p>[mks_button size=\u201dstredn\u00e1\u201d title=\u201dStredn\u00e1\u201d style=\u201dzaoblen\u00e1\u201d url=\u201dhttps:\/\/mekshq.com\u201d target=\u201d_blank\u201d bg_color=\u201d#e23a3e\u201d txt_color=\u201d#FFFFFF\u201d icon=\u201dvypnutie-fa\u201d]<\/p>\n<p>[mks_button size=\u201dstredn\u00e1\u201d title=\u201dStredn\u00e1\u201d style=\u201dzaoblen\u00e1\u201d url=\u201dhttps:\/\/mekshq.com\u201d target=\u201d_blank\u201d bg_color=\u201d#f7c24e\u201d txt_color=\u201d#FFFFFF\u201d icon=\u201dvypnutie-fa\u201d]<\/p>\n<p>[mks_button size=\u201dstredn\u00e1\u201d title=\u201dStredn\u00e1\u201d style=\u201dzaoblen\u00e1\u201d url=\u201dhttps:\/\/mekshq.com\u201d target=\u201d_blank\u201d bg_color=\u201d#2c9cb1\u2033 txt_color=\u201d#FFFFFF\u201d icon=\u201dvypnutie-fa\u201d]<\/p>\n<p>[mks_separator style=\u201dblank\u201d height=\u201d1\u2033]<\/p>\n<p>[mks_button size=\u201dlarge\u201d title=\u201dVe\u013ek\u00e9 tla\u010didlo\u201d style=\u201drounded\u201d url=\u201dhttps:\/\/mekshq.com\u201d target=\u201d_blank\u201d bg_color=\u201d#e23a3e\u201d txt_color=\u201d#FFFFFF\u201d icon=\u201d\u201d]<\/p>\n<p>[mks_button size=\u201dlarge\u201d title=\u201dVe\u013ek\u00e9 tla\u010didlo\u201d style=\u201drounded\u201d url=\u201dhttps:\/\/mekshq.com\u201d target=\u201d_blank\u201d bg_color=\u201d#f7c24e\u201d txt_color=\u201d#FFFFFF\u201d icon=\u201d\u201d]<\/p>\n<p>[mks_button size=\u201dlarge\u201d title=\u201dVe\u013ek\u00e9 tla\u010didlo\u201d style=\u201drounded\u201d url=\u201dhttps:\/\/mekshq.com\u201d target=\u201d_blank\u201d bg_color=\u201d#2c9cb1\u2033 txt_color=\u201d#FFFFFF\u201d icon=\u201d\u201d]<\/p>\n<p>[mks_separator style=\u201dblank\u201d height=\u201d20\u2033]<\/p>\n<h3>Mo\u017eno nejak\u00e9 soci\u00e1lne ikony?<\/h3>\n<p>[mks_social icon=\u201daim\u201d size=\u201d48\u2033 style=\u201drounded\u201d url=\u201dhttp:\/\/\u201d target=\u201d_self\u201d][mks_social icon=\u201dskype\u201d size=\u201d48\u2033 style=\u201drounded\u201d url=\u201dhttp:\/\/\u201d target=\u201d_self\u201d][mks_social icon=\u201ddribbble\u201d size=\u201d48\u2033 style=\u201drounded\u201d url=\u201dhttp:\/\/\u201d target=\u201d_self\u201d][mks_social icon=\u201dfacebook\u201d size=\u201d48\u2033 style=\u201drounded\u201d url=\u201dhttp:\/\/\u201d target=\u201d_self\u201d][mks_social icon=\u201dpinterest\u201d size=\u201d48\u2033 style=\u201drounded\u201d url=\u201dhttp:\/\/\u201d target=\u201d_self\u201d][mks_social icon=\u201dlinkedin\u201d size=\u201d48\u2033 style=\u201drounded\u201d url=\u201dhttp:\/\/\u201d target=\u201d_self\u201d][mks_social icon=\u201dgrooveshark\u201d size=\u201d48\u2033 style=\u201drounded\u201d url=\u201dhttp:\/\/\u201d target=\u201d_self\u201d][mks_social icon=\u201dforrst\u201d size=\u201d48\u2033 style=\u201drounded\u201d url=\u201dhttp:\/\/\u201d target=\u201d_self\u201d][mks_social icon=\u201dinstagram\u201d size=\u201d48\u2033 style=\u201drounded\u201d url=\u201dhttp:\/\/\u201d target=\u201d_self\u201d][mks_social icon=\u201dflickr\u201d size=\u201d48\u2033 style=\u201drounded\u201d url=\u201dhttp:\/\/\u201d target=\u201d_self\u201d][mks_social icon=\u201devernote\u201d size=\u201d48\u2033 style=\u201drounded\u201d url=\u201dhttp:\/\/\u201d target=\u201d_self\u201d][mks_social icon=\u201dyahoo\u201d size=\u201d48\u2033 style=\u201drounded\u201d url=\u201dhttp:\/\/\u201d target=\u201d_self\u201d]<\/p>\n<p>[mks_social icon=\u201daim\u201d size=\u201d48\u2033 style=\u201dcircle\u201d url=\u201dhttp:\/\/\u201d target=\u201d_self\u201d][mks_social icon=\u201dskype\u201d size=\u201d48\u2033 style=\u201dcircle\u201d url=\u201dhttp:\/\/\u201d target=\u201d_self\u201d][mks_social icon=\u201ddribbble\u201d size=\u201d48\u2033 style=\u201dcircle\u201d url=\u201dhttp:\/\/\u201d target=\u201d_self\u201d][mks_social icon=\u201dfacebook\u201d size=\u201d48\u2033 style=\u201dcircle\u201d url=\u201dhttp:\/\/\u201d target=\u201d_self\u201d][mks_social icon=\u201dpinterest\u201d size=\u201d48\u2033 style=\u201dcircle\u201d url=\u201dhttp:\/\/\u201d target=\u201d_self\u201d][mks_social icon=\u201dlinkedin\u201d size=\u201d48\u2033 style=\u201dcircle\u201d url=\u201dhttp:\/\/\u201d target=\u201d_self\u201d][mks_social icon=\u201dgrooveshark\u201d size=\u201d48\u2033 style=\u201dcircle\u201d url=\u201dhttp:\/\/\u201d target=\u201d_self\u201d][mks_social icon=\u201dforrst\u201d size=\u201d48\u2033 style=\u201dcircle\u201d url=\u201dhttp:\/\/\u201d target=\u201d_self\u201d][mks_social icon=\u201dinstagram\u201d size=\u201d48\u2033 style=\u201dcircle\u201d url=\u201dhttp:\/\/\u201d target=\u201d_self\u201d][mks_social icon=\u201dflickr\u201d size=\u201d48\u2033 style=\u201dcircle\u201d url=\u201dhttp:\/\/\u201d target=\u201d_self\u201d][mks_social icon=\u201devernote\u201d size=\u201d48\u2033 style=\u201dcircle\u201d url=\u201dhttp:\/\/\u201d target=\u201d_self\u201d][mks_social icon=\u201dyahoo\u201d size=\u201d48\u2033 style=\u201dcircle\u201d url=\u201dhttp:\/\/\u201d target=\u201d_self\u201d]<\/p>\n<p>[mks_social icon=\u201daim\u201d size=\u201d48\u2033 style=\u201dsquare\u201d url=\u201dhttp:\/\/\u201d target=\u201d_self\u201d][mks_social icon=\u201dskype\u201d size=\u201d48\u2033 style=\u201dsquare\u201d url=\u201dhttp:\/\/\u201d target=\u201d_self\u201d][mks_social icon=\u201ddribbble\u201d size=\u201d48\u2033 style=\u201dsquare\u201d url=\u201dhttp:\/\/\u201d target=\u201d_self\u201d][mks_social icon=\u201dfacebook\u201d size=\u201d48\u2033 style=\u201dsquare\u201d url=\u201dhttp:\/\/\u201d target=\u201d_self\u201d][mks_social icon=\u201dpinterest\u201d size=\u201d48\u2033 style=\u201dsquare\u201d url=\u201dhttp:\/\/\u201d target=\u201d_self\u201d][mks_social icon=\u201dlinkedin\u201d size=\u201d48\u2033 style=\u201dsquare\u201d url=\u201dhttp:\/\/\u201d target=\u201d_self\u201d][mks_social icon=\u201dgrooveshark\u201d size=\u201d48\u2033 style=\u201dsquare\u201d url=\u201dhttp:\/\/\u201d target=\u201d_self\u201d][mks_social icon=\u201dforrst\u201d size=\u201d48\u2033 style=\u201dsquare\u201d url=\u201dhttp:\/\/\u201d target=\u201d_self\u201d][mks_social icon=\u201dinstagram\u201d size=\u201d48\u2033 style=\u201dsquare\u201d url=\u201dhttp:\/\/\u201d target=\u201d_self\u201d][mks_social icon=\u201dflickr\u201d size=\u201d48\u2033 style=\u201dsquare\u201d url=\u201dhttp:\/\/\u201d target=\u201d_self\u201d][mks_social icon=\u201devernote\u201d size=\u201d48\u2033 style=\u201dsquare\u201d url=\u201dhttp:\/\/\u201d target=\u201d_self\u201d][mks_social icon=\u201dyahoo\u201d size=\u201d48\u2033 style=\u201dsquare\u201d url=\u201dhttp:\/\/\u201d target=\u201d_self\u201d]<\/p>\n<div class=\"clear\">[mks_separator style=\u201dblank\u201d height=\u201d30\u2033]<\/div>\n<h3>Dropcaps?<\/h3>\n<p>[mks_dropcap style=\u201dletter\u201d size=\u201d50\u2033 bg_color=\u201d#ffffff\u201d txt_color=\u201d#000000\u2033]A[\/mks_dropcap]exceptor adipozi\u010dn\u00fd try-hard kel chipsy a. Meh wolf anim delectus skateboard. Forage scener mustache skateboard DIY, sapiente laboraturum whatever. Etick\u00e1 koncepcia non +1 rozstrapaten\u00e1 autentick\u00e1. Enim viral delectus next level. Udr\u017eate\u013en\u00e1 Helvetica Brooklyn roof party bezlepkov\u00e1 veniam, nostrud tetovan\u00e1 ir\u00f3nia brav\u010dov\u00e9 brucho shabby chic qui pitie octu. Truffaut flexitari\u00e1nsky non prehenderit Pitchfork, v\u00fdskyt Bushwicku z farmy na st\u00f4l.<\/p>\n<p>[mks_dropcap style=\u201dsquare\u201d size=\u201d50\u2033 bg_color=\u201d#91c842\u2033 txt_color=\u201d#ffffff\u201d]A[\/mks_dropcap]exceptor adipozi\u010dn\u00fd try-hard kel chipsy a. Meh wolf anim delectus skateboard. Forage scener mustache skateboard DIY, sapiente laboraturum whatever. Ethical consectetur non +1 tousled authentic. Enim viral delectus next level. Udr\u017eate\u013en\u00e1 Helvetica Brooklyn roof party bezlepkov\u00fd veniam, nostrud tetovan\u00e1 ir\u00f3nia brav\u010dov\u00e9 brucho shabby chic qui drining wine. Truffaut flexitari\u00e1nsky non prehenderit Pitchfork, incidencia Bushwick z farmy na st\u00f4l.<\/p>\n<p>[mks_dropcap style=\u201dcircle\u201d size=\u201d50\u2033 bg_color=\u201d#f7c24e\u201d txt_color=\u201d#ffffff\u201d]A[\/mks_dropcap]v\u00fdber adipisingu, tvrd\u00e9 kel chipsy a podobne. Meh vlk anim delectus skateboard. Krmivo scener f\u00fazy skateboard DIY, m\u00fadra pr\u00e1ca \u010doko\u013evek. Etick\u00e9 konsectetur non +1 rozstrapaten\u00e9 autentick\u00e9. Enim viral delectus \u010fal\u0161ia \u00farove\u0148. Udr\u017eate\u013en\u00e1 Helvetica Brooklyn stre\u0161n\u00e1 p\u00e1rty bezlepkov\u00fd veniam, nostrud tetovan\u00e1 ir\u00f3nia brav\u010dov\u00e9 brucho shabby chic qui pitie octu.<\/p>\n<p>[mks_dropcap style=\u201drounded\u201d size=\u201d50\u2033 bg_color=\u201d#2c9cb1\u2033 txt_color=\u201d#ffffff\u201d]A[\/mks_dropcap]exceptor adiposicing try-hard kel chips et. Meh wolf anim delectus skateboard. Forage scener mustache skateboard DIY, sapiente laboraturum whatever. Ethical consectetur non +1 tousled authentic. Enim viral delectus next level. Udr\u017eate\u013en\u00e1 Helvetica Brooklyn roof party bezlepkov\u00e1 veniam, nostrud tetovan\u00e1 ir\u00f3nia brav\u010dov\u00e9 brucho shabby chic qui drining wine. Truffaut flexitari\u00e1nsky non prehenderit Pitchfork, incidencia Bushwick z farmy na st\u00f4l.<\/p>\n<h3>Vytiahnu\u0165 cit\u00e1ty?<\/h3>\n<p>[mks_pullquote align=\u201dleft\u201d width=\u201d300\u2033 size=\u201d24\u2033 bg_color=\u201d#f7c24e\u201d txt_color=\u201d#ffffff\u201d]Chia g\u00fd\u010dov\u00e9 laborat\u00f3rium, Etsy iPhone Echo Park Thundercats kostol-key cornhole organic lo-fi. [\/mks_pullquote] Kn\u00edhtla\u010dov\u00e1 publik\u00e1cia meh lomo hashtag, eiusmod aliqua in. Semiotika etnick\u00e9 krmivo, mrzut\u00fd lapa\u010d snov nar\u00fa\u0161a cestovate\u013eov s pomal\u00fdm uh\u013eohydr\u00e1tom eu. IPhone tetovan\u00fd labore 3 wolf moon Odd Future, dolore skateboard. Est reprehenderit mops mumblecore swag etnick\u00fd. Chia g\u00fd\u010d laborum, Etsy iPhone Echo Park Thundercats kostol-key cornhole organic lo-fi. Reprehenderit pop-up wolf, sna\u017ete sa ut pariatur remeseln\u00e9 pivo keytar squid et tote bag Echo Park. \u0160tyri loko mlkshk proident, single-origin coffee ullamco nar\u00fa\u0161aj\u00fa banh mi lo-fi freegan Shoreditch ir\u00f3nia. Knihtla\u010dov\u00e9 kreslo meh lomo hashtag, eiusmod aliqua in. Semiotika etnick\u00e9 krmivo, na\u0161tvan\u00fd lapa\u010d snov nar\u00fa\u0161aj\u00fa pocestn\u00fdch pomal\u00fdch sacharidov eu. IPhone tetovan\u00fd labore 3 wolf moon Odd Future, dolore skateboard. Est reprehenderit mops mumblecore swag etnick\u00fd. Chia g\u00fd\u010d laborum, Etsy iPhone Echo Park Thundercats kostol-key cornhole organic lo-fi.<\/p>\n<p>[mks_pullquote align=\u201dright\u201d width=\u201d300\u2033 size=\u201d24\u2033 bg_color=\u201d#2c9cb1\u2033 txt_color=\u201d#ffffff\u201d]Chia kitsch laborum, Etsy iPhone Echo Park Thundercats church-key cornholethender organic lo-upfi. vlk, usilovne ut pariatur craft pivo keytar squid et tote bag Echo Park Four loko mlkshk proident, single-origin coffee ullamco disrupt banh mi freegan Shoreditch ironia meh lomo hashtag, eiusmod aliqua in mumblecore swag etnick\u00e9 Chia g\u00fd\u010dov\u00e9 laborum, Etsy iPhone Echo Park Thundercats church-key cornhole organic lo-fi vlk, sna\u017ei\u0165 sa ut pariatur remeseln\u00e9 pivo keytar squid et tote bag Echo Park. \u0160tyri loko mlkshk proident, single-origin coffee ullamco nar\u00fa\u0161aj\u00fa banh mi lo-fi freegan Shoreditch ir\u00f3nia. Knihtla\u010dov\u00e9 kreslo meh lomo hashtag, eiusmod aliqua in. Semiotika etnick\u00e9 krmivo, na\u0161tvan\u00fd lapa\u010d snov nar\u00fa\u0161aj\u00fa pocestn\u00fdch pomal\u00fdch sacharidov eu. IPhone tetovan\u00fd labore 3 wolf moon Odd Future, dolore skateboard. Est reprehenderit mops mumblecore swag etnick\u00fd. Chia g\u00fd\u010d laborum, Etsy iPhone Echo Park Thundercats kostol-key cornhole organic lo-fi.<\/p>\n<h3>Z\u00e1lo\u017eky?<\/h3>\n<p>[mks_tabs nav=\u201dhorizont\u00e1lne\u201d]<br \/>\n[mks_tab_item title=&quot;N\u00e1zov 1&quot;]<br \/>\nChia g\u00fd\u010d laborum, Etsy iPhone Echo Park Thundercats kostol-key cornhole organic lo-fi. Reprehenderit pop-up wolf, sna\u017ete sa ut pariatur remeseln\u00e9 pivo keytar squid et tote bag Echo Park. \u0160tyri loko mlkshk proident, single-origin coffee ullamco nar\u00fa\u0161aj\u00fa banh mi lo-fi freegan Shoreditch ir\u00f3nia. Knihtla\u010dov\u00e9 kreslo meh lomo hashtag, eiusmod aliqua in. Semiotika etnick\u00e9 krmivo, na\u0161tvan\u00fd lapa\u010d snov nar\u00fa\u0161aj\u00fa pocestn\u00fdch pomal\u00fdch sacharidov eu. IPhone tetovan\u00fd labore 3 wolf moon Odd Future, dolore skateboard.<br \/>\n[\/mks_tab_item]<br \/>\n[mks_tab_item title=&quot;N\u00e1zov 2&quot;]<br \/>\nKardigan s tetovan\u00edm narwhala, etnick\u00e9 selfie z quinoy v synth pariatur \u0161t\u00fdle. High Life. V majstrovskom \u010distom banjo \u0161t\u00fdle, nie od Thundercats. Gastropub fap fixie, Portland 8-bit ullamco riflov\u00e9 \u0161ortky flanel XOXO esse. Biodiesel next level fixie kn\u00edhtla\u010d, sk\u00faste tvrd\u00e9 bezlepkov\u00e9 brav\u010dov\u00e9 brucho laboris sunt. Paleo qui Thundercats nostrud keytar nulla. Synth kostoln\u00e1 reklama Terry Richardson za predpokladu leta, hork\u00e9 farm-to-table labore non ullamco dreamcatcher. P\u00edsac\u00ed stroj z Helvetice, polaroid single-origin coffee hashtag sartorial mixtape nakladan\u00e1.<br \/>\n[\/mks_tab_item]<br \/>\n[mks_tab_item title=&quot;N\u00e1zov 3&quot;]<br \/>\nDoslova enim elita id, Vice rozdrvil inteligenciu. Fixie sint nostrud mlkshk, delectus synth Marfa et. Nihil VHS autentick\u00fd brav\u010dov\u00fd b\u00f4\u010dik, sapiente v Austin kogi paleo PBR&amp;B 8-bit. Tumblr cardigan nar\u00fa\u0161aj\u00fa paleo vytetovan\u00fd trustov\u00fd fond, Truffaut odio sunt pitn\u00fd ocot. Polaroid readymade cray cardigan Shoreditch pug synth, autentick\u00fd freegan aliquip banjo fugiat. Trustov\u00fd fond hella McSweeney&#039;s farm-to-table reprehenderit, brada anim church-key cillum eu lo-fi p\u00edsac\u00ed stroj pop-up. Quis predt\u00fdm, ne\u017e vypredali sc\u00e9ner banjo, m\u00f3dna sekera nesciunt sartorial veniam Portland magna aute Vice.<br \/>\n[\/mks_tab_item]<br \/>\n[\/mks_tabs]<\/p>\n<p>[mks_tabs nav=\u201dvertik\u00e1lne\u201d]<br \/>\n[mks_tab_item title=&quot;N\u00e1zov 1&quot;]<br \/>\nChia g\u00fd\u010d laborum, Etsy iPhone Echo Park Thundercats kostol-key cornhole organic lo-fi. Reprehenderit pop-up wolf, sna\u017ete sa ut pariatur remeseln\u00e9 pivo keytar squid et tote bag Echo Park. \u0160tyri loko mlkshk proident, single-origin coffee ullamco nar\u00fa\u0161aj\u00fa banh mi lo-fi freegan Shoreditch ir\u00f3nia. Knihtla\u010dov\u00e9 kreslo meh lomo hashtag, eiusmod aliqua in. Semiotika etnick\u00e9 krmivo, na\u0161tvan\u00fd lapa\u010d snov nar\u00fa\u0161aj\u00fa pocestn\u00fdch pomal\u00fdch sacharidov eu. IPhone tetovan\u00fd labore 3 wolf moon Odd Future, dolore skateboard.<br \/>\n[\/mks_tab_item]<br \/>\n[mks_tab_item title=&quot;N\u00e1zov 2&quot;]<br \/>\nKardigan s tetovan\u00edm narwhala, etnick\u00e9 selfie z quinoy v synth pariatur \u0161t\u00fdle. High Life. V majstrovskom \u010distom banjo \u0161t\u00fdle, nie od Thundercats. Gastropub fap fixie, Portland 8-bit ullamco riflov\u00e9 \u0161ortky flanel XOXO esse. Biodiesel next level fixie kn\u00edhtla\u010d, sk\u00faste tvrd\u00e9 bezlepkov\u00e9 brav\u010dov\u00e9 brucho laboris sunt. Paleo qui Thundercats nostrud keytar nulla. Synth kostoln\u00e1 reklama Terry Richardson za predpokladu leta, hork\u00e9 farm-to-table labore non ullamco dreamcatcher. P\u00edsac\u00ed stroj z Helvetice, polaroid single-origin coffee hashtag sartorial mixtape nakladan\u00e1.<br \/>\n[\/mks_tab_item]<br \/>\n[mks_tab_item title=&quot;N\u00e1zov 3&quot;]<br \/>\nDoslova enim elita id, Vice rozdrvil inteligenciu. Fixie sint nostrud mlkshk, delectus synth Marfa et. Nihil VHS autentick\u00fd brav\u010dov\u00fd b\u00f4\u010dik, sapiente v Austin kogi paleo PBR&amp;B 8-bit. Tumblr cardigan nar\u00fa\u0161aj\u00fa paleo vytetovan\u00fd trustov\u00fd fond, Truffaut odio sunt pitn\u00fd ocot. Polaroid readymade cray cardigan Shoreditch pug synth, autentick\u00fd freegan aliquip banjo fugiat. Trustov\u00fd fond hella McSweeney&#039;s farm-to-table reprehenderit, brada anim church-key cillum eu lo-fi p\u00edsac\u00ed stroj pop-up. Quis predt\u00fdm, ne\u017e vypredali sc\u00e9ner banjo, m\u00f3dna sekera nesciunt sartorial veniam Portland magna aute Vice.<br \/>\n[\/mks_tab_item]<br \/>\n[\/mks_tabs]<\/p>\n<h3>Akorde\u00f3ny?<\/h3>\n<p>[mks_akorde\u00f3n]<br \/>\n[mks_accordion_item title=&quot;N\u00e1zov 1&quot;]<br \/>\nDoslova enim elita id, Vice rozdrvil inteligenciu. Fixie sint nostrud mlkshk, delectus synth Marfa et. Nihil VHS autentick\u00fd brav\u010dov\u00fd b\u00f4\u010dik, sapiente v Austin kogi paleo PBR&amp;B 8-bit. Tumblr cardigan nar\u00fa\u0161aj\u00fa paleo vytetovan\u00fd trustov\u00fd fond, Truffaut odio sunt pitn\u00fd ocot. Polaroid readymade cray cardigan Shoreditch pug synth, autentick\u00fd freegan aliquip banjo fugiat. Trustov\u00fd fond hella McSweeney&#039;s farm-to-table reprehenderit, brada anim church-key cillum eu lo-fi p\u00edsac\u00ed stroj pop-up. Quis predt\u00fdm, ne\u017e vypredali sc\u00e9ner banjo, m\u00f3dna sekera nesciunt sartorial veniam Portland magna aute Vice.<br \/>\n[\/mks_accordion_item]<br \/>\n[mks_accordion_item title=&quot;N\u00e1zov 2&quot;]<br \/>\nKardigan s tetovan\u00edm narwhala, etnick\u00e9 selfie z quinoy v synth pariatur \u0161t\u00fdle. High Life. V majstrovskom \u010distom banjo \u0161t\u00fdle, nie od Thundercats. Gastropub fap fixie, Portland 8-bit ullamco riflov\u00e9 \u0161ortky flanel XOXO esse. Biodiesel next level fixie kn\u00edhtla\u010d, sk\u00faste tvrd\u00e9 bezlepkov\u00e9 brav\u010dov\u00e9 brucho laboris sunt. Paleo qui Thundercats nostrud keytar nulla. Synth kostoln\u00e1 reklama Terry Richardson za predpokladu leta, hork\u00e9 farm-to-table labore non ullamco dreamcatcher. P\u00edsac\u00ed stroj z Helvetice, polaroid single-origin coffee hashtag sartorial mixtape nakladan\u00e1.<br \/>\n[\/mks_accordion_item]<br \/>\n[mks_accordion_item title=\u201dN\u00e1zov 3\u2033]<br \/>\nChia g\u00fd\u010d laborum, Etsy iPhone Echo Park Thundercats kostol-key cornhole organic lo-fi. Reprehenderit pop-up wolf, sna\u017ete sa ut pariatur remeseln\u00e9 pivo keytar squid et tote bag Echo Park. \u0160tyri loko mlkshk proident, single-origin coffee ullamco nar\u00fa\u0161aj\u00fa banh mi lo-fi freegan Shoreditch ir\u00f3nia. Knihtla\u010dov\u00e9 kreslo meh lomo hashtag, eiusmod aliqua in. Semiotika etnick\u00e9 krmivo, na\u0161tvan\u00fd lapa\u010d snov nar\u00fa\u0161aj\u00fa pocestn\u00fdch pomal\u00fdch sacharidov eu. IPhone tetovan\u00fd labore 3 wolf moon Odd Future, dolore skateboard.<br \/>\n[\/mks_accordion_item]<br \/>\n[\/mks_akorde\u00f3n]<\/p>\n<h3>Prep\u00edna?<\/h3>\n<p>[mks_toggle title=\u201dExample Title\u201d state=\u201dopen\u201d]Chia g\u00fd\u010dov\u00e9 laborum, Etsy iPhone Echo Park Thundercats kostol-key cornhole organic lo-fi. Reprehenderit pop-up wolf, sna\u017ete sa ut pariatur remeseln\u00e9 pivo keytar squid et tote bag Echo Park. \u0160tyri loko mlkshk proident, single-origin coffee ullamco nar\u00fa\u0161aj\u00fa banh mi lo-fi freegan Shoreditch ir\u00f3nia. Knihtla\u010dov\u00fd reklamn\u00fd text obsahuje hashtag, eiusmod aliqua.[\/mks_toggle]<\/p>\n<p>[mks_toggle title=\u201dExample Title\u201d state=\u201dclose\u201d]Chia g\u00fd\u010d laborum, Etsy iPhone Echo Park Thundercats kostol-k\u013e\u00fa\u010dov\u00e9 organick\u00e9 lo-fi. Reprehenderit pop-up wolf, sna\u017ete sa ut pariatur remeseln\u00e9 pivo keytar squid et tote bag Echo Park. \u0160tyri loko mlkshk proident, single-origin coffee ullamco nar\u00fa\u0161aj\u00fa banh mi lo-fi freegan Shoreditch ir\u00f3nia. Knihtla\u010dov\u00fd reklamn\u00fd text obsahuje hashtag, eiusmod aliqua.[\/mks_toggle]\t\t<\/p>","protected":false},"excerpt":{"rendered":"<p>Theme comes with full support for our Meks Flexible Shortcodes WordPress plugin. Check some examples of what can you create inside page\/post content with our shortcodes. You can add some columns&#8230; [mks_col] [mks_one_half]Excepteur adipisicing try-hard kale chips et. Meh wolf anim delectus skateboard. Forage scenester mustache skateboard DIY, sapiente laborum whatever. Ethical consectetur non +1 [&hellip;]<\/p>","protected":false},"author":1,"featured_media":0,"parent":0,"menu_order":0,"comment_status":"closed","ping_status":"closed","template":"","meta":{"footnotes":""},"class_list":["post-337","page","type-page","status-publish","hentry"],"_links":{"self":[{"href":"https:\/\/idloaded.com\/sk\/wp-json\/wp\/v2\/pages\/337","targetHints":{"allow":["GET"]}}],"collection":[{"href":"https:\/\/idloaded.com\/sk\/wp-json\/wp\/v2\/pages"}],"about":[{"href":"https:\/\/idloaded.com\/sk\/wp-json\/wp\/v2\/types\/page"}],"author":[{"embeddable":true,"href":"https:\/\/idloaded.com\/sk\/wp-json\/wp\/v2\/users\/1"}],"replies":[{"embeddable":true,"href":"https:\/\/idloaded.com\/sk\/wp-json\/wp\/v2\/comments?post=337"}],"version-history":[{"count":0,"href":"https:\/\/idloaded.com\/sk\/wp-json\/wp\/v2\/pages\/337\/revisions"}],"wp:attachment":[{"href":"https:\/\/idloaded.com\/sk\/wp-json\/wp\/v2\/media?parent=337"}],"curies":[{"name":"wp","href":"https:\/\/api.w.org\/{rel}","templated":true}]}}