{"id":328,"date":"2014-11-25T13:48:50","date_gmt":"2014-11-25T13:48:50","guid":{"rendered":"https:\/\/demo.mekshq.com\/voice\/?page_id=328"},"modified":"2014-11-25T13:48:50","modified_gmt":"2014-11-25T13:48:50","slug":"typografia","status":"publish","type":"page","link":"https:\/\/idloaded.com\/sk\/typografia\/","title":{"rendered":"Typografia"},"content":{"rendered":"<p>[mks_dropcap style=\u201dsquare\u201d size=\u201d50\u2033 bg_color=\u201d#cf4d35\u2033 txt_color=\u201d#ffffff\u201d]A[\/mks_dropcap]orem ipsum Id tempor laborum in consequat ut in eu id at eu sidtmid incididis sunt laborum in consequat tempor laborum v d\u00f4sledku Excepteur <a href=\"https:\/\/mekshq.com\" target=\"_blank\" rel=\"noopener noreferrer\">konsectetur reprehenderit<\/a> culpa deserunt cillum aute dolor dolor dolor qui. Id tempor laborum in consequat Ut in eu id eu. Shoreditch gastropub \u010doko\u013evek. Reprehenderit quer polaroid aben digeth manu.<\/p>\n\n\n\n<h1 class=\"wp-block-heading\">Toto je pr\u00edklad n\u00e1zvu H1<\/h1>\n\n\n\n<p>Ta\u0161ka cez rameno Narwhal, normcore, quinoa z fingerstache, food truck s pr\u00edchu\u0165ou four loko, pr\u00e1va na bicykli, letterpress, vt\u00e1k na \u0148om, tofu banjo, cray semiotics, iPhone. Mlkshk twee, Neutra, Bushwick. \u013dadvinka s kr\u00ed\u017eov\u00fdm mot\u00edvom Williamsburg, keytar VHS kazeta od American Apparel, flexitarian VHS kazeta. Mikina s kapuc\u0148ou Chillwave Godard, Neutra, cray. Vinylov\u00e1 vyskakovacia ta\u0161ka s pr\u00edchu\u0165ou food trucku Wayfarers, semiotics, street art.<\/p>\n\n\n\n<h2 class=\"wp-block-heading\">Toto je n\u00e1zov pr\u00edkladu H2.<\/h2>\n\n\n\n<p>Blog Brooklyn keytar pravdepodobne si o nich nepo\u010dul\/a mixtape, swag direct trade hashtag organic church-key crucifix stumptown cliche try-hard ethnic. Flexitari\u00e1nsky narval PBR&amp;B +1 locavore. D\u017e\u00ednsov\u00e9 \u0161ortky Sartorial Dreamcatcher, f\u00fazy z brav\u010dov\u00e9ho brucha z Neutra street art na mieru.<\/p>\n\n\n\n<h3 class=\"wp-block-heading\">Toto je pr\u00edklad n\u00e1zvu H3<\/h3>\n\n\n\n<p>Ta\u0161ka cez rameno Narwhal, normcore, quinoa z fingerstache, food truck s pr\u00edchu\u0165ou four loko, pr\u00e1va na bicykli, letterpress, vt\u00e1k na \u0148om, tofu banjo, cray semiotics, iPhone. Mlkshk twee, Neutra, Bushwick. \u013dadvinka s kr\u00ed\u017eov\u00fdm mot\u00edvom Williamsburg, keytar VHS kazeta od American Apparel, flexitarian VHS kazeta. Mikina s kapuc\u0148ou Chillwave Godard, Neutra, cray. Vinylov\u00e1 vyskakovacia ta\u0161ka s pr\u00edchu\u0165ou food trucku Wayfarers, semiotics, street art.<\/p>\n\n\n\n<h4 class=\"wp-block-heading\">Toto je pr\u00edklad n\u00e1zvu H4<\/h4>\n\n\n\n<p>Blog Brooklyn keytar pravdepodobne si o nich nepo\u010dul\/a mixtape, swag direct trade hashtag organic church-key crucifix stumptown cliche try-hard ethnic. Flexitari\u00e1nsky narval PBR&amp;B +1 locavore. D\u017e\u00ednsov\u00e9 \u0161ortky Sartorial Dreamcatcher, f\u00fazy z brav\u010dov\u00e9ho brucha z Neutra street art na mieru.<\/p>\n\n\n\n<h5 class=\"wp-block-heading\">Toto je pr\u00edklad n\u00e1zvu H5<\/h5>\n\n\n\n<p>Blog Brooklyn keytar pravdepodobne si o nich nepo\u010dul\/a mixtape, swag direct trade hashtag organic church-key crucifix stumptown cliche try-hard ethnic. Flexitari\u00e1nsky narval PBR&amp;B +1 locavore. D\u017e\u00ednsov\u00e9 \u0161ortky Sartorial Dreamcatcher, f\u00fazy z brav\u010dov\u00e9ho brucha z Neutra street art na mieru.<\/p>\n\n\n\n<h6 class=\"wp-block-heading\">Toto je pr\u00edklad n\u00e1zvu H6<\/h6>\n\n\n\n<p>Lorem ipsum Id tempor laborum in consequat Ut in eu id eu incididunt ut sed elit quis veniam sint id sit Duis sunt Excepteur consectetur reprehenderit culpa deserunt cillum aute dolor dolor dolor qui.<\/p>\n\n\n\n<div class=\"wp-block-image\"><figure class=\"alignleft\"><a href=\"https:\/\/demo.mekshq.com\/voice\/wp-content\/uploads\/2014\/11\/voice_16.jpg\"><img decoding=\"async\" src=\"https:\/\/demo.mekshq.com\/voice\/wp-content\/uploads\/2014\/11\/voice_16-300x300.jpg\" alt=\"M\u00f3dny fanatik\" class=\"wp-image-83\"\/><\/a><figcaption>M\u00f3dny fanatik<\/figcaption><\/figure><\/div>\n\n\n\n<p>Nalejte a sy\u010dte, commodo Marfa dreamcatcher aliquip. Trustov\u00fd fond predt\u00fdm, ako sa vypredali mumblecore YOLO. Placeat trustov\u00fd fond culpa, keffiyeh twee labore vero. McSweeneyho chia polaroid vlk. \u013dadvinka Laborum Vice Pitchfork Tumblr, Pinterest Blue Bottle cvi\u010denie High Life 8-bit mlkshk brunch m\u00f3da ax Helvetica. Polaroid bez konsekvencie, incident leg\u00edny scenester <a href=\"#\">Vidly pije ocot <\/a>Neetick\u00fd vir\u00e1lny produkt. Etsy s mot\u00edvom lapa\u010da snov z banjo. Mikina Sapient s kapuc\u0148ou, Wayfarers, Mumblecore a k\u00e1va s jedn\u00fdm p\u00f4vodom. Banksy a truck s ob\u010derstven\u00edm. Neutra eiusmod, krmivo pre dospel\u00fdch, mikina s kapuc\u0148ou s brav\u010dov\u00fdm bruchom, mlkshk keytar synth laboris, Intelligentsia. Vy\u010d\u00edtaj si, \u017ee obvi\u0148uje\u0161 Polaroid XOXO, Shoreditch gastropub, \u010doko\u013evek. Vy\u010d\u00edtaj si, \u017ee obvi\u0148uje\u0161 Polaroid XOXO, Shoreditch gastropub.<\/p>\n\n\n\n<div class=\"wp-block-image\"><figure class=\"alignright\"><a href=\"https:\/\/demo.mekshq.com\/voice\/wp-content\/uploads\/2014\/11\/voice_61.jpg\"><img decoding=\"async\" src=\"https:\/\/demo.mekshq.com\/voice\/wp-content\/uploads\/2014\/11\/voice_61-300x200.jpg\" alt=\"Fotografick\u00fd ninja\" class=\"wp-image-86\"\/><\/a><figcaption>Fotografick\u00fd ninja<\/figcaption><\/figure><\/div>\n\n\n\n<p>K\u00e1va jedn\u00e9ho p\u00f4vodu <a href=\"#\">ullamco pariatur<\/a>, id accusamus sunt pop-up. Fugiat brav\u010dov\u00fd b\u00f4\u010dik Terry Richardson 3 vl\u010d\u00ed mesiac, komoda miestoat Intelligentsia irure mikina s kapuc\u0148ou Etsy do Neutra aliqua cray. Pariatur leg\u00edny Banksy anim pour-over dolor, labore cornhole Pinterest delectus cray voluptate. Banjo vinyl Austin, sc\u00e9n\u00e1r Truffaut za predpokladu, \u017ee PBR&amp;B brav\u010dov\u00fd b\u00f4\u010dik eiusmod narval Vice selvage meh consequat. Gastropub majite\u013e nar\u00fa\u0161a surov\u00fd denim consectetur, hork\u00e1 Echo Park Tonx chia. Vidly accusamus kogi Tonx. Elit etnick\u00e9 Thundercats fap, aliquip Marfa direct trade a American Apparel quinoa stumptown.<\/p>\n\n\n<p>[mks_separator style=\u201dsolid\u201d height=\u201d1\u2033]<\/p>\n\n\n\n<h4 class=\"wp-block-heading\">Blokov\u00e1 cit\u00e1cia<\/h4>\n\n\n\n<p>Mikina s kapuc\u0148ou Sapient, Wayfarers, Mumblecore, rok, miesto na v\u00fdrobu k\u00e1vy s jedn\u00fdm p\u00f4vodom. Banksy, rok, pouli\u010dn\u00e9 jedlo Neutra, eiusmod, krmivo, vlastne mikina s kapuc\u0148ou s brav\u010dov\u00fdm bruchom, mlkshk keytar synth laboris, Intelligentsia. Reprehenderit quer polaroid XOXO blame, Shoreditch gastropub, \u010doko\u013evek.<\/p>\n\n\n\n<blockquote class=\"wp-block-quote is-layout-flow wp-block-quote-is-layout-flow\"><p>V\u00e1\u0161 \u010das je obmedzen\u00fd, tak\u017ee ho nemrhajte t\u00fdm, \u017ee budete \u017ei\u0165 \u017eivot niekoho in\u00e9ho. Nenechajte sa uv\u00e4zni\u0165 v dogme \u2013 \u010do je \u017eivot s v\u00fdsledkami myslenia in\u00fdch \u013eud\u00ed. Nenechajte hluk n\u00e1zorov in\u00fdch prehlu\u0161i\u0165 v\u00e1\u0161 vlastn\u00fd vn\u00fatorn\u00fd hlas. A \u010do je najd\u00f4le\u017eitej\u0161ie, majte odvahu nasledova\u0165 svoje srdce a intu\u00edciu.<\/p><\/blockquote>\n\n\n\n<p>Mikina s kapuc\u0148ou Sapient, Wayfarers, Mumblecore, rok, miesto na v\u00fdrobu k\u00e1vy s jedn\u00fdm p\u00f4vodom. Banksy, rok, pouli\u010dn\u00e9 jedlo Neutra, eiusmod, krmivo, vlastne mikina s kapuc\u0148ou s brav\u010dov\u00fdm bruchom, mlkshk keytar synth laboris, Intelligentsia. Reprehenderit quer polaroid XOXO blame, Shoreditch gastropub, \u010doko\u013evek.<\/p>\n\n\n\n<h4 class=\"wp-block-heading\">Hlavn\u00e9 body<\/h4>\n\n\n\n<p>Lorem ipsum Id tempor laborum in <\/p>\n\n\n<p>[mks_highlight color=\u201d#cf4d35\u2033]<span style=\"color: #ffffff;\">veniam sint id<\/span>[\/mks_highlight]<\/p>\n\n\n\n<p> consequat Ut in eu id eu incididunt ut sed elit quis sit Duis sunt Excepteur consectetur reprehenderit culpa deserunt cillum aute dolor dolor dolor qui.<\/p>\n\n\n<p>[mks_col]<br \/>\n[mks_one_half]<\/p>\n<h4 style=\"text-align: left;\">Neusporiadan\u00fd zoznam<\/h4>\n<ul>\n<li>Mikina s kapuc\u0148ou Sapiente Wayfarers<\/li>\n<li>Leg\u00edny Pariatur Banksy<\/li>\n<li>Obvinenie z vidli\u010diek<\/li>\n<li>boles\u0165 liehovaru Helvetica<\/li>\n<\/ul>\n<p>[\/mks_one_half]<\/p>\n<p>[mks_one_half]<\/p>\n<h4>Zoraden\u00fd zoznam<\/h4>\n<ol>\n<li>Cvi\u010denie v Echo Parku<\/li>\n<li>Pinterest delectus cray voluptate<\/li>\n<li>Aliqua credit Terry Richardson<\/li>\n<li>Obvinenie z vidli\u010diek<\/li>\n<\/ol>\n<p>[\/mks_one_half]<\/p>\n<p>[\/mks_col]<\/p>\n\n\n\n<h4 class=\"wp-block-heading\">Pr\u00edklad k\u00f3du<\/h4>\n\n\n\n<pre class=\"wp-block-preformatted\">.super_class:pred { background:url(&#039;images\/awesome.jpg&#039;) bez opakovania center center; float:left; display:block; content: &quot;Awesome&quot;; }<\/pre>\n\n\n\n<h4 class=\"wp-block-heading\">Pr\u00edklad tabu\u013eky<\/h4>\n\n\n\n<table class=\"wp-block-table\"><thead><tr><td>Meno<\/td><td>Prez\u00fdvka<\/td><td>\u010c\u00edslo<\/td><\/tr><\/thead><tbody><tr><td>Jill<\/td><td>\u017dol\u00edk<\/td><td>50<\/td><\/tr><tr><td>Eva<\/td><td>Batman<\/td><td>94<\/td><\/tr><tr><td>J\u00e1n<\/td><td>\u010cervenka<\/td><td>80<\/td><\/tr><\/tbody><\/table>","protected":false},"excerpt":{"rendered":"<p>[mks_dropcap style=&#8221;square&#8221; size=&#8221;50&#8243; bg_color=&#8221;#cf4d35&#8243; txt_color=&#8221;#ffffff&#8221;]A[\/mks_dropcap]orem ipsum Id tempor laborum in consequat ut in eu id eu incididunt ut sed elit quis veniam sint id sit Duis sunt laborum in consequat&nbsp;tempor laborum in consequat&nbsp;Excepteur consectetur reprehenderit culpa deserunt cillum aute dolor dolor dolor qui. Id tempor laborum in consequat Ut in eu id eu.&nbsp;Shoreditch gastropub whatever.&nbsp;Reprehenderit [&hellip;]<\/p>","protected":false},"author":1,"featured_media":0,"parent":0,"menu_order":0,"comment_status":"closed","ping_status":"closed","template":"","meta":{"footnotes":""},"class_list":["post-328","page","type-page","status-publish","hentry"],"_links":{"self":[{"href":"https:\/\/idloaded.com\/sk\/wp-json\/wp\/v2\/pages\/328","targetHints":{"allow":["GET"]}}],"collection":[{"href":"https:\/\/idloaded.com\/sk\/wp-json\/wp\/v2\/pages"}],"about":[{"href":"https:\/\/idloaded.com\/sk\/wp-json\/wp\/v2\/types\/page"}],"author":[{"embeddable":true,"href":"https:\/\/idloaded.com\/sk\/wp-json\/wp\/v2\/users\/1"}],"replies":[{"embeddable":true,"href":"https:\/\/idloaded.com\/sk\/wp-json\/wp\/v2\/comments?post=328"}],"version-history":[{"count":0,"href":"https:\/\/idloaded.com\/sk\/wp-json\/wp\/v2\/pages\/328\/revisions"}],"wp:attachment":[{"href":"https:\/\/idloaded.com\/sk\/wp-json\/wp\/v2\/media?parent=328"}],"curies":[{"name":"wp","href":"https:\/\/api.w.org\/{rel}","templated":true}]}}