{"id":69,"date":"2023-12-01T00:51:50","date_gmt":"2023-12-01T03:51:50","guid":{"rendered":"http:\/\/idloaded.com\/?page_id=69"},"modified":"2024-07-04T19:21:46","modified_gmt":"2024-07-04T22:21:46","slug":"contactati-ne","status":"publish","type":"page","link":"https:\/\/idloaded.com\/ro\/contactati-ne\/","title":{"rendered":"Contact"},"content":{"rendered":"<h2>Lua\u021bi leg\u0103tura cu noi<\/h2>\n<p>V\u0103 mul\u021bumim pentru interesul fa\u021b\u0103 de IdLoaded. Apreciem opiniile \u0219i \u00eentreb\u0103rile dvs. Iat\u0103 modalit\u0103\u021bi de a ne contacta:<\/p>\n<h3>E-mail<\/h3>\n<p>Pentru \u00eentreb\u0103ri generale, sugestii sau comentarii, v\u0103 rug\u0103m s\u0103 trimite\u021bi un e-mail <a rel=\"noreferrer\">contact@idloaded.com<\/a>. Echipa noastr\u0103 se va str\u0103dui s\u0103 r\u0103spund\u0103 la \u00eentreb\u0103rile dumneavoastr\u0103 c\u00e2t mai repede posibil.<\/p>\n<h3>Formular de contact<\/h3>\n<p>Dac\u0103 ave\u021bi \u00eentreb\u0103ri specifice sau dori\u021bi s\u0103 trimite\u021bi un articol legat de tehnologie, v\u0103 rug\u0103m s\u0103 trimite\u021bi un e-mail <a rel=\"noreferrer\">contact@idloaded.com<\/a>. Salut\u0103m contribu\u021biile iubitorilor de informa\u021bii generale \u0219i pasiona\u021bilor de tehnologie.<\/p>\n<h3>Adresa po\u015ftal\u0103<\/h3>\n<p>Dac\u0103 prefera\u021bi coresponden\u021ba tradi\u021bional\u0103, ne pute\u021bi g\u0103si la urm\u0103toarea adres\u0103:<\/p>\n<p><strong>IdLoaded<\/strong><\/p>\n<p>837 Pawprint Lane<\/p>\n<p>Dogville, TX 75001<\/p>\n<p>STATELE UNITE ALE AMERICII<\/p>\n<h3>Buletin informativ<\/h3>\n<p>Pentru a fi la curent cu cele mai recente articole, tendin\u021be tehnologice \u0219i \u0219tiri din comunitatea IdLoaded, \u00eenscrie\u021bi-v\u0103 pentru buletinul nostru informativ. Trebuie doar s\u0103 introduce\u021bi adresa de e-mail \u00een caseta de \u00eenscriere din partea de jos a paginii noastre de pornire.<\/p>\n<h3>Feedback<\/h3>\n<p>C\u0103ut\u0103m mereu s\u0103 ne \u00eembun\u0103t\u0103\u021bim con\u021binutul \u0219i experien\u021ba utilizatorului. Dac\u0103 ave\u021bi sugestii sau comentarii despre cum v\u0103 putem \u00eembun\u0103t\u0103\u021bi experien\u021ba IdLoaded, v\u0103 rug\u0103m s\u0103 ni le \u00eemp\u0103rt\u0103\u0219i\u021bi prin e-mail.<\/p>\n<p>Apreciem interesul dumneavoastr\u0103 \u0219i a\u0219tept\u0103m cu ner\u0103bdare ve\u0219ti de la dumneavoastr\u0103. IdLoaded este aici pentru a conecta lumea informa\u021biilor cu cele mai noi tehnologii, iar contribu\u021bia dvs. este esen\u021bial\u0103 pentru a ne ajuta s\u0103 \u00eendeplinim aceast\u0103 misiune.<\/p>\n<p>V\u0103 mul\u021bumim c\u0103 face\u021bi parte din comunitatea noastr\u0103 de informa\u021bii generale!<\/p>","protected":false},"excerpt":{"rendered":"<p>Entre em Contato Conosco Obrigado pelo seu interesse no IdLoaded. Valorizamos suas opini\u00f5es e perguntas. Aqui est\u00e3o as formas de nos contatar: Email Para perguntas gerais, sugest\u00f5es ou coment\u00e1rios, envie um e-mail para contact@idloaded.com. Nossa equipe se esfor\u00e7ar\u00e1 para responder \u00e0s suas perguntas o mais r\u00e1pido poss\u00edvel. Formul\u00e1rio de Contato Se voc\u00ea tiver perguntas espec\u00edficas [&hellip;]<\/p>","protected":false},"author":1,"featured_media":0,"parent":0,"menu_order":0,"comment_status":"closed","ping_status":"closed","template":"","meta":{"footnotes":""},"class_list":["post-69","page","type-page","status-publish","hentry"],"_links":{"self":[{"href":"https:\/\/idloaded.com\/ro\/wp-json\/wp\/v2\/pages\/69","targetHints":{"allow":["GET"]}}],"collection":[{"href":"https:\/\/idloaded.com\/ro\/wp-json\/wp\/v2\/pages"}],"about":[{"href":"https:\/\/idloaded.com\/ro\/wp-json\/wp\/v2\/types\/page"}],"author":[{"embeddable":true,"href":"https:\/\/idloaded.com\/ro\/wp-json\/wp\/v2\/users\/1"}],"replies":[{"embeddable":true,"href":"https:\/\/idloaded.com\/ro\/wp-json\/wp\/v2\/comments?post=69"}],"version-history":[{"count":6,"href":"https:\/\/idloaded.com\/ro\/wp-json\/wp\/v2\/pages\/69\/revisions"}],"predecessor-version":[{"id":506,"href":"https:\/\/idloaded.com\/ro\/wp-json\/wp\/v2\/pages\/69\/revisions\/506"}],"wp:attachment":[{"href":"https:\/\/idloaded.com\/ro\/wp-json\/wp\/v2\/media?parent=69"}],"curies":[{"name":"wp","href":"https:\/\/api.w.org\/{rel}","templated":true}]}}