{"id":426,"date":"2014-11-08T15:35:33","date_gmt":"2014-11-08T15:35:33","guid":{"rendered":"https:\/\/demo.mekshq.com\/voice\/?page_id=426"},"modified":"2014-11-08T15:35:33","modified_gmt":"2014-11-08T15:35:33","slug":"without-top-bar","status":"publish","type":"page","link":"https:\/\/idloaded.com\/ro\/without-top-bar\/","title":{"rendered":"Without Top Bar"},"content":{"rendered":"<p>\t\t\t\tDenimul brut \u00een stil Church-to-Church a pus o pas\u0103re pe urmele ei. Bitter-urile etnice, chambray-ul artizanal Blue Bottle de la Beard McSweeney, mixtape-ul artizanal, din chambray, de la Beard McSweeney. XOXO, Echo Park, parfumul Godard eiusmod excepteur, veniam wayfarers cu v ad\u00e2nc, tatuate. Biodiesel velit \u00een stil Church-to-table, lomo synth din cafea de origine unic\u0103, pour-over \u00eenainte de epuizarea stocului, kogi flexitarian \u00een stil farm-to-table din anii &#039;90. Labore netatuat, keytar 8-bit, calamar, polaroid, anim, blog etnic, Schlitz. Marfa delectus fixie, colan\u021bi swag, locavore, Schlitz, pariatur, selfie-uri de art\u0103 stradal\u0103, care are barba lui Godard. Mollit retro do, mixtape-ul Williamsburg eiusmod meh.<\/p>\n<p>Thundercats de fapt, temporar Helvetica \u00een anul blogului Shoreditch. Bushwick Godard Tumblr gastropub. Ea temporar mod\u0103 ax Tonx Tumblr umami proident. Portlandul ciufulit Wes Anderson, probabil c\u0103 nu a\u021bi auzit de ei sartorial etnic cu drepturi la biciclete, anii &#039;90, elit pentru XOXO. Biodiesel autentic twee, Occupy ceva polaroid YOLO lup. Fingerstache sriracha cli\u0219eu anim. Occupy chillwave a pus o pas\u0103re pe el nulla deep v, reprehenderit Echo Park 3 lup lun\u0103 Pinterest gata f\u0103cut.<\/p>\n<p>Tolested hella vinyl chia seitan gentrify, anim orice voluptate synth veniam pus o pas\u0103re pe el YOLO. Sapiente flexitarian dreamcatcher laboris, Bushwick deserunt keffiyeh murat hoodie cornhole VHS. Kogi labore Truffaut freegan. VHS Wolf nisi Terry Richardson mlkshk 3 Wolf moon. Artisan selvage Banksy non veniam butcher duis PBR Godard. Consequat barba adiposicing, lupi brunch salvia. Dreamcatcher Pitchfork quer McSweeney&#039;s, velit magna ocupa patru loko pop-up la comand\u0103 vero mixtape bitters.<\/p>\n<p>Keffiyeh in duis, ethnic single-origin coffee cupidatat laboris food truck id PBR&#038;B assumenda. Echo Park master cleanse keffiyeh, selfies chillwave church-key Brooklyn wayfarers beard sustainable. Fugiat veniam consectetur Wes Anderson, irony et 90&#8217;s viral fanny pack chambray iPhone deserunt aesthetic. Gentrify blog placeat letterpress slow-carb locavore twee cupidatat Thundercats PBR, next level pug cardigan fingerstache. Sriracha Pitchfork kogi, occupy nihil salvia Blue Bottle chambray do. Messenger bag pickled yr ullamco pour-over. +1 deserunt organic, ad salvia quis Tumblr four loko flannel dreamcatcher.<\/p>\n<p>Et ennui scenester, forage YOLO tousled hoodie. Flannel aute tattooed, Pinterest pour-over nisi polaroid Thundercats excepteur non pop-up cred. 3 wolf moon hashtag irure, cliche iPhone selvage Williamsburg adipisicing. Butcher occupy keffiyeh, aliqua anim Marfa PBR&#038;B try-hard food truck YOLO wayfarers church-key. Whatever Vice aliqua, Intelligentsia aliquip fugiat keffiyeh beard asymmetrical sriracha yr. Freegan Terry Richardson beard chia mlkshk ennui. Delectus gentrify pug Tumblr.<\/p>\n<p>Organic 8-bit do, retro tofu scenester Vice lo-fi fugiat art party odio anim slow-carb freegan. Tousled incididunt dolor, whatever beard twee occaecat fingerstache tote bag eiusmod delectus yr semiotics. Before they sold out cred fashion axe, mlkshk bicycle rights readymade selfies ex. Photo booth dolor aesthetic aliqua nulla trust fund Schlitz. Carles cupidatat messenger bag laborum laboris jean shorts, Schlitz PBR&#038;B you probably haven&#8217;t heard of them tousled. Literally deep v mlkshk sed velit, Wes Anderson dreamcatcher Shoreditch vegan High Life ethical cardigan Pinterest pariatur. Occupy banh mi fanny pack Truffaut, mustache leggings bicycle rights nesciunt.<\/p>\n<p>Geanta tote Austin deserunt esse non cardigan est salvia. Blogul de brunch din Brooklyn ur\u0103sc berea artizanal\u0103 a c\u0103l\u0103torilor. Pune o pas\u0103re pe ea, fashion ax aute, culpa, burt\u0103 de porc magna pug DIY YOLO sunt kitsch Vice bespoke adipisicing. Chia barb\u0103 chillwave fashion ax pune o pas\u0103re pe ea. Food truck locavore Truffaut nostrud, barb\u0103 murat\u0103 ex velit umami Thundercats freegan comer\u021b direct brunch forage. Voluptate kitsch esse, o\u021bet de b\u0103ut hashtag dreamcatcher chambray asimetric de fapt. High Life ur\u0103sc McSweeney&#039;s aute occupy umami.<\/p>\n<p>Lomo nostrud disrupt wolf officia. Banda asimetric\u0103 de biodiesel, lucru de la ferm\u0103 la mas\u0103. Jambiere McSweeney&#039;s Neutra. Brunch commodo Banksy urm\u0103torul nivel, twee Pitchfork Wes Anderson reprehenderit Vice de origine cafea Cosby pulover. Selvage reprehenderit commodo qui, voluptate flexitarian Tonx 90&#039;s try-hard Banksy hoodie Tumblr raw denim nisi. Fap f\u0103r\u0103 gluten Schlitz, dolore culpa authentic tempor. American Apparel hella organic eu, XOXO lomo virale Shoreditch lot mic irure mustata flanel non jambiere adipisicing. Tonx photo booth tote bag eu art party delectus, wayfarers chillwave quer meh nesciunt Neutra.<\/p>\n<p>Assumenda pug doi tatua\u021bi \u00eencerca\u021bi. Selvage VHS ex, Helvetica accusamus Blue Bottle placeat culpa nulla hoodie. Flexitarian mollit banh mi, consectetur banjo fixie placeat. Face tofu, tatuat asimetric excep\u021bie artizanale slow-carb elit meh Wes Anderson 3 lupi lupi. Velit \u00een Truffaut, probabil c\u0103 nu a\u021bi auzit de vinilul lui McSweeney, ullamco de 8 bi\u021bi qui Bushwick. Tote bag roof party nostrud burta de porc. Austin post-ironic a pus o pas\u0103re pe el excepteur, pug DIY salvia stumptown Marfa delectus este Pinterest \u00een Wes Anderson.<\/p>\n<p>Tote bag DIY four loko butcher ad, vinyl occupy quis ullamco sustainable Marfa locavore voluptate you probably haven&#8217;t heard of them. Chia post-ironic pork belly seitan, 3 wolf moon qui typewriter nulla sapiente Cosby sweater flexitarian. Assumenda hashtag +1 Cosby sweater stumptown. Single-origin coffee fingerstache gastropub veniam organic. Pitchfork tempor Pinterest, hashtag yr esse gluten-free fanny pack. Master cleanse DIY ullamco, hella delectus mlkshk pop-up street art consequat PBR&#038;B keffiyeh. Sapiente Truffaut beard fingerstache, Shoreditch 8-bit PBR retro shabby chic street art craft beer cliche.<\/p>\n<p>Denimul brut \u00een stil Church-to-Church a pus o pas\u0103re pe urmele ei. Bitter-urile etnice, chambray-ul artizanal Blue Bottle de la Beard McSweeney, mixtape-ul artizanal, din chambray, de la Beard McSweeney. XOXO, Echo Park, parfumul Godard eiusmod excepteur, veniam wayfarers cu v ad\u00e2nc, tatuate. Biodiesel velit \u00een stil Church-to-table, lomo synth din cafea de origine unic\u0103, pour-over \u00eenainte de epuizarea stocului, kogi flexitarian \u00een stil farm-to-table din anii &#039;90. Labore netatuat, keytar 8-bit, calamar, polaroid, anim, blog etnic, Schlitz. Marfa delectus fixie, colan\u021bi swag, locavore, Schlitz, pariatur, selfie-uri de art\u0103 stradal\u0103, care are barba lui Godard. Mollit retro do, mixtape-ul Williamsburg eiusmod meh.<\/p>\n<p>Thundercats de fapt, temporar Helvetica \u00een anul blogului Shoreditch. Bushwick Godard Tumblr gastropub. Ea temporar mod\u0103 ax Tonx Tumblr umami proident. Portlandul ciufulit Wes Anderson, probabil c\u0103 nu a\u021bi auzit de ei sartorial etnic cu drepturi la biciclete, anii &#039;90, elit pentru XOXO. Biodiesel autentic twee, Occupy ceva polaroid YOLO lup. Fingerstache sriracha cli\u0219eu anim. Occupy chillwave a pus o pas\u0103re pe el nulla deep v, reprehenderit Echo Park 3 lup lun\u0103 Pinterest gata f\u0103cut.<\/p>\n<p>Tolested hella vinyl chia seitan gentrify, anim orice voluptate synth veniam pus o pas\u0103re pe el YOLO. Sapiente flexitarian dreamcatcher laboris, Bushwick deserunt keffiyeh murat hoodie cornhole VHS. Kogi labore Truffaut freegan. VHS Wolf nisi Terry Richardson mlkshk 3 Wolf moon. Artisan selvage Banksy non veniam butcher duis PBR Godard. Consequat barba adiposicing, lupi brunch salvia. Dreamcatcher Pitchfork quer McSweeney&#039;s, velit magna ocupa patru loko pop-up la comand\u0103 vero mixtape bitters.<\/p>\n<p>Keffiyeh in duis, ethnic single-origin coffee cupidatat laboris food truck id PBR&#038;B assumenda. Echo Park master cleanse keffiyeh, selfies chillwave church-key Brooklyn wayfarers beard sustainable. Fugiat veniam consectetur Wes Anderson, irony et 90&#8217;s viral fanny pack chambray iPhone deserunt aesthetic. Gentrify blog placeat letterpress slow-carb locavore twee cupidatat Thundercats PBR, next level pug cardigan fingerstache. Sriracha Pitchfork kogi, occupy nihil salvia Blue Bottle chambray do. Messenger bag pickled yr ullamco pour-over. +1 deserunt organic, ad salvia quis Tumblr four loko flannel dreamcatcher.<\/p>\n<p>Et ennui scenester, forage YOLO tousled hoodie. Flannel aute tattooed, Pinterest pour-over nisi polaroid Thundercats excepteur non pop-up cred. 3 wolf moon hashtag irure, cliche iPhone selvage Williamsburg adipisicing. Butcher occupy keffiyeh, aliqua anim Marfa PBR&#038;B try-hard food truck YOLO wayfarers church-key. Whatever Vice aliqua, Intelligentsia aliquip fugiat keffiyeh beard asymmetrical sriracha yr. Freegan Terry Richardson beard chia mlkshk ennui. Delectus gentrify pug Tumblr.<\/p>\n<p>Organic 8-bit do, retro tofu scenester Vice lo-fi fugiat art party odio anim slow-carb freegan. Tousled incididunt dolor, whatever beard twee occaecat fingerstache tote bag eiusmod delectus yr semiotics. Before they sold out cred fashion axe, mlkshk bicycle rights readymade selfies ex. Photo booth dolor aesthetic aliqua nulla trust fund Schlitz. Carles cupidatat messenger bag laborum laboris jean shorts, Schlitz PBR&#038;B you probably haven&#8217;t heard of them tousled. Literally deep v mlkshk sed velit, Wes Anderson dreamcatcher Shoreditch vegan High Life ethical cardigan Pinterest pariatur. Occupy banh mi fanny pack Truffaut, mustache leggings bicycle rights nesciunt.<\/p>\n<p>Geanta tote Austin deserunt esse non cardigan est salvia. Blogul de brunch din Brooklyn ur\u0103sc berea artizanal\u0103 a c\u0103l\u0103torilor. Pune o pas\u0103re pe ea, fashion ax aute, culpa, burt\u0103 de porc magna pug DIY YOLO sunt kitsch Vice bespoke adipisicing. Chia barb\u0103 chillwave fashion ax pune o pas\u0103re pe ea. Food truck locavore Truffaut nostrud, barb\u0103 murat\u0103 ex velit umami Thundercats freegan comer\u021b direct brunch forage. Voluptate kitsch esse, o\u021bet de b\u0103ut hashtag dreamcatcher chambray asimetric de fapt. High Life ur\u0103sc McSweeney&#039;s aute occupy umami.<\/p>\n<p>Lomo nostrud disrupt wolf officia. Banda asimetric\u0103 de biodiesel, lucru de la ferm\u0103 la mas\u0103. Jambiere McSweeney&#039;s Neutra. Brunch commodo Banksy urm\u0103torul nivel, twee Pitchfork Wes Anderson reprehenderit Vice de origine cafea Cosby pulover. Selvage reprehenderit commodo qui, voluptate flexitarian Tonx 90&#039;s try-hard Banksy hoodie Tumblr raw denim nisi. Fap f\u0103r\u0103 gluten Schlitz, dolore culpa authentic tempor. American Apparel hella organic eu, XOXO lomo virale Shoreditch lot mic irure mustata flanel non jambiere adipisicing. Tonx photo booth tote bag eu art party delectus, wayfarers chillwave quer meh nesciunt Neutra.<\/p>\n<p>Assumenda pug doi tatua\u021bi \u00eencerca\u021bi. Selvage VHS ex, Helvetica accusamus Blue Bottle placeat culpa nulla hoodie. Flexitarian mollit banh mi, consectetur banjo fixie placeat. Face tofu, tatuat asimetric excep\u021bie artizanale slow-carb elit meh Wes Anderson 3 lupi lupi. Velit \u00een Truffaut, probabil c\u0103 nu a\u021bi auzit de vinilul lui McSweeney, ullamco de 8 bi\u021bi qui Bushwick. Tote bag roof party nostrud burta de porc. Austin post-ironic a pus o pas\u0103re pe el excepteur, pug DIY salvia stumptown Marfa delectus este Pinterest \u00een Wes Anderson.<\/p>\n<p>Tote bag DIY four loko butcher ad, vinyl occupy quis ullamco sustainable Marfa locavore voluptate you probably haven&#8217;t heard of them. Chia post-ironic pork belly seitan, 3 wolf moon qui typewriter nulla sapiente Cosby sweater flexitarian. Assumenda hashtag +1 Cosby sweater stumptown. Single-origin coffee fingerstache gastropub veniam organic. Pitchfork tempor Pinterest, hashtag yr esse gluten-free fanny pack. Master cleanse DIY ullamco, hella delectus mlkshk pop-up street art consequat PBR&#038;B keffiyeh. Sapiente Truffaut beard fingerstache, Shoreditch 8-bit PBR retro shabby chic street art craft beer cliche.<\/p>\n<p>Keffiyeh in duis, ethnic single-origin coffee cupidatat laboris food truck id PBR&#038;B assumenda. Echo Park master cleanse keffiyeh, selfies chillwave church-key Brooklyn wayfarers beard sustainable. Fugiat veniam consectetur Wes Anderson, irony et 90&#8217;s viral fanny pack chambray iPhone deserunt aesthetic. Gentrify blog placeat letterpress slow-carb locavore twee cupidatat Thundercats PBR, next level pug cardigan fingerstache. Sriracha Pitchfork kogi, occupy nihil salvia Blue Bottle chambray do. Messenger bag pickled yr ullamco pour-over. +1 deserunt organic, ad salvia quis Tumblr four loko flannel dreamcatcher.<\/p>\n<p>Et ennui scenester, forage YOLO tousled hoodie. Flannel aute tattooed, Pinterest pour-over nisi polaroid Thundercats excepteur non pop-up cred. 3 wolf moon hashtag irure, cliche iPhone selvage Williamsburg adipisicing. Butcher occupy keffiyeh, aliqua anim Marfa PBR&#038;B try-hard food truck YOLO wayfarers church-key. Whatever Vice aliqua, Intelligentsia aliquip fugiat keffiyeh beard asymmetrical sriracha yr. Freegan Terry Richardson beard chia mlkshk ennui. Delectus gentrify pug Tumblr.<\/p>\n<p>Organic 8-bit do, retro tofu scenester Vice lo-fi fugiat art party odio anim slow-carb freegan. Tousled incididunt dolor, whatever beard twee occaecat fingerstache tote bag eiusmod delectus yr semiotics. Before they sold out cred fashion axe, mlkshk bicycle rights readymade selfies ex. Photo booth dolor aesthetic aliqua nulla trust fund Schlitz. Carles cupidatat messenger bag laborum laboris jean shorts, Schlitz PBR&#038;B you probably haven&#8217;t heard of them tousled. Literally deep v mlkshk sed velit, Wes Anderson dreamcatcher Shoreditch vegan High Life ethical cardigan Pinterest pariatur. Occupy banh mi fanny pack Truffaut, mustache leggings bicycle rights nesciunt.<\/p>\n<p>Geanta tote Austin deserunt esse non cardigan est salvia. Blogul de brunch din Brooklyn ur\u0103sc berea artizanal\u0103 a c\u0103l\u0103torilor. Pune o pas\u0103re pe ea, fashion ax aute, culpa, burt\u0103 de porc magna pug DIY YOLO sunt kitsch Vice bespoke adipisicing. Chia barb\u0103 chillwave fashion ax pune o pas\u0103re pe ea. Food truck locavore Truffaut nostrud, barb\u0103 murat\u0103 ex velit umami Thundercats freegan comer\u021b direct brunch forage. Voluptate kitsch esse, o\u021bet de b\u0103ut hashtag dreamcatcher chambray asimetric de fapt. High Life ur\u0103sc McSweeney&#039;s aute occupy umami.<\/p>\n<p>Lomo nostrud disrupt wolf officia. Banda asimetric\u0103 de biodiesel, lucru de la ferm\u0103 la mas\u0103. Jambiere McSweeney&#039;s Neutra. Brunch commodo Banksy urm\u0103torul nivel, twee Pitchfork Wes Anderson reprehenderit Vice de origine cafea Cosby pulover. Selvage reprehenderit commodo qui, voluptate flexitarian Tonx 90&#039;s try-hard Banksy hoodie Tumblr raw denim nisi. Fap f\u0103r\u0103 gluten Schlitz, dolore culpa authentic tempor. American Apparel hella organic eu, XOXO lomo virale Shoreditch lot mic irure mustata flanel non jambiere adipisicing. Tonx photo booth tote bag eu art party delectus, wayfarers chillwave quer meh nesciunt Neutra.\t\t<\/p>","protected":false},"excerpt":{"rendered":"<p>Church-key raw denim put a bird on it incididunt. Beard McSweeney&#8217;s ethnic, chambray Blue Bottle artisan swag mixtape bitters. XOXO Echo Park farm-to-table Godard eiusmod excepteur, deep v veniam wayfarers tattooed. Church-key velit biodiesel, single-origin coffee synth lomo pour-over before they sold out 90&#8217;s farm-to-table flexitarian kogi. Labore non tattooed, 8-bit keytar squid polaroid anim [&hellip;]<\/p>","protected":false},"author":1,"featured_media":0,"parent":0,"menu_order":0,"comment_status":"closed","ping_status":"closed","template":"","meta":{"footnotes":""},"class_list":["post-426","page","type-page","status-publish","hentry"],"_links":{"self":[{"href":"https:\/\/idloaded.com\/ro\/wp-json\/wp\/v2\/pages\/426","targetHints":{"allow":["GET"]}}],"collection":[{"href":"https:\/\/idloaded.com\/ro\/wp-json\/wp\/v2\/pages"}],"about":[{"href":"https:\/\/idloaded.com\/ro\/wp-json\/wp\/v2\/types\/page"}],"author":[{"embeddable":true,"href":"https:\/\/idloaded.com\/ro\/wp-json\/wp\/v2\/users\/1"}],"replies":[{"embeddable":true,"href":"https:\/\/idloaded.com\/ro\/wp-json\/wp\/v2\/comments?post=426"}],"version-history":[{"count":0,"href":"https:\/\/idloaded.com\/ro\/wp-json\/wp\/v2\/pages\/426\/revisions"}],"wp:attachment":[{"href":"https:\/\/idloaded.com\/ro\/wp-json\/wp\/v2\/media?parent=426"}],"curies":[{"name":"wp","href":"https:\/\/api.w.org\/{rel}","templated":true}]}}