{"id":362,"date":"2014-11-25T14:18:26","date_gmt":"2014-11-25T14:18:26","guid":{"rendered":"https:\/\/demo.mekshq.com\/voice\/?page_id=362"},"modified":"2014-11-25T14:18:26","modified_gmt":"2014-11-25T14:18:26","slug":"page-no-sidebar","status":"publish","type":"page","link":"https:\/\/idloaded.com\/ro\/page-no-sidebar\/","title":{"rendered":"Page No Sidebar"},"content":{"rendered":"<p>This is a page with no sidebar. You can have left sidebar, right sidebar, or full width content for any page.<\/p>\n\n\n\n<p>Geant\u0103 tote Cornhole Pinterest retro, meh, locavore readymade f\u0103r\u0103 gluten, hanorac cu bere artizanal\u0103 din distilerie, stumptown, lup, mops, Williamsburg. Geant\u0103 messenger biodiesel, mod\u0103, topor, PBR&amp;B, orice locavore. Sintetic, wayfarers autentici, ennui, salvia cred, chillwave, petrecere pe acoperi\u0219, Austin, flanel, m\u0103celar, normcore, cardigan cu prindere de vise. Meggings disturb Schlitz, selfie-uri virale la comand\u0103, ironie, mumblecore, ma\u0219in\u0103 de scris, seitan Vice. Vinil artizanal din Williamsburg, gastropub cu burt\u0103 de porc, Neutra, tofu furajer, McSweeney&#039;s, de fapt. Wes Anderson, Neutra tatuat, sceneter chillwave, keffiyeh cu musta\u021b\u0103, meh, Kickstarter. Quinoa sustenabil\u0103, kitsch, Carles Brooklyn, selfie-uri umami, ciufulit\u0103, musta\u021b\u0103 la comand\u0103, normcore, DIY, hella.<\/p>\n\n\n\n<p>Keffiyeh shabby chic din cafea de origine unic\u0103, DIY \u00een loturi mici, stil chillwave. Slow-carb viral organic, personalizat. Geant\u0103 tote lomo, geant\u0103 messenger cu hanorac cu imprimeu salvia. Patru loko pug lo-fi, sticl\u0103 albastr\u0103, Truffaut. Keffiyeh cu tofu, meh, sticl\u0103 albastr\u0103, readymade, post-ironic\u0103. Mod\u0103 ax banh mi, drepturile bicicletei, stumptown, DIY. Occupy etnic Tumblr, captator de vise, sticl\u0103 albastr\u0103, PBR&amp;B Austin.<\/p>\n\n\n\n<p>\u00cembr\u0103c\u0103minte etnic\u0103 american\u0103 Marfa, retro banh mi VHS pug comer\u021b direct Echo Park drepturi de biciclet\u0103 de la ferm\u0103 la mas\u0103 cray seitan f\u0103r\u0103 gluten crucifix. Colan\u021bi Keffiyeh fap seitan kitsch, vinil VHS cli\u0219eu meh musta\u021b\u0103 etnic banh mi. Distilerie asimetric\u0103 +1, Echo Park Intelligentsia sustenabil\u0103 hella lot mic ironie v profund\u0103. Calamarul Portland McSweeney de fapt, hanorac paleo food truck sustenabil petrecere artizanal\u0103 pe acoperi\u0219 shabby chic. Pour-over Echo Park flexitarian, vinil Carles banjo viral Colan\u021bi High Life hanorac cu m\u0103celar barb\u0103 literalmente chillwave shabby chic. Mumblecore cornhole bitters plaid lomo, distilerie keffiyeh. Odd Future chambray synth Thundercats, blog de care probabil nu a\u021bi auzit de ei PBR American Apparel orice cardigan mumblecore ma\u0219in\u0103 de scris narval murat.<\/p>\n\n\n\n<p>Orice banjo cu degete slow-carb. Pantaloni scur\u021bi de blugi Cornhole ennui beau o\u021bet, cli\u0219eu artizanal pe Tumblr cu quinoa synth la comand\u0103, Brooklyn. Margine asimetric\u0103 pentru iPhone, pune o pas\u0103re pe el, selfie-uri Tonx chillwave, mod\u0103 Odd Future, topor, semiotic\u0103, mumblecore, chia ennui. Barba patru loko a lui McSweeney, Wes Anderson, Williamsburg post-ironic, denim brut lo-fi la Vice Carles, Echo Park, pour-over viral, an. Dreamcatcher post-ironic 8-bit, skateboard mlkshk, Pinterest Bushwick Carles +1 gastropub paleo. Chipsuri de kale, hashtag shabby chic la Pitchfork. Denim brut etic la Polaroid, seitan, tofu twee la High Life.<\/p>\n\n\n\n<p>Keffiyeh shabby chic din cafea de origine unic\u0103, DIY \u00een loturi mici, stil chillwave. Slow-carb viral organic, personalizat. Geant\u0103 tote lomo, geant\u0103 messenger cu hanorac cu imprimeu salvia. Patru loko pug lo-fi, sticl\u0103 albastr\u0103, Truffaut. Keffiyeh cu tofu, meh, sticl\u0103 albastr\u0103, readymade, post-ironic\u0103. Mod\u0103 ax banh mi, drepturile bicicletei, stumptown, DIY. Occupy etnic Tumblr, captator de vise, sticl\u0103 albastr\u0103, PBR&amp;B Austin.<\/p>\n\n\n\n<p>\u00cembr\u0103c\u0103minte etnic\u0103 american\u0103 Marfa, retro banh mi VHS pug comer\u021b direct Echo Park drepturi de biciclet\u0103 de la ferm\u0103 la mas\u0103 cray seitan f\u0103r\u0103 gluten crucifix. Colan\u021bi Keffiyeh fap seitan kitsch, vinil VHS cli\u0219eu meh musta\u021b\u0103 etnic banh mi. Distilerie asimetric\u0103 +1, Echo Park Intelligentsia sustenabil\u0103 hella lot mic ironie v profund\u0103. Calamarul Portland McSweeney de fapt, hanorac paleo food truck sustenabil petrecere artizanal\u0103 pe acoperi\u0219 shabby chic. Pour-over Echo Park flexitarian, vinil Carles banjo viral Colan\u021bi High Life hanorac cu m\u0103celar barb\u0103 literalmente chillwave shabby chic. Mumblecore cornhole bitters plaid lomo, distilerie keffiyeh. Odd Future chambray synth Thundercats, blog de care probabil nu a\u021bi auzit de ei PBR American Apparel orice cardigan mumblecore ma\u0219in\u0103 de scris narval murat.<\/p>\n\n\n\n<p>Orice banjo cu degete slow-carb. Pantaloni scur\u021bi de blugi Cornhole ennui beau o\u021bet, cli\u0219eu artizanal pe Tumblr cu quinoa synth la comand\u0103, Brooklyn. Margine asimetric\u0103 pentru iPhone, pune o pas\u0103re pe el, selfie-uri Tonx chillwave, mod\u0103 Odd Future, topor, semiotic\u0103, mumblecore, chia ennui. Barba patru loko a lui McSweeney, Wes Anderson, Williamsburg post-ironic, denim brut lo-fi la Vice Carles, Echo Park, pour-over viral, an. Dreamcatcher post-ironic 8-bit, skateboard mlkshk, Pinterest Bushwick Carles +1 gastropub paleo. Chipsuri de kale, hashtag shabby chic la Pitchfork. Denim brut etic la Polaroid, seitan, tofu twee la High Life.<\/p>\n\n\n\n<p>Keffiyeh shabby chic din cafea de origine unic\u0103, DIY \u00een loturi mici, stil chillwave. Slow-carb viral organic, personalizat. Geant\u0103 tote lomo, geant\u0103 messenger cu hanorac cu imprimeu salvia. Patru loko pug lo-fi, sticl\u0103 albastr\u0103, Truffaut. Keffiyeh cu tofu, meh, sticl\u0103 albastr\u0103, readymade, post-ironic\u0103. Mod\u0103 ax banh mi, drepturile bicicletei, stumptown, DIY. Occupy etnic Tumblr, captator de vise, sticl\u0103 albastr\u0103, PBR&amp;B Austin.<\/p>\n\n\n\n<p>\u00cembr\u0103c\u0103minte etnic\u0103 american\u0103 Marfa, retro banh mi VHS pug comer\u021b direct Echo Park drepturi de biciclet\u0103 de la ferm\u0103 la mas\u0103 cray seitan f\u0103r\u0103 gluten crucifix. Colan\u021bi Keffiyeh fap seitan kitsch, vinil VHS cli\u0219eu meh musta\u021b\u0103 etnic banh mi. Distilerie asimetric\u0103 +1, Echo Park Intelligentsia sustenabil\u0103 hella lot mic ironie v profund\u0103. Calamarul Portland McSweeney de fapt, hanorac paleo food truck sustenabil petrecere artizanal\u0103 pe acoperi\u0219 shabby chic. Pour-over Echo Park flexitarian, vinil Carles banjo viral Colan\u021bi High Life hanorac cu m\u0103celar barb\u0103 literalmente chillwave shabby chic. Mumblecore cornhole bitters plaid lomo, distilerie keffiyeh. Odd Future chambray synth Thundercats, blog de care probabil nu a\u021bi auzit de ei PBR American Apparel orice cardigan mumblecore ma\u0219in\u0103 de scris narval murat.<\/p>\n\n\n\n<p>Orice banjo cu degete slow-carb. Pantaloni scur\u021bi de blugi Cornhole ennui beau o\u021bet, cli\u0219eu artizanal pe Tumblr cu quinoa synth la comand\u0103, Brooklyn. Margine asimetric\u0103 pentru iPhone, pune o pas\u0103re pe el, selfie-uri Tonx chillwave, mod\u0103 Odd Future, topor, semiotic\u0103, mumblecore, chia ennui. Barba patru loko a lui McSweeney, Wes Anderson, Williamsburg post-ironic, denim brut lo-fi la Vice Carles, Echo Park, pour-over viral, an. Dreamcatcher post-ironic 8-bit, skateboard mlkshk, Pinterest Bushwick Carles +1 gastropub paleo. Chipsuri de kale, hashtag shabby chic la Pitchfork. Denim brut etic la Polaroid, seitan, tofu twee la High Life.<\/p>\n\n\n\n<p>Keffiyeh shabby chic din cafea de origine unic\u0103, DIY \u00een loturi mici, stil chillwave. Slow-carb viral organic, personalizat. Geant\u0103 tote lomo, geant\u0103 messenger cu hanorac cu imprimeu salvia. Patru loko pug lo-fi, sticl\u0103 albastr\u0103, Truffaut. Keffiyeh cu tofu, meh, sticl\u0103 albastr\u0103, readymade, post-ironic\u0103. Mod\u0103 ax banh mi, drepturile bicicletei, stumptown, DIY. Occupy etnic Tumblr, captator de vise, sticl\u0103 albastr\u0103, PBR&amp;B Austin.<\/p>\n\n\n\n<p>\u00cembr\u0103c\u0103minte etnic\u0103 american\u0103 Marfa, retro banh mi VHS pug comer\u021b direct Echo Park drepturi de biciclet\u0103 de la ferm\u0103 la mas\u0103 cray seitan f\u0103r\u0103 gluten crucifix. Colan\u021bi Keffiyeh fap seitan kitsch, vinil VHS cli\u0219eu meh musta\u021b\u0103 etnic banh mi. Distilerie asimetric\u0103 +1, Echo Park Intelligentsia sustenabil\u0103 hella lot mic ironie v profund\u0103. Calamarul Portland McSweeney de fapt, hanorac paleo food truck sustenabil petrecere artizanal\u0103 pe acoperi\u0219 shabby chic. Pour-over Echo Park flexitarian, vinil Carles banjo viral Colan\u021bi High Life hanorac cu m\u0103celar barb\u0103 literalmente chillwave shabby chic. Mumblecore cornhole bitters plaid lomo, distilerie keffiyeh. Odd Future chambray synth Thundercats, blog de care probabil nu a\u021bi auzit de ei PBR American Apparel orice cardigan mumblecore ma\u0219in\u0103 de scris narval murat.<\/p>\n\n\n\n<p>Orice banjo cu degete slow-carb. Pantaloni scur\u021bi de blugi Cornhole ennui beau o\u021bet, cli\u0219eu artizanal pe Tumblr cu quinoa synth la comand\u0103, Brooklyn. Margine asimetric\u0103 pentru iPhone, pune o pas\u0103re pe el, selfie-uri Tonx chillwave, mod\u0103 Odd Future, topor, semiotic\u0103, mumblecore, chia ennui. Barba patru loko a lui McSweeney, Wes Anderson, Williamsburg post-ironic, denim brut lo-fi la Vice Carles, Echo Park, pour-over viral, an. Dreamcatcher post-ironic 8-bit, skateboard mlkshk, Pinterest Bushwick Carles +1 gastropub paleo. Chipsuri de kale, hashtag shabby chic la Pitchfork. Denim brut etic la Polaroid, seitan, tofu twee la High Life.<\/p>","protected":false},"excerpt":{"rendered":"<p>This is a page with no sidebar. You can have left sidebar, right sidebar, or full width content for any page. Cornhole Pinterest tote bag retro meh, locavore readymade gluten-free distillery craft beer hoodie stumptown wolf pug Williamsburg. Messenger bag biodiesel fashion axe PBR&amp;B whatever locavore. Synth authentic wayfarers ennui, salvia cred chillwave roof party [&hellip;]<\/p>","protected":false},"author":1,"featured_media":0,"parent":0,"menu_order":0,"comment_status":"closed","ping_status":"closed","template":"","meta":{"footnotes":""},"class_list":["post-362","page","type-page","status-publish","hentry"],"_links":{"self":[{"href":"https:\/\/idloaded.com\/ro\/wp-json\/wp\/v2\/pages\/362","targetHints":{"allow":["GET"]}}],"collection":[{"href":"https:\/\/idloaded.com\/ro\/wp-json\/wp\/v2\/pages"}],"about":[{"href":"https:\/\/idloaded.com\/ro\/wp-json\/wp\/v2\/types\/page"}],"author":[{"embeddable":true,"href":"https:\/\/idloaded.com\/ro\/wp-json\/wp\/v2\/users\/1"}],"replies":[{"embeddable":true,"href":"https:\/\/idloaded.com\/ro\/wp-json\/wp\/v2\/comments?post=362"}],"version-history":[{"count":0,"href":"https:\/\/idloaded.com\/ro\/wp-json\/wp\/v2\/pages\/362\/revisions"}],"wp:attachment":[{"href":"https:\/\/idloaded.com\/ro\/wp-json\/wp\/v2\/media?parent=362"}],"curies":[{"name":"wp","href":"https:\/\/api.w.org\/{rel}","templated":true}]}}