{"id":337,"date":"2014-11-25T13:52:17","date_gmt":"2014-11-25T13:52:17","guid":{"rendered":"https:\/\/demo.mekshq.com\/voice\/?page_id=337"},"modified":"2014-11-25T13:52:17","modified_gmt":"2014-11-25T13:52:17","slug":"coduri-scurte","status":"publish","type":"page","link":"https:\/\/idloaded.com\/ro\/coduri-scurte\/","title":{"rendered":"Coduri scurte"},"content":{"rendered":"<p>\t\t\t\tTema vine cu suport complet pentru pluginul nostru WordPress Meks Flexible Shortcodes. Vezi c\u00e2teva exemple de con\u021binut pe care \u00eel po\u021bi crea \u00een interiorul paginii\/post\u0103rilor cu ajutorul shortcode-urilor noastre.<\/p>\n<h3>Pute\u021bi ad\u0103uga c\u00e2teva coloane\u2026<\/h3>\n<p>[mks_col]<\/p>\n<p>[mks_one_half]Excep\u021bie de adipoziv\u0103 cu chipsuri de kale tari \u0219i. Meh, lup, anim delectus skateboard. Scenariu de nutre\u021b, musta\u021b\u0103, skateboard DIY, sapiente laborum orice. Consectetur etic non +1 ciufulit autentic. Pentru viral delectus nivelul urm\u0103tor. Helvetica sustenabil\u0103 Brooklyn, petrecere pe acoperi\u0219 f\u0103r\u0103 gluten, veniam, nostrud, ironie tatuat\u0103, burt\u0103 de porc, shabby chic care bea o\u021bet. Truffaut flexitarian non reprehenderit Pitchfork, incident\u0103 Bushwick de la ferm\u0103 la mas\u0103.[\/mks_one_half]<\/p>\n<p>[mks_one_half]Umami barba Godard, cornhole semiotica cray eiusmod carouri ma\u0219in\u0103 de scris shabby chic vestimentar Wes Anderson. F\u0103r\u0103 furaje laborum tatuate, art party DIY mumblecore veniam accusamus American Apparel master cleanse selfies ocupa ea ferm\u0103 la mas\u0103. Exercitation letterpress duis ennui bespoke readymade. Sapient tofu consequat four loko quer. Ennui vinyl umami incidente Austin cardigan voluptate.[\/mks_one_half]<\/p>\n<p>[\/mks_col]<\/p>\n<h3>Poate ni\u0219te bare de progres?<\/h3>\n<p>[mks_progressbar name=\u201dSmart\u201d level=\u201dHigh\u201d value=\u201d70\u2033 height=\u201d20\u2033 color=\u201d#e23a3e\u201d style=\u201dsquared\u201d]<br \/>\n[mks_progressbar name=\u201dCreativ\u201d level=\u201dFoarte Ridicat\u201d value=\u201d90\u2033 height=\u201d20\u2033 color=\u201d#f7c24e\u201d style=\u201dsquared\u201d]<br \/>\n[mks_progressbar name=\u201dPesimist\u201d level=\u201dSc\u0103zut\u201d value=\u201d30\u2033 height=\u201d20\u2033 color=\u201d#2c9cb1\u2033 style=\u201dsquared\u201d]<br \/>\n[mks_progressbar name=\u201dOptimist\u201d level=\u201dMediu\u201d value=\u201d50\u2033 height=\u201d20\u2033 color=\u201d#000000\u2033 style=\u201dsquared\u201d]<\/p>\n<p>[mks_separator style=\u201dblank\u201d height=\u201d20\u2033]<\/p>\n<h4>Pictograme de fonturi grozave?<\/h4>\n<h3>[mks_icon icon=\u201dfa-power-off\u201d color=\u201d#e23a3e\u201d] [mks_icon icon=\u201dfa-cog\u201d color=\u201d#e23a3e\u201d] [mks_icon icon=\u201dfa-th-list\u201d color=\u201d#e23a3e\u201d] [mks_icon icon=\u201dfa-file-o\u201d color=\u201d#e23a3e\u201d] [mks_icon icon=\u201dfa-video-camera\u201d color=\u201d#e23a3e\u201d] [mks_icon icon=\u201dfa-calendar\u201d color=\u201d#e23a3e\u201d] [mks_icon icon=\u201dfa-book\u201d color=\u201d#e23a3e\u201d] [mks_icon icon=\u201dfa-eye\u201d color=\u201d#e23a3e\u201d] [mks_icon icon=\u201dfa-heart-o\u201d culoare=\u201d#2c9cb1\u2033] [mks_icon icon=\u201dfa-umbrel\u0103\u201d culoare=\u201d#2c9cb1\u2033] [mks_icon icon=\u201dfa-microfon\u201d culoare=\u201d#2c9cb1\u2033]<\/h3>\n<p>[mks_separator style=\u201dblank\u201d height=\u201d20\u2033]<\/p>\n<h3>Sau ni\u0219te nasturi frumo\u0219i?<\/h3>\n<p>[mks_button size=&quot;small&quot; title=&quot;Small&quot; style=&quot;squared&quot; url=&quot;https:\/\/mekshq.com&quot; target=&quot;_blank&quot; bg_color=&quot;#e23a3e&quot; txt_color=&quot;#FFFFFF&quot; icon=&quot;fa-music&quot;]<\/p>\n<p>[mks_button size=\u201dsmall\u201d title=\u201dSmall\u201d style=\u201dsquared\u201d url=\u201dhttps:\/\/mekshq.com\u201d target=\u201d_blank\u201d bg_color=\u201d#f7c24e\u201d txt_color=\u201d#FFFFFF\u201d icon=\u201dfa-music\u201d]<\/p>\n<p>[mks_button size=\u201dsmall\u201d title=\u201dSmall\u201d style=\u201dsquared\u201d url=\u201dhttps:\/\/mekshq.com\u201d target=\u201d_blank\u201d bg_color=\u201d#2c9cb1\u2033 txt_color=\u201d#FFFFFF\u201d icon=\u201dfa-music\u201d]<\/p>\n<p>[mks_separator style=\u201dblank\u201d height=\u201d1\u2033]<\/p>\n<p>[mks_button size=&quot;mediu&quot; title=&quot;Mediu&quot; style=&quot;rotunjit&quot; url=&quot;https:\/\/mekshq.com&quot; target=&quot;_blank&quot; bg_color=&quot;#e23a3e&quot; txt_color=&quot;#FFFFFFF&quot; icon=&quot;fa-power-off&quot;]<\/p>\n<p>[mks_button size=&quot;mediu&quot; title=&quot;Mediu&quot; style=&quot;rotunjit&quot; url=&quot;https:\/\/mekshq.com&quot; target=&quot;_blank&quot; bg_color=&quot;#f7c24e&quot; txt_color=&quot;#FFFFFFF&quot; icon=&quot;fa-power-off&quot;]<\/p>\n<p>[mks_button size=&quot;mediu&quot; title=&quot;Mediu&quot; style=&quot;rotunjit&quot; url=&quot;https:\/\/mekshq.com&quot; target=&quot;_blank&quot; bg_color=&quot;#2c9cb1&quot; txt_color=&quot;#FFFFFFF&quot; icon=&quot;fa-power-off&quot;]<\/p>\n<p>[mks_separator style=\u201dblank\u201d height=\u201d1\u2033]<\/p>\n<p>[mks_button size=&quot;large&quot; title=&quot;Buton Mare&quot; style=&quot;rounded&quot; url=&quot;https:\/\/mekshq.com&quot; target=&quot;_blank&quot; bg_color=&quot;#e23a3e&quot; txt_color=&quot;#FFFFFF&quot; icon=&quot;&quot;]<\/p>\n<p>[mks_button size=&quot;large&quot; title=&quot;Buton Mare&quot; style=&quot;rounded&quot; url=&quot;https:\/\/mekshq.com&quot; target=&quot;_blank&quot; bg_color=&quot;#f7c24e&quot; txt_color=&quot;#FFFFFF&quot; icon=&quot;&quot;]<\/p>\n<p>[mks_button size=&quot;large&quot; title=&quot;Buton Mare&quot; style=&quot;rounded&quot; url=&quot;https:\/\/mekshq.com&quot; target=&quot;_blank&quot; bg_color=&quot;#2c9cb1&quot; txt_color=&quot;#FFFFFF&quot; icon=&quot;&quot;]<\/p>\n<p>[mks_separator style=\u201dblank\u201d height=\u201d20\u2033]<\/p>\n<h3>Poate ni\u0219te icoane sociale?<\/h3>\n<p>[mks_social icon=\u201daim\u201d size=\u201d48\u2033 style=\u201drounded\u201d url=\u201dhttp:\/\/\u201d target=\u201d_self\u201d][mks_social icon=\u201dskype\u201d size=\u201d48\u2033 style=\u201drounded\u201d url=\u201dhttp:\/\/\u201d target=\u201d_self\u201d][mks_social icon=\u201ddribbble\u201d size=\u201d48\u2033 style=\u201drounded\u201d url=\u201dhttp:\/\/\u201d target=\u201d_self\u201d][mks_social icon=\u201dfacebook\u201d size=\u201d48\u2033 style=\u201drounded\u201d url=\u201dhttp:\/\/\u201d target=\u201d_self\u201d][mks_social icon=\u201dpinterest\u201d size=\u201d48\u2033 style=\u201drounded\u201d url=\u201dhttp:\/\/\u201d target=\u201d_self\u201d][mks_social icon=\u201dlinkedin\u201d size=\u201d48\u2033 style=\u201drounded\u201d url=\u201dhttp:\/\/\u201d target=\u201d_self\u201d][mks_social icon=\u201dgrooveshark\u201d size=\u201d48\u2033 style=\u201drounded\u201d url=\u201dhttp:\/\/\u201d target=\u201d_self\u201d][mks_social icon=\u201dforrst\u201d size=\u201d48\u2033 style=\u201drounded\u201d url=\u201dhttp:\/\/\u201d target=\u201d_self\u201d][mks_social icon=\u201dinstagram\u201d size=\u201d48\u2033 style=\u201drounded\u201d url=\u201dhttp:\/\/\u201d target=\u201d_self\u201d][mks_social icon=\u201dflickr\u201d size=\u201d48\u2033 style=\u201drounded\u201d url=\u201dhttp:\/\/\u201d target=\u201d_self\u201d][mks_social icon=\u201devernote\u201d size=\u201d48\u2033 style=\u201drounded\u201d url=\u201dhttp:\/\/\u201d target=\u201d_self\u201d][mks_social icon=\u201dyahoo\u201d size=\u201d48\u2033 style=\u201drounded\u201d url=\u201dhttp:\/\/\u201d target=\u201d_self\u201d]<\/p>\n<p>[mks_social icon=\u201daim\u201d size=\u201d48\u2033 style=\u201dcircle\u201d url=\u201dhttp:\/\/\u201d target=\u201d_self\u201d][mks_social icon=\u201dskype\u201d size=\u201d48\u2033 style=\u201dcircle\u201d url=\u201dhttp:\/\/\u201d target=\u201d_self\u201d][mks_social icon=\u201ddribbble\u201d size=\u201d48\u2033 style=\u201dcircle\u201d url=\u201dhttp:\/\/\u201d target=\u201d_self\u201d][mks_social icon=\u201dfacebook\u201d size=\u201d48\u2033 style=\u201dcircle\u201d url=\u201dhttp:\/\/\u201d target=\u201d_self\u201d][mks_social icon=\u201dpinterest\u201d size=\u201d48\u2033 style=\u201dcircle\u201d url=\u201dhttp:\/\/\u201d target=\u201d_self\u201d][mks_social icon=\u201dlinkedin\u201d size=\u201d48\u2033 style=\u201dcircle\u201d url=\u201dhttp:\/\/\u201d target=\u201d_self\u201d][mks_social icon=\u201dgrooveshark\u201d size=\u201d48\u2033 style=\u201dcircle\u201d url=\u201dhttp:\/\/\u201d target=\u201d_self\u201d][mks_social icon=\u201dforrst\u201d size=\u201d48\u2033 style=\u201dcircle\u201d url=\u201dhttp:\/\/\u201d target=\u201d_self\u201d][mks_social icon=\u201dinstagram\u201d size=\u201d48\u2033 style=\u201dcircle\u201d url=\u201dhttp:\/\/\u201d target=\u201d_self\u201d][mks_social icon=\u201dflickr\u201d size=\u201d48\u2033 style=\u201dcircle\u201d url=\u201dhttp:\/\/\u201d target=\u201d_self\u201d][mks_social icon=\u201devernote\u201d size=\u201d48\u2033 style=\u201dcircle\u201d url=\u201dhttp:\/\/\u201d target=\u201d_self\u201d][mks_social icon=\u201dyahoo\u201d size=\u201d48\u2033 style=\u201dcircle\u201d url=\u201dhttp:\/\/\u201d target=\u201d_self\u201d]<\/p>\n<p>[mks_social icon=\u201daim\u201d size=\u201d48\u2033 style=\u201dsquare\u201d url=\u201dhttp:\/\/\u201d target=\u201d_self\u201d][mks_social icon=\u201dskype\u201d size=\u201d48\u2033 style=\u201dsquare\u201d url=\u201dhttp:\/\/\u201d target=\u201d_self\u201d][mks_social icon=\u201ddribbble\u201d size=\u201d48\u2033 style=\u201dsquare\u201d url=\u201dhttp:\/\/\u201d target=\u201d_self\u201d][mks_social icon=\u201dfacebook\u201d size=\u201d48\u2033 style=\u201dsquare\u201d url=\u201dhttp:\/\/\u201d target=\u201d_self\u201d][mks_social icon=\u201dpinterest\u201d size=\u201d48\u2033 style=\u201dsquare\u201d url=\u201dhttp:\/\/\u201d target=\u201d_self\u201d][mks_social icon=\u201dlinkedin\u201d size=\u201d48\u2033 style=\u201dsquare\u201d url=\u201dhttp:\/\/\u201d target=\u201d_self\u201d][mks_social icon=\u201dgrooveshark\u201d size=\u201d48\u2033 style=\u201dsquare\u201d url=\u201dhttp:\/\/\u201d target=\u201d_self\u201d][mks_social icon=\u201dforrst\u201d size=\u201d48\u2033 style=\u201dsquare\u201d url=\u201dhttp:\/\/\u201d target=\u201d_self\u201d][mks_social icon=\u201dinstagram\u201d size=\u201d48\u2033 style=\u201dsquare\u201d url=\u201dhttp:\/\/\u201d target=\u201d_self\u201d][mks_social icon=\u201dflickr\u201d size=\u201d48\u2033 style=\u201dsquare\u201d url=\u201dhttp:\/\/\u201d target=\u201d_self\u201d][mks_social icon=\u201devernote\u201d size=\u201d48\u2033 style=\u201dsquare\u201d url=\u201dhttp:\/\/\u201d target=\u201d_self\u201d][mks_social icon=\u201dyahoo\u201d size=\u201d48\u2033 style=\u201dsquare\u201d url=\u201dhttp:\/\/\u201d target=\u201d_self\u201d]<\/p>\n<div class=\"clear\">[mks_separator style=\u201dblank\u201d height=\u201d30\u2033]<\/div>\n<h3>Leterele deta\u0219abile?<\/h3>\n<p>[mks_dropcap style=\u201dletter\u201d size=\u201d50\u2033 bg_color=\u201d#ffffff\u201d txt_color=\u201d#000000\u2033]A[\/mks_dropcap]exceptor adipos chipsuri de kale try-hard \u0219i. Meh lup anim delectus skateboard. Forage scenester musta\u021b\u0103 skateboard DIY, sapiente laborum orice. Consectetur etic non +1 ciufulit autentic. Pentru viral delectus nivelul urm\u0103tor. Helvetica sustenabil\u0103 Brooklyn petrecere pe acoperi\u0219 f\u0103r\u0103 gluten veniam, nostrud ironie tatuat\u0103 burt\u0103 de porc shabby chic care bea o\u021bet. Truffaut flexitarian non reprehenderit Pitchfork, incident\u0103 Bushwick de la ferm\u0103 la mas\u0103.<\/p>\n<p>[mks_dropcap style=\u201dsquare\u201d size=\u201d50\u2033 bg_color=\u201d#91c842\u2033 txt_color=\u201d#ffffff\u201d]A[\/mks_dropcap]exceptor adipos chipsuri de kale try-hard \u0219i. Meh lup anim delectus skateboard. Scenester de furaje cu musta\u021b\u0103 skateboard DIY, sapiente laborum orice. Consectetur etic non +1 ciufulit autentic. Pentru viral delectus nivelul urm\u0103tor. Helvetica sustenabil\u0103 Brooklyn petrecere pe acoperi\u0219 f\u0103r\u0103 gluten veniam, nostrud ironie tatuat\u0103 burt\u0103 de porc shabby chic care bea o\u021bet. Truffaut flexitarian non reprehenderit Pitchfork, incident\u0103 Bushwick de la ferm\u0103 la mas\u0103.<\/p>\n<p>[mks_dropcap style=\u201dcircle\u201d size=\u201d50\u2033 bg_color=\u201d#f7c24e\u201d txt_color=\u201d#ffffff\u201d]A[\/mks_dropcap]exceptor adipisicing try-hard chipsuri de kale \u0219i. Meh lup anim delectus skateboard. Forage scenester musta\u021b\u0103 skateboard DIY, sapiente laborum orice. Consectetur etic non +1 ciufulit autentic. Pentru viral delectus nivelul urm\u0103tor. Helvetica Brooklyn sustenabil petrecere pe acoperi\u0219 f\u0103r\u0103 gluten veniam, nostrud ironie tatuat\u0103 burt\u0103 de porc shabby chic care bea o\u021bet.<\/p>\n<p>[mks_dropcap style=\u201drounded\u201d size=\u201d50\u2033 bg_color=\u201d#2c9cb1\u2033 txt_color=\u201d#ffffff\u201d]A[\/mks_dropcap]exceptor adipos chipsuri de kale try-hard \u0219i. Meh lup anim delectus skateboard. Forage scenester musta\u021b\u0103 skateboard DIY, sapiente laborum orice. Consectetur etic non +1 ciufulit autentic. Pentru viral delectus nivelul urm\u0103tor. Helvetica sustenabil\u0103 Brooklyn petrecere pe acoperi\u0219 f\u0103r\u0103 gluten veniam, nostrud ironie tatuat\u0103 burt\u0103 de porc shabby chic care bea o\u021bet. Truffaut flexitarian non reprehenderit Pitchfork, incident\u0103 Bushwick de la ferm\u0103 la mas\u0103.<\/p>\n<h3>Citate extrase?<\/h3>\n<p>[mks_pullquote align=\u201dleft\u201d width=\u201d300\u2033 size=\u201d24\u2033 bg_color=\u201d#f7c24e\u201d txt_color=\u201d#ffffff\u201d]Chia kitsch laborum, Etsy iPhone Echo Park Thundercats biseric\u0103-cheie cornhole organic lo-fi. [\/mks_pullquote] Letterpress sartorial meh lomo hashtag, eiusmod aliqua in. Semiotica furaje etnice, irure dreamcatcher perturb\u0103 c\u0103l\u0103torii slow-carb eu. IPhone tatuat labore 3 lupi luna Odd Future, skateboard dolore. Est reprehenderit pug mumblecore swag etnic. Chia kitsch laborum, Etsy iPhone Echo Park Thundercats biseric\u0103-cheie cornhole organic lo-fi. Reprezint\u0103 pop-up lup, \u00eencerca\u021bi din greu \u0219i pariatur bere artizanal\u0103 keytar calmar \u0219i tote bag Echo Park. Patru loko mlkshk proident, cafea cu o singur\u0103 origine ullamco perturb\u0103 banh mi lo-fi freegan Shoreditch ironia. Letterpress sartorial meh lomo hashtag, eiusmod aliqua in. Semiotica furaj etnic, irure dreamcatcher perturb\u0103 c\u0103l\u0103torii slow-carb eu. IPhone tatuat labore 3 lupi luna Odd Future, skateboard dolore. Est reprehenderit pug mumblecore swag etnic. Chia kitsch laborum, Etsy iPhone Echo Park Thundercats biseric\u0103-cheie cornhole organic lo-fi.<\/p>\n<p>[mks_pullquote align=\u201dright\u201d width=\u201d300\u2033 size=\u201d24\u2033 bg_color=\u201d#2c9cb1\u2033 txt_color=\u201d#ffffff\u201d]Chia kitsch laborum, Etsy iPhone Echo Park Thundercats church-key cornhole\/quoteprerefictionare-cheie organice] pop-up wolf, try-hard ut pariatur craft beer keytar squid et tote bag Echo Park Four loko mlkshk proident, unic\u0103 origine cafea ullamco disrupt banh mi freegan Shoreditch irony sartorial meh lomo hashtag, eiusmod aliqua in reprehenderit pug mumblecore swag etnic Chia kitsch laborum, Etsy iPhone Echo Park Thundercats biseric\u0103 cornhole organice Reprehenderit pop-up wolf, try-hard ut pariatur bere artizanal\u0103 keytar squid \u0219i tote bag Echo Park. Patru loko mlkshk proident, cafea cu o singur\u0103 origine ullamco perturb\u0103 banh mi lo-fi freegan Shoreditch ironia. Letterpress sartorial meh lomo hashtag, eiusmod aliqua in. Semiotica furaj etnic, irure dreamcatcher perturb\u0103 c\u0103l\u0103torii slow-carb eu. IPhone tatuat labore 3 lupi luna Odd Future, skateboard dolore. Est reprehenderit pug mumblecore swag etnic. Chia kitsch laborum, Etsy iPhone Echo Park Thundercats biseric\u0103-cheie cornhole organic lo-fi.<\/p>\n<h3>Taburi?<\/h3>\n<p>[mks_tabs nav=\u201dorizontal\u201d]<br \/>\n[mks_tab_item title=\u201dTitlu 1\u2033]<br \/>\nChia kitsch laborum, Etsy iPhone Echo Park Thundercats biseric\u0103-cheie cornhole organic lo-fi. Reprezint\u0103 pop-up lup, \u00eencerca\u021bi din greu \u0219i pariatur bere artizanal\u0103 keytar calmar \u0219i tote bag Echo Park. Patru loko mlkshk proident, cafea cu o singur\u0103 origine ullamco perturb\u0103 banh mi lo-fi freegan Shoreditch ironia. Letterpress sartorial meh lomo hashtag, eiusmod aliqua in. Semiotica furaj etnic, irure dreamcatcher perturb\u0103 c\u0103l\u0103torii slow-carb eu. IPhone tatuat labore 3 lupi luna Odd Future, skateboard dolore.<br \/>\n[mks_tab_item]<br \/>\n[mks_tab_item title=\u201dTitlul 2\u2033]<br \/>\nCardigan tatuat cu narval, meggings cu quinoa \u00een pariaturi synth, selfie-uri etnice High Life. \u00cen banjo master cleanse, cred non Thundercats. Pantofi fixie fap gastropub, pantaloni scur\u021bi de blugi Ullamco 8-bit din flanel Portland XOXO esse. Biodiesel de nivel superior fixie letterpress, burt\u0103 de porc f\u0103r\u0103 gluten laborios sunt. Paleo qui Thundercats nostrud keytar nulla. Reclam\u0103 synth church-key Terry Richardson presupun\u00e2nd vara, bitter de la ferm\u0103 la mas\u0103, labore non ullamco dreamcatcher. Ma\u0219in\u0103 de scris ex Helvetica, polaroid cu hashtag de cafea de origine unic\u0103, mixtape vestimentar\u0103 murat\u0103.<br \/>\n[mks_tab_item]<br \/>\n[mks_tab_item title=&quot;Titlu 3&quot;]<br \/>\nLiteral enim elit id, Vice ciufulit Intelligentsia. Fixie sint nostrud mlkshk, delectus synth Marfa et. Nihil VHS authentic pork belly sunt, sapiente in Austin kogi paleo PBR&amp;B 8-bit. Cardiganul Tumblr perturb\u0103 fondul fiduciar tatuat paleo, Truffaut odio sunt b\u0103ut o\u021bet. Polaroid readymade cray cardigan Shoreditch pug synth, autentic freegan aliquip banjo fugiat. Fondul fiduciar hella McSweeney&#039;s farm-to-table reprehenderit, beard anim church-key cillum eu lo-fi ma\u0219in\u0103 de scris pop-up. Quis \u00eenainte au v\u00e2ndut scenester banjo, fashion axe nesciunt sartorial veniam Portland magna aute Vice.<br \/>\n[mks_tab_item]<br \/>\n[\/mks_tabs]<\/p>\n<p>[mks_tabs nav=\u201dvertical\u201d]<br \/>\n[mks_tab_item title=\u201dTitlu 1\u2033]<br \/>\nChia kitsch laborum, Etsy iPhone Echo Park Thundercats biseric\u0103-cheie cornhole organic lo-fi. Reprezint\u0103 pop-up lup, \u00eencerca\u021bi din greu \u0219i pariatur bere artizanal\u0103 keytar calmar \u0219i tote bag Echo Park. Patru loko mlkshk proident, cafea cu o singur\u0103 origine ullamco perturb\u0103 banh mi lo-fi freegan Shoreditch ironia. Letterpress sartorial meh lomo hashtag, eiusmod aliqua in. Semiotica furaj etnic, irure dreamcatcher perturb\u0103 c\u0103l\u0103torii slow-carb eu. IPhone tatuat labore 3 lupi luna Odd Future, skateboard dolore.<br \/>\n[mks_tab_item]<br \/>\n[mks_tab_item title=\u201dTitlul 2\u2033]<br \/>\nCardigan tatuat cu narval, meggings cu quinoa \u00een pariaturi synth, selfie-uri etnice High Life. \u00cen banjo master cleanse, cred non Thundercats. Pantofi fixie fap gastropub, pantaloni scur\u021bi de blugi Ullamco 8-bit din flanel Portland XOXO esse. Biodiesel de nivel superior fixie letterpress, burt\u0103 de porc f\u0103r\u0103 gluten laborios sunt. Paleo qui Thundercats nostrud keytar nulla. Reclam\u0103 synth church-key Terry Richardson presupun\u00e2nd vara, bitter de la ferm\u0103 la mas\u0103, labore non ullamco dreamcatcher. Ma\u0219in\u0103 de scris ex Helvetica, polaroid cu hashtag de cafea de origine unic\u0103, mixtape vestimentar\u0103 murat\u0103.<br \/>\n[mks_tab_item]<br \/>\n[mks_tab_item title=&quot;Titlu 3&quot;]<br \/>\nLiteral enim elit id, Vice ciufulit Intelligentsia. Fixie sint nostrud mlkshk, delectus synth Marfa et. Nihil VHS authentic pork belly sunt, sapiente in Austin kogi paleo PBR&amp;B 8-bit. Cardiganul Tumblr perturb\u0103 fondul fiduciar tatuat paleo, Truffaut odio sunt b\u0103ut o\u021bet. Polaroid readymade cray cardigan Shoreditch pug synth, autentic freegan aliquip banjo fugiat. Fondul fiduciar hella McSweeney&#039;s farm-to-table reprehenderit, beard anim church-key cillum eu lo-fi ma\u0219in\u0103 de scris pop-up. Quis \u00eenainte au v\u00e2ndut scenester banjo, fashion axe nesciunt sartorial veniam Portland magna aute Vice.<br \/>\n[mks_tab_item]<br \/>\n[\/mks_tabs]<\/p>\n<h3>Acordeoane?<\/h3>\n<p>[mks_accordion]<br \/>\n[mks_accordion_item title=\u201dTitlul 1\u2033]<br \/>\nLiteral enim elit id, Vice ciufulit Intelligentsia. Fixie sint nostrud mlkshk, delectus synth Marfa et. Nihil VHS authentic pork belly sunt, sapiente in Austin kogi paleo PBR&amp;B 8-bit. Cardiganul Tumblr perturb\u0103 fondul fiduciar tatuat paleo, Truffaut odio sunt b\u0103ut o\u021bet. Polaroid readymade cray cardigan Shoreditch pug synth, autentic freegan aliquip banjo fugiat. Fondul fiduciar hella McSweeney&#039;s farm-to-table reprehenderit, beard anim church-key cillum eu lo-fi ma\u0219in\u0103 de scris pop-up. Quis \u00eenainte au v\u00e2ndut scenester banjo, fashion axe nesciunt sartorial veniam Portland magna aute Vice.<br \/>\n[\/mks_accordion_item]<br \/>\n[mks_accordion_item title=\u201dTitlul 2\u2033]<br \/>\nCardigan tatuat cu narval, meggings cu quinoa \u00een pariaturi synth, selfie-uri etnice High Life. \u00cen banjo master cleanse, cred non Thundercats. Pantofi fixie fap gastropub, pantaloni scur\u021bi de blugi Ullamco 8-bit din flanel Portland XOXO esse. Biodiesel de nivel superior fixie letterpress, burt\u0103 de porc f\u0103r\u0103 gluten laborios sunt. Paleo qui Thundercats nostrud keytar nulla. Reclam\u0103 synth church-key Terry Richardson presupun\u00e2nd vara, bitter de la ferm\u0103 la mas\u0103, labore non ullamco dreamcatcher. Ma\u0219in\u0103 de scris ex Helvetica, polaroid cu hashtag de cafea de origine unic\u0103, mixtape vestimentar\u0103 murat\u0103.<br \/>\n[\/mks_accordion_item]<br \/>\n[mks_accordion_item title=\u201dTitlul 3\u2033]<br \/>\nChia kitsch laborum, Etsy iPhone Echo Park Thundercats biseric\u0103-cheie cornhole organic lo-fi. Reprezint\u0103 pop-up lup, \u00eencerca\u021bi din greu \u0219i pariatur bere artizanal\u0103 keytar calmar \u0219i tote bag Echo Park. Patru loko mlkshk proident, cafea cu o singur\u0103 origine ullamco perturb\u0103 banh mi lo-fi freegan Shoreditch ironia. Letterpress sartorial meh lomo hashtag, eiusmod aliqua in. Semiotica furaj etnic, irure dreamcatcher perturb\u0103 c\u0103l\u0103torii slow-carb eu. IPhone tatuat labore 3 lupi luna Odd Future, skateboard dolore.<br \/>\n[\/mks_accordion_item]<br \/>\n[\/mks_accordion]<\/p>\n<h3>Comut\u0103\/Oprie\u0219te?<\/h3>\n<p>[mks_toggle title=\u201dExemplu de titlu\u201d state=\u201ddeschis\u201d]Chia kitsch laborum, Etsy iPhone Echo Park Thundercats biseric\u0103-cheie cornhole organic lo-fi. Reprezint\u0103 pop-up lup, \u00eencerca\u021bi din greu \u0219i pariatur bere artizanal\u0103 keytar calmar \u0219i tote bag Echo Park. Patru loko mlkshk proident, cafea cu o singur\u0103 origine ullamco perturb\u0103 banh mi lo-fi freegan Shoreditch ironia. Hashtag sartorial tip lomo meh, eiusmod aliqua in.[\/mks_toggle]<\/p>\n<p>[mks_toggle title=\u201dExemplu de titlu\u201d state=\u201dclose\u201d]Chia kitsch laborum, Etsy iPhone Echo Park Thundercats biseric\u0103-cheie cornhole organic lo-fi. Reprezint\u0103 pop-up lup, \u00eencerca\u021bi din greu \u0219i pariatur bere artizanal\u0103 keytar calmar \u0219i tote bag Echo Park. Patru loko mlkshk proident, cafea cu o singur\u0103 origine ullamco perturb\u0103 banh mi lo-fi freegan Shoreditch ironia. Hashtag sartorial tip lomo meh, eiusmod aliqua in.[\/mks_toggle]\t\t<\/p>","protected":false},"excerpt":{"rendered":"<p>Theme comes with full support for our Meks Flexible Shortcodes WordPress plugin. Check some examples of what can you create inside page\/post content with our shortcodes. You can add some columns&#8230; [mks_col] [mks_one_half]Excepteur adipisicing try-hard kale chips et. Meh wolf anim delectus skateboard. Forage scenester mustache skateboard DIY, sapiente laborum whatever. Ethical consectetur non +1 [&hellip;]<\/p>","protected":false},"author":1,"featured_media":0,"parent":0,"menu_order":0,"comment_status":"closed","ping_status":"closed","template":"","meta":{"footnotes":""},"class_list":["post-337","page","type-page","status-publish","hentry"],"_links":{"self":[{"href":"https:\/\/idloaded.com\/ro\/wp-json\/wp\/v2\/pages\/337","targetHints":{"allow":["GET"]}}],"collection":[{"href":"https:\/\/idloaded.com\/ro\/wp-json\/wp\/v2\/pages"}],"about":[{"href":"https:\/\/idloaded.com\/ro\/wp-json\/wp\/v2\/types\/page"}],"author":[{"embeddable":true,"href":"https:\/\/idloaded.com\/ro\/wp-json\/wp\/v2\/users\/1"}],"replies":[{"embeddable":true,"href":"https:\/\/idloaded.com\/ro\/wp-json\/wp\/v2\/comments?post=337"}],"version-history":[{"count":0,"href":"https:\/\/idloaded.com\/ro\/wp-json\/wp\/v2\/pages\/337\/revisions"}],"wp:attachment":[{"href":"https:\/\/idloaded.com\/ro\/wp-json\/wp\/v2\/media?parent=337"}],"curies":[{"name":"wp","href":"https:\/\/api.w.org\/{rel}","templated":true}]}}