{"id":328,"date":"2014-11-25T13:48:50","date_gmt":"2014-11-25T13:48:50","guid":{"rendered":"https:\/\/demo.mekshq.com\/voice\/?page_id=328"},"modified":"2014-11-25T13:48:50","modified_gmt":"2014-11-25T13:48:50","slug":"tipografie","status":"publish","type":"page","link":"https:\/\/idloaded.com\/ro\/tipografie\/","title":{"rendered":"Tipografie"},"content":{"rendered":"<p>[mks_dropcap style=\u201dsquare\u201d size=\u201d50\u2033 bg_color=\u201d#cf4d35\u2033 txt_color=\u201d#ffffff\u201d]A[\/mks_dropcap]orem ipsum Id tempor laborum in consequat ut in eu id eu incididunt ut labor sed el sit in tempor is venim id laborum in consecinta Excepteur <a href=\"https:\/\/mekshq.com\" target=\"_blank\" rel=\"noopener noreferrer\">consectetur reprehenderit<\/a> culpa deserunt cillum aute dolor dolor dolor qui. Id tempor laborum in consequat Ut in eu id eu. Shoreditch gastropub orice. Reprehenderit quer polaroid aben digeth manu.<\/p>\n\n\n\n<h1 class=\"wp-block-heading\">Acesta este un exemplu de titlu H1<\/h1>\n\n\n\n<p>Geant\u0103 messenger Narwhal Normcore, fingerstache quinoa food truck patru loko bicycle rights letterpress pune o pas\u0103re pe ea tofu banjo cray semiotic\u0103 iPhone. Mlkshk twee Neutra Bushwick. Borset\u0103 Williamsburg crucifix keytar, casetofon VHS flexitarian American Apparel. Hanorac Chillwave Godard cray Neutra. Vinil pop-up food truck wayfarers semiotic\u0103 art\u0103 stradal\u0103.<\/p>\n\n\n\n<h2 class=\"wp-block-heading\">Acesta este titlul exemplului H2.<\/h2>\n\n\n\n<p>Blog Brooklyn keytar, probabil c\u0103 nu a\u021bi auzit de ei, mixtape, swag, comer\u021b direct, hashtag, organic, cheie-de-biseric, crucifix, stumptown, cli\u0219eu, try-hard, etnic. Flexitarian, narwhal, PBR&amp;B +1 locavore. Pantaloni scur\u021bi din blugi cu prinz\u0103tor de vise, art\u0103 stradal\u0103 Neutra, musta\u021b\u0103 din burt\u0103 de porc, f\u0103cut\u0103 la comand\u0103.<\/p>\n\n\n\n<h3 class=\"wp-block-heading\">Acesta este un exemplu de titlu h3<\/h3>\n\n\n\n<p>Geant\u0103 messenger Narwhal Normcore, fingerstache quinoa food truck patru loko bicycle rights letterpress pune o pas\u0103re pe ea tofu banjo cray semiotic\u0103 iPhone. Mlkshk twee Neutra Bushwick. Borset\u0103 Williamsburg crucifix keytar, casetofon VHS flexitarian American Apparel. Hanorac Chillwave Godard cray Neutra. Vinil pop-up food truck wayfarers semiotic\u0103 art\u0103 stradal\u0103.<\/p>\n\n\n\n<h4 class=\"wp-block-heading\">Acesta este un exemplu de titlu h4<\/h4>\n\n\n\n<p>Blog Brooklyn keytar, probabil c\u0103 nu a\u021bi auzit de ei, mixtape, swag, comer\u021b direct, hashtag, organic, cheie-de-biseric, crucifix, stumptown, cli\u0219eu, try-hard, etnic. Flexitarian, narwhal, PBR&amp;B +1 locavore. Pantaloni scur\u021bi din blugi cu prinz\u0103tor de vise, art\u0103 stradal\u0103 Neutra, musta\u021b\u0103 din burt\u0103 de porc, f\u0103cut\u0103 la comand\u0103.<\/p>\n\n\n\n<h5 class=\"wp-block-heading\">Acesta este un exemplu de titlu h5<\/h5>\n\n\n\n<p>Blog Brooklyn keytar, probabil c\u0103 nu a\u021bi auzit de ei, mixtape, swag, comer\u021b direct, hashtag, organic, cheie-de-biseric, crucifix, stumptown, cli\u0219eu, try-hard, etnic. Flexitarian, narwhal, PBR&amp;B +1 locavore. Pantaloni scur\u021bi din blugi cu prinz\u0103tor de vise, art\u0103 stradal\u0103 Neutra, musta\u021b\u0103 din burt\u0103 de porc, f\u0103cut\u0103 la comand\u0103.<\/p>\n\n\n\n<h6 class=\"wp-block-heading\">Acesta este un exemplu de titlu h6<\/h6>\n\n\n\n<p>Lorem ipsum Id tempor laborum in consequat Ut in eu id eu incididunt ut sed elit quis veniam sint id sit Duis sunt Excepteur consectetur reprehenderit culpa deserunt cillum aute dolor dolor qui.<\/p>\n\n\n\n<div class=\"wp-block-image\"><figure class=\"alignleft\"><a href=\"https:\/\/demo.mekshq.com\/voice\/wp-content\/uploads\/2014\/11\/voice_16.jpg\"><img decoding=\"async\" src=\"https:\/\/demo.mekshq.com\/voice\/wp-content\/uploads\/2014\/11\/voice_16-300x300.jpg\" alt=\"Fanatic de mod\u0103\" class=\"wp-image-83\"\/><\/a><figcaption>Fanatic de mod\u0103<\/figcaption><\/figure><\/div>\n\n\n\n<p>Toarn\u0103 peste \u0219i sf\u00e2r\u00e2ie, commodo Marfa dreamcatcher aliquip. Fond fiduciar \u00eenainte s\u0103 se epuizeze mumblecore YOLO. Fond fiduciar Placeat culpa, keffiyeh twee labore vero. Lupul polaroid cu chia al lui McSweeney. Borset\u0103 Laborum Vice Pitchfork Tumblr, Pinterest Exerci\u021bii Blue Bottle High Life 8-bit mlkshk mod\u0103 de brunch topor Helvetica. Polaroid non-consectetur, colan\u021bi incident scenester <a href=\"#\">Furca bea o\u021bet <\/a>Viral non-etic. Banjo, prinz\u0103tor de vise, swag Etsy. Hanorac Sapient Wayfarers, mumblecore, an de adipiscing, placeat, cafea de origine unic\u0103. Banksy, camionet\u0103 cu m\u00e2ncare, Neutra eiusmod forage, de fapt, hanorac cu burt\u0103 de porc mlkshk keytar synth laboris Intelligentsia. Mu\u0219c\u0103 vrea s\u0103 fie polaroid XOXO, vina, Shoreditch gastropub, orice. Mu\u0219c\u0103 vrea s\u0103 fie polaroid XOXO, vina, Shoreditch gastropub.<\/p>\n\n\n\n<div class=\"wp-block-image\"><figure class=\"alignright\"><a href=\"https:\/\/demo.mekshq.com\/voice\/wp-content\/uploads\/2014\/11\/voice_61.jpg\"><img decoding=\"async\" src=\"https:\/\/demo.mekshq.com\/voice\/wp-content\/uploads\/2014\/11\/voice_61-300x200.jpg\" alt=\"ninja de fotografie\" class=\"wp-image-86\"\/><\/a><figcaption>ninja de fotografie<\/figcaption><\/figure><\/div>\n\n\n\n<p>Cafea de origine unic\u0103 <a href=\"#\">ullamco pariatur<\/a>, id accusamus sunt pop-up. Fugiat burta de porc Terry Richardson 3 lup luna, comoda placeat Intelligentsia irure hanorac Etsy do Neutra aliqua cray. Pariatur jambiere Banksy anim pour-over dolor, labore cornhole Pinterest delectus cray voluptate. Banjo vinyl Austin, Truffaut scenester presupun\u00e2nd PBR&amp;B burt\u0103 de porc eiusmod narwhal Vice selvage meh consequat. Gastropub proident perturb\u0103 denim crud consectetur, amar Echo Park Tonx chia. Pitchfork accusamus kogi Tonx. Elit etnici Thundercats fap, Aliquip Marfa comer\u021b direct \u0219i American Apparel quinoa stumptown.<\/p>\n\n\n<p>[mks_separator style=&quot;solid&quot; height=&quot;1&quot;]<\/p>\n\n\n\n<h4 class=\"wp-block-heading\">Citat bloc<\/h4>\n\n\n\n<p>Hanorac Sapient Wayfarers mumblecore anul acesta, loc de joac\u0103 la cafea de origine unic\u0103. Banksy, camionet\u0103 cu m\u00e2ncare anul acesta, Neutra eiusmod forage, de fapt, hanorac cu burt\u0103 de porc mlkshk keytar synth laboris Intelligentsia. Reprehenderit vred polaroid XOXO vina, Shoreditch gastropub orice.<\/p>\n\n\n\n<blockquote class=\"wp-block-quote is-layout-flow wp-block-quote-is-layout-flow\"><p>Timpul t\u0103u este limitat, a\u0219a c\u0103 nu-l irosi tr\u0103ind via\u021ba altcuiva. Nu te l\u0103sa prins \u00een capcana dogmelor \u2013 care \u00eenseamn\u0103 s\u0103 tr\u0103ie\u0219ti cu rezultatele g\u00e2ndirii altora. Nu l\u0103sa zgomotul opiniilor altora s\u0103-\u021bi \u00eenece propria voce interioar\u0103. \u0218i, cel mai important, ai curajul s\u0103-\u021bi urmezi inima \u0219i intui\u021bia.<\/p><\/blockquote>\n\n\n\n<p>Hanorac Sapient Wayfarers mumblecore anul acesta, loc de joac\u0103 la cafea de origine unic\u0103. Banksy, camionet\u0103 cu m\u00e2ncare anul acesta, Neutra eiusmod forage, de fapt, hanorac cu burt\u0103 de porc mlkshk keytar synth laboris Intelligentsia. Reprehenderit vred polaroid XOXO vina, Shoreditch gastropub orice.<\/p>\n\n\n\n<h4 class=\"wp-block-heading\">Repere<\/h4>\n\n\n\n<p>Lorem ipsum Id tempor laborum in <\/p>\n\n\n<p>[mks_highlight color=\u201d#cf4d35\u2033]<span style=\"color: #ffffff;\">veniam sint id<\/span>[\/mks_highlight]<\/p>\n\n\n\n<p> consequat Ut in eu id eu incididunt ut sed elit quis sit Duis sunt Excepteur consectetur reprehenderit culpa deserunt cillum aute dolor dolor dolor qui.<\/p>\n\n\n<p>[mks_col]<br \/>\n[mks_one_half]<\/p>\n<h4 style=\"text-align: left;\">List\u0103 neordonat\u0103<\/h4>\n<ul>\n<li>Hanorac Sapiente Wayfarers<\/li>\n<li>Colan\u021bi Pariatur Banksy<\/li>\n<li>Acuza\u021bia Pitchfork<\/li>\n<li>Helvetica Distilery Dolor<\/li>\n<\/ul>\n<p>[\/mks_one_half]<\/p>\n<p>[mks_one_half]<\/p>\n<h4>List\u0103 ordonat\u0103<\/h4>\n<ol>\n<li>Exerci\u021bii la Echo Park<\/li>\n<li>Pinterest delectus cray voluptate<\/li>\n<li>Aliqua crede Terry Richardson<\/li>\n<li>Acuza\u021bia Pitchfork<\/li>\n<\/ol>\n<p>[\/mks_one_half]<\/p>\n<p>[\/mks_col]<\/p>\n\n\n\n<h4 class=\"wp-block-heading\">Exemplu de cod<\/h4>\n\n\n\n<pre class=\"wp-block-preformatted\">.super_class:before{ background:url(&#039;images\/awesome.jpg&#039;) center f\u0103r\u0103 repetare center; float:left; display:block; content: &quot;Minunat&quot;; }<\/pre>\n\n\n\n<h4 class=\"wp-block-heading\">Exemplu de tabel<\/h4>\n\n\n\n<table class=\"wp-block-table\"><thead><tr><td>Nume<\/td><td>Porecl\u0103<\/td><td>Num\u0103r<\/td><\/tr><\/thead><tbody><tr><td>Jill<\/td><td>Joker<\/td><td>50<\/td><\/tr><tr><td>Eva<\/td><td>Batman<\/td><td>94<\/td><\/tr><tr><td>Ioan<\/td><td>Robin<\/td><td>80<\/td><\/tr><\/tbody><\/table>","protected":false},"excerpt":{"rendered":"<p>[mks_dropcap style=&#8221;square&#8221; size=&#8221;50&#8243; bg_color=&#8221;#cf4d35&#8243; txt_color=&#8221;#ffffff&#8221;]A[\/mks_dropcap]orem ipsum Id tempor laborum in consequat ut in eu id eu incididunt ut sed elit quis veniam sint id sit Duis sunt laborum in consequat&nbsp;tempor laborum in consequat&nbsp;Excepteur consectetur reprehenderit culpa deserunt cillum aute dolor dolor dolor qui. Id tempor laborum in consequat Ut in eu id eu.&nbsp;Shoreditch gastropub whatever.&nbsp;Reprehenderit [&hellip;]<\/p>","protected":false},"author":1,"featured_media":0,"parent":0,"menu_order":0,"comment_status":"closed","ping_status":"closed","template":"","meta":{"footnotes":""},"class_list":["post-328","page","type-page","status-publish","hentry"],"_links":{"self":[{"href":"https:\/\/idloaded.com\/ro\/wp-json\/wp\/v2\/pages\/328","targetHints":{"allow":["GET"]}}],"collection":[{"href":"https:\/\/idloaded.com\/ro\/wp-json\/wp\/v2\/pages"}],"about":[{"href":"https:\/\/idloaded.com\/ro\/wp-json\/wp\/v2\/types\/page"}],"author":[{"embeddable":true,"href":"https:\/\/idloaded.com\/ro\/wp-json\/wp\/v2\/users\/1"}],"replies":[{"embeddable":true,"href":"https:\/\/idloaded.com\/ro\/wp-json\/wp\/v2\/comments?post=328"}],"version-history":[{"count":0,"href":"https:\/\/idloaded.com\/ro\/wp-json\/wp\/v2\/pages\/328\/revisions"}],"wp:attachment":[{"href":"https:\/\/idloaded.com\/ro\/wp-json\/wp\/v2\/media?parent=328"}],"curies":[{"name":"wp","href":"https:\/\/api.w.org\/{rel}","templated":true}]}}