{"id":75,"date":"2023-12-01T00:53:30","date_gmt":"2023-12-01T03:53:30","guid":{"rendered":"http:\/\/idloaded.com\/?page_id=75"},"modified":"2024-07-04T19:24:35","modified_gmt":"2024-07-04T22:24:35","slug":"about-us","status":"publish","type":"page","link":"https:\/\/idloaded.com\/pt\/about-us\/","title":{"rendered":"Sobre"},"content":{"rendered":"<h2>Sobre o IdLoaded<\/h2>\n<p>No IdLoaded, somos movidos pela nossa paix\u00e3o por integrar o mundo da tecnologia com as informa\u00e7\u00f5es mais recentes e relevantes. Nosso objetivo \u00e9 ser o ponto de refer\u00eancia para entusiastas de tecnologia, profissionais da \u00e1rea e todos aqueles interessados nas \u00faltimas inova\u00e7\u00f5es.<\/p>\n<h3>Nosso Objetivo<\/h3>\n<p>Nosso principal objetivo \u00e9 criar um espa\u00e7o onde os entusiastas de tecnologia possam encontrar uma ampla variedade de informa\u00e7\u00f5es sobre inova\u00e7\u00f5es tecnol\u00f3gicas, m\u00e9todos de implementa\u00e7\u00e3o e as tend\u00eancias mais recentes. Nos esfor\u00e7amos para conectar a tradi\u00e7\u00e3o com a inova\u00e7\u00e3o, auxiliando profissionais a adotarem os mais novos avan\u00e7os enquanto preservam suas pr\u00e1ticas tradicionais.<\/p>\n<h3>Nossos Servi\u00e7os<\/h3>\n<p><strong>Artigos Informativos:<\/strong> Oferecemos uma ampla gama de artigos que discutem t\u00f3picos desde o gerenciamento inteligente de dados at\u00e9 as mais recentes novidades em wearables e dispositivos inteligentes.<\/p>\n<p><strong>Intera\u00e7\u00e3o Comunit\u00e1ria:<\/strong> Convidamos os amantes de tecnologia a participar e compartilhar seus conhecimentos, promovendo uma comunidade vibrante e variada.<\/p>\n<p><strong>Destaques de Inova\u00e7\u00e3o:<\/strong> Descubra as \u00faltimas tecnologias, equipamentos e gadgets que est\u00e3o moldando o futuro.<\/p>\n<p><strong>Avalia\u00e7\u00f5es de Produtos:<\/strong> Tome decis\u00f5es informadas com nossas an\u00e1lises e sugest\u00f5es imparciais de produtos.<\/p>\n<p><strong>Recursos de Aprendizado:<\/strong> Adquira conhecimentos de profissionais experientes e especialistas com nossos guias educacionais e tutoriais.<\/p>\n<p><strong>Nossa Dedica\u00e7\u00e3o:<\/strong> Estamos dedicados a fornecer informa\u00e7\u00f5es precisas e confi\u00e1veis. Nossa equipe est\u00e1 comprometida em acompanhar o mundo acelerado da tecnologia e compartilhar nossas percep\u00e7\u00f5es com voc\u00ea.<\/p>\n<h3>Aprecia\u00e7\u00e3o<\/h3>\n<p>Agradecemos sinceramente aos nossos leitores e colaboradores. Seu apoio permite que o IdLoaded prospere. Junte-se a n\u00f3s na descoberta da intrigante combina\u00e7\u00e3o de tradi\u00e7\u00e3o e inova\u00e7\u00e3o tecnol\u00f3gica. Juntos, podemos avan\u00e7ar para o futuro enquanto preservamos nosso compromisso com a qualidade e a precis\u00e3o das informa\u00e7\u00f5es.<\/p>\n<p>Obrigado por fazer parte da comunidade IdLoaded! Voc\u00ea pode se conectar conosco atrav\u00e9s do nosso site em <a href=\"http:\/\/idloaded.com\/pt\/\" target=\"_new\" rel=\"noreferrer noopener\">http:\/\/idloaded.com\/<\/a>. Para mais detalhes, voc\u00ea tamb\u00e9m pode visitar nossa p\u00e1gina nas redes sociais em IdLoaded.<\/p>","protected":false},"excerpt":{"rendered":"<p>Sobre o IdLoaded No IdLoaded, somos movidos pela nossa paix\u00e3o por integrar o mundo da tecnologia com as informa\u00e7\u00f5es mais recentes e relevantes. Nosso objetivo \u00e9 ser o ponto de refer\u00eancia para entusiastas de tecnologia, profissionais da \u00e1rea e todos aqueles interessados nas \u00faltimas inova\u00e7\u00f5es. Nosso Objetivo Nosso principal objetivo \u00e9 criar um espa\u00e7o onde [&hellip;]<\/p>","protected":false},"author":1,"featured_media":0,"parent":0,"menu_order":0,"comment_status":"closed","ping_status":"closed","template":"","meta":{"footnotes":""},"class_list":["post-75","page","type-page","status-publish","hentry"],"_links":{"self":[{"href":"https:\/\/idloaded.com\/pt\/wp-json\/wp\/v2\/pages\/75","targetHints":{"allow":["GET"]}}],"collection":[{"href":"https:\/\/idloaded.com\/pt\/wp-json\/wp\/v2\/pages"}],"about":[{"href":"https:\/\/idloaded.com\/pt\/wp-json\/wp\/v2\/types\/page"}],"author":[{"embeddable":true,"href":"https:\/\/idloaded.com\/pt\/wp-json\/wp\/v2\/users\/1"}],"replies":[{"embeddable":true,"href":"https:\/\/idloaded.com\/pt\/wp-json\/wp\/v2\/comments?post=75"}],"version-history":[{"count":8,"href":"https:\/\/idloaded.com\/pt\/wp-json\/wp\/v2\/pages\/75\/revisions"}],"predecessor-version":[{"id":508,"href":"https:\/\/idloaded.com\/pt\/wp-json\/wp\/v2\/pages\/75\/revisions\/508"}],"wp:attachment":[{"href":"https:\/\/idloaded.com\/pt\/wp-json\/wp\/v2\/media?parent=75"}],"curies":[{"name":"wp","href":"https:\/\/api.w.org\/{rel}","templated":true}]}}