{"id":73,"date":"2023-12-01T00:53:30","date_gmt":"2023-12-01T03:53:30","guid":{"rendered":"http:\/\/idloaded.com\/?page_id=73"},"modified":"2024-07-04T19:18:00","modified_gmt":"2024-07-04T22:18:00","slug":"privacy-policy","status":"publish","type":"page","link":"https:\/\/idloaded.com\/pt\/privacy-policy\/","title":{"rendered":"Pol\u00edtica de Privacidade"},"content":{"rendered":"<h2>Diretrizes de Privacidade para IdLoaded<\/h2>\n<p>No IdLoaded, que pode ser encontrado em <a href=\"http:\/\/idloaded.com\/pt\/\" target=\"_new\" rel=\"noreferrer noopener\">http:\/\/idloaded.com\/<\/a>, priorizamos a privacidade dos nossos visitantes. Este documento descreve os tipos de informa\u00e7\u00f5es que coletamos e registramos no IdLoaded e como as utilizamos.<\/p>\n<p>Caso tenha mais perguntas ou precise de mais detalhes sobre nossas Diretrizes de Privacidade, sinta-se \u00e0 vontade para nos contatar.<\/p>\n<p>Estas Diretrizes de Privacidade s\u00e3o aplic\u00e1veis exclusivamente \u00e0s nossas atividades online e s\u00e3o relevantes para os visitantes do nosso site em rela\u00e7\u00e3o \u00e0s informa\u00e7\u00f5es que compartilham e\/ou coletam no IdLoaded. Essas diretrizes n\u00e3o se aplicam a nenhuma informa\u00e7\u00e3o coletada offline ou por meio de canais que n\u00e3o sejam este site.<\/p>\n<h3>Concord\u00e2ncia<\/h3>\n<p>Ao acessar nosso site, voc\u00ea concorda com nossas Diretrizes de Privacidade e consente com seus termos.<\/p>\n<h3>Dados que Coletamos<\/h3>\n<p>Explicaremos claramente por que precisamos das informa\u00e7\u00f5es pessoais que solicitamos no momento em que pedimos.<\/p>\n<p>Se voc\u00ea entrar em contato conosco diretamente, podemos receber informa\u00e7\u00f5es adicionais sobre voc\u00ea, como seu nome, endere\u00e7o de e-mail, n\u00famero de telefone, o conte\u00fado de qualquer mensagem e\/ou anexos que voc\u00ea possa nos enviar, e qualquer outra informa\u00e7\u00e3o que voc\u00ea possa escolher fornecer.<\/p>\n<p>Quando voc\u00ea cria uma Conta, podemos solicitar seus dados de contato, incluindo itens como nome, nome da empresa, endere\u00e7o, endere\u00e7o de e-mail e n\u00famero de telefone.<\/p>\n<h3>Como Utilizamos Seus Dados<\/h3>\n<p>Usamos os dados que coletamos de v\u00e1rias maneiras, incluindo para:<\/p>\n<ul>\n<li>Oferecer, operar e manter nosso site<\/li>\n<li>Melhorar, personalizar e expandir nosso site<\/li>\n<li>Compreender e analisar como voc\u00ea utiliza nosso site<\/li>\n<li>Criar novos produtos, servi\u00e7os, funcionalidades e funcionalidades<\/li>\n<li>Comunicar com voc\u00ea, diretamente ou atrav\u00e9s de um de nossos parceiros, para atendimento ao cliente, fornecer atualiza\u00e7\u00f5es e outras informa\u00e7\u00f5es relacionadas ao site, e para fins de marketing e promo\u00e7\u00e3o<\/li>\n<li>Enviar e-mails<\/li>\n<li>Detectar e prevenir fraudes<\/li>\n<\/ul>\n<h3>Arquivos de Registro<\/h3>\n<p>O IdLoaded segue um procedimento padr\u00e3o de uso de arquivos de registro. Esses arquivos registram visitantes quando eles visitam sites. Todas as empresas de hospedagem fazem isso como parte dos servi\u00e7os de an\u00e1lise de hospedagem. As informa\u00e7\u00f5es coletadas pelos arquivos de registro incluem endere\u00e7os de protocolo de internet (IP), tipo de navegador, Provedor de Servi\u00e7os de Internet (ISP), data e hora, p\u00e1ginas de refer\u00eancia\/sa\u00edda e, possivelmente, o n\u00famero de cliques. Essas informa\u00e7\u00f5es n\u00e3o est\u00e3o vinculadas a nenhuma informa\u00e7\u00e3o que seja pessoalmente identific\u00e1vel. O objetivo das informa\u00e7\u00f5es \u00e9 analisar tend\u00eancias, administrar o site, rastrear a movimenta\u00e7\u00e3o dos usu\u00e1rios no site e coletar informa\u00e7\u00f5es demogr\u00e1ficas.<\/p>\n<h3>Cookies e Sinais da Web<\/h3>\n<p>Como qualquer outro site, o IdLoaded usa \u201ccookies\u201d. Esses cookies s\u00e3o usados para armazenar informa\u00e7\u00f5es, incluindo as prefer\u00eancias dos visitantes e as p\u00e1ginas do site que o visitante acessou ou visitou. As informa\u00e7\u00f5es s\u00e3o usadas para otimizar a experi\u00eancia dos usu\u00e1rios, personalizando o conte\u00fado de nossa p\u00e1gina da web com base no tipo de navegador dos visitantes e\/ou outras informa\u00e7\u00f5es.<\/p>\n<h3>Cookie DART do Google DoubleClick<\/h3>\n<p>O Google \u00e9 um dos fornecedores terceirizados em nosso site. Ele tamb\u00e9m usa cookies, conhecidos como cookies DART, para veicular an\u00fancios aos visitantes do nosso site com base em sua visita ao <a href=\"http:\/\/www.website.com\" target=\"_new\" rel=\"noreferrer noopener\">www.website.com<\/a> e a outros sites na internet. No entanto, os visitantes podem optar por recusar o uso de cookies DART visitando a Pol\u00edtica de Privacidade da rede de an\u00fancios e conte\u00fado do Google no seguinte URL \u2013 <a href=\"https:\/\/policies.google.com\/technologies\/ads\" target=\"_new\" rel=\"noreferrer noopener\">https:\/\/policies.google.com\/technologies\/ads<\/a>.<\/p>\n<h3>Diretrizes de Privacidade para Parceiros de Publicidade do IdLoaded<\/h3>\n<p>Voc\u00ea pode consultar esta lista para encontrar as Diretrizes de Privacidade de cada um dos parceiros de publicidade do IdLoaded.<\/p>\n<p>Os servidores ou redes de an\u00fancios de terceiros utilizam tecnologias como cookies, JavaScript ou Web Beacons em seus respectivos an\u00fancios e links que aparecem no IdLoaded, e s\u00e3o enviados diretamente ao navegador dos usu\u00e1rios. Eles automaticamente recebem seu endere\u00e7o IP quando isso ocorre. Essas tecnologias s\u00e3o usadas para medir a efic\u00e1cia de suas campanhas publicit\u00e1rias e\/ou para personalizar o conte\u00fado publicit\u00e1rio que voc\u00ea v\u00ea nos sites que visita.<\/p>\n<p>Observe que o IdLoaded n\u00e3o tem acesso ou controle sobre esses cookies que s\u00e3o usados por anunciantes terceirizados.<\/p>\n<h3>Diretrizes de Privacidade de Terceiros<\/h3>\n<p>A Pol\u00edtica de Privacidade do IdLoaded n\u00e3o se aplica a outros anunciantes ou sites. Assim, recomendamos que voc\u00ea consulte as respectivas Pol\u00edticas de Privacidade desses servidores de an\u00fancios de terceiros para obter informa\u00e7\u00f5es mais detalhadas. Pode incluir suas pr\u00e1ticas e instru\u00e7\u00f5es sobre como optar por sair de certas op\u00e7\u00f5es.<\/p>\n<p>Voc\u00ea tem a op\u00e7\u00e3o de desativar os cookies atrav\u00e9s das op\u00e7\u00f5es individuais do seu navegador. Para obter informa\u00e7\u00f5es mais detalhadas sobre a gest\u00e3o de cookies com navegadores espec\u00edficos, consulte os sites dos respectivos navegadores.<\/p>\n<h3>Direitos de Privacidade CCPA (N\u00e3o Venda Minhas Informa\u00e7\u00f5es Pessoais)<\/h3>\n<p>Sob o CCPA, os consumidores da Calif\u00f3rnia t\u00eam o direito de:<\/p>\n<ul>\n<li>Solicitar que uma empresa que coleta dados pessoais de um consumidor divulgue as categorias e as partes espec\u00edficas de dados pessoais que uma empresa coletou sobre os consumidores.<\/li>\n<li>Solicitar que uma empresa exclua qualquer dado pessoal sobre o consumidor que uma empresa tenha coletado.<\/li>\n<li>Solicitar que uma empresa que vende os dados pessoais de um consumidor, n\u00e3o venda os dados pessoais do consumidor.<\/li>\n<\/ul>\n<p>Se voc\u00ea fizer uma solicita\u00e7\u00e3o, temos um m\u00eas para responder a voc\u00ea. Se voc\u00ea gostaria de exercer qualquer um desses direitos, por favor, entre em contato conosco.<\/p>\n<h3>Direitos de Prote\u00e7\u00e3o de Dados GDPR<\/h3>\n<p>Queremos garantir que voc\u00ea esteja totalmente ciente de todos os seus direitos de prote\u00e7\u00e3o de dados. Todo usu\u00e1rio tem direito ao seguinte:<\/p>\n<ul>\n<li>O direito de acesso \u2013 Voc\u00ea tem o direito de solicitar c\u00f3pias de seus dados pessoais. Podemos cobrar uma pequena taxa por este servi\u00e7o.<\/li>\n<li>O direito de retifica\u00e7\u00e3o \u2013 Voc\u00ea tem o direito de solicitar que corrijamos qualquer informa\u00e7\u00e3o que voc\u00ea acredita estar incorreta. Voc\u00ea tamb\u00e9m tem o direito de solicitar que completemos as informa\u00e7\u00f5es que voc\u00ea acredita estar incompletas.<\/li>\n<li>O direito ao apagamento \u2013 Voc\u00ea tem o direito de solicitar que apaguemos seus dados pessoais, sob certas condi\u00e7\u00f5es.<\/li>\n<li>O direito de restringir o processamento \u2013 Voc\u00ea tem o direito de solicitar que restrinjamos o processamento de seus dados pessoais, sob certas condi\u00e7\u00f5es.<\/li>\n<li>O direito de se opor ao processamento \u2013 Voc\u00ea tem o direito de se opor ao nosso processamento de seus dados pessoais, sob certas condi\u00e7\u00f5es.<\/li>\n<li>O direito \u00e0 portabilidade dos dados \u2013 Voc\u00ea tem o direito de solicitar que transfiramos os dados que coletamos para outra organiza\u00e7\u00e3o, ou diretamente para voc\u00ea, sob certas condi\u00e7\u00f5es.<\/li>\n<\/ul>\n<p>Se voc\u00ea fizer uma solicita\u00e7\u00e3o, temos um m\u00eas para responder a voc\u00ea. Se voc\u00ea gostaria de exercer qualquer um desses direitos, por favor, entre em contato conosco.<\/p>\n<h3>Informa\u00e7\u00f5es sobre Menores<\/h3>\n<p>Uma de nossas maiores prioridades \u00e9 adicionar prote\u00e7\u00e3o para crian\u00e7as enquanto elas usam a internet. Incentivamos os pais e respons\u00e1veis a observar, participar e\/ou monitorar e orientar suas atividades online.<\/p>\n<p>O IdLoaded n\u00e3o coleta intencionalmente nenhuma Informa\u00e7\u00e3o Pessoal Identific\u00e1vel de crian\u00e7as menores de 13 anos. Se voc\u00ea acredita que seu filho forneceu esse tipo de informa\u00e7\u00e3o em nosso site, encorajamos fortemente que nos contate imediatamente e faremos todos os esfor\u00e7os para remover prontamente tais informa\u00e7\u00f5es de nossos registros.<\/p>\n<h3>Atualiza\u00e7\u00f5es das Nossas Diretrizes de Privacidade<\/h3>\n<p>Nossas Diretrizes de Privacidade podem ser sujeitas a altera\u00e7\u00f5es ao longo do tempo. Portanto, recomendamos que voc\u00ea visite esta p\u00e1gina regularmente para se manter informado sobre quaisquer modifica\u00e7\u00f5es. Informaremos sobre quaisquer atualiza\u00e7\u00f5es publicando as Diretrizes de Privacidade revisadas nesta p\u00e1gina. Essas atualiza\u00e7\u00f5es entrar\u00e3o em vigor imediatamente ap\u00f3s serem publicadas nesta p\u00e1gina.<\/p>\n<p>A cria\u00e7\u00e3o de nossas Diretrizes de Privacidade foi assistida pelo Privacy Policy Generator.<\/p>\n<h3>Contate-nos<\/h3>\n<p>Se voc\u00ea tiver qualquer pergunta ou sugest\u00e3o sobre nossas Diretrizes de Privacidade, sinta-se \u00e0 vontade para entrar em contato conosco no IdLoaded. Voc\u00ea pode nos encontrar em nosso site em <a href=\"http:\/\/idloaded.com\/pt\/\" target=\"_new\" rel=\"noreferrer noopener\">http:\/\/idloaded.com\/<\/a>. Para mais detalhes, voc\u00ea tamb\u00e9m pode verificar nossa p\u00e1gina nas redes sociais em IdLoaded.<\/p>","protected":false},"excerpt":{"rendered":"<p>Diretrizes de Privacidade para IdLoaded No IdLoaded, que pode ser encontrado em http:\/\/idloaded.com\/, priorizamos a privacidade dos nossos visitantes. Este documento descreve os tipos de informa\u00e7\u00f5es que coletamos e registramos no IdLoaded e como as utilizamos. Caso tenha mais perguntas ou precise de mais detalhes sobre nossas Diretrizes de Privacidade, sinta-se \u00e0 vontade para nos [&hellip;]<\/p>","protected":false},"author":1,"featured_media":0,"parent":0,"menu_order":0,"comment_status":"closed","ping_status":"closed","template":"","meta":{"footnotes":""},"class_list":["post-73","page","type-page","status-publish","hentry"],"_links":{"self":[{"href":"https:\/\/idloaded.com\/pt\/wp-json\/wp\/v2\/pages\/73","targetHints":{"allow":["GET"]}}],"collection":[{"href":"https:\/\/idloaded.com\/pt\/wp-json\/wp\/v2\/pages"}],"about":[{"href":"https:\/\/idloaded.com\/pt\/wp-json\/wp\/v2\/types\/page"}],"author":[{"embeddable":true,"href":"https:\/\/idloaded.com\/pt\/wp-json\/wp\/v2\/users\/1"}],"replies":[{"embeddable":true,"href":"https:\/\/idloaded.com\/pt\/wp-json\/wp\/v2\/comments?post=73"}],"version-history":[{"count":6,"href":"https:\/\/idloaded.com\/pt\/wp-json\/wp\/v2\/pages\/73\/revisions"}],"predecessor-version":[{"id":503,"href":"https:\/\/idloaded.com\/pt\/wp-json\/wp\/v2\/pages\/73\/revisions\/503"}],"wp:attachment":[{"href":"https:\/\/idloaded.com\/pt\/wp-json\/wp\/v2\/media?parent=73"}],"curies":[{"name":"wp","href":"https:\/\/api.w.org\/{rel}","templated":true}]}}