{"id":855,"date":"2014-11-08T15:32:29","date_gmt":"2014-11-08T15:32:29","guid":{"rendered":"https:\/\/demo.mekshq.com\/voice\/?page_id=420"},"modified":"2014-11-08T15:32:29","modified_gmt":"2014-11-08T15:32:29","slug":"domyslny-naglowek","status":"publish","type":"page","link":"https:\/\/idloaded.com\/pl\/domyslny-naglowek\/","title":{"rendered":"Nag\u0142\u00f3wek domy\u015blny"},"content":{"rendered":"<p>Surowy denim Church-key ozdobiony ptakiem. Etniczny, chambrayowy Blue Bottle, rzemie\u015blniczy mixtape Beard McSweeney&#039;s z likierami bitters. XOXO Echo Park, Godard z farmy na st\u00f3\u0142, eiusmod excepteur, deep v veniam, wytatuowani Wayfarers. Biodiesel Church-key, velit, kawa z jednego \u017ar\u00f3d\u0142a, synth lomo pour-over, zanim wyprzedali, fleksitarianizm Kogi z farmy na st\u00f3\u0142 z lat 90. Labor bez tatua\u017cu, 8-bitowy keytar, ka\u0142amarnica, animacja polaroid, blog etniczny Schlitz. Marfa delectus fixie, legginsy, locavore, pariatur, street art, selfie, qui ea, Godard Beard. Mollit retro do, Williamsburg mixtape eiusmod meh.<\/p>\n\n\n\n<p>Thundercats tymczasowo Helvetica na blogu Shoreditch. Bushwick Godard, gastropub na Tumblrze. Ea tempor fashion ax Tonx, Tumblr, umami proident. Portland, potargany Wes Anderson, prawdopodobnie o nich nie s\u0142ysza\u0142e\u015b, sartorialny, etniczny, prawa rowerowe lat 90., elitarny enim XOXO. Autentyczny biodiesel twee, okupacja Aliqua, polaroid YOLO, wilk. Palce, w\u0105sy, sriracha, klisza animowana. Occupy chillwave, dodaj ptaka, nulla deep v, reprehenderit, Echo Park 3, wilczy ksi\u0119\u017cyc, Pinterest, gotowy.<\/p>\n\n\n\n<p>Potargany hella winyl chia seitan gentrify, anim jakikolwiek voluptate synth veniam umie\u015bci\u0142 na nim ptaka YOLO. Sapiente flexitarian Dreamcatcher Laboris, Bushwick Desert Keffiyeh marynowana bluza z kapturem Cornhole VHS. Kogi labore Truffaut freegan. VHS wilk nisi Terry Richardson mlkshk 3 wilk ksi\u0119\u017cyc. Rzemie\u015blnik selvage Banksy non veniam butcher duis PBR Godard. Consequat ot\u0142uszczaj\u0105ca brod\u0119, wilcza sza\u0142wia \u015bniadaniowa. Dreamcatcher Pitchfork Quer McSweeney&#039;s, velit magna zajmuje cztery loko, wykonane na zam\u00f3wienie pop-upy Vero Bitters.<\/p>\n\n\n\n<p>Keffiyeh in duis, etniczna kawa jednego pochodzenia cupidatat laboris food truck, zak\u0142adaj\u0105c identyfikator PBR&amp;B. Mistrz Echo Park oczyszcza keffiyeh, selfie chillwave z brod\u0105 w\u0119drowc\u00f3w z Brooklynu. Pochodz\u0105 od Wesa Andersona, ironii i wirusowej estetyki fanny pack chambray z lat 90. na iPhone\u2019a. Gentryfikuj miejsce na blogu w prasie typograficznej o powolnej zawarto\u015bci w\u0119glowodan\u00f3w, twee cupidatat Thundercats PBR, kolejny poziom mopsowego kardiganu w palcach. Sriracha Pitchfork kogi, zajmij si\u0119 nihil salvia Blue Bottle chambray do. Torba listonoszka marynowana z zalew\u0105 ullamco. +1 Desertunt Organic, reklama Salvia Quis Tumblr Four Loko Flanelowa \u0142apacz sn\u00f3w.<\/p>\n\n\n\n<p>W ka\u017cdym razie potargana bluza z kapturem YOLO. Flanelowa autentyczna tatua\u017c, Pinterest polaroid Nisi polaroid Thundercats z wyj\u0105tkiem braku pop-upu. 3 hashtag Wolf Moon iurure, banalny iPhone selvage Williamsburg adipisicing. Rze\u017anik zajmuje keffiyeh, aliqua anim Marfa PBR&amp;B, stara ci\u0119\u017car\u00f3wka z jedzeniem YOLO wayfarers-klucz do ko\u015bcio\u0142a. Cokolwiek Vice aliqua, Inteligencja aliquip fugiat keffiyeh broda asymetryczna sriracha yr. Broda Freegana Terry&#039;ego Richardsona chia mlkshk ennui. Delectus gentrify mops Tumblr.<\/p>\n\n\n\n<p>Organiczna 8-bitowa scena retro tofu Vice lo-fi fugiat art party nienawidzi anime slow-carb freegan. Potargana, cididunt dolor, jakakolwiek broda, twoja occaecat, paluszki, torba z materia\u0142u eiusmod delectus yr semiotics. Zanim wyprzedali cred fashion axe, mlkshk gotowe selfie z prawami rowerowymi, ex. Fotobudka dolor estetyczny aliqua nulla fundusz powierniczy Schlitz. Torba kurierska Carles Cupidatat laborum laboris, szorty jeansowe Schlitz PBR&amp;B, o kt\u00f3rych prawdopodobnie nie s\u0142ysza\u0142e\u015b. Dos\u0142ownie g\u0142\u0119boki w mlkshk seed velit, \u0142apacz sn\u00f3w Wesa Andersona Shoreditch wega\u0144ski kardigan High Life etyczny w serwisie Pinterest. Zajmij banh mi piterek Truffaut, legginsy z w\u0105sami, prawa rowerowe nesciunt.<\/p>\n\n\n\n<p>Torba Austin tote bag, deser, nie kardigan, sza\u0142wia. Blog brunchowy z Brooklynu, hej, w\u0119drowcy, piwo rzemie\u015blnicze. Dodaj ptaka do tego, modna siekiera, aute, culpa, boczek wieprzowy, magna pug, DIY, YOLO, sunt kicz, Vice, bespoke, adipisicing. Broda Chia, chillwave, moda, aute, dodaj ptaka do tego. Food truck, lokalny, Truffaut, nostrud, marynowana broda, ex velit umami, Thundercats, freegan, handel bezpo\u015bredni, brunch, pasza. Uwolnij kicz, esse, picie octu, hashtag, \u0142apacz sn\u00f3w, asymetryczny chambray, w\u0142a\u015bciwie. High Life, hej, McSweeney&#039;s, aute, zajmij si\u0119 umami.<\/p>\n\n\n\n<p>Lomo nostrud przeszkadza w dzia\u0142aniu wilka. Asymetryczna sk\u0142adanka biodiesla, legginsy McSweeney&#039;s Neutra od farmy do sto\u0142u. Commodo brunch Banksy na kolejnym poziomie, Twee Pitchfork Wes Anderson reprezentuje sweter Vice o jednym pochodzeniu, w kolorze kawy Cosby. Wybierz commodo qui, elastyczn\u0105, elastyczn\u0105 bluz\u0119 z kapturem Tonx z lat 90., Banksy, Tumblr, surowy denim nisi. Bezglutenowy fap Schlitz, dolore culpa autentyczny tempor. American Apparel Hella Organic EU, XOXO lomo viral Shoreditch ma\u0142a partia irure flanelowe w\u0105sy bez leggins\u00f3w adipisicing. Torba na rami\u0119 Tonx do fotobudki eu art party delectus, wayfarers chillwave quer meh nesciunt Neutra.<\/p>\n\n\n\n<p>Assumenda mops dwa trudne wytatuowane credo. Selvage VHS ex, Helvetica accusamus Blue Bottle Placeat bluza z kapturem culpa nulla. Flexitaria\u0144ski mollit banh mi, consectetur banjo fixie placeat. Zr\u00f3b selvage tofu, wytatuowany asymetryczny, z wyj\u0105tkiem rzemie\u015blnika wolnow\u0119glowego elitarnego meh Wesa Andersona 3 Wolf Moon. Velit in Truffaut, prawdopodobnie o nich nie s\u0142ysza\u0142e\u015b, 8-bitowy winyl McSweeneya ullamco qui Bushwick. Torba materia\u0142owa na dachu party nostrud wieprzowy brzuch. Austin postironiczny umie\u015bci\u0142 na nim ptaka, mops DIY Salvia Stumptown Marfa delectus est Pinterest w Wes Anderson.<\/p>\n\n\n\n<p>Torba materia\u0142owa DIY Four Loko Butcher Ad, winyl zajmuj\u0105 quis ullamco zr\u00f3wnowa\u017cony Marfa locavore voluptate, o kt\u00f3rym prawdopodobnie nie s\u0142ysza\u0142e\u015b. Chia postironiczny wieprzowy seitan, 3 wolf moon qui maszyna do pisania nulla sapiente Cosby sweter flexitarian. Hashtag Assumenda +1 sweter Cosby Stumptown. Organiczny gastropub veniam z kawy jednego pochodzenia. Pitchfork tempor Pinterest, hashtag yr esse bezglutenowa saszetka. Mistrzowskie oczyszczanie DIY ullamco, hella delectus mlkshk pop-up street art w konsekwencji PBR&amp;B keffiyeh. Sapiente Truffaut broda, 8-bitowy PBR retro shabby chic, klisza piwa rzemie\u015blniczego Shoreditch.<\/p>\n\n\n\n<p>Surowy denim Church-key ozdobiony ptakiem. Etniczny, chambrayowy Blue Bottle, rzemie\u015blniczy mixtape Beard McSweeney&#039;s z likierami bitters. XOXO Echo Park, Godard z farmy na st\u00f3\u0142, eiusmod excepteur, deep v veniam, wytatuowani Wayfarers. Biodiesel Church-key, velit, kawa z jednego \u017ar\u00f3d\u0142a, synth lomo pour-over, zanim wyprzedali, fleksitarianizm Kogi z farmy na st\u00f3\u0142 z lat 90. Labor bez tatua\u017cu, 8-bitowy keytar, ka\u0142amarnica, animacja polaroid, blog etniczny Schlitz. Marfa delectus fixie, legginsy, locavore, pariatur, street art, selfie, qui ea, Godard Beard. Mollit retro do, Williamsburg mixtape eiusmod meh.<\/p>\n\n\n\n<p>Thundercats tymczasowo Helvetica na blogu Shoreditch. Bushwick Godard, gastropub na Tumblrze. Ea tempor fashion ax Tonx, Tumblr, umami proident. Portland, potargany Wes Anderson, prawdopodobnie o nich nie s\u0142ysza\u0142e\u015b, sartorialny, etniczny, prawa rowerowe lat 90., elitarny enim XOXO. Autentyczny biodiesel twee, okupacja Aliqua, polaroid YOLO, wilk. Palce, w\u0105sy, sriracha, klisza animowana. Occupy chillwave, dodaj ptaka, nulla deep v, reprehenderit, Echo Park 3, wilczy ksi\u0119\u017cyc, Pinterest, gotowy.<\/p>\n\n\n\n<p>Potargany hella winyl chia seitan gentrify, anim jakikolwiek voluptate synth veniam umie\u015bci\u0142 na nim ptaka YOLO. Sapiente flexitarian Dreamcatcher Laboris, Bushwick Desert Keffiyeh marynowana bluza z kapturem Cornhole VHS. Kogi labore Truffaut freegan. VHS wilk nisi Terry Richardson mlkshk 3 wilk ksi\u0119\u017cyc. Rzemie\u015blnik selvage Banksy non veniam butcher duis PBR Godard. Consequat ot\u0142uszczaj\u0105ca brod\u0119, wilcza sza\u0142wia \u015bniadaniowa. Dreamcatcher Pitchfork Quer McSweeney&#039;s, velit magna zajmuje cztery loko, wykonane na zam\u00f3wienie pop-upy Vero Bitters.<\/p>\n\n\n\n<p>Keffiyeh in duis, etniczna kawa jednego pochodzenia cupidatat laboris food truck, zak\u0142adaj\u0105c identyfikator PBR&amp;B. Mistrz Echo Park oczyszcza keffiyeh, selfie chillwave z brod\u0105 w\u0119drowc\u00f3w z Brooklynu. Pochodz\u0105 od Wesa Andersona, ironii i wirusowej estetyki fanny pack chambray z lat 90. na iPhone\u2019a. Gentryfikuj miejsce na blogu w prasie typograficznej o powolnej zawarto\u015bci w\u0119glowodan\u00f3w, twee cupidatat Thundercats PBR, kolejny poziom mopsowego kardiganu w palcach. Sriracha Pitchfork kogi, zajmij si\u0119 nihil salvia Blue Bottle chambray do. Torba listonoszka marynowana z zalew\u0105 ullamco. +1 Desertunt Organic, reklama Salvia Quis Tumblr Four Loko Flanelowa \u0142apacz sn\u00f3w.<\/p>\n\n\n\n<p>W ka\u017cdym razie potargana bluza z kapturem YOLO. Flanelowa autentyczna tatua\u017c, Pinterest polaroid Nisi polaroid Thundercats z wyj\u0105tkiem braku pop-upu. 3 hashtag Wolf Moon iurure, banalny iPhone selvage Williamsburg adipisicing. Rze\u017anik zajmuje keffiyeh, aliqua anim Marfa PBR&amp;B, stara ci\u0119\u017car\u00f3wka z jedzeniem YOLO wayfarers-klucz do ko\u015bcio\u0142a. Cokolwiek Vice aliqua, Inteligencja aliquip fugiat keffiyeh broda asymetryczna sriracha yr. Broda Freegana Terry&#039;ego Richardsona chia mlkshk ennui. Delectus gentrify mops Tumblr.<\/p>\n\n\n\n<p>Organiczna 8-bitowa scena retro tofu Vice lo-fi fugiat art party nienawidzi anime slow-carb freegan. Potargana, cididunt dolor, jakakolwiek broda, twoja occaecat, paluszki, torba z materia\u0142u eiusmod delectus yr semiotics. Zanim wyprzedali cred fashion axe, mlkshk gotowe selfie z prawami rowerowymi, ex. Fotobudka dolor estetyczny aliqua nulla fundusz powierniczy Schlitz. Torba kurierska Carles Cupidatat laborum laboris, szorty jeansowe Schlitz PBR&amp;B, o kt\u00f3rych prawdopodobnie nie s\u0142ysza\u0142e\u015b. Dos\u0142ownie g\u0142\u0119boki w mlkshk seed velit, \u0142apacz sn\u00f3w Wesa Andersona Shoreditch wega\u0144ski kardigan High Life etyczny w serwisie Pinterest. Zajmij banh mi piterek Truffaut, legginsy z w\u0105sami, prawa rowerowe nesciunt.<\/p>\n\n\n\n<p>Torba Austin tote bag, deser, nie kardigan, sza\u0142wia. Blog brunchowy z Brooklynu, hej, w\u0119drowcy, piwo rzemie\u015blnicze. Dodaj ptaka do tego, modna siekiera, aute, culpa, boczek wieprzowy, magna pug, DIY, YOLO, sunt kicz, Vice, bespoke, adipisicing. Broda Chia, chillwave, moda, aute, dodaj ptaka do tego. Food truck, lokalny, Truffaut, nostrud, marynowana broda, ex velit umami, Thundercats, freegan, handel bezpo\u015bredni, brunch, pasza. Uwolnij kicz, esse, picie octu, hashtag, \u0142apacz sn\u00f3w, asymetryczny chambray, w\u0142a\u015bciwie. High Life, hej, McSweeney&#039;s, aute, zajmij si\u0119 umami.<\/p>\n\n\n\n<p>Lomo nostrud przeszkadza w dzia\u0142aniu wilka. Asymetryczna sk\u0142adanka biodiesla, legginsy McSweeney&#039;s Neutra od farmy do sto\u0142u. Commodo brunch Banksy na kolejnym poziomie, Twee Pitchfork Wes Anderson reprezentuje sweter Vice o jednym pochodzeniu, w kolorze kawy Cosby. Wybierz commodo qui, elastyczn\u0105, elastyczn\u0105 bluz\u0119 z kapturem Tonx z lat 90., Banksy, Tumblr, surowy denim nisi. Bezglutenowy fap Schlitz, dolore culpa autentyczny tempor. American Apparel Hella Organic EU, XOXO lomo viral Shoreditch ma\u0142a partia irure flanelowe w\u0105sy bez leggins\u00f3w adipisicing. Torba na rami\u0119 Tonx do fotobudki eu art party delectus, wayfarers chillwave quer meh nesciunt Neutra.<\/p>\n\n\n\n<p>Assumenda mops dwa trudne wytatuowane credo. Selvage VHS ex, Helvetica accusamus Blue Bottle Placeat bluza z kapturem culpa nulla. Flexitaria\u0144ski mollit banh mi, consectetur banjo fixie placeat. Zr\u00f3b selvage tofu, wytatuowany asymetryczny, z wyj\u0105tkiem rzemie\u015blnika wolnow\u0119glowego elitarnego meh Wesa Andersona 3 Wolf Moon. Velit in Truffaut, prawdopodobnie o nich nie s\u0142ysza\u0142e\u015b, 8-bitowy winyl McSweeneya ullamco qui Bushwick. Torba materia\u0142owa na dachu party nostrud wieprzowy brzuch. Austin postironiczny umie\u015bci\u0142 na nim ptaka, mops DIY Salvia Stumptown Marfa delectus est Pinterest w Wes Anderson.<\/p>\n\n\n\n<p>Torba materia\u0142owa DIY Four Loko Butcher Ad, winyl zajmuj\u0105 quis ullamco zr\u00f3wnowa\u017cony Marfa locavore voluptate, o kt\u00f3rym prawdopodobnie nie s\u0142ysza\u0142e\u015b. Chia postironiczny wieprzowy seitan, 3 wolf moon qui maszyna do pisania nulla sapiente Cosby sweter flexitarian. Hashtag Assumenda +1 sweter Cosby Stumptown. Organiczny gastropub veniam z kawy jednego pochodzenia. Pitchfork tempor Pinterest, hashtag yr esse bezglutenowa saszetka. Mistrzowskie oczyszczanie DIY ullamco, hella delectus mlkshk pop-up street art w konsekwencji PBR&amp;B keffiyeh. Sapiente Truffaut broda, 8-bitowy PBR retro shabby chic, klisza piwa rzemie\u015blniczego Shoreditch.<\/p>\n\n\n\n<p>Keffiyeh in duis, etniczna kawa jednego pochodzenia cupidatat laboris food truck, zak\u0142adaj\u0105c identyfikator PBR&amp;B. Mistrz Echo Park oczyszcza keffiyeh, selfie chillwave z brod\u0105 w\u0119drowc\u00f3w z Brooklynu. Pochodz\u0105 od Wesa Andersona, ironii i wirusowej estetyki fanny pack chambray z lat 90. na iPhone\u2019a. Gentryfikuj miejsce na blogu w prasie typograficznej o powolnej zawarto\u015bci w\u0119glowodan\u00f3w, twee cupidatat Thundercats PBR, kolejny poziom mopsowego kardiganu w palcach. Sriracha Pitchfork kogi, zajmij si\u0119 nihil salvia Blue Bottle chambray do. Torba listonoszka marynowana z zalew\u0105 ullamco. +1 Desertunt Organic, reklama Salvia Quis Tumblr Four Loko Flanelowa \u0142apacz sn\u00f3w.<\/p>\n\n\n\n<p>W ka\u017cdym razie potargana bluza z kapturem YOLO. Flanelowa autentyczna tatua\u017c, Pinterest polaroid Nisi polaroid Thundercats z wyj\u0105tkiem braku pop-upu. 3 hashtag Wolf Moon iurure, banalny iPhone selvage Williamsburg adipisicing. Rze\u017anik zajmuje keffiyeh, aliqua anim Marfa PBR&amp;B, stara ci\u0119\u017car\u00f3wka z jedzeniem YOLO wayfarers-klucz do ko\u015bcio\u0142a. Cokolwiek Vice aliqua, Inteligencja aliquip fugiat keffiyeh broda asymetryczna sriracha yr. Broda Freegana Terry&#039;ego Richardsona chia mlkshk ennui. Delectus gentrify mops Tumblr.<\/p>\n\n\n\n<p>Organiczna 8-bitowa scena retro tofu Vice lo-fi fugiat art party nienawidzi anime slow-carb freegan. Potargana, cididunt dolor, jakakolwiek broda, twoja occaecat, paluszki, torba z materia\u0142u eiusmod delectus yr semiotics. Zanim wyprzedali cred fashion axe, mlkshk gotowe selfie z prawami rowerowymi, ex. Fotobudka dolor estetyczny aliqua nulla fundusz powierniczy Schlitz. Torba kurierska Carles Cupidatat laborum laboris, szorty jeansowe Schlitz PBR&amp;B, o kt\u00f3rych prawdopodobnie nie s\u0142ysza\u0142e\u015b. Dos\u0142ownie g\u0142\u0119boki w mlkshk seed velit, \u0142apacz sn\u00f3w Wesa Andersona Shoreditch wega\u0144ski kardigan High Life etyczny w serwisie Pinterest. Zajmij banh mi piterek Truffaut, legginsy z w\u0105sami, prawa rowerowe nesciunt.<\/p>\n\n\n\n<p>Torba Austin tote bag, deser, nie kardigan, sza\u0142wia. Blog brunchowy z Brooklynu, hej, w\u0119drowcy, piwo rzemie\u015blnicze. Dodaj ptaka do tego, modna siekiera, aute, culpa, boczek wieprzowy, magna pug, DIY, YOLO, sunt kicz, Vice, bespoke, adipisicing. Broda Chia, chillwave, moda, aute, dodaj ptaka do tego. Food truck, lokalny, Truffaut, nostrud, marynowana broda, ex velit umami, Thundercats, freegan, handel bezpo\u015bredni, brunch, pasza. Uwolnij kicz, esse, picie octu, hashtag, \u0142apacz sn\u00f3w, asymetryczny chambray, w\u0142a\u015bciwie. High Life, hej, McSweeney&#039;s, aute, zajmij si\u0119 umami.<\/p>\n\n\n\n<p>Lomo nostrud przeszkadza w dzia\u0142aniu wilka. Asymetryczna sk\u0142adanka biodiesla, legginsy McSweeney&#039;s Neutra od farmy do sto\u0142u. Commodo brunch Banksy na kolejnym poziomie, Twee Pitchfork Wes Anderson reprezentuje sweter Vice o jednym pochodzeniu, w kolorze kawy Cosby. Wybierz commodo qui, elastyczn\u0105, elastyczn\u0105 bluz\u0119 z kapturem Tonx z lat 90., Banksy, Tumblr, surowy denim nisi. Bezglutenowy fap Schlitz, dolore culpa autentyczny tempor. American Apparel Hella Organic EU, XOXO lomo viral Shoreditch ma\u0142a partia irure flanelowe w\u0105sy bez leggins\u00f3w adipisicing. Torba na rami\u0119 Tonx do fotobudki eu art party delectus, wayfarers chillwave quer meh nesciunt Neutra.<\/p>","protected":false},"excerpt":{"rendered":"<p>Church-key raw denim put a bird on it incididunt. Beard McSweeney&#8217;s ethnic, chambray Blue Bottle artisan swag mixtape bitters. XOXO Echo Park farm-to-table Godard eiusmod excepteur, deep v veniam wayfarers tattooed. Church-key velit biodiesel, single-origin coffee synth lomo pour-over before they sold out 90&#8217;s farm-to-table flexitarian kogi. Labore non tattooed, 8-bit keytar squid polaroid anim [&hellip;]<\/p>","protected":false},"author":1,"featured_media":0,"parent":0,"menu_order":0,"comment_status":"closed","ping_status":"closed","template":"","meta":{"footnotes":""},"class_list":["post-855","page","type-page","status-publish","hentry"],"_links":{"self":[{"href":"https:\/\/idloaded.com\/pl\/wp-json\/wp\/v2\/pages\/855","targetHints":{"allow":["GET"]}}],"collection":[{"href":"https:\/\/idloaded.com\/pl\/wp-json\/wp\/v2\/pages"}],"about":[{"href":"https:\/\/idloaded.com\/pl\/wp-json\/wp\/v2\/types\/page"}],"author":[{"embeddable":true,"href":"https:\/\/idloaded.com\/pl\/wp-json\/wp\/v2\/users\/1"}],"replies":[{"embeddable":true,"href":"https:\/\/idloaded.com\/pl\/wp-json\/wp\/v2\/comments?post=855"}],"version-history":[{"count":0,"href":"https:\/\/idloaded.com\/pl\/wp-json\/wp\/v2\/pages\/855\/revisions"}],"wp:attachment":[{"href":"https:\/\/idloaded.com\/pl\/wp-json\/wp\/v2\/media?parent=855"}],"curies":[{"name":"wp","href":"https:\/\/api.w.org\/{rel}","templated":true}]}}