{"id":75,"date":"2023-12-01T00:53:30","date_gmt":"2023-12-01T03:53:30","guid":{"rendered":"http:\/\/idloaded.com\/?page_id=75"},"modified":"2024-07-04T19:24:35","modified_gmt":"2024-07-04T22:24:35","slug":"o-nas","status":"publish","type":"page","link":"https:\/\/idloaded.com\/pl\/o-nas\/","title":{"rendered":"O"},"content":{"rendered":"<h2>Informacje o IdLoaded<\/h2>\n<p>W IdLoaded kieruje nami pasja integrowania \u015bwiata technologii z najnowszymi i najbardziej istotnymi informacjami. Naszym celem jest bycie punktem odniesienia dla pasjonat\u00f3w technologii, profesjonalist\u00f3w w swojej dziedzinie oraz wszystkich zainteresowanych najnowszymi innowacjami.<\/p>\n<h3>Nasz cel<\/h3>\n<p>Naszym g\u0142\u00f3wnym celem jest stworzenie przestrzeni, w kt\u00f3rej mi\u0142o\u015bnicy technologii znajd\u0105 szerok\u0105 gam\u0119 informacji o innowacjach technologicznych, sposobach wdra\u017cania i najnowszych trendach. Staramy si\u0119 \u0142\u0105czy\u0107 tradycj\u0119 z innowacjami, pomagaj\u0105c profesjonalistom w korzystaniu z najnowszych osi\u0105gni\u0119\u0107, zachowuj\u0105c jednocze\u015bnie ich tradycyjne praktyki.<\/p>\n<h3>Nasze us\u0142ugi<\/h3>\n<p><strong>Artyku\u0142y informacyjne:<\/strong> Oferujemy szerok\u0105 gam\u0119 artyku\u0142\u00f3w omawiaj\u0105cych tematy od inteligentnego zarz\u0105dzania danymi po najnowsze urz\u0105dzenia ubieralne i inteligentne.<\/p>\n<p><strong>Interakcja spo\u0142eczno\u015bciowa:<\/strong> Zapraszamy mi\u0142o\u015bnik\u00f3w technologii do udzia\u0142u i dzielenia si\u0119 swoj\u0105 wiedz\u0105, wspieraj\u0105c t\u0119tni\u0105c\u0105 \u017cyciem i zr\u00f3\u017cnicowan\u0105 spo\u0142eczno\u015b\u0107.<\/p>\n<p><strong>Najwa\u017cniejsze innowacje:<\/strong> Odkryj najnowsze technologie, sprz\u0119t i gad\u017cety, kt\u00f3re kszta\u0142tuj\u0105 przysz\u0142o\u015b\u0107.<\/p>\n<p><strong>Recenzje produkt\u00f3w:<\/strong> Podejmuj \u015bwiadome decyzje, korzystaj\u0105c z naszych bezstronnych recenzji i sugestii produkt\u00f3w.<\/p>\n<p><strong>Zasoby edukacyjne:<\/strong> Zdob\u0105d\u017a wiedz\u0119 od do\u015bwiadczonych profesjonalist\u00f3w i ekspert\u00f3w, korzystaj\u0105c z naszych przewodnik\u00f3w edukacyjnych i samouczk\u00f3w.<\/p>\n<p><strong>Nasze po\u015bwi\u0119cenie:<\/strong> Naszym celem jest dostarczanie dok\u0142adnych i rzetelnych informacji. Nasz zesp\u00f3\u0142 stara si\u0119 nad\u0105\u017ca\u0107 za dynamicznym \u015bwiatem technologii i dzieli\u0107 si\u0119 z Tob\u0105 naszymi spostrze\u017ceniami.<\/p>\n<h3>Uznanie<\/h3>\n<p>Serdecznie dzi\u0119kujemy naszym czytelnikom i wsp\u00f3\u0142pracownikom. Dzi\u0119ki Twojemu wsparciu IdLoaded mo\u017ce si\u0119 rozwija\u0107. Do\u0142\u0105cz do nas i odkryj intryguj\u0105ce po\u0142\u0105czenie tradycji i innowacji technologicznych. Razem mo\u017cemy ruszy\u0107 w przysz\u0142o\u015b\u0107, utrzymuj\u0105c jednocze\u015bnie nasze zaanga\u017cowanie w jako\u015b\u0107 i dok\u0142adno\u015b\u0107 informacji.<\/p>\n<p>Dzi\u0119kujemy, \u017ce jeste\u015b cz\u0119\u015bci\u0105 spo\u0142eczno\u015bci IdLoaded! Mo\u017cesz skontaktowa\u0107 si\u0119 z nami za po\u015brednictwem naszej strony internetowej pod adresem <a href=\"http:\/\/idloaded.com\/pl\/\" target=\"_new\" rel=\"noreferrer noopener\">http:\/\/idloaded.com\/<\/a>. Aby uzyska\u0107 wi\u0119cej informacji, mo\u017cesz r\u00f3wnie\u017c odwiedzi\u0107 nasz\u0105 stron\u0119 w mediach spo\u0142eczno\u015bciowych pod adresem IdLoaded.<\/p>","protected":false},"excerpt":{"rendered":"<p>Sobre o IdLoaded No IdLoaded, somos movidos pela nossa paix\u00e3o por integrar o mundo da tecnologia com as informa\u00e7\u00f5es mais recentes e relevantes. Nosso objetivo \u00e9 ser o ponto de refer\u00eancia para entusiastas de tecnologia, profissionais da \u00e1rea e todos aqueles interessados nas \u00faltimas inova\u00e7\u00f5es. Nosso Objetivo Nosso principal objetivo \u00e9 criar um espa\u00e7o onde [&hellip;]<\/p>","protected":false},"author":1,"featured_media":0,"parent":0,"menu_order":0,"comment_status":"closed","ping_status":"closed","template":"","meta":{"footnotes":""},"class_list":["post-75","page","type-page","status-publish","hentry"],"_links":{"self":[{"href":"https:\/\/idloaded.com\/pl\/wp-json\/wp\/v2\/pages\/75","targetHints":{"allow":["GET"]}}],"collection":[{"href":"https:\/\/idloaded.com\/pl\/wp-json\/wp\/v2\/pages"}],"about":[{"href":"https:\/\/idloaded.com\/pl\/wp-json\/wp\/v2\/types\/page"}],"author":[{"embeddable":true,"href":"https:\/\/idloaded.com\/pl\/wp-json\/wp\/v2\/users\/1"}],"replies":[{"embeddable":true,"href":"https:\/\/idloaded.com\/pl\/wp-json\/wp\/v2\/comments?post=75"}],"version-history":[{"count":8,"href":"https:\/\/idloaded.com\/pl\/wp-json\/wp\/v2\/pages\/75\/revisions"}],"predecessor-version":[{"id":508,"href":"https:\/\/idloaded.com\/pl\/wp-json\/wp\/v2\/pages\/75\/revisions\/508"}],"wp:attachment":[{"href":"https:\/\/idloaded.com\/pl\/wp-json\/wp\/v2\/media?parent=75"}],"curies":[{"name":"wp","href":"https:\/\/api.w.org\/{rel}","templated":true}]}}