{"id":73,"date":"2023-12-01T00:53:30","date_gmt":"2023-12-01T03:53:30","guid":{"rendered":"http:\/\/idloaded.com\/?page_id=73"},"modified":"2024-07-04T19:18:00","modified_gmt":"2024-07-04T22:18:00","slug":"polityka-prywatnosci","status":"publish","type":"page","link":"https:\/\/idloaded.com\/pl\/polityka-prywatnosci\/","title":{"rendered":"Polityka prywatno\u015bci"},"content":{"rendered":"<h2>Wytyczne dotycz\u0105ce prywatno\u015bci dla IdLoaded<\/h2>\n<p>W IdLoaded, kt\u00f3ry mo\u017cna znale\u017a\u0107 pod adresem <a href=\"http:\/\/idloaded.com\/pl\/\" target=\"_new\" rel=\"noreferrer noopener\">http:\/\/idloaded.com\/<\/a>, priorytetowo traktujemy prywatno\u015b\u0107 naszych go\u015bci. W tym dokumencie opisano rodzaje informacji, kt\u00f3re zbieramy i rejestrujemy w IdLoaded oraz spos\u00f3b, w jaki je wykorzystujemy.<\/p>\n<p>Je\u015bli masz dalsze pytania lub potrzebujesz wi\u0119cej informacji na temat naszych Wytycznych dotycz\u0105cych prywatno\u015bci, skontaktuj si\u0119 z nami.<\/p>\n<p>Niniejsze Wytyczne dotycz\u0105ce prywatno\u015bci maj\u0105 zastosowanie wy\u0142\u0105cznie do naszej dzia\u0142alno\u015bci online i s\u0105 istotne dla os\u00f3b odwiedzaj\u0105cych nasz\u0105 witryn\u0119 w odniesieniu do informacji, kt\u00f3re udost\u0119pniaj\u0105 i\/lub gromadz\u0105 w IdLoaded. Niniejsze wytyczne nie maj\u0105 zastosowania do jakichkolwiek informacji gromadzonych w trybie offline lub kana\u0142ami innymi ni\u017c ta strona internetowa.<\/p>\n<h3>Porozumienie<\/h3>\n<p>Wchodz\u0105c na nasz\u0105 stron\u0119 internetow\u0105, wyra\u017casz zgod\u0119 na nasze Wytyczne dotycz\u0105ce prywatno\u015bci i wyra\u017casz zgod\u0119 na ich warunki.<\/p>\n<h3>Dane, kt\u00f3re zbieramy<\/h3>\n<p>W momencie, gdy o to poprosimy, jasno wyja\u015bnimy, dlaczego potrzebujemy danych osobowych, o kt\u00f3re prosimy.<\/p>\n<p>Je\u015bli skontaktujesz si\u0119 z nami bezpo\u015brednio, mo\u017cemy otrzyma\u0107 dodatkowe informacje o Tobie, takie jak Twoje imi\u0119 i nazwisko, adres e-mail, numer telefonu, tre\u015b\u0107 wszelkich wiadomo\u015bci i\/lub za\u0142\u0105cznik\u00f3w, kt\u00f3re mo\u017cesz nam przes\u0142a\u0107, a tak\u017ce wszelkie inne informacje, kt\u00f3re mo\u017cesz nam udost\u0119pni\u0107.<\/p>\n<p>Kiedy tworzysz Konto, mo\u017cemy poprosi\u0107 Ci\u0119 o podanie danych kontaktowych, w tym takich danych jak imi\u0119 i nazwisko, nazwa firmy, adres, adres e-mail i numer telefonu.<\/p>\n<h3>Jak wykorzystujemy Twoje dane<\/h3>\n<p>Gromadzone przez nas dane wykorzystujemy na r\u00f3\u017cne sposoby, w tym w celu:<\/p>\n<ul>\n<li>Udost\u0119pniaj, obs\u0142uguj i utrzymuj nasz\u0105 stron\u0119 internetow\u0105<\/li>\n<li>Ulepszaj, personalizuj i rozwijaj nasz\u0105 stron\u0119 internetow\u0105<\/li>\n<li>Zrozum i przeanalizuj, w jaki spos\u00f3b korzystasz z naszej strony internetowej<\/li>\n<li>Tw\u00f3rz nowe produkty, us\u0142ugi, funkcje i funkcjonalno\u015bci<\/li>\n<li>Komunikowa\u0107 si\u0119 z Tob\u0105, bezpo\u015brednio lub za po\u015brednictwem jednego z naszych partner\u00f3w, w celu obs\u0142ugi klienta, dostarczania aktualizacji i innych informacji zwi\u0105zanych z witryn\u0105 oraz w celach marketingowych i promocyjnych<\/li>\n<li>Wysy\u0142aj e-maile<\/li>\n<li>Wykrywaj i zapobiegaj oszustwom<\/li>\n<\/ul>\n<h3>Pliki rejestru<\/h3>\n<p>IdLoaded post\u0119puje zgodnie ze standardow\u0105 procedur\u0105 korzystania z plik\u00f3w dziennika. Pliki te rejestruj\u0105 osoby odwiedzaj\u0105ce strony internetowe. Wszystkie firmy hostingowe robi\u0105 to w ramach swoich us\u0142ug analityki hostingowej. Informacje gromadzone przez pliki dziennika obejmuj\u0105 adresy protoko\u0142u internetowego (IP), typ przegl\u0105darki, dostawc\u0119 us\u0142ug internetowych (ISP), dat\u0119 i godzin\u0119, strony odsy\u0142aj\u0105ce\/wyj\u015bciowe i ewentualnie liczb\u0119 klikni\u0119\u0107. Informacje te nie s\u0105 powi\u0105zane z \u017cadnymi danymi osobowymi. Celem tych informacji jest analiza trend\u00f3w, administrowanie serwisem, \u015bledzenie ruchu u\u017cytkownik\u00f3w w serwisie oraz zbieranie informacji demograficznych.<\/p>\n<h3>Pliki cookie i sygna\u0142y internetowe<\/h3>\n<p>Jak ka\u017cda inna strona internetowa, IdLoaded wykorzystuje pliki \u201ecookies\u201d. Te pliki cookie s\u0142u\u017c\u0105 do przechowywania informacji, w tym preferencji odwiedzaj\u0105cych oraz stron w witrynie, do kt\u00f3rych u\u017cytkownik uzyska\u0142 dost\u0119p lub kt\u00f3re odwiedzi\u0142. Informacje te s\u0105 wykorzystywane w celu optymalizacji do\u015bwiadczenia u\u017cytkownik\u00f3w poprzez dostosowywanie zawarto\u015bci naszej strony internetowej w oparciu o typ przegl\u0105darki odwiedzaj\u0105cego i\/lub inne informacje.<\/p>\n<h3>Plik cookie Google DoubleClick DART<\/h3>\n<p>Google jest jednym z zewn\u0119trznych dostawc\u00f3w naszej witryny. Wykorzystuje r\u00f3wnie\u017c pliki cookie, zwane plikami cookie DART, do wy\u015bwietlania reklam osobom odwiedzaj\u0105cym nasz\u0105 witryn\u0119 na podstawie ich wizyty na stronie <a href=\"http:\/\/www.website.com\" target=\"_new\" rel=\"noreferrer noopener\">www.strona internetowa.com<\/a> i innych witryn w Internecie. Jednak\u017ce odwiedzaj\u0105cy mog\u0105 zrezygnowa\u0107 z u\u017cywania plik\u00f3w cookie DART, odwiedzaj\u0105c Polityk\u0119 prywatno\u015bci reklam i sieci partnerskiej Google pod nast\u0119puj\u0105cym adresem URL \u2013 <a href=\"https:\/\/policies.google.com\/technologies\/ads\" target=\"_new\" rel=\"noreferrer noopener\">https:\/\/policies.google.com\/technologies\/ads<\/a>.<\/p>\n<h3>Wytyczne dotycz\u0105ce prywatno\u015bci dla partner\u00f3w reklamowych IdLoaded<\/h3>\n<p>Mo\u017cesz zapozna\u0107 si\u0119 z t\u0105 list\u0105, aby znale\u017a\u0107 Wytyczne dotycz\u0105ce prywatno\u015bci dla ka\u017cdego z partner\u00f3w reklamowych IdLoaded.<\/p>\n<p>Serwery reklamowe lub sieci reklamowe innych firm korzystaj\u0105 z technologii takich jak pliki cookie, JavaScript lub sygna\u0142y nawigacyjne w sieci Web w swoich odpowiednich reklamach i linkach pojawiaj\u0105cych si\u0119 w IdLoaded, kt\u00f3re s\u0105 wysy\u0142ane bezpo\u015brednio do przegl\u0105darki u\u017cytkownika. Gdy to nast\u0105pi, automatycznie otrzymaj\u0105 Tw\u00f3j adres IP. Technologie te s\u0142u\u017c\u0105 do pomiaru skuteczno\u015bci kampanii reklamowych i\/lub personalizacji tre\u015bci reklamowych, kt\u00f3re widzisz na odwiedzanych stronach internetowych.<\/p>\n<p>Nale\u017cy pami\u0119ta\u0107, \u017ce IdLoaded nie ma dost\u0119pu ani kontroli nad plikami cookie u\u017cywanymi przez zewn\u0119trznych reklamodawc\u00f3w.<\/p>\n<h3>Wytyczne dotycz\u0105ce prywatno\u015bci stron trzecich<\/h3>\n<p>Polityka prywatno\u015bci IdLoaded nie ma zastosowania do innych reklamodawc\u00f3w ani stron internetowych. Dlatego zalecamy zapoznanie si\u0119 z odpowiednimi Politykami prywatno\u015bci tych serwer\u00f3w reklamowych stron trzecich w celu uzyskania bardziej szczeg\u00f3\u0142owych informacji. Mo\u017ce zawiera\u0107 praktyki i instrukcje dotycz\u0105ce rezygnacji z niekt\u00f3rych opcji.<\/p>\n<p>Masz mo\u017cliwo\u015b\u0107 wy\u0142\u0105czenia plik\u00f3w cookies poprzez indywidualne opcje przegl\u0105darki. Bardziej szczeg\u00f3\u0142owe informacje na temat zarz\u0105dzania plikami cookies w poszczeg\u00f3lnych przegl\u0105darkach internetowych mo\u017cna znale\u017a\u0107 na stronach poszczeg\u00f3lnych przegl\u0105darek.<\/p>\n<h3>Prawa do prywatno\u015bci CCPA (nie sprzedawaj moich danych osobowych)<\/h3>\n<p>Na mocy ustawy CCPA konsumenci w Kalifornii maj\u0105 prawo do:<\/p>\n<ul>\n<li>Za\u017c\u0105daj, aby firma gromadz\u0105ca dane osobowe konsument\u00f3w ujawni\u0142a kategorie i okre\u015blone dane osobowe, kt\u00f3re firma zebra\u0142a na temat konsument\u00f3w.<\/li>\n<li>Popro\u015b firm\u0119 o usuni\u0119cie wszelkich danych osobowych konsumenta, kt\u00f3re firma zebra\u0142a.<\/li>\n<li>Za\u017c\u0105daj, aby firma sprzedaj\u0105ca dane osobowe konsumenta nie sprzedawa\u0142a danych osobowych konsumenta.<\/li>\n<\/ul>\n<p>Je\u015bli z\u0142o\u017cysz wniosek, mamy miesi\u0105c na udzielenie Ci odpowiedzi. Je\u015bli chcesz skorzysta\u0107 z kt\u00f3regokolwiek z tych praw, skontaktuj si\u0119 z nami.<\/p>\n<h3>Prawa do ochrony danych RODO<\/h3>\n<p>Chcemy mie\u0107 pewno\u015b\u0107, \u017ce jeste\u015b w pe\u0142ni \u015bwiadomy wszystkich przys\u0142uguj\u0105cych Ci praw w zakresie ochrony danych. Ka\u017cdy u\u017cytkownik ma prawo do:<\/p>\n<ul>\n<li>Prawo dost\u0119pu \u2013 Masz prawo za\u017c\u0105da\u0107 kopii swoich danych osobowych. Za t\u0119 us\u0142ug\u0119 mo\u017cemy pobra\u0107 niewielk\u0105 op\u0142at\u0119.<\/li>\n<li>Prawo do sprostowania \u2013 masz prawo za\u017c\u0105da\u0107, aby\u015bmy poprawili wszelkie informacje, kt\u00f3re Twoim zdaniem s\u0105 nieprawid\u0142owe. Masz r\u00f3wnie\u017c prawo za\u017c\u0105da\u0107 od nas uzupe\u0142nienia informacji, kt\u00f3re Twoim zdaniem s\u0105 niekompletne.<\/li>\n<li>Prawo do usuni\u0119cia \u2013 masz prawo \u017c\u0105da\u0107, aby\u015bmy usun\u0119li Twoje dane osobowe, pod pewnymi warunkami.<\/li>\n<li>Prawo do ograniczenia przetwarzania \u2013 Masz prawo \u017c\u0105da\u0107, aby\u015bmy ograniczyli przetwarzanie Twoich danych osobowych, pod pewnymi warunkami.<\/li>\n<li>Prawo do sprzeciwu wobec przetwarzania \u2013 Masz prawo sprzeciwi\u0107 si\u0119 przetwarzaniu przez nas Twoich danych osobowych, pod pewnymi warunkami.<\/li>\n<li>Prawo do przenoszenia danych \u2013 Masz prawo za\u017c\u0105da\u0107, aby\u015bmy przekazali zebrane przez nas dane innej organizacji lub bezpo\u015brednio Tobie, pod pewnymi warunkami.<\/li>\n<\/ul>\n<p>Je\u015bli z\u0142o\u017cysz wniosek, mamy miesi\u0105c na udzielenie Ci odpowiedzi. Je\u015bli chcesz skorzysta\u0107 z kt\u00f3regokolwiek z tych praw, skontaktuj si\u0119 z nami.<\/p>\n<h3>Informacje o osobach niepe\u0142noletnich<\/h3>\n<p>Jednym z naszych najwi\u0119kszych priorytet\u00f3w jest zwi\u0119kszenie ochrony dzieci podczas korzystania z Internetu. Zach\u0119camy rodzic\u00f3w i opiekun\u00f3w do obserwowania, uczestniczenia i\/lub monitorowania i kierowania ich dzia\u0142aniami w Internecie.<\/p>\n<p>IdLoaded nie zbiera \u015bwiadomie \u017cadnych danych osobowych od dzieci poni\u017cej 13 roku \u017cycia. Je\u017celi uwa\u017caj\u0105 Pa\u0144stwo, \u017ce Pa\u0144stwa dziecko przekaza\u0142o tego rodzaju informacje na naszej stronie internetowej, gor\u0105co zach\u0119camy do niezw\u0142ocznego skontaktowania si\u0119 z nami, a my do\u0142o\u017cymy wszelkich stara\u0144, aby niezw\u0142ocznie usun\u0105\u0107 takie informacje z naszej bazy danych.<\/p>\n<h3>Aktualizacje naszych Wytycznych dotycz\u0105cych prywatno\u015bci<\/h3>\n<p>Nasze Wytyczne dotycz\u0105ce prywatno\u015bci mog\u0105 od czasu do czasu ulega\u0107 zmianom. Dlatego zalecamy regularne odwiedzanie tej strony, aby by\u0107 na bie\u017c\u0105co z wszelkimi zmianami. Poinformujemy Ci\u0119 o wszelkich aktualizacjach, publikuj\u0105c zmienione Wytyczne dotycz\u0105ce prywatno\u015bci na tej stronie. Aktualizacje te zaczn\u0105 obowi\u0105zywa\u0107 natychmiast po opublikowaniu na tej stronie.<\/p>\n<p>W tworzeniu naszych Wytycznych dotycz\u0105cych prywatno\u015bci pomaga\u0142 Generator Polityki Prywatno\u015bci.<\/p>\n<h3>Skontaktuj si\u0119 z nami<\/h3>\n<p>Je\u015bli masz jakie\u015b pytania lub sugestie dotycz\u0105ce naszych Wytycznych dotycz\u0105cych prywatno\u015bci, skontaktuj si\u0119 z nami pod adresem IdLoaded. Znajdziesz nas na naszej stronie internetowej pod adresem <a href=\"http:\/\/idloaded.com\/pl\/\" target=\"_new\" rel=\"noreferrer noopener\">http:\/\/idloaded.com\/<\/a>. Aby uzyska\u0107 wi\u0119cej informacji, mo\u017cesz r\u00f3wnie\u017c sprawdzi\u0107 nasz\u0105 stron\u0119 w mediach spo\u0142eczno\u015bciowych pod adresem IdLoaded.<\/p>","protected":false},"excerpt":{"rendered":"<p>Polityka prywatno\u015bci IdLoaded W IdLoaded, dost\u0119pnym pod adresem http:\/\/idloaded.com\/, prywatno\u015b\u0107 naszych u\u017cytkownik\u00f3w jest dla nas priorytetem. Niniejszy dokument opisuje rodzaje informacji, kt\u00f3re gromadzimy i rejestrujemy w IdLoaded, oraz spos\u00f3b ich wykorzystania. W razie dodatkowych pyta\u0144 lub ch\u0119ci uzyskania szczeg\u00f3\u0142owych informacji na temat naszej Polityki prywatno\u015bci, prosimy o kontakt.<\/p>","protected":false},"author":1,"featured_media":0,"parent":0,"menu_order":0,"comment_status":"closed","ping_status":"closed","template":"","meta":{"footnotes":""},"class_list":["post-73","page","type-page","status-publish","hentry"],"_links":{"self":[{"href":"https:\/\/idloaded.com\/pl\/wp-json\/wp\/v2\/pages\/73","targetHints":{"allow":["GET"]}}],"collection":[{"href":"https:\/\/idloaded.com\/pl\/wp-json\/wp\/v2\/pages"}],"about":[{"href":"https:\/\/idloaded.com\/pl\/wp-json\/wp\/v2\/types\/page"}],"author":[{"embeddable":true,"href":"https:\/\/idloaded.com\/pl\/wp-json\/wp\/v2\/users\/1"}],"replies":[{"embeddable":true,"href":"https:\/\/idloaded.com\/pl\/wp-json\/wp\/v2\/comments?post=73"}],"version-history":[{"count":6,"href":"https:\/\/idloaded.com\/pl\/wp-json\/wp\/v2\/pages\/73\/revisions"}],"predecessor-version":[{"id":503,"href":"https:\/\/idloaded.com\/pl\/wp-json\/wp\/v2\/pages\/73\/revisions\/503"}],"wp:attachment":[{"href":"https:\/\/idloaded.com\/pl\/wp-json\/wp\/v2\/media?parent=73"}],"curies":[{"name":"wp","href":"https:\/\/api.w.org\/{rel}","templated":true}]}}