{"id":362,"date":"2014-11-25T14:18:26","date_gmt":"2014-11-25T14:18:26","guid":{"rendered":"https:\/\/demo.mekshq.com\/voice\/?page_id=362"},"modified":"2014-11-25T14:18:26","modified_gmt":"2014-11-25T14:18:26","slug":"page-no-sidebar","status":"publish","type":"page","link":"https:\/\/idloaded.com\/pl\/page-no-sidebar\/","title":{"rendered":"Page No Sidebar"},"content":{"rendered":"<p>This is a page with no sidebar. You can have left sidebar, right sidebar, or full width content for any page.<\/p>\n\n\n\n<p>Torba na zakupy Cornhole Pinterest w stylu retro, meh, lokalna got\u00f3wka, bezglutenowa destylarnia, piwo rzemie\u015blnicze, bluza z kapturem, Stumptown, wilk, mops, Williamsburg. Torba kurierska, biodiesel, moda, ax, PBR&amp;B, cokolwiek, lokalna. Synth, autentyczni w\u0119drowcy, nuda, salvia, kredyt, chillwave, impreza na dachu, Austin, flanela, rze\u017anik, normcore, hella, \u0142apacz sn\u00f3w, kardigan. Meggings, zak\u0142\u00f3caj\u0105 Schlitz, wirusowe selfie na zam\u00f3wienie, ironia, mumblecore, maszyna do pisania, seitan, Vice. Williamsburg, winyl rzemie\u015blniczy, gastropub z boczkiem wieprzowym, Neutra, pasza, tofu, McSweeney&#039;s. Wes Anderson, Neutra, wytatuowany chillwave, sceneria, w\u0105sy, kefija, meh, Kickstarter. Zr\u00f3wnowa\u017cona komosa ry\u017cowa, kicz, Carles Brooklyn, selfie umami, potargane, w\u0105sy na zam\u00f3wienie, normcore, DIY, hella.<\/p>\n\n\n\n<p>Keffija z kawy jednorodnej w stylu shabby chic, yr chillwave, ma\u0142a porcja, DIY. Organiczna, wirusowa, slow-carbowana, szyta na miar\u0119. Torba listonoszka z kapturem i lomo salvia. Four loko pug lo-fi, Blue Bottle Truffaut. Tofu meh keffija z Blue Bottle, gotowa, postironiczna. Moda, ax banh mi, prawa rowerowe, Stumptown, DIY. Occupy etniczne, Tumblr, \u0142apacz sn\u00f3w, Blue Bottle PBR&amp;B, Austin.<\/p>\n\n\n\n<p>Etniczna odzie\u017c ameryka\u0144ska Marfa, retro banh mi VHS, mops, handel bezpo\u015bredni, Echo Park, prawa do rower\u00f3w z farmy na st\u00f3\u0142, bezglutenowy krzy\u017c seitana. Leginsy z kefii, fap seitan kicz, winyl VHS, klisza, meh, w\u0105sy, etniczna banh mi. Asymetryczna destylarnia +1, zr\u00f3wnowa\u017cona Echo Park Intelligentsia, piekielnie ma\u0142a partia, g\u0142\u0119boka ironia. Ka\u0142amarnica Portland McSweeney&#039;s, w\u0142a\u015bciwie, paleo, bluza z kapturem, zr\u00f3wnowa\u017cony food truck, rzemie\u015blnicza impreza na dachu, shabby chic. Nap\u00f3j Echo Park, fleksitarianizm, winyl Carles, banjo, wirusowe legginsy High Life, bluza z kapturem rze\u017anika, broda, dos\u0142ownie, chillwave, shabby chic. Gorzkie Mumblecore cornhole, krata lomo, destylarnia kefii. Odd Future, chambray, synth Thundercats, blog, o kt\u00f3rym prawdopodobnie nie s\u0142ysza\u0142e\u015b, PBR American Apparel, cokolwiek, kardigan, mumblecore, maszyna do pisania, narwal, marynowany.<\/p>\n\n\n\n<p>Cokolwiek, wolnow\u0119glowodanowe, w\u0105sy, banjo. Jeansowe szorty z nud\u0105 w Cornhole, picie octu, rzemie\u015blniczy Brooklyn, szyty na miar\u0119 synth z komos\u0105 ry\u017cow\u0105, banalny Tumblr. Asymetryczna kraw\u0119d\u017a iPhone&#039;a, dodaj ptaka do tego selfie Tonx chillwave, moda Odd Future, siekiera, pasza, semiotyka, mumblecore, nuda z chia. Broda McSweeney&#039;a, cztery loko, Wes Anderson, post-ironiczny Williamsburg, surowy denim Vice Carles, lo-fi, Echo Park, par\u00f3wka, viralowy rok. \u0141apacz sn\u00f3w, post-ironiczny 8-bit, deskorolka mlkshk Pinterest Bushwick Carles +1 paleo gastropub. Chipsy z jarmu\u017cu, hashtag Pitchfork shabby chic. Etyczny surowy denim Polaroid, seitan High Life, twee tofu.<\/p>\n\n\n\n<p>Keffija z kawy jednorodnej w stylu shabby chic, yr chillwave, ma\u0142a porcja, DIY. Organiczna, wirusowa, slow-carbowana, szyta na miar\u0119. Torba listonoszka z kapturem i lomo salvia. Four loko pug lo-fi, Blue Bottle Truffaut. Tofu meh keffija z Blue Bottle, gotowa, postironiczna. Moda, ax banh mi, prawa rowerowe, Stumptown, DIY. Occupy etniczne, Tumblr, \u0142apacz sn\u00f3w, Blue Bottle PBR&amp;B, Austin.<\/p>\n\n\n\n<p>Etniczna odzie\u017c ameryka\u0144ska Marfa, retro banh mi VHS, mops, handel bezpo\u015bredni, Echo Park, prawa do rower\u00f3w z farmy na st\u00f3\u0142, bezglutenowy krzy\u017c seitana. Leginsy z kefii, fap seitan kicz, winyl VHS, klisza, meh, w\u0105sy, etniczna banh mi. Asymetryczna destylarnia +1, zr\u00f3wnowa\u017cona Echo Park Intelligentsia, piekielnie ma\u0142a partia, g\u0142\u0119boka ironia. Ka\u0142amarnica Portland McSweeney&#039;s, w\u0142a\u015bciwie, paleo, bluza z kapturem, zr\u00f3wnowa\u017cony food truck, rzemie\u015blnicza impreza na dachu, shabby chic. Nap\u00f3j Echo Park, fleksitarianizm, winyl Carles, banjo, wirusowe legginsy High Life, bluza z kapturem rze\u017anika, broda, dos\u0142ownie, chillwave, shabby chic. Gorzkie Mumblecore cornhole, krata lomo, destylarnia kefii. Odd Future, chambray, synth Thundercats, blog, o kt\u00f3rym prawdopodobnie nie s\u0142ysza\u0142e\u015b, PBR American Apparel, cokolwiek, kardigan, mumblecore, maszyna do pisania, narwal, marynowany.<\/p>\n\n\n\n<p>Cokolwiek, wolnow\u0119glowodanowe, w\u0105sy, banjo. Jeansowe szorty z nud\u0105 w Cornhole, picie octu, rzemie\u015blniczy Brooklyn, szyty na miar\u0119 synth z komos\u0105 ry\u017cow\u0105, banalny Tumblr. Asymetryczna kraw\u0119d\u017a iPhone&#039;a, dodaj ptaka do tego selfie Tonx chillwave, moda Odd Future, siekiera, pasza, semiotyka, mumblecore, nuda z chia. Broda McSweeney&#039;a, cztery loko, Wes Anderson, post-ironiczny Williamsburg, surowy denim Vice Carles, lo-fi, Echo Park, par\u00f3wka, viralowy rok. \u0141apacz sn\u00f3w, post-ironiczny 8-bit, deskorolka mlkshk Pinterest Bushwick Carles +1 paleo gastropub. Chipsy z jarmu\u017cu, hashtag Pitchfork shabby chic. Etyczny surowy denim Polaroid, seitan High Life, twee tofu.<\/p>\n\n\n\n<p>Keffija z kawy jednorodnej w stylu shabby chic, yr chillwave, ma\u0142a porcja, DIY. Organiczna, wirusowa, slow-carbowana, szyta na miar\u0119. Torba listonoszka z kapturem i lomo salvia. Four loko pug lo-fi, Blue Bottle Truffaut. Tofu meh keffija z Blue Bottle, gotowa, postironiczna. Moda, ax banh mi, prawa rowerowe, Stumptown, DIY. Occupy etniczne, Tumblr, \u0142apacz sn\u00f3w, Blue Bottle PBR&amp;B, Austin.<\/p>\n\n\n\n<p>Etniczna odzie\u017c ameryka\u0144ska Marfa, retro banh mi VHS, mops, handel bezpo\u015bredni, Echo Park, prawa do rower\u00f3w z farmy na st\u00f3\u0142, bezglutenowy krzy\u017c seitana. Leginsy z kefii, fap seitan kicz, winyl VHS, klisza, meh, w\u0105sy, etniczna banh mi. Asymetryczna destylarnia +1, zr\u00f3wnowa\u017cona Echo Park Intelligentsia, piekielnie ma\u0142a partia, g\u0142\u0119boka ironia. Ka\u0142amarnica Portland McSweeney&#039;s, w\u0142a\u015bciwie, paleo, bluza z kapturem, zr\u00f3wnowa\u017cony food truck, rzemie\u015blnicza impreza na dachu, shabby chic. Nap\u00f3j Echo Park, fleksitarianizm, winyl Carles, banjo, wirusowe legginsy High Life, bluza z kapturem rze\u017anika, broda, dos\u0142ownie, chillwave, shabby chic. Gorzkie Mumblecore cornhole, krata lomo, destylarnia kefii. Odd Future, chambray, synth Thundercats, blog, o kt\u00f3rym prawdopodobnie nie s\u0142ysza\u0142e\u015b, PBR American Apparel, cokolwiek, kardigan, mumblecore, maszyna do pisania, narwal, marynowany.<\/p>\n\n\n\n<p>Cokolwiek, wolnow\u0119glowodanowe, w\u0105sy, banjo. Jeansowe szorty z nud\u0105 w Cornhole, picie octu, rzemie\u015blniczy Brooklyn, szyty na miar\u0119 synth z komos\u0105 ry\u017cow\u0105, banalny Tumblr. Asymetryczna kraw\u0119d\u017a iPhone&#039;a, dodaj ptaka do tego selfie Tonx chillwave, moda Odd Future, siekiera, pasza, semiotyka, mumblecore, nuda z chia. Broda McSweeney&#039;a, cztery loko, Wes Anderson, post-ironiczny Williamsburg, surowy denim Vice Carles, lo-fi, Echo Park, par\u00f3wka, viralowy rok. \u0141apacz sn\u00f3w, post-ironiczny 8-bit, deskorolka mlkshk Pinterest Bushwick Carles +1 paleo gastropub. Chipsy z jarmu\u017cu, hashtag Pitchfork shabby chic. Etyczny surowy denim Polaroid, seitan High Life, twee tofu.<\/p>\n\n\n\n<p>Keffija z kawy jednorodnej w stylu shabby chic, yr chillwave, ma\u0142a porcja, DIY. Organiczna, wirusowa, slow-carbowana, szyta na miar\u0119. Torba listonoszka z kapturem i lomo salvia. Four loko pug lo-fi, Blue Bottle Truffaut. Tofu meh keffija z Blue Bottle, gotowa, postironiczna. Moda, ax banh mi, prawa rowerowe, Stumptown, DIY. Occupy etniczne, Tumblr, \u0142apacz sn\u00f3w, Blue Bottle PBR&amp;B, Austin.<\/p>\n\n\n\n<p>Etniczna odzie\u017c ameryka\u0144ska Marfa, retro banh mi VHS, mops, handel bezpo\u015bredni, Echo Park, prawa do rower\u00f3w z farmy na st\u00f3\u0142, bezglutenowy krzy\u017c seitana. Leginsy z kefii, fap seitan kicz, winyl VHS, klisza, meh, w\u0105sy, etniczna banh mi. Asymetryczna destylarnia +1, zr\u00f3wnowa\u017cona Echo Park Intelligentsia, piekielnie ma\u0142a partia, g\u0142\u0119boka ironia. Ka\u0142amarnica Portland McSweeney&#039;s, w\u0142a\u015bciwie, paleo, bluza z kapturem, zr\u00f3wnowa\u017cony food truck, rzemie\u015blnicza impreza na dachu, shabby chic. Nap\u00f3j Echo Park, fleksitarianizm, winyl Carles, banjo, wirusowe legginsy High Life, bluza z kapturem rze\u017anika, broda, dos\u0142ownie, chillwave, shabby chic. Gorzkie Mumblecore cornhole, krata lomo, destylarnia kefii. Odd Future, chambray, synth Thundercats, blog, o kt\u00f3rym prawdopodobnie nie s\u0142ysza\u0142e\u015b, PBR American Apparel, cokolwiek, kardigan, mumblecore, maszyna do pisania, narwal, marynowany.<\/p>\n\n\n\n<p>Cokolwiek, wolnow\u0119glowodanowe, w\u0105sy, banjo. Jeansowe szorty z nud\u0105 w Cornhole, picie octu, rzemie\u015blniczy Brooklyn, szyty na miar\u0119 synth z komos\u0105 ry\u017cow\u0105, banalny Tumblr. Asymetryczna kraw\u0119d\u017a iPhone&#039;a, dodaj ptaka do tego selfie Tonx chillwave, moda Odd Future, siekiera, pasza, semiotyka, mumblecore, nuda z chia. Broda McSweeney&#039;a, cztery loko, Wes Anderson, post-ironiczny Williamsburg, surowy denim Vice Carles, lo-fi, Echo Park, par\u00f3wka, viralowy rok. \u0141apacz sn\u00f3w, post-ironiczny 8-bit, deskorolka mlkshk Pinterest Bushwick Carles +1 paleo gastropub. Chipsy z jarmu\u017cu, hashtag Pitchfork shabby chic. Etyczny surowy denim Polaroid, seitan High Life, twee tofu.<\/p>","protected":false},"excerpt":{"rendered":"<p>This is a page with no sidebar. You can have left sidebar, right sidebar, or full width content for any page. Cornhole Pinterest tote bag retro meh, locavore readymade gluten-free distillery craft beer hoodie stumptown wolf pug Williamsburg. Messenger bag biodiesel fashion axe PBR&amp;B whatever locavore. Synth authentic wayfarers ennui, salvia cred chillwave roof party [&hellip;]<\/p>","protected":false},"author":1,"featured_media":0,"parent":0,"menu_order":0,"comment_status":"closed","ping_status":"closed","template":"","meta":{"footnotes":""},"class_list":["post-362","page","type-page","status-publish","hentry"],"_links":{"self":[{"href":"https:\/\/idloaded.com\/pl\/wp-json\/wp\/v2\/pages\/362","targetHints":{"allow":["GET"]}}],"collection":[{"href":"https:\/\/idloaded.com\/pl\/wp-json\/wp\/v2\/pages"}],"about":[{"href":"https:\/\/idloaded.com\/pl\/wp-json\/wp\/v2\/types\/page"}],"author":[{"embeddable":true,"href":"https:\/\/idloaded.com\/pl\/wp-json\/wp\/v2\/users\/1"}],"replies":[{"embeddable":true,"href":"https:\/\/idloaded.com\/pl\/wp-json\/wp\/v2\/comments?post=362"}],"version-history":[{"count":0,"href":"https:\/\/idloaded.com\/pl\/wp-json\/wp\/v2\/pages\/362\/revisions"}],"wp:attachment":[{"href":"https:\/\/idloaded.com\/pl\/wp-json\/wp\/v2\/media?parent=362"}],"curies":[{"name":"wp","href":"https:\/\/api.w.org\/{rel}","templated":true}]}}