{"id":337,"date":"2014-11-25T13:52:17","date_gmt":"2014-11-25T13:52:17","guid":{"rendered":"https:\/\/demo.mekshq.com\/voice\/?page_id=337"},"modified":"2014-11-25T13:52:17","modified_gmt":"2014-11-25T13:52:17","slug":"krotkie-kody","status":"publish","type":"page","link":"https:\/\/idloaded.com\/pl\/krotkie-kody\/","title":{"rendered":"Kr\u00f3tkie kody"},"content":{"rendered":"<p>\t\t\t\tMotyw w pe\u0142ni obs\u0142uguje nasz\u0105 wtyczk\u0119 WordPress Meks Flexible Shortcodes. Zobacz przyk\u0142ady tego, co mo\u017cesz stworzy\u0107 wewn\u0105trz strony\/wpisu za pomoc\u0105 naszych shortcode&#039;\u00f3w.<\/p>\n<h3>Mo\u017cesz doda\u0107 kilka kolumn\u2026<\/h3>\n<p>[mks_col]<\/p>\n<p>[mks_one_half]Z wyj\u0105tkiem ot\u0142uszczaj\u0105cych chips\u00f3w z jarmu\u017cu i innych. Meh, wilk, anim, delectus, deskorolka. Forage scenester, w\u0105sy, deskorolka DIY, rozumny, praca, cokolwiek. Etyczna konsekwencja, non +1, potargany, autentyczny. Enim, wirus, delectus, nast\u0119pny poziom. Zr\u00f3wnowa\u017cona Helvetica, Brooklyn, impreza na dachu, bezglutenowy veniam, nostrud, wytatuowana ironia, boczek wieprzowy w stylu shabby chic, pij\u0105cy ocet. Truffaut, fleksitarny, non reprehenderit, Pitchfork, incydent z farmy na st\u00f3\u0142 w Bushwick.[\/mks_one_half]<\/p>\n<p>[mks_one_half]Broda Umami Godard, semiotyka cornhole Cray eiusmod kraciasta maszyna do pisania shabby chic krawiectwo Wes Anderson. Wytatuowane laboratorium nie paszowe, impreza artystyczna DIY mumblecore veniam accusamus Mistrz American Apparel oczyszcza selfie na ka\u017cdym stole. Wykonywanie typografii duis ennui na zam\u00f3wienie, gotowe. Rozumne tofu oznacza cztery loko quer. Ennui winylowe umami cz\u0119sto\u015b\u0107 wyst\u0119powania kardigan Austin voluptate.[\/mks_one_half]<\/p>\n<p>[\/mks_col]<\/p>\n<h3>Mo\u017ce jakie\u015b paski post\u0119pu?<\/h3>\n<p>[mks_progressbar name=\u201dInteligentny\u201d level=\u201dWysoki\u201d value=\u201d70\u2033 height=\u201d20\u2033 color=\u201d#e23a3e\u201d style=\u201dsquared\u201d]<br \/>\n[mks_progressbar name=\u201dKreatywny\u201d level=\u201dBardzo wysoki\u201d value=\u201d90\u2033 height=\u201d20\u2033 color=\u201d#f7c24e\u201d style=\u201dsquared\u201d]<br \/>\n[mks_progressbar name=\u201dPesymista\u201d level=\u201dNiski\u201d value=\u201d30\u2033 height=\u201d20\u2033 color=\u201d#2c9cb1\u2033 style=\u201dsquared\u201d]<br \/>\n[mks_progressbar name=\u201dOptimist\u201d level=\u201dAverage\u201d value=\u201d50\u2033 height=\u201d20\u2033 color=\u201d#000000\u2033 style=\u201dsquared\u201d]<\/p>\n<p>[mks_separator style=\u201dblank\u201d height=\u201d20\u2033]<\/p>\n<h4>Niesamowite ikony czcionek?<\/h4>\n<h3>[mks_icon icon=\u201dfa-power-off\u201d color=\u201d#e23a3e\u201d] [mks_icon icon=\u201dfa-cog\u201d color=\u201d#e23a3e\u201d] [mks_icon icon=\u201dfa-th-list\u201d color=\u201d#e23a3e\u201d] [mks_icon icon=\u201dfa-file-o\u201d color=\u201d#e23a3e\u201d] [mks_icon icon=\u201dfa-video-camera\u201d color=\u201d#e23a3e\u201d] [mks_icon icon=\u201dfa-calendar\u201d color=\u201d#e23a3e\u201d] [mks_icon icon=\u201dfa-book\u201d color=\u201d#e23a3e\u201d] [mks_icon icon=\u201dfa-eye\u201d color=\u201d#e23a3e\u201d] [mks_icon icon=\u201dfa-heart-o\u201d color=\u201d#2c9cb1\u2033] [mks_icon icon=\u201dfa-umbrella\u201d color=\u201d#2c9cb1\u2033] [mks_icon icon=\u201dfa-microphone\u201d color=\u201d#2c9cb1\u2033]<\/h3>\n<p>[mks_separator style=\u201dblank\u201d height=\u201d20\u2033]<\/p>\n<h3>Albo jakie\u015b \u0142adne guziki?<\/h3>\n<p>[mks_button size=\u201dsmall\u201d title=\u201dMa\u0142y\u201d style=\u201dsquared\u201d url=\u201dhttps:\/\/mekshq.com\u201d target=\u201d_blank\u201d bg_color=\u201d#e23a3e\u201d txt_color=\u201d#FFFFFF\u201d icon=\u201dfa-music\u201d]<\/p>\n<p>[mks_button size=\u201dsmall\u201d title=\u201dMa\u0142y\u201d style=\u201dsquared\u201d url=\u201dhttps:\/\/mekshq.com\u201d target=\u201d_blank\u201d bg_color=\u201d#f7c24e\u201d txt_color=\u201d#FFFFFF\u201d icon=\u201dfa-music\u201d]<\/p>\n<p>[mks_button size=\u201dsmall\u201d title=\u201dMa\u0142y\u201d style=\u201dsquared\u201d url=\u201dhttps:\/\/mekshq.com\u201d target=\u201d_blank\u201d bg_color=\u201d#2c9cb1\u2033 txt_color=\u201d#FFFFFF\u201d icon=\u201dfa-music\u201d]<\/p>\n<p>[mks_separator style=\u201dblank\u201d height=\u201d1\u2033]<\/p>\n<p>[mks_button size=\u201dmedium\u201d title=\u201d\u015aredni\u201d style=\u201drounded\u201d url=\u201dhttps:\/\/mekshq.com\u201d target=\u201d_blank\u201d bg_color=\u201d#e23a3e\u201d txt_color=\u201d#FFFFFF\u201d icon=\u201dfa-power-off\u201d]<\/p>\n<p>[mks_button size=\u201dmedium\u201d title=\u201d\u015aredni\u201d style=\u201drounded\u201d url=\u201dhttps:\/\/mekshq.com\u201d target=\u201d_blank\u201d bg_color=\u201d#f7c24e\u201d txt_color=\u201d#FFFFFF\u201d icon=\u201dfa-power-off\u201d]<\/p>\n<p>[mks_button size=\u201dmedium\u201d title=\u201d\u015aredni\u201d style=\u201drounded\u201d url=\u201dhttps:\/\/mekshq.com\u201d target=\u201d_blank\u201d bg_color=\u201d#2c9cb1\u2033 txt_color=\u201d#FFFFFF\u201d icon=\u201dfa-power-off\u201d]<\/p>\n<p>[mks_separator style=\u201dblank\u201d height=\u201d1\u2033]<\/p>\n<p>[mks_button size=\u201dlarge\u201d title=\u201dDu\u017cy przycisk\u201d style=\u201drounded\u201d url=\u201dhttps:\/\/mekshq.com\u201d target=\u201d_blank\u201d bg_color=\u201d#e23a3e\u201d txt_color=\u201d#FFFFFF\u201d icon=\u201d\u201d]<\/p>\n<p>[mks_button size=\u201dlarge\u201d title=\u201dDu\u017cy przycisk\u201d style=\u201drounded\u201d url=\u201dhttps:\/\/mekshq.com\u201d target=\u201d_blank\u201d bg_color=\u201d#f7c24e\u201d txt_color=\u201d#FFFFFF\u201d icon=\u201d\u201d]<\/p>\n<p>[mks_button size=\u201dlarge\u201d title=\u201dDu\u017cy przycisk\u201d style=\u201drounded\u201d url=\u201dhttps:\/\/mekshq.com\u201d target=\u201d_blank\u201d bg_color=\u201d#2c9cb1\u2033 txt_color=\u201d#FFFFFF\u201d icon=\u201d\u201d]<\/p>\n<p>[mks_separator style=\u201dblank\u201d height=\u201d20\u2033]<\/p>\n<h3>Mo\u017ce jakie\u015b ikony spo\u0142eczno\u015bciowe?<\/h3>\n<p>[mks_social icon=\u201daim\u201d size=\u201d48\u2033 style=\u201drounded\u201d url=\u201dhttp:\/\/\u201d target=\u201d_self\u201d][mks_social icon=\u201dskype\u201d size=\u201d48\u2033 style=\u201drounded\u201d url=\u201dhttp:\/\/\u201d target=\u201d_self\u201d][mks_social icon=\u201ddribbble\u201d size=\u201d48\u2033 style=\u201drounded\u201d url=\u201dhttp:\/\/\u201d target=\u201d_self\u201d][mks_social icon=\u201dfacebook\u201d size=\u201d48\u2033 style=\u201drounded\u201d url=\u201dhttp:\/\/\u201d target=\u201d_self\u201d][mks_social icon=\u201dpinterest\u201d size=\u201d48\u2033 style=\u201drounded\u201d url=\u201dhttp:\/\/\u201d target=\u201d_self\u201d][mks_social icon=\u201dlinkedin\u201d size=\u201d48\u2033 style=\u201drounded\u201d url=\u201dhttp:\/\/\u201d target=\u201d_self\u201d][mks_social icon=\u201dgrooveshark\u201d size=\u201d48\u2033 style=\u201drounded\u201d url=\u201dhttp:\/\/\u201d target=\u201d_self\u201d][mks_social icon=\u201dforrst\u201d size=\u201d48\u2033 style=\u201drounded\u201d url=\u201dhttp:\/\/\u201d target=\u201d_self\u201d][mks_social icon=\u201dinstagram\u201d size=\u201d48\u2033 style=\u201drounded\u201d url=\u201dhttp:\/\/\u201d target=\u201d_self\u201d][mks_social icon=\u201dflickr\u201d size=\u201d48\u2033 style=\u201drounded\u201d url=\u201dhttp:\/\/\u201d target=\u201d_self\u201d][mks_social icon=\u201devernote\u201d size=\u201d48\u2033 style=\u201drounded\u201d url=\u201dhttp:\/\/\u201d target=\u201d_self\u201d][mks_social icon=\u201dyahoo\u201d size=\u201d48\u2033 style=\u201drounded\u201d url=\u201dhttp:\/\/\u201d target=\u201d_self\u201d]<\/p>\n<p>[mks_social icon=\u201daim\u201d size=\u201d48\u2033 style=\u201dcircle\u201d url=\u201dhttp:\/\/\u201d target=\u201d_self\u201d][mks_social icon=\u201dskype\u201d size=\u201d48\u2033 style=\u201dcircle\u201d url=\u201dhttp:\/\/\u201d target=\u201d_self\u201d][mks_social icon=\u201ddribbble\u201d size=\u201d48\u2033 style=\u201dcircle\u201d url=\u201dhttp:\/\/\u201d target=\u201d_self\u201d][mks_social icon=\u201dfacebook\u201d size=\u201d48\u2033 style=\u201dcircle\u201d url=\u201dhttp:\/\/\u201d target=\u201d_self\u201d][mks_social icon=\u201dpinterest\u201d size=\u201d48\u2033 style=\u201dcircle\u201d url=\u201dhttp:\/\/\u201d target=\u201d_self\u201d][mks_social icon=\u201dlinkedin\u201d size=\u201d48\u2033 style=\u201dcircle\u201d url=\u201dhttp:\/\/\u201d target=\u201d_self\u201d][mks_social icon=\u201dgrooveshark\u201d size=\u201d48\u2033 style=\u201dcircle\u201d url=\u201dhttp:\/\/\u201d target=\u201d_self\u201d][mks_social icon=\u201dforrst\u201d size=\u201d48\u2033 style=\u201dcircle\u201d url=\u201dhttp:\/\/\u201d target=\u201d_self\u201d][mks_social icon=\u201dinstagram\u201d size=\u201d48\u2033 style=\u201dcircle\u201d url=\u201dhttp:\/\/\u201d target=\u201d_self\u201d][mks_social icon=\u201dflickr\u201d size=\u201d48\u2033 style=\u201dcircle\u201d url=\u201dhttp:\/\/\u201d target=\u201d_self\u201d][mks_social icon=\u201devernote\u201d size=\u201d48\u2033 style=\u201dcircle\u201d url=\u201dhttp:\/\/\u201d target=\u201d_self\u201d][mks_social icon=\u201dyahoo\u201d size=\u201d48\u2033 style=\u201dcircle\u201d url=\u201dhttp:\/\/\u201d target=\u201d_self\u201d]<\/p>\n<p>[mks_social icon=\u201daim\u201d size=\u201d48\u2033 style=\u201dsquare\u201d url=\u201dhttp:\/\/\u201d target=\u201d_self\u201d][mks_social icon=\u201dskype\u201d size=\u201d48\u2033 style=\u201dsquare\u201d url=\u201dhttp:\/\/\u201d target=\u201d_self\u201d][mks_social icon=\u201ddribbble\u201d size=\u201d48\u2033 style=\u201dsquare\u201d url=\u201dhttp:\/\/\u201d target=\u201d_self\u201d][mks_social icon=\u201dfacebook\u201d size=\u201d48\u2033 style=\u201dsquare\u201d url=\u201dhttp:\/\/\u201d target=\u201d_self\u201d][mks_social icon=\u201dpinterest\u201d size=\u201d48\u2033 style=\u201dsquare\u201d url=\u201dhttp:\/\/\u201d target=\u201d_self\u201d][mks_social icon=\u201dlinkedin\u201d size=\u201d48\u2033 style=\u201dsquare\u201d url=\u201dhttp:\/\/\u201d target=\u201d_self\u201d][mks_social icon=\u201dgrooveshark\u201d size=\u201d48\u2033 style=\u201dsquare\u201d url=\u201dhttp:\/\/\u201d target=\u201d_self\u201d][mks_social icon=\u201dforrst\u201d size=\u201d48\u2033 style=\u201dsquare\u201d url=\u201dhttp:\/\/\u201d target=\u201d_self\u201d][mks_social icon=\u201dinstagram\u201d size=\u201d48\u2033 style=\u201dsquare\u201d url=\u201dhttp:\/\/\u201d target=\u201d_self\u201d][mks_social icon=\u201dflickr\u201d size=\u201d48\u2033 style=\u201dsquare\u201d url=\u201dhttp:\/\/\u201d target=\u201d_self\u201d][mks_social icon=\u201devernote\u201d size=\u201d48\u2033 style=\u201dsquare\u201d url=\u201dhttp:\/\/\u201d target=\u201d_self\u201d][mks_social icon=\u201dyahoo\u201d size=\u201d48\u2033 style=\u201dsquare\u201d url=\u201dhttp:\/\/\u201d target=\u201d_self\u201d]<\/p>\n<div class=\"clear\">[mks_separator style=\u201dblank\u201d height=\u201d30\u2033]<\/div>\n<h3>Inicja\u0142y?<\/h3>\n<p>[mks_dropcap style=\u201dletter\u201d size=\u201d50\u2033 bg_color=\u201d#ffffff\u201d txt_color=\u201d#000000\u2033]A[\/mks_dropcap]ekceptor oty\u0142o\u015bci, chipsy z jarmu\u017cu, kt\u00f3re wymagaj\u0105 wysi\u0142ku i wysi\u0142ku. Meh, wilk, anim, delectus, deskorolka. Forage scenester, w\u0105sy, deskorolka DIY, rozumny, cokolwiek. Etyczna konsekwencja, non +1, potargany, autentyczny. Enim, wirus, delectus, nast\u0119pny poziom. Zr\u00f3wnowa\u017cona Helvetica, Brooklyn, impreza na dachu, bezglutenowa, veniam, nostrud, wytatuowana ironia, boczek wieprzowy, shabby chic, pij\u0105cy ocet. Truffaut, fleksitarny, non reprehenderit, Pitchfork, incydent z farmy na st\u00f3\u0142 w Bushwick.<\/p>\n<p>[mks_dropcap style=\u201dsquare\u201d size=\u201d50\u2033 bg_color=\u201d#91c842\u2033 txt_color=\u201d#ffffff\u201d]A[\/mks_dropcap]ekceptor oty\u0142o\u015bci, chipsy z jarmu\u017cu, kt\u00f3re wymagaj\u0105 wysi\u0142ku i\u2026 Meh, wilk, anim, delectus, deskorolka. Forage scenester, w\u0105sy, deskorolka DIY, rozumny, praca, cokolwiek. Etyczna konsekwencja, non +1, potargany, autentyczny. Enim, wirus, delectus, nast\u0119pny poziom. Zr\u00f3wnowa\u017cona Helvetica, Brooklyn, impreza na dachu, bezglutenowa, veniam, nostrud, wytatuowana ironia, boczek wieprzowy, shabby chic, pij\u0105cy ocet. Truffaut, fleksitarny, non reprehenderit, Pitchfork, incydent z farmy na st\u00f3\u0142 w Bushwick.<\/p>\n<p>[mks_dropcap style=\u201dcircle\u201d size=\u201d50\u2033 bg_color=\u201d#f7c24e\u201d txt_color=\u201d#ffffff\u201d]A[\/mks_dropcap]ekceptor adipisicing, chipsy z jarmu\u017cu, kt\u00f3re s\u0105 trudne do zrobienia, itp. Meh, wilk, anim, delectus, deskorolka. Forage scenester, w\u0105sy, deskorolka DIY, rozumny, praca, cokolwiek. Etyczna konsekwencja, nie +1, potargany, autentyczny. Enim, wirus, delectus, nast\u0119pny poziom. Zr\u00f3wnowa\u017cona Helvetica, Brooklyn, impreza na dachu, bezglutenowa, veniam, nostrud, wytatuowana ironia, boczek wieprzowy, shabby chic, picie octu.<\/p>\n<p>[mks_dropcap style=\u201drounded\u201d size=\u201d50\u2033 bg_color=\u201d#2c9cb1\u2033 txt_color=\u201d#ffffff\u201d]A[\/mks_dropcap]ekceptor oty\u0142o\u015bci, chipsy z jarmu\u017cu, kt\u00f3re wymagaj\u0105 wysi\u0142ku i\u2026 Meh, wilk, anim, delectus, deskorolka. Forage scenester, w\u0105sy, deskorolka DIY, rozumny, praca, cokolwiek. Etyczna konsekwencja, non +1, potargany, autentyczny. Enim, wirus, delectus, nast\u0119pny poziom. Zr\u00f3wnowa\u017cona Helvetica, Brooklyn, impreza na dachu, bezglutenowa, veniam, nostrud, wytatuowana ironia, boczek wieprzowy, shabby chic, pij\u0105cy ocet. Truffaut, fleksitarny, non reprehenderit, Pitchfork, incydent z farmy na st\u00f3\u0142 w Bushwick.<\/p>\n<h3>Pobra\u0107 cytaty?<\/h3>\n<p>[mks_pullquote Align=\u201dleft\u201d szeroko\u015b\u0107=\u201d300\u2033 size=\u201d24\u2033 bg_color=\u201d#f7c24e\u201d txt_color=\u201d#ffffff\u201d]Chia kicz laborum, Etsy iPhone Echo Park Thundercats Church-key Cornhole organiczne lo-fi. [\/mks_pullquote] Typografia krawiecka meh lomo hashtag, eiusmod aliqua in. Semiotyka etniczna pasza, nieprawdziwy \u0142apacz sn\u00f3w zak\u0142\u00f3ca podr\u00f3\u017cuj\u0105cych wolnow\u0119glowodanowych UE. IPhone wytatuowany labore 3 Wolf Moon Odd Future, pi\u0119kna deskorolka. Jest to reprezentatywny mops mumblecore swag etniczny. Chia kicz laborum, Etsy iPhone Echo Park Thundercats Organiczny lo-fi w kszta\u0142cie ko\u015bcio\u0142a Cornhole. Prezentuj wyskakuj\u0105cego wilka, spr\u00f3buj piwa rzemie\u015blniczego, ka\u0142amarnicy Keytar i torby na rami\u0119 Echo Park. Cztery loko mlkshk proident, kawa jednego pochodzenia ullamco zak\u0142\u00f3caj\u0105 ironi\u0119 banh mi lo-fi freegan Shoreditch. Typografia krawiecka meh lomo hashtag, eiusmod aliqua in. Semiotyka etniczna pasza, nieprawdziwy \u0142apacz sn\u00f3w zak\u0142\u00f3ca podr\u00f3\u017cuj\u0105cych wolnow\u0119glowodanowych ue. IPhone wytatuowany labore 3 Wolf Moon Odd Future, pi\u0119kna deskorolka. Jest to reprezentatywny mops mumblecore swag etniczny. Chia kicz laborum, Etsy iPhone Echo Park Thundercats Organiczny lo-fi w kszta\u0142cie ko\u015bcio\u0142a Cornhole.<\/p>\n<p>[mks_pullquote Align=\u201dright\u201d szeroko\u015b\u0107=\u201d300\u2033 size=\u201d24\u2033 bg_color=\u201d#2c9cb1\u2033 txt_color=\u201d#ffffff\u201d]Chia kicz laborum, Etsy iPhone Echo Park Thundercats Church-key Cornhole organiczne lo-fi. [\/mks_pullquote]Reprehenderit pop-up wolf, try-hard ut pariatur piwo rzemie\u015blnicze keytar kalmary i torba na rami\u0119 Echo Park. Cztery loko mlkshk proident, kawa jednego pochodzenia ullamco zak\u0142\u00f3caj\u0105 banh mi freegan Shoreditch ironia. Typografia krawiecka meh lomo hashtag, eiusmod aliqua in. Semiotyka etniczna pasza, irure \u0142apacz sn\u00f3w zak\u0142\u00f3ca podr\u00f3\u017cuj\u0105cych wolnow\u0119glowodanowych ue. Chia kicz laborum, Etsy iPhone Echo Park Thundercats Organiczny lo-fi w kszta\u0142cie ko\u015bcio\u0142a Cornhole. Prezentuj wyskakuj\u0105cego wilka, spr\u00f3buj piwa rzemie\u015blniczego, ka\u0142amarnicy Keytar i torby na rami\u0119 Echo Park. Cztery loko mlkshk proident, kawa jednego pochodzenia ullamco zak\u0142\u00f3caj\u0105 ironi\u0119 banh mi lo-fi freegan Shoreditch. Typografia krawiecka meh lomo hashtag, eiusmod aliqua in. Semiotyka etniczna pasza, nieprawdziwy \u0142apacz sn\u00f3w zak\u0142\u00f3ca podr\u00f3\u017cuj\u0105cych wolnow\u0119glowodanowych ue. IPhone wytatuowany labore 3 Wolf Moon Odd Future, pi\u0119kna deskorolka. Jest to reprezentatywny mops mumblecore swag etniczny. Chia kicz laborum, Etsy iPhone Echo Park Thundercats Organiczny lo-fi w kszta\u0142cie ko\u015bcio\u0142a Cornhole.<\/p>\n<h3>Karty?<\/h3>\n<p>[mks_tabs nav=\u201dpoziomy\u201d]<br \/>\n[mks_tab_item title=\u201dTytu\u0142 1\u2033]<br \/>\nChia kicz laborum, Etsy iPhone Echo Park Thundercats Organiczny lo-fi w kszta\u0142cie ko\u015bcio\u0142a Cornhole. Prezentuj wyskakuj\u0105cego wilka, spr\u00f3buj piwa rzemie\u015blniczego, ka\u0142amarnicy Keytar i torby na rami\u0119 Echo Park. Cztery loko mlkshk proident, kawa jednego pochodzenia ullamco zak\u0142\u00f3caj\u0105 ironi\u0119 banh mi lo-fi freegan Shoreditch. Typografia krawiecka meh lomo hashtag, eiusmod aliqua in. Semiotyka etniczna pasza, nieprawdziwy \u0142apacz sn\u00f3w zak\u0142\u00f3ca podr\u00f3\u017cuj\u0105cych wolnow\u0119glowodanowych ue. IPhone wytatuowany labore 3 Wolf Moon Odd Future, pi\u0119kna deskorolka.<br \/>\n[element_zak\u0142adki_mks]<br \/>\n[mks_tab_item title=\u201dTytu\u0142 2\u2033]<br \/>\nKardigan z wytatuowanym narwalem, metki z komosy ry\u017cowej w syntezatorowym pariaturowym etnicznym selfie High Life. W Master Cleanse banjo cred non Thundercats. Gastropub fap fixie, Portland 8-bitowe d\u017cinsowe szorty Ullamco flanelowe XOXO esse. Biodiesel next level fixie letterprint, hard-hard bezglutenowy boczek wieprzowy laboris sunt. Paleo qui Thundercats nostrud keytar nulla. Syntetyczna reklama Church-Key Terry Richardson zak\u0142ada lato, bitters farm-to-table labore non ullamco \u0142apacz sn\u00f3w. Maszyna do pisania ex Helvetica, polaroid kawa jednorodna hashtag sartorial mixtape marynowany.<br \/>\n[element_zak\u0142adki_mks]<br \/>\n[mks_tab_item title=\u201dTytu\u0142 3\u2033]<br \/>\nDos\u0142ownie enim elit id, wicepotargana inteligencja. Fixie sint nostrud mlkshk, delectus synth Marfa et. Nihil VHS autentyczny boczek wieprzowy sunt, sapiente w Austin kogi paleo PBR&amp;B 8-bit. Kardigan Tumblr zak\u0142\u00f3ca wytatuowany fundusz powierniczy Paleo, Truffaut odio sunt pij\u0105cy ocet. Gotowy sweterek Polaroid Cray Shoreditch mops synth, autentyczny freegan aliquip banjo fugiat. Fundusz powierniczy Hella McSweeney&#039;s \u201eod farmy do sto\u0142u\u201d, wyskakuj\u0105ce okienko maszyny do pisania z brod\u0105 anim Church-Key Cillum eu Lo-Fi. Quis, zanim wyprzedali scenster banjo, modny axe nesciunt krawiecki veniam Portland magna aute Vice.<br \/>\n[element_zak\u0142adki_mks]<br \/>\n[\/mks_tabs]<\/p>\n<p>[mks_tabs nav=\u201dpionowy\u201d]<br \/>\n[mks_tab_item title=\u201dTytu\u0142 1\u2033]<br \/>\nChia kicz laborum, Etsy iPhone Echo Park Thundercats Organiczny lo-fi w kszta\u0142cie ko\u015bcio\u0142a Cornhole. Prezentuj wyskakuj\u0105cego wilka, spr\u00f3buj piwa rzemie\u015blniczego, ka\u0142amarnicy Keytar i torby na rami\u0119 Echo Park. Cztery loko mlkshk proident, kawa jednego pochodzenia ullamco zak\u0142\u00f3caj\u0105 ironi\u0119 banh mi lo-fi freegan Shoreditch. Typografia krawiecka meh lomo hashtag, eiusmod aliqua in. Semiotyka etniczna pasza, nieprawdziwy \u0142apacz sn\u00f3w zak\u0142\u00f3ca podr\u00f3\u017cuj\u0105cych wolnow\u0119glowodanowych ue. IPhone wytatuowany labore 3 Wolf Moon Odd Future, pi\u0119kna deskorolka.<br \/>\n[element_zak\u0142adki_mks]<br \/>\n[mks_tab_item title=\u201dTytu\u0142 2\u2033]<br \/>\nKardigan z wytatuowanym narwalem, metki z komosy ry\u017cowej w syntezatorowym pariaturowym etnicznym selfie High Life. W Master Cleanse banjo cred non Thundercats. Gastropub fap fixie, Portland 8-bitowe d\u017cinsowe szorty Ullamco flanelowe XOXO esse. Biodiesel next level fixie letterprint, hard-hard bezglutenowy boczek wieprzowy laboris sunt. Paleo qui Thundercats nostrud keytar nulla. Syntetyczna reklama Church-Key Terry Richardson zak\u0142ada lato, bitters farm-to-table labore non ullamco \u0142apacz sn\u00f3w. Maszyna do pisania ex Helvetica, polaroid kawa jednorodna hashtag sartorial mixtape marynowany.<br \/>\n[element_zak\u0142adki_mks]<br \/>\n[mks_tab_item title=\u201dTytu\u0142 3\u2033]<br \/>\nDos\u0142ownie enim elit id, wicepotargana inteligencja. Fixie sint nostrud mlkshk, delectus synth Marfa et. Nihil VHS autentyczny boczek wieprzowy sunt, sapiente w Austin kogi paleo PBR&amp;B 8-bit. Kardigan Tumblr zak\u0142\u00f3ca wytatuowany fundusz powierniczy Paleo, Truffaut odio sunt pij\u0105cy ocet. Gotowy sweterek Polaroid Cray Shoreditch mops synth, autentyczny freegan aliquip banjo fugiat. Fundusz powierniczy Hella McSweeney&#039;s \u201eod farmy do sto\u0142u\u201d, wyskakuj\u0105ce okienko maszyny do pisania z brod\u0105 anim Church-Key Cillum eu Lo-Fi. Quis, zanim wyprzedali scenster banjo, modny axe nesciunt krawiecki veniam Portland magna aute Vice.<br \/>\n[element_zak\u0142adki_mks]<br \/>\n[\/mks_tabs]<\/p>\n<h3>Akordeony?<\/h3>\n<p>[mks_accordion]<br \/>\n[mks_accordion_item title=\u201dTytu\u0142 1\u2033]<br \/>\nDos\u0142ownie enim elit id, wicepotargana inteligencja. Fixie sint nostrud mlkshk, delectus synth Marfa et. Nihil VHS autentyczny boczek wieprzowy sunt, sapiente w Austin kogi paleo PBR&amp;B 8-bit. Kardigan Tumblr zak\u0142\u00f3ca wytatuowany fundusz powierniczy Paleo, Truffaut odio sunt pij\u0105cy ocet. Gotowy sweterek Polaroid Cray Shoreditch mops synth, autentyczny freegan aliquip banjo fugiat. Fundusz powierniczy Hella McSweeney&#039;s \u201eod farmy do sto\u0142u\u201d, wyskakuj\u0105ce okienko maszyny do pisania z brod\u0105 anim Church-Key Cillum eu Lo-Fi. Quis, zanim wyprzedali scenster banjo, modny axe nesciunt krawiecki veniam Portland magna aute Vice.<br \/>\n[\/mks_accordion_item]<br \/>\n[mks_accordion_item title=\u201dTytu\u0142 2\u2033]<br \/>\nKardigan z wytatuowanym narwalem, metki z komosy ry\u017cowej w syntezatorowym pariaturowym etnicznym selfie High Life. W Master Cleanse banjo cred non Thundercats. Gastropub fap fixie, Portland 8-bitowe d\u017cinsowe szorty Ullamco flanelowe XOXO esse. Biodiesel next level fixie letterprint, hard-hard bezglutenowy boczek wieprzowy laboris sunt. Paleo qui Thundercats nostrud keytar nulla. Syntetyczna reklama Church-Key Terry Richardson zak\u0142ada lato, bitters farm-to-table labore non ullamco \u0142apacz sn\u00f3w. Maszyna do pisania ex Helvetica, polaroid kawa jednorodna hashtag sartorial mixtape marynowany.<br \/>\n[\/mks_accordion_item]<br \/>\n[mks_accordion_item title=\u201dTytu\u0142 3\u2033]<br \/>\nChia kicz laborum, Etsy iPhone Echo Park Thundercats Organiczny lo-fi w kszta\u0142cie ko\u015bcio\u0142a Cornhole. Prezentuj wyskakuj\u0105cego wilka, spr\u00f3buj piwa rzemie\u015blniczego, ka\u0142amarnicy Keytar i torby na rami\u0119 Echo Park. Cztery loko mlkshk proident, kawa jednego pochodzenia ullamco zak\u0142\u00f3caj\u0105 ironi\u0119 banh mi lo-fi freegan Shoreditch. Typografia krawiecka meh lomo hashtag, eiusmod aliqua in. Semiotyka etniczna pasza, nieprawdziwy \u0142apacz sn\u00f3w zak\u0142\u00f3ca podr\u00f3\u017cuj\u0105cych wolnow\u0119glowodanowych ue. IPhone wytatuowany labore 3 Wolf Moon Odd Future, pi\u0119kna deskorolka.<br \/>\n[\/mks_accordion_item]<br \/>\n[\/mks_akordeon]<\/p>\n<h3>Prze\u0142\u0105czniki?<\/h3>\n<p>[mks_toggle title=\u201dPrzyk\u0142adowy tytu\u0142\u201d state=\u201dopen\u201d]Chia kicz laborum, Etsy iPhone Echo Park Thundercats Church-key Cornhole organiczne lo-fi. Prezentuj wyskakuj\u0105cego wilka, spr\u00f3buj piwa rzemie\u015blniczego, ka\u0142amarnicy Keytar i torby na rami\u0119 Echo Park. Cztery loko mlkshk proident, kawa jednego pochodzenia ullamco zak\u0142\u00f3caj\u0105 ironi\u0119 banh mi lo-fi freegan Shoreditch. Hashtag typografii krawieckiej meh lomo, eiusmod aliqua in.[\/mks_toggle]<\/p>\n<p>[mks_toggle title=\u201dPrzyk\u0142adowy tytu\u0142\u201d state=\u201dclose\u201d]Chia kicz laborum, Etsy iPhone Echo Park Thundercats Church-key Cornhole organiczne lo-fi. Prezentuj wyskakuj\u0105cego wilka, spr\u00f3buj piwa rzemie\u015blniczego, ka\u0142amarnicy Keytar i torby na rami\u0119 Echo Park. Cztery loko mlkshk proident, kawa jednego pochodzenia ullamco zak\u0142\u00f3caj\u0105 ironi\u0119 banh mi lo-fi freegan Shoreditch. Hashtag typografii krawieckiej meh lomo, eiusmod aliqua in.[\/mks_toggle]\t\t<\/p>","protected":false},"excerpt":{"rendered":"<p>Theme comes with full support for our Meks Flexible Shortcodes WordPress plugin. Check some examples of what can you create inside page\/post content with our shortcodes. You can add some columns&#8230; [mks_col] [mks_one_half]Excepteur adipisicing try-hard kale chips et. Meh wolf anim delectus skateboard. Forage scenester mustache skateboard DIY, sapiente laborum whatever. Ethical consectetur non +1 [&hellip;]<\/p>","protected":false},"author":1,"featured_media":0,"parent":0,"menu_order":0,"comment_status":"closed","ping_status":"closed","template":"","meta":{"footnotes":""},"class_list":["post-337","page","type-page","status-publish","hentry"],"_links":{"self":[{"href":"https:\/\/idloaded.com\/pl\/wp-json\/wp\/v2\/pages\/337","targetHints":{"allow":["GET"]}}],"collection":[{"href":"https:\/\/idloaded.com\/pl\/wp-json\/wp\/v2\/pages"}],"about":[{"href":"https:\/\/idloaded.com\/pl\/wp-json\/wp\/v2\/types\/page"}],"author":[{"embeddable":true,"href":"https:\/\/idloaded.com\/pl\/wp-json\/wp\/v2\/users\/1"}],"replies":[{"embeddable":true,"href":"https:\/\/idloaded.com\/pl\/wp-json\/wp\/v2\/comments?post=337"}],"version-history":[{"count":0,"href":"https:\/\/idloaded.com\/pl\/wp-json\/wp\/v2\/pages\/337\/revisions"}],"wp:attachment":[{"href":"https:\/\/idloaded.com\/pl\/wp-json\/wp\/v2\/media?parent=337"}],"curies":[{"name":"wp","href":"https:\/\/api.w.org\/{rel}","templated":true}]}}