{"id":328,"date":"2014-11-25T13:48:50","date_gmt":"2014-11-25T13:48:50","guid":{"rendered":"https:\/\/demo.mekshq.com\/voice\/?page_id=328"},"modified":"2014-11-25T13:48:50","modified_gmt":"2014-11-25T13:48:50","slug":"typografia","status":"publish","type":"page","link":"https:\/\/idloaded.com\/pl\/typografia\/","title":{"rendered":"Typografia"},"content":{"rendered":"<p>[mks_dropcap style=\u201dsquare\u201d size=\u201d50\u2033 bg_color=\u201d#cf4d35\u2033 txt_color=\u201d#ffffff\u201d]A[\/mks_dropcap]orem ipsum Id tempor laborum in consequat ut in eu id eu incididunt ut sed elit quis veniam sint id sit Duis sunt laborum in consequat tempor laborum w konsekwencji wyj\u0105tek <a href=\"https:\/\/mekshq.com\" target=\"_blank\" rel=\"noopener noreferrer\">consectetur reprehenderit<\/a> culpa deserunt cillum aute dolor dolor dolor qui. Id tempor laborum in consequat Ut in eu id eu. Pub gastropowy w Shoreditch, cokolwiek. Reprehenderit quer polaroid aben digeth manu.<\/p>\n\n\n\n<h1 class=\"wp-block-heading\">To jest przyk\u0142adowy tytu\u0142 H1<\/h1>\n\n\n\n<p>Torba kurierska Narwhal Norcore, food truck z komos\u0105 ry\u017cow\u0105 i w\u0105sami, cztery loko, prawa rowerowe, druk wypuk\u0142y, ptak na tofu, banjo, cray semiotyka, iPhone. Mlkshk twee, Neutra Bushwick. Saszetka biodrowa Williamsburg, fleksitarianizm, kaseta VHS American Apparel. Bluza z kapturem Chillwave Godard Cray Neutra. Winylowa, wyskakuj\u0105ca food truck, wayfarers semiotyka, street art.<\/p>\n\n\n\n<h2 class=\"wp-block-heading\">To jest tytu\u0142 przyk\u0142adu H2.<\/h2>\n\n\n\n<p>Blog Brooklyn keytar, o kt\u00f3rym prawdopodobnie nie s\u0142ysza\u0142e\u015b, mixtape, swag, bezpo\u015bredni hashtag handlowy, organiczny, klucz do ko\u015bcio\u0142a, krucyfiks, stumptown, klisza, staraj si\u0119, etniczny. Flexitarian narwhal PBR&amp;B +1 lokalny. Sartorialne, \u0142apacze sn\u00f3w, d\u017cinsowe szorty, Neutra, street art, boczek wieprzowy, w\u0105sy, szyte na miar\u0119.<\/p>\n\n\n\n<h3 class=\"wp-block-heading\">To jest przyk\u0142adowy tytu\u0142 h3<\/h3>\n\n\n\n<p>Torba kurierska Narwhal Norcore, food truck z komos\u0105 ry\u017cow\u0105 i w\u0105sami, cztery loko, prawa rowerowe, druk wypuk\u0142y, ptak na tofu, banjo, cray semiotyka, iPhone. Mlkshk twee, Neutra Bushwick. Saszetka biodrowa Williamsburg, fleksitarianizm, kaseta VHS American Apparel. Bluza z kapturem Chillwave Godard Cray Neutra. Winylowa, wyskakuj\u0105ca food truck, wayfarers semiotyka, street art.<\/p>\n\n\n\n<h4 class=\"wp-block-heading\">To jest przyk\u0142adowy tytu\u0142 h4<\/h4>\n\n\n\n<p>Blog Brooklyn keytar, o kt\u00f3rym prawdopodobnie nie s\u0142ysza\u0142e\u015b, mixtape, swag, bezpo\u015bredni hashtag handlowy, organiczny, klucz do ko\u015bcio\u0142a, krucyfiks, stumptown, klisza, staraj si\u0119, etniczny. Flexitarian narwhal PBR&amp;B +1 lokalny. Sartorialne, \u0142apacze sn\u00f3w, d\u017cinsowe szorty, Neutra, street art, boczek wieprzowy, w\u0105sy, szyte na miar\u0119.<\/p>\n\n\n\n<h5 class=\"wp-block-heading\">To jest przyk\u0142adowy tytu\u0142 h5<\/h5>\n\n\n\n<p>Blog Brooklyn keytar, o kt\u00f3rym prawdopodobnie nie s\u0142ysza\u0142e\u015b, mixtape, swag, bezpo\u015bredni hashtag handlowy, organiczny, klucz do ko\u015bcio\u0142a, krucyfiks, stumptown, klisza, staraj si\u0119, etniczny. Flexitarian narwhal PBR&amp;B +1 lokalny. Sartorialne, \u0142apacze sn\u00f3w, d\u017cinsowe szorty, Neutra, street art, boczek wieprzowy, w\u0105sy, szyte na miar\u0119.<\/p>\n\n\n\n<h6 class=\"wp-block-heading\">To jest przyk\u0142adowy tytu\u0142 h6<\/h6>\n\n\n\n<p>Lorem ipsum Id tempor laborum in consequat Ut in eu id eu incididunt ut sed elit quis veniam sint id sit Duis sunt z wyj\u0105tkiem consectetur reprehenderit culpa deserunt cillum aute dolor dolor dolor qui.<\/p>\n\n\n\n<div class=\"wp-block-image\"><figure class=\"alignleft\"><a href=\"https:\/\/demo.mekshq.com\/voice\/wp-content\/uploads\/2014\/11\/voice_16.jpg\"><img decoding=\"async\" src=\"https:\/\/demo.mekshq.com\/voice\/wp-content\/uploads\/2014\/11\/voice_16-300x300.jpg\" alt=\"Fanatyk mody\" class=\"wp-image-83\"\/><\/a><figcaption>Fanatyk mody<\/figcaption><\/figure><\/div>\n\n\n\n<p>Polej i skwiercz, commodo Marfa \u0142apacz sn\u00f3w aliquip. Fundusz powierniczy przed wyprzedaniem mumblecore YOLO. Placeat fundusz powierniczy culpa, keffiyeh twee labore vero. McSweeney&#039;s chia polaroid wilk. Nerka Laborum Vice Pitchfork Tumblr, Pinterest Blue Bottle \u0107wiczenia High Life 8-bit mlkshk brunch moda ax Helvetica. Polaroid niekonsekwentny, incydent legginsy scenester <a href=\"#\">Wid\u0142y do picia octu <\/a>Nieetyczny wirus. Banjo \u0142apacz sn\u00f3w, gad\u017cety Etsy. Bluza z kapturem Sapient, Wayfarers, mumblecore, yr, adipisicing, placeat, kawa jednorodna. Banksy, yr food truck, Neutra, eiusmod, forage, w\u0142a\u015bciwie bluza z kapturem z boczkiem wieprzowym, mlkshk, keytar, syntezator, laboris, Intelligentsia. Powtarzam, \u017ce chc\u0119 polaroida XOXO, obwiniam, Shoreditch gastropub, cokolwiek. Powtarzam, \u017ce chc\u0119 polaroida XOXO, obwiniam, Shoreditch gastropub.<\/p>\n\n\n\n<div class=\"wp-block-image\"><figure class=\"alignright\"><a href=\"https:\/\/demo.mekshq.com\/voice\/wp-content\/uploads\/2014\/11\/voice_61.jpg\"><img decoding=\"async\" src=\"https:\/\/demo.mekshq.com\/voice\/wp-content\/uploads\/2014\/11\/voice_61-300x200.jpg\" alt=\"Ninja fotografii\" class=\"wp-image-86\"\/><\/a><figcaption>Ninja fotografii<\/figcaption><\/figure><\/div>\n\n\n\n<p>Kawa jednorodna <a href=\"#\">ullamco pariatur<\/a>, wyskakuj\u0105ce okienko id accusamus sunt. Fugiat wieprzowy brzuch Terry Richardson 3 Wolf Moon, Commodo Placeat Inteligentna bluza z kapturem Etsy do Neutra aliqua cray. Legginsy Pariatur Banksy anim pour-over dolor, labore cornhole Pinterest delectus cray voluptate. Banjo winylowe Austin, sceneria Truffauta zak\u0142adaj\u0105ca boczek wieprzowy PBR&amp;B eiusmod narwhal Vice selvage meh consequat. Prodent gastropubu zak\u0142\u00f3ca consectetur surowego d\u017cinsu, Bitters Echo Park Tonx chia. Wid\u0142y accusamus kogi Tonx. Elitarne etniczne Thundercats, bezpo\u015bredni handel aliquip Marfa i miasteczko American Apparel z komos\u0105 ry\u017cow\u0105.<\/p>\n\n\n<p>[mks_separator style=\u201dsolid\u201d height=\u201d1\u2033]<\/p>\n\n\n\n<h4 class=\"wp-block-heading\">Cytat blokowy<\/h4>\n\n\n\n<p>Bluza z kapturem Sapient Wayfarers mumblecore yr adipisicing placeat kawa jednorodna. Banksy yr food truck Neutra eiusmod forage, w\u0142a\u015bciwie bluza z kapturem z boczkiem wieprzowym mlkshk keytar syntezator laboris Intelligentsia. Reprehenderit quer polaroid XOXO obwinia, Shoreditch gastropub cokolwiek.<\/p>\n\n\n\n<blockquote class=\"wp-block-quote is-layout-flow wp-block-quote-is-layout-flow\"><p>Tw\u00f3j czas jest ograniczony, wi\u0119c nie marnuj go na \u017cycie cudzym \u017cyciem. Nie daj si\u0119 z\u0142apa\u0107 w pu\u0142apk\u0119 dogmat\u00f3w \u2013 czyli \u017cycia z rezultatami cudzych my\u015bli. Nie pozw\u00f3l, by ha\u0142as opinii innych zag\u0142uszy\u0142 tw\u00f3j wewn\u0119trzny g\u0142os. I co najwa\u017cniejsze, miej odwag\u0119 pod\u0105\u017ca\u0107 za g\u0142osem serca i intuicj\u0105.<\/p><\/blockquote>\n\n\n\n<p>Bluza z kapturem Sapient Wayfarers mumblecore yr adipisicing placeat kawa jednorodna. Banksy yr food truck Neutra eiusmod forage, w\u0142a\u015bciwie bluza z kapturem z boczkiem wieprzowym mlkshk keytar syntezator laboris Intelligentsia. Reprehenderit quer polaroid XOXO obwinia, Shoreditch gastropub cokolwiek.<\/p>\n\n\n\n<h4 class=\"wp-block-heading\">Przegl\u0105d najwa\u017cniejszych wydarze\u0144<\/h4>\n\n\n\n<p>Lorem ipsum Id tempor laborum in <\/p>\n\n\n<p>[mks_highlight color=\u201d#cf4d35\u2033]<span style=\"color: #ffffff;\">veniam sint id<\/span>[\/mks_highlight]<\/p>\n\n\n\n<p> consequat Ut in eu id eu incididunt ut sed elit quis sit Duis sunt z wyj\u0105tkiem consectetur reprehenderit culpa deserunt cillum aute dolor dolor dolor qui.<\/p>\n\n\n<p>[mks_col]<br \/>\n[mks_one_half]<\/p>\n<h4 style=\"text-align: left;\">Lista nieuporz\u0105dkowana<\/h4>\n<ul>\n<li>Bluza z kapturem Sapiente Wayfarers<\/li>\n<li>Leginsy Pariatur Banksy<\/li>\n<li>Pitchfork accusus<\/li>\n<li>Destylarnia Helvetica Dolor<\/li>\n<\/ul>\n<p>[\/mks_one_half]<\/p>\n<p>[mks_one_half]<\/p>\n<h4>Lista uporz\u0105dkowana<\/h4>\n<ol>\n<li>\u0106wiczenie Echo Park<\/li>\n<li>Pinterest delectus Cray Voluptate<\/li>\n<li>Aliqua cred Terry Richardson<\/li>\n<li>Pitchfork accusus<\/li>\n<\/ol>\n<p>[\/mks_one_half]<\/p>\n<p>[\/mks_col]<\/p>\n\n\n\n<h4 class=\"wp-block-heading\">Przyk\u0142ad kodu<\/h4>\n\n\n\n<pre class=\"wp-block-preformatted\">.super_class:before{ background:url(&#039;images\/awesome.jpg&#039;) \u015brodek bez powtarzania \u015brodek; float:left; display:block; content: &quot;Awesome&quot;; }<\/pre>\n\n\n\n<h4 class=\"wp-block-heading\">Przyk\u0142ad tabeli<\/h4>\n\n\n\n<table class=\"wp-block-table\"><thead><tr><td>Nazwa<\/td><td>Przydomek<\/td><td>Numer<\/td><\/tr><\/thead><tbody><tr><td>Jill<\/td><td>\u017bartowni\u015b<\/td><td>50<\/td><\/tr><tr><td>Przeddzie\u0144<\/td><td>Ordynans<\/td><td>94<\/td><\/tr><tr><td>Jan<\/td><td>Rudzik<\/td><td>80<\/td><\/tr><\/tbody><\/table>","protected":false},"excerpt":{"rendered":"<p>[mks_dropcap style=&#8221;square&#8221; size=&#8221;50&#8243; bg_color=&#8221;#cf4d35&#8243; txt_color=&#8221;#ffffff&#8221;]A[\/mks_dropcap]orem ipsum Id tempor laborum in consequat ut in eu id eu incididunt ut sed elit quis veniam sint id sit Duis sunt laborum in consequat&nbsp;tempor laborum in consequat&nbsp;Excepteur consectetur reprehenderit culpa deserunt cillum aute dolor dolor dolor qui. Id tempor laborum in consequat Ut in eu id eu.&nbsp;Shoreditch gastropub whatever.&nbsp;Reprehenderit [&hellip;]<\/p>","protected":false},"author":1,"featured_media":0,"parent":0,"menu_order":0,"comment_status":"closed","ping_status":"closed","template":"","meta":{"footnotes":""},"class_list":["post-328","page","type-page","status-publish","hentry"],"_links":{"self":[{"href":"https:\/\/idloaded.com\/pl\/wp-json\/wp\/v2\/pages\/328","targetHints":{"allow":["GET"]}}],"collection":[{"href":"https:\/\/idloaded.com\/pl\/wp-json\/wp\/v2\/pages"}],"about":[{"href":"https:\/\/idloaded.com\/pl\/wp-json\/wp\/v2\/types\/page"}],"author":[{"embeddable":true,"href":"https:\/\/idloaded.com\/pl\/wp-json\/wp\/v2\/users\/1"}],"replies":[{"embeddable":true,"href":"https:\/\/idloaded.com\/pl\/wp-json\/wp\/v2\/comments?post=328"}],"version-history":[{"count":0,"href":"https:\/\/idloaded.com\/pl\/wp-json\/wp\/v2\/pages\/328\/revisions"}],"wp:attachment":[{"href":"https:\/\/idloaded.com\/pl\/wp-json\/wp\/v2\/media?parent=328"}],"curies":[{"name":"wp","href":"https:\/\/api.w.org\/{rel}","templated":true}]}}