{"id":76,"date":"2023-12-01T00:53:30","date_gmt":"2023-12-01T03:53:30","guid":{"rendered":"http:\/\/idloaded.com\/?page_id=76"},"modified":"2024-07-04T19:23:39","modified_gmt":"2024-07-04T22:23:39","slug":"atruna","status":"publish","type":"page","link":"https:\/\/idloaded.com\/lv\/atruna\/","title":{"rendered":"Atruna"},"content":{"rendered":"<h2>Atruna<\/h2>\n<p>IdLoaded vietn\u0113 pieejam\u0101 inform\u0101cija ir paredz\u0113ta visp\u0101r\u012bgiem informat\u012bviem nol\u016bkiem. Lai gan m\u0113s cen\u0161amies sniegt prec\u012bzu un atjaunin\u0101tu inform\u0101ciju, m\u0113s negarant\u0113jam \u0161aj\u0101 t\u012bmek\u013ca vietn\u0113 sniegt\u0101 satura piln\u012bgumu, uzticam\u012bbu vai precizit\u0101ti.<\/p>\n<h3>Profesion\u0101li padomi<\/h3>\n<p>Vietn\u0113 IdLoaded eso\u0161ais saturs neaizst\u0101j profesion\u0101lus padomus, diagnozi vai \u0101rst\u0113\u0161anu. M\u0113s iesak\u0101m vienm\u0113r konsult\u0113ties ar kvalific\u0113tu speci\u0101listu, ja jums ir k\u0101di jaut\u0101jumi vai ba\u017eas par vesel\u012bbu, dro\u0161\u012bbu vai jebkuru jaut\u0101jumu, kas saist\u012bts ar tehnolo\u0123ij\u0101m un jaunin\u0101jumiem.<\/p>\n<h3>Pie\u0146emtais risks<\/h3>\n<p>Darb\u012bb\u0101m, kas saist\u012btas ar tehnolo\u0123ij\u0101m un inov\u0101cij\u0101m, ir rakstur\u012bgi riski. M\u0113s neesam atbild\u012bgi par traum\u0101m, zaud\u0113jumiem vai boj\u0101jumiem, kas var rasties \u0161aj\u0101 vietn\u0113 sniegt\u0101s inform\u0101cijas vai apspriesto produktu un tehnolo\u0123iju izmanto\u0161anas rezult\u0101t\u0101.<\/p>\n<h3>Arejas saites<\/h3>\n<p>IdLoaded var satur\u0113t saites uz \u0101r\u0113j\u0101m vietn\u0113m vai resursiem. M\u0113s neapstiprin\u0101m un negarant\u0113jam \u0161aj\u0101s \u0101r\u0113j\u0101s vietn\u0113s sniegt\u0101s inform\u0101cijas precizit\u0101ti. M\u0113s iesak\u0101m iev\u0113rot piesardz\u012bbu un p\u0101rskat\u012bt jebkuru tre\u0161o pu\u0161u viet\u0146u, kuras apmekl\u0113jat, noteikumus un konfidencialit\u0101tes politikas.<\/p>\n<h3>Autorties\u012bbas un izmanto\u0161ana<\/h3>\n<p>Viss saturs \u0161aj\u0101 t\u012bmek\u013ca vietn\u0113, ieskaitot tekstu, att\u0113lus, grafiku un citus materi\u0101lus, ir aizsarg\u0101ts ar autorties\u012bb\u0101m. Jebk\u0101da IdLoaded satura reproduc\u0113\u0161ana, izplat\u012b\u0161ana vai izmanto\u0161ana bez m\u016bsu nep\u0101rprotamas rakstiskas at\u013caujas ir aizliegta.<\/p>\n<h3>Satura izmai\u0146as<\/h3>\n<p>M\u0113s paturam ties\u012bbas main\u012bt, atjaunin\u0101t vai no\u0146emt jebk\u0101du saturu \u0161aj\u0101 vietn\u0113 p\u0113c saviem ieskatiem.<\/p>\n<h3>Piekri\u0161ana<\/h3>\n<p>Izmantojot vietni IdLoaded, j\u016bs piekr\u012btat \u0161im pazi\u0146ojumam un piekr\u012btat t\u0101 noteikumiem.<\/p>\n<h3>Jaut\u0101jumi<\/h3>\n<p>Ja jums ir k\u0101di jaut\u0101jumi vai neskaidr\u012bbas saist\u012bb\u0101 ar \u0161o pazi\u0146ojumu, l\u016bdzu, sazinieties ar mums pa e-pastu <a rel=\"noreferrer\">contact@idloaded.com<\/a>.<\/p>\n<p>Izmantojot \u0161o vietni, j\u016bs apstiprin\u0101t, ka esat izlas\u012bjis un sapratis \u0161o pazi\u0146ojumu. M\u0113s nov\u0113rt\u0113jam j\u016bsu izpratni un ap\u0146em\u0161anos nodro\u0161in\u0101t dro\u0161u un informat\u012bvu pieredzi par tehnolo\u0123ij\u0101m un jaunin\u0101jumiem.<\/p>","protected":false},"excerpt":{"rendered":"<p>Atruna: IdLoaded t\u012bmek\u013ca vietn\u0113 pieejam\u0101 inform\u0101cija ir paredz\u0113ta tikai visp\u0101r\u012bgiem informat\u012bviem nol\u016bkiem. Lai gan m\u0113s cen\u0161amies sniegt prec\u012bzu un aktu\u0101lu inform\u0101ciju, m\u0113s negarant\u0113jam \u0161aj\u0101 t\u012bmek\u013ca vietn\u0113 sniegt\u0101 satura piln\u012bgumu, uzticam\u012bbu vai precizit\u0101ti. Profesion\u0101ls padoms: IdLoaded saturs neaizst\u0101j profesion\u0101lu padomu, diagnozi vai \u0101rst\u0113\u0161anu. M\u0113s vienm\u0113r iesak\u0101m konsult\u0113ties ar [\u2026]<\/p>","protected":false},"author":1,"featured_media":0,"parent":0,"menu_order":0,"comment_status":"closed","ping_status":"closed","template":"","meta":{"footnotes":""},"class_list":["post-76","page","type-page","status-publish","hentry"],"_links":{"self":[{"href":"https:\/\/idloaded.com\/lv\/wp-json\/wp\/v2\/pages\/76","targetHints":{"allow":["GET"]}}],"collection":[{"href":"https:\/\/idloaded.com\/lv\/wp-json\/wp\/v2\/pages"}],"about":[{"href":"https:\/\/idloaded.com\/lv\/wp-json\/wp\/v2\/types\/page"}],"author":[{"embeddable":true,"href":"https:\/\/idloaded.com\/lv\/wp-json\/wp\/v2\/users\/1"}],"replies":[{"embeddable":true,"href":"https:\/\/idloaded.com\/lv\/wp-json\/wp\/v2\/comments?post=76"}],"version-history":[{"count":6,"href":"https:\/\/idloaded.com\/lv\/wp-json\/wp\/v2\/pages\/76\/revisions"}],"predecessor-version":[{"id":507,"href":"https:\/\/idloaded.com\/lv\/wp-json\/wp\/v2\/pages\/76\/revisions\/507"}],"wp:attachment":[{"href":"https:\/\/idloaded.com\/lv\/wp-json\/wp\/v2\/media?parent=76"}],"curies":[{"name":"wp","href":"https:\/\/api.w.org\/{rel}","templated":true}]}}