{"id":75,"date":"2023-12-01T00:53:30","date_gmt":"2023-12-01T03:53:30","guid":{"rendered":"http:\/\/idloaded.com\/?page_id=75"},"modified":"2024-07-04T19:24:35","modified_gmt":"2024-07-04T22:24:35","slug":"par-mums","status":"publish","type":"page","link":"https:\/\/idloaded.com\/lv\/par-mums\/","title":{"rendered":"Par"},"content":{"rendered":"<h2>Par IdLoaded<\/h2>\n<p>Uz\u0146\u0113mum\u0101 IdLoaded m\u016bs virza m\u016bsu aizrau\u0161an\u0101s integr\u0113t tehnolo\u0123iju pasauli ar jaun\u0101ko un atbilsto\u0161\u0101ko inform\u0101ciju. M\u016bsu m\u0113r\u0137is ir b\u016bt par atskaites punktu tehnolo\u0123iju entuziastiem, jomas profesion\u0101\u013ciem un ikvienam, kas interes\u0113jas par jaun\u0101kaj\u0101m inov\u0101cij\u0101m.<\/p>\n<h3>M\u016bsu m\u0113r\u0137is<\/h3>\n<p>M\u016bsu galvenais m\u0113r\u0137is ir rad\u012bt telpu, kur\u0101 tehnolo\u0123iju entuziasti var atrast pla\u0161u inform\u0101ciju par tehnolo\u0123iskaj\u0101m inov\u0101cij\u0101m, ievie\u0161anas metod\u0113m un jaun\u0101kaj\u0101m tendenc\u0113m. M\u0113s cen\u0161amies savienot trad\u012bcijas ar inov\u0101cij\u0101m, pal\u012bdzot profesion\u0101\u013ciem pie\u0146emt jaun\u0101kos sasniegumus, vienlaikus saglab\u0101jot tradicion\u0101lo praksi.<\/p>\n<h3>M\u016bsu pakalpojumi<\/h3>\n<p><strong>Informat\u012bvie raksti:<\/strong> M\u0113s pied\u0101v\u0101jam pla\u0161u rakstu kl\u0101stu, kur\u0101 tiek apspriestas t\u0113mas, s\u0101kot no inteli\u0123entas datu p\u0101rvald\u012bbas l\u012bdz jaun\u0101kaj\u0101m zi\u0146\u0101m par valk\u0101jam\u0101m ier\u012bc\u0113m un viedier\u012bc\u0113m.<\/p>\n<p><strong>Kopienas mijiedarb\u012bba:<\/strong> M\u0113s aicin\u0101m tehnolo\u0123iju cien\u012bt\u0101jus piedal\u012bties un dal\u012bties sav\u0101s zin\u0101\u0161an\u0101s, veicinot dinamisku un daudzveid\u012bgu kopienu.<\/p>\n<p><strong>Jaunin\u0101jumi:<\/strong> Atkl\u0101jiet jaun\u0101k\u0101s tehnolo\u0123ijas, apr\u012bkojumu un s\u012bkr\u012bkus, kas veido n\u0101kotni.<\/p>\n<p><strong>Produktu atsauksmes:<\/strong> Pie\u0146emiet apzin\u0101tus l\u0113mumus, izmantojot m\u016bsu objekt\u012bvos produktu p\u0101rskatus un ieteikumus.<\/p>\n<p><strong>M\u0101c\u012bbu resursi:<\/strong> Ieg\u016bstiet zin\u0101\u0161anas no pieredz\u0113ju\u0161iem profesion\u0101\u013ciem un ekspertiem, izmantojot m\u016bsu izgl\u012btojo\u0161os ce\u013cve\u017eus un apm\u0101c\u012bbas.<\/p>\n<p><strong>M\u016bsu velt\u012bjums:<\/strong> M\u0113s cen\u0161amies sniegt prec\u012bzu un uzticamu inform\u0101ciju. M\u016bsu komanda ir ap\u0146\u0113musies sekot l\u012bdzi straujajai tehnolo\u0123iju pasaulei un dal\u012bties ar jums sav\u0101s atzi\u0146\u0101s.<\/p>\n<h3>Nov\u0113rt\u0113jums<\/h3>\n<p>M\u0113s sirsn\u012bgi pateicamies m\u016bsu las\u012bt\u0101jiem un l\u012bdzstr\u0101dniekiem. J\u016bsu atbalsts \u013cauj IdLoaded att\u012bst\u012bties. Pievienojieties mums, lai atkl\u0101tu trad\u012bciju un tehnolo\u0123isko jaunin\u0101jumu intri\u0123\u0113jo\u0161o kombin\u0101ciju. Kop\u0101 m\u0113s varam virz\u012bties uz n\u0101kotni, vienlaikus saglab\u0101jot savu ap\u0146em\u0161anos nodro\u0161in\u0101t inform\u0101cijas kvalit\u0101ti un precizit\u0101ti.<\/p>\n<p>Paldies, ka esat da\u013ca no IdLoaded kopienas! J\u016bs varat sazin\u0101ties ar mums, izmantojot m\u016bsu vietni <a href=\"http:\/\/idloaded.com\/lv\/\" target=\"_new\" rel=\"noreferrer noopener\">http:\/\/idloaded.com\/<\/a>. Lai ieg\u016btu s\u012bk\u0101ku inform\u0101ciju, varat ar\u012b apmekl\u0113t m\u016bsu soci\u0101lo mediju lapu vietn\u0113 IdLoaded.<\/p>","protected":false},"excerpt":{"rendered":"<p>Sobre o IdLoaded No IdLoaded, somos movidos pela nossa paix\u00e3o por integrar o mundo da tecnologia com as informa\u00e7\u00f5es mais recentes e relevantes. Nosso objetivo \u00e9 ser o ponto de refer\u00eancia para entusiastas de tecnologia, profissionais da \u00e1rea e todos aqueles interessados nas \u00faltimas inova\u00e7\u00f5es. Nosso Objetivo Nosso principal objetivo \u00e9 criar um espa\u00e7o onde [&hellip;]<\/p>","protected":false},"author":1,"featured_media":0,"parent":0,"menu_order":0,"comment_status":"closed","ping_status":"closed","template":"","meta":{"footnotes":""},"class_list":["post-75","page","type-page","status-publish","hentry"],"_links":{"self":[{"href":"https:\/\/idloaded.com\/lv\/wp-json\/wp\/v2\/pages\/75","targetHints":{"allow":["GET"]}}],"collection":[{"href":"https:\/\/idloaded.com\/lv\/wp-json\/wp\/v2\/pages"}],"about":[{"href":"https:\/\/idloaded.com\/lv\/wp-json\/wp\/v2\/types\/page"}],"author":[{"embeddable":true,"href":"https:\/\/idloaded.com\/lv\/wp-json\/wp\/v2\/users\/1"}],"replies":[{"embeddable":true,"href":"https:\/\/idloaded.com\/lv\/wp-json\/wp\/v2\/comments?post=75"}],"version-history":[{"count":8,"href":"https:\/\/idloaded.com\/lv\/wp-json\/wp\/v2\/pages\/75\/revisions"}],"predecessor-version":[{"id":508,"href":"https:\/\/idloaded.com\/lv\/wp-json\/wp\/v2\/pages\/75\/revisions\/508"}],"wp:attachment":[{"href":"https:\/\/idloaded.com\/lv\/wp-json\/wp\/v2\/media?parent=75"}],"curies":[{"name":"wp","href":"https:\/\/api.w.org\/{rel}","templated":true}]}}