{"id":73,"date":"2023-12-01T00:53:30","date_gmt":"2023-12-01T03:53:30","guid":{"rendered":"http:\/\/idloaded.com\/?page_id=73"},"modified":"2024-07-04T19:18:00","modified_gmt":"2024-07-04T22:18:00","slug":"privatuma-politika","status":"publish","type":"page","link":"https:\/\/idloaded.com\/lv\/privatuma-politika\/","title":{"rendered":"Priv\u0101tuma politika"},"content":{"rendered":"<h2>IdLoaded konfidencialit\u0101tes vadl\u012bnijas<\/h2>\n<p>Programm\u0101 IdLoaded, ko var atrast vietn\u0113 <a href=\"http:\/\/idloaded.com\/lv\/\" target=\"_new\" rel=\"noreferrer noopener\">http:\/\/idloaded.com\/<\/a>, m\u0113s pie\u0161\u0137iram priorit\u0101ti m\u016bsu apmekl\u0113t\u0101ju priv\u0101tumam. \u0160aj\u0101 dokument\u0101 ir aprakst\u012bti inform\u0101cijas veidi, ko m\u0113s apkopojam un ierakst\u0101m vietn\u0113 IdLoaded, un k\u0101 m\u0113s to izmantojam.<\/p>\n<p>Ja jums ir v\u0113l k\u0101di jaut\u0101jumi vai nepiecie\u0161ama s\u012bk\u0101ka inform\u0101cija par m\u016bsu konfidencialit\u0101tes vadl\u012bnij\u0101m, l\u016bdzu, sazinieties ar mums.<\/p>\n<p>\u0160\u012bs Priv\u0101tuma vadl\u012bnijas attiecas tikai uz m\u016bsu tie\u0161saistes darb\u012bb\u0101m un attiecas uz m\u016bsu vietnes apmekl\u0113t\u0101jiem saist\u012bb\u0101 ar inform\u0101ciju, ko vi\u0146i kop\u012bgo un\/vai apkopo IdLoaded. \u0160\u012bs vadl\u012bnijas neattiecas uz inform\u0101ciju, kas sav\u0101kta bezsaist\u0113 vai izmantojot citus kan\u0101lus, iz\u0146emot \u0161o vietni.<\/p>\n<h3>vieno\u0161an\u0101s<\/h3>\n<p>Piek\u013c\u016bstot m\u016bsu vietnei, j\u016bs piekr\u012btat m\u016bsu Priv\u0101tuma vadl\u012bnij\u0101m un piekr\u012btat t\u0101s noteikumiem.<\/p>\n<h3>M\u016bsu apkopotie dati<\/h3>\n<p>M\u0113s skaidri paskaidrosim, k\u0101p\u0113c mums ir nepiecie\u0161ama m\u016bsu piepras\u012bt\u0101 personas inform\u0101cija br\u012bd\u012b, kad to piepras\u0101m.<\/p>\n<p>Ja sazin\u0101sieties ar mums tie\u0161i, m\u0113s varam sa\u0146emt papildu inform\u0101ciju par jums, piem\u0113ram, j\u016bsu v\u0101rdu, e-pasta adresi, t\u0101lru\u0146a numuru, visu zi\u0146ojumu un\/vai pielikumu saturu, ko varat mums s\u016bt\u012bt, un jebkuru citu inform\u0101ciju, ko varat izv\u0113l\u0113ties sniegt.<\/p>\n<p>Kad j\u016bs izveidojat kontu, m\u0113s varam l\u016bgt j\u016bsu kontaktinform\u0101ciju, tostarp t\u0101dus elementus k\u0101 v\u0101rds, uz\u0146\u0113muma nosaukums, adrese, e-pasta adrese un t\u0101lru\u0146a numurs.<\/p>\n<h3>K\u0101 m\u0113s izmantojam j\u016bsu datus<\/h3>\n<p>M\u0113s izmantojam apkopotos datus da\u017e\u0101dos veidos, tostarp, lai:<\/p>\n<ul>\n<li>Nodro\u0161in\u0101t, darbin\u0101t un uztur\u0113t m\u016bsu vietni<\/li>\n<li>Uzlabojiet, piel\u0101gojiet un papla\u0161iniet m\u016bsu vietni<\/li>\n<li>Izprotiet un analiz\u0113jiet, k\u0101 izmantojat m\u016bsu vietni<\/li>\n<li>Izveidojiet jaunus produktus, pakalpojumus, l\u012bdzek\u013cus un funkcionalit\u0101ti<\/li>\n<li>Sazin\u0101ties ar jums tie\u0161i vai ar m\u016bsu partneru starpniec\u012bbu klientu apkalpo\u0161anas nol\u016bk\u0101, lai sniegtu atjaunin\u0101jumus un citu inform\u0101ciju saist\u012bb\u0101 ar vietni, k\u0101 ar\u012b m\u0101rketinga un rekl\u0101mas nol\u016bkos<\/li>\n<li>S\u016bt\u012bt e-pastus<\/li>\n<li>Atkl\u0101t un nov\u0113rst kr\u0101p\u0161anu<\/li>\n<\/ul>\n<h3>Re\u0123istra faili<\/h3>\n<p>IdLoaded iev\u0113ro standarta \u017eurn\u0101lfailu izmanto\u0161anas proced\u016bru. \u0160ajos failos tiek re\u0123istr\u0113ti apmekl\u0113t\u0101ji, kad vi\u0146i apmekl\u0113 vietnes. Visi hostinga uz\u0146\u0113mumi to dara k\u0101 da\u013cu no saviem mitin\u0101\u0161anas anal\u012bzes pakalpojumiem. \u017durn\u0101la failu apkopot\u0101 inform\u0101cija ietver interneta protokola (IP) adreses, p\u0101rl\u016bkprogrammas veidu, interneta pakalpojumu sniedz\u0113ju (ISP), datuma un laika z\u012bmogu, novirz\u012b\u0161anas\/izejas lapas un, iesp\u0113jams, klik\u0161\u0137u skaitu. \u0160\u012b inform\u0101cija nav saist\u012bta ar inform\u0101ciju, kas ir personiski identific\u0113jama. Inform\u0101cijas m\u0113r\u0137is ir tenden\u010du anal\u012bze, vietnes administr\u0113\u0161ana, lietot\u0101ju kust\u012bbas izseko\u0161ana vietn\u0113 un demogr\u0101fisk\u0101s inform\u0101cijas apkopo\u0161ana.<\/p>\n<h3>S\u012bkfaili un t\u012bmek\u013ca sign\u0101li<\/h3>\n<p>T\u0101pat k\u0101 jebkura cita vietne, IdLoaded izmanto &quot;s\u012bkfailus&quot;. \u0160\u012bs s\u012bkdatnes tiek izmantotas, lai saglab\u0101tu inform\u0101ciju, tostarp apmekl\u0113t\u0101ju preferences un vietnes lapas, kur\u0101m apmekl\u0113t\u0101js piek\u013cuva vai apmekl\u0113ja. Inform\u0101cija tiek izmantota, lai optimiz\u0113tu lietot\u0101ju pieredzi, piel\u0101gojot m\u016bsu t\u012bmek\u013ca lapas saturu, pamatojoties uz apmekl\u0113t\u0101ju p\u0101rl\u016bkprogrammas veidu un\/vai citu inform\u0101ciju.<\/p>\n<h3>Google DoubleClick DART s\u012bkfails<\/h3>\n<p>Google ir viens no tre\u0161o pu\u0161u pieg\u0101d\u0101t\u0101jiem m\u016bsu vietn\u0113. Tas ar\u012b izmanto s\u012bkfailus, kas paz\u012bstami k\u0101 DART s\u012bkfaili, lai r\u0101d\u012btu rekl\u0101mas m\u016bsu vietnes apmekl\u0113t\u0101jiem, pamatojoties uz vi\u0146u apmekl\u0113jumu <a href=\"http:\/\/www.website.com\" target=\"_new\" rel=\"noreferrer noopener\">www.website.com<\/a> un citas vietnes internet\u0101. Tom\u0113r apmekl\u0113t\u0101ji var atteikties no DART s\u012bkdat\u0146u izmanto\u0161anas, apmekl\u0113jot Google rekl\u0101mu un satura t\u012bkla konfidencialit\u0101tes politiku \u0161aj\u0101 URL - <a href=\"https:\/\/policies.google.com\/technologies\/ads\" target=\"_new\" rel=\"noreferrer noopener\">https:\/\/policies.google.com\/technologies\/ads<\/a>.<\/p>\n<h3>Konfidencialit\u0101tes vadl\u012bnijas IdLoaded reklam\u0113\u0161anas partneriem<\/h3>\n<p>Varat skat\u012bt \u0161o sarakstu, lai atrastu katra IdLoaded reklam\u0113\u0161anas partnera konfidencialit\u0101tes vadl\u012bnijas.<\/p>\n<p>Tre\u0161\u0101s puses rekl\u0101mu serveri vai rekl\u0101mu t\u012bkli sav\u0101s attiec\u012bgaj\u0101s rekl\u0101m\u0101s un sait\u0113s, kas tiek r\u0101d\u012btas vietn\u0113 IdLoaded un tiek nos\u016bt\u012btas tie\u0161i uz lietot\u0101ju p\u0101rl\u016bkprogrammu, izmanto t\u0101das tehnolo\u0123ijas k\u0101 s\u012bkfaili, JavaScript vai t\u012bmek\u013ca b\u0101ksign\u0101li. Kad tas notiek, vi\u0146i autom\u0101tiski sa\u0146em j\u016bsu IP adresi. \u0160\u012bs tehnolo\u0123ijas tiek izmantotas, lai nov\u0113rt\u0113tu vi\u0146u rekl\u0101mas kampa\u0146u efektivit\u0101ti un\/vai personaliz\u0113tu rekl\u0101mas saturu, ko redzat j\u016bsu apmekl\u0113taj\u0101s vietn\u0113s.<\/p>\n<p>L\u016bdzu, \u0146emiet v\u0113r\u0101, ka IdLoaded nevar piek\u013c\u016bt vai kontrol\u0113t \u0161os s\u012bkfailus, ko izmanto tre\u0161o pu\u0161u rekl\u0101mdev\u0113ji.<\/p>\n<h3>Tre\u0161o pu\u0161u priv\u0101tuma vadl\u012bnijas<\/h3>\n<p>IdLoaded konfidencialit\u0101tes politika neattiecas uz citiem rekl\u0101mdev\u0113jiem vai vietn\u0113m. T\u0101p\u0113c m\u0113s iesak\u0101m iepaz\u012bties ar \u0161o tre\u0161o pu\u0161u rekl\u0101mu serveru attiec\u012bgaj\u0101m priv\u0101tuma politik\u0101m, lai ieg\u016btu s\u012bk\u0101ku inform\u0101ciju. Taj\u0101 var b\u016bt ietverta prakse un nor\u0101d\u012bjumi par to, k\u0101 atteikties no noteikt\u0101m iesp\u0113j\u0101m.<\/p>\n<p>Jums ir iesp\u0113ja atsp\u0113jot s\u012bkfailus, izmantojot atsevi\u0161\u0137as p\u0101rl\u016bkprogrammas opcijas. Lai uzzin\u0101tu s\u012bk\u0101ku inform\u0101ciju par s\u012bkdat\u0146u p\u0101rvald\u012bbu ar noteikt\u0101m t\u012bmek\u013ca p\u0101rl\u016bkprogramm\u0101m, to var atrast attiec\u012bgaj\u0101s p\u0101rl\u016bkprogrammu vietn\u0113s.<\/p>\n<h3>CCPA priv\u0101tuma ties\u012bbas (nep\u0101rdodiet manu personisko inform\u0101ciju)<\/h3>\n<p>Saska\u0146\u0101 ar CCPA Kalifornijas pat\u0113r\u0113t\u0101jiem ir ties\u012bbas:<\/p>\n<ul>\n<li>Piepras\u012bt, lai uz\u0146\u0113mums, kas v\u0101c pat\u0113r\u0113t\u0101ja personas datus, atkl\u0101j personas datu kategorijas un konkr\u0113tus datus, ko uz\u0146\u0113mums ir sav\u0101cis par pat\u0113r\u0113t\u0101jiem.<\/li>\n<li>Piepras\u012bt, lai uz\u0146\u0113mums dz\u0113stu visus personas datus par pat\u0113r\u0113t\u0101ju, ko uz\u0146\u0113mums ir sav\u0101cis.<\/li>\n<li>Piepras\u012bt, lai uz\u0146\u0113mums, kas p\u0101rdod pat\u0113r\u0113t\u0101ja personas datus, nep\u0101rdod pat\u0113r\u0113t\u0101ja personas datus.<\/li>\n<\/ul>\n<p>Ja iesniedzat piepras\u012bjumu, mums ir viens m\u0113nesis laika, lai atbild\u0113tu uz jums. Ja v\u0113laties izmantot k\u0101du no \u0161\u012bm ties\u012bb\u0101m, l\u016bdzu, sazinieties ar mums.<\/p>\n<h3>GDPR datu aizsardz\u012bbas ties\u012bbas<\/h3>\n<p>M\u0113s v\u0113lamies nodro\u0161in\u0101t, lai j\u016bs piln\u012bb\u0101 zin\u0101tu visas savas datu aizsardz\u012bbas ties\u012bbas. Katram lietot\u0101jam ir ties\u012bbas uz sekojo\u0161o:<\/p>\n<ul>\n<li>Piek\u013cuves ties\u012bbas \u2013 Jums ir ties\u012bbas piepras\u012bt savu personas datu kopijas. M\u0113s varam iekas\u0113t nelielu maksu par \u0161o pakalpojumu.<\/li>\n<li>Ties\u012bbas uz labo\u0161anu \u2013 Jums ir ties\u012bbas piepras\u012bt, lai m\u0113s labotu jebkuru inform\u0101ciju, kas, j\u016bsupr\u0101t, ir nepareiza. Jums ir ar\u012b ties\u012bbas piepras\u012bt, lai m\u0113s aizpild\u012btu inform\u0101ciju, kas, j\u016bsupr\u0101t, ir nepiln\u012bga.<\/li>\n<li>Ties\u012bbas uz dz\u0113\u0161anu \u2013 jums ir ties\u012bbas piepras\u012bt, lai m\u0113s dz\u0113stu j\u016bsu personas datus noteiktos apst\u0101k\u013cos.<\/li>\n<li>Ties\u012bbas ierobe\u017eot apstr\u0101di \u2013 Jums ir ties\u012bbas piepras\u012bt, lai m\u0113s ierobe\u017eotu J\u016bsu personas datu apstr\u0101di noteiktos apst\u0101k\u013cos.<\/li>\n<li>Ties\u012bbas iebilst pret apstr\u0101di \u2013 Jums ir ties\u012bbas noteiktos apst\u0101k\u013cos iebilst pret m\u016bsu veikto j\u016bsu personas datu apstr\u0101di.<\/li>\n<li>Ties\u012bbas uz datu p\u0101rnesam\u012bbu \u2013 Jums ir ties\u012bbas piepras\u012bt, lai m\u0113s ar noteiktiem nosac\u012bjumiem p\u0101rs\u016bt\u012btu m\u016bsu apkopotos datus citai organiz\u0101cijai vai tie\u0161i jums.<\/li>\n<\/ul>\n<p>Ja iesniedzat piepras\u012bjumu, mums ir viens m\u0113nesis laika, lai atbild\u0113tu uz jums. Ja v\u0113laties izmantot k\u0101du no \u0161\u012bm ties\u012bb\u0101m, l\u016bdzu, sazinieties ar mums.<\/p>\n<h3>Inform\u0101cija par nepilngad\u012bgajiem<\/h3>\n<p>Viena no m\u016bsu liel\u0101kaj\u0101m priorit\u0101t\u0113m ir b\u0113rnu aizsardz\u012bbas pievieno\u0161ana, kam\u0113r vi\u0146i lieto internetu. M\u0113s mudin\u0101m vec\u0101kus un aizbild\u0146us nov\u0113rot, piedal\u012bties un\/vai uzraudz\u012bt un vad\u012bt savas tie\u0161saistes aktivit\u0101tes.<\/p>\n<p>IdLoaded apzin\u0101ti neiev\u0101c nek\u0101du personu identific\u0113jo\u0161u inform\u0101ciju no b\u0113rniem, kas jaun\u0101ki par 13\u00a0gadiem. Ja uzskat\u0101t, ka j\u016bsu b\u0113rns ir sniedzis \u0161\u0101da veida inform\u0101ciju m\u016bsu t\u012bmek\u013ca vietn\u0113, m\u0113s \u013coti iesak\u0101m nekav\u0113joties sazin\u0101ties ar mums, un m\u0113s dar\u012bsim visu iesp\u0113jamo, lai \u0161\u0101du inform\u0101ciju nekav\u0113joties iz\u0146emtu no m\u016bsu uzskaites.<\/p>\n<h3>M\u016bsu konfidencialit\u0101tes vadl\u012bniju atjaunin\u0101jumi<\/h3>\n<p>M\u016bsu konfidencialit\u0101tes vadl\u012bnijas laiku pa laikam var tikt main\u012btas. T\u0101p\u0113c m\u0113s iesak\u0101m regul\u0101ri apmekl\u0113t \u0161o lapu, lai b\u016btu inform\u0113ts par jebk\u0101d\u0101m izmai\u0146\u0101m. M\u0113s j\u016bs inform\u0113sim par jebk\u0101diem atjaunin\u0101jumiem, \u0161aj\u0101 lap\u0101 ievietojot p\u0101rskat\u012bt\u0101s konfidencialit\u0101tes vadl\u012bnijas. \u0160ie atjaunin\u0101jumi st\u0101sies sp\u0113k\u0101 t\u016bl\u012bt p\u0113c to ievieto\u0161anas \u0161aj\u0101 lap\u0101.<\/p>\n<p>M\u016bsu Priv\u0101tuma vadl\u012bniju izveid\u0113 pal\u012bdz\u0113ja Priv\u0101tuma politikas \u0123enerators.<\/p>\n<h3>Sazinieties ar mums<\/h3>\n<p>Ja jums ir k\u0101di jaut\u0101jumi vai ieteikumi saist\u012bb\u0101 ar m\u016bsu konfidencialit\u0101tes vadl\u012bnij\u0101m, l\u016bdzu, sazinieties ar mums vietn\u0113 IdLoaded. M\u016bs varat atrast m\u016bsu t\u012bmek\u013ca vietn\u0113: <a href=\"http:\/\/idloaded.com\/lv\/\" target=\"_new\" rel=\"noreferrer noopener\">http:\/\/idloaded.com\/<\/a>. Lai ieg\u016btu s\u012bk\u0101ku inform\u0101ciju, varat ar\u012b p\u0101rbaud\u012bt m\u016bsu soci\u0101lo mediju lapu vietn\u0113 IdLoaded.<\/p>","protected":false},"excerpt":{"rendered":"<p>IdLoaded konfidencialit\u0101tes vadl\u012bnijas Vietn\u0113 IdLoaded, kas atrodama vietn\u0113 http:\/\/idloaded.com\/, m\u0113s pie\u0161\u0137iram priorit\u0101ti m\u016bsu apmekl\u0113t\u0101ju konfidencialit\u0101tei. \u0160aj\u0101 dokument\u0101 ir aprakst\u012bti inform\u0101cijas veidi, ko m\u0113s apkopojam un re\u0123istr\u0113jam vietn\u0113 IdLoaded, un k\u0101 m\u0113s to izmantojam. Ja jums ir v\u0113l k\u0101di jaut\u0101jumi vai nepiecie\u0161ama s\u012bk\u0101ka inform\u0101cija par m\u016bsu konfidencialit\u0101tes vadl\u012bnij\u0101m, l\u016bdzu, sazinieties ar mums.<\/p>","protected":false},"author":1,"featured_media":0,"parent":0,"menu_order":0,"comment_status":"closed","ping_status":"closed","template":"","meta":{"footnotes":""},"class_list":["post-73","page","type-page","status-publish","hentry"],"_links":{"self":[{"href":"https:\/\/idloaded.com\/lv\/wp-json\/wp\/v2\/pages\/73","targetHints":{"allow":["GET"]}}],"collection":[{"href":"https:\/\/idloaded.com\/lv\/wp-json\/wp\/v2\/pages"}],"about":[{"href":"https:\/\/idloaded.com\/lv\/wp-json\/wp\/v2\/types\/page"}],"author":[{"embeddable":true,"href":"https:\/\/idloaded.com\/lv\/wp-json\/wp\/v2\/users\/1"}],"replies":[{"embeddable":true,"href":"https:\/\/idloaded.com\/lv\/wp-json\/wp\/v2\/comments?post=73"}],"version-history":[{"count":6,"href":"https:\/\/idloaded.com\/lv\/wp-json\/wp\/v2\/pages\/73\/revisions"}],"predecessor-version":[{"id":503,"href":"https:\/\/idloaded.com\/lv\/wp-json\/wp\/v2\/pages\/73\/revisions\/503"}],"wp:attachment":[{"href":"https:\/\/idloaded.com\/lv\/wp-json\/wp\/v2\/media?parent=73"}],"curies":[{"name":"wp","href":"https:\/\/api.w.org\/{rel}","templated":true}]}}