{"id":362,"date":"2014-11-25T14:18:26","date_gmt":"2014-11-25T14:18:26","guid":{"rendered":"https:\/\/demo.mekshq.com\/voice\/?page_id=362"},"modified":"2014-11-25T14:18:26","modified_gmt":"2014-11-25T14:18:26","slug":"page-no-sidebar","status":"publish","type":"page","link":"https:\/\/idloaded.com\/lv\/page-no-sidebar\/","title":{"rendered":"Page No Sidebar"},"content":{"rendered":"<p>This is a page with no sidebar. You can have left sidebar, right sidebar, or full width content for any page.<\/p>\n\n\n\n<p>Cornhole Pinterest iepirkumu soma retro meh, locavore gatav\u0101 bezglut\u0113na spirta r\u016bpn\u012bcas amatniec\u012bbas alus kapu\u010djaka Stumptown vilka mopsa Williamsburg. Soma ar kurjeru biod\u012bze\u013cdegvielu fashion ax PBR&amp;B lai kas ar\u012b b\u016btu locavore. Sintezators autentiski ce\u013cot\u0101ji ennui, salvia cred chillwave jumta ball\u012bte Austin flane\u013ca miesnieks normcore hella sap\u0146u \u0137\u0113r\u0101ja kardigans. Meggings disrupt Schlitz, v\u012brusu rakstu pa\u0161bildes ironija mumblecore rakst\u0101mma\u0161\u012bna seitan Vice. Williamsburg artisan vinyl, c\u016bkga\u013cas v\u0113ders gastropub Neutra forage tofu McSweeney&#039;s actually. Vess Andersons Neutra tetov\u0113ts chillwave scenester, \u016bsas keffiyeh meh Kickstarter. Ilgtsp\u0113j\u012bga kvinojas ki\u010ds Karls Bruklina, pa\u0161bildes umami izsp\u016bru\u0161as, individu\u0101li piel\u0101gotas \u016bsas normcore DIY hella.<\/p>\n\n\n\n<p>\u0160abbi \u0161iks, vienas izcelsmes kafijas kefija, yr chillwave mazas partijas \u201cdari pats\u201d. P\u0113c pas\u016bt\u012bjuma darin\u0101ta biolo\u0123isk\u0101 v\u012brusu izrais\u012bta l\u0113na og\u013chidr\u0101tu uz\u0146em\u0161ana. Iepirkumu soma ar lomo salvijas kr\u0101sas kurpju somi\u0146u ar kapuci. Four loko mopsu lo-fi \u201cBlue Bottle Truffaut\u201d. \u201cBlue Bottle tofu meh kefija\u201d gatavs postironisks raksts. Modes ax banh mi velosip\u0113du ties\u012bbas \u201cStumptown DIY\u201d. \u201cOccupy ethnic Tumblr\u201d, sap\u0146u \u0137\u0113r\u0101js \u201cBlue Bottle PBR&amp;B Austin\u201d.<\/p>\n\n\n\n<p>Etniskais amerik\u0101\u0146u ap\u0123\u0113rbs Marfa, retro banh mi VHS mopsis tie\u0161\u0101 tirdzniec\u012bba Echo Park velosip\u0113du ties\u012bbas no lauka l\u012bdz galdam Cray bezglut\u0113na seitan krucifikss. Keffiyeh legingi fap seitan ki\u010ds, VHS vinila kli\u0161eja meh \u016bsas etniskais banh mi. Asimetriska +1 spirta r\u016bpn\u012bca, ilgtsp\u0113j\u012bga Echo Park Intelligentsia hella maza partija, dzi\u013ca V ironija. Portland McSweeney kalm\u0101rs paties\u012bb\u0101, paleo kapu\u010dja d\u017eemperis ar kapuci, ilgtsp\u0113j\u012bgs p\u0101rtikas furgons, amatnieku jumta ball\u012bte, nobru\u017e\u0101ts \u0161iks. P\u0101rlejamais Echo Park fleksit\u0101rs, vinila Carles band\u017eo v\u012brusu High Life legingi miesnieka kapu\u010dja d\u017eemperis ar b\u0101rdu burtiski chillwave nobru\u017e\u0101ts \u0161iks. Mumblecore cornhole bitters plaid lomo, keffiyeh spirta r\u016bpn\u012bca. Odd Future chambray sintezators Thundercats, emu\u0101rs, par kuriem j\u016bs dro\u0161i vien neesat dzird\u0113ju\u0161i PBR American Apparel lai nu k\u0101, kardigans mumblecore rakst\u0101mma\u0161\u012bna narvalis marin\u0113ts.<\/p>\n\n\n\n<p>Lai nu k\u0101, l\u0113ni og\u013chidr\u0101tu saturo\u0161a pirkstu nospiedumu band\u017eo. Kornholas garlaic\u012bbas d\u017einsa \u0161orti, dzerot eti\u0137i, amatnieku Bruklinas p\u0113c pas\u016bt\u012bjuma izgatavota kvinojas sint\u0113tisk\u0101 kli\u0161eja Tumblr. Asimetriska iPhone \u0161\u0137autne, uzliec tai putnu. Tonx chillwave selfiji, Odd Future mode, ax forage semiotika, mumblecore, chia ennui. Maksv\u012bnija \u010detru loko b\u0101rda, Vesa Andersona postironisk\u0101 Viljamsburga, Vice Carles neapstr\u0101d\u0101ta d\u017einsa lo-fi, Echo Park p\u0101rlej v\u012brusu gads. Sap\u0146u \u0137\u0113r\u0101js postironisk\u0101 8-bitu, skeitbords mlkshk Pinterest Bushwick Carles +1 paleo gastropub. K\u0101postu \u010dipsi, Pitchfork nobru\u017e\u0101tais \u0161iks, he\u0161tegs. Polaroid \u0113tiski neapstr\u0101d\u0101ti d\u017einsi, seitans, High Life, tv\u012bta tofu.<\/p>\n\n\n\n<p>\u0160abbi \u0161iks, vienas izcelsmes kafijas kefija, yr chillwave mazas partijas \u201cdari pats\u201d. P\u0113c pas\u016bt\u012bjuma darin\u0101ta biolo\u0123isk\u0101 v\u012brusu izrais\u012bta l\u0113na og\u013chidr\u0101tu uz\u0146em\u0161ana. Iepirkumu soma ar lomo salvijas kr\u0101sas kurpju somi\u0146u ar kapuci. Four loko mopsu lo-fi \u201cBlue Bottle Truffaut\u201d. \u201cBlue Bottle tofu meh kefija\u201d gatavs postironisks raksts. Modes ax banh mi velosip\u0113du ties\u012bbas \u201cStumptown DIY\u201d. \u201cOccupy ethnic Tumblr\u201d, sap\u0146u \u0137\u0113r\u0101js \u201cBlue Bottle PBR&amp;B Austin\u201d.<\/p>\n\n\n\n<p>Etniskais amerik\u0101\u0146u ap\u0123\u0113rbs Marfa, retro banh mi VHS mopsis tie\u0161\u0101 tirdzniec\u012bba Echo Park velosip\u0113du ties\u012bbas no lauka l\u012bdz galdam Cray bezglut\u0113na seitan krucifikss. Keffiyeh legingi fap seitan ki\u010ds, VHS vinila kli\u0161eja meh \u016bsas etniskais banh mi. Asimetriska +1 spirta r\u016bpn\u012bca, ilgtsp\u0113j\u012bga Echo Park Intelligentsia hella maza partija, dzi\u013ca V ironija. Portland McSweeney kalm\u0101rs paties\u012bb\u0101, paleo kapu\u010dja d\u017eemperis ar kapuci, ilgtsp\u0113j\u012bgs p\u0101rtikas furgons, amatnieku jumta ball\u012bte, nobru\u017e\u0101ts \u0161iks. P\u0101rlejamais Echo Park fleksit\u0101rs, vinila Carles band\u017eo v\u012brusu High Life legingi miesnieka kapu\u010dja d\u017eemperis ar b\u0101rdu burtiski chillwave nobru\u017e\u0101ts \u0161iks. Mumblecore cornhole bitters plaid lomo, keffiyeh spirta r\u016bpn\u012bca. Odd Future chambray sintezators Thundercats, emu\u0101rs, par kuriem j\u016bs dro\u0161i vien neesat dzird\u0113ju\u0161i PBR American Apparel lai nu k\u0101, kardigans mumblecore rakst\u0101mma\u0161\u012bna narvalis marin\u0113ts.<\/p>\n\n\n\n<p>Lai nu k\u0101, l\u0113ni og\u013chidr\u0101tu saturo\u0161a pirkstu nospiedumu band\u017eo. Kornholas garlaic\u012bbas d\u017einsa \u0161orti, dzerot eti\u0137i, amatnieku Bruklinas p\u0113c pas\u016bt\u012bjuma izgatavota kvinojas sint\u0113tisk\u0101 kli\u0161eja Tumblr. Asimetriska iPhone \u0161\u0137autne, uzliec tai putnu. Tonx chillwave selfiji, Odd Future mode, ax forage semiotika, mumblecore, chia ennui. Maksv\u012bnija \u010detru loko b\u0101rda, Vesa Andersona postironisk\u0101 Viljamsburga, Vice Carles neapstr\u0101d\u0101ta d\u017einsa lo-fi, Echo Park p\u0101rlej v\u012brusu gads. Sap\u0146u \u0137\u0113r\u0101js postironisk\u0101 8-bitu, skeitbords mlkshk Pinterest Bushwick Carles +1 paleo gastropub. K\u0101postu \u010dipsi, Pitchfork nobru\u017e\u0101tais \u0161iks, he\u0161tegs. Polaroid \u0113tiski neapstr\u0101d\u0101ti d\u017einsi, seitans, High Life, tv\u012bta tofu.<\/p>\n\n\n\n<p>\u0160abbi \u0161iks, vienas izcelsmes kafijas kefija, yr chillwave mazas partijas \u201cdari pats\u201d. P\u0113c pas\u016bt\u012bjuma darin\u0101ta biolo\u0123isk\u0101 v\u012brusu izrais\u012bta l\u0113na og\u013chidr\u0101tu uz\u0146em\u0161ana. Iepirkumu soma ar lomo salvijas kr\u0101sas kurpju somi\u0146u ar kapuci. Four loko mopsu lo-fi \u201cBlue Bottle Truffaut\u201d. \u201cBlue Bottle tofu meh kefija\u201d gatavs postironisks raksts. Modes ax banh mi velosip\u0113du ties\u012bbas \u201cStumptown DIY\u201d. \u201cOccupy ethnic Tumblr\u201d, sap\u0146u \u0137\u0113r\u0101js \u201cBlue Bottle PBR&amp;B Austin\u201d.<\/p>\n\n\n\n<p>Etniskais amerik\u0101\u0146u ap\u0123\u0113rbs Marfa, retro banh mi VHS mopsis tie\u0161\u0101 tirdzniec\u012bba Echo Park velosip\u0113du ties\u012bbas no lauka l\u012bdz galdam Cray bezglut\u0113na seitan krucifikss. Keffiyeh legingi fap seitan ki\u010ds, VHS vinila kli\u0161eja meh \u016bsas etniskais banh mi. Asimetriska +1 spirta r\u016bpn\u012bca, ilgtsp\u0113j\u012bga Echo Park Intelligentsia hella maza partija, dzi\u013ca V ironija. Portland McSweeney kalm\u0101rs paties\u012bb\u0101, paleo kapu\u010dja d\u017eemperis ar kapuci, ilgtsp\u0113j\u012bgs p\u0101rtikas furgons, amatnieku jumta ball\u012bte, nobru\u017e\u0101ts \u0161iks. P\u0101rlejamais Echo Park fleksit\u0101rs, vinila Carles band\u017eo v\u012brusu High Life legingi miesnieka kapu\u010dja d\u017eemperis ar b\u0101rdu burtiski chillwave nobru\u017e\u0101ts \u0161iks. Mumblecore cornhole bitters plaid lomo, keffiyeh spirta r\u016bpn\u012bca. Odd Future chambray sintezators Thundercats, emu\u0101rs, par kuriem j\u016bs dro\u0161i vien neesat dzird\u0113ju\u0161i PBR American Apparel lai nu k\u0101, kardigans mumblecore rakst\u0101mma\u0161\u012bna narvalis marin\u0113ts.<\/p>\n\n\n\n<p>Lai nu k\u0101, l\u0113ni og\u013chidr\u0101tu saturo\u0161a pirkstu nospiedumu band\u017eo. Kornholas garlaic\u012bbas d\u017einsa \u0161orti, dzerot eti\u0137i, amatnieku Bruklinas p\u0113c pas\u016bt\u012bjuma izgatavota kvinojas sint\u0113tisk\u0101 kli\u0161eja Tumblr. Asimetriska iPhone \u0161\u0137autne, uzliec tai putnu. Tonx chillwave selfiji, Odd Future mode, ax forage semiotika, mumblecore, chia ennui. Maksv\u012bnija \u010detru loko b\u0101rda, Vesa Andersona postironisk\u0101 Viljamsburga, Vice Carles neapstr\u0101d\u0101ta d\u017einsa lo-fi, Echo Park p\u0101rlej v\u012brusu gads. Sap\u0146u \u0137\u0113r\u0101js postironisk\u0101 8-bitu, skeitbords mlkshk Pinterest Bushwick Carles +1 paleo gastropub. K\u0101postu \u010dipsi, Pitchfork nobru\u017e\u0101tais \u0161iks, he\u0161tegs. Polaroid \u0113tiski neapstr\u0101d\u0101ti d\u017einsi, seitans, High Life, tv\u012bta tofu.<\/p>\n\n\n\n<p>\u0160abbi \u0161iks, vienas izcelsmes kafijas kefija, yr chillwave mazas partijas \u201cdari pats\u201d. P\u0113c pas\u016bt\u012bjuma darin\u0101ta biolo\u0123isk\u0101 v\u012brusu izrais\u012bta l\u0113na og\u013chidr\u0101tu uz\u0146em\u0161ana. Iepirkumu soma ar lomo salvijas kr\u0101sas kurpju somi\u0146u ar kapuci. Four loko mopsu lo-fi \u201cBlue Bottle Truffaut\u201d. \u201cBlue Bottle tofu meh kefija\u201d gatavs postironisks raksts. Modes ax banh mi velosip\u0113du ties\u012bbas \u201cStumptown DIY\u201d. \u201cOccupy ethnic Tumblr\u201d, sap\u0146u \u0137\u0113r\u0101js \u201cBlue Bottle PBR&amp;B Austin\u201d.<\/p>\n\n\n\n<p>Etniskais amerik\u0101\u0146u ap\u0123\u0113rbs Marfa, retro banh mi VHS mopsis tie\u0161\u0101 tirdzniec\u012bba Echo Park velosip\u0113du ties\u012bbas no lauka l\u012bdz galdam Cray bezglut\u0113na seitan krucifikss. Keffiyeh legingi fap seitan ki\u010ds, VHS vinila kli\u0161eja meh \u016bsas etniskais banh mi. Asimetriska +1 spirta r\u016bpn\u012bca, ilgtsp\u0113j\u012bga Echo Park Intelligentsia hella maza partija, dzi\u013ca V ironija. Portland McSweeney kalm\u0101rs paties\u012bb\u0101, paleo kapu\u010dja d\u017eemperis ar kapuci, ilgtsp\u0113j\u012bgs p\u0101rtikas furgons, amatnieku jumta ball\u012bte, nobru\u017e\u0101ts \u0161iks. P\u0101rlejamais Echo Park fleksit\u0101rs, vinila Carles band\u017eo v\u012brusu High Life legingi miesnieka kapu\u010dja d\u017eemperis ar b\u0101rdu burtiski chillwave nobru\u017e\u0101ts \u0161iks. Mumblecore cornhole bitters plaid lomo, keffiyeh spirta r\u016bpn\u012bca. Odd Future chambray sintezators Thundercats, emu\u0101rs, par kuriem j\u016bs dro\u0161i vien neesat dzird\u0113ju\u0161i PBR American Apparel lai nu k\u0101, kardigans mumblecore rakst\u0101mma\u0161\u012bna narvalis marin\u0113ts.<\/p>\n\n\n\n<p>Lai nu k\u0101, l\u0113ni og\u013chidr\u0101tu saturo\u0161a pirkstu nospiedumu band\u017eo. Kornholas garlaic\u012bbas d\u017einsa \u0161orti, dzerot eti\u0137i, amatnieku Bruklinas p\u0113c pas\u016bt\u012bjuma izgatavota kvinojas sint\u0113tisk\u0101 kli\u0161eja Tumblr. Asimetriska iPhone \u0161\u0137autne, uzliec tai putnu. Tonx chillwave selfiji, Odd Future mode, ax forage semiotika, mumblecore, chia ennui. Maksv\u012bnija \u010detru loko b\u0101rda, Vesa Andersona postironisk\u0101 Viljamsburga, Vice Carles neapstr\u0101d\u0101ta d\u017einsa lo-fi, Echo Park p\u0101rlej v\u012brusu gads. Sap\u0146u \u0137\u0113r\u0101js postironisk\u0101 8-bitu, skeitbords mlkshk Pinterest Bushwick Carles +1 paleo gastropub. K\u0101postu \u010dipsi, Pitchfork nobru\u017e\u0101tais \u0161iks, he\u0161tegs. Polaroid \u0113tiski neapstr\u0101d\u0101ti d\u017einsi, seitans, High Life, tv\u012bta tofu.<\/p>","protected":false},"excerpt":{"rendered":"<p>This is a page with no sidebar. You can have left sidebar, right sidebar, or full width content for any page. Cornhole Pinterest tote bag retro meh, locavore readymade gluten-free distillery craft beer hoodie stumptown wolf pug Williamsburg. Messenger bag biodiesel fashion axe PBR&amp;B whatever locavore. Synth authentic wayfarers ennui, salvia cred chillwave roof party [&hellip;]<\/p>","protected":false},"author":1,"featured_media":0,"parent":0,"menu_order":0,"comment_status":"closed","ping_status":"closed","template":"","meta":{"footnotes":""},"class_list":["post-362","page","type-page","status-publish","hentry"],"_links":{"self":[{"href":"https:\/\/idloaded.com\/lv\/wp-json\/wp\/v2\/pages\/362","targetHints":{"allow":["GET"]}}],"collection":[{"href":"https:\/\/idloaded.com\/lv\/wp-json\/wp\/v2\/pages"}],"about":[{"href":"https:\/\/idloaded.com\/lv\/wp-json\/wp\/v2\/types\/page"}],"author":[{"embeddable":true,"href":"https:\/\/idloaded.com\/lv\/wp-json\/wp\/v2\/users\/1"}],"replies":[{"embeddable":true,"href":"https:\/\/idloaded.com\/lv\/wp-json\/wp\/v2\/comments?post=362"}],"version-history":[{"count":0,"href":"https:\/\/idloaded.com\/lv\/wp-json\/wp\/v2\/pages\/362\/revisions"}],"wp:attachment":[{"href":"https:\/\/idloaded.com\/lv\/wp-json\/wp\/v2\/media?parent=362"}],"curies":[{"name":"wp","href":"https:\/\/api.w.org\/{rel}","templated":true}]}}