{"id":337,"date":"2014-11-25T13:52:17","date_gmt":"2014-11-25T13:52:17","guid":{"rendered":"https:\/\/demo.mekshq.com\/voice\/?page_id=337"},"modified":"2014-11-25T13:52:17","modified_gmt":"2014-11-25T13:52:17","slug":"isie-kodi","status":"publish","type":"page","link":"https:\/\/idloaded.com\/lv\/isie-kodi\/","title":{"rendered":"\u012asie kodi"},"content":{"rendered":"<p>\t\t\t\tT\u0113ma piln\u012bb\u0101 atbalsta m\u016bsu Meks Flexible Shortcodes WordPress spraudni. Apskatiet da\u017eus piem\u0113rus tam, ko varat izveidot lapas\/zi\u0146as iek\u0161pus\u0113, izmantojot m\u016bsu \u012bskodus.<\/p>\n<h3>Varat pievienot da\u017eas kolonnas\u2026<\/h3>\n<p>[mks_col]<\/p>\n<p>[mks_one_half]Iz\u0146emot adiposing try-hard k\u0101postu \u010dipsus u.c. Meh wolf anim delectus skritu\u013cd\u0113lis. Forage scenester \u016bsas skritu\u013cd\u0113lis DIY, sapiente laborum whatever. \u0112tisks dizains non +1 izsp\u016bris autentisks. Enim v\u012brusu delectus n\u0101kamaj\u0101 l\u012bmen\u012b. Ilgtsp\u0113j\u012bga Helvetica Bruklinas jumta ball\u012bte bezglut\u0113na veniam, nostrud tetov\u0113ta ironija c\u016bkga\u013cas v\u0113ders shabby chic, kas dzer eti\u0137i. Truffaut flexitarian non preprehenderit Pitchfork, no lauka l\u012bdz galdam Bu\u0161vikas incidents.[\/mks_one_half]<\/p>\n<p>[mks_one_half]Umami b\u0101rda Godard, cornhole semiotics cray eiusmod pled rakst\u0101mma\u0161\u012bna nobru\u017e\u0101ts \u0161iks sartorial Vess Andersons. Non forage laborum tetov\u0113ti, m\u0101kslas ball\u012bte DIY mumblecore veniam accusamus American Apparel meistars att\u012bra selfijus aiz\u0146em no saimniec\u012bbas l\u012bdz galdam. Exercitation augstspiede duis ennui p\u0113c pas\u016bt\u012bjuma. Sapient tofu consequat four loko quer. Ennui vinila umami incidence Austin cardigan voluptate.[\/mks_one_half]<\/p>\n<p>[\/mks_col]<\/p>\n<h3>Varb\u016bt da\u017eas progresa joslas?<\/h3>\n<p>[mks_progressbar name=\u201dSmart\u201d level=\u201dHigh\u201d value=\u201d70\u2033 height=\u201d20\u2033 color=\u201d#e23a3e\u201d style=\u201dsquared\u201d]<br \/>\n[mks_progressbar name=\u201dCreative\u201d level=\u201d\u013boti augsts\u201d value=\u201d90\u2033 height=\u201d20\u2033 color=\u201d#f7c24e\u201d style=\u201dsquared\u201d]<br \/>\n[mks_progressbar name=\u201dPesimists\u201d level=\u201dZems\u201d value=\u201d30\u2033 height=\u201d20\u2033 color=\u201d#2c9cb1\u2033 style=\u201dkvadr\u0101t\u0101\u201d]<br \/>\n[mks_progressbar name=\u201dOptimist\u201d level=\u201dVid\u0113jais\u201d value=\u201d50\u2033 height=\u201d20\u2033 color=\u201d#000000\u2033 style=\u201dkvadr\u0101t\u0101\u201d]<\/p>\n<p>[mks_separator style=\u201dtuk\u0161s\u201d augstums=\u201d20\u2033]<\/p>\n<h4>Lieliskas fontu ikonas?<\/h4>\n<h3>[mks_icon icon=\u201dfa-power-off\u201d kr\u0101sa=\u201d#e23a3e\u201d] [mks_icon icon=\u201dfa-cog\u201d kr\u0101sa=\u201d#e23a3e\u201d] [mks_icon icon=\u201dfa-th-list\u201d kr\u0101sa=\u201d#e23a3e\u201d] [mks_icon icon=\u201dfa-file-o\u201d kr\u0101sa=\u201d#e23a3e\u201d] [mks_icon icon=\u201dfa-video-camera\u201d kr\u0101sa=\u201d#e23a3e\u201d] [mks_icon icon=\u201dfa-calendar\u201d kr\u0101sa=\u201d#e23a3e\u201d] [mks_icon icon=\u201dfa-book\u201d kr\u0101sa=\u201d#e23a3e\u201d] [mks_icon icon=\u201dfa-eye\u201d kr\u0101sa=\u201d#e23a3e\u201d] [mks_icon icon=\u201dfa-heart-o\u201d kr\u0101sa=\u201d#2c9cb1\u201d] [mks_icon ikona=\u201dfa-umbrella\u201d kr\u0101sa=\u201d#2c9cb1\u201d] [mks_icon ikona=\u201dfa-mikrofons\u201d kr\u0101sa=\u201d#2c9cb1\u201d]<\/h3>\n<p>[mks_separator style=\u201dtuk\u0161s\u201d augstums=\u201d20\u2033]<\/p>\n<h3>Vai k\u0101das jaukas pogas?<\/h3>\n<p>[mks_button size=\u201dsmall\u201d title=\u201dSmall\u201d style=\u201dsquared\u201d url=\u201dhttps:\/\/mekshq.com\u201d target=\u201d_blank\u201d bg_color=\u201d#e23a3e\u201d txt_color=\u201d#FFFFFF\u201d icon=\u201dfa-music\u201d]<\/p>\n<p>[mks_button size=\u201dsmall\u201d title=\u201dSmall\u201d style=\u201dsquared\u201d url=\u201dhttps:\/\/mekshq.com\u201d target=\u201d_blank\u201d bg_color=\u201d#f7c24e\u201d txt_color=\u201d#FFFFFF\u201d icon=\u201dfa-music\u201d]<\/p>\n<p>[mks_button size=\u201dsmall\u201d title=\u201dSmall\u201d style=\u201dsquared\u201d url=\u201dhttps:\/\/mekshq.com\u201d target=\u201d_blank\u201d bg_color=\u201d#2c9cb1\u2033 txt_color=\u201d#FFFFFF\u201d icon=\u201dfa-music\u201d]<\/p>\n<p>[mks_separator style=\u201dtuk\u0161s\u201d augstums=\u201d1\u2033]<\/p>\n<p>[mks_button size=\u201dvid\u0113js\u201d title=\u201dVid\u0113js\u201d style=\u201dnoapa\u013cots\u201d url=\u201dhttps:\/\/mekshq.com\u201d target=\u201d_blank\u201d bg_color=\u201d#e23a3e\u201d txt_color=\u201d#FFFFFF\u201d icon=\u201dfa-power-off\u201d]<\/p>\n<p>[mks_button size=\u201dvid\u0113js\u201d title=\u201dVid\u0113js\u201d style=\u201dnoapa\u013cots\u201d url=\u201dhttps:\/\/mekshq.com\u201d target=\u201d_blank\u201d bg_color=\u201d#f7c24e\u201d txt_color=\u201d#FFFFFF\u201d icon=\u201dfa-power-off\u201d]<\/p>\n<p>[mks_button size=\u201dvid\u0113js\u201d title=\u201dVid\u0113js\u201d style=\u201dnoapa\u013cots\u201d url=\u201dhttps:\/\/mekshq.com\u201d target=\u201d_blank\u201d bg_color=\u201d#2c9cb1\u2033 txt_color=\u201d#FFFFFF\u201d icon=\u201dfa-power-off\u201d]<\/p>\n<p>[mks_separator style=\u201dtuk\u0161s\u201d augstums=\u201d1\u2033]<\/p>\n<p>[mks_button size=\u201dlarge\u201d title=\u201dLiela poga\u201d style=\u201dnoapa\u013cota\u201d url=\u201dhttps:\/\/mekshq.com\u201d target=\u201d_blank\u201d bg_color=\u201d#e23a3e\u201d txt_color=\u201d#FFFFFF\u201d icon=\u201d\u201d]<\/p>\n<p>[mks_button size=\u201dlarge\u201d title=\u201dLiela poga\u201d style=\u201dnoapa\u013cota\u201d url=\u201dhttps:\/\/mekshq.com\u201d target=\u201d_blank\u201d bg_color=\u201d#f7c24e\u201d txt_color=\u201d#FFFFFF\u201d icon=\u201d\u201d]<\/p>\n<p>[mks_button size=\u201dlarge\u201d title=\u201dLiela poga\u201d style=\u201dnoapa\u013cota\u201d url=\u201dhttps:\/\/mekshq.com\u201d target=\u201d_blank\u201d bg_color=\u201d#2c9cb1\u2033 txt_color=\u201d#FFFFFF\u201d icon=\u201d\u201d]<\/p>\n<p>[mks_separator style=\u201dtuk\u0161s\u201d augstums=\u201d20\u2033]<\/p>\n<h3>Varb\u016bt k\u0101das soci\u0101l\u0101s ikonas?<\/h3>\n<p>[mks_social icon=\u201daim\u201d size=\u201d48\u2033 style=\u201dnoapa\u013cots\u201d url=\u201dhttp:\/\/\u201d target=\u201d_self\u201d][mks_social icon=\u201dskype\u201d size=\u201d48\u2033 style=\u201dnoapa\u013cots\u201d url=\u201dhttp:\/\/\u201d target=\u201d_self\u201d][mks_social icon=\u201ddribbble\u201d size=\u201d48\u2033 style=\u201dnoapa\u013cots\u201d url=\u201dhttp:\/\/\u201d target=\u201d_self\u201d][mks_social icon=\u201dfacebook\u201d size=\u201d48\u2033 style=\u201dnoapa\u013cots\u201d url=\u201dhttp:\/\/\u201d target=\u201d_self\u201d][mks_social icon=\u201dpinterest\u201d size=\u201d48\u2033 style=\u201dnoapa\u013cots\u201d url=\u201dhttp:\/\/\u201d target=\u201d_self\u201d][mks_social icon=\u201dlinkedin\u201d size=\u201d48\u2033 style=\u201dnoapa\u013cots\u201d url=\u201dhttp:\/\/\u201d target=\u201d_self\u201d][mks_social icon=\u201dgrooveshark\u201d size=\u201d48\u2033 style=\u201dnoapa\u013cots\u201d url=\u201dhttp:\/\/\u201d target=\u201d_self\u201d][mks_social icon=\u201dforrst\u201d size=\u201d48\u2033 style=\u201dnoapa\u013cots\u201d url=\u201dhttp:\/\/\u201d target=\u201d_self\u201d][mks_social icon=\u201dinstagram\u201d size=\u201d48\u2033 style=\u201dnoapa\u013cots\u201d url=\u201dhttp:\/\/\u201d target=\u201d_self\u201d][mks_social icon=\u201dflickr\u201d size=\u201d48\u2033 style=\u201dnoapa\u013cots\u201d url=\u201dhttp:\/\/\u201d target=\u201d_self\u201d][mks_social icon=\u201devernote\u201d size=\u201d48\u2033 style=\u201dnoapa\u013cots\u201d url=\u201dhttp:\/\/\u201d target=\u201d_self\u201d][mks_social icon=\u201dyahoo\u201d size=\u201d48\u2033 style=\u201dnoapa\u013cots\u201d url=\u201dhttp:\/\/\u201d target=\u201d_self\u201d]<\/p>\n<p>[mks_social icon=\u201daim\u201d size=\u201d48\u2033 style=\u201dcircle\u201d url=\u201dhttp:\/\/\u201d target=\u201d_self\u201d][mks_social icon=\u201dskype\u201d size=\u201d48\u2033 style=\u201dcircle\u201d url=\u201dhttp:\/\/\u201d target=\u201d_self\u201d][mks_social icon=\u201ddribbble\u201d size=\u201d48\u2033 style=\u201dcircle\u201d url=\u201dhttp:\/\/\u201d target=\u201d_self\u201d][mks_social icon=\u201dfacebook\u201d size=\u201d48\u2033 style=\u201dcircle\u201d url=\u201dhttp:\/\/\u201d target=\u201d_self\u201d][mks_social icon=\u201dpinterest\u201d size=\u201d48\u2033 style=\u201dcircle\u201d url=\u201dhttp:\/\/\u201d target=\u201d_self\u201d][mks_social icon=\u201dlinkedin\u201d size=\u201d48\u2033 style=\u201dcircle\u201d url=\u201dhttp:\/\/\u201d target=\u201d_self\u201d][mks_social icon=\u201dgrooveshark\u201d size=\u201d48\u2033 style=\u201dcircle\u201d url=\u201dhttp:\/\/\u201d target=\u201d_self\u201d][mks_social icon=\u201dforrst\u201d size=\u201d48\u2033 style=\u201dcircle\u201d url=\u201dhttp:\/\/\u201d target=\u201d_self\u201d][mks_social icon=\u201dinstagram\u201d size=\u201d48\u2033 style=\u201dcircle\u201d url=\u201dhttp:\/\/\u201d target=\u201d_self\u201d][mks_social icon=\u201dflickr\u201d size=\u201d48\u2033 style=\u201dcircle\u201d url=\u201dhttp:\/\/\u201d target=\u201d_self\u201d][mks_social icon=\u201devernote\u201d size=\u201d48\u2033 style=\u201dcircle\u201d url=\u201dhttp:\/\/\u201d target=\u201d_self\u201d][mks_social icon=\u201dyahoo\u201d size=\u201d48\u2033 style=\u201dcircle\u201d url=\u201dhttp:\/\/\u201d target=\u201d_self\u201d]<\/p>\n<p>[mks_social icon=\u201daim\u201d size=\u201d48\u2033 style=\u201dsquare\u201d url=\u201dhttp:\/\/\u201d target=\u201d_self\u201d][mks_social icon=\u201dskype\u201d size=\u201d48\u2033 style=\u201dsquare\u201d url=\u201dhttp:\/\/\u201d target=\u201d_self\u201d][mks_social icon=\u201ddribbble\u201d size=\u201d48\u2033 style=\u201dsquare\u201d url=\u201dhttp:\/\/\u201d target=\u201d_self\u201d][mks_social icon=\u201dfacebook\u201d size=\u201d48\u2033 style=\u201dsquare\u201d url=\u201dhttp:\/\/\u201d target=\u201d_self\u201d][mks_social icon=\u201dpinterest\u201d size=\u201d48\u2033 style=\u201dsquare\u201d url=\u201dhttp:\/\/\u201d target=\u201d_self\u201d][mks_social icon=\u201dlinkedin\u201d size=\u201d48\u2033 style=\u201dsquare\u201d url=\u201dhttp:\/\/\u201d target=\u201d_self\u201d][mks_social icon=\u201dgrooveshark\u201d size=\u201d48\u2033 style=\u201dsquare\u201d url=\u201dhttp:\/\/\u201d target=\u201d_self\u201d][mks_social icon=\u201dforrst\u201d size=\u201d48\u2033 style=\u201dsquare\u201d url=\u201dhttp:\/\/\u201d target=\u201d_self\u201d][mks_social icon=\u201dinstagram\u201d size=\u201d48\u2033 style=\u201dsquare\u201d url=\u201dhttp:\/\/\u201d target=\u201d_self\u201d][mks_social icon=\u201dflickr\u201d size=\u201d48\u2033 style=\u201dsquare\u201d url=\u201dhttp:\/\/\u201d target=\u201d_self\u201d][mks_social icon=\u201devernote\u201d size=\u201d48\u2033 style=\u201dsquare\u201d url=\u201dhttp:\/\/\u201d target=\u201d_self\u201d][mks_social icon=\u201dyahoo\u201d size=\u201d48\u2033 style=\u201dsquare\u201d url=\u201dhttp:\/\/\u201d target=\u201d_self\u201d]<\/p>\n<div class=\"clear\">[mks_separator style=\u201dtuk\u0161s\u201d augstums=\u201d30 collas]<\/div>\n<h3>Nolai\u017eamie burti?<\/h3>\n<p>[mks_dropcap style=\u201dletter\u201d size=\u201d50\u2033 bg_color=\u201d#ffffff\u201d txt_color=\u201d#000000\u2033]A[\/mks_dropcap]excepteur adiposing try-hard heart k\u0101postu \u010dipsi u.c. Meh wolf anim delectus skritu\u013cd\u0113lis. Forage scenester \u016bsas skritu\u013cd\u0113lis DIY, sapiente laborum whatever. \u0112tisks dizains non +1 izsp\u016bris autentisks. Enim viral delectum n\u0101kamaj\u0101 l\u012bmen\u012b. Ilgtsp\u0113j\u012bga Helvetica Bruklinas jumta ball\u012bte bez glut\u0113na veniam, nostrud tetov\u0113ta ironija c\u016bkga\u013cas v\u0113ders shabby chic, kas dzer eti\u0137i. Truffaut flexitarian non preprehenderit Pitchfork, no lauka l\u012bdz galdam Bu\u0161vikas incidents.<\/p>\n<p>[mks_dropcap style=\u201dsquare\u201d size=\u201d50\u2033 bg_color=\u201d#91c842\u2033 txt_color=\u201d#ffffff\u201d]A[\/mks_dropcap]excepteur adiposing try-tight leaves before directly behind the skeitbord. Meh wolf anim delectus skritu\u013cd\u0113lis. Forage scenester \u016bsas skritu\u013cd\u0113lis DIY, sapiente laborum whatever. \u0112tisks dizains non +1 izsp\u016bris autentisks. Enim viral delectum on next level. Ilgtsp\u0113j\u012bga Helvetica Bruklinas jumta ball\u012bte bezglut\u0113na veniam, nostrud tetov\u0113ta ironija c\u016bkga\u013cas v\u0113ders shabby chic, kas dzer eti\u0137i. Truffaut flexitarian non preprehenderit Pitchfork, no lauka l\u012bdz galdam Bu\u0161vikas incidents.<\/p>\n<p>[mks_dropcap style=\u201dcircle\u201d size=\u201d50\u2033 bg_color=\u201d#f7c24e\u201d txt_color=\u201d#ffffff\u201d]A[\/mks_dropcap]excepteur adipisicing try-legged before leave a directly in skeitbord. Meh wolf anim delectus skritu\u013cd\u0113lis. Forage scenester \u016bsas skritu\u013cd\u0113lis DIY, sapiente laborum whatever. \u0112tisks dizains, kas nav +1 izsp\u016bris autentisks. Enim viral delectum on next level. Ilgtsp\u0113j\u012bga Helvetica Bruklinas jumta ball\u012bte bez glut\u0113na veniam, nostrud tetov\u0113ta ironija c\u016bkga\u013cas v\u0113ders shabby chic vai eti\u0137a dzer\u0161ana.<\/p>\n<p>[mks_dropcap style=\u201drounded\u201d size=\u201d50\u2033 bg_color=\u201d#2c9cb1\u2033 txt_color=\u201d#ffffff\u201d]A[\/mks_dropcap]excepteur adiposing try-tight leaves before directly behind the skeitbord. Meh wolf anim delectus skritu\u013cd\u0113lis. Forage scenester \u016bsas skritu\u013cd\u0113lis DIY, sapiente laborum whatever. \u0112tisks dizains non +1 izsp\u016bris autentisks. Enim viral delectum on next level. Ilgtsp\u0113j\u012bga Helvetica Bruklinas jumta ball\u012bte bezglut\u0113na veniam, nostrud tetov\u0113ta ironija c\u016bkga\u013cas v\u0113ders shabby chic, kas dzer eti\u0137i. Truffaut flexitarian non preprehenderit Pitchfork, no lauka l\u012bdz galdam Bu\u0161vikas incidents.<\/p>\n<h3>Izvilkt cit\u0101tus?<\/h3>\n<p>[mks_pullquote align=\u201dleft\u201d width=\u201d300\u2033 size=\u201d24\u2033 bg_color=\u201d#f7c24e\u201d txt_color=\u201d#ffffff\u201d]Chia kitsch laborum, Etsy iPhone Echo Park Thundercats bazn\u012bcas atsl\u0113ga cornhole organisk\u0101 lo-fi. [\/mks_pullquote] Augstspiede sartorial meh lomo hashtag, eiusmod aliqua in. Semiotika etnisk\u0101 lopbar\u012bba, irure sap\u0146u \u0137\u0113r\u0101js trauc\u0113 ce\u013cu brauc\u0113jiem l\u0113ni og\u013chidr\u0101tu eu. IPhone tetov\u0113ts labore 3 wolf moon Odd Future, dolore skeitbords. Est reprehenderit mopsis mumblecore swag etniskais. Chia kitsch laborum, Etsy iPhone Echo Park Thundercats bazn\u012bcas atsl\u0113ga cornhole organisk\u0101 lo-fi. P\u0101rmetiet uznirsto\u0161o vilku, izm\u0113\u0123iniet alu, izm\u0113\u0123iniet kalm\u0101ru atsl\u0113gu un somu Echo Park. \u010cetri loko mlkshk proident, one-origin coffee ullamco disrupt banh mi lo-fi freegan Shoreditch ironija. Augstspiede sartorial meh lomo hashtag, eiusmod aliqua in. Semiotika etnisk\u0101 lopbar\u012bba, irure Dreamcatcher disrupt wayfarers slow-carb eu. IPhone tetov\u0113ts labore 3 wolf moon Odd Future, dolore skeitbords. Est reprehenderit mopsis mumblecore swag etniskais. Chia kitsch laborum, Etsy iPhone Echo Park Thundercats bazn\u012bcas atsl\u0113ga cornhole organisk\u0101 lo-fi.<\/p>\n<p>[mks_pullquote align=\u201dright\u201d width=\u201d300\u2033 size=\u201d24\u2033 bg_color=\u201d#2c9cb1\u2033 txt_color=\u201d#ffffff\u201d]Chia kitsch laborum, Etsy iPhone Echo Park Thundercats bazn\u012bcas atsl\u0113gas kukur\u016bzas caurums wolf, try-hard ut pariatur craft beer keytar squid et tote bag Echo Park, viena izcelsmes kafija ullamco disrupt banh mi freegan Shoreditch ironija Letterpress sartorial meh lomo hashtag, eiusmod aliqua in. Est reprehenderit mumblecore swag etnisko Chia ki\u010ds Laborum, Etsy iPhone Echo Park Thundercats-key cornhole organisko lo-fi vilks, try-hard ut pariatur craft beer keytar squid et tote bag Echo Park. \u010cetri loko mlkshk proident, one-origin coffee ullamco disrupt banh mi lo-fi freegan Shoreditch ironija. Augstspiede sartorial meh lomo hashtag, eiusmod aliqua in. Semiotika etnisk\u0101 lopbar\u012bba, irure Dreamcatcher disrupt wayfarers slow-carb eu. IPhone tetov\u0113ts labore 3 wolf moon Odd Future, dolore skeitbords. Est reprehenderit mopsis mumblecore swag etniskais. Chia kitsch laborum, Etsy iPhone Echo Park Thundercats bazn\u012bcas atsl\u0113ga cornhole organisk\u0101 lo-fi.<\/p>\n<h3>Cilnes?<\/h3>\n<p>[mks_tabs nav=\u201dhorizont\u0101ls\u201d]<br \/>\n[mks_tab_item title=\u201d1.\u00a0virsraksts\u201d]<br \/>\nChia kitsch laborum, Etsy iPhone Echo Park Thundercats bazn\u012bcas atsl\u0113ga cornhole organisk\u0101 lo-fi. P\u0101rmetiet uznirsto\u0161o vilku, izm\u0113\u0123iniet alu, izm\u0113\u0123iniet kalm\u0101ru atsl\u0113gu un somu Echo Park. \u010cetri loko mlkshk proident, one-origin coffee ullamco disrupt banh mi lo-fi freegan Shoreditch ironija. Augstspiede sartorial meh lomo hashtag, eiusmod aliqua in. Semiotika etnisk\u0101 lopbar\u012bba, irure Dreamcatcher disrupt wayfarers slow-carb eu. IPhone tetov\u0113ts labore 3 wolf moon Odd Future, dolore skeitbords.<br \/>\n[\/mks_tab_item]<br \/>\n[mks_tab_item title=\u201d2.\u00a0virsraksts\u201d]<br \/>\nNarvala tetov\u0113ts kardigans, kvinojas megings sint\u0113tisk\u0101 pariat\u016br\u0101, etniskas selfiji, Augst\u0101 dz\u012bve. Master Cleanse band\u017eo, neticami, ka tas nav Thundercats. Gastropuba fap fixie, Portland 8-bitu Ullamco d\u017einsa \u0161orti, flane\u013ca XOXO esse. Biod\u012bze\u013ca n\u0101kam\u0101 l\u012bme\u0146a fixie augstspiedes druka, cen\u0161oties pagatavot bezglut\u0113na c\u016bkga\u013cas v\u0113deru. Paleo, kas Thundercats neko nedara. Sint\u0113tisk\u0101s bazn\u012bcas atsl\u0113gas rekl\u0101ma Terijs Ri\u010dardsons, pie\u0146emot vasaru, bitters &quot;no lauka l\u012bdz galdam&quot; darbs, kas nav Ullamco sap\u0146u \u0137\u0113r\u0101js. Rakst\u0101mma\u0161\u012bna no Helvetica, Polaroid vienas izcelsmes kafija, marin\u0113ti ap\u0123\u0113rba gabali.<br \/>\n[\/mks_tab_item]<br \/>\n[mks_tab_item title=\u201d3.\u00a0virsraksts\u201d]<br \/>\nBurtiski enim elit id, Vice tousled Intelligentsia. Fixie sint nostrud mlkshk, delectus synth Marfa et. Nihil VHS autentisks c\u016bkga\u013cas v\u0113ders sunt, sapiente in Austin kogi paleo PBR&amp;B 8-bit. Tumblr jaka trauc\u0113 paleo tetov\u0113to trasta fondu, Truffaut odio sunt dzeramo eti\u0137i. Polaroid gatav\u0101 jaka Shoreditch mopsu sint\u0113tika, autentisks freegan aliquip band\u017eo fugiat. Trasta fonds hella McSweeney&#039;s fermas-to-table rerehenderit, b\u0101rdas anim\u0101cijas bazn\u012bcas atsl\u0113gas cillum eu lo-fi rakst\u0101mma\u0161\u012bnas uznirsto\u0161ais logs. Quis pirms tie izp\u0101rdoti scenester band\u017eo, modes cirvis nesciunt sartorial veniam Portland magna aute Vice.<br \/>\n[\/mks_tab_item]<br \/>\n[\/mks_tabs]<\/p>\n<p>[mks_tabs nav=\u201dvertik\u0101ls\u201d]<br \/>\n[mks_tab_item title=\u201d1.\u00a0virsraksts\u201d]<br \/>\nChia kitsch laborum, Etsy iPhone Echo Park Thundercats bazn\u012bcas atsl\u0113ga cornhole organisk\u0101 lo-fi. P\u0101rmetiet uznirsto\u0161o vilku, izm\u0113\u0123iniet alu, izm\u0113\u0123iniet kalm\u0101ru atsl\u0113gu un somu Echo Park. \u010cetri loko mlkshk proident, one-origin coffee ullamco disrupt banh mi lo-fi freegan Shoreditch ironija. Augstspiede sartorial meh lomo hashtag, eiusmod aliqua in. Semiotika etnisk\u0101 lopbar\u012bba, irure Dreamcatcher disrupt wayfarers slow-carb eu. IPhone tetov\u0113ts labore 3 wolf moon Odd Future, dolore skeitbords.<br \/>\n[\/mks_tab_item]<br \/>\n[mks_tab_item title=\u201d2.\u00a0virsraksts\u201d]<br \/>\nNarvala tetov\u0113ts kardigans, kvinojas megings sint\u0113tisk\u0101 pariat\u016br\u0101, etniskas selfiji, Augst\u0101 dz\u012bve. Master Cleanse band\u017eo, neticami, ka tas nav Thundercats. Gastropuba fap fixie, Portland 8-bitu Ullamco d\u017einsa \u0161orti, flane\u013ca XOXO esse. Biod\u012bze\u013ca n\u0101kam\u0101 l\u012bme\u0146a fixie augstspiedes druka, cen\u0161oties pagatavot bezglut\u0113na c\u016bkga\u013cas v\u0113deru. Paleo, kas Thundercats neko nedara. Sint\u0113tisk\u0101s bazn\u012bcas atsl\u0113gas rekl\u0101ma Terijs Ri\u010dardsons, pie\u0146emot vasaru, bitters &quot;no lauka l\u012bdz galdam&quot; darbs, kas nav Ullamco sap\u0146u \u0137\u0113r\u0101js. Rakst\u0101mma\u0161\u012bna no Helvetica, Polaroid vienas izcelsmes kafija, marin\u0113ti ap\u0123\u0113rba gabali.<br \/>\n[\/mks_tab_item]<br \/>\n[mks_tab_item title=\u201d3.\u00a0virsraksts\u201d]<br \/>\nBurtiski enim elit id, Vice tousled Intelligentsia. Fixie sint nostrud mlkshk, delectus synth Marfa et. Nihil VHS autentisks c\u016bkga\u013cas v\u0113ders sunt, sapiente in Austin kogi paleo PBR&amp;B 8-bit. Tumblr jaka trauc\u0113 paleo tetov\u0113to trasta fondu, Truffaut odio sunt dzeramo eti\u0137i. Polaroid gatav\u0101 jaka Shoreditch mopsu sint\u0113tika, autentisks freegan aliquip band\u017eo fugiat. Trasta fonds hella McSweeney&#039;s fermas-to-table rerehenderit, b\u0101rdas anim\u0101cijas bazn\u012bcas atsl\u0113gas cillum eu lo-fi rakst\u0101mma\u0161\u012bnas uznirsto\u0161ais logs. Quis pirms tie izp\u0101rdoti scenester band\u017eo, modes cirvis nesciunt sartorial veniam Portland magna aute Vice.<br \/>\n[\/mks_tab_item]<br \/>\n[\/mks_tabs]<\/p>\n<h3>Akordeoni?<\/h3>\n<p>[mks_akordeons]<br \/>\n[mks_accordion_item title=\u201d1.\u00a0virsraksts\u201d]<br \/>\nBurtiski enim elit id, Vice tousled Intelligentsia. Fixie sint nostrud mlkshk, delectus synth Marfa et. Nihil VHS autentisks c\u016bkga\u013cas v\u0113ders sunt, sapiente in Austin kogi paleo PBR&amp;B 8-bit. Tumblr jaka trauc\u0113 paleo tetov\u0113to trasta fondu, Truffaut odio sunt dzeramo eti\u0137i. Polaroid gatav\u0101 jaka Shoreditch mopsu sint\u0113tika, autentisks freegan aliquip band\u017eo fugiat. Trasta fonds hella McSweeney&#039;s fermas-to-table rerehenderit, b\u0101rdas anim\u0101cijas bazn\u012bcas atsl\u0113gas cillum eu lo-fi rakst\u0101mma\u0161\u012bnas uznirsto\u0161ais logs. Quis pirms tie izp\u0101rdoti scenester band\u017eo, modes cirvis nesciunt sartorial veniam Portland magna aute Vice.<br \/>\n[\/mks_akordeona_vien\u012bba]<br \/>\n[mks_accordion_item title=\u201d2.\u00a0virsraksts\u201d]<br \/>\nNarvala tetov\u0113ts kardigans, kvinojas megings sint\u0113tisk\u0101 pariat\u016br\u0101, etniskas selfiji, Augst\u0101 dz\u012bve. Master Cleanse band\u017eo, neticami, ka tas nav Thundercats. Gastropuba fap fixie, Portland 8-bitu Ullamco d\u017einsa \u0161orti, flane\u013ca XOXO esse. Biod\u012bze\u013ca n\u0101kam\u0101 l\u012bme\u0146a fixie augstspiedes druka, cen\u0161oties pagatavot bezglut\u0113na c\u016bkga\u013cas v\u0113deru. Paleo, kas Thundercats neko nedara. Sint\u0113tisk\u0101s bazn\u012bcas atsl\u0113gas rekl\u0101ma Terijs Ri\u010dardsons, pie\u0146emot vasaru, bitters &quot;no lauka l\u012bdz galdam&quot; darbs, kas nav Ullamco sap\u0146u \u0137\u0113r\u0101js. Rakst\u0101mma\u0161\u012bna no Helvetica, Polaroid vienas izcelsmes kafija, marin\u0113ti ap\u0123\u0113rba gabali.<br \/>\n[\/mks_akordeona_vien\u012bba]<br \/>\n[mks_accordion_item title=\u201d3.\u00a0virsraksts\u201d]<br \/>\nChia kitsch laborum, Etsy iPhone Echo Park Thundercats bazn\u012bcas atsl\u0113ga cornhole organisk\u0101 lo-fi. P\u0101rmetiet uznirsto\u0161o vilku, izm\u0113\u0123iniet alu, izm\u0113\u0123iniet kalm\u0101ru atsl\u0113gu un somu Echo Park. \u010cetri loko mlkshk proident, one-origin coffee ullamco disrupt banh mi lo-fi freegan Shoreditch ironija. Augstspiede sartorial meh lomo hashtag, eiusmod aliqua in. Semiotika etnisk\u0101 lopbar\u012bba, irure Dreamcatcher disrupt wayfarers slow-carb eu. IPhone tetov\u0113ts labore 3 wolf moon Odd Future, dolore skeitbords.<br \/>\n[\/mks_akordeona_vien\u012bba]<br \/>\n[\/mks_akordeons]<\/p>\n<h3>P\u0101rsl\u0113dzas?<\/h3>\n<p>[mks_toggle title=\u201dExample Title\u201d state=\u201dopen\u201d]Chia kitsch laborum, Etsy iPhone Echo Park Thundercats bazn\u012bcas atsl\u0113ga cornhole organisk\u0101 lo-fi. P\u0101rmetiet uznirsto\u0161o vilku, izm\u0113\u0123iniet alu, izm\u0113\u0123iniet kalm\u0101ru atsl\u0113gu un somu Echo Park. \u010cetri loko mlkshk proident, one-origin coffee ullamco disrupt banh mi lo-fi freegan Shoreditch ironija. Augstspiedes sartorial meh lomo hashtag, eiusmod aliqua in.[\/mks_toggle]<\/p>\n<p>[mks_toggle title=\u201dExample Title\u201d state=\u201dclose\u201d]Chia kitsch laborum, Etsy iPhone Echo Park Thundercats bazn\u012bcas atsl\u0113ga cornhole organisk\u0101 lo-fi. P\u0101rmetiet uznirsto\u0161o vilku, izm\u0113\u0123iniet alu, izm\u0113\u0123iniet kalm\u0101ru atsl\u0113gu un somu Echo Park. \u010cetri loko mlkshk proident, one-origin coffee ullamco disrupt banh mi lo-fi freegan Shoreditch ironija. Augstspiedes sartorial meh lomo hashtag, eiusmod aliqua in.[\/mks_toggle]\t\t<\/p>","protected":false},"excerpt":{"rendered":"<p>Theme comes with full support for our Meks Flexible Shortcodes WordPress plugin. Check some examples of what can you create inside page\/post content with our shortcodes. You can add some columns&#8230; [mks_col] [mks_one_half]Excepteur adipisicing try-hard kale chips et. Meh wolf anim delectus skateboard. Forage scenester mustache skateboard DIY, sapiente laborum whatever. Ethical consectetur non +1 [&hellip;]<\/p>","protected":false},"author":1,"featured_media":0,"parent":0,"menu_order":0,"comment_status":"closed","ping_status":"closed","template":"","meta":{"footnotes":""},"class_list":["post-337","page","type-page","status-publish","hentry"],"_links":{"self":[{"href":"https:\/\/idloaded.com\/lv\/wp-json\/wp\/v2\/pages\/337","targetHints":{"allow":["GET"]}}],"collection":[{"href":"https:\/\/idloaded.com\/lv\/wp-json\/wp\/v2\/pages"}],"about":[{"href":"https:\/\/idloaded.com\/lv\/wp-json\/wp\/v2\/types\/page"}],"author":[{"embeddable":true,"href":"https:\/\/idloaded.com\/lv\/wp-json\/wp\/v2\/users\/1"}],"replies":[{"embeddable":true,"href":"https:\/\/idloaded.com\/lv\/wp-json\/wp\/v2\/comments?post=337"}],"version-history":[{"count":0,"href":"https:\/\/idloaded.com\/lv\/wp-json\/wp\/v2\/pages\/337\/revisions"}],"wp:attachment":[{"href":"https:\/\/idloaded.com\/lv\/wp-json\/wp\/v2\/media?parent=337"}],"curies":[{"name":"wp","href":"https:\/\/api.w.org\/{rel}","templated":true}]}}