{"id":328,"date":"2014-11-25T13:48:50","date_gmt":"2014-11-25T13:48:50","guid":{"rendered":"https:\/\/demo.mekshq.com\/voice\/?page_id=328"},"modified":"2014-11-25T13:48:50","modified_gmt":"2014-11-25T13:48:50","slug":"tipografija","status":"publish","type":"page","link":"https:\/\/idloaded.com\/lv\/tipografija\/","title":{"rendered":"Tipogr\u0101fija"},"content":{"rendered":"<p>[mks_dropcap style=\u201dsquare\u201d size=\u201d50\u2033 bg_color=\u201d#cf4d35\u2033 txt_color=\u201d#ffffff\u201d]A[\/mks_dropcap]orem ipsum Id tempor laborum in consequat ut in ecididuit id quiid eu Duis sunt laborum in consequat tempor laborum in effects Excepteur <a href=\"https:\/\/mekshq.com\" target=\"_blank\" rel=\"noopener noreferrer\">consectetur reprehenderit<\/a> culpa deserunt cillum aute dolor dolor dolor qui. Id tempor laborum in consequat Ut in eu id eu. Shoreditch gastropub neatkar\u012bgi no t\u0101. P\u0101rs\u016bdz\u0113t quer polaroid aben digeth manu.<\/p>\n\n\n\n<h1 class=\"wp-block-heading\">\u0160is ir H1 virsraksta piem\u0113rs<\/h1>\n\n\n\n<p>Narvala kurjera soma, pirkstgalu dzijas darin\u0101ta kvinojas p\u0101rtikas furgons, \u010detri loko velosip\u0113du ties\u012bbu raksti, augstspiedes druk\u0101 veidota maize, uzlikt tai putnu, tofu, band\u017eo, kr\u012bti\u0146i, semiotika, iPhone. Mlkshk twee, Neutral Bushwick. Williamsburg krucifikss, keytar jostas soma, American Apparel fleksit\u0101r\u0101 VHS kaste. Chillwave Godard kr\u012bti\u0146i, kapu\u010djaka, Neutra. Vinila izb\u012bd\u0101mais p\u0101rtikas furgons, Wayfarers, semiotika, ielu m\u0101ksla.<\/p>\n\n\n\n<h2 class=\"wp-block-heading\">\u0160is ir H2 piem\u0113ra nosaukums.<\/h2>\n\n\n\n<p>Blogs Bruklinas kejtars, iesp\u0113jams, neesi par vi\u0146iem dzird\u0113jis: miksteips, swag, tie\u0161\u0101 tirdzniec\u012bba, he\u0161teigs, organisks, bazn\u012bcas atsl\u0113ga, krucifikss, stumptown, kli\u0161eja, try-hard ethnic. Fleksit\u0101rs narvalis, PBR&amp;B +1 locavore. Ap\u0123\u0113rba stila sap\u0146u \u0137\u0113r\u0101ja d\u017einsa \u0161orti, Neutra ielu m\u0101ksla, c\u016bkga\u013cas v\u0113dera \u016bsas, p\u0113c pas\u016bt\u012bjuma.<\/p>\n\n\n\n<h3 class=\"wp-block-heading\">\u0160is ir h3 virsraksta piem\u0113rs<\/h3>\n\n\n\n<p>Narvala kurjera soma, pirkstgalu dzijas darin\u0101ta kvinojas p\u0101rtikas furgons, \u010detri loko velosip\u0113du ties\u012bbu raksti, augstspiedes druk\u0101 veidota maize, uzlikt tai putnu, tofu, band\u017eo, kr\u012bti\u0146i, semiotika, iPhone. Mlkshk twee, Neutral Bushwick. Williamsburg krucifikss, keytar jostas soma, American Apparel fleksit\u0101r\u0101 VHS kaste. Chillwave Godard kr\u012bti\u0146i, kapu\u010djaka, Neutra. Vinila izb\u012bd\u0101mais p\u0101rtikas furgons, Wayfarers, semiotika, ielu m\u0101ksla.<\/p>\n\n\n\n<h4 class=\"wp-block-heading\">\u0160is ir h4 virsraksta piem\u0113rs<\/h4>\n\n\n\n<p>Blogs Bruklinas kejtars, iesp\u0113jams, neesi par vi\u0146iem dzird\u0113jis: miksteips, swag, tie\u0161\u0101 tirdzniec\u012bba, he\u0161teigs, organisks, bazn\u012bcas atsl\u0113ga, krucifikss, stumptown, kli\u0161eja, try-hard ethnic. Fleksit\u0101rs narvalis, PBR&amp;B +1 locavore. Ap\u0123\u0113rba stila sap\u0146u \u0137\u0113r\u0101ja d\u017einsa \u0161orti, Neutra ielu m\u0101ksla, c\u016bkga\u013cas v\u0113dera \u016bsas, p\u0113c pas\u016bt\u012bjuma.<\/p>\n\n\n\n<h5 class=\"wp-block-heading\">\u0160is ir h5 virsraksta piem\u0113rs<\/h5>\n\n\n\n<p>Blogs Bruklinas kejtars, iesp\u0113jams, neesi par vi\u0146iem dzird\u0113jis: miksteips, swag, tie\u0161\u0101 tirdzniec\u012bba, he\u0161teigs, organisks, bazn\u012bcas atsl\u0113ga, krucifikss, stumptown, kli\u0161eja, try-hard ethnic. Fleksit\u0101rs narvalis, PBR&amp;B +1 locavore. Ap\u0123\u0113rba stila sap\u0146u \u0137\u0113r\u0101ja d\u017einsa \u0161orti, Neutra ielu m\u0101ksla, c\u016bkga\u013cas v\u0113dera \u016bsas, p\u0113c pas\u016bt\u012bjuma.<\/p>\n\n\n\n<h6 class=\"wp-block-heading\">\u0160is ir h6 virsraksta piem\u0113rs<\/h6>\n\n\n\n<p>Lorem ipsum Id tempor laborum in consequat Ut in eu id eu incididunt ut sed elit quis veniam sint id sit Duis sunt Excepteur consectetur reprehenderit culpa deserunt cillum aute dolor dolor dolor qui.<\/p>\n\n\n\n<div class=\"wp-block-image\"><figure class=\"alignleft\"><a href=\"https:\/\/demo.mekshq.com\/voice\/wp-content\/uploads\/2014\/11\/voice_16.jpg\"><img decoding=\"async\" src=\"https:\/\/demo.mekshq.com\/voice\/wp-content\/uploads\/2014\/11\/voice_16-300x300.jpg\" alt=\"Modes fan\u0101ti\u0137is\" class=\"wp-image-83\"\/><\/a><figcaption>Modes fan\u0101ti\u0137is<\/figcaption><\/figure><\/div>\n\n\n\n<p>P\u0101rlej un \u0161\u0146\u0101c, commodo Marfa sap\u0146u \u0137\u0113r\u0101ja aliquip. Uztic\u012bbas fonds pirms tie izp\u0101rdoti mumblecore YOLO. Placeat uztic\u012bbas fonda vaina, keffiyeh twee labore vero. McSweeney chia polaroid wolf. Laborum jostas soma Vice Pitchfork Tumblr, Pinterest Blue Bottle vingrin\u0101jums High Life 8-bit mlkshk v\u0113l\u0101s brokastis modes cirvis Helvetica. Polaroid non-consectetur, incidentu legingu aina. <a href=\"#\">Pitchfork dzer eti\u0137i <\/a>ne\u0113tisks v\u012brusu. Band\u017eo sap\u0146u \u0137\u0113r\u0101ja suven\u012brs Etsy. Sapient kapu\u010djakas krekls &quot;Wayfarers Mumblecore&quot; gada adipisicing placeat single-origin coffee. Banksy gada p\u0101rtikas furgons &quot;Neitra eiusmod forage&quot;, paties\u012bb\u0101 c\u016bkga\u013cas v\u0113dera kapu\u010djakas krekls &quot;mlkshk keytar synth laboris Intelligentsia. Reprehenderit que polaroid XOXO vain\u012bgs, Shoreditch gastropub lai kas ar\u012b b\u016btu. Reprehenderit que polaroid XOXO vain\u012bgs, Shoreditch gastropub.<\/p>\n\n\n\n<div class=\"wp-block-image\"><figure class=\"alignright\"><a href=\"https:\/\/demo.mekshq.com\/voice\/wp-content\/uploads\/2014\/11\/voice_61.jpg\"><img decoding=\"async\" src=\"https:\/\/demo.mekshq.com\/voice\/wp-content\/uploads\/2014\/11\/voice_61-300x200.jpg\" alt=\"Fotogr\u0101fijas nindzja\" class=\"wp-image-86\"\/><\/a><figcaption>Fotogr\u0101fijas nindzja<\/figcaption><\/figure><\/div>\n\n\n\n<p>Vienas izcelsmes kafija <a href=\"#\">Ullamco pariatur<\/a>, id accusamus sunt pop-up. Fugiat c\u016bkga\u013cas v\u0113ders Terry Richardson 3 wolf moon, commodo placeat Intelligentsia irure hoodie Etsy do Neutra aliqua cray. Pariatur legingi Banksy anim-over-over dolor, labore cornhole Pinterest delectus cray voluptate. Banjo vinila Austin, Truffaut scenester pie\u0146emot PBR&amp;B c\u016bkga\u013cas v\u0113ders eiusmod narwhal Vice selvage meh consequat. Gastropub proident trauc\u0113 neapstr\u0101d\u0101tu d\u017einsa audumu, r\u016bgta Echo Park Tonx chia. Pitchfork accusamus kogi Tonx. Elit etnisko Thundercats fap, aliquip Marfa tie\u0161\u0101 tirdzniec\u012bba un American Apparel quinoa stumptown.<\/p>\n\n\n<p>[mks_separator style=\u201dsolid\u201d height=\u201d1\u2033]<\/p>\n\n\n\n<h4 class=\"wp-block-heading\">Cit\u0101tu bloks<\/h4>\n\n\n\n<p>Gudrie kapu\u010djakas d\u017eemperi &quot;Wayfarers Mumblecore&quot; gad\u0101. &quot;Adipizicing Placeat&quot; vienviet\u012bgaj\u0101 kafij\u0101. Banksy gada p\u0101rtikas furgons. Neitr\u0101la eiusmod bar\u012bba, paties\u012bb\u0101 c\u016bkga\u013cas v\u0113dera kapu\u010dja d\u017eemperis &quot;mlkshk keytar synth laboris Intelligentsia&quot;. Vain\u012bgs polaroid XOXO, Shoreditch gastropub lai nu k\u0101.<\/p>\n\n\n\n<blockquote class=\"wp-block-quote is-layout-flow wp-block-quote-is-layout-flow\"><p>Tavs laiks ir ierobe\u017eots, t\u0101p\u0113c net\u0113r\u0113 to, dz\u012bvojot k\u0101da cita dz\u012bvi. Ne\u013caujies dogmu slazd\u0101 \u2013 kas noz\u012bm\u0113 dz\u012bvot ar citu cilv\u0113ku dom\u0101\u0161anas rezult\u0101tiem. Ne\u013cauj citu viedok\u013cu troksnim apsl\u0101p\u0113t tavu iek\u0161\u0113jo balsi. Un pats svar\u012bg\u0101kais \u2013 esi drosm\u012bgs sekot savai sirdij un intu\u012bcijai.<\/p><\/blockquote>\n\n\n\n<p>Gudrie kapu\u010djakas d\u017eemperi &quot;Wayfarers Mumblecore&quot; gad\u0101. &quot;Adipizicing Placeat&quot; vienviet\u012bgaj\u0101 kafij\u0101. Banksy gada p\u0101rtikas furgons. Neitr\u0101la eiusmod bar\u012bba, paties\u012bb\u0101 c\u016bkga\u013cas v\u0113dera kapu\u010dja d\u017eemperis &quot;mlkshk keytar synth laboris Intelligentsia&quot;. Vain\u012bgs polaroid XOXO, Shoreditch gastropub lai nu k\u0101.<\/p>\n\n\n\n<h4 class=\"wp-block-heading\">Svar\u012bg\u0101kie notikumi<\/h4>\n\n\n\n<p>Lorem ipsum Id tempor laborum in <\/p>\n\n\n<p>[mks_highlight color=\u201d#cf4d35\u201d]<span style=\"color: #ffffff;\">veniam sint id<\/span>[\/mks_highlight]<\/p>\n\n\n\n<p> consequat Ut in eu id eu incididunt ut sed elit quis sit Duis sunt Excepteur consectetur reprehenderit culpa deserunt cillum aute dolor dolor dolor qui.<\/p>\n\n\n<p>[mks_col]<br \/>\n[mks_one_half]<\/p>\n<h4 style=\"text-align: left;\">Nesak\u0101rtots saraksts<\/h4>\n<ul>\n<li>Sapiente kapu\u010djakas Wayfarers<\/li>\n<li>Pariatur legingi Banksy<\/li>\n<li>Pitchfork aps\u016bdz\u012bba<\/li>\n<li>Helvetica spirta r\u016bpn\u012bcas s\u0101pes<\/li>\n<\/ul>\n<p>[\/mks_one_half]<\/p>\n<p>[mks_one_half]<\/p>\n<h4>Sak\u0101rtots saraksts<\/h4>\n<ol>\n<li>Echo Park vingrin\u0101jums<\/li>\n<li>Pinterest delectus cray voluptate<\/li>\n<li>Aliqua cred Terry Richardson<\/li>\n<li>Pitchfork aps\u016bdz\u012bba<\/li>\n<\/ol>\n<p>[\/mks_one_half]<\/p>\n<p>[\/mks_col]<\/p>\n\n\n\n<h4 class=\"wp-block-heading\">Koda piem\u0113rs<\/h4>\n\n\n\n<pre class=\"wp-block-preformatted\">.super_class:before{ background:url(&#039;images\/awesome.jpg&#039;) neatk\u0101rtojams centrs centrs; float:left; display:block; content: &quot;Lieliski&quot;; }<\/pre>\n\n\n\n<h4 class=\"wp-block-heading\">Tabulas piem\u0113rs<\/h4>\n\n\n\n<table class=\"wp-block-table\"><thead><tr><td>V\u0101rds<\/td><td>Segv\u0101rds<\/td><td>Numurs<\/td><\/tr><\/thead><tbody><tr><td>D\u017eila<\/td><td>D\u017eokers<\/td><td>50<\/td><\/tr><tr><td>Ieva<\/td><td>Betmens<\/td><td>94<\/td><\/tr><tr><td>D\u017eons<\/td><td>Robins<\/td><td>80<\/td><\/tr><\/tbody><\/table>","protected":false},"excerpt":{"rendered":"<p>[mks_dropcap style=&#8221;square&#8221; size=&#8221;50&#8243; bg_color=&#8221;#cf4d35&#8243; txt_color=&#8221;#ffffff&#8221;]A[\/mks_dropcap]orem ipsum Id tempor laborum in consequat ut in eu id eu incididunt ut sed elit quis veniam sint id sit Duis sunt laborum in consequat&nbsp;tempor laborum in consequat&nbsp;Excepteur consectetur reprehenderit culpa deserunt cillum aute dolor dolor dolor qui. Id tempor laborum in consequat Ut in eu id eu.&nbsp;Shoreditch gastropub whatever.&nbsp;Reprehenderit [&hellip;]<\/p>","protected":false},"author":1,"featured_media":0,"parent":0,"menu_order":0,"comment_status":"closed","ping_status":"closed","template":"","meta":{"footnotes":""},"class_list":["post-328","page","type-page","status-publish","hentry"],"_links":{"self":[{"href":"https:\/\/idloaded.com\/lv\/wp-json\/wp\/v2\/pages\/328","targetHints":{"allow":["GET"]}}],"collection":[{"href":"https:\/\/idloaded.com\/lv\/wp-json\/wp\/v2\/pages"}],"about":[{"href":"https:\/\/idloaded.com\/lv\/wp-json\/wp\/v2\/types\/page"}],"author":[{"embeddable":true,"href":"https:\/\/idloaded.com\/lv\/wp-json\/wp\/v2\/users\/1"}],"replies":[{"embeddable":true,"href":"https:\/\/idloaded.com\/lv\/wp-json\/wp\/v2\/comments?post=328"}],"version-history":[{"count":0,"href":"https:\/\/idloaded.com\/lv\/wp-json\/wp\/v2\/pages\/328\/revisions"}],"wp:attachment":[{"href":"https:\/\/idloaded.com\/lv\/wp-json\/wp\/v2\/media?parent=328"}],"curies":[{"name":"wp","href":"https:\/\/api.w.org\/{rel}","templated":true}]}}