{"id":69,"date":"2023-12-01T00:51:50","date_gmt":"2023-12-01T03:51:50","guid":{"rendered":"http:\/\/idloaded.com\/?page_id=69"},"modified":"2024-07-04T19:21:46","modified_gmt":"2024-07-04T22:21:46","slug":"susisiekite-su-mumis","status":"publish","type":"page","link":"https:\/\/idloaded.com\/lt\/susisiekite-su-mumis\/","title":{"rendered":"kontaktas"},"content":{"rendered":"<h2>Susisiekite su mumis<\/h2>\n<p>D\u0117kojame, kad domit\u0117s \u201eIdLoaded\u201c. Mes vertiname j\u016bs\u0173 nuomon\u0119 ir klausimus. \u0160tai b\u016bdai, kaip su mumis susisiekti:<\/p>\n<h3>pa\u0161tas<\/h3>\n<p>D\u0117l bendr\u0173 klausim\u0173, pasi\u016blym\u0173 ar pastab\u0173 ra\u0161ykite el <a rel=\"noreferrer\">contact@idloaded.com<\/a>. M\u016bs\u0173 komanda stengsis kuo grei\u010diau atsakyti \u012f j\u016bs\u0173 klausimus.<\/p>\n<h3>Susisiekimo forma<\/h3>\n<p>Jei turite konkre\u010di\u0173 klausim\u0173 arba nor\u0117tum\u0117te pateikti su technologijomis susijus\u012f straipsn\u012f, ra\u0161ykite el <a rel=\"noreferrer\">contact@idloaded.com<\/a>. Laukiame bendrosios informacijos m\u0117g\u0117j\u0173 ir technologij\u0173 entuziast\u0173.<\/p>\n<h3>Pa\u0161to adresas<\/h3>\n<p>Jei pageidaujate tradicinio pa\u0161to, mus galite rasti \u0161iuo adresu:<\/p>\n<p><strong>IdLoaded<\/strong><\/p>\n<p>837 Pawprint Lane<\/p>\n<p>Dogville, TX 75001<\/p>\n<p>JAV<\/p>\n<h3>Naujienlai\u0161kis<\/h3>\n<p>Nor\u0117dami neatsilikti nuo naujausi\u0173 straipsni\u0173, technologij\u0173 tendencij\u0173 ir naujien\u0173 i\u0161 IdLoaded bendruomen\u0117s, prisiregistruokite gauti m\u016bs\u0173 naujienlai\u0161k\u012f. Tiesiog \u012fveskite savo el. pa\u0161to adres\u0105 registracijos laukelyje m\u016bs\u0173 pagrindinio puslapio apa\u010dioje.<\/p>\n<h3>Atsiliepimai<\/h3>\n<p>Mes visada siekiame tobulinti savo turin\u012f ir naudotoj\u0173 patirt\u012f. Jei turite pasi\u016blym\u0173 ar komentar\u0173, kaip gal\u0117tume pagerinti j\u016bs\u0173 \u201eIdLoaded\u201c patirt\u012f, pasidalykite jais su mumis el. pa\u0161tu.<\/p>\n<p>D\u0117kojame u\u017e j\u016bs\u0173 susidom\u0117jim\u0105 ir laukiame j\u016bs\u0173 \u017einu\u010di\u0173. \u201eIdLoaded\u201c yra \u010dia, kad sujungt\u0173 informacijos pasaul\u012f su naujausiomis technologijomis, o j\u016bs\u0173 ind\u0117lis yra labai svarbus padedant mums \u012fgyvendinti \u0161i\u0105 misij\u0105.<\/p>\n<p>D\u0117kojame, kad esate m\u016bs\u0173 bendros informacijos bendruomen\u0117s dalis!<\/p>","protected":false},"excerpt":{"rendered":"<p>Entre em Contato Conosco Obrigado pelo seu interesse no IdLoaded. Valorizamos suas opini\u00f5es e perguntas. Aqui est\u00e3o as formas de nos contatar: Email Para perguntas gerais, sugest\u00f5es ou coment\u00e1rios, envie um e-mail para contact@idloaded.com. Nossa equipe se esfor\u00e7ar\u00e1 para responder \u00e0s suas perguntas o mais r\u00e1pido poss\u00edvel. Formul\u00e1rio de Contato Se voc\u00ea tiver perguntas espec\u00edficas [&hellip;]<\/p>","protected":false},"author":1,"featured_media":0,"parent":0,"menu_order":0,"comment_status":"closed","ping_status":"closed","template":"","meta":{"footnotes":""},"class_list":["post-69","page","type-page","status-publish","hentry"],"_links":{"self":[{"href":"https:\/\/idloaded.com\/lt\/wp-json\/wp\/v2\/pages\/69","targetHints":{"allow":["GET"]}}],"collection":[{"href":"https:\/\/idloaded.com\/lt\/wp-json\/wp\/v2\/pages"}],"about":[{"href":"https:\/\/idloaded.com\/lt\/wp-json\/wp\/v2\/types\/page"}],"author":[{"embeddable":true,"href":"https:\/\/idloaded.com\/lt\/wp-json\/wp\/v2\/users\/1"}],"replies":[{"embeddable":true,"href":"https:\/\/idloaded.com\/lt\/wp-json\/wp\/v2\/comments?post=69"}],"version-history":[{"count":6,"href":"https:\/\/idloaded.com\/lt\/wp-json\/wp\/v2\/pages\/69\/revisions"}],"predecessor-version":[{"id":506,"href":"https:\/\/idloaded.com\/lt\/wp-json\/wp\/v2\/pages\/69\/revisions\/506"}],"wp:attachment":[{"href":"https:\/\/idloaded.com\/lt\/wp-json\/wp\/v2\/media?parent=69"}],"curies":[{"name":"wp","href":"https:\/\/api.w.org\/{rel}","templated":true}]}}