{"id":337,"date":"2014-11-25T13:52:17","date_gmt":"2014-11-25T13:52:17","guid":{"rendered":"https:\/\/demo.mekshq.com\/voice\/?page_id=337"},"modified":"2014-11-25T13:52:17","modified_gmt":"2014-11-25T13:52:17","slug":"trumpieji-kodai","status":"publish","type":"page","link":"https:\/\/idloaded.com\/lt\/trumpieji-kodai\/","title":{"rendered":"Trumpieji kodai"},"content":{"rendered":"<p>\t\t\t\tTema visi\u0161kai palaiko m\u016bs\u0173 \u201eMeks Flexible Shortcodes WordPress\u201c \u012fskiep\u012f. Per\u017ei\u016br\u0117kite kelet\u0105 pavyzd\u017ei\u0173, k\u0105 galite sukurti puslapio \/ \u012fra\u0161o viduje naudodami m\u016bs\u0173 trumpuosius kodus.<\/p>\n<h3>Galite prid\u0117ti kelet\u0105 stulpeli\u0173\u2026<\/h3>\n<p>[mks_col]<\/p>\n<p>[mks_one_half]I\u0161skyrus riebius, sunkiai dirban\u010dius kop\u016bst\u0173 tra\u0161ku\u010dius ir kt. Meh vilko animacinis gardumynas riedlent\u0117. Pa\u0161ar\u0173 scenos \u016bsai, riedlent\u0117 \u201epasidaryk pats\u201c, i\u0161mintingas darbas, kad ir kas. Eti\u0161kas dizainas, ne +1, suveltas autenti\u0161kumas. Enim virusinis gardumynas, kitas lygis. Tvarus \u201eHelvetica\u201c Bruklino stogo vakar\u0117lis be glitimo, veniam, nostrud tatuiruota ironija, kiaulienos pilvas, shabby chic, kuris geria act\u0105. Truffaut fleksitari\u0161kas, ne smerktinas, Pitchfork, \u201enuo \u016bkio iki stalo\u201c Bu\u0161viko incidentas.[\/mks_one_half]<\/p>\n<p>[mks_one_half]Umami barzda Godard, cornhole semiotics cray eiusmod languotas ra\u0161omosios ma\u0161in\u0117l\u0117s nuskur\u0119s pra\u0161matnus sartorial Wesas Andersonas. Ne pa\u0161ar\u0173 darbo tatuiruot\u0117, meno vakar\u0117lis \u201epasidaryk pats\u201c mumblecore veniam accusamus Amerikos drabu\u017ei\u0173 meistras valo asmenukes, u\u017eiman\u010dias nuo \u016bkio iki stalo. Mank\u0161tos auk\u0161taspaud\u0117 duis ennui, paruo\u0161ta pagal u\u017esakym\u0105. Sapient tofu consequat four loko quer. Ennui vinilo umami da\u017enis Austin Cardigan voluptate.[\/mks_one_half]<\/p>\n<p>[\/mks_col]<\/p>\n<h3>Galb\u016bt kokios nors progreso juostos?<\/h3>\n<p>[mks_progressbar name=\u201dI\u0161manus\u201d level=\u201dAuk\u0161tas\u201d value=\u201d70\u2033 auk\u0161tis=\u201d20\u2033 spalva=\u201d#e23a3e\u201d style=\u201dkvadratu\u201d]<br \/>\n[mks_progressbar name=\u201dK\u016brybinis\u201d level=\u201dLabai auk\u0161tas\u201d value=\u201d90\u2033 height=\u201d20\u2033 color=\u201d#f7c24e\u201d style=\u201dkvadratinis\u201d]<br \/>\n[mks_progressbar name=\u201dPesimistas\u201d level=\u201d\u017demas\u201d value=\u201d30\u2033 height=\u201d20\u2033 color=\u201d#2c9cb1\u2033 style=\u201dkvadratu\u201d]<br \/>\n[mks_progressbar name=\u201dOptimistas\u201d level=\u201dVidutinis\u201d value=\u201d50\u2033 height=\u201d20\u2033 color=\u201d#000000\u2033 style=\u201dkvadratinis\u201d]<\/p>\n<p>[mks_separator style=\u201dblank\u201d height=\u201d20\u2033]<\/p>\n<h4>Nuostabios \u0161rifto piktogramos?<\/h4>\n<h3>[mks_icon icon=\u201dfa-power-off\u201d color=\u201d#e23a3e\u201d] [mks_icon icon=\u201dfa-cog\u201d color=\u201d#e23a3e\u201d] [mks_icon icon=\u201dfa-th-list\u201d color=\u201d#e23a3e\u201d] [mks_icon icon=\u201dfa-file-o\u201d color=\u201d#e23a3e\u201d] [mks_icon icon=\u201dfa-video-camera\u201d color=\u201d#e23a3e\u201d] [mks_icon icon=\u201dfa-calendar\u201d color=\u201d#e23a3e\u201d] [mks_icon icon=\u201dfa-book\u201d color=\u201d#e23a3e\u201d] [mks_icon icon=\u201dfa-eye\u201d color=\u201d#e23a3e\u201d] [mks_icon icon=\u201dfa-heart-o\u201d spalva = \u201e#2c9cb1\u201c] [mks_icon piktograma = \u201efa-umbrella\u201c spalva = \u201e#2c9cb1\u201c] [mks_icon piktograma = \u201efa-mikrofonas\u201c spalva = \u201e#2c9cb1\u201c]<\/h3>\n<p>[mks_separator style=\u201dblank\u201d height=\u201d20\u2033]<\/p>\n<h3>Arba kokie nors gra\u017e\u016bs mygtukai?<\/h3>\n<p>[mks_button size=\u201dsmall\u201d title=\u201dSmall\u201d style=\u201dsquared\u201d url=\u201dhttps:\/\/mekshq.com\u201d target=\u201d_blank\u201d bg_color=\u201d#e23a3e\u201d txt_color=\u201d#FFFFFF\u201d icon=\u201dfa-music\u201d]<\/p>\n<p>[mks_button size=\u201dsmall\u201d title=\u201dSmall\u201d style=\u201dsquared\u201d url=\u201dhttps:\/\/mekshq.com\u201d target=\u201d_blank\u201d bg_color=\u201d#f7c24e\u201d txt_color=\u201d#FFFFFF\u201d icon=\u201dfa-music\u201d]<\/p>\n<p>[mks_button size=\u201dsmall\u201d title=\u201dSmall\u201d style=\u201dsquared\u201d url=\u201dhttps:\/\/mekshq.com\u201d target=\u201d_blank\u201d bg_color=\u201d#2c9cb1\u2033 txt_color=\u201d#FFFFFF\u201d icon=\u201dfa-music\u201d]<\/p>\n<p>[mks_separator style=\u201dtu\u0161\u010dia\u201d auk\u0161tis=\u201d1\u2033]<\/p>\n<p>[mks_button size=\u201dvidutinis\u201d title=\u201dVidutinis\u201d style=\u201dapvalintas\u201d url=\u201dhttps:\/\/mekshq.com\u201d target=\u201d_blank\u201d bg_color=\u201d#e23a3e\u201d txt_color=\u201d#FFFFFF\u201d icon=\u201dfa-i\u0161jungimas\u201d]<\/p>\n<p>[mks_button size=\u201dvidutinis\u201d title=\u201dVidutinis\u201d style=\u201dapvalintas\u201d url=\u201dhttps:\/\/mekshq.com\u201d target=\u201d_blank\u201d bg_color=\u201d#f7c24e\u201d txt_color=\u201d#FFFFFF\u201d icon=\u201dfa-power-off\u201d]<\/p>\n<p>[mks_button size=\u201dvidutinis\u201d title=\u201dVidutinis\u201d style=\u201dapvalintas\u201d url=\u201dhttps:\/\/mekshq.com\u201d target=\u201d_blank\u201d bg_color=\u201d#2c9cb1\u2033 txt_color=\u201d#FFFFFF\u201d icon=\u201dfa-power-off\u201d]<\/p>\n<p>[mks_separator style=\u201dtu\u0161\u010dia\u201d auk\u0161tis=\u201d1\u2033]<\/p>\n<p>[mks_button size=\u201dlarge\u201d title=\u201dDidelis mygtukas\u201d style=\u201drounded\u201d url=\u201dhttps:\/\/mekshq.com\u201d target=\u201d_blank\u201d bg_color=\u201d#e23a3e\u201d txt_color=\u201d#FFFFFF\u201d icon=\u201d\u201d]<\/p>\n<p>[mks_button size=\u201dlarge\u201d title=\u201dDidelis mygtukas\u201d style=\u201drounded\u201d url=\u201dhttps:\/\/mekshq.com\u201d target=\u201d_blank\u201d bg_color=\u201d#f7c24e\u201d txt_color=\u201d#FFFFFF\u201d icon=\u201d\u201d]<\/p>\n<p>[mks_button size=\u201dlarge\u201d title=\u201dDidelis mygtukas\u201d style=\u201drounded\u201d url=\u201dhttps:\/\/mekshq.com\u201d target=\u201d_blank\u201d bg_color=\u201d#2c9cb1\u2033 txt_color=\u201d#FFFFFF\u201d icon=\u201d\u201d]<\/p>\n<p>[mks_separator style=\u201dblank\u201d height=\u201d20\u2033]<\/p>\n<h3>Galb\u016bt kokios nors socialin\u0117s ikonos?<\/h3>\n<p>[mks_social icon=\u201daim\u201d size=\u201d48\u2033 style=\u201dapvalintas\u201d url=\u201dhttp:\/\/\u201d target=\u201d_self\u201d][mks_social icon=\u201dskype\u201d size=\u201d48\u2033 style=\u201dapvalintas\u201d url=\u201dhttp:\/\/\u201d target=\u201d_self\u201d][mks_social icon=\u201ddribbble\u201d size=\u201d48\u2033 style=\u201dapvalintas\u201d url=\u201dhttp:\/\/\u201d target=\u201d_self\u201d][mks_social icon=\u201dfacebook\u201d size=\u201d48\u2033 style=\u201dapvalintas\u201d url=\u201dhttp:\/\/\u201d target=\u201d_self\u201d][mks_social icon=\u201dpinterest\u201d size=\u201d48\u2033 style=\u201dapvalintas\u201d url=\u201dhttp:\/\/\u201d target=\u201d_self\u201d][mks_social icon=\u201dlinkedin\u201d size=\u201d48\u2033 style=\u201dapvalintas\u201d url=\u201dhttp:\/\/\u201d target=\u201d_self\u201d][mks_social icon=\u201dgrooveshark\u201d size=\u201d48\u2033 style=\u201dapvalintas\u201d url=\u201dhttp:\/\/\u201d target=\u201d_self\u201d][mks_social icon=\u201dforrst\u201d size=\u201d48\u2033 style=\u201dapvalintas\u201d url=\u201dhttp:\/\/\u201d target=\u201d_self\u201d][mks_social icon=\u201dinstagram\u201d size=\u201d48\u2033 style=\u201dapvalintas\u201d url=\u201dhttp:\/\/\u201d target=\u201d_self\u201d][mks_social icon=\u201dflickr\u201d size=\u201d48\u2033 style=\u201dapvalintas\u201d url=\u201dhttp:\/\/\u201d target=\u201d_self\u201d][mks_social icon=\u201devernote\u201d size=\u201d48\u2033 style=\u201dapvalintas\u201d url=\u201dhttp:\/\/\u201d target=\u201d_self\u201d][mks_social icon=\u201dyahoo\u201d size=\u201d48\u2033 style=\u201dapvalintas\u201d url=\u201dhttp:\/\/\u201d target=\u201d_self\u201d]<\/p>\n<p>[mks_social icon=\u201daim\u201d size=\u201d48\u2033 style=\u201dcircle\u201d url=\u201dhttp:\/\/\u201d target=\u201d_self\u201d][mks_social icon=\u201dskype\u201d size=\u201d48\u2033 style=\u201dcircle\u201d url=\u201dhttp:\/\/\u201d target=\u201d_self\u201d][mks_social icon=\u201ddribbble\u201d size=\u201d48\u2033 style=\u201dcircle\u201d url=\u201dhttp:\/\/\u201d target=\u201d_self\u201d][mks_social icon=\u201dfacebook\u201d size=\u201d48\u2033 style=\u201dcircle\u201d url=\u201dhttp:\/\/\u201d target=\u201d_self\u201d][mks_social icon=\u201dpinterest\u201d size=\u201d48\u2033 style=\u201dcircle\u201d url=\u201dhttp:\/\/\u201d target=\u201d_self\u201d][mks_social icon=\u201dlinkedin\u201d size=\u201d48\u2033 style=\u201dcircle\u201d url=\u201dhttp:\/\/\u201d target=\u201d_self\u201d][mks_social icon=\u201dgrooveshark\u201d size=\u201d48\u2033 style=\u201dcircle\u201d url=\u201dhttp:\/\/\u201d target=\u201d_self\u201d][mks_social icon=\u201dforrst\u201d size=\u201d48\u2033 style=\u201dcircle\u201d url=\u201dhttp:\/\/\u201d target=\u201d_self\u201d][mks_social icon=\u201dinstagram\u201d size=\u201d48\u2033 style=\u201dcircle\u201d url=\u201dhttp:\/\/\u201d target=\u201d_self\u201d][mks_social icon=\u201dflickr\u201d size=\u201d48\u2033 style=\u201dcircle\u201d url=\u201dhttp:\/\/\u201d target=\u201d_self\u201d][mks_social icon=\u201devernote\u201d size=\u201d48\u2033 style=\u201dcircle\u201d url=\u201dhttp:\/\/\u201d target=\u201d_self\u201d][mks_social icon=\u201dyahoo\u201d size=\u201d48\u2033 style=\u201dcircle\u201d url=\u201dhttp:\/\/\u201d target=\u201d_self\u201d]<\/p>\n<p>[mks_social icon=\u201daim\u201d size=\u201d48\u2033 style=\u201dsquare\u201d url=\u201dhttp:\/\/\u201d target=\u201d_self\u201d][mks_social icon=\u201dskype\u201d size=\u201d48\u2033 style=\u201dsquare\u201d url=\u201dhttp:\/\/\u201d target=\u201d_self\u201d][mks_social icon=\u201ddribbble\u201d size=\u201d48\u2033 style=\u201dsquare\u201d url=\u201dhttp:\/\/\u201d target=\u201d_self\u201d][mks_social icon=\u201dfacebook\u201d size=\u201d48\u2033 style=\u201dsquare\u201d url=\u201dhttp:\/\/\u201d target=\u201d_self\u201d][mks_social icon=\u201dpinterest\u201d size=\u201d48\u2033 style=\u201dsquare\u201d url=\u201dhttp:\/\/\u201d target=\u201d_self\u201d][mks_social icon=\u201dlinkedin\u201d size=\u201d48\u2033 style=\u201dsquare\u201d url=\u201dhttp:\/\/\u201d target=\u201d_self\u201d][mks_social icon=\u201dgrooveshark\u201d size=\u201d48\u2033 style=\u201dsquare\u201d url=\u201dhttp:\/\/\u201d target=\u201d_self\u201d][mks_social icon=\u201dforrst\u201d size=\u201d48\u2033 style=\u201dsquare\u201d url=\u201dhttp:\/\/\u201d target=\u201d_self\u201d][mks_social icon=\u201dinstagram\u201d size=\u201d48\u2033 style=\u201dsquare\u201d url=\u201dhttp:\/\/\u201d target=\u201d_self\u201d][mks_social icon=\u201dflickr\u201d size=\u201d48\u2033 style=\u201dsquare\u201d url=\u201dhttp:\/\/\u201d target=\u201d_self\u201d][mks_social icon=\u201devernote\u201d size=\u201d48\u2033 style=\u201dsquare\u201d url=\u201dhttp:\/\/\u201d target=\u201d_self\u201d][mks_social icon=\u201dyahoo\u201d size=\u201d48\u2033 style=\u201dsquare\u201d url=\u201dhttp:\/\/\u201d target=\u201d_self\u201d]<\/p>\n<div class=\"clear\">[mks_separator style=\u201dblank\u201d auk\u0161tis=\u201d30\u2033]<\/div>\n<h3>Dropcaps?<\/h3>\n<p>[mks_dropcap style=\u201dletter\u201d size=\u201d50\u2033 bg_color=\u201d#ffffff\u201d txt_color=\u201d#000000\u2033]A[\/mks_dropcap]Xcepteur adiposing trying brooklyn chic chic ir kt. Meh wolf anim delektus riedlent\u0117. Forage scenester \u016bsuoti riedlent\u0117 \u201epasidaryk pats\u201c, i\u0161mintingas darbas kad ir kas. Eti\u0161kas dizainas, ne +1, susiv\u0117l\u0119s autenti\u0161kumas. Enim virusinis, nuostabusis lygis. Tvarus Helvetica Brooklyn stogo vakar\u0117lis be glitimo, veniam, nostrud tatuiruota ironija, kiaulienos pilvas, shabby chic, kuris geria act\u0105. Truffaut fleksitari\u0161kas, ne smerktinas, Pitchfork, \u201enuo \u016bkio iki stalo\u201c Bu\u0161viko incidentas.<\/p>\n<p>[mks_dropcap style=\u201dsquare\u201d size=\u201d50\u2033 bg_color=\u201d#91c842\u2033 txt_color=\u201d#ffffff\u201d]A[\/mks_dropcap]Xcepteur adiposing trying brooklyn chic chic ir kt. Meh wolf anim delectus riedlent\u0117. Forage scenester \u016bsuoti riedlent\u0117 \u201epasidaryk pats\u201c, i\u0161mintingas darbas kad ir kas. Eti\u0161kas dizainas ne +1 suveltas autenti\u0161kumas. Enim virusinis malonumas kitame lygyje. Tvarus Helvetica Brooklyn stogo vakar\u0117lis be glitimo veniam, nostrud tatuiruota ironija kiaulienos pilvas shabby chic, kuris geria act\u0105. Truffaut fleksitari\u0161kas ne smerktinas Pitchfork, \u201enuo \u016bkio iki stalo\u201c Bu\u0161viko incidentas.<\/p>\n<p>[mks_dropcap style=\u201dcircle\u201d size=\u201d50\u2033 bg_color=\u201d#f7c24e\u201d txt_color=\u201d#ffffff\u201d]A[\/mks_dropcap]Ypatingas adipisicing bandantys lapiniai kop\u016bst\u0173 tra\u0161ku\u010diai ir kt. Meh vilko animacinis gardumynas riedlent\u0117. Pa\u0161\u0117limo scenester \u016bsuoti riedlent\u0117 \u201epasidaryk pats\u201c, i\u0161mintingas darbas kad ir kas. Eti\u0161kas dizainas, ne +1, susiv\u0117l\u0119s autenti\u0161kas. Enim virusinis gardumynas kitame lygyje. Tvarus Helvetica Bruklino stogo vakar\u0117lis be glitimo, veniam, nostrud tatuiruota ironija kiaulienos pilvas, shabby chic, kuris geria act\u0105.<\/p>\n<p>[mks_dropcap style=\u201drounded\u201d size=\u201d50\u2033 bg_color=\u201d#2c9cb1\u2033 txt_color=\u201d#ffffff\u201d]A[\/mks_dropcap]Xcepteur adiposing trying try row roof tra\u0161ku\u010diai ir kt. Meh wolf anim delektus riedlent\u0117. Forage scenester \u016bsuoti riedlent\u0117 \u201epasidaryk pats\u201c, i\u0161mintingas darbas kad ir kas. Eti\u0161kas dizainas ne +1 suveltas autenti\u0161kumas. Enim virusinis malonumas kitame lygyje. Tvarus Helvetica Brooklyn stogo vakar\u0117lis be glitimo veniam, nostrud tatuiruota ironija kiaulienos pilvas shabby chic, kuris geria act\u0105. Truffaut fleksitari\u0161kas ne smerktinas Pitchfork, nuo \u016bkio iki stalo Bu\u0161viko incidentas.<\/p>\n<h3>I\u0161traukti citatas?<\/h3>\n<p>[mks_pullquote align=\u201dleft\u201d width=\u201d300\u2033 size=\u201d24\u2033 bg_color=\u201d#f7c24e\u201d txt_color=\u201d#ffffff\u201d]Chia kitch laborum, Etsy iPhone Echo Park Thundercats cerkv\u0117je esantis kukur\u016bz\u0173 duob\u0117s organinis lo-fi. [\/mks_pullquote] Raid\u017ei\u0173 spauda sartorial meh lomo hashtag, eiusmod aliqua in. Semiotika etninis pa\u0161aras, irure dreamcatcher disrupt wayfarers slow-carb eu. IPhone tatuiruotas labore 3 wolf moon Odd Future, dolore riedlent\u0117. Est reprehenderit mopsas mumblecore swag etninis. Chia ki\u010do laboratorija, Etsy iPhone Echo Park Thundercats ba\u017eny\u010dioje esantis ekologi\u0161kas lo-fi. Smerkti i\u0161\u0161okant\u012f vilk\u0105, i\u0161m\u0117ginti pariatur craft beer keytar kalmarus ir krep\u0161\u012f Echo Park. Keturi loko mlkshk i\u0161kili, vienos kilm\u0117s kava ullamco sutrikdo banh mi lo-fi freegan Shoreditch ironij\u0105. Letterpress sartorial meh lomo hashtag, eiusmod aliqua in. Semiotics etninis pa\u0161aras, irure Dreamcatcher disrupt wayfarers slow-carb eu. IPhone tatuiruotas labore 3 wolf moon Odd Future, dolore riedlent\u0117. Est reprehenderit mopsas mumblecore swag etninis. Chia ki\u010do laboratorija, Etsy iPhone Echo Park Thundercats ba\u017eny\u010dioje esantis ekologi\u0161kas lo-fi.<\/p>\n<p>[mks_pullquote align=\u201dright\u201d width=\u201d300\u2033 size=\u201d24\u2033 bg_color=\u201d#2c9cb1\u2033 txt_color=\u201d#ffffff\u201d]Chia ki\u010do laboratorija, Etsy iPhone Echo Park Thundercats ba\u017eny\u010dia-raktas kukur\u016bz\u0173 duob\u0117 [quotote. wolf, try-hard ut pariatur craft beer keytar squid et tote bag Echo Park, vienos kilm\u0117s kava ullamco disrupt banh mi freegan Shoreditch ironija Letterpress sartorial meh lomo hashtag, eiusmod aliqua in. Est reprehenderit mopso mumblecore etninis ki\u010do darbas, Etsy iPhone Echo Park Thundercats \u2013 i\u0161\u0161okantis langas vilkas, try-hard ut pariatur craft beer keytar squid et tote bag Echo Park. Keturi loko mlkshk i\u0161kili, vienos kilm\u0117s kava ullamco sutrikdo banh mi lo-fi freegan Shoreditch ironij\u0105. Letterpress sartorial meh lomo hashtag, eiusmod aliqua in. Semiotics etninis pa\u0161aras, irure Dreamcatcher disrupt wayfarers slow-carb eu. IPhone tatuiruotas labore 3 wolf moon Odd Future, dolore riedlent\u0117. Est reprehenderit mopsas mumblecore swag etninis. Chia ki\u010do laboratorija, Etsy iPhone Echo Park Thundercats ba\u017eny\u010dioje esantis ekologi\u0161kas lo-fi.<\/p>\n<h3>Skirtukai?<\/h3>\n<p>[mks_tabs nav=\u201dhorizontalus\u201d]<br \/>\n[mks_tab_item title=\u201d1 antra\u0161t\u0117\u201d]<br \/>\nChia ki\u010do laboratorija, Etsy iPhone Echo Park Thundercats ba\u017eny\u010dioje esantis ekologi\u0161kas lo-fi. Smerkti i\u0161\u0161okant\u012f vilk\u0105, i\u0161m\u0117ginti pariatur craft beer keytar kalmarus ir krep\u0161\u012f Echo Park. Keturi loko mlkshk i\u0161kili, vienos kilm\u0117s kava ullamco sutrikdo banh mi lo-fi freegan Shoreditch ironij\u0105. Letterpress sartorial meh lomo hashtag, eiusmod aliqua in. Semiotics etninis pa\u0161aras, irure Dreamcatcher disrupt wayfarers slow-carb eu. IPhone tatuiruotas labore 3 wolf moon Odd Future, dolore riedlent\u0117.<br \/>\n[mks_tab_item]<br \/>\n[mks_tab_item title=\u201d2 antra\u0161t\u0117\u201d]<br \/>\nNarvalo tatuiruotas megztinis, bolivin\u0117s balandos megztiniai su sintetiniu pariat\u016bru, etnin\u0117s asmenuk\u0117s, \u201eHigh Life\u201c. \u012eprastai valomoje band\u017eoje, netikra, ne \u201eThundercats\u201c. Gastropubo masturbacijos ceche suknel\u0117, Portlando 8-i\u0173 bit\u0173 \u201eUllamco\u201c d\u017einsiniai \u0161ortai su flanele, XOXO esse. Biodyzelino \u201enext level\u201c fiksavimo spauda, i\u0161bandyta kiaulienos pilvo spauda be glitimo. Paleo, kuriai \u201eThundercats\u201c tr\u016bksta klavi\u0161\u0173. Sintetinio \u201echurch-key\u201c reklama Terry Richardsonui, darant prielaid\u0105, kad vasara, \u201ebitter\u201c \u201enuo \u016bkio iki stalo\u201c darbas, ne \u201eUllamco\u201c sapn\u0173 gaudykl\u0117. Ra\u0161omoji ma\u0161in\u0117l\u0117 i\u0161 \u201eHelvetica\u201c, \u201ePolaroid\u201c vienos kilm\u0117s kavos grota\u017eym\u0117, marinuotas aprangos miksas.<br \/>\n[mks_tab_item]<br \/>\n[mks_tab_item title=\u201d3 antra\u0161t\u0117\u201d]<br \/>\n\u017dod\u017eiu, enim elit id, Vice tousled Intelligentsia. Fixie sint nostrud mlkshk, delectus synth Marfa et. Nihil VHS autenti\u0161kas kiaulienos pilvas, sapiente in Austin kogi paleo PBR&amp;B 8-bit. Tumblr megztinis sutrikdo paleo tatuiruo\u010di\u0173 patikos fond\u0105, Truffaut odio sunt geriam\u0105j\u012f act\u0105. Paruo\u0161tas Polaroid kardiganas Shoreditch mopso sintetinis, autenti\u0161kas freegan aliquip banjo fugiat. Patikos fondas hella McSweeney&#039;s \u201efarm-to-table rerehenderit\u201c, barzdos animacinis ba\u017enytinis raktas cillum eu lo-fi ra\u0161omosios ma\u0161in\u0117l\u0117s i\u0161\u0161okantis langas. Quis prie\u0161 i\u0161parduodant scenester banjo, mados kirvis nesciunt sartorial veniam Portland magna aute Vice.<br \/>\n[mks_tab_item]<br \/>\n[\/mks_tabs]<\/p>\n<p>[mks_tabs nav=\u201dvertikalus\u201d]<br \/>\n[mks_tab_item title=\u201d1 antra\u0161t\u0117\u201d]<br \/>\nChia ki\u010do laboratorija, Etsy iPhone Echo Park Thundercats ba\u017eny\u010dioje esantis ekologi\u0161kas lo-fi. Smerkti i\u0161\u0161okant\u012f vilk\u0105, i\u0161m\u0117ginti pariatur craft beer keytar kalmarus ir krep\u0161\u012f Echo Park. Keturi loko mlkshk i\u0161kili, vienos kilm\u0117s kava ullamco sutrikdo banh mi lo-fi freegan Shoreditch ironij\u0105. Letterpress sartorial meh lomo hashtag, eiusmod aliqua in. Semiotics etninis pa\u0161aras, irure Dreamcatcher disrupt wayfarers slow-carb eu. IPhone tatuiruotas labore 3 wolf moon Odd Future, dolore riedlent\u0117.<br \/>\n[mks_tab_item]<br \/>\n[mks_tab_item title=\u201d2 antra\u0161t\u0117\u201d]<br \/>\nNarvalo tatuiruotas megztinis, bolivin\u0117s balandos megztiniai su sintetiniu pariat\u016bru, etnin\u0117s asmenuk\u0117s, \u201eHigh Life\u201c. \u012eprastai valomoje band\u017eoje, netikra, ne \u201eThundercats\u201c. Gastropubo masturbacijos ceche suknel\u0117, Portlando 8-i\u0173 bit\u0173 \u201eUllamco\u201c d\u017einsiniai \u0161ortai su flanele, XOXO esse. Biodyzelino \u201enext level\u201c fiksavimo spauda, i\u0161bandyta kiaulienos pilvo spauda be glitimo. Paleo, kuriai \u201eThundercats\u201c tr\u016bksta klavi\u0161\u0173. Sintetinio \u201echurch-key\u201c reklama Terry Richardsonui, darant prielaid\u0105, kad vasara, \u201ebitter\u201c \u201enuo \u016bkio iki stalo\u201c darbas, ne \u201eUllamco\u201c sapn\u0173 gaudykl\u0117. Ra\u0161omoji ma\u0161in\u0117l\u0117 i\u0161 \u201eHelvetica\u201c, \u201ePolaroid\u201c vienos kilm\u0117s kavos grota\u017eym\u0117, marinuotas aprangos miksas.<br \/>\n[mks_tab_item]<br \/>\n[mks_tab_item title=\u201d3 antra\u0161t\u0117\u201d]<br \/>\n\u017dod\u017eiu, enim elit id, Vice tousled Intelligentsia. Fixie sint nostrud mlkshk, delectus synth Marfa et. Nihil VHS autenti\u0161kas kiaulienos pilvas, sapiente in Austin kogi paleo PBR&amp;B 8-bit. Tumblr megztinis sutrikdo paleo tatuiruo\u010di\u0173 patikos fond\u0105, Truffaut odio sunt geriam\u0105j\u012f act\u0105. Paruo\u0161tas Polaroid kardiganas Shoreditch mopso sintetinis, autenti\u0161kas freegan aliquip banjo fugiat. Patikos fondas hella McSweeney&#039;s \u201efarm-to-table rerehenderit\u201c, barzdos animacinis ba\u017enytinis raktas cillum eu lo-fi ra\u0161omosios ma\u0161in\u0117l\u0117s i\u0161\u0161okantis langas. Quis prie\u0161 i\u0161parduodant scenester banjo, mados kirvis nesciunt sartorial veniam Portland magna aute Vice.<br \/>\n[mks_tab_item]<br \/>\n[\/mks_tabs]<\/p>\n<h3>Akordeonai?<\/h3>\n<p>[mks_akordeonas]<br \/>\n[mks_accordion_item title=\u201d1 antra\u0161t\u0117\u201d]<br \/>\n\u017dod\u017eiu, enim elit id, Vice tousled Intelligentsia. Fixie sint nostrud mlkshk, delectus synth Marfa et. Nihil VHS autenti\u0161kas kiaulienos pilvas, sapiente in Austin kogi paleo PBR&amp;B 8-bit. Tumblr megztinis sutrikdo paleo tatuiruo\u010di\u0173 patikos fond\u0105, Truffaut odio sunt geriam\u0105j\u012f act\u0105. Paruo\u0161tas Polaroid kardiganas Shoreditch mopso sintetinis, autenti\u0161kas freegan aliquip banjo fugiat. Patikos fondas hella McSweeney&#039;s \u201efarm-to-table rerehenderit\u201c, barzdos animacinis ba\u017enytinis raktas cillum eu lo-fi ra\u0161omosios ma\u0161in\u0117l\u0117s i\u0161\u0161okantis langas. Quis prie\u0161 i\u0161parduodant scenester banjo, mados kirvis nesciunt sartorial veniam Portland magna aute Vice.<br \/>\n[\/mks_akordeono_elementas]<br \/>\n[mks_accordion_item title=\u201d2 antra\u0161t\u0117\u201d]<br \/>\nNarvalo tatuiruotas megztinis, bolivin\u0117s balandos megztiniai su sintetiniu pariat\u016bru, etnin\u0117s asmenuk\u0117s, \u201eHigh Life\u201c. \u012eprastai valomoje band\u017eoje, netikra, ne \u201eThundercats\u201c. Gastropubo masturbacijos ceche suknel\u0117, Portlando 8-i\u0173 bit\u0173 \u201eUllamco\u201c d\u017einsiniai \u0161ortai su flanele, XOXO esse. Biodyzelino \u201enext level\u201c fiksavimo spauda, i\u0161bandyta kiaulienos pilvo spauda be glitimo. Paleo, kuriai \u201eThundercats\u201c tr\u016bksta klavi\u0161\u0173. Sintetinio \u201echurch-key\u201c reklama Terry Richardsonui, darant prielaid\u0105, kad vasara, \u201ebitter\u201c \u201enuo \u016bkio iki stalo\u201c darbas, ne \u201eUllamco\u201c sapn\u0173 gaudykl\u0117. Ra\u0161omoji ma\u0161in\u0117l\u0117 i\u0161 \u201eHelvetica\u201c, \u201ePolaroid\u201c vienos kilm\u0117s kavos grota\u017eym\u0117, marinuotas aprangos miksas.<br \/>\n[\/mks_akordeono_elementas]<br \/>\n[mks_accordion_item title=\u201d3 antra\u0161t\u0117\u201d]<br \/>\nChia ki\u010do laboratorija, Etsy iPhone Echo Park Thundercats ba\u017eny\u010dioje esantis ekologi\u0161kas lo-fi. Smerkti i\u0161\u0161okant\u012f vilk\u0105, i\u0161m\u0117ginti pariatur craft beer keytar kalmarus ir krep\u0161\u012f Echo Park. Keturi loko mlkshk i\u0161kili, vienos kilm\u0117s kava ullamco sutrikdo banh mi lo-fi freegan Shoreditch ironij\u0105. Letterpress sartorial meh lomo hashtag, eiusmod aliqua in. Semiotics etninis pa\u0161aras, irure Dreamcatcher disrupt wayfarers slow-carb eu. IPhone tatuiruotas labore 3 wolf moon Odd Future, dolore riedlent\u0117.<br \/>\n[\/mks_akordeono_elementas]<br \/>\n[\/mks_akordeonas]<\/p>\n<h3>Perjungikliai?<\/h3>\n<p>[mks_toggle title=&quot;Example Title&quot; state=&quot;open&quot;]Chia ki\u010do laboratorija, Etsy iPhone Echo Park Thundercats ba\u017eny\u010dioje esantis cornhole organinis lo-fi. Smerkti i\u0161\u0161okant\u012f vilk\u0105, i\u0161m\u0117ginti pariatur craft beer keytar kalmarus ir krep\u0161\u012f Echo Park. Keturi loko mlkshk i\u0161kili, vienos kilm\u0117s kava ullamco sutrikdo banh mi lo-fi freegan Shoreditch ironij\u0105. Letterpress sartorial meh lomo hashtag, eiusmod aliqua in.[\/mks_toggle]<\/p>\n<p>[mks_toggle title=&quot;Example Title&quot; state=&quot;close&quot;]Chia ki\u010do laboratorija, Etsy iPhone Echo Park Thundercats ba\u017eny\u010di\u0173 raktas cornhole organinis lo-fi. Smerkti i\u0161\u0161okant\u012f vilk\u0105, i\u0161m\u0117ginti pariatur craft beer keytar kalmarus ir krep\u0161\u012f Echo Park. Keturi loko mlkshk i\u0161kili, vienos kilm\u0117s kava ullamco sutrikdo banh mi lo-fi freegan Shoreditch ironij\u0105. Letterpress sartorial meh lomo hashtag, eiusmod aliqua in.[\/mks_toggle]\t\t<\/p>","protected":false},"excerpt":{"rendered":"<p>Theme comes with full support for our Meks Flexible Shortcodes WordPress plugin. Check some examples of what can you create inside page\/post content with our shortcodes. You can add some columns&#8230; [mks_col] [mks_one_half]Excepteur adipisicing try-hard kale chips et. Meh wolf anim delectus skateboard. Forage scenester mustache skateboard DIY, sapiente laborum whatever. Ethical consectetur non +1 [&hellip;]<\/p>","protected":false},"author":1,"featured_media":0,"parent":0,"menu_order":0,"comment_status":"closed","ping_status":"closed","template":"","meta":{"footnotes":""},"class_list":["post-337","page","type-page","status-publish","hentry"],"_links":{"self":[{"href":"https:\/\/idloaded.com\/lt\/wp-json\/wp\/v2\/pages\/337","targetHints":{"allow":["GET"]}}],"collection":[{"href":"https:\/\/idloaded.com\/lt\/wp-json\/wp\/v2\/pages"}],"about":[{"href":"https:\/\/idloaded.com\/lt\/wp-json\/wp\/v2\/types\/page"}],"author":[{"embeddable":true,"href":"https:\/\/idloaded.com\/lt\/wp-json\/wp\/v2\/users\/1"}],"replies":[{"embeddable":true,"href":"https:\/\/idloaded.com\/lt\/wp-json\/wp\/v2\/comments?post=337"}],"version-history":[{"count":0,"href":"https:\/\/idloaded.com\/lt\/wp-json\/wp\/v2\/pages\/337\/revisions"}],"wp:attachment":[{"href":"https:\/\/idloaded.com\/lt\/wp-json\/wp\/v2\/media?parent=337"}],"curies":[{"name":"wp","href":"https:\/\/api.w.org\/{rel}","templated":true}]}}