{"id":328,"date":"2014-11-25T13:48:50","date_gmt":"2014-11-25T13:48:50","guid":{"rendered":"https:\/\/demo.mekshq.com\/voice\/?page_id=328"},"modified":"2014-11-25T13:48:50","modified_gmt":"2014-11-25T13:48:50","slug":"tipografija","status":"publish","type":"page","link":"https:\/\/idloaded.com\/lt\/tipografija\/","title":{"rendered":"Tipografija"},"content":{"rendered":"<p>[mks_dropcap style=\u201dsquare\u201d size=\u201d50\u2033 bg_color=\u201d#cf4d35\u2033 txt_color=\u201d#ffffff\u201d]A[\/mks_dropcap]orem ipsum Id tempor laborum in consequat ut in ecididuit id quids in sitam id quid eu Duis sunt laborum in consequat tempor laborum in pasekm\u0117 Excepteur <a href=\"https:\/\/mekshq.com\" target=\"_blank\" rel=\"noopener noreferrer\">konsultuotis reprehenderit\u0105<\/a> culpa deserunt cillum aute dolor dolor dolor qui. Id tempor laborum in consequat Ut in eu id eu. Shoreditch gastropub bet koks. Reprehenderit quer polaroid aben digeth manu.<\/p>\n\n\n\n<h1 class=\"wp-block-heading\">Tai yra H1 pavyzd\u017eio pavadinimas<\/h1>\n\n\n\n<p>\u201eNarwhal\u201c krep\u0161ys per pet\u012f, pir\u0161tais suri\u0161tas bolivinis balandas, maisto vagon\u0117lis, keturi \u201eloko\u201c dvira\u010di\u0173 teis\u0117s, spauda, ant jo \u2013 pauk\u0161telis, tofu, band\u017ea, kreidel\u0117s, semiotika, \u201eiPhone\u201c. \u201eMlkshk twee\u201c, \u201eNeutral Bushwick\u201c. \u201eWilliamsburg Crucifix\u201c, keytar juosmens krep\u0161ys, \u201eAmerican Apparel\u201c lanksti VHS kaset\u0117. \u201eChillwave Godard\u201c kreidel\u0117s su gobtuvu, \u201eNeutra\u201c. Vinilinis i\u0161\u0161okantis maisto vagon\u0117lis, \u201eWayfarers\u201c, semiotika, gatv\u0117s menas.<\/p>\n\n\n\n<h2 class=\"wp-block-heading\">Tai yra H2 pavyzd\u017eio pavadinimas.<\/h2>\n\n\n\n<p>Blogas \u201eBrooklyn keytar\u201c tikriausiai apie juos negird\u0117jote: miksteipas, tiesiogin\u0117s prekybos grota\u017eym\u0117, ekologi\u0161ka, ba\u017eny\u010dios rakto krucifiksas, stumptown kli\u0161\u0117, sunkiai i\u0161bandoma etnin\u0117 muzika. Fleksitari\u0161kas narvalas, PBR&amp;B +1 \u201elocavore\u201c. Aprangos stiliaus \u201edreamcatcher\u201c d\u017einsiniai \u0161ortai, \u201eNeutra\u201c gatv\u0117s menas, kiaulienos pilvo \u016bsai, pagal u\u017esakym\u0105.<\/p>\n\n\n\n<h3 class=\"wp-block-heading\">Tai yra h3 pavyzd\u017eio pavadinimas<\/h3>\n\n\n\n<p>\u201eNarwhal\u201c krep\u0161ys per pet\u012f, pir\u0161tais suri\u0161tas bolivinis balandas, maisto vagon\u0117lis, keturi \u201eloko\u201c dvira\u010di\u0173 teis\u0117s, spauda, ant jo \u2013 pauk\u0161telis, tofu, band\u017ea, kreidel\u0117s, semiotika, \u201eiPhone\u201c. \u201eMlkshk twee\u201c, \u201eNeutral Bushwick\u201c. \u201eWilliamsburg Crucifix\u201c, keytar juosmens krep\u0161ys, \u201eAmerican Apparel\u201c lanksti VHS kaset\u0117. \u201eChillwave Godard\u201c kreidel\u0117s su gobtuvu, \u201eNeutra\u201c. Vinilinis i\u0161\u0161okantis maisto vagon\u0117lis, \u201eWayfarers\u201c, semiotika, gatv\u0117s menas.<\/p>\n\n\n\n<h4 class=\"wp-block-heading\">Tai yra h4 pavyzd\u017eio pavadinimas<\/h4>\n\n\n\n<p>Blogas \u201eBrooklyn keytar\u201c tikriausiai apie juos negird\u0117jote: miksteipas, tiesiogin\u0117s prekybos grota\u017eym\u0117, ekologi\u0161ka, ba\u017eny\u010dios rakto krucifiksas, stumptown kli\u0161\u0117, sunkiai i\u0161bandoma etnin\u0117 muzika. Fleksitari\u0161kas narvalas, PBR&amp;B +1 \u201elocavore\u201c. Aprangos stiliaus \u201edreamcatcher\u201c d\u017einsiniai \u0161ortai, \u201eNeutra\u201c gatv\u0117s menas, kiaulienos pilvo \u016bsai, pagal u\u017esakym\u0105.<\/p>\n\n\n\n<h5 class=\"wp-block-heading\">Tai yra h5 pavyzd\u017eio pavadinimas<\/h5>\n\n\n\n<p>Blogas \u201eBrooklyn keytar\u201c tikriausiai apie juos negird\u0117jote: miksteipas, tiesiogin\u0117s prekybos grota\u017eym\u0117, ekologi\u0161ka, ba\u017eny\u010dios rakto krucifiksas, stumptown kli\u0161\u0117, sunkiai i\u0161bandoma etnin\u0117 muzika. Fleksitari\u0161kas narvalas, PBR&amp;B +1 \u201elocavore\u201c. Aprangos stiliaus \u201edreamcatcher\u201c d\u017einsiniai \u0161ortai, \u201eNeutra\u201c gatv\u0117s menas, kiaulienos pilvo \u016bsai, pagal u\u017esakym\u0105.<\/p>\n\n\n\n<h6 class=\"wp-block-heading\">Tai yra h6 pavyzd\u017eio pavadinimas<\/h6>\n\n\n\n<p>Lorem ipsum Id tempor laborum in consequat Ut in eu id eu incididunt ut sed elit quis veniam sint id sit Duis sunt Excepteur consectetur reprehenderit culpa deserunt cillum aute dolor dolor dolor qui.<\/p>\n\n\n\n<div class=\"wp-block-image\"><figure class=\"alignleft\"><a href=\"https:\/\/demo.mekshq.com\/voice\/wp-content\/uploads\/2014\/11\/voice_16.jpg\"><img decoding=\"async\" src=\"https:\/\/demo.mekshq.com\/voice\/wp-content\/uploads\/2014\/11\/voice_16-300x300.jpg\" alt=\"Mados fanatikas\" class=\"wp-image-83\"\/><\/a><figcaption>Mados fanatikas<\/figcaption><\/figure><\/div>\n\n\n\n<p>Apsipilk ir \u0161nyp\u0161ti, \u201eCommodo Marfa\u201c sapn\u0173 gaudykl\u0117 \u2013 aliquip. Patikos fondas prie\u0161 jiems i\u0161parduodant mumblecore YOLO. \u201ePlaceat\u201c patikos fondo kalt\u0117, keffiyeh twee labore vero. McSweeney chia polaroid vilkas. \u201eLaborum\u201c juosmens krep\u0161ys, \u201eVice Pitchfork\u201c, \u201eTumblr\u201c, \u201ePinterest\u201c, \u201eBlue Bottle\u201c mank\u0161ta, \u201eHigh Life\u201c, 8 bit\u0173 \u201emlkshk\u201c v\u0117lyvieji pusry\u010diai, mados kirvis \u201eHelvetica\u201c. \u201ePolaroid non-consectetur\u201c, incidentin\u0117s tampr\u0117s, scenesteris. <a href=\"#\">\u0160ak\u0117s geria act\u0105 <\/a>neeti\u0161kas virusas. Band\u017eos sapn\u0173 gaudykl\u0117s suvenyras Etsy. I\u0161mintingi d\u017eemperis su gobtuvu, \u201eWayfarers\u201c, \u201eMumblecore\u201c, met\u0173 \u201eAdipisicing\u201c, \u201ePlace-Origin\u201c kava. Banksy maisto vagon\u0117lis, \u201eNeutra eiusmod forage\u201c, i\u0161 tikr\u0173j\u0173 kiaulienos pilvo d\u017eemperis su gobtuvu, \u201eMLKShk keytar synth laboris Intelligentsia. Kaltinkite, koks polaroidas, \u201eXOXO\u201c, Shoreditch gastropub whatever. Kaltinkite, koks polaroidas, \u201eXOXO\u201c, Shoreditch gastropub.<\/p>\n\n\n\n<div class=\"wp-block-image\"><figure class=\"alignright\"><a href=\"https:\/\/demo.mekshq.com\/voice\/wp-content\/uploads\/2014\/11\/voice_61.jpg\"><img decoding=\"async\" src=\"https:\/\/demo.mekshq.com\/voice\/wp-content\/uploads\/2014\/11\/voice_61-300x200.jpg\" alt=\"Fotografijos nindz\u0117\" class=\"wp-image-86\"\/><\/a><figcaption>Fotografijos nindz\u0117<\/figcaption><\/figure><\/div>\n\n\n\n<p>Vienos kilm\u0117s kava <a href=\"#\">Ullamco pariatur<\/a>, id accusamus sunt pop-up. Fugiat kiaulienos pilvas Terry Richardson 3 vilko m\u0117nulis, commodo placeat Intelligentsia irure d\u017eemperis Etsy do Neutra aliqua cray. Pariatur antblauzd\u017eiai Banksy anim pour-over dolor, labore cornhole Pinterest delectus cray voluptate. Banjo vinilas Austin, Truffaut scenester prisiimant prielaid\u0105, PBR&amp;B kiaulienos pilvas eiusmod narwhal Vice selvage meh consequat. \u201eGastropub proident\u201c suardo neapdorot\u0105 d\u017einsinio audinio konsekcij\u0105, traukia \u201eEcho Park Tonx chia\u201c. Pitchfork accusamus kogi Tonx. Elit etnin\u0117s \u201eThundercats\u201c fap, aliquip Marfa tiesiogin\u0117 prekyba ir \u201eAmerican Apparel quinoa stumptown\u201c.<\/p>\n\n\n<p>[mks_separator style=\u201dkietas\u201d auk\u0161tis=\u201d1\u2033]<\/p>\n\n\n\n<h4 class=\"wp-block-heading\">Citatos blokas<\/h4>\n\n\n\n<p>I\u0161mintingieji gobtuvais vau\u010dininkai mumblecore metai adipisicing vieta vienos kilm\u0117s kava. Banksy metai maisto vagon\u0117lis Neutra eiusmod pa\u0161aras, i\u0161 tikr\u0173j\u0173 kiaulienos pilvo gobtuvas mlkshk keytar synth laboris Intelligentsia. Reprehenderit que polaroid XOXO kaltas, Shoreditch gastropub kad ir kas.<\/p>\n\n\n\n<blockquote class=\"wp-block-quote is-layout-flow wp-block-quote-is-layout-flow\"><p>J\u016bs\u0173 laikas ribotas, tod\u0117l ne\u0161vaistykite jo gyvendami ka\u017ekieno kito gyvenim\u0105. Ne\u012fstrigkite dogmoje \u2013 tai yra gyvenime su kit\u0173 \u017emoni\u0173 m\u0105stymo rezultatais. Neleiskite, kad kit\u0173 nuomon\u0117s triuk\u0161mas u\u017ego\u017et\u0173 j\u016bs\u0173 vidin\u012f bals\u0105. Ir svarbiausia \u2013 tur\u0117kite dr\u0105sos sekti savo \u0161irdimi ir intuicija.<\/p><\/blockquote>\n\n\n\n<p>I\u0161mintingieji gobtuvais vau\u010dininkai mumblecore metai adipisicing vieta vienos kilm\u0117s kava. Banksy metai maisto vagon\u0117lis Neutra eiusmod pa\u0161aras, i\u0161 tikr\u0173j\u0173 kiaulienos pilvo gobtuvas mlkshk keytar synth laboris Intelligentsia. Reprehenderit que polaroid XOXO kaltas, Shoreditch gastropub kad ir kas.<\/p>\n\n\n\n<h4 class=\"wp-block-heading\">Svarbiausi dalykai<\/h4>\n\n\n\n<p>Lorem ipsum Id tempor laborum in <\/p>\n\n\n<p>[mks_highlight color=\u201d#cf4d35\u2033]<span style=\"color: #ffffff;\">veniam sint id<\/span>[\/mks_highlight]<\/p>\n\n\n\n<p> consequat Ut in eu id eu incididunt ut sed elit quis sit Duis sunt Excepteur consectetur reprehenderit culpa deserunt cillum aute dolor dolor dolor qui.<\/p>\n\n\n<p>[mks_col]<br \/>\n[mks_one_half]<\/p>\n<h4 style=\"text-align: left;\">Nesutvarkytas s\u0105ra\u0161as<\/h4>\n<ul>\n<li>Sapiente gobtuvas \u201eWayfarers\u201c<\/li>\n<li>Pariatur tampr\u0117s Banksy<\/li>\n<li>Pitchfork kaltina<\/li>\n<li>\u201eHelvetica\u201c spirito varyklos skausmas<\/li>\n<\/ul>\n<p>[\/mks_one_half]<\/p>\n<p>[mks_one_half]<\/p>\n<h4>Sutvarkytas s\u0105ra\u0161as<\/h4>\n<ol>\n<li>Echo Parko mank\u0161ta<\/li>\n<li>Pinterest delectus cray voluptate<\/li>\n<li>Aliqua kreditas Terry Richardson<\/li>\n<li>Pitchfork kaltina<\/li>\n<\/ol>\n<p>[\/mks_one_half]<\/p>\n<p>[\/mks_col]<\/p>\n\n\n\n<h4 class=\"wp-block-heading\">Kodo pavyzdys<\/h4>\n\n\n\n<pre class=\"wp-block-preformatted\">.super_class:before{ background:url(&#039;images\/awesome.jpg&#039;) nepasikartojantis centras centre; float:left; display:block; content: &quot;Nuostabu&quot;; }<\/pre>\n\n\n\n<h4 class=\"wp-block-heading\">Lentel\u0117s pavyzdys<\/h4>\n\n\n\n<table class=\"wp-block-table\"><thead><tr><td>Vardas<\/td><td>Slapyvardis<\/td><td>Skai\u010dius<\/td><\/tr><\/thead><tbody><tr><td>D\u017eil\u0117<\/td><td>D\u017eokeris<\/td><td>50<\/td><\/tr><tr><td>Ieva<\/td><td>Betmenas<\/td><td>94<\/td><\/tr><tr><td>Jonas<\/td><td>Robinas<\/td><td>80<\/td><\/tr><\/tbody><\/table>","protected":false},"excerpt":{"rendered":"<p>[mks_dropcap style=&#8221;square&#8221; size=&#8221;50&#8243; bg_color=&#8221;#cf4d35&#8243; txt_color=&#8221;#ffffff&#8221;]A[\/mks_dropcap]orem ipsum Id tempor laborum in consequat ut in eu id eu incididunt ut sed elit quis veniam sint id sit Duis sunt laborum in consequat&nbsp;tempor laborum in consequat&nbsp;Excepteur consectetur reprehenderit culpa deserunt cillum aute dolor dolor dolor qui. Id tempor laborum in consequat Ut in eu id eu.&nbsp;Shoreditch gastropub whatever.&nbsp;Reprehenderit [&hellip;]<\/p>","protected":false},"author":1,"featured_media":0,"parent":0,"menu_order":0,"comment_status":"closed","ping_status":"closed","template":"","meta":{"footnotes":""},"class_list":["post-328","page","type-page","status-publish","hentry"],"_links":{"self":[{"href":"https:\/\/idloaded.com\/lt\/wp-json\/wp\/v2\/pages\/328","targetHints":{"allow":["GET"]}}],"collection":[{"href":"https:\/\/idloaded.com\/lt\/wp-json\/wp\/v2\/pages"}],"about":[{"href":"https:\/\/idloaded.com\/lt\/wp-json\/wp\/v2\/types\/page"}],"author":[{"embeddable":true,"href":"https:\/\/idloaded.com\/lt\/wp-json\/wp\/v2\/users\/1"}],"replies":[{"embeddable":true,"href":"https:\/\/idloaded.com\/lt\/wp-json\/wp\/v2\/comments?post=328"}],"version-history":[{"count":0,"href":"https:\/\/idloaded.com\/lt\/wp-json\/wp\/v2\/pages\/328\/revisions"}],"wp:attachment":[{"href":"https:\/\/idloaded.com\/lt\/wp-json\/wp\/v2\/media?parent=328"}],"curies":[{"name":"wp","href":"https:\/\/api.w.org\/{rel}","templated":true}]}}