{"id":76,"date":"2023-12-01T00:53:30","date_gmt":"2023-12-01T03:53:30","guid":{"rendered":"http:\/\/idloaded.com\/?page_id=76"},"modified":"2024-07-04T19:23:39","modified_gmt":"2024-07-04T22:23:39","slug":"disclaimer","status":"publish","type":"page","link":"https:\/\/idloaded.com\/it\/disclaimer\/","title":{"rendered":"Disclaimer"},"content":{"rendered":"<h2>Disclaimer<\/h2>\n<p>Le informazioni disponibili sul sito web IdLoaded sono a scopo informativo generale. Sebbene ci sforziamo di fornire informazioni accurate e aggiornate, non garantiamo la completezza, l&#039;affidabilit\u00e0 o l&#039;accuratezza dei contenuti presentati su questo sito web.<\/p>\n<h3>Consulenza professionale<\/h3>\n<p>Il contenuto di IdLoaded non sostituisce la consulenza, la diagnosi o il trattamento professionale. Ti consigliamo di consultare sempre un professionista qualificato per qualsiasi domanda o dubbio tu possa avere su salute, sicurezza o qualsiasi questione relativa alla tecnologia e alle innovazioni.<\/p>\n<h3>Rischio assunto<\/h3>\n<p>Le attivit\u00e0 legate alla tecnologia e alle innovazioni comportano rischi intrinseci. Non siamo responsabili per eventuali lesioni, perdite o danni che potrebbero verificarsi a seguito delle informazioni fornite su questo sito o dell&#039;uso dei prodotti e delle tecnologie discusse.<\/p>\n<h3>Collegamenti esterni<\/h3>\n<p>IdLoaded pu\u00f2 contenere collegamenti a siti Web o risorse esterne. Non approviamo n\u00e9 garantiamo l&#039;accuratezza delle informazioni fornite su questi siti esterni. Ti consigliamo di prestare attenzione e di rivedere i termini e le politiche sulla privacy di tutti i siti Web di terzi che visiti.<\/p>\n<h3>Diritto d&#039;autore e utilizzo<\/h3>\n<p>Tutti i contenuti di questo sito Web, inclusi testi, immagini, grafica e altri materiali, sono protetti da copyright. \u00c8 vietata la riproduzione, la distribuzione o l&#039;utilizzo di qualsiasi contenuto IdLoaded senza la nostra esplicita autorizzazione scritta.<\/p>\n<h3>Modifiche al contenuto<\/h3>\n<p>Ci riserviamo il diritto di modificare, aggiornare o rimuovere qualsiasi contenuto di questo sito a nostra discrezione.<\/p>\n<h3>Consenso<\/h3>\n<p>Utilizzando il sito web IdLoaded, accetti questo avviso e ne accetti i termini.<\/p>\n<h3>Domande<\/h3>\n<p>In caso di domande o dubbi in merito al presente avviso, contattarci all&#039;indirizzo <a rel=\"noreferrer\">contact@idloaded.com<\/a>.<\/p>\n<p>Utilizzando questo sito Web, dichiari di aver letto e compreso questo avviso. Apprezziamo la tua comprensione e il tuo impegno nel garantire un&#039;esperienza sicura e informativa sulla tecnologia e sulle innovazioni.<\/p>","protected":false},"excerpt":{"rendered":"<p>Aviso de Isen\u00e7\u00e3o de Responsabilidade As informa\u00e7\u00f5es dispon\u00edveis no site IdLoaded s\u00e3o para fins informativos gerais. Embora nos esforcemos para fornecer informa\u00e7\u00f5es precisas e atualizadas, n\u00e3o garantimos a completude, confiabilidade ou exatid\u00e3o do conte\u00fado apresentado neste site. Conselho Profissional O conte\u00fado do IdLoaded n\u00e3o substitui o conselho, diagn\u00f3stico ou tratamento profissional. Recomendamos sempre consultar um [&hellip;]<\/p>","protected":false},"author":1,"featured_media":0,"parent":0,"menu_order":0,"comment_status":"closed","ping_status":"closed","template":"","meta":{"footnotes":""},"class_list":["post-76","page","type-page","status-publish","hentry"],"_links":{"self":[{"href":"https:\/\/idloaded.com\/it\/wp-json\/wp\/v2\/pages\/76","targetHints":{"allow":["GET"]}}],"collection":[{"href":"https:\/\/idloaded.com\/it\/wp-json\/wp\/v2\/pages"}],"about":[{"href":"https:\/\/idloaded.com\/it\/wp-json\/wp\/v2\/types\/page"}],"author":[{"embeddable":true,"href":"https:\/\/idloaded.com\/it\/wp-json\/wp\/v2\/users\/1"}],"replies":[{"embeddable":true,"href":"https:\/\/idloaded.com\/it\/wp-json\/wp\/v2\/comments?post=76"}],"version-history":[{"count":6,"href":"https:\/\/idloaded.com\/it\/wp-json\/wp\/v2\/pages\/76\/revisions"}],"predecessor-version":[{"id":507,"href":"https:\/\/idloaded.com\/it\/wp-json\/wp\/v2\/pages\/76\/revisions\/507"}],"wp:attachment":[{"href":"https:\/\/idloaded.com\/it\/wp-json\/wp\/v2\/media?parent=76"}],"curies":[{"name":"wp","href":"https:\/\/api.w.org\/{rel}","templated":true}]}}