{"id":69,"date":"2023-12-01T00:51:50","date_gmt":"2023-12-01T03:51:50","guid":{"rendered":"http:\/\/idloaded.com\/?page_id=69"},"modified":"2024-07-04T19:21:46","modified_gmt":"2024-07-04T22:21:46","slug":"contattaci","status":"publish","type":"page","link":"https:\/\/idloaded.com\/it\/contattaci\/","title":{"rendered":"Contatto"},"content":{"rendered":"<h2>Contattaci<\/h2>\n<p>Grazie per il tuo interesse per IdLoaded. Apprezziamo le vostre opinioni e domande. Ecco i modi per contattarci:<\/p>\n<h3>E-mail<\/h3>\n<p>Per domande generali, suggerimenti o commenti, inviare un&#039;e-mail <a rel=\"noreferrer\">contact@idloaded.com<\/a>. Il nostro team si impegner\u00e0 a rispondere alle vostre domande il pi\u00f9 rapidamente possibile.<\/p>\n<h3>Modulo di Contatto<\/h3>\n<p>Se hai domande specifiche o desideri inviare un articolo relativo alla tecnologia, invia un&#039;e-mail <a rel=\"noreferrer\">contact@idloaded.com<\/a>. Diamo il benvenuto ai contributi degli amanti delle informazioni generali e degli appassionati di tecnologia.<\/p>\n<h3>Codice Postale<\/h3>\n<p>Se preferisci la posta tradizionale, ci trovi al seguente indirizzo:<\/p>\n<p><strong>IdLoaded<\/strong><\/p>\n<p>837 Vicolo delle impronte<\/p>\n<p>Dogville, Texas 75001<\/p>\n<p>Stati Uniti d&#039;America<\/p>\n<h3>Notiziario<\/h3>\n<p>Per rimanere aggiornato sugli ultimi articoli, tendenze tecnologiche e notizie della community IdLoaded, iscriviti alla nostra newsletter. Inserisci semplicemente la tua email nella casella di registrazione nella parte inferiore della nostra home page.<\/p>\n<h3>Feedback<\/h3>\n<p>Cerchiamo sempre di migliorare i nostri contenuti e l&#039;esperienza dell&#039;utente. Se hai suggerimenti o commenti su come possiamo migliorare la tua esperienza con IdLoaded, condividili con noi via email.<\/p>\n<p>Apprezziamo il tuo interesse e non vediamo l&#039;ora di sentire la tua opinione. IdLoaded \u00e8 qui per connettere il mondo dell&#039;informazione con le ultime novit\u00e0 tecnologiche e il tuo contributo \u00e8 fondamentale per aiutarci a raggiungere questa missione.<\/p>\n<p>Grazie per far parte della nostra comunit\u00e0 di informazioni generali!<\/p>","protected":false},"excerpt":{"rendered":"<p>Entre em Contato Conosco Obrigado pelo seu interesse no IdLoaded. Valorizamos suas opini\u00f5es e perguntas. Aqui est\u00e3o as formas de nos contatar: Email Para perguntas gerais, sugest\u00f5es ou coment\u00e1rios, envie um e-mail para contact@idloaded.com. Nossa equipe se esfor\u00e7ar\u00e1 para responder \u00e0s suas perguntas o mais r\u00e1pido poss\u00edvel. Formul\u00e1rio de Contato Se voc\u00ea tiver perguntas espec\u00edficas [&hellip;]<\/p>","protected":false},"author":1,"featured_media":0,"parent":0,"menu_order":0,"comment_status":"closed","ping_status":"closed","template":"","meta":{"footnotes":""},"class_list":["post-69","page","type-page","status-publish","hentry"],"_links":{"self":[{"href":"https:\/\/idloaded.com\/it\/wp-json\/wp\/v2\/pages\/69","targetHints":{"allow":["GET"]}}],"collection":[{"href":"https:\/\/idloaded.com\/it\/wp-json\/wp\/v2\/pages"}],"about":[{"href":"https:\/\/idloaded.com\/it\/wp-json\/wp\/v2\/types\/page"}],"author":[{"embeddable":true,"href":"https:\/\/idloaded.com\/it\/wp-json\/wp\/v2\/users\/1"}],"replies":[{"embeddable":true,"href":"https:\/\/idloaded.com\/it\/wp-json\/wp\/v2\/comments?post=69"}],"version-history":[{"count":6,"href":"https:\/\/idloaded.com\/it\/wp-json\/wp\/v2\/pages\/69\/revisions"}],"predecessor-version":[{"id":506,"href":"https:\/\/idloaded.com\/it\/wp-json\/wp\/v2\/pages\/69\/revisions\/506"}],"wp:attachment":[{"href":"https:\/\/idloaded.com\/it\/wp-json\/wp\/v2\/media?parent=69"}],"curies":[{"name":"wp","href":"https:\/\/api.w.org\/{rel}","templated":true}]}}