{"id":73,"date":"2023-12-01T00:53:30","date_gmt":"2023-12-01T03:53:30","guid":{"rendered":"http:\/\/idloaded.com\/?page_id=73"},"modified":"2024-07-04T19:18:00","modified_gmt":"2024-07-04T22:18:00","slug":"adatvedelmi-szabalyzat","status":"publish","type":"page","link":"https:\/\/idloaded.com\/hu\/adatvedelmi-szabalyzat\/","title":{"rendered":"Adatv\u00e9delmi ir\u00e1nyelvek"},"content":{"rendered":"<h2>Az IdLoaded adatv\u00e9delmi ir\u00e1nyelvei<\/h2>\n<p>Az IdLoadedben, amely a c\u00edmen tal\u00e1lhat\u00f3 <a href=\"http:\/\/idloaded.com\/hu\/\" target=\"_new\" rel=\"noreferrer noopener\">http:\/\/idloaded.com\/<\/a>, kiemelten kezelj\u00fck l\u00e1togat\u00f3ink mag\u00e1n\u00e9let\u00e9t. Ez a dokumentum le\u00edrja, hogy milyen t\u00edpus\u00fa inform\u00e1ci\u00f3kat gy\u0171jt\u00fcnk \u00e9s r\u00f6gz\u00edt\u00fcnk az IdLoadeden, \u00e9s hogyan haszn\u00e1ljuk azokat.<\/p>\n<p>Ha tov\u00e1bbi k\u00e9rd\u00e9se van, vagy tov\u00e1bbi r\u00e9szletekre van sz\u00fcks\u00e9ge az adatv\u00e9delmi ir\u00e1nyelveinkkel kapcsolatban, k\u00e9rj\u00fck, forduljon hozz\u00e1nk bizalommal.<\/p>\n<p>Ezek az adatv\u00e9delmi ir\u00e1nyelvek kiz\u00e1r\u00f3lag online tev\u00e9kenys\u00e9geinkre vonatkoznak, \u00e9s weboldalunk l\u00e1togat\u00f3ira vonatkoznak az \u00e1ltaluk az IdLoadedben megosztott \u00e9s\/vagy gy\u0171jt\u00f6tt inform\u00e1ci\u00f3kkal kapcsolatban. Ezek az ir\u00e1nyelvek nem vonatkoznak az offline vagy a webhelyen k\u00edv\u00fcli csatorn\u00e1kon kereszt\u00fcl gy\u0171jt\u00f6tt inform\u00e1ci\u00f3kra.<\/p>\n<h3>Meg\u00e1llapod\u00e1s<\/h3>\n<p>Azzal, hogy bel\u00e9p weboldalunkra, elfogadja adatv\u00e9delmi ir\u00e1nyelveinket \u00e9s elfogadja annak felt\u00e9teleit.<\/p>\n<h3>Az \u00e1ltalunk gy\u0171jt\u00f6tt adatok<\/h3>\n<p>Egy\u00e9rtelm\u0171en elmagyar\u00e1zzuk, mi\u00e9rt van sz\u00fcks\u00e9g\u00fcnk az \u00e1ltalunk k\u00e9rt szem\u00e9lyes adatokra, amikor azt k\u00e9rj\u00fck.<\/p>\n<p>Ha k\u00f6zvetlen\u00fcl felveszi vel\u00fcnk a kapcsolatot, tov\u00e1bbi inform\u00e1ci\u00f3kat kaphatunk \u00d6nr\u0151l, p\u00e9ld\u00e1ul nev\u00e9t, e-mail c\u00edm\u00e9t, telefonsz\u00e1m\u00e1t, az \u00d6n \u00e1ltal nek\u00fcnk k\u00fcld\u00f6tt \u00fczenetek \u00e9s\/vagy mell\u00e9kletek tartalm\u00e1t, \u00e9s minden egy\u00e9b inform\u00e1ci\u00f3t, amelyet megadhat.<\/p>\n<p>Amikor l\u00e9trehoz egy fi\u00f3kot, elk\u00e9rhetj\u00fck kapcsolatfelv\u00e9teli adatait, bele\u00e9rtve az olyan elemeket, mint a n\u00e9v, c\u00e9gn\u00e9v, c\u00edm, e-mail c\u00edm \u00e9s telefonsz\u00e1m.<\/p>\n<h3>Hogyan haszn\u00e1ljuk fel az \u00d6n adatait<\/h3>\n<p>Az \u00e1ltalunk gy\u0171jt\u00f6tt adatokat t\u00f6bbf\u00e9lek\u00e9ppen haszn\u00e1ljuk fel, t\u00f6bbek k\u00f6z\u00f6tt:<\/p>\n<ul>\n<li>Weboldalunk biztos\u00edt\u00e1sa, \u00fczemeltet\u00e9se \u00e9s karbantart\u00e1sa<\/li>\n<li>Weboldalunk fejleszt\u00e9se, szem\u00e9lyre szab\u00e1sa \u00e9s b\u0151v\u00edt\u00e9se<\/li>\n<li>\u00c9rtse meg \u00e9s elemezze, hogyan haszn\u00e1lja weboldalunkat<\/li>\n<li>Hozzon l\u00e9tre \u00faj term\u00e9keket, szolg\u00e1ltat\u00e1sokat, funkci\u00f3kat \u00e9s funkci\u00f3kat<\/li>\n<li>K\u00f6zvetlen\u00fcl vagy valamelyik partner\u00fcnk\u00f6n kereszt\u00fcl kapcsolatba l\u00e9phet \u00d6nnel \u00fcgyf\u00e9lszolg\u00e1lat, friss\u00edt\u00e9sek \u00e9s az oldallal kapcsolatos egy\u00e9b inform\u00e1ci\u00f3k biztos\u00edt\u00e1sa, valamint marketing \u00e9s prom\u00f3ci\u00f3s c\u00e9lok \u00e9rdek\u00e9ben<\/li>\n<li>K\u00fcldj e-maileket<\/li>\n<li>A csal\u00e1s felder\u00edt\u00e9se \u00e9s megel\u0151z\u00e9se<\/li>\n<\/ul>\n<h3>Registry Files<\/h3>\n<p>Az IdLoaded a napl\u00f3f\u00e1jlok haszn\u00e1lat\u00e1nak szok\u00e1sos elj\u00e1r\u00e1s\u00e1t k\u00f6veti. Ezek a f\u00e1jlok r\u00f6gz\u00edtik a l\u00e1togat\u00f3kat, amikor webhelyeket l\u00e1togatnak meg. Minden hosting c\u00e9g ezt a t\u00e1rhelyelemz\u00e9si szolg\u00e1ltat\u00e1sa r\u00e9szek\u00e9nt teszi. A napl\u00f3f\u00e1jlok \u00e1ltal gy\u0171jt\u00f6tt inform\u00e1ci\u00f3k magukban foglalj\u00e1k az IP-c\u00edmeket, a b\u00f6ng\u00e9sz\u0151 t\u00edpus\u00e1t, az Internet-szolg\u00e1ltat\u00f3t (ISP), a d\u00e1tum- \u00e9s id\u0151b\u00e9lyegz\u0151t, a hivatkoz\u00f3\/kil\u00e9p\u00e9si oldalakat \u00e9s esetleg a kattint\u00e1sok sz\u00e1m\u00e1t. Ez az inform\u00e1ci\u00f3 nem kapcsol\u00f3dik semmilyen szem\u00e9lyazonos\u00edt\u00e1sra alkalmas inform\u00e1ci\u00f3hoz. Az inform\u00e1ci\u00f3k c\u00e9lja a trendek elemz\u00e9se, az oldal adminisztr\u00e1l\u00e1sa, a felhaszn\u00e1l\u00f3k mozg\u00e1s\u00e1nak nyomon k\u00f6vet\u00e9se a weboldalon, valamint demogr\u00e1fiai inform\u00e1ci\u00f3k gy\u0171jt\u00e9se.<\/p>\n<h3>Cookie-k \u00e9s webes jelek<\/h3>\n<p>Mint minden m\u00e1s webhely, az IdLoaded is \u201ecookie-kat\u201d haszn\u00e1l. Ezeket a s\u00fctiket inform\u00e1ci\u00f3k t\u00e1rol\u00e1s\u00e1ra haszn\u00e1lj\u00e1k, bele\u00e9rtve a l\u00e1togat\u00f3k preferenci\u00e1it \u00e9s a webhely azon oldalait, amelyeket a l\u00e1togat\u00f3 megl\u00e1togatott vagy megl\u00e1togatott. Az inform\u00e1ci\u00f3kat arra haszn\u00e1ljuk, hogy optimaliz\u00e1ljuk a felhaszn\u00e1l\u00f3i \u00e9lm\u00e9nyt weboldalunk tartalm\u00e1nak testreszab\u00e1s\u00e1val a l\u00e1togat\u00f3 b\u00f6ng\u00e9sz\u0151t\u00edpusa \u00e9s\/vagy egy\u00e9b inform\u00e1ci\u00f3i alapj\u00e1n.<\/p>\n<h3>Google DoubleClick DART Cookie<\/h3>\n<p>A Google az egyik harmadik f\u00e9l szolg\u00e1ltat\u00f3 webhely\u00fcnk\u00f6n. Ezenk\u00edv\u00fcl cookie-kat, \u00fagynevezett DART cookie-kat haszn\u00e1l, hogy hirdet\u00e9seket jelen\u00edtsen meg webhely\u00fcnk l\u00e1togat\u00f3i sz\u00e1m\u00e1ra a webhelyen tett l\u00e1togat\u00e1suk alapj\u00e1n <a href=\"http:\/\/www.website.com\" target=\"_new\" rel=\"noreferrer noopener\">www.weboldal.com<\/a> \u00e9s m\u00e1s webhelyeken az interneten. A l\u00e1togat\u00f3k azonban d\u00f6nthetnek \u00fagy, hogy elutas\u00edtj\u00e1k a DART cookie-k haszn\u00e1lat\u00e1t, ha felkeresik a Google hirdet\u00e9si \u00e9s tartalmi h\u00e1l\u00f3zat\u00e1nak adatv\u00e9delmi ir\u00e1nyelveit a k\u00f6vetkez\u0151 URL-c\u00edmen \u2013 <a href=\"https:\/\/policies.google.com\/technologies\/ads\" target=\"_new\" rel=\"noreferrer noopener\">https:\/\/policies.google.com\/technologies\/ads<\/a>.<\/p>\n<h3>Adatv\u00e9delmi ir\u00e1nyelvek IdLoaded Advertising Partners sz\u00e1m\u00e1ra<\/h3>\n<p>Ebben a list\u00e1ban megtal\u00e1lhatja az IdLoaded hirdet\u00e9si partnereinek adatv\u00e9delmi ir\u00e1nyelveit.<\/p>\n<p>A harmadik f\u00e9lt\u0151l sz\u00e1rmaz\u00f3 hirdet\u00e9sszerverek vagy hirdet\u00e9si h\u00e1l\u00f3zatok olyan technol\u00f3gi\u00e1kat haszn\u00e1lnak, mint a cookie-k, a JavaScript vagy a Web Beacon-ok az IdLoadeden megjelen\u0151 hirdet\u00e9seikben \u00e9s hivatkoz\u00e1saikban, amelyeket k\u00f6zvetlen\u00fcl a felhaszn\u00e1l\u00f3k b\u00f6ng\u00e9sz\u0151j\u00e9be k\u00fcldenek. Amikor ez megt\u00f6rt\u00e9nik, automatikusan megkapj\u00e1k az \u00d6n IP-c\u00edm\u00e9t. Ezeket a technol\u00f3gi\u00e1kat hirdet\u00e9si kamp\u00e1nyaik hat\u00e9konys\u00e1g\u00e1nak m\u00e9r\u00e9s\u00e9re \u00e9s\/vagy a felkeresett webhelyeken l\u00e1that\u00f3 hirdet\u00e9si tartalom szem\u00e9lyre szab\u00e1s\u00e1ra haszn\u00e1lj\u00e1k.<\/p>\n<p>K\u00e9rj\u00fck, vegye figyelembe, hogy az IdLoaded nem f\u00e9r hozz\u00e1 ezekhez a cookie-khoz, amelyeket harmadik f\u00e9l hirdet\u0151k haszn\u00e1lnak, \u00e9s nem tudja ellen\u0151rizni azokat.<\/p>\n<h3>Harmadik felek adatv\u00e9delmi ir\u00e1nyelvei<\/h3>\n<p>Az IdLoaded adatv\u00e9delmi szab\u00e1lyzata nem vonatkozik m\u00e1s hirdet\u0151kre vagy webhelyekre. Ez\u00e9rt azt tan\u00e1csoljuk, hogy r\u00e9szletesebb inform\u00e1ci\u00f3k\u00e9rt tekintse \u00e1t e harmadik f\u00e9l hirdet\u00e9sszervereinek megfelel\u0151 adatv\u00e9delmi szab\u00e1lyzat\u00e1t. Tartalmazhatja gyakorlatait \u00e9s \u00fatmutat\u00e1sait arra vonatkoz\u00f3an, hogyan lehet leiratkozni bizonyos lehet\u0151s\u00e9gekr\u0151l.<\/p>\n<p>Lehet\u0151s\u00e9ge van a cookie-k letilt\u00e1s\u00e1ra az egy\u00e9ni b\u00f6ng\u00e9sz\u0151be\u00e1ll\u00edt\u00e1sokon kereszt\u00fcl. Ha r\u00e9szletesebb inform\u00e1ci\u00f3kat szeretne megtudni az egyes webb\u00f6ng\u00e9sz\u0151k cookie-kezel\u00e9s\u00e9r\u0151l, akkor ezeket a b\u00f6ng\u00e9sz\u0151k megfelel\u0151 webhelyein tal\u00e1lja.<\/p>\n<h3>CCPA adatv\u00e9delmi jogok (ne add el a szem\u00e9lyes adataimat)<\/h3>\n<p>A CCPA \u00e9rtelm\u00e9ben a kaliforniai fogyaszt\u00f3knak joguk van:<\/p>\n<ul>\n<li>K\u00e9rje, hogy a fogyaszt\u00f3k szem\u00e9lyes adatait gy\u0171jt\u0151 v\u00e1llalkoz\u00e1s hozza nyilv\u00e1noss\u00e1gra azokat a kateg\u00f3ri\u00e1kat \u00e9s konkr\u00e9t szem\u00e9lyes adatokat, amelyeket egy v\u00e1llalkoz\u00e1s gy\u0171jt\u00f6tt a fogyaszt\u00f3kr\u00f3l.<\/li>\n<li>K\u00e9rje meg a v\u00e1llalkoz\u00e1st, hogy t\u00f6r\u00f6lj\u00f6n minden olyan szem\u00e9lyes adatot a fogyaszt\u00f3r\u00f3l, amelyet a v\u00e1llalkoz\u00e1s gy\u0171jt\u00f6tt.<\/li>\n<li>K\u00e9rje, hogy a fogyaszt\u00f3 szem\u00e9lyes adatait \u00e9rt\u00e9kes\u00edt\u0151 v\u00e1llalkoz\u00e1s ne \u00e9rt\u00e9kes\u00edtse a fogyaszt\u00f3 szem\u00e9lyes adatait.<\/li>\n<\/ul>\n<p>Ha k\u00e9relmet ny\u00fajt be, egy h\u00f3nap \u00e1ll rendelkez\u00e9s\u00fcnkre, hogy v\u00e1laszoljunk. Ha e jogok b\u00e1rmelyik\u00e9vel \u00e9lni szeretne, k\u00e9rj\u00fck, vegye fel vel\u00fcnk a kapcsolatot.<\/p>\n<h3>GDPR adatv\u00e9delmi jogok<\/h3>\n<p>Biztos\u00edtani szeretn\u00e9nk, hogy \u00d6n teljes m\u00e9rt\u00e9kben tiszt\u00e1ban legyen minden adatv\u00e9delmi jog\u00e1val. Minden felhaszn\u00e1l\u00f3 jogosult a k\u00f6vetkez\u0151kre:<\/p>\n<ul>\n<li>Hozz\u00e1f\u00e9r\u00e9si jog \u2013 \u00d6nnek jog\u00e1ban \u00e1ll m\u00e1solatot k\u00e9rni szem\u00e9lyes adatair\u00f3l. Kisebb d\u00edjat sz\u00e1m\u00edthatunk fel ez\u00e9rt a szolg\u00e1ltat\u00e1s\u00e9rt.<\/li>\n<li>A helyesb\u00edt\u00e9shez val\u00f3 jog \u2013 \u00d6nnek jog\u00e1ban \u00e1ll k\u00e9rni, hogy jav\u00edtsunk ki minden olyan inform\u00e1ci\u00f3t, amelyet hib\u00e1snak v\u00e9l. \u00d6nnek joga van arra is, hogy k\u00e9rje t\u0151l\u00fcnk olyan inform\u00e1ci\u00f3k kieg\u00e9sz\u00edt\u00e9s\u00e9t, amelyekr\u0151l \u00fagy gondolja, hogy hi\u00e1nyosak.<\/li>\n<li>A t\u00f6rl\u00e9shez val\u00f3 jog \u2013 \u00d6nnek jog\u00e1ban \u00e1ll k\u00e9rni, hogy bizonyos felt\u00e9telek mellett t\u00f6r\u00f6lj\u00fck szem\u00e9lyes adatait.<\/li>\n<li>Az adatkezel\u00e9s korl\u00e1toz\u00e1s\u00e1hoz val\u00f3 jog \u2013 \u00d6nnek jog\u00e1ban \u00e1ll k\u00e9rni, hogy bizonyos felt\u00e9telek mellett korl\u00e1tozzuk szem\u00e9lyes adatai kezel\u00e9s\u00e9t.<\/li>\n<li>Az adatkezel\u00e9s elleni tiltakoz\u00e1s joga \u2013 \u00d6nnek jog\u00e1ban \u00e1ll tiltakozni szem\u00e9lyes adatainak \u00e1ltalunk v\u00e9gzett kezel\u00e9se ellen, bizonyos felt\u00e9telek mellett.<\/li>\n<li>Az adathordozhat\u00f3s\u00e1ghoz val\u00f3 jog \u2013 \u00d6nnek jog\u00e1ban \u00e1ll k\u00e9rni, hogy az \u00e1ltalunk gy\u0171jt\u00f6tt adatokat bizonyos felt\u00e9telek mellett m\u00e1s szervezetnek vagy k\u00f6zvetlen\u00fcl \u00d6nnek tov\u00e1bb\u00edtsuk.<\/li>\n<\/ul>\n<p>Ha k\u00e9relmet ny\u00fajt be, egy h\u00f3nap \u00e1ll rendelkez\u00e9s\u00fcnkre, hogy v\u00e1laszoljunk. Ha e jogok b\u00e1rmelyik\u00e9vel \u00e9lni szeretne, k\u00e9rj\u00fck, vegye fel vel\u00fcnk a kapcsolatot.<\/p>\n<h3>Inform\u00e1ci\u00f3k a kiskor\u00faakr\u00f3l<\/h3>\n<p>Az egyik legnagyobb priorit\u00e1sunk a gyermekek internethaszn\u00e1lata k\u00f6zbeni v\u00e9delme. Arra b\u00e1tor\u00edtjuk a sz\u00fcl\u0151ket \u00e9s a gy\u00e1mokat, hogy figyelj\u00e9k meg, vegyenek r\u00e9szt \u00e9s\/vagy k\u00f6vess\u00e9k figyelemmel \u00e9s ir\u00e1ny\u00edts\u00e1k online tev\u00e9kenys\u00e9geiket.<\/p>\n<p>Az IdLoaded tudatosan nem gy\u0171jt szem\u00e9lyes azonos\u00edt\u00e1sra alkalmas adatokat 13 \u00e9ven aluli gyermekekt\u0151l. Ha \u00fagy gondolja, hogy gyermeke ilyen jelleg\u0171 inform\u00e1ci\u00f3kat adott meg weboldalunkon, nyomat\u00e9kosan javasoljuk, hogy azonnal l\u00e9pjen kapcsolatba vel\u00fcnk, \u00e9s mindent megtesz\u00fcnk annak \u00e9rdek\u00e9ben, hogy az ilyen inform\u00e1ci\u00f3kat halad\u00e9ktalanul elt\u00e1vol\u00edtsuk nyilv\u00e1ntart\u00e1sunkb\u00f3l.<\/p>\n<h3>Adatv\u00e9delmi ir\u00e1nyelveink friss\u00edt\u00e9sei<\/h3>\n<p>Adatv\u00e9delmi ir\u00e1nyelveink id\u0151r\u0151l id\u0151re m\u00f3dosulhatnak. Ez\u00e9rt javasoljuk, hogy rendszeresen l\u00e1togassa meg ezt az oldalt, hogy \u00e9rtes\u00fclj\u00f6n az esetleges v\u00e1ltoz\u00e1sokr\u00f3l. A friss\u00edtett adatv\u00e9delmi ir\u00e1nyelvek ezen az oldalon t\u00f6rt\u00e9n\u0151 k\u00f6zz\u00e9t\u00e9tel\u00e9vel t\u00e1j\u00e9koztatjuk \u00d6nt minden friss\u00edt\u00e9sr\u0151l. Ezek a friss\u00edt\u00e9sek ezen az oldalon val\u00f3 k\u00f6zz\u00e9t\u00e9tel\u00fckkor azonnal hat\u00e1lyba l\u00e9pnek.<\/p>\n<p>Adatv\u00e9delmi ir\u00e1nyelveink elk\u00e9sz\u00edt\u00e9s\u00e9t az Adatv\u00e9delmi Szab\u00e1lyzat-gener\u00e1tor seg\u00edtette.<\/p>\n<h3>Vegye fel vel\u00fcnk a kapcsolatot<\/h3>\n<p>Ha b\u00e1rmilyen k\u00e9rd\u00e9se vagy javaslata van az adatv\u00e9delmi ir\u00e1nyelveinkkel kapcsolatban, k\u00e9rj\u00fck, forduljon hozz\u00e1nk bizalommal az IdLoaded c\u00edmen. Megtal\u00e1lhat minket weboldalunkon a c\u00edmen <a href=\"http:\/\/idloaded.com\/hu\/\" target=\"_new\" rel=\"noreferrer noopener\">http:\/\/idloaded.com\/<\/a>. Tov\u00e1bbi r\u00e9szletek\u00e9rt tekintse meg k\u00f6z\u00f6ss\u00e9gi oldalunkat is az IdLoaded oldalon.<\/p>","protected":false},"excerpt":{"rendered":"<p>Diretrizes de Privacidade para IdLoaded No IdLoaded, que pode ser encontrado em http:\/\/idloaded.com\/, priorizamos a privacidade dos nossos visitantes. Este documento descreve os tipos de informa\u00e7\u00f5es que coletamos e registramos no IdLoaded e como as utilizamos. Caso tenha mais perguntas ou precise de mais detalhes sobre nossas Diretrizes de Privacidade, sinta-se \u00e0 vontade para nos [&hellip;]<\/p>","protected":false},"author":1,"featured_media":0,"parent":0,"menu_order":0,"comment_status":"closed","ping_status":"closed","template":"","meta":{"footnotes":""},"class_list":["post-73","page","type-page","status-publish","hentry"],"_links":{"self":[{"href":"https:\/\/idloaded.com\/hu\/wp-json\/wp\/v2\/pages\/73","targetHints":{"allow":["GET"]}}],"collection":[{"href":"https:\/\/idloaded.com\/hu\/wp-json\/wp\/v2\/pages"}],"about":[{"href":"https:\/\/idloaded.com\/hu\/wp-json\/wp\/v2\/types\/page"}],"author":[{"embeddable":true,"href":"https:\/\/idloaded.com\/hu\/wp-json\/wp\/v2\/users\/1"}],"replies":[{"embeddable":true,"href":"https:\/\/idloaded.com\/hu\/wp-json\/wp\/v2\/comments?post=73"}],"version-history":[{"count":6,"href":"https:\/\/idloaded.com\/hu\/wp-json\/wp\/v2\/pages\/73\/revisions"}],"predecessor-version":[{"id":503,"href":"https:\/\/idloaded.com\/hu\/wp-json\/wp\/v2\/pages\/73\/revisions\/503"}],"wp:attachment":[{"href":"https:\/\/idloaded.com\/hu\/wp-json\/wp\/v2\/media?parent=73"}],"curies":[{"name":"wp","href":"https:\/\/api.w.org\/{rel}","templated":true}]}}