{"id":69,"date":"2023-12-01T00:51:50","date_gmt":"2023-12-01T03:51:50","guid":{"rendered":"http:\/\/idloaded.com\/?page_id=69"},"modified":"2024-07-04T19:21:46","modified_gmt":"2024-07-04T22:21:46","slug":"lepjen-kapcsolatba-velunk","status":"publish","type":"page","link":"https:\/\/idloaded.com\/hu\/lepjen-kapcsolatba-velunk\/","title":{"rendered":"Kapcsolatba l\u00e9pni"},"content":{"rendered":"<h2>Vegye fel vel\u00fcnk a kapcsolatot<\/h2>\n<p>K\u00f6sz\u00f6nj\u00fck \u00e9rdekl\u0151d\u00e9s\u00e9t az IdLoaded ir\u00e1nt. Nagyra \u00e9rt\u00e9kelj\u00fck v\u00e9lem\u00e9ny\u00e9t \u00e9s k\u00e9rd\u00e9seit. A k\u00f6vetkez\u0151 m\u00f3dokon l\u00e9phet kapcsolatba vel\u00fcnk:<\/p>\n<h3>Email<\/h3>\n<p>\u00c1ltal\u00e1nos k\u00e9rd\u00e9sekkel, javaslatokkal vagy megjegyz\u00e9sekkel forduljon e-mailhez <a rel=\"noreferrer\">contact@idloaded.com<\/a>. Csapatunk igyekszik a lehet\u0151 leggyorsabban v\u00e1laszolni k\u00e9rd\u00e9seire.<\/p>\n<h3>Kapcsolatfelv\u00e9teli \u0171rlap<\/h3>\n<p>Ha konkr\u00e9t k\u00e9rd\u00e9se van, vagy technol\u00f3gi\u00e1val kapcsolatos cikket szeretne beny\u00fajtani, k\u00e9rj\u00fck, \u00edrjon e-mailt <a rel=\"noreferrer\">contact@idloaded.com<\/a>. V\u00e1rjuk az \u00e1ltal\u00e1nos inform\u00e1ci\u00f3k szerelmeseinek \u00e9s a technol\u00f3gia rajong\u00f3inak hozz\u00e1sz\u00f3l\u00e1sait.<\/p>\n<h3>Postac\u00edm<\/h3>\n<p>Ha a hagyom\u00e1nyos post\u00e1z\u00e1st r\u00e9szes\u00edti el\u0151nyben, az al\u00e1bbi c\u00edmen kereshet minket:<\/p>\n<p><strong>IdLoaded<\/strong><\/p>\n<p>837 Pawprint Lane<\/p>\n<p>Dogville, TX 75001<\/p>\n<p>Egyes\u00fclt \u00c1llamok<\/p>\n<h3>H\u00edrlev\u00e9l<\/h3>\n<p>Iratkozzon fel h\u00edrlevel\u00fcnkre, hogy naprak\u00e9sz legyen a leg\u00fajabb cikkekkel, technol\u00f3giai trendekkel \u00e9s az IdLoaded k\u00f6z\u00f6ss\u00e9g h\u00edreivel. Csak \u00edrja be e-mail c\u00edm\u00e9t a kezd\u0151lap alj\u00e1n tal\u00e1lhat\u00f3 regisztr\u00e1ci\u00f3s mez\u0151be.<\/p>\n<h3>Visszacsatol\u00e1s<\/h3>\n<p>Folyamatosan igyeksz\u00fcnk jav\u00edtani tartalmainkat \u00e9s felhaszn\u00e1l\u00f3i \u00e9lm\u00e9ny\u00fcnket. Ha javaslatai vagy megjegyz\u00e9sei vannak azzal kapcsolatban, hogy mik\u00e9nt jav\u00edthatn\u00e1nk az IdLoaded \u00e9lm\u00e9ny\u00e9n, k\u00e9rj\u00fck, ossza meg vel\u00fcnk e-mailben.<\/p>\n<p>Nagyra \u00e9rt\u00e9kelj\u00fck \u00e9rdekl\u0151d\u00e9s\u00e9t, \u00e9s v\u00e1rjuk \u00e9rdekl\u0151d\u00e9s\u00e9t. Az IdLoaded az\u00e9rt van itt, hogy \u00f6sszekapcsolja az inform\u00e1ci\u00f3 vil\u00e1g\u00e1t a leg\u00fajabb technol\u00f3gi\u00e1val, \u00e9s az \u00d6n hozz\u00e1j\u00e1rul\u00e1sa kulcsfontoss\u00e1g\u00fa e k\u00fcldet\u00e9s megval\u00f3s\u00edt\u00e1s\u00e1ban.<\/p>\n<p>K\u00f6sz\u00f6nj\u00fck, hogy tagja vagy \u00e1ltal\u00e1nos inform\u00e1ci\u00f3s k\u00f6z\u00f6ss\u00e9g\u00fcnknek!<\/p>","protected":false},"excerpt":{"rendered":"<p>Entre em Contato Conosco Obrigado pelo seu interesse no IdLoaded. Valorizamos suas opini\u00f5es e perguntas. Aqui est\u00e3o as formas de nos contatar: Email Para perguntas gerais, sugest\u00f5es ou coment\u00e1rios, envie um e-mail para contact@idloaded.com. Nossa equipe se esfor\u00e7ar\u00e1 para responder \u00e0s suas perguntas o mais r\u00e1pido poss\u00edvel. Formul\u00e1rio de Contato Se voc\u00ea tiver perguntas espec\u00edficas [&hellip;]<\/p>","protected":false},"author":1,"featured_media":0,"parent":0,"menu_order":0,"comment_status":"closed","ping_status":"closed","template":"","meta":{"footnotes":""},"class_list":["post-69","page","type-page","status-publish","hentry"],"_links":{"self":[{"href":"https:\/\/idloaded.com\/hu\/wp-json\/wp\/v2\/pages\/69","targetHints":{"allow":["GET"]}}],"collection":[{"href":"https:\/\/idloaded.com\/hu\/wp-json\/wp\/v2\/pages"}],"about":[{"href":"https:\/\/idloaded.com\/hu\/wp-json\/wp\/v2\/types\/page"}],"author":[{"embeddable":true,"href":"https:\/\/idloaded.com\/hu\/wp-json\/wp\/v2\/users\/1"}],"replies":[{"embeddable":true,"href":"https:\/\/idloaded.com\/hu\/wp-json\/wp\/v2\/comments?post=69"}],"version-history":[{"count":6,"href":"https:\/\/idloaded.com\/hu\/wp-json\/wp\/v2\/pages\/69\/revisions"}],"predecessor-version":[{"id":506,"href":"https:\/\/idloaded.com\/hu\/wp-json\/wp\/v2\/pages\/69\/revisions\/506"}],"wp:attachment":[{"href":"https:\/\/idloaded.com\/hu\/wp-json\/wp\/v2\/media?parent=69"}],"curies":[{"name":"wp","href":"https:\/\/api.w.org\/{rel}","templated":true}]}}