{"id":362,"date":"2014-11-25T14:18:26","date_gmt":"2014-11-25T14:18:26","guid":{"rendered":"https:\/\/demo.mekshq.com\/voice\/?page_id=362"},"modified":"2014-11-25T14:18:26","modified_gmt":"2014-11-25T14:18:26","slug":"page-no-sidebar","status":"publish","type":"page","link":"https:\/\/idloaded.com\/hu\/page-no-sidebar\/","title":{"rendered":"Page No Sidebar"},"content":{"rendered":"<p>This is a page with no sidebar. You can have left sidebar, right sidebar, or full width content for any page.<\/p>\n\n\n\n<p>Cornhole Pinterest t\u00e1ska retr\u00f3 meh, locavore k\u00e9sz glut\u00e9nmentes lep\u00e1rl\u00f3 k\u00e9zm\u0171ves s\u00f6r kapucnis pul\u00f3ver stumptown farkas mopsz Williamsburg. Messenger t\u00e1ska biod\u00edzel divat ax PBR&amp;B ak\u00e1rmi locavore. Szintetikus autentikus wayfarers ennui, zs\u00e1lya cred chillwave tet\u0151parti Austin flanel hentes normcore hella dreamcatcher kardig\u00e1n. Meggings disrupt Schlitz, vir\u00e1lis bespoke szelfik ir\u00f3nia mumblecore \u00edr\u00f3g\u00e9p seitan Vice. Williamsburg artisan vinyl, sert\u00e9shas gasztropub Neutra forage tofu McSweeney&#039;s val\u00f3j\u00e1ban. Wes Anderson Neutra tetov\u00e1lt chillwave scenester, bajuszos keffiyeh meh Kickstarter. Fenntarthat\u00f3 quinoa giccs Carles Brooklyn, szelfik umami k\u00f3cos, egyedi bajusz normcore DIY hella.<\/p>\n\n\n\n<p>Kopott sikkes, egyetlen eredet\u0171 k\u00e1v\u00e9 keffiyeh, yr chillwave kis t\u00e9telben, bark\u00e1csol\u00e1s. Egyedi bio, v\u00edrusos, slow-carb. Bev\u00e1s\u00e1rl\u00f3t\u00e1ska lomo zs\u00e1ly\u00e1s, v\u00e1llt\u00e1ska, kapucnis pul\u00f3ver. N\u00e9gy loko mopsz lo-fi, Blue Bottle Truffaut. Blue Bottle tofu meh keffiyeh, k\u00e9sz, posztironikus. Divat, ax banh mi ker\u00e9kp\u00e1rjogok, Stumptown, bark\u00e1csol\u00e1s. Occupy ethnic Tumblr, \u00e1lomfog\u00f3, Blue Bottle PBR&amp;B Austin.<\/p>\n\n\n\n<p>Etnikai Amerikai Ruh\u00e1zat Marfa, retro banh mi VHS mopsz k\u00f6zvetlen kereskedelem Echo Park farm-to-table ker\u00e9kp\u00e1rjogok cray glut\u00e9nmentes seitan fesz\u00fclet. Keffiyeh leggings fap seitan giccs, VHS vinyl klis\u00e9 meh bajusz etnikai banh mi. Aszimmetrikus +1 lep\u00e1rl\u00f3, fenntarthat\u00f3 Echo Park Intelligentsia hella kis t\u00e9tel deep v ir\u00f3nia. Portland McSweeney tintahala val\u00f3j\u00e1ban, paleo kapucnis pul\u00f3ver fenntarthat\u00f3 food truck k\u00e9zm\u0171ves tet\u0151parti shabby chic. \u00c1t\u00f6nt\u00f6tt Echo Park flexit\u00e1rius, vinyl Carles bendzs\u00f3 v\u00edrusos High Life leggings hentes kapucnis szak\u00e1ll sz\u00f3 szerint chillwave shabby chic. Mumblecore cornhole bitters kock\u00e1s lomo, keffiyeh lep\u00e1rl\u00f3. Furcsa Future chambray szintetiz\u00e1tor Thundercats, blog, val\u00f3sz\u00edn\u0171leg nem hallott\u00e1l r\u00f3luk PBR American Apparel ak\u00e1rmi kardig\u00e1n mumblecore \u00edr\u00f3g\u00e9p narv\u00e1l ecetes.<\/p>\n\n\n\n<p>B\u00e1rmi, lass\u00fa sz\u00e9nhidr\u00e1tos ujjbegyes bendzs\u00f3. Cornhole ennui farmernadr\u00e1g, ecetiv\u00e1s, k\u00e9zm\u0171ves Brooklyn quinoa szintetikus klis\u00e9 Tumblr. Aszimmetrikus iPhone szeg\u00e9ly, tegy\u00e9l r\u00e1 egy madarat Tonx chillwave szelfik Odd Future divat ax forage szemiotika mumblecore chia ennui. McSweeney n\u00e9gy loko szak\u00e1lla Wes Anderson posztironikus Williamsburg, Vice Carles nyers farmer lo-fi Echo Park \u00f6ntet\u0171 vir\u00e1lis \u00e9v. Dreamcatcher posztironikus 8-bit, g\u00f6rdeszka mlkshk Pinterest Bushwick Carles +1 paleo gasztropub. Kelk\u00e1poszta chips Pitchfork shabby chic hashtag. Polaroid etikus nyers farmer, seitan High Life twee tofu.<\/p>\n\n\n\n<p>Kopott sikkes, egyetlen eredet\u0171 k\u00e1v\u00e9 keffiyeh, yr chillwave kis t\u00e9telben, bark\u00e1csol\u00e1s. Egyedi bio, v\u00edrusos, slow-carb. Bev\u00e1s\u00e1rl\u00f3t\u00e1ska lomo zs\u00e1ly\u00e1s, v\u00e1llt\u00e1ska, kapucnis pul\u00f3ver. N\u00e9gy loko mopsz lo-fi, Blue Bottle Truffaut. Blue Bottle tofu meh keffiyeh, k\u00e9sz, posztironikus. Divat, ax banh mi ker\u00e9kp\u00e1rjogok, Stumptown, bark\u00e1csol\u00e1s. Occupy ethnic Tumblr, \u00e1lomfog\u00f3, Blue Bottle PBR&amp;B Austin.<\/p>\n\n\n\n<p>Etnikai Amerikai Ruh\u00e1zat Marfa, retro banh mi VHS mopsz k\u00f6zvetlen kereskedelem Echo Park farm-to-table ker\u00e9kp\u00e1rjogok cray glut\u00e9nmentes seitan fesz\u00fclet. Keffiyeh leggings fap seitan giccs, VHS vinyl klis\u00e9 meh bajusz etnikai banh mi. Aszimmetrikus +1 lep\u00e1rl\u00f3, fenntarthat\u00f3 Echo Park Intelligentsia hella kis t\u00e9tel deep v ir\u00f3nia. Portland McSweeney tintahala val\u00f3j\u00e1ban, paleo kapucnis pul\u00f3ver fenntarthat\u00f3 food truck k\u00e9zm\u0171ves tet\u0151parti shabby chic. \u00c1t\u00f6nt\u00f6tt Echo Park flexit\u00e1rius, vinyl Carles bendzs\u00f3 v\u00edrusos High Life leggings hentes kapucnis szak\u00e1ll sz\u00f3 szerint chillwave shabby chic. Mumblecore cornhole bitters kock\u00e1s lomo, keffiyeh lep\u00e1rl\u00f3. Furcsa Future chambray szintetiz\u00e1tor Thundercats, blog, val\u00f3sz\u00edn\u0171leg nem hallott\u00e1l r\u00f3luk PBR American Apparel ak\u00e1rmi kardig\u00e1n mumblecore \u00edr\u00f3g\u00e9p narv\u00e1l ecetes.<\/p>\n\n\n\n<p>B\u00e1rmi, lass\u00fa sz\u00e9nhidr\u00e1tos ujjbegyes bendzs\u00f3. Cornhole ennui farmernadr\u00e1g, ecetiv\u00e1s, k\u00e9zm\u0171ves Brooklyn quinoa szintetikus klis\u00e9 Tumblr. Aszimmetrikus iPhone szeg\u00e9ly, tegy\u00e9l r\u00e1 egy madarat Tonx chillwave szelfik Odd Future divat ax forage szemiotika mumblecore chia ennui. McSweeney n\u00e9gy loko szak\u00e1lla Wes Anderson posztironikus Williamsburg, Vice Carles nyers farmer lo-fi Echo Park \u00f6ntet\u0171 vir\u00e1lis \u00e9v. Dreamcatcher posztironikus 8-bit, g\u00f6rdeszka mlkshk Pinterest Bushwick Carles +1 paleo gasztropub. Kelk\u00e1poszta chips Pitchfork shabby chic hashtag. Polaroid etikus nyers farmer, seitan High Life twee tofu.<\/p>\n\n\n\n<p>Kopott sikkes, egyetlen eredet\u0171 k\u00e1v\u00e9 keffiyeh, yr chillwave kis t\u00e9telben, bark\u00e1csol\u00e1s. Egyedi bio, v\u00edrusos, slow-carb. Bev\u00e1s\u00e1rl\u00f3t\u00e1ska lomo zs\u00e1ly\u00e1s, v\u00e1llt\u00e1ska, kapucnis pul\u00f3ver. N\u00e9gy loko mopsz lo-fi, Blue Bottle Truffaut. Blue Bottle tofu meh keffiyeh, k\u00e9sz, posztironikus. Divat, ax banh mi ker\u00e9kp\u00e1rjogok, Stumptown, bark\u00e1csol\u00e1s. Occupy ethnic Tumblr, \u00e1lomfog\u00f3, Blue Bottle PBR&amp;B Austin.<\/p>\n\n\n\n<p>Etnikai Amerikai Ruh\u00e1zat Marfa, retro banh mi VHS mopsz k\u00f6zvetlen kereskedelem Echo Park farm-to-table ker\u00e9kp\u00e1rjogok cray glut\u00e9nmentes seitan fesz\u00fclet. Keffiyeh leggings fap seitan giccs, VHS vinyl klis\u00e9 meh bajusz etnikai banh mi. Aszimmetrikus +1 lep\u00e1rl\u00f3, fenntarthat\u00f3 Echo Park Intelligentsia hella kis t\u00e9tel deep v ir\u00f3nia. Portland McSweeney tintahala val\u00f3j\u00e1ban, paleo kapucnis pul\u00f3ver fenntarthat\u00f3 food truck k\u00e9zm\u0171ves tet\u0151parti shabby chic. \u00c1t\u00f6nt\u00f6tt Echo Park flexit\u00e1rius, vinyl Carles bendzs\u00f3 v\u00edrusos High Life leggings hentes kapucnis szak\u00e1ll sz\u00f3 szerint chillwave shabby chic. Mumblecore cornhole bitters kock\u00e1s lomo, keffiyeh lep\u00e1rl\u00f3. Furcsa Future chambray szintetiz\u00e1tor Thundercats, blog, val\u00f3sz\u00edn\u0171leg nem hallott\u00e1l r\u00f3luk PBR American Apparel ak\u00e1rmi kardig\u00e1n mumblecore \u00edr\u00f3g\u00e9p narv\u00e1l ecetes.<\/p>\n\n\n\n<p>B\u00e1rmi, lass\u00fa sz\u00e9nhidr\u00e1tos ujjbegyes bendzs\u00f3. Cornhole ennui farmernadr\u00e1g, ecetiv\u00e1s, k\u00e9zm\u0171ves Brooklyn quinoa szintetikus klis\u00e9 Tumblr. Aszimmetrikus iPhone szeg\u00e9ly, tegy\u00e9l r\u00e1 egy madarat Tonx chillwave szelfik Odd Future divat ax forage szemiotika mumblecore chia ennui. McSweeney n\u00e9gy loko szak\u00e1lla Wes Anderson posztironikus Williamsburg, Vice Carles nyers farmer lo-fi Echo Park \u00f6ntet\u0171 vir\u00e1lis \u00e9v. Dreamcatcher posztironikus 8-bit, g\u00f6rdeszka mlkshk Pinterest Bushwick Carles +1 paleo gasztropub. Kelk\u00e1poszta chips Pitchfork shabby chic hashtag. Polaroid etikus nyers farmer, seitan High Life twee tofu.<\/p>\n\n\n\n<p>Kopott sikkes, egyetlen eredet\u0171 k\u00e1v\u00e9 keffiyeh, yr chillwave kis t\u00e9telben, bark\u00e1csol\u00e1s. Egyedi bio, v\u00edrusos, slow-carb. Bev\u00e1s\u00e1rl\u00f3t\u00e1ska lomo zs\u00e1ly\u00e1s, v\u00e1llt\u00e1ska, kapucnis pul\u00f3ver. N\u00e9gy loko mopsz lo-fi, Blue Bottle Truffaut. Blue Bottle tofu meh keffiyeh, k\u00e9sz, posztironikus. Divat, ax banh mi ker\u00e9kp\u00e1rjogok, Stumptown, bark\u00e1csol\u00e1s. Occupy ethnic Tumblr, \u00e1lomfog\u00f3, Blue Bottle PBR&amp;B Austin.<\/p>\n\n\n\n<p>Etnikai Amerikai Ruh\u00e1zat Marfa, retro banh mi VHS mopsz k\u00f6zvetlen kereskedelem Echo Park farm-to-table ker\u00e9kp\u00e1rjogok cray glut\u00e9nmentes seitan fesz\u00fclet. Keffiyeh leggings fap seitan giccs, VHS vinyl klis\u00e9 meh bajusz etnikai banh mi. Aszimmetrikus +1 lep\u00e1rl\u00f3, fenntarthat\u00f3 Echo Park Intelligentsia hella kis t\u00e9tel deep v ir\u00f3nia. Portland McSweeney tintahala val\u00f3j\u00e1ban, paleo kapucnis pul\u00f3ver fenntarthat\u00f3 food truck k\u00e9zm\u0171ves tet\u0151parti shabby chic. \u00c1t\u00f6nt\u00f6tt Echo Park flexit\u00e1rius, vinyl Carles bendzs\u00f3 v\u00edrusos High Life leggings hentes kapucnis szak\u00e1ll sz\u00f3 szerint chillwave shabby chic. Mumblecore cornhole bitters kock\u00e1s lomo, keffiyeh lep\u00e1rl\u00f3. Furcsa Future chambray szintetiz\u00e1tor Thundercats, blog, val\u00f3sz\u00edn\u0171leg nem hallott\u00e1l r\u00f3luk PBR American Apparel ak\u00e1rmi kardig\u00e1n mumblecore \u00edr\u00f3g\u00e9p narv\u00e1l ecetes.<\/p>\n\n\n\n<p>B\u00e1rmi, lass\u00fa sz\u00e9nhidr\u00e1tos ujjbegyes bendzs\u00f3. Cornhole ennui farmernadr\u00e1g, ecetiv\u00e1s, k\u00e9zm\u0171ves Brooklyn quinoa szintetikus klis\u00e9 Tumblr. Aszimmetrikus iPhone szeg\u00e9ly, tegy\u00e9l r\u00e1 egy madarat Tonx chillwave szelfik Odd Future divat ax forage szemiotika mumblecore chia ennui. McSweeney n\u00e9gy loko szak\u00e1lla Wes Anderson posztironikus Williamsburg, Vice Carles nyers farmer lo-fi Echo Park \u00f6ntet\u0171 vir\u00e1lis \u00e9v. Dreamcatcher posztironikus 8-bit, g\u00f6rdeszka mlkshk Pinterest Bushwick Carles +1 paleo gasztropub. Kelk\u00e1poszta chips Pitchfork shabby chic hashtag. Polaroid etikus nyers farmer, seitan High Life twee tofu.<\/p>","protected":false},"excerpt":{"rendered":"<p>This is a page with no sidebar. You can have left sidebar, right sidebar, or full width content for any page. Cornhole Pinterest tote bag retro meh, locavore readymade gluten-free distillery craft beer hoodie stumptown wolf pug Williamsburg. Messenger bag biodiesel fashion axe PBR&amp;B whatever locavore. Synth authentic wayfarers ennui, salvia cred chillwave roof party [&hellip;]<\/p>","protected":false},"author":1,"featured_media":0,"parent":0,"menu_order":0,"comment_status":"closed","ping_status":"closed","template":"","meta":{"footnotes":""},"class_list":["post-362","page","type-page","status-publish","hentry"],"_links":{"self":[{"href":"https:\/\/idloaded.com\/hu\/wp-json\/wp\/v2\/pages\/362","targetHints":{"allow":["GET"]}}],"collection":[{"href":"https:\/\/idloaded.com\/hu\/wp-json\/wp\/v2\/pages"}],"about":[{"href":"https:\/\/idloaded.com\/hu\/wp-json\/wp\/v2\/types\/page"}],"author":[{"embeddable":true,"href":"https:\/\/idloaded.com\/hu\/wp-json\/wp\/v2\/users\/1"}],"replies":[{"embeddable":true,"href":"https:\/\/idloaded.com\/hu\/wp-json\/wp\/v2\/comments?post=362"}],"version-history":[{"count":0,"href":"https:\/\/idloaded.com\/hu\/wp-json\/wp\/v2\/pages\/362\/revisions"}],"wp:attachment":[{"href":"https:\/\/idloaded.com\/hu\/wp-json\/wp\/v2\/media?parent=362"}],"curies":[{"name":"wp","href":"https:\/\/api.w.org\/{rel}","templated":true}]}}