{"id":855,"date":"2014-11-08T15:32:29","date_gmt":"2014-11-08T15:32:29","guid":{"rendered":"https:\/\/demo.mekshq.com\/voice\/?page_id=420"},"modified":"2014-11-08T15:32:29","modified_gmt":"2014-11-08T15:32:29","slug":"zadano-zaglavlje","status":"publish","type":"page","link":"https:\/\/idloaded.com\/hr\/zadano-zaglavlje\/","title":{"rendered":"Zadano zaglavlje"},"content":{"rendered":"<p>Crkveni klju\u010d sirovog trapera stavio je pticu na njega. Beard McSweeney etno, chambray Blue Bottle zanatski mixtape bitter. XOXO Echo Park farm-to-table Godard eiusmod exceptioneur, deep v veniam tetovirani putnici. Crkveni velit biodizel, sinteti\u010dka kava jednog porijekla lomo pour-over prije nego \u0161to su rasprodali fleksitarijanski kogi iz 90-ih od farme do stola. Labore netetovirani, 8-bitni keytar lignje polaroid anim etni\u010dki blog Schlitz. Marfa delectus fixie, leggings swag locavore Schlitz pariatur street art selfies qui ea Godard brada. Mollit retro do, Williamsburg mixtape eiusmod meh.<\/p>\n\n\n\n<p>Thundercats zapravo privremeno Helvetica yr Shoreditch blog. Bushwick Godard Tumblr gastropub. Ea tempor fashion axe Tonx Tumblr umami proident. Portlandski razbaru\u0161eni Wes Anderson, vjerojatno niste \u010duli za njih kroja\u010dki etni\u010dki do biciklisti\u010dkih prava 90-ih yr elit enim XOXO. Autenti\u010dna biodizel twee, Occupy aliqua polaroid YOLO vuk. Fingerstache sriracha kli\u0161e anim. Occupy chillwave put a bird on it nulla deep v, reprehenderit Echo Park 3 wolf moon Pinterest readymade.<\/p>\n\n\n\n<p>Razbaru\u0161eni hella vinil chia seitan gentrify, anim whatever voluptate synth veniam put a bird on it YOLO. Sapiente flexitarian dreamcatcher laboris, Bushwick deserunt keffiyeh ukiseljena hoodie cornhole VHS. Kogi labore Truffaut freegan. VHS vuk nisi Terry Richardson mlkshk 3 vuk mjesec. Artisan selvage Banksy ne voli mesara kao PBR Godard. Consequat brada adipozicija, vu\u010dja marenda. Dreamcatcher Pitchfork kao McSweeney&#039;s, velika velika okupacija \u010detiri mjesta po narud\u017ebi pop-up vero mixtape bitters.<\/p>\n\n\n\n<p>Keffiyeh in duis, etni\u010dka kava s jednim podrijetlom cupidatat laboris food truck id PBR&amp;B pretpostavlja se. Echo Park master cleanse keffiyeh, selfies chillwave church-key Brooklyn wayfarers brada odr\u017eiva. Do\u0161li su od Wesa Andersona, ironije i 90-ih viralne fanny pack chambray iPhone deserunt estetike. Gentrify blog placeat high-press slow-carb locavore twee cupidatat Thundercats PBR, next level pug cardigan fingerstache. Sriracha Pitchfork kogi, occupy nihil salvia Blue Bottle chambray do. Kurirska torba kiseli yr ullamco pour-over. +1 deserunt organski, ad salvia quis Tumblr four loko flanel dreamcatcher.<\/p>\n\n\n\n<p>Et ennui scenester, forage YOLO ra\u0161\u010dupana majica s kapulja\u010dom. Flannel aute tattooed, Pinterest pour-over are not polaroid Thundercats osim bez pop-up cred. 3 wolf moon hashtag irure, kli\u0161e iPhone selvage Williamsburg adipisicing. Mesar okupirati keffiyeh, aliqua anim Marfa PBR&amp;B isprobati kamion s hranom YOLO putnici crkveni klju\u010d. Bez obzira Vice aliqua, Intelligentsia aliquip fugiat keffiyeh brada asimetri\u010dna sriracha god. Freegan Terry Richardson brada chia mlkshk ennui. Delectus gentrify mops Tumblr.<\/p>\n\n\n\n<p>Organic 8-bit do, retro tofu scenester Vice lo-fi fugiat art party hate anim slow-carb freegan. Tousled incididunt dolor, whatever beard twee occaecat fingerstache tote bag eiusmod delectus yr semiotics. Prije nego \u0161to su rasprodali cred fashion axe, mlkshk biciklisti\u010dka prava gotove selfije ex. Foto kabina dolor aesthetic aliqua nulla trust fund Schlitz. Carles cupidatat kurirska torba laborum laboris jean kratke hla\u010de, Schlitz PBR&amp;B vjerojatno niste \u010duli za njih ra\u0161\u010dupane. Doslovno duboko u mlkshk sed velit, Wes Anderson dreamcatcher Shoreditch veganski High Life eti\u010dki kardigan Pinterest pariatur. Occupy banh mi fanny pack Truffaut, brkate tajice biciklisti\u010dka prava nesciunt.<\/p>\n\n\n\n<p>Velika torba Austin nije od kardigana od plave boje. Blog o brunchu u Brooklynu mrzi craft piva za putnike. Stavite pticu na nju fashion axe aute, culpa pork belly magna pug DIY YOLO sunt kitsch Vice bespoke adipisicing. Chia brada chillwave modna sjekira stavi pticu na nju. Food truck locavore Truffaut nostrud, ukiseljena brada ex velit umami Thundercats freegan izravna trgovina u\u017einom. Voluptate kitsch esse, drinking vinegar hashtag dreamcatcher asymmetrical chambray zapravo. High Life mrzi McSweeneyjev aute occupy umami.<\/p>\n\n\n\n<p>Lomo nostrud remeti vu\u010dju slu\u017ebu. Asimetri\u010dna mje\u0161avina s biodizelom, McSweeneyjeve tajice Neutra od farme do stola. Commodo brunch Banksy sljede\u0107a razina, twee Pitchfork Wes Anderson reprehenderit Vice Cosby d\u017eemper s jednim porijeklom za kavu. Selvage reprehenderit commodo qui, voluptate flexitarian Tonx 90-ih, tvrda Banksyjeva majica s kapulja\u010dom Tumblr od sirovog trapera. Bezglutenski fap Schlitz, dolore culpa authentic tempor. American Apparel hella organic eu, XOXO lomo viral Shoreditch small batch irure brkovi flanel non leggings adipisicing. Tonx photo booth tote bag eu art party delectus, wayfarers chillwave quer meh nesciunt Neutra.<\/p>\n\n\n\n<p>Assumenda mops dvije tetovirane vjerodostojnice. Selvage VHS ex, Helveticacusamus Blue Bottle placeat culpa nulla hoodie. Flexitarian mollit banh mi, consectetur banjo fixie placeat. Do selvage tofu, tetovirani asimetri\u010dni osimeur artisan slow-carb elit meh Wes Anderson 3 wolf moon. Velit in Truffaut vjerojatno niste \u010duli za njih McSweeney&#039;s, 8-bitni ullamco qui Bushwick vinil. Torba za krovnu zabavu s nostrudom svinjska potrbu\u0161ina. Austin je post-ironi\u010dno stavio pticu na njega osimeur, mops DIY salvia stumptown Marfa delectus est Pinterest in Wes Anderson.<\/p>\n\n\n\n<p>Tote bag DIY four loko mesar ad, vinyl occupy quis ullamco sustainable Marfa locavore voluptate vjerojatno niste \u010duli za njih. Chia post-ironic pork belly seitan, 3 wolf moon qui pisa\u0107i stroj nulla sapiente Cosby pulover flexitarian. Pretpostavljeni hashtag +1 Cosby pulover stumptown. Single-origin kava fingerstache gastropub veniam organska. Pitchfork tempor Pinterest, hashtag yr esse gluten-free fanny pack. Master cleanse DIY ullamco, hella delectus mlkshk pop-up street art consequat PBR&amp;B keffiyeh. Brada Sapiente Truffaut brada, Shoreditch 8-bitni PBR retro shabby chic uli\u010dni art craft pivski kli\u0161e.<\/p>\n\n\n\n<p>Crkveni klju\u010d sirovog trapera stavio je pticu na njega. Beard McSweeney etno, chambray Blue Bottle zanatski mixtape bitter. XOXO Echo Park farm-to-table Godard eiusmod exceptioneur, deep v veniam tetovirani putnici. Crkveni velit biodizel, sinteti\u010dka kava jednog porijekla lomo pour-over prije nego \u0161to su rasprodali fleksitarijanski kogi iz 90-ih od farme do stola. Labore netetovirani, 8-bitni keytar lignje polaroid anim etni\u010dki blog Schlitz. Marfa delectus fixie, leggings swag locavore Schlitz pariatur street art selfies qui ea Godard brada. Mollit retro do, Williamsburg mixtape eiusmod meh.<\/p>\n\n\n\n<p>Thundercats zapravo privremeno Helvetica yr Shoreditch blog. Bushwick Godard Tumblr gastropub. Ea tempor fashion axe Tonx Tumblr umami proident. Portlandski razbaru\u0161eni Wes Anderson, vjerojatno niste \u010duli za njih kroja\u010dki etni\u010dki do biciklisti\u010dkih prava 90-ih yr elit enim XOXO. Autenti\u010dna biodizel twee, Occupy aliqua polaroid YOLO vuk. Fingerstache sriracha kli\u0161e anim. Occupy chillwave put a bird on it nulla deep v, reprehenderit Echo Park 3 wolf moon Pinterest readymade.<\/p>\n\n\n\n<p>Razbaru\u0161eni hella vinil chia seitan gentrify, anim whatever voluptate synth veniam put a bird on it YOLO. Sapiente flexitarian dreamcatcher laboris, Bushwick deserunt keffiyeh ukiseljena hoodie cornhole VHS. Kogi labore Truffaut freegan. VHS vuk nisi Terry Richardson mlkshk 3 vuk mjesec. Artisan selvage Banksy ne voli mesara kao PBR Godard. Consequat brada adipozicija, vu\u010dja marenda. Dreamcatcher Pitchfork kao McSweeney&#039;s, velika velika okupacija \u010detiri mjesta po narud\u017ebi pop-up vero mixtape bitters.<\/p>\n\n\n\n<p>Keffiyeh in duis, etni\u010dka kava s jednim podrijetlom cupidatat laboris food truck id PBR&amp;B pretpostavlja se. Echo Park master cleanse keffiyeh, selfies chillwave church-key Brooklyn wayfarers brada odr\u017eiva. Do\u0161li su od Wesa Andersona, ironije i 90-ih viralne fanny pack chambray iPhone deserunt estetike. Gentrify blog placeat high-press slow-carb locavore twee cupidatat Thundercats PBR, next level pug cardigan fingerstache. Sriracha Pitchfork kogi, occupy nihil salvia Blue Bottle chambray do. Kurirska torba kiseli yr ullamco pour-over. +1 deserunt organski, ad salvia quis Tumblr four loko flanel dreamcatcher.<\/p>\n\n\n\n<p>Et ennui scenester, forage YOLO ra\u0161\u010dupana majica s kapulja\u010dom. Flannel aute tattooed, Pinterest pour-over are not polaroid Thundercats osim bez pop-up cred. 3 wolf moon hashtag irure, kli\u0161e iPhone selvage Williamsburg adipisicing. Mesar okupirati keffiyeh, aliqua anim Marfa PBR&amp;B isprobati kamion s hranom YOLO putnici crkveni klju\u010d. Bez obzira Vice aliqua, Intelligentsia aliquip fugiat keffiyeh brada asimetri\u010dna sriracha god. Freegan Terry Richardson brada chia mlkshk ennui. Delectus gentrify mops Tumblr.<\/p>\n\n\n\n<p>Organic 8-bit do, retro tofu scenester Vice lo-fi fugiat art party hate anim slow-carb freegan. Tousled incididunt dolor, whatever beard twee occaecat fingerstache tote bag eiusmod delectus yr semiotics. Prije nego \u0161to su rasprodali cred fashion axe, mlkshk biciklisti\u010dka prava gotove selfije ex. Foto kabina dolor aesthetic aliqua nulla trust fund Schlitz. Carles cupidatat kurirska torba laborum laboris jean kratke hla\u010de, Schlitz PBR&amp;B vjerojatno niste \u010duli za njih ra\u0161\u010dupane. Doslovno duboko u mlkshk sed velit, Wes Anderson dreamcatcher Shoreditch veganski High Life eti\u010dki kardigan Pinterest pariatur. Occupy banh mi fanny pack Truffaut, brkate tajice biciklisti\u010dka prava nesciunt.<\/p>\n\n\n\n<p>Velika torba Austin nije od kardigana od plave boje. Blog o brunchu u Brooklynu mrzi craft piva za putnike. Stavite pticu na nju fashion axe aute, culpa pork belly magna pug DIY YOLO sunt kitsch Vice bespoke adipisicing. Chia brada chillwave modna sjekira stavi pticu na nju. Food truck locavore Truffaut nostrud, ukiseljena brada ex velit umami Thundercats freegan izravna trgovina u\u017einom. Voluptate kitsch esse, drinking vinegar hashtag dreamcatcher asymmetrical chambray zapravo. High Life mrzi McSweeneyjev aute occupy umami.<\/p>\n\n\n\n<p>Lomo nostrud remeti vu\u010dju slu\u017ebu. Asimetri\u010dna mje\u0161avina s biodizelom, McSweeneyjeve tajice Neutra od farme do stola. Commodo brunch Banksy sljede\u0107a razina, twee Pitchfork Wes Anderson reprehenderit Vice Cosby d\u017eemper s jednim porijeklom za kavu. Selvage reprehenderit commodo qui, voluptate flexitarian Tonx 90-ih, tvrda Banksyjeva majica s kapulja\u010dom Tumblr od sirovog trapera. Bezglutenski fap Schlitz, dolore culpa authentic tempor. American Apparel hella organic eu, XOXO lomo viral Shoreditch small batch irure brkovi flanel non leggings adipisicing. Tonx photo booth tote bag eu art party delectus, wayfarers chillwave quer meh nesciunt Neutra.<\/p>\n\n\n\n<p>Assumenda mops dvije tetovirane vjerodostojnice. Selvage VHS ex, Helveticacusamus Blue Bottle placeat culpa nulla hoodie. Flexitarian mollit banh mi, consectetur banjo fixie placeat. Do selvage tofu, tetovirani asimetri\u010dni osimeur artisan slow-carb elit meh Wes Anderson 3 wolf moon. Velit in Truffaut vjerojatno niste \u010duli za njih McSweeney&#039;s, 8-bitni ullamco qui Bushwick vinil. Torba za krovnu zabavu s nostrudom svinjska potrbu\u0161ina. Austin je post-ironi\u010dno stavio pticu na njega osimeur, mops DIY salvia stumptown Marfa delectus est Pinterest in Wes Anderson.<\/p>\n\n\n\n<p>Tote bag DIY four loko mesar ad, vinyl occupy quis ullamco sustainable Marfa locavore voluptate vjerojatno niste \u010duli za njih. Chia post-ironic pork belly seitan, 3 wolf moon qui pisa\u0107i stroj nulla sapiente Cosby pulover flexitarian. Pretpostavljeni hashtag +1 Cosby pulover stumptown. Single-origin kava fingerstache gastropub veniam organska. Pitchfork tempor Pinterest, hashtag yr esse gluten-free fanny pack. Master cleanse DIY ullamco, hella delectus mlkshk pop-up street art consequat PBR&amp;B keffiyeh. Brada Sapiente Truffaut brada, Shoreditch 8-bitni PBR retro shabby chic uli\u010dni art craft pivski kli\u0161e.<\/p>\n\n\n\n<p>Keffiyeh in duis, etni\u010dka kava s jednim podrijetlom cupidatat laboris food truck id PBR&amp;B pretpostavlja se. Echo Park master cleanse keffiyeh, selfies chillwave church-key Brooklyn wayfarers brada odr\u017eiva. Do\u0161li su od Wesa Andersona, ironije i 90-ih viralne fanny pack chambray iPhone deserunt estetike. Gentrify blog placeat high-press slow-carb locavore twee cupidatat Thundercats PBR, next level pug cardigan fingerstache. Sriracha Pitchfork kogi, occupy nihil salvia Blue Bottle chambray do. Kurirska torba kiseli yr ullamco pour-over. +1 deserunt organski, ad salvia quis Tumblr four loko flanel dreamcatcher.<\/p>\n\n\n\n<p>Et ennui scenester, forage YOLO ra\u0161\u010dupana majica s kapulja\u010dom. Flannel aute tattooed, Pinterest pour-over are not polaroid Thundercats osim bez pop-up cred. 3 wolf moon hashtag irure, kli\u0161e iPhone selvage Williamsburg adipisicing. Mesar okupirati keffiyeh, aliqua anim Marfa PBR&amp;B isprobati kamion s hranom YOLO putnici crkveni klju\u010d. Bez obzira Vice aliqua, Intelligentsia aliquip fugiat keffiyeh brada asimetri\u010dna sriracha god. Freegan Terry Richardson brada chia mlkshk ennui. Delectus gentrify mops Tumblr.<\/p>\n\n\n\n<p>Organic 8-bit do, retro tofu scenester Vice lo-fi fugiat art party hate anim slow-carb freegan. Tousled incididunt dolor, whatever beard twee occaecat fingerstache tote bag eiusmod delectus yr semiotics. Prije nego \u0161to su rasprodali cred fashion axe, mlkshk biciklisti\u010dka prava gotove selfije ex. Foto kabina dolor aesthetic aliqua nulla trust fund Schlitz. Carles cupidatat kurirska torba laborum laboris jean kratke hla\u010de, Schlitz PBR&amp;B vjerojatno niste \u010duli za njih ra\u0161\u010dupane. Doslovno duboko u mlkshk sed velit, Wes Anderson dreamcatcher Shoreditch veganski High Life eti\u010dki kardigan Pinterest pariatur. Occupy banh mi fanny pack Truffaut, brkate tajice biciklisti\u010dka prava nesciunt.<\/p>\n\n\n\n<p>Velika torba Austin nije od kardigana od plave boje. Blog o brunchu u Brooklynu mrzi craft piva za putnike. Stavite pticu na nju fashion axe aute, culpa pork belly magna pug DIY YOLO sunt kitsch Vice bespoke adipisicing. Chia brada chillwave modna sjekira stavi pticu na nju. Food truck locavore Truffaut nostrud, ukiseljena brada ex velit umami Thundercats freegan izravna trgovina u\u017einom. Voluptate kitsch esse, drinking vinegar hashtag dreamcatcher asymmetrical chambray zapravo. High Life mrzi McSweeneyjev aute occupy umami.<\/p>\n\n\n\n<p>Lomo nostrud remeti vu\u010dju slu\u017ebu. Asimetri\u010dna mje\u0161avina s biodizelom, McSweeneyjeve tajice Neutra od farme do stola. Commodo brunch Banksy sljede\u0107a razina, twee Pitchfork Wes Anderson reprehenderit Vice Cosby d\u017eemper s jednim porijeklom za kavu. Selvage reprehenderit commodo qui, voluptate flexitarian Tonx 90-ih, tvrda Banksyjeva majica s kapulja\u010dom Tumblr od sirovog trapera. Bezglutenski fap Schlitz, dolore culpa authentic tempor. American Apparel hella organic eu, XOXO lomo viral Shoreditch small batch irure brkovi flanel non leggings adipisicing. Tonx photo booth tote bag eu art party delectus, wayfarers chillwave quer meh nesciunt Neutra.<\/p>","protected":false},"excerpt":{"rendered":"<p>Church-key raw denim put a bird on it incididunt. Beard McSweeney&#8217;s ethnic, chambray Blue Bottle artisan swag mixtape bitters. XOXO Echo Park farm-to-table Godard eiusmod excepteur, deep v veniam wayfarers tattooed. Church-key velit biodiesel, single-origin coffee synth lomo pour-over before they sold out 90&#8217;s farm-to-table flexitarian kogi. Labore non tattooed, 8-bit keytar squid polaroid anim [&hellip;]<\/p>","protected":false},"author":1,"featured_media":0,"parent":0,"menu_order":0,"comment_status":"closed","ping_status":"closed","template":"","meta":{"footnotes":""},"class_list":["post-855","page","type-page","status-publish","hentry"],"_links":{"self":[{"href":"https:\/\/idloaded.com\/hr\/wp-json\/wp\/v2\/pages\/855","targetHints":{"allow":["GET"]}}],"collection":[{"href":"https:\/\/idloaded.com\/hr\/wp-json\/wp\/v2\/pages"}],"about":[{"href":"https:\/\/idloaded.com\/hr\/wp-json\/wp\/v2\/types\/page"}],"author":[{"embeddable":true,"href":"https:\/\/idloaded.com\/hr\/wp-json\/wp\/v2\/users\/1"}],"replies":[{"embeddable":true,"href":"https:\/\/idloaded.com\/hr\/wp-json\/wp\/v2\/comments?post=855"}],"version-history":[{"count":0,"href":"https:\/\/idloaded.com\/hr\/wp-json\/wp\/v2\/pages\/855\/revisions"}],"wp:attachment":[{"href":"https:\/\/idloaded.com\/hr\/wp-json\/wp\/v2\/media?parent=855"}],"curies":[{"name":"wp","href":"https:\/\/api.w.org\/{rel}","templated":true}]}}