{"id":76,"date":"2023-12-01T00:53:30","date_gmt":"2023-12-01T03:53:30","guid":{"rendered":"http:\/\/idloaded.com\/?page_id=76"},"modified":"2024-07-04T19:23:39","modified_gmt":"2024-07-04T22:23:39","slug":"odricanje","status":"publish","type":"page","link":"https:\/\/idloaded.com\/hr\/odricanje\/","title":{"rendered":"Odricanje"},"content":{"rendered":"<h2>Odricanje<\/h2>\n<p>Informacije dostupne na web stranici IdLoaded samo su u op\u0107e informativne svrhe. Iako nastojimo pru\u017eiti to\u010dne i a\u017eurne informacije, ne jam\u010dimo cjelovitost, pouzdanost ili to\u010dnost sadr\u017eaja predstavljenog na ovoj web stranici.<\/p>\n<h3>Stru\u010dno vije\u0107e<\/h3>\n<p>Sadr\u017eaj na IdLoaded nije zamjena za profesionalni savjet, dijagnozu ili lije\u010denje. Uvijek preporu\u010dujemo da se posavjetujete s kvalificiranim stru\u010dnjakom za bilo kakva pitanja ili nedoumice koje biste mogli imati o zdravlju, sigurnosti ili bilo kakvim problemima povezanim s tehnologijom i inovacijama.<\/p>\n<h3>Pretpostavljeni rizik<\/h3>\n<p>Aktivnosti povezane s tehnologijom i inovacijama imaju svojstven rizik. Nismo odgovorni za bilo kakve ozljede, gubitke ili \u0161tete koje mogu nastati kao rezultat informacija danih na ovoj web stranici ili kori\u0161tenja proizvoda i tehnologija o kojima se govori.<\/p>\n<h3>Vanjske veze<\/h3>\n<p>IdLoaded mo\u017ee sadr\u017eavati veze na vanjske web stranice ili resurse. Ne podr\u017eavamo niti jam\u010dimo to\u010dnost informacija navedenih na ovim vanjskim stranicama. Savjetujemo vam da budete oprezni i pregledate uvjete i pravila privatnosti svih web stranica tre\u0107ih strana koje posje\u0107ujete.<\/p>\n<h3>Autorsko pravo i kori\u0161tenje<\/h3>\n<p>Sav sadr\u017eaj na ovoj web stranici, uklju\u010duju\u0107i tekst, slike, grafiku i druge materijale, za\u0161ti\u0107en je autorskim pravom. Zabranjena je reprodukcija, distribucija ili kori\u0161tenje bilo kakvog IdLoaded sadr\u017eaja bez na\u0161eg izri\u010ditog pismenog dopu\u0161tenja.<\/p>\n<h3>Promjene sadr\u017eaja<\/h3>\n<p>Zadr\u017eavamo pravo izmjene, a\u017euriranja ili uklanjanja bilo kojeg sadr\u017eaja na ovoj web stranici prema vlastitom naho\u0111enju.<\/p>\n<h3>Pristanak<\/h3>\n<p>Kori\u0161tenjem web stranice IdLoaded pristajete na ovu obavijest i prihva\u0107ate njezine uvjete.<\/p>\n<h3>Pitanja<\/h3>\n<p>Ako imate pitanja ili nedoumica u vezi s ovom obavijesti, obratite nam se na <a rel=\"noreferrer\">contact@idloaded.com<\/a>.<\/p>\n<p>Kori\u0161tenjem ove web stranice potvr\u0111ujete da ste pro\u010ditali i razumjeli ovu obavijest. Cijenimo va\u0161e razumijevanje i predanost osiguravanju sigurnog i informativnog iskustva o tehnologiji i inovacijama.<\/p>","protected":false},"excerpt":{"rendered":"<p>Aviso de Isen\u00e7\u00e3o de Responsabilidade As informa\u00e7\u00f5es dispon\u00edveis no site IdLoaded s\u00e3o para fins informativos gerais. Embora nos esforcemos para fornecer informa\u00e7\u00f5es precisas e atualizadas, n\u00e3o garantimos a completude, confiabilidade ou exatid\u00e3o do conte\u00fado apresentado neste site. Conselho Profissional O conte\u00fado do IdLoaded n\u00e3o substitui o conselho, diagn\u00f3stico ou tratamento profissional. Recomendamos sempre consultar um [&hellip;]<\/p>","protected":false},"author":1,"featured_media":0,"parent":0,"menu_order":0,"comment_status":"closed","ping_status":"closed","template":"","meta":{"footnotes":""},"class_list":["post-76","page","type-page","status-publish","hentry"],"_links":{"self":[{"href":"https:\/\/idloaded.com\/hr\/wp-json\/wp\/v2\/pages\/76","targetHints":{"allow":["GET"]}}],"collection":[{"href":"https:\/\/idloaded.com\/hr\/wp-json\/wp\/v2\/pages"}],"about":[{"href":"https:\/\/idloaded.com\/hr\/wp-json\/wp\/v2\/types\/page"}],"author":[{"embeddable":true,"href":"https:\/\/idloaded.com\/hr\/wp-json\/wp\/v2\/users\/1"}],"replies":[{"embeddable":true,"href":"https:\/\/idloaded.com\/hr\/wp-json\/wp\/v2\/comments?post=76"}],"version-history":[{"count":6,"href":"https:\/\/idloaded.com\/hr\/wp-json\/wp\/v2\/pages\/76\/revisions"}],"predecessor-version":[{"id":507,"href":"https:\/\/idloaded.com\/hr\/wp-json\/wp\/v2\/pages\/76\/revisions\/507"}],"wp:attachment":[{"href":"https:\/\/idloaded.com\/hr\/wp-json\/wp\/v2\/media?parent=76"}],"curies":[{"name":"wp","href":"https:\/\/api.w.org\/{rel}","templated":true}]}}