{"id":75,"date":"2023-12-01T00:53:30","date_gmt":"2023-12-01T03:53:30","guid":{"rendered":"http:\/\/idloaded.com\/?page_id=75"},"modified":"2024-07-04T19:24:35","modified_gmt":"2024-07-04T22:24:35","slug":"o-nama","status":"publish","type":"page","link":"https:\/\/idloaded.com\/hr\/o-nama\/","title":{"rendered":"Oko"},"content":{"rendered":"<h2>O IdLoaded<\/h2>\n<p>U IdLoaded-u vo\u0111eni smo na\u0161om stra\u0161\u0107u da integriramo svijet tehnologije s najnovijim i najrelevantnijim informacijama. Na\u0161 cilj je biti referentna to\u010dka za tehnolo\u0161ke entuzijaste, profesionalce na tom podru\u010dju i sve one koje zanimaju najnovije inovacije.<\/p>\n<h3>Na\u0161 cilj<\/h3>\n<p>Na\u0161 glavni cilj je stvoriti prostor u kojem tehnolo\u0161ki entuzijasti mogu prona\u0107i \u0161irok izbor informacija o tehnolo\u0161kim inovacijama, na\u010dinima implementacije i najnovijim trendovima. Nastojimo povezati tradiciju s inovacijama, poma\u017eu\u0107i profesionalcima da prihvate najnovija dostignu\u0107a, a istovremeno \u010duvaju svoju tradicionalnu praksu.<\/p>\n<h3>Na\u0161e usluge<\/h3>\n<p><strong>Informativni \u010dlanci:<\/strong> Nudimo \u0161irok raspon \u010dlanaka koji raspravljaju o temama od pametnog upravljanja podacima do najnovijih nosivih i pametnih ure\u0111aja.<\/p>\n<p><strong>Interakcija zajednice:<\/strong> Pozivamo ljubitelje tehnologije da sudjeluju i podijele svoje znanje, njeguju\u0107i \u017eivu i raznoliku zajednicu.<\/p>\n<p><strong>Istaknute inovacije:<\/strong> Otkrijte najnovije tehnologije, gadgete i gadgete koji oblikuju budu\u0107nost.<\/p>\n<p><strong>Recenzije proizvoda:<\/strong> Donosite informirane odluke uz na\u0161e nepristrane recenzije proizvoda i prijedloge.<\/p>\n<p><strong>Resursi za u\u010denje:<\/strong> Steknite znanje od iskusnih profesionalaca i stru\u010dnjaka uz na\u0161e obrazovne vodi\u010de i tutorijale.<\/p>\n<p><strong>Na\u0161a posve\u0107enost:<\/strong> Posve\u0107eni smo pru\u017eanju to\u010dnih i pouzdanih informacija. Na\u0161 tim je predan odr\u017eavanju koraka s brzim svijetom tehnologije i dijeljenju na\u0161ih uvida s vama.<\/p>\n<h3>Zahvalnost<\/h3>\n<p>Iskreno zahvaljujemo na\u0161im \u010ditateljima i suradnicima. Va\u0161a podr\u0161ka omogu\u0107uje IdLoaded-u da napreduje. Pridru\u017eite nam se u otkrivanju intrigantnog spoja tradicije i tehnolo\u0161kih inovacija. Zajedno mo\u017eemo i\u0107i u budu\u0107nost zadr\u017eavaju\u0107i svoju predanost kvaliteti i to\u010dnosti informacija.<\/p>\n<p>Hvala vam \u0161to ste dio IdLoaded zajednice! Mo\u017eete se povezati s nama putem na\u0161e web stranice na <a href=\"http:\/\/idloaded.com\/hr\/\" target=\"_new\" rel=\"noreferrer noopener\">http:\/\/idloaded.com\/<\/a>. Za vi\u0161e detalja tako\u0111er mo\u017eete posjetiti na\u0161u stranicu na dru\u0161tvenim mre\u017eama na adresi IdLoaded.<\/p>","protected":false},"excerpt":{"rendered":"<p>Sobre o IdLoaded No IdLoaded, somos movidos pela nossa paix\u00e3o por integrar o mundo da tecnologia com as informa\u00e7\u00f5es mais recentes e relevantes. Nosso objetivo \u00e9 ser o ponto de refer\u00eancia para entusiastas de tecnologia, profissionais da \u00e1rea e todos aqueles interessados nas \u00faltimas inova\u00e7\u00f5es. Nosso Objetivo Nosso principal objetivo \u00e9 criar um espa\u00e7o onde [&hellip;]<\/p>","protected":false},"author":1,"featured_media":0,"parent":0,"menu_order":0,"comment_status":"closed","ping_status":"closed","template":"","meta":{"footnotes":""},"class_list":["post-75","page","type-page","status-publish","hentry"],"_links":{"self":[{"href":"https:\/\/idloaded.com\/hr\/wp-json\/wp\/v2\/pages\/75","targetHints":{"allow":["GET"]}}],"collection":[{"href":"https:\/\/idloaded.com\/hr\/wp-json\/wp\/v2\/pages"}],"about":[{"href":"https:\/\/idloaded.com\/hr\/wp-json\/wp\/v2\/types\/page"}],"author":[{"embeddable":true,"href":"https:\/\/idloaded.com\/hr\/wp-json\/wp\/v2\/users\/1"}],"replies":[{"embeddable":true,"href":"https:\/\/idloaded.com\/hr\/wp-json\/wp\/v2\/comments?post=75"}],"version-history":[{"count":8,"href":"https:\/\/idloaded.com\/hr\/wp-json\/wp\/v2\/pages\/75\/revisions"}],"predecessor-version":[{"id":508,"href":"https:\/\/idloaded.com\/hr\/wp-json\/wp\/v2\/pages\/75\/revisions\/508"}],"wp:attachment":[{"href":"https:\/\/idloaded.com\/hr\/wp-json\/wp\/v2\/media?parent=75"}],"curies":[{"name":"wp","href":"https:\/\/api.w.org\/{rel}","templated":true}]}}