{"id":73,"date":"2023-12-01T00:53:30","date_gmt":"2023-12-01T03:53:30","guid":{"rendered":"http:\/\/idloaded.com\/?page_id=73"},"modified":"2024-07-04T19:18:00","modified_gmt":"2024-07-04T22:18:00","slug":"politika-privatnosti","status":"publish","type":"page","link":"https:\/\/idloaded.com\/hr\/politika-privatnosti\/","title":{"rendered":"Politika privatnosti"},"content":{"rendered":"<h2>Smjernice o privatnosti za IdLoaded<\/h2>\n<p>U IdLoaded, koji se mo\u017ee prona\u0107i na <a href=\"http:\/\/idloaded.com\/hr\/\" target=\"_new\" rel=\"noreferrer noopener\">http:\/\/idloaded.com\/<\/a>, prioritet nam je privatnost na\u0161ih posjetitelja. Ovaj dokument opisuje vrste informacija koje prikupljamo i bilje\u017eimo u IdLoaded i kako ih koristimo.<\/p>\n<p>Ako imate dodatnih pitanja ili su vam potrebne dodatne pojedinosti o na\u0161im smjernicama o privatnosti, slobodno nas kontaktirajte.<\/p>\n<p>Ove Smjernice o privatnosti primjenjive su isklju\u010divo na na\u0161e online aktivnosti i relevantne su posjetiteljima na\u0161e web stranice u vezi s informacijama koje su podijelili i\/ili prikupili u IdLoaded. Ove se smjernice ne odnose na informacije prikupljene izvan mre\u017ee ili putem drugih kanala osim ove web stranice.<\/p>\n<h3>Sporazum<\/h3>\n<p>Pristupom na\u0161oj web stranici sla\u017eete se s na\u0161im Smjernicama o privatnosti i pristajete na njihove uvjete.<\/p>\n<h3>Podaci koje prikupljamo<\/h3>\n<p>Jasno \u0107emo objasniti za\u0161to su nam potrebni osobni podaci koje tra\u017eimo u trenutku kada ih zatra\u017eimo.<\/p>\n<p>Ako nas kontaktirate izravno, mogli bismo primiti dodatne informacije o vama kao \u0161to su va\u0161e ime, adresa e-po\u0161te, telefonski broj, sadr\u017eaj bilo koje poruke i\/ili privitaka koje nam mo\u017eete poslati i bilo koje druge informacije koje mo\u017eete dati.<\/p>\n<p>Kada kreirate ra\u010dun, mo\u017eemo tra\u017eiti va\u0161e podatke za kontakt, uklju\u010duju\u0107i stavke kao \u0161to su ime, naziv tvrtke, adresa, adresa e-po\u0161te i telefonski broj.<\/p>\n<h3>Kako koristimo va\u0161e podatke<\/h3>\n<p>Podatke koje prikupljamo koristimo na razne na\u010dine, uklju\u010duju\u0107i za:<\/p>\n<ul>\n<li>Osigurati, upravljati i odr\u017eavati na\u0161u web stranicu<\/li>\n<li>Pobolj\u0161ajte, personalizirajte i pro\u0161irite na\u0161u web stranicu<\/li>\n<li>Razumjeti i analizirati kako koristite na\u0161u web stranicu<\/li>\n<li>Stvorite nove proizvode, usluge, zna\u010dajke i funkcionalnosti<\/li>\n<li>Komunicirati s vama, izravno ili putem jednog od na\u0161ih partnera, za korisni\u010dku slu\u017ebu, pru\u017eanje a\u017euriranja i drugih informacija u vezi s web-mjestom te za marketin\u0161ke i promotivne svrhe<\/li>\n<li>Po\u0161aljite e-po\u0161tu<\/li>\n<li>Otkrijte i sprije\u010dite prijevaru<\/li>\n<\/ul>\n<h3>Log datoteke<\/h3>\n<p>IdLoaded slijedi standardni postupak kori\u0161tenja log datoteka. Ove datoteke bilje\u017ee posjetitelje kada posje\u0107uju web stranice. Sve hosting tvrtke to rade kao dio svojih analiti\u010dkih usluga hostinga. Podaci prikupljeni datotekama dnevnika uklju\u010duju adrese internetskog protokola (IP), vrstu preglednika, davatelja internetskih usluga (ISP), oznaku datuma i vremena, stranice za upu\u0107ivanje\/izlaz i eventualni broj klikova. Ove informacije nisu povezane ni s jednom informacijom koja se mo\u017ee osobno identificirati. Svrha informacija je analiza trendova, administriranje stranice, pra\u0107enje kretanja korisnika na web stranici i prikupljanje demografskih podataka.<\/p>\n<h3>Kola\u010di\u0107i i web signali<\/h3>\n<p>Kao i svaka druga web stranica, IdLoaded koristi &quot;kola\u010di\u0107e&quot;. Ovi se kola\u010di\u0107i koriste za pohranjivanje informacija uklju\u010duju\u0107i postavke posjetitelja i stranice na web stranici kojima je posjetitelj pristupio ili ih je posjetio. Informacije se koriste za optimizaciju korisni\u010dkog iskustva prilagodbom sadr\u017eaja na\u0161e web stranice na temelju vrste preglednika posjetitelja i\/ili drugih informacija.<\/p>\n<h3>Google DoubleClick DART kola\u010di\u0107<\/h3>\n<p>Google je jedan od dobavlja\u010da tre\u0107e strane na na\u0161oj stranici. Tako\u0111er koristi kola\u010di\u0107e, poznate kao DART kola\u010di\u0107i, za poslu\u017eivanje oglasa posjetiteljima na\u0161e stranice na temelju njihovog posjeta <a href=\"http:\/\/www.website.com\" target=\"_new\" rel=\"noreferrer noopener\">www.website.com<\/a> i drugim stranicama na internetu. Me\u0111utim, posjetitelji mogu odlu\u010diti odbiti kori\u0161tenje DART kola\u010di\u0107a posjetom Pravila o privatnosti Google oglasa i sadr\u017eajne mre\u017ee na sljede\u0107em URL-u \u2013 <a href=\"https:\/\/policies.google.com\/technologies\/ads\" target=\"_new\" rel=\"noreferrer noopener\">https:\/\/policies.google.com\/technologies\/ads<\/a>.<\/p>\n<h3>IdLoaded Smjernice o privatnosti partnera za ogla\u0161avanje<\/h3>\n<p>Mo\u017eete pogledati ovaj popis kako biste prona\u0161li Smjernice o privatnosti za svakog ogla\u0161iva\u010dkog partnera IdLoaded.<\/p>\n<p>Oglasni poslu\u017eitelji ili oglasne mre\u017ee tre\u0107ih strana koriste tehnologije kao \u0161to su kola\u010di\u0107i, JavaScript ili Web Beacons u svojim oglasima i poveznicama koje se pojavljuju na IdLoaded, a koje se \u0161alju izravno u preglednik korisnika. Oni automatski primaju va\u0161u IP adresu kada se to dogodi. Te se tehnologije koriste za mjerenje u\u010dinkovitosti njihovih reklamnih kampanja i\/ili za personalizaciju reklamnog sadr\u017eaja koji vidite na web stranicama koje posje\u0107ujete.<\/p>\n<p>Imajte na umu da IdLoaded nema pristup niti kontrolu nad ovim kola\u010di\u0107ima koje koriste ogla\u0161iva\u010di tre\u0107ih strana.<\/p>\n<h3>Smjernice o privatnosti tre\u0107ih strana<\/h3>\n<p>Pravila o privatnosti tvrtke IdLoaded ne odnose se na druge ogla\u0161iva\u010de ili web stranice. Stoga vam savjetujemo da za detaljnije informacije pogledate odnosnu Politiku privatnosti ovih poslu\u017eitelja oglasa tre\u0107ih strana. Mo\u017ee uklju\u010divati njihovu praksu i upute o tome kako isklju\u010diti odre\u0111ene opcije.<\/p>\n<p>Imate mogu\u0107nost onemogu\u0107iti kola\u010di\u0107e putem individualnih opcija preglednika. Za detaljnije informacije o upravljanju kola\u010di\u0107ima s odre\u0111enim web-preglednicima, molimo pogledajte odgovaraju\u0107e web stranice preglednika.<\/p>\n<h3>CCPA (Nemoj prodavati moje osobne podatke) prava na privatnost<\/h3>\n<p>Prema CCPA-u, potro\u0161a\u010di u Kaliforniji imaju pravo na:<\/p>\n<ul>\n<li>Zahtijevati da tvrtka koja prikuplja osobne podatke potro\u0161a\u010da otkrije kategorije i odre\u0111ene dijelove osobnih podataka koje je tvrtka prikupila o potro\u0161a\u010dima.<\/li>\n<li>Zahtijevati da tvrtka izbri\u0161e sve osobne podatke o potro\u0161a\u010du koje je tvrtka prikupila.<\/li>\n<li>Zahtjevajte da tvrtka koja prodaje osobne podatke potro\u0161a\u010da ne prodaje osobne podatke potro\u0161a\u010da.<\/li>\n<\/ul>\n<p>Ako postavite zahtjev, imamo mjesec dana da vam odgovorimo. Ako \u017eelite ostvariti bilo koje od ovih prava, obratite nam se.<\/p>\n<h3>GDPR prava na za\u0161titu podataka<\/h3>\n<p>\u017delimo biti sigurni da ste u potpunosti svjesni svih svojih prava na za\u0161titu podataka. Svaki korisnik ima pravo na:<\/p>\n<ul>\n<li>Pravo pristupa \u2013 imate pravo zatra\u017eiti kopije svojih osobnih podataka. Za ovu uslugu mo\u017eemo naplatiti malu naknadu.<\/li>\n<li>Pravo na ispravak \u2013 imate pravo zahtijevati da ispravimo bilo koju informaciju za koju smatrate da je neto\u010dna. Tako\u0111er imate pravo tra\u017eiti da dopunimo informacije za koje smatrate da su nepotpune.<\/li>\n<li>Pravo na brisanje \u2013 Imate pravo zatra\u017eiti da izbri\u0161emo Va\u0161e osobne podatke, pod odre\u0111enim uvjetima.<\/li>\n<li>Pravo na ograni\u010denje obrade \u2013 Imate pravo zatra\u017eiti da ograni\u010dimo obradu Va\u0161ih osobnih podataka, pod odre\u0111enim uvjetima.<\/li>\n<li>Pravo na prigovor na obradu \u2013 imate pravo na prigovor na na\u0161u obradu va\u0161ih osobnih podataka, pod odre\u0111enim uvjetima.<\/li>\n<li>Pravo na prenosivost podataka \u2013 imate pravo zatra\u017eiti da podatke koje smo prikupili prenesemo drugoj organizaciji ili izravno vama, pod odre\u0111enim uvjetima.<\/li>\n<\/ul>\n<p>Ako postavite zahtjev, imamo mjesec dana da vam odgovorimo. Ako \u017eelite ostvariti bilo koje od ovih prava, obratite nam se.<\/p>\n<h3>Informacije o maloljetnicima<\/h3>\n<p>Jedan od na\u0161ih najve\u0107ih prioriteta je za\u0161tita djece dok koriste internet. Poti\u010demo roditelje i skrbnike da promatraju, sudjeluju u i\/ili prate i usmjeravaju svoje online aktivnosti.<\/p>\n<p>IdLoaded ne prikuplja svjesno nikakve osobne podatke od djece mla\u0111e od 13 godina. Ako smatrate da je va\u0161e dijete dalo ovu vrstu informacija na na\u0161oj web stranici, sna\u017eno vas poti\u010demo da nas odmah kontaktirate, a mi \u0107emo u\u010diniti sve \u0161to je u na\u0161oj mo\u0107i da promptno uklonimo takve informacije iz na\u0161e evidencije.<\/p>\n<h3>A\u017euriranja na\u0161ih smjernica o privatnosti<\/h3>\n<p>Na\u0161e smjernice o privatnosti mogu biti podlo\u017ene promjenama tijekom vremena. Stoga preporu\u010dujemo da redovito posje\u0107ujete ovu stranicu kako biste bili informirani o svim promjenama. Obavijestit \u0107emo vas o svim a\u017euriranjima objavljivanjem revidiranih Smjernica o privatnosti na ovoj stranici. Ova a\u017euriranja stupaju na snagu odmah nakon \u0161to budu objavljena na ovoj stranici.<\/p>\n<p>U izradi na\u0161ih Smjernica o privatnosti pomogao je Generator pravila o privatnosti.<\/p>\n<h3>Kontaktirajte nas<\/h3>\n<p>Ako imate bilo kakvih pitanja ili prijedloga u vezi s na\u0161im Smjernicama o privatnosti, slobodno nam se obratite na IdLoaded. Mo\u017eete nas prona\u0107i na na\u0161oj web stranici na adresi <a href=\"http:\/\/idloaded.com\/hr\/\" target=\"_new\" rel=\"noreferrer noopener\">http:\/\/idloaded.com\/<\/a>. Za vi\u0161e detalja tako\u0111er mo\u017eete provjeriti na\u0161u stranicu dru\u0161tvenih medija na IdLoaded.<\/p>","protected":false},"excerpt":{"rendered":"<p>Diretrizes de Privacidade para IdLoaded No IdLoaded, que pode ser encontrado em http:\/\/idloaded.com\/, priorizamos a privacidade dos nossos visitantes. Este documento descreve os tipos de informa\u00e7\u00f5es que coletamos e registramos no IdLoaded e como as utilizamos. Caso tenha mais perguntas ou precise de mais detalhes sobre nossas Diretrizes de Privacidade, sinta-se \u00e0 vontade para nos [&hellip;]<\/p>","protected":false},"author":1,"featured_media":0,"parent":0,"menu_order":0,"comment_status":"closed","ping_status":"closed","template":"","meta":{"footnotes":""},"class_list":["post-73","page","type-page","status-publish","hentry"],"_links":{"self":[{"href":"https:\/\/idloaded.com\/hr\/wp-json\/wp\/v2\/pages\/73","targetHints":{"allow":["GET"]}}],"collection":[{"href":"https:\/\/idloaded.com\/hr\/wp-json\/wp\/v2\/pages"}],"about":[{"href":"https:\/\/idloaded.com\/hr\/wp-json\/wp\/v2\/types\/page"}],"author":[{"embeddable":true,"href":"https:\/\/idloaded.com\/hr\/wp-json\/wp\/v2\/users\/1"}],"replies":[{"embeddable":true,"href":"https:\/\/idloaded.com\/hr\/wp-json\/wp\/v2\/comments?post=73"}],"version-history":[{"count":6,"href":"https:\/\/idloaded.com\/hr\/wp-json\/wp\/v2\/pages\/73\/revisions"}],"predecessor-version":[{"id":503,"href":"https:\/\/idloaded.com\/hr\/wp-json\/wp\/v2\/pages\/73\/revisions\/503"}],"wp:attachment":[{"href":"https:\/\/idloaded.com\/hr\/wp-json\/wp\/v2\/media?parent=73"}],"curies":[{"name":"wp","href":"https:\/\/api.w.org\/{rel}","templated":true}]}}