{"id":69,"date":"2023-12-01T00:51:50","date_gmt":"2023-12-01T03:51:50","guid":{"rendered":"http:\/\/idloaded.com\/?page_id=69"},"modified":"2024-07-04T19:21:46","modified_gmt":"2024-07-04T22:21:46","slug":"kontaktirajte-nas","status":"publish","type":"page","link":"https:\/\/idloaded.com\/hr\/kontaktirajte-nas\/","title":{"rendered":"Kontakt"},"content":{"rendered":"<h2>Kontaktirajte nas<\/h2>\n<p>Hvala vam na interesu za IdLoaded. Cijenimo va\u0161a mi\u0161ljenja i pitanja. Evo na\u010dina da nas kontaktirate:<\/p>\n<h3>E-mail<\/h3>\n<p>Za op\u0107a pitanja, prijedloge ili komentare, po\u0161aljite e-po\u0161tu <a rel=\"noreferrer\">contact@idloaded.com<\/a>. Na\u0161 tim \u0107e nastojati odgovoriti na va\u0161a pitanja \u0161to je br\u017ee mogu\u0107e.<\/p>\n<h3>Kontakt obrazac<\/h3>\n<p>Ako imate konkretnih pitanja ili \u017eelite poslati \u010dlanak vezan uz tehnologiju, po\u0161aljite e-po\u0161tu <a rel=\"noreferrer\">contact@idloaded.com<\/a>. Pozdravljamo doprinose ljubitelja op\u0107ih informacija i tehnolo\u0161kih entuzijasta.<\/p>\n<h3>Po\u0161tanska adresa<\/h3>\n<p>Ukoliko vi\u0161e volite klasi\u010dnu po\u0161tu, mo\u017eete nas prona\u0107i na sljede\u0107oj adresi:<\/p>\n<p><strong>IdLoaded<\/strong><\/p>\n<p>837 Pawprint Lane<\/p>\n<p>Dogville, TX 75001<\/p>\n<p>SAD<\/p>\n<h3>Newsletter<\/h3>\n<p>Kako biste bili u tijeku s najnovijim \u010dlancima, tehnolo\u0161kim trendovima i novostima iz zajednice IdLoaded, prijavite se za na\u0161 bilten. Samo unesite svoju e-po\u0161tu u polje za prijavu na dnu na\u0161e po\u010detne stranice.<\/p>\n<h3>Povratne informacije<\/h3>\n<p>Uvijek nastojimo pobolj\u0161ati na\u0161 sadr\u017eaj i korisni\u010dko iskustvo. Ako imate prijedloge ili komentare o tome kako mo\u017eemo pobolj\u0161ati va\u0161e IdLoaded iskustvo, podijelite ih s nama putem e-po\u0161te.<\/p>\n<p>Cijenimo va\u0161 interes i veselimo se va\u0161em odgovoru. IdLoaded je ovdje da pove\u017ee svijet informacija s najnovijom tehnologijom, a va\u0161 doprinos je klju\u010dan da nam pomognete u ostvarenju ove misije.<\/p>\n<p>Hvala vam \u0161to ste dio na\u0161e op\u0107e informativne zajednice!<\/p>","protected":false},"excerpt":{"rendered":"<p>Entre em Contato Conosco Obrigado pelo seu interesse no IdLoaded. Valorizamos suas opini\u00f5es e perguntas. Aqui est\u00e3o as formas de nos contatar: Email Para perguntas gerais, sugest\u00f5es ou coment\u00e1rios, envie um e-mail para contact@idloaded.com. Nossa equipe se esfor\u00e7ar\u00e1 para responder \u00e0s suas perguntas o mais r\u00e1pido poss\u00edvel. Formul\u00e1rio de Contato Se voc\u00ea tiver perguntas espec\u00edficas [&hellip;]<\/p>","protected":false},"author":1,"featured_media":0,"parent":0,"menu_order":0,"comment_status":"closed","ping_status":"closed","template":"","meta":{"footnotes":""},"class_list":["post-69","page","type-page","status-publish","hentry"],"_links":{"self":[{"href":"https:\/\/idloaded.com\/hr\/wp-json\/wp\/v2\/pages\/69","targetHints":{"allow":["GET"]}}],"collection":[{"href":"https:\/\/idloaded.com\/hr\/wp-json\/wp\/v2\/pages"}],"about":[{"href":"https:\/\/idloaded.com\/hr\/wp-json\/wp\/v2\/types\/page"}],"author":[{"embeddable":true,"href":"https:\/\/idloaded.com\/hr\/wp-json\/wp\/v2\/users\/1"}],"replies":[{"embeddable":true,"href":"https:\/\/idloaded.com\/hr\/wp-json\/wp\/v2\/comments?post=69"}],"version-history":[{"count":6,"href":"https:\/\/idloaded.com\/hr\/wp-json\/wp\/v2\/pages\/69\/revisions"}],"predecessor-version":[{"id":506,"href":"https:\/\/idloaded.com\/hr\/wp-json\/wp\/v2\/pages\/69\/revisions\/506"}],"wp:attachment":[{"href":"https:\/\/idloaded.com\/hr\/wp-json\/wp\/v2\/media?parent=69"}],"curies":[{"name":"wp","href":"https:\/\/api.w.org\/{rel}","templated":true}]}}