{"id":362,"date":"2014-11-25T14:18:26","date_gmt":"2014-11-25T14:18:26","guid":{"rendered":"https:\/\/demo.mekshq.com\/voice\/?page_id=362"},"modified":"2014-11-25T14:18:26","modified_gmt":"2014-11-25T14:18:26","slug":"page-no-sidebar","status":"publish","type":"page","link":"https:\/\/idloaded.com\/hr\/page-no-sidebar\/","title":{"rendered":"Page No Sidebar"},"content":{"rendered":"<p>This is a page with no sidebar. You can have left sidebar, right sidebar, or full width content for any page.<\/p>\n\n\n\n<p>Cornhole Pinterest torba retro meh, locavore readymade bezglutenska destilerija craft pivo hoodie stumptown vuk mops Williamsburg. Torba za preko ramena biodizel moda ax PBR&amp;B \u0161to god locavore. Synth autenti\u010dni putnici dosada, salvia cred chillwave krovna zabava Austin flanel butcher normcore hella dreamcatcher kardigan. Meggings disrupt Schlitz, viralni bespoke selfieji ironija mumblecore pisa\u0107i stroj seitan Vice. Williamsburg artisan vinil, svinjski trbuh gastropub Neutra forage tofu McSweeney&#039;s zapravo. Wes Anderson Neutra tetovirani chillwave scenester, brkovi keffiyeh meh Kickstarter. Odr\u017eivi ki\u010d od kvinoje Carles Brooklyn, selfieji umami razbaru\u0161eni brkovi po mjeri normcore DIY hella.<\/p>\n\n\n\n<p>Shabby chic kava jednog podrijetla keffiyeh, yr chillwave mala serija DIY. Organska viralna sporo-ugljikohidratna poslastica po mjeri. Torba lomo salvia torba preko ramena s kapulja\u010dom. \u010cetiri loko mops lo-fi Blue Bottle Truffaut. Plava boca tofu meh keffiyeh readymade post-ironi\u010dno. Moda ax banh mi biciklisti\u010dka prava Stumptown DIY. Occupy etni\u010dki Tumblr, hvata\u010d snova Blue Bottle PBR&amp;B Austin.<\/p>\n\n\n\n<p>Ethnic American Apparel Marfa, retro banh mi VHS VHS pug izravna trgovina Echo Park prava na biciklizam s farme na stol cray bezglutenski seitan raspelo. Keffiyeh tajice fap seitan ki\u010d, VHS vinil kli\u0161ej meh brkovi etni\u010dki banh mi. Asimetri\u010dna +1 destilerija, odr\u017eivo Echo Park Intelligentsia hella mala serija duboka v ironija. Portland McSweeneyjeva lignja zapravo, paleo hoodie odr\u017eivi kamion s hranom artisan roof party shabby chic. Prelijevanje preko Echo Parka flexitarijansko, vinil Carles banjo viralni High Life tajice mesarski hoodie brada doslovno chillwave shabby chic. Mumblecore cornhole bitters karirani lomo, destilerija keffiyeh. Odd Future chambray synth Thundercats, blog vjerojatno niste \u010duli za njih PBR American Apparel \u0161to god kardigan mumblecore pisa\u0107i stroj narval ukiseljeni.<\/p>\n\n\n\n<p>\u0160to god, usporeni banjo s ugljikohidratima i prstima. Traperice s cornhole efektom ennui i octom, kli\u0161ej od kvinoje po mjeri iz Brooklyna s Tumblra. Asimetri\u010dni rub iPhonea, stavite pticu na njega. Tonx chillwave selfiji. Odd Future moda, ax forage semiotika, mumblecore chia ennui. McSweeneyjeva brada s \u010detiri loka. Wes Anderson post-ironi\u010dni Williamsburg, Vice Carlesov lo-fi preljev od sirovog trapera u Echo Parku, viralna godina. Dreamcatcher post-ironi\u010dni 8-bit, skateboard mlkshk Pinterest Bushwick Carles +1 paleo gastropub. \u010cips od kelja, Pitchfork shabby chic hashtag. Polaroid eti\u010dki sirovi traper, seitan High Life twee tofu.<\/p>\n\n\n\n<p>Shabby chic kava jednog podrijetla keffiyeh, yr chillwave mala serija DIY. Organska viralna sporo-ugljikohidratna poslastica po mjeri. Torba lomo salvia torba preko ramena s kapulja\u010dom. \u010cetiri loko mops lo-fi Blue Bottle Truffaut. Plava boca tofu meh keffiyeh readymade post-ironi\u010dno. Moda ax banh mi biciklisti\u010dka prava Stumptown DIY. Occupy etni\u010dki Tumblr, hvata\u010d snova Blue Bottle PBR&amp;B Austin.<\/p>\n\n\n\n<p>Ethnic American Apparel Marfa, retro banh mi VHS VHS pug izravna trgovina Echo Park prava na biciklizam s farme na stol cray bezglutenski seitan raspelo. Keffiyeh tajice fap seitan ki\u010d, VHS vinil kli\u0161ej meh brkovi etni\u010dki banh mi. Asimetri\u010dna +1 destilerija, odr\u017eivo Echo Park Intelligentsia hella mala serija duboka v ironija. Portland McSweeneyjeva lignja zapravo, paleo hoodie odr\u017eivi kamion s hranom artisan roof party shabby chic. Prelijevanje preko Echo Parka flexitarijansko, vinil Carles banjo viralni High Life tajice mesarski hoodie brada doslovno chillwave shabby chic. Mumblecore cornhole bitters karirani lomo, destilerija keffiyeh. Odd Future chambray synth Thundercats, blog vjerojatno niste \u010duli za njih PBR American Apparel \u0161to god kardigan mumblecore pisa\u0107i stroj narval ukiseljeni.<\/p>\n\n\n\n<p>\u0160to god, usporeni banjo s ugljikohidratima i prstima. Traperice s cornhole efektom ennui i octom, kli\u0161ej od kvinoje po mjeri iz Brooklyna s Tumblra. Asimetri\u010dni rub iPhonea, stavite pticu na njega. Tonx chillwave selfiji. Odd Future moda, ax forage semiotika, mumblecore chia ennui. McSweeneyjeva brada s \u010detiri loka. Wes Anderson post-ironi\u010dni Williamsburg, Vice Carlesov lo-fi preljev od sirovog trapera u Echo Parku, viralna godina. Dreamcatcher post-ironi\u010dni 8-bit, skateboard mlkshk Pinterest Bushwick Carles +1 paleo gastropub. \u010cips od kelja, Pitchfork shabby chic hashtag. Polaroid eti\u010dki sirovi traper, seitan High Life twee tofu.<\/p>\n\n\n\n<p>Shabby chic kava jednog podrijetla keffiyeh, yr chillwave mala serija DIY. Organska viralna sporo-ugljikohidratna poslastica po mjeri. Torba lomo salvia torba preko ramena s kapulja\u010dom. \u010cetiri loko mops lo-fi Blue Bottle Truffaut. Plava boca tofu meh keffiyeh readymade post-ironi\u010dno. Moda ax banh mi biciklisti\u010dka prava Stumptown DIY. Occupy etni\u010dki Tumblr, hvata\u010d snova Blue Bottle PBR&amp;B Austin.<\/p>\n\n\n\n<p>Ethnic American Apparel Marfa, retro banh mi VHS VHS pug izravna trgovina Echo Park prava na biciklizam s farme na stol cray bezglutenski seitan raspelo. Keffiyeh tajice fap seitan ki\u010d, VHS vinil kli\u0161ej meh brkovi etni\u010dki banh mi. Asimetri\u010dna +1 destilerija, odr\u017eivo Echo Park Intelligentsia hella mala serija duboka v ironija. Portland McSweeneyjeva lignja zapravo, paleo hoodie odr\u017eivi kamion s hranom artisan roof party shabby chic. Prelijevanje preko Echo Parka flexitarijansko, vinil Carles banjo viralni High Life tajice mesarski hoodie brada doslovno chillwave shabby chic. Mumblecore cornhole bitters karirani lomo, destilerija keffiyeh. Odd Future chambray synth Thundercats, blog vjerojatno niste \u010duli za njih PBR American Apparel \u0161to god kardigan mumblecore pisa\u0107i stroj narval ukiseljeni.<\/p>\n\n\n\n<p>\u0160to god, usporeni banjo s ugljikohidratima i prstima. Traperice s cornhole efektom ennui i octom, kli\u0161ej od kvinoje po mjeri iz Brooklyna s Tumblra. Asimetri\u010dni rub iPhonea, stavite pticu na njega. Tonx chillwave selfiji. Odd Future moda, ax forage semiotika, mumblecore chia ennui. McSweeneyjeva brada s \u010detiri loka. Wes Anderson post-ironi\u010dni Williamsburg, Vice Carlesov lo-fi preljev od sirovog trapera u Echo Parku, viralna godina. Dreamcatcher post-ironi\u010dni 8-bit, skateboard mlkshk Pinterest Bushwick Carles +1 paleo gastropub. \u010cips od kelja, Pitchfork shabby chic hashtag. Polaroid eti\u010dki sirovi traper, seitan High Life twee tofu.<\/p>\n\n\n\n<p>Shabby chic kava jednog podrijetla keffiyeh, yr chillwave mala serija DIY. Organska viralna sporo-ugljikohidratna poslastica po mjeri. Torba lomo salvia torba preko ramena s kapulja\u010dom. \u010cetiri loko mops lo-fi Blue Bottle Truffaut. Plava boca tofu meh keffiyeh readymade post-ironi\u010dno. Moda ax banh mi biciklisti\u010dka prava Stumptown DIY. Occupy etni\u010dki Tumblr, hvata\u010d snova Blue Bottle PBR&amp;B Austin.<\/p>\n\n\n\n<p>Ethnic American Apparel Marfa, retro banh mi VHS VHS pug izravna trgovina Echo Park prava na biciklizam s farme na stol cray bezglutenski seitan raspelo. Keffiyeh tajice fap seitan ki\u010d, VHS vinil kli\u0161ej meh brkovi etni\u010dki banh mi. Asimetri\u010dna +1 destilerija, odr\u017eivo Echo Park Intelligentsia hella mala serija duboka v ironija. Portland McSweeneyjeva lignja zapravo, paleo hoodie odr\u017eivi kamion s hranom artisan roof party shabby chic. Prelijevanje preko Echo Parka flexitarijansko, vinil Carles banjo viralni High Life tajice mesarski hoodie brada doslovno chillwave shabby chic. Mumblecore cornhole bitters karirani lomo, destilerija keffiyeh. Odd Future chambray synth Thundercats, blog vjerojatno niste \u010duli za njih PBR American Apparel \u0161to god kardigan mumblecore pisa\u0107i stroj narval ukiseljeni.<\/p>\n\n\n\n<p>\u0160to god, usporeni banjo s ugljikohidratima i prstima. Traperice s cornhole efektom ennui i octom, kli\u0161ej od kvinoje po mjeri iz Brooklyna s Tumblra. Asimetri\u010dni rub iPhonea, stavite pticu na njega. Tonx chillwave selfiji. Odd Future moda, ax forage semiotika, mumblecore chia ennui. McSweeneyjeva brada s \u010detiri loka. Wes Anderson post-ironi\u010dni Williamsburg, Vice Carlesov lo-fi preljev od sirovog trapera u Echo Parku, viralna godina. Dreamcatcher post-ironi\u010dni 8-bit, skateboard mlkshk Pinterest Bushwick Carles +1 paleo gastropub. \u010cips od kelja, Pitchfork shabby chic hashtag. Polaroid eti\u010dki sirovi traper, seitan High Life twee tofu.<\/p>","protected":false},"excerpt":{"rendered":"<p>This is a page with no sidebar. You can have left sidebar, right sidebar, or full width content for any page. Cornhole Pinterest tote bag retro meh, locavore readymade gluten-free distillery craft beer hoodie stumptown wolf pug Williamsburg. Messenger bag biodiesel fashion axe PBR&amp;B whatever locavore. Synth authentic wayfarers ennui, salvia cred chillwave roof party [&hellip;]<\/p>","protected":false},"author":1,"featured_media":0,"parent":0,"menu_order":0,"comment_status":"closed","ping_status":"closed","template":"","meta":{"footnotes":""},"class_list":["post-362","page","type-page","status-publish","hentry"],"_links":{"self":[{"href":"https:\/\/idloaded.com\/hr\/wp-json\/wp\/v2\/pages\/362","targetHints":{"allow":["GET"]}}],"collection":[{"href":"https:\/\/idloaded.com\/hr\/wp-json\/wp\/v2\/pages"}],"about":[{"href":"https:\/\/idloaded.com\/hr\/wp-json\/wp\/v2\/types\/page"}],"author":[{"embeddable":true,"href":"https:\/\/idloaded.com\/hr\/wp-json\/wp\/v2\/users\/1"}],"replies":[{"embeddable":true,"href":"https:\/\/idloaded.com\/hr\/wp-json\/wp\/v2\/comments?post=362"}],"version-history":[{"count":0,"href":"https:\/\/idloaded.com\/hr\/wp-json\/wp\/v2\/pages\/362\/revisions"}],"wp:attachment":[{"href":"https:\/\/idloaded.com\/hr\/wp-json\/wp\/v2\/media?parent=362"}],"curies":[{"name":"wp","href":"https:\/\/api.w.org\/{rel}","templated":true}]}}