{"id":337,"date":"2014-11-25T13:52:17","date_gmt":"2014-11-25T13:52:17","guid":{"rendered":"https:\/\/demo.mekshq.com\/voice\/?page_id=337"},"modified":"2014-11-25T13:52:17","modified_gmt":"2014-11-25T13:52:17","slug":"kratki-kodovi","status":"publish","type":"page","link":"https:\/\/idloaded.com\/hr\/kratki-kodovi\/","title":{"rendered":"Kratki kodovi"},"content":{"rendered":"<p>\t\t\t\tTema dolazi s punom podr\u0161kom za na\u0161 Meks Flexible Shortcodes WordPress dodatak. Pogledajte neke primjere \u0161to mo\u017eete stvoriti unutar sadr\u017eaja stranice\/objave s na\u0161im kratkim kodovima.<\/p>\n<h3>Mo\u017eete dodati neke stupce\u2026<\/h3>\n<p>[mks_col]<\/p>\n<p>[mks_one_half]Osim masnih naslaga, \u010dipsa od kelja i sli\u010dno. Meh vuk anim delectus skateboard. Scenarij za hranu brkovi skateboard DIY, pametan rad \u0161to god. Eti\u010dka uskla\u0111enost ne +1 razbaru\u0161ena autenti\u010dna. Za virusnu zabavu sljede\u0107a razina. Odr\u017eiva Helvetica Brooklyn zabava na krovu bez glutena veniam, nostrud tetovirana ironija svinjski trbuh shabby chic koji pije ocat. Truffaut fleksitarijanac ne kori Pitchfork, incidencija Bushwicka s farme na stol.[\/mks_one_half]<\/p>\n<p>[mks_one_half]Umami brada Godard, cornhole semiotics cray eiusmod karirani pisa\u0107i stroj shabby chic kroja\u010dki Wes Anderson. Non forage laborum tattooed, art party DIY mumblecore veniamcusamus American Apparel master cleanse selfies occupy ea farm-to-table. Exercitation visoki tisak duis ennui narud\u017eba readymade. Sapient tofu consequat four loko quer. Ennui vinil umami incidence Austin kardigan voluptate.[\/mks_one_half]<\/p>\n<p>[\/mks_col]<\/p>\n<h3>Mo\u017eda neke trake napretka?<\/h3>\n<p>[mks_progressbar name=\u201dPametno\u201d razina=\u201dVisoka\u201d vrijednost=\u201d70\u2033 visina=\u201d20\u2033 boja=\u201d#e23a3e\u201d stil=\u201dkvadratno\u201d]<br \/>\n[mks_progressbar name=\u201dKreativna\u201d razina=\u201dVrlo visoka\u201d vrijednost=\u201d90\u2033 visina=\u201d20\u2033 boja=\u201d#f7c24e\u201d stil=\u201dkvadratna\u201d]<br \/>\n[mks_progressbar name=\u201dPesimist\u201d level=\u201dNiska\u201d value=\u201d30\u2033 height=\u201d20\u2033 color=\u201d#2c9cb1\u2033 style=\u201dkvadrat\u201d]<br \/>\n[mks_progressbar name=\u201dOptimist\u201d level=\u201dAverage\u201d value=\u201d50\u2033 height=\u201d20\u2033 color=\u201d#000000\u2033 style=\u201dsquared\u201d]<\/p>\n<p>[mks_separator stil = &quot;prazno&quot; visina = &quot;20&quot;]<\/p>\n<h4>Sjajne ikone fontova?<\/h4>\n<h3>[mks_icon icon=\u201dfa-isklju\u010deno\u201d color=\u201d#e23a3e\u201d] [mks_icon icon=\u201dfa-zup\u010danik\u201d color=\u201d#e23a3e\u201d] [mks_icon icon=\u201dfa-th-list\u201d color=\u201d#e23a3e\u201d] [mks_icon icon=\u201dfa-datoteka-o\u201d color=\u201d#e23a3e\u201d] [mks_icon icon=\u201dfa-video-kamera\u201d color=\u201d#e23a3e\u201d] [mks_icon icon=\u201dfa-kalendar\u201d color=\u201d#e23a3e\u201d] [mks_icon icon=\u201dfa-knjiga\u201d color=\u201d#e23a3e\u201d] [mks_icon icon=\u201dfa-oko\u201d color=\u201d#e23a3e\u201d] [mks_icon icon=\u201dfa-srce-o\u201d boja=\u201d#2c9cb1\u2033] [mks_icon ikona=\u201dfa-ki\u0161obran\u201d boja=\u201d#2c9cb1\u2033] [mks_icon ikona=\u201dfa-mikrofon\u201d boja=\u201d#2c9cb1\u2033]<\/h3>\n<p>[mks_separator stil = &quot;prazno&quot; visina = &quot;20&quot;]<\/p>\n<h3>Ili neke lijepe gumbe?<\/h3>\n<p>[mks_button size=\u201dmali\u201d title=\u201dMali\u201d style=\u201dkvadratni\u201d url=\u201dhttps:\/\/mekshq.com\u201d target=\u201d_blank\u201d bg_color=\u201d#e23a3e\u201d txt_color=\u201d#FFFFFF\u201d icon=\u201dfa-music\u201d]<\/p>\n<p>[mks_button size=\u201dmali\u201d title=\u201dMali\u201d style=\u201dkvadratni\u201d url=\u201dhttps:\/\/mekshq.com\u201d target=\u201d_blank\u201d bg_color=\u201d#f7c24e\u201d txt_color=\u201d#FFFFFF\u201d icon=\u201dfa-music\u201d]<\/p>\n<p>[mks_button size=\u201dmali\u201d title=\u201dMali\u201d style=\u201dkvadratni\u201d url=\u201dhttps:\/\/mekshq.com\u201d target=\u201d_blank\u201d bg_color=\u201d#2c9cb1\u2033 txt_color=\u201d#FFFFFF\u201d icon=\u201dfa-music\u201d]<\/p>\n<p>[mks_separator stil = &quot;prazno&quot; visina = &quot;1&quot;]<\/p>\n<p>[mks_button size=\u201dsrednja\u201d title=\u201dSrednja\u201d style=\u201dzaobljena\u201d url=\u201dhttps:\/\/mekshq.com\u201d target=\u201d_blank\u201d bg_color=\u201d#e23a3e\u201d txt_color=\u201d#FFFFFF\u201d icon=\u201dfa-isklju\u010deno-isklju\u010divanje\u201d]<\/p>\n<p>[mks_button size=\u201dsrednja\u201d title=\u201dSrednja\u201d style=\u201dzaobljena\u201d url=\u201dhttps:\/\/mekshq.com\u201d target=\u201d_blank\u201d bg_color=\u201d#f7c24e\u201d txt_color=\u201d#FFFFFF\u201d icon=\u201dfa-isklju\u010deno-isklju\u010divanje\u201d]<\/p>\n<p>[mks_button size=\u201dsrednja\u201d title=\u201dSrednja\u201d style=\u201dzaobljeno\u201d url=\u201dhttps:\/\/mekshq.com\u201d target=\u201d_blank\u201d bg_color=\u201d#2c9cb1\u2033 txt_color=\u201d#FFFFFF\u201d icon=\u201dfa-isklju\u010deno-isklju\u010divanje\u201d]<\/p>\n<p>[mks_separator stil = &quot;prazno&quot; visina = &quot;1&quot;]<\/p>\n<p>[mks_button size=\u201dlarge\u201d title=\u201dVeliki gumb\u201d style=\u201drounded\u201d url=\u201dhttps:\/\/mekshq.com\u201d target=\u201d_blank\u201d bg_color=\u201d#e23a3e\u201d txt_color=\u201d#FFFFFF\u201d icon=\u201d\u201d]<\/p>\n<p>[mks_button size=\u201dlarge\u201d title=\u201dVeliki gumb\u201d style=\u201drounded\u201d url=\u201dhttps:\/\/mekshq.com\u201d target=\u201d_blank\u201d bg_color=\u201d#f7c24e\u201d txt_color=\u201d#FFFFFF\u201d icon=\u201d\u201d]<\/p>\n<p>[mks_button size=\u201dlarge\u201d title=\u201dVeliki gumb\u201d style=\u201drounded\u201d url=\u201dhttps:\/\/mekshq.com\u201d target=\u201d_blank\u201d bg_color=\u201d#2c9cb1\u2033 txt_color=\u201d#FFFFFF\u201d icon=\u201d\u201d]<\/p>\n<p>[mks_separator stil = &quot;prazno&quot; visina = &quot;20&quot;]<\/p>\n<h3>Mo\u017eda neke dru\u0161tvene ikone?<\/h3>\n<p>[mks_social icon=\u201daim\u201d size=\u201d48\u2033 style=\u201drounded\u201d url=\u201dhttp:\/\/\u201d target=\u201d_self\u201d][mks_social icon=\u201dskype\u201d size=\u201d48\u2033 style=\u201drounded\u201d url=\u201dhttp:\/\/\u201d target=\u201d_self\u201d][mks_social icon=\u201ddribbble\u201d size=\u201d48\u2033 style=\u201drounded\u201d url=\u201dhttp:\/\/\u201d target=\u201d_self\u201d][mks_social icon=\u201dfacebook\u201d size=\u201d48\u2033 style=\u201drounded\u201d url=\u201dhttp:\/\/\u201d target=\u201d_self\u201d][mks_social icon=\u201dpinterest\u201d size=\u201d48\u2033 style=\u201drounded\u201d url=\u201dhttp:\/\/\u201d target=\u201d_self\u201d][mks_social icon=\u201dlinkedin\u201d size=\u201d48\u2033 style=\u201drounded\u201d url=\u201dhttp:\/\/\u201d target=\u201d_self\u201d][mks_social icon=\u201dgrooveshark\u201d size=\u201d48\u2033 style=\u201drounded\u201d url=\u201dhttp:\/\/\u201d target=\u201d_self\u201d][mks_social icon=\u201dforrst\u201d size=\u201d48\u2033 style=\u201drounded\u201d url=\u201dhttp:\/\/\u201d target=\u201d_self\u201d][mks_social icon=\u201dinstagram\u201d size=\u201d48\u2033 style=\u201drounded\u201d url=\u201dhttp:\/\/\u201d target=\u201d_self\u201d][mks_social icon=\u201dflickr\u201d size=\u201d48\u2033 style=\u201drounded\u201d url=\u201dhttp:\/\/\u201d target=\u201d_self\u201d][mks_social icon=\u201devernote\u201d size=\u201d48\u2033 style=\u201drounded\u201d url=\u201dhttp:\/\/\u201d target=\u201d_self\u201d][mks_social icon=\u201dyahoo\u201d size=\u201d48\u2033 style=\u201drounded\u201d url=\u201dhttp:\/\/\u201d target=\u201d_self\u201d]<\/p>\n<p>[mks_social icon=\u201daim\u201d size=\u201d48\u2033 style=\u201dcircle\u201d url=\u201dhttp:\/\/\u201d target=\u201d_self\u201d][mks_social icon=\u201dskype\u201d size=\u201d48\u2033 style=\u201dcircle\u201d url=\u201dhttp:\/\/\u201d target=\u201d_self\u201d][mks_social icon=\u201ddribbble\u201d size=\u201d48\u2033 style=\u201dcircle\u201d url=\u201dhttp:\/\/\u201d target=\u201d_self\u201d][mks_social icon=\u201dfacebook\u201d size=\u201d48\u2033 style=\u201dcircle\u201d url=\u201dhttp:\/\/\u201d target=\u201d_self\u201d][mks_social icon=\u201dpinterest\u201d size=\u201d48\u2033 style=\u201dcircle\u201d url=\u201dhttp:\/\/\u201d target=\u201d_self\u201d][mks_social icon=\u201dlinkedin\u201d size=\u201d48\u2033 style=\u201dcircle\u201d url=\u201dhttp:\/\/\u201d target=\u201d_self\u201d][mks_social icon=\u201dgrooveshark\u201d size=\u201d48\u2033 style=\u201dcircle\u201d url=\u201dhttp:\/\/\u201d target=\u201d_self\u201d][mks_social icon=\u201dforrst\u201d size=\u201d48\u2033 style=\u201dcircle\u201d url=\u201dhttp:\/\/\u201d target=\u201d_self\u201d][mks_social icon=\u201dinstagram\u201d size=\u201d48\u2033 style=\u201dcircle\u201d url=\u201dhttp:\/\/\u201d target=\u201d_self\u201d][mks_social icon=\u201dflickr\u201d size=\u201d48\u2033 style=\u201dcircle\u201d url=\u201dhttp:\/\/\u201d target=\u201d_self\u201d][mks_social icon=\u201devernote\u201d size=\u201d48\u2033 style=\u201dcircle\u201d url=\u201dhttp:\/\/\u201d target=\u201d_self\u201d][mks_social icon=\u201dyahoo\u201d size=\u201d48\u2033 style=\u201dcircle\u201d url=\u201dhttp:\/\/\u201d target=\u201d_self\u201d]<\/p>\n<p>[mks_social icon=\u201daim\u201d size=\u201d48\u2033 style=\u201dsquare\u201d url=\u201dhttp:\/\/\u201d target=\u201d_self\u201d][mks_social icon=\u201dskype\u201d size=\u201d48\u2033 style=\u201dsquare\u201d url=\u201dhttp:\/\/\u201d target=\u201d_self\u201d][mks_social icon=\u201ddribbble\u201d size=\u201d48\u2033 style=\u201dsquare\u201d url=\u201dhttp:\/\/\u201d target=\u201d_self\u201d][mks_social icon=\u201dfacebook\u201d size=\u201d48\u2033 style=\u201dsquare\u201d url=\u201dhttp:\/\/\u201d target=\u201d_self\u201d][mks_social icon=\u201dpinterest\u201d size=\u201d48\u2033 style=\u201dsquare\u201d url=\u201dhttp:\/\/\u201d target=\u201d_self\u201d][mks_social icon=\u201dlinkedin\u201d size=\u201d48\u2033 style=\u201dsquare\u201d url=\u201dhttp:\/\/\u201d target=\u201d_self\u201d][mks_social icon=\u201dgrooveshark\u201d size=\u201d48\u2033 style=\u201dsquare\u201d url=\u201dhttp:\/\/\u201d target=\u201d_self\u201d][mks_social icon=\u201dforrst\u201d size=\u201d48\u2033 style=\u201dsquare\u201d url=\u201dhttp:\/\/\u201d target=\u201d_self\u201d][mks_social icon=\u201dinstagram\u201d size=\u201d48\u2033 style=\u201dsquare\u201d url=\u201dhttp:\/\/\u201d target=\u201d_self\u201d][mks_social icon=\u201dflickr\u201d size=\u201d48\u2033 style=\u201dsquare\u201d url=\u201dhttp:\/\/\u201d target=\u201d_self\u201d][mks_social icon=\u201devernote\u201d size=\u201d48\u2033 style=\u201dsquare\u201d url=\u201dhttp:\/\/\u201d target=\u201d_self\u201d][mks_social icon=\u201dyahoo\u201d size=\u201d48\u2033 style=\u201dsquare\u201d url=\u201dhttp:\/\/\u201d target=\u201d_self\u201d]<\/p>\n<div class=\"clear\">[mks_separator stil = &quot;prazno&quot; visina = &quot;30&quot;]<\/div>\n<h3>Dropcaps?<\/h3>\n<p>[mks_dropcap style=\u201dletter\u201d size=\u201d50\u2033 bg_color=\u201d#ffffff\u201d txt_color=\u201d#000000\u2033]A[\/mks_dropcap]iznimno osjetljiv na masno\u0107u, \u010dips od kelja i sli\u010dno. Meh vuk anim delectus skateboard. Scenarij za hranu brkovi skateboard DIY, mudri rad \u0161to god. Eti\u010dka uskla\u0111enost ne +1 razbaru\u0161ena autenti\u010dna. Za virusnu zabavu sljede\u0107a razina. Odr\u017eiva Helvetica Brooklyn roof party bez glutena veniam, nostrud tetovirana ironija svinjskog trbuha shabby chic koji pije ocat. Truffaut fleksitarijanac bez prekoravanja Pitchfork, incidencija Bushwicka s farme na stol.<\/p>\n<p>[mks_dropcap style=\u201dsquare\u201d size=\u201d50\u2033 bg_color=\u201d#91c842\u2033 txt_color=\u201d#ffffff\u201d]A[\/mks_dropcap]iznimno osjetljiv na masno\u0107u, \u010dips od kelja i sli\u010dno. Meh vuk anim delectus skateboard. Scenarij za hranu brkovi skateboard DIY, pametan rad \u0161to god. Eti\u010dka posve\u0107enost ne +1 razbaru\u0161ena autenti\u010dna. Za virusnu zabavu sljede\u0107a razina. Odr\u017eiva Helvetica Brooklyn roof party bez glutena veniam, nostrud tetovirana ironija svinjskog trbuha shabby chic koji pije ocat. Truffaut fleksitarijanac bez kritike Pitchfork, incidencija Bushwicka s farme na stol.<\/p>\n<p>[mks_dropcap style=\u201dcircle\u201d size=\u201d50\u2033 bg_color=\u201d#f7c24e\u201d txt_color=\u201d#ffffff\u201d]A[\/mks_dropcap]xcepteur adipisicing try-hard kelj \u010dips et. Meh vuk anim delectus skateboard. Forage scenester mustache skateboard DIY, sapiente laborum whatever. Eti\u010dka uskla\u0111enost non +1 razbaru\u0161ena autenti\u010dna. Enim viral delectus sljede\u0107a razina. Odr\u017eiva Helvetica Brooklyn roof party bez glutena veniam, nostrud tetovirana ironija svinjski trbuh shabby chic koji pije ocat.<\/p>\n<p>[mks_dropcap style=\u201drounded\u201d size=\u201d50\u2033 bg_color=\u201d#2c9cb1\u2033 txt_color=\u201d#ffffff\u201d]A[\/mks_dropcap]eksceptor za masno\u0107u, \u010dips od kelja i sli\u010dno. Meh vuk anim delectus skateboard. Scenarij za hranu brkovi skateboard DIY, mudri rad \u0161to god. Eti\u010dka uskla\u0111enost ne +1 razbaru\u0161ena autenti\u010dna. Za virusnu zabavu sljede\u0107a razina. Odr\u017eiva Helvetica Brooklyn roof party bez glutena veniam, nostrud tetovirana ironija svinjskog trbuha shabby chic koji pije ocat. Truffaut fleksitarijanac bez kritike Pitchfork, incidencija Bushwicka s farme na stol.<\/p>\n<h3>Izvu\u0107i citate?<\/h3>\n<p>[mks_pullquote align=\u201dleft\u201d width=\u201d300\u2033 size=\u201d24\u2033 bg_color=\u201d#f7c24e\u201d txt_color=\u201d#ffffff\u201d]Chia kitsch laborum, Etsy iPhone Echo Park Thundercats church-key cornhole organski lo-fi. [\/mks_pullquote] Letterpress kroja\u010dki meh lomo hashtag, eiusmod aliqua in. Semiotika etni\u010dka hrana, irure dreamcatcher disrupt wayfarers slow-carb eu. IPhone tetoviran Labore 3 Wolf Moon Odd Future, dolore skateboard. Est reprehenderit pug mumblecore swag ethnic. Chia kitsch laborum, Etsy iPhone Echo Park Thundercats crkva-klju\u010d cornhole organski lo-fi. Preprehenderit pop-up wolf, isprobajte i pariatur craft pivo keytar squid i torbicu Echo Park. \u010cetiri loko mlkshk proident, single-origin kava ullamco disrupt banh mi lo-fi freegan Shoreditch ironija. Letterpress kroja\u010dki meh lomo hashtag, eiusmod aliqua in. Semiotika etni\u010dka hrana, irure dreamcatcher ometa putnike sporo-ugljikohidratna eu. IPhone tetoviran Labore 3 Wolf Moon Odd Future, dolore skateboard. Est reprehenderit pug mumblecore swag ethnic. Chia kitsch laborum, Etsy iPhone Echo Park Thundercats crkva-klju\u010d cornhole organski lo-fi.<\/p>\n<p>[mks_pullquote align=\u201dright\u201d width=\u201d300\u2033 size=\u201d24\u2033 bg_color=\u201d#2c9cb1\u2033 txt_color=\u201d#ffffff\u201d]Chia kitsch laborum, Etsy iPhone Echo Park Thundercats church-key cornhole organski lo-fi. [\/mks_pullquote]Reprehenderit pop-up wolf, try-hard ut craft beer squid et tote bag Echo Park, single-origin coffee ullamco disrupt banh mi freegan Shoreditch irony, eiusmod aliqua in. Semiotika etni\u010dka hrana, irure dreamcatcher disrupt wayfarers. slow-carb eu. Est prehenderit mumblecore swag ethnic, Etsy iPhone Thundercats cornhole organski lo-fi vuk, poku\u0161ajte i pariatur craft pivo keytar lignje i velika torba Echo Park. \u010cetiri loko mlkshk proident, single-origin kava ullamco disrupt banh mi lo-fi freegan Shoreditch ironija. Letterpress kroja\u010dki meh lomo hashtag, eiusmod aliqua in. Semiotika etni\u010dka hrana, irure dreamcatcher ometa putnike sporo-ugljikohidratna eu. IPhone tetoviran Labore 3 Wolf Moon Odd Future, dolore skateboard. Est reprehenderit pug mumblecore swag ethnic. Chia kitsch laborum, Etsy iPhone Echo Park Thundercats crkva-klju\u010d cornhole organski lo-fi.<\/p>\n<h3>Kartice?<\/h3>\n<p>[mks_tabs nav=\u201dhorizontalno\u201d]<br \/>\n[mks_tab_item title=\u201dNaslov 1\u2033]<br \/>\nChia kitsch laborum, Etsy iPhone Echo Park Thundercats crkva-klju\u010d cornhole organski lo-fi. Preprehenderit pop-up wolf, isprobajte i pariatur craft pivo keytar squid i torbicu Echo Park. \u010cetiri loko mlkshk proident, single-origin kava ullamco disrupt banh mi lo-fi freegan Shoreditch ironija. Letterpress kroja\u010dki meh lomo hashtag, eiusmod aliqua in. Semiotika etni\u010dka hrana, irure dreamcatcher ometa putnike sporo-ugljikohidratna eu. IPhone tetoviran Labore 3 Wolf Moon Odd Future, dolore skateboard.<br \/>\n[mks_tab_item]<br \/>\n[mks_tab_item title=\u201dNaslov 2\u2033]<br \/>\nKardigan s tetova\u017eom narvala, hla\u010de od kvinoje u etni\u010dkim selfijima s pariaturom, High Life. U master cleanse bend\u017eu, cred non Thundercats. Gastropub fap fixie, Portland 8-bit ullamco traperice od flanela XOXO esse. Biodizel sljede\u0107a razina fixie tisak, try-hard svinjski trbuh bez glutena laboris sunt. Paleo qui Thundercats nostrud keytar nulla. Synth crkveni oglas Terry Richardson pretpostavlja ljeto, gorki bitters s farme na stol labore non ullamco dreamcatcher. Pisa\u0107i stroj ex Helvetica, polaroid kava jednog podrijetla hashtag sartorial mixtape ukiseljeno.<br \/>\n[mks_tab_item]<br \/>\n[mks_tab_item title=\u201dNaslov 3\u2033]<br \/>\nDoslovno enim elit id, Vice razbaru\u0161ena inteligencija. Fixie sint nostrud mlkshk, delectus synth Marfa et. Nihil VHS autenti\u010dna svinjska potrbu\u0161ina, sapiente in Austin kogi paleo PBR&amp;B 8-bit. Tumblr kardigan disrupt paleo tattooed trust fund, Truffaut odio sunt drinking vinegar. Polaroid readymade cray kardigan Shoreditch pug synth, autenti\u010dni freegan aliquip bend\u017eo fugiat. Zakladni fond hella McSweeney&#039;s farm-to-table reprehenderit, beard anim church-key cillum eu lo-fi pisa\u0107i stroj pop-up. Quis prije nego \u0161to su rasprodali scenester bend\u017eo, modna sjekira nesciunt kroja\u010dki veniam Portland magna aute Vice.<br \/>\n[mks_tab_item]<br \/>\n[\/mks_tabs]<\/p>\n<p>[mks_tabs nav=\u201dvertikalna\u201d]<br \/>\n[mks_tab_item title=\u201dNaslov 1\u2033]<br \/>\nChia kitsch laborum, Etsy iPhone Echo Park Thundercats crkva-klju\u010d cornhole organski lo-fi. Preprehenderit pop-up wolf, isprobajte i pariatur craft pivo keytar squid i torbicu Echo Park. \u010cetiri loko mlkshk proident, single-origin kava ullamco disrupt banh mi lo-fi freegan Shoreditch ironija. Letterpress kroja\u010dki meh lomo hashtag, eiusmod aliqua in. Semiotika etni\u010dka hrana, irure dreamcatcher ometa putnike sporo-ugljikohidratna eu. IPhone tetoviran Labore 3 Wolf Moon Odd Future, dolore skateboard.<br \/>\n[mks_tab_item]<br \/>\n[mks_tab_item title=\u201dNaslov 2\u2033]<br \/>\nKardigan s tetova\u017eom narvala, hla\u010de od kvinoje u etni\u010dkim selfijima s pariaturom, High Life. U master cleanse bend\u017eu, cred non Thundercats. Gastropub fap fixie, Portland 8-bit ullamco traperice od flanela XOXO esse. Biodizel sljede\u0107a razina fixie tisak, try-hard svinjski trbuh bez glutena laboris sunt. Paleo qui Thundercats nostrud keytar nulla. Synth crkveni oglas Terry Richardson pretpostavlja ljeto, gorki bitters s farme na stol labore non ullamco dreamcatcher. Pisa\u0107i stroj ex Helvetica, polaroid kava jednog podrijetla hashtag sartorial mixtape ukiseljeno.<br \/>\n[mks_tab_item]<br \/>\n[mks_tab_item title=\u201dNaslov 3\u2033]<br \/>\nDoslovno enim elit id, Vice razbaru\u0161ena inteligencija. Fixie sint nostrud mlkshk, delectus synth Marfa et. Nihil VHS autenti\u010dna svinjska potrbu\u0161ina, sapiente in Austin kogi paleo PBR&amp;B 8-bit. Tumblr kardigan disrupt paleo tattooed trust fund, Truffaut odio sunt drinking vinegar. Polaroid readymade cray kardigan Shoreditch pug synth, autenti\u010dni freegan aliquip bend\u017eo fugiat. Zakladni fond hella McSweeney&#039;s farm-to-table reprehenderit, beard anim church-key cillum eu lo-fi pisa\u0107i stroj pop-up. Quis prije nego \u0161to su rasprodali scenester bend\u017eo, modna sjekira nesciunt kroja\u010dki veniam Portland magna aute Vice.<br \/>\n[mks_tab_item]<br \/>\n[\/mks_tabs]<\/p>\n<h3>Harmonike?<\/h3>\n<p>[mks_harmonika]<br \/>\n[mks_accordion_item title=\u201dNaslov 1\u2033]<br \/>\nDoslovno enim elit id, Vice razbaru\u0161ena inteligencija. Fixie sint nostrud mlkshk, delectus synth Marfa et. Nihil VHS autenti\u010dna svinjska potrbu\u0161ina, sapiente in Austin kogi paleo PBR&amp;B 8-bit. Tumblr kardigan disrupt paleo tattooed trust fund, Truffaut odio sunt drinking vinegar. Polaroid readymade cray kardigan Shoreditch pug synth, autenti\u010dni freegan aliquip bend\u017eo fugiat. Zakladni fond hella McSweeney&#039;s farm-to-table reprehenderit, beard anim church-key cillum eu lo-fi pisa\u0107i stroj pop-up. Quis prije nego \u0161to su rasprodali scenester bend\u017eo, modna sjekira nesciunt kroja\u010dki veniam Portland magna aute Vice.<br \/>\n[\/mks_harmonika_item]<br \/>\n[mks_accordion_item title=\u201dNaslov 2\u2033]<br \/>\nKardigan s tetova\u017eom narvala, hla\u010de od kvinoje u etni\u010dkim selfijima s pariaturom, High Life. U master cleanse bend\u017eu, cred non Thundercats. Gastropub fap fixie, Portland 8-bit ullamco traperice od flanela XOXO esse. Biodizel sljede\u0107a razina fixie tisak, try-hard svinjski trbuh bez glutena laboris sunt. Paleo qui Thundercats nostrud keytar nulla. Synth crkveni oglas Terry Richardson pretpostavlja ljeto, gorki bitters s farme na stol labore non ullamco dreamcatcher. Pisa\u0107i stroj ex Helvetica, polaroid kava jednog podrijetla hashtag sartorial mixtape ukiseljeno.<br \/>\n[\/mks_harmonika_item]<br \/>\n[mks_accordion_item title=\u201dNaslov 3\u2033]<br \/>\nChia kitsch laborum, Etsy iPhone Echo Park Thundercats crkva-klju\u010d cornhole organski lo-fi. Preprehenderit pop-up wolf, isprobajte i pariatur craft pivo keytar squid i torbicu Echo Park. \u010cetiri loko mlkshk proident, single-origin kava ullamco disrupt banh mi lo-fi freegan Shoreditch ironija. Letterpress kroja\u010dki meh lomo hashtag, eiusmod aliqua in. Semiotika etni\u010dka hrana, irure dreamcatcher ometa putnike sporo-ugljikohidratna eu. IPhone tetoviran Labore 3 Wolf Moon Odd Future, dolore skateboard.<br \/>\n[\/mks_harmonika_item]<br \/>\n[\/mks_harmonika]<\/p>\n<h3>Prekida\u010di?<\/h3>\n<p>[mks_toggle title=\u201dExample Title\u201d state=\u201dopen\u201d]Chia kitsch laborum, Etsy iPhone Echo Park Thundercats church-key cornhole organski lo-fi. Preprehenderit pop-up wolf, isprobajte i pariatur craft pivo keytar squid i torbicu Echo Park. \u010cetiri loko mlkshk proident, single-origin kava ullamco disrupt banh mi lo-fi freegan Shoreditch ironija. Visoki tisak kroja\u010dki meh lomo hashtag, eiusmod aliqua in.[\/mks_toggle]<\/p>\n<p>[mks_toggle title=\u201dExample Title\u201d state=\u201dclose\u201d]Chia kitsch laborum, Etsy iPhone Echo Park Thundercats church-key cornhole organski lo-fi. Preprehenderit pop-up wolf, isprobajte i pariatur craft pivo keytar squid i torbicu Echo Park. \u010cetiri loko mlkshk proident, single-origin kava ullamco disrupt banh mi lo-fi freegan Shoreditch ironija. Visoki tisak kroja\u010dki meh lomo hashtag, eiusmod aliqua in.[\/mks_toggle]\t\t<\/p>","protected":false},"excerpt":{"rendered":"<p>Theme comes with full support for our Meks Flexible Shortcodes WordPress plugin. Check some examples of what can you create inside page\/post content with our shortcodes. You can add some columns&#8230; [mks_col] [mks_one_half]Excepteur adipisicing try-hard kale chips et. Meh wolf anim delectus skateboard. Forage scenester mustache skateboard DIY, sapiente laborum whatever. Ethical consectetur non +1 [&hellip;]<\/p>","protected":false},"author":1,"featured_media":0,"parent":0,"menu_order":0,"comment_status":"closed","ping_status":"closed","template":"","meta":{"footnotes":""},"class_list":["post-337","page","type-page","status-publish","hentry"],"_links":{"self":[{"href":"https:\/\/idloaded.com\/hr\/wp-json\/wp\/v2\/pages\/337","targetHints":{"allow":["GET"]}}],"collection":[{"href":"https:\/\/idloaded.com\/hr\/wp-json\/wp\/v2\/pages"}],"about":[{"href":"https:\/\/idloaded.com\/hr\/wp-json\/wp\/v2\/types\/page"}],"author":[{"embeddable":true,"href":"https:\/\/idloaded.com\/hr\/wp-json\/wp\/v2\/users\/1"}],"replies":[{"embeddable":true,"href":"https:\/\/idloaded.com\/hr\/wp-json\/wp\/v2\/comments?post=337"}],"version-history":[{"count":0,"href":"https:\/\/idloaded.com\/hr\/wp-json\/wp\/v2\/pages\/337\/revisions"}],"wp:attachment":[{"href":"https:\/\/idloaded.com\/hr\/wp-json\/wp\/v2\/media?parent=337"}],"curies":[{"name":"wp","href":"https:\/\/api.w.org\/{rel}","templated":true}]}}