{"id":328,"date":"2014-11-25T13:48:50","date_gmt":"2014-11-25T13:48:50","guid":{"rendered":"https:\/\/demo.mekshq.com\/voice\/?page_id=328"},"modified":"2014-11-25T13:48:50","modified_gmt":"2014-11-25T13:48:50","slug":"tipografija","status":"publish","type":"page","link":"https:\/\/idloaded.com\/hr\/tipografija\/","title":{"rendered":"Tipografija"},"content":{"rendered":"<p>[mks_dropcap style=\u201dsquare\u201d size=\u201d50\u2033 bg_color=\u201d#cf4d35\u2033 txt_color=\u201d#ffffff\u201d]A[\/mks_dropcap]orem ipsum Id tempor laborum in consequat ut in eu id eu incididunt ut sed elit quis veniam sint id sit Duis sunt laborum in consequat tempor laborum in conversion Excepteur <a href=\"https:\/\/mekshq.com\" target=\"_blank\" rel=\"noopener noreferrer\">consectetur reprehenderit<\/a> culpa deserunt cillum aute dolor dolor dolor qui. Id tempor laborum in consequat Ut in eu id eu. Shoreditch gastropub kako god. Reprehenderit quer polaroid aben digeth manu.<\/p>\n\n\n\n<h1 class=\"wp-block-heading\">Ovo je primjer naslova H1<\/h1>\n\n\n\n<p>Narwhal torba preko ramena normcore, fingerstache kvinoja kamion s hranom four loko biciklisti\u010dka prava letterpress stavi pticu na njega tofu banjo cray semiotics iPhone. Mlkshk twee Neutra Bushwick. Williamsburg raspelo keytar torbica za struk, American Apparel flexitarian VHS. Chillwave Godard cray hoodie Neutra. Vinilni pop-up kamion s hranom wayfarers semiotics street art.<\/p>\n\n\n\n<h2 class=\"wp-block-heading\">Ovo je naslov H2 primjera.<\/h2>\n\n\n\n<p>Blog Brooklyn keytar vjerojatno niste \u010duli za njih mixtape, swag direct trade hashtag organic church-key crucifix stumptown cliche try-hard ethnic. Fleksitarijski narwhal PBR&amp;B +1 locavore. Sartorial dreamcatcher traperice, Neutra street art brkovi od svinjskog trbuha po mjeri.<\/p>\n\n\n\n<h3 class=\"wp-block-heading\">Ovo je primjer naslova H3<\/h3>\n\n\n\n<p>Narwhal torba preko ramena normcore, fingerstache kvinoja kamion s hranom four loko biciklisti\u010dka prava letterpress stavi pticu na njega tofu banjo cray semiotics iPhone. Mlkshk twee Neutra Bushwick. Williamsburg raspelo keytar torbica za struk, American Apparel flexitarian VHS. Chillwave Godard cray hoodie Neutra. Vinilni pop-up kamion s hranom wayfarers semiotics street art.<\/p>\n\n\n\n<h4 class=\"wp-block-heading\">Ovo je primjer naslova H4<\/h4>\n\n\n\n<p>Blog Brooklyn keytar vjerojatno niste \u010duli za njih mixtape, swag direct trade hashtag organic church-key crucifix stumptown cliche try-hard ethnic. Fleksitarijski narwhal PBR&amp;B +1 locavore. Sartorial dreamcatcher traperice, Neutra street art brkovi od svinjskog trbuha po mjeri.<\/p>\n\n\n\n<h5 class=\"wp-block-heading\">Ovo je primjer naslova za H5<\/h5>\n\n\n\n<p>Blog Brooklyn keytar vjerojatno niste \u010duli za njih mixtape, swag direct trade hashtag organic church-key crucifix stumptown cliche try-hard ethnic. Fleksitarijski narwhal PBR&amp;B +1 locavore. Sartorial dreamcatcher traperice, Neutra street art brkovi od svinjskog trbuha po mjeri.<\/p>\n\n\n\n<h6 class=\"wp-block-heading\">Ovo je primjer naslova H6<\/h6>\n\n\n\n<p>Lorem ipsum Id tempor laborum in consequat Ut in eu id eu incididunt ut sed elit quis veniam sint id sit Duis sunt Excepteur consectetur reprehenderit culpa deserunt cillum aute dolor dolor dolor qui.<\/p>\n\n\n\n<div class=\"wp-block-image\"><figure class=\"alignleft\"><a href=\"https:\/\/demo.mekshq.com\/voice\/wp-content\/uploads\/2014\/11\/voice_16.jpg\"><img decoding=\"async\" src=\"https:\/\/demo.mekshq.com\/voice\/wp-content\/uploads\/2014\/11\/voice_16-300x300.jpg\" alt=\"Modni fanatik\" class=\"wp-image-83\"\/><\/a><figcaption>Modni fanatik<\/figcaption><\/figure><\/div>\n\n\n\n<p>Prelij i cvr\u010di, commodo Marfa dreamcatcher aliquip. Zaklada prije nego \u0161to su rasprodali mumblecore YOLO. Placeat zaklada culpa, keffiyeh twee labore vero. McSweeneyjev chia polaroid vuk. Laborum torbica oko struka Vice Pitchfork Tumblr, Pinterest Plava boca vje\u017eba High Life 8-bit mlkshk brunch modna sjekira Helvetica. Polaroid bez najave, incident tajice scenester <a href=\"#\">Vile piju ocat <\/a>neeti\u010dki viralni. Banjo dreamcatcher swag Etsy. Sapient hoodie wayfarers mumblecore yr adipising placeat single-origin coffee. Banksy yr food truck Neutra eiusmod forage, zapravo svinjski trbuh hoodie mlkshk keytar synth laboris Intelligentsia. Krivite polaroid XOXO, Shoreditch gastropub \u0161to god. Krivite polaroid XOXO, Shoreditch gastropub.<\/p>\n\n\n\n<div class=\"wp-block-image\"><figure class=\"alignright\"><a href=\"https:\/\/demo.mekshq.com\/voice\/wp-content\/uploads\/2014\/11\/voice_61.jpg\"><img decoding=\"async\" src=\"https:\/\/demo.mekshq.com\/voice\/wp-content\/uploads\/2014\/11\/voice_61-300x200.jpg\" alt=\"Fotografski ninja\" class=\"wp-image-86\"\/><\/a><figcaption>Fotografski ninja<\/figcaption><\/figure><\/div>\n\n\n\n<p>Kava jednog porijekla <a href=\"#\">ullamco pariatur<\/a>, idcusamus sunt sko\u010dni prozor. Fugiat pork belly Terry Richardson 3 wolf moon, commodo placeat Intelligentsia irure hoodie Etsy do Neutra aliqua cray. Pariatur leggings Banksy anim pour-over dolor, labore cornhole Pinterest delectus cray voluptate. Banjo vinil Austin, Truffaut scenester pretpostavljaju\u0107i PBR&amp;B pork belly eiusmod narwhal Vice selvage meh consequat. Gastropub proident disrupt raw denim consectetur, bitters Echo Park Tonx chia. Vile akuzamus kogi Tonx. Elit ethnic Thundercats fap, aliquip Marfa direct trade i American Apparel quinoa stumptown.<\/p>\n\n\n<p>[mks_separator style=\u201dsolid\u201d height=\u201d1\u2033]<\/p>\n\n\n\n<h4 class=\"wp-block-heading\">Blokovni citat<\/h4>\n\n\n\n<p>Sapient hoodie wayfarers mumblecore yr adipisicing placeat single-origin coffee. Banksy yr food truck Neutra eiusmod forage, zapravo svinjski trbuh hoodie mlkshk keytar synth laboris Intelligentsia. Reprehenderit quer polaroid XOXO blame, Shoreditch gastropub \u0161to god.<\/p>\n\n\n\n<blockquote class=\"wp-block-quote is-layout-flow wp-block-quote-is-layout-flow\"><p>Va\u0161e je vrijeme ograni\u010deno, stoga ga nemojte tro\u0161iti \u017eive\u0107i tu\u0111i \u017eivot. Nemojte se zarobiti dogmom - \u0161to zna\u010di \u017eivjeti s rezultatima tu\u0111eg razmi\u0161ljanja. Ne dopustite da buka tu\u0111ih mi\u0161ljenja nadja\u010da va\u0161 unutarnji glas. I najva\u017enije, imajte hrabrosti slijediti svoje srce i intuiciju.<\/p><\/blockquote>\n\n\n\n<p>Sapient hoodie wayfarers mumblecore yr adipisicing placeat single-origin coffee. Banksy yr food truck Neutra eiusmod forage, zapravo svinjski trbuh hoodie mlkshk keytar synth laboris Intelligentsia. Reprehenderit quer polaroid XOXO blame, Shoreditch gastropub \u0161to god.<\/p>\n\n\n\n<h4 class=\"wp-block-heading\">Najva\u017enije<\/h4>\n\n\n\n<p>Lorem ipsum Id tempor laborum in <\/p>\n\n\n<p>[mks_highlight color=\u201d#cf4d35\u2033]<span style=\"color: #ffffff;\">veniam sint id<\/span>[\/mks_highlight]<\/p>\n\n\n\n<p> consequat Ut in eu id eu incididunt ut sed elit quis sit Duis sunt Excepteur consectetur reprehenderit culpa deserunt cillum aute dolor dolor dolor qui.<\/p>\n\n\n<p>[mks_col]<br \/>\n[mks_polovica]<\/p>\n<h4 style=\"text-align: left;\">Neure\u0111eni popis<\/h4>\n<ul>\n<li>Sapiente majica s kapulja\u010dom Wayfarers<\/li>\n<li>Pariatur tajice Banksy<\/li>\n<li>Pitchfork optu\u017eba<\/li>\n<li>Bol destilerije Helvetica<\/li>\n<\/ul>\n<p>[\/mks_one_half]<\/p>\n<p>[mks_polovica]<\/p>\n<h4>Ure\u0111eni popis<\/h4>\n<ol>\n<li>Vje\u017eba u Echo Parku<\/li>\n<li>Pinterest delectus cray voluptate<\/li>\n<li>Aliqua kredit Terry Richardson<\/li>\n<li>Pitchfork optu\u017eba<\/li>\n<\/ol>\n<p>[\/mks_one_half]<\/p>\n<p>[\/mks_col]<\/p>\n\n\n\n<h4 class=\"wp-block-heading\">Primjer koda<\/h4>\n\n\n\n<pre class=\"wp-block-preformatted\">.super_class:prije{ background:url(&#039;images\/awesome.jpg&#039;) bez ponavljanja center center; float:lijevo; display:block; content: &quot;Awesome&quot;; }<\/pre>\n\n\n\n<h4 class=\"wp-block-heading\">Primjer tablice<\/h4>\n\n\n\n<table class=\"wp-block-table\"><thead><tr><td>Ime<\/td><td>Nadimak<\/td><td>Broj<\/td><\/tr><\/thead><tbody><tr><td>Jill<\/td><td>D\u017eoker<\/td><td>50<\/td><\/tr><tr><td>Predve\u010derje<\/td><td>Batman<\/td><td>94<\/td><\/tr><tr><td>Zahod<\/td><td>Crvenda\u0107<\/td><td>80<\/td><\/tr><\/tbody><\/table>","protected":false},"excerpt":{"rendered":"<p>[mks_dropcap style=&#8221;square&#8221; size=&#8221;50&#8243; bg_color=&#8221;#cf4d35&#8243; txt_color=&#8221;#ffffff&#8221;]A[\/mks_dropcap]orem ipsum Id tempor laborum in consequat ut in eu id eu incididunt ut sed elit quis veniam sint id sit Duis sunt laborum in consequat&nbsp;tempor laborum in consequat&nbsp;Excepteur consectetur reprehenderit culpa deserunt cillum aute dolor dolor dolor qui. Id tempor laborum in consequat Ut in eu id eu.&nbsp;Shoreditch gastropub whatever.&nbsp;Reprehenderit [&hellip;]<\/p>","protected":false},"author":1,"featured_media":0,"parent":0,"menu_order":0,"comment_status":"closed","ping_status":"closed","template":"","meta":{"footnotes":""},"class_list":["post-328","page","type-page","status-publish","hentry"],"_links":{"self":[{"href":"https:\/\/idloaded.com\/hr\/wp-json\/wp\/v2\/pages\/328","targetHints":{"allow":["GET"]}}],"collection":[{"href":"https:\/\/idloaded.com\/hr\/wp-json\/wp\/v2\/pages"}],"about":[{"href":"https:\/\/idloaded.com\/hr\/wp-json\/wp\/v2\/types\/page"}],"author":[{"embeddable":true,"href":"https:\/\/idloaded.com\/hr\/wp-json\/wp\/v2\/users\/1"}],"replies":[{"embeddable":true,"href":"https:\/\/idloaded.com\/hr\/wp-json\/wp\/v2\/comments?post=328"}],"version-history":[{"count":0,"href":"https:\/\/idloaded.com\/hr\/wp-json\/wp\/v2\/pages\/328\/revisions"}],"wp:attachment":[{"href":"https:\/\/idloaded.com\/hr\/wp-json\/wp\/v2\/media?parent=328"}],"curies":[{"name":"wp","href":"https:\/\/api.w.org\/{rel}","templated":true}]}}