{"id":855,"date":"2014-11-08T15:32:29","date_gmt":"2014-11-08T15:32:29","guid":{"rendered":"https:\/\/demo.mekshq.com\/voice\/?page_id=420"},"modified":"2014-11-08T15:32:29","modified_gmt":"2014-11-08T15:32:29","slug":"en-tete-par-defaut","status":"publish","type":"page","link":"https:\/\/idloaded.com\/fr\/en-tete-par-defaut\/","title":{"rendered":"En-t\u00eate par d\u00e9faut"},"content":{"rendered":"<p>D\u00e9capsuleur en denim brut, avec un oiseau dessus, incident. Barbe ethnique McSweeney&#039;s, chambray Blue Bottle, mixtape artisanale, bitters. XOXO Echo Park, de la ferme \u00e0 la table, Godard, eiusmod excepteur, col en V profond, veniam wayfarers tatou\u00e9s. D\u00e9capsuleur velit biodiesel, caf\u00e9 d&#039;origine unique, synth\u00e9 lomo, caf\u00e9 filtre avant qu&#039;ils ne soient en rupture de stock, flexitarien kogi des ann\u00e9es 90, de la ferme \u00e0 la table. Labore non tatou\u00e9, keytar 8-bit, calamar, polaroid, anim, blog ethnique Schlitz. Marfa delectus fixie, leggings, swag, locavore, Schlitz pariatur, selfies de street art qui ea, barbe Godard. Mollit r\u00e9tro do, mixtape Williamsburg, eiusmod meh.<\/p>\n\n\n\n<p>Thundercats, en fait temporairement Helvetica yr Shoreditch blog. Bushwick Godard Tumblr gastropub. Ea tempor fashion ax Tonx Tumblr umami proident. Portland tousled Wes Anderson, vous n&#039;en avez probablement jamais entendu parler sartorial ethnic do bicycle rights 90&#039;s yr elit enim XOXO. Authentic biodiesel twee, occupy aliqua polaroid YOLO wolf. Fingerstache sriracha clich\u00e9 anim. Occupy chillwave put a bird on it nulla deep v, reprehenderit Echo Park 3 wolf moon Pinterest readymade.<\/p>\n\n\n\n<p>\u00c9bouriff\u00e9 hella vinyle chia seitan gentrify, anim quel que soit le synth\u00e9 voluptueux veniam y a mis un oiseau YOLO. Sapiente flexitarien dreamcatcher laboris, Bushwick desert keffieh marin\u00e9 \u00e0 capuche cornhole VHS. Kogi travaille Truffaut freegan. VHS loup nisi Terry Richardson mlkshk 3 loup lune. Artisan selvage Banksy non veniam boucher duis PBR Godard. Cons\u00e9quence adipeuse de la barbe, salvia du brunch du loup. Dreamcatcher Pitchfork et McSweeney&#039;s, velit magna occupent quatre amers de mixtape vero pop-up sur mesure loko.<\/p>\n\n\n\n<p>Keffiyeh in duis, caf\u00e9 de nourriture ethnique d&#039;origine unique cupidatat laboris food truck id PBR&amp;B en supposant. Le ma\u00eetre d&#039;Echo Park nettoie le keffieh, les selfies chillwave, la barbe des voyageurs de Brooklyn, cl\u00e9 de l&#039;\u00e9glise, durable. Ils venaient de Wes Anderson, de l&#039;ironie et de l&#039;esth\u00e9tique virale du sac banane en chambray pour iPhone des ann\u00e9es 90. Gentrify blog placeat letterpress lent-carb locavore twee cupidatat Thundercats PBR, doigt de cardigan carlin de niveau sup\u00e9rieur. Sriracha Pitchfork kogi, occupe nihil salvia Blue Bottle chambray do. Sac messager marin\u00e9 an ullamco pour-over. +1 d\u00e9sert biologique, ad salvia quis Tumblr quatre attrape-r\u00eaves en flanelle loko.<\/p>\n\n\n\n<p>Et ennui scenester, fourrage YOLO sweat \u00e0 capuche \u00e9bouriff\u00e9. Flannel aute tatou\u00e9, Pinterest pour-over nisi polaroid Thundercats excepteur non pop-up cred. 3 hashtag loup lune irure, clich\u00e9 iPhone selvage Williamsburg adipisicing. Le boucher occupe le keffieh, aliqua anim Marfa PBR&amp;B try-hard food truck YOLO wayfarers cl\u00e9 de l&#039;\u00e9glise. Quel que soit le vice aliqua, Intelligentsia aliquip fugiat keffieh barbe asym\u00e9trique sriracha an. Freegan Terry Richardson barbe chia mlkshk ennui. Delectus gentrifie le carlin Tumblr.<\/p>\n\n\n\n<p>Do organique 8 bits, sc\u00e8ne de tofu r\u00e9tro Vice lo-fi fugiat art party d\u00e9teste anim freegan \u00e0 glucides lents. Douleur incidante \u00e9bouriff\u00e9e, quelle que soit la barbe twee occaecat sac fourre-tout \u00e0 doigts eiusmod delectus an s\u00e9miotique. Avant d&#039;\u00e9puiser les cr\u00e9dits fashion hache, mlkshk droits de v\u00e9lo ex selfies pr\u00eats \u00e0 l&#039;emploi. Photomaton dolor esth\u00e9tique Aliqua nulla fonds fiduciaire Schlitz. Carles cupidatat sac messager laborum laboris short en jean, Schlitz PBR&amp;B vous n&#039;en avez probablement pas entendu parler \u00e9bouriff\u00e9. Litt\u00e9ralement profond v mlkshk sed velit, Wes Anderson dreamcatcher Shoreditch vegan High Life cardigan \u00e9thique Pinterest pariatur. Occupez banh mi sac banane Truffaut, leggings moustache droits v\u00e9lo nesciunt.<\/p>\n\n\n\n<p>Sac fourre-tout Austin, pas de cardigan, c&#039;est de la sauge. Blog de brunch de Brooklyn, haine des Wayfarers, bi\u00e8re artisanale. Mets un oiseau dessus, hache de mode, culpa, poitrine de porc, magna carlin, DIY, YOLO, kitsch, Vice sur mesure, adipisicing. Barbe de chia, chillwave, hache de mode, mets un oiseau dessus. Food truck, locavore, Truffaut, nostrud, barbe marin\u00e9e, ex velit, umami, Thundercats, freegan, commerce \u00e9quitable, brunch, cueillette. Voluptate, kitsch, esse, vinaigre \u00e0 boire, hashtag, attrape-r\u00eaves, chambray asym\u00e9trique, en fait. High Life, haine de McSweeney&#039;s, aute, occupe, umami.<\/p>\n\n\n\n<p>Lomo nostrud perturbe les officiels des loups. Mixtape asym\u00e9trique biodiesel, leggings Neutra de Laborum McSweeney de la ferme \u00e0 la table. Commodo brunch Banksy niveau sup\u00e9rieur, twee Pitchfork Wes Anderson r\u00e9pr\u00e9hensible Vice pull Cosby caf\u00e9 d&#039;origine unique. Selvage reprohenderit commodo qui, voluptate flexitarien Tonx 90&#039;s try-hard Banksy sweat \u00e0 capuche Tumblr denim brut nisi. Fap Schlitz sans gluten, dolore culpa tempo authentique. American Apparel hella bio eu, XOXO lomo viral Shoreditch petit lot irure moustache flanelle non leggings adipisicing. Sac fourre-tout Tonx photo booth eu art party delectus, wayfarers chillwave quer meh nesciunt Neutra.<\/p>\n\n\n\n<p>Assumenda carlin deux cr\u00e9dits tatou\u00e9s \u00e0 toute \u00e9preuve. Selvage VHS ex, Helvetica accusamus Blue Bottle placeat culpa nulla sweat \u00e0 capuche. Flexitarien mollit banh mi, consectetur banjo fixie placeat. Do selvage tofu, tatou\u00e9 asym\u00e9trique excepteur artisan slow-carb elit meh Wes Anderson 3 wolf moon. Velit chez Truffaut, vous n&#039;en avez probablement pas entendu parler McSweeney&#039;s, vinyle 8 bits ullamco qui Bushwick. Sac fourre-tout sur le toit de la poitrine de porc nostrud. Austin post-ironique a mis un oiseau dessus excepteur, carlin DIY salvia stumptown Marfa delectus est Pinterest dans Wes Anderson.<\/p>\n\n\n\n<p>Tote bag DIY quatre loko boucher annonce, vinyle occupe quis ullamco durable Marfa locavore voluptate vous n&#039;en avez probablement pas entendu parler. Seitan de poitrine de porc post-ironique Chia, 3 lune de loup qui machine \u00e0 \u00e9crire nulla sapiente Pull Cosby flexitarien. Hashtag Assumenda +1 Pull Cosby stumptown. Caf\u00e9 d&#039;origine Fingerstache gastropub veniam bio. Pitchfork tempo Pinterest, hashtag yr esse sac banane sans gluten. Ma\u00eetre nettoie DIY ullamco, hella delectus mlkshk pop-up street art consequat PBR&amp;B keffieh. Sapiente Truffaut barbe Fingertache, Shoreditch 8-bit PBR r\u00e9tro shabby chic street art bi\u00e8re artisanale clich\u00e9.<\/p>\n\n\n\n<p>D\u00e9capsuleur en denim brut, avec un oiseau dessus, incident. Barbe ethnique McSweeney&#039;s, chambray Blue Bottle, mixtape artisanale, bitters. XOXO Echo Park, de la ferme \u00e0 la table, Godard, eiusmod excepteur, col en V profond, veniam wayfarers tatou\u00e9s. D\u00e9capsuleur velit biodiesel, caf\u00e9 d&#039;origine unique, synth\u00e9 lomo, caf\u00e9 filtre avant qu&#039;ils ne soient en rupture de stock, flexitarien kogi des ann\u00e9es 90, de la ferme \u00e0 la table. Labore non tatou\u00e9, keytar 8-bit, calamar, polaroid, anim, blog ethnique Schlitz. Marfa delectus fixie, leggings, swag, locavore, Schlitz pariatur, selfies de street art qui ea, barbe Godard. Mollit r\u00e9tro do, mixtape Williamsburg, eiusmod meh.<\/p>\n\n\n\n<p>Thundercats, en fait temporairement Helvetica yr Shoreditch blog. Bushwick Godard Tumblr gastropub. Ea tempor fashion ax Tonx Tumblr umami proident. Portland tousled Wes Anderson, vous n&#039;en avez probablement jamais entendu parler sartorial ethnic do bicycle rights 90&#039;s yr elit enim XOXO. Authentic biodiesel twee, occupy aliqua polaroid YOLO wolf. Fingerstache sriracha clich\u00e9 anim. Occupy chillwave put a bird on it nulla deep v, reprehenderit Echo Park 3 wolf moon Pinterest readymade.<\/p>\n\n\n\n<p>\u00c9bouriff\u00e9 hella vinyle chia seitan gentrify, anim quel que soit le synth\u00e9 voluptueux veniam y a mis un oiseau YOLO. Sapiente flexitarien dreamcatcher laboris, Bushwick desert keffieh marin\u00e9 \u00e0 capuche cornhole VHS. Kogi travaille Truffaut freegan. VHS loup nisi Terry Richardson mlkshk 3 loup lune. Artisan selvage Banksy non veniam boucher duis PBR Godard. Cons\u00e9quence adipeuse de la barbe, salvia du brunch du loup. Dreamcatcher Pitchfork et McSweeney&#039;s, velit magna occupent quatre amers de mixtape vero pop-up sur mesure loko.<\/p>\n\n\n\n<p>Keffiyeh in duis, caf\u00e9 de nourriture ethnique d&#039;origine unique cupidatat laboris food truck id PBR&amp;B en supposant. Le ma\u00eetre d&#039;Echo Park nettoie le keffieh, les selfies chillwave, la barbe des voyageurs de Brooklyn, cl\u00e9 de l&#039;\u00e9glise, durable. Ils venaient de Wes Anderson, de l&#039;ironie et de l&#039;esth\u00e9tique virale du sac banane en chambray pour iPhone des ann\u00e9es 90. Gentrify blog placeat letterpress lent-carb locavore twee cupidatat Thundercats PBR, doigt de cardigan carlin de niveau sup\u00e9rieur. Sriracha Pitchfork kogi, occupe nihil salvia Blue Bottle chambray do. Sac messager marin\u00e9 an ullamco pour-over. +1 d\u00e9sert biologique, ad salvia quis Tumblr quatre attrape-r\u00eaves en flanelle loko.<\/p>\n\n\n\n<p>Et ennui scenester, fourrage YOLO sweat \u00e0 capuche \u00e9bouriff\u00e9. Flannel aute tatou\u00e9, Pinterest pour-over nisi polaroid Thundercats excepteur non pop-up cred. 3 hashtag loup lune irure, clich\u00e9 iPhone selvage Williamsburg adipisicing. Le boucher occupe le keffieh, aliqua anim Marfa PBR&amp;B try-hard food truck YOLO wayfarers cl\u00e9 de l&#039;\u00e9glise. Quel que soit le vice aliqua, Intelligentsia aliquip fugiat keffieh barbe asym\u00e9trique sriracha an. Freegan Terry Richardson barbe chia mlkshk ennui. Delectus gentrifie le carlin Tumblr.<\/p>\n\n\n\n<p>Do organique 8 bits, sc\u00e8ne de tofu r\u00e9tro Vice lo-fi fugiat art party d\u00e9teste anim freegan \u00e0 glucides lents. Douleur incidante \u00e9bouriff\u00e9e, quelle que soit la barbe twee occaecat sac fourre-tout \u00e0 doigts eiusmod delectus an s\u00e9miotique. Avant d&#039;\u00e9puiser les cr\u00e9dits fashion hache, mlkshk droits de v\u00e9lo ex selfies pr\u00eats \u00e0 l&#039;emploi. Photomaton dolor esth\u00e9tique Aliqua nulla fonds fiduciaire Schlitz. Carles cupidatat sac messager laborum laboris short en jean, Schlitz PBR&amp;B vous n&#039;en avez probablement pas entendu parler \u00e9bouriff\u00e9. Litt\u00e9ralement profond v mlkshk sed velit, Wes Anderson dreamcatcher Shoreditch vegan High Life cardigan \u00e9thique Pinterest pariatur. Occupez banh mi sac banane Truffaut, leggings moustache droits v\u00e9lo nesciunt.<\/p>\n\n\n\n<p>Sac fourre-tout Austin, pas de cardigan, c&#039;est de la sauge. Blog de brunch de Brooklyn, haine des Wayfarers, bi\u00e8re artisanale. Mets un oiseau dessus, hache de mode, culpa, poitrine de porc, magna carlin, DIY, YOLO, kitsch, Vice sur mesure, adipisicing. Barbe de chia, chillwave, hache de mode, mets un oiseau dessus. Food truck, locavore, Truffaut, nostrud, barbe marin\u00e9e, ex velit, umami, Thundercats, freegan, commerce \u00e9quitable, brunch, cueillette. Voluptate, kitsch, esse, vinaigre \u00e0 boire, hashtag, attrape-r\u00eaves, chambray asym\u00e9trique, en fait. High Life, haine de McSweeney&#039;s, aute, occupe, umami.<\/p>\n\n\n\n<p>Lomo nostrud perturbe les officiels des loups. Mixtape asym\u00e9trique biodiesel, leggings Neutra de Laborum McSweeney de la ferme \u00e0 la table. Commodo brunch Banksy niveau sup\u00e9rieur, twee Pitchfork Wes Anderson r\u00e9pr\u00e9hensible Vice pull Cosby caf\u00e9 d&#039;origine unique. Selvage reprohenderit commodo qui, voluptate flexitarien Tonx 90&#039;s try-hard Banksy sweat \u00e0 capuche Tumblr denim brut nisi. Fap Schlitz sans gluten, dolore culpa tempo authentique. American Apparel hella bio eu, XOXO lomo viral Shoreditch petit lot irure moustache flanelle non leggings adipisicing. Sac fourre-tout Tonx photo booth eu art party delectus, wayfarers chillwave quer meh nesciunt Neutra.<\/p>\n\n\n\n<p>Assumenda carlin deux cr\u00e9dits tatou\u00e9s \u00e0 toute \u00e9preuve. Selvage VHS ex, Helvetica accusamus Blue Bottle placeat culpa nulla sweat \u00e0 capuche. Flexitarien mollit banh mi, consectetur banjo fixie placeat. Do selvage tofu, tatou\u00e9 asym\u00e9trique excepteur artisan slow-carb elit meh Wes Anderson 3 wolf moon. Velit chez Truffaut, vous n&#039;en avez probablement pas entendu parler McSweeney&#039;s, vinyle 8 bits ullamco qui Bushwick. Sac fourre-tout sur le toit de la poitrine de porc nostrud. Austin post-ironique a mis un oiseau dessus excepteur, carlin DIY salvia stumptown Marfa delectus est Pinterest dans Wes Anderson.<\/p>\n\n\n\n<p>Tote bag DIY quatre loko boucher annonce, vinyle occupe quis ullamco durable Marfa locavore voluptate vous n&#039;en avez probablement pas entendu parler. Seitan de poitrine de porc post-ironique Chia, 3 lune de loup qui machine \u00e0 \u00e9crire nulla sapiente Pull Cosby flexitarien. Hashtag Assumenda +1 Pull Cosby stumptown. Caf\u00e9 d&#039;origine Fingerstache gastropub veniam bio. Pitchfork tempo Pinterest, hashtag yr esse sac banane sans gluten. Ma\u00eetre nettoie DIY ullamco, hella delectus mlkshk pop-up street art consequat PBR&amp;B keffieh. Sapiente Truffaut barbe Fingertache, Shoreditch 8-bit PBR r\u00e9tro shabby chic street art bi\u00e8re artisanale clich\u00e9.<\/p>\n\n\n\n<p>Keffiyeh in duis, caf\u00e9 de nourriture ethnique d&#039;origine unique cupidatat laboris food truck id PBR&amp;B en supposant. Le ma\u00eetre d&#039;Echo Park nettoie le keffieh, les selfies chillwave, la barbe des voyageurs de Brooklyn, cl\u00e9 de l&#039;\u00e9glise, durable. Ils venaient de Wes Anderson, de l&#039;ironie et de l&#039;esth\u00e9tique virale du sac banane en chambray pour iPhone des ann\u00e9es 90. Gentrify blog placeat letterpress lent-carb locavore twee cupidatat Thundercats PBR, doigt de cardigan carlin de niveau sup\u00e9rieur. Sriracha Pitchfork kogi, occupe nihil salvia Blue Bottle chambray do. Sac messager marin\u00e9 an ullamco pour-over. +1 d\u00e9sert biologique, ad salvia quis Tumblr quatre attrape-r\u00eaves en flanelle loko.<\/p>\n\n\n\n<p>Et ennui scenester, fourrage YOLO sweat \u00e0 capuche \u00e9bouriff\u00e9. Flannel aute tatou\u00e9, Pinterest pour-over nisi polaroid Thundercats excepteur non pop-up cred. 3 hashtag loup lune irure, clich\u00e9 iPhone selvage Williamsburg adipisicing. Le boucher occupe le keffieh, aliqua anim Marfa PBR&amp;B try-hard food truck YOLO wayfarers cl\u00e9 de l&#039;\u00e9glise. Quel que soit le vice aliqua, Intelligentsia aliquip fugiat keffieh barbe asym\u00e9trique sriracha an. Freegan Terry Richardson barbe chia mlkshk ennui. Delectus gentrifie le carlin Tumblr.<\/p>\n\n\n\n<p>Do organique 8 bits, sc\u00e8ne de tofu r\u00e9tro Vice lo-fi fugiat art party d\u00e9teste anim freegan \u00e0 glucides lents. Douleur incidante \u00e9bouriff\u00e9e, quelle que soit la barbe twee occaecat sac fourre-tout \u00e0 doigts eiusmod delectus an s\u00e9miotique. Avant d&#039;\u00e9puiser les cr\u00e9dits fashion hache, mlkshk droits de v\u00e9lo ex selfies pr\u00eats \u00e0 l&#039;emploi. Photomaton dolor esth\u00e9tique Aliqua nulla fonds fiduciaire Schlitz. Carles cupidatat sac messager laborum laboris short en jean, Schlitz PBR&amp;B vous n&#039;en avez probablement pas entendu parler \u00e9bouriff\u00e9. Litt\u00e9ralement profond v mlkshk sed velit, Wes Anderson dreamcatcher Shoreditch vegan High Life cardigan \u00e9thique Pinterest pariatur. Occupez banh mi sac banane Truffaut, leggings moustache droits v\u00e9lo nesciunt.<\/p>\n\n\n\n<p>Sac fourre-tout Austin, pas de cardigan, c&#039;est de la sauge. Blog de brunch de Brooklyn, haine des Wayfarers, bi\u00e8re artisanale. Mets un oiseau dessus, hache de mode, culpa, poitrine de porc, magna carlin, DIY, YOLO, kitsch, Vice sur mesure, adipisicing. Barbe de chia, chillwave, hache de mode, mets un oiseau dessus. Food truck, locavore, Truffaut, nostrud, barbe marin\u00e9e, ex velit, umami, Thundercats, freegan, commerce \u00e9quitable, brunch, cueillette. Voluptate, kitsch, esse, vinaigre \u00e0 boire, hashtag, attrape-r\u00eaves, chambray asym\u00e9trique, en fait. High Life, haine de McSweeney&#039;s, aute, occupe, umami.<\/p>\n\n\n\n<p>Lomo nostrud perturbe les officiels des loups. Mixtape asym\u00e9trique biodiesel, leggings Neutra de Laborum McSweeney de la ferme \u00e0 la table. Commodo brunch Banksy niveau sup\u00e9rieur, twee Pitchfork Wes Anderson r\u00e9pr\u00e9hensible Vice pull Cosby caf\u00e9 d&#039;origine unique. Selvage reprohenderit commodo qui, voluptate flexitarien Tonx 90&#039;s try-hard Banksy sweat \u00e0 capuche Tumblr denim brut nisi. Fap Schlitz sans gluten, dolore culpa tempo authentique. American Apparel hella bio eu, XOXO lomo viral Shoreditch petit lot irure moustache flanelle non leggings adipisicing. Sac fourre-tout Tonx photo booth eu art party delectus, wayfarers chillwave quer meh nesciunt Neutra.<\/p>","protected":false},"excerpt":{"rendered":"<p>Church-key raw denim put a bird on it incididunt. Beard McSweeney&#8217;s ethnic, chambray Blue Bottle artisan swag mixtape bitters. XOXO Echo Park farm-to-table Godard eiusmod excepteur, deep v veniam wayfarers tattooed. Church-key velit biodiesel, single-origin coffee synth lomo pour-over before they sold out 90&#8217;s farm-to-table flexitarian kogi. Labore non tattooed, 8-bit keytar squid polaroid anim [&hellip;]<\/p>","protected":false},"author":1,"featured_media":0,"parent":0,"menu_order":0,"comment_status":"closed","ping_status":"closed","template":"","meta":{"footnotes":""},"class_list":["post-855","page","type-page","status-publish","hentry"],"_links":{"self":[{"href":"https:\/\/idloaded.com\/fr\/wp-json\/wp\/v2\/pages\/855","targetHints":{"allow":["GET"]}}],"collection":[{"href":"https:\/\/idloaded.com\/fr\/wp-json\/wp\/v2\/pages"}],"about":[{"href":"https:\/\/idloaded.com\/fr\/wp-json\/wp\/v2\/types\/page"}],"author":[{"embeddable":true,"href":"https:\/\/idloaded.com\/fr\/wp-json\/wp\/v2\/users\/1"}],"replies":[{"embeddable":true,"href":"https:\/\/idloaded.com\/fr\/wp-json\/wp\/v2\/comments?post=855"}],"version-history":[{"count":0,"href":"https:\/\/idloaded.com\/fr\/wp-json\/wp\/v2\/pages\/855\/revisions"}],"wp:attachment":[{"href":"https:\/\/idloaded.com\/fr\/wp-json\/wp\/v2\/media?parent=855"}],"curies":[{"name":"wp","href":"https:\/\/api.w.org\/{rel}","templated":true}]}}