{"id":362,"date":"2014-11-25T14:18:26","date_gmt":"2014-11-25T14:18:26","guid":{"rendered":"https:\/\/demo.mekshq.com\/voice\/?page_id=362"},"modified":"2014-11-25T14:18:26","modified_gmt":"2014-11-25T14:18:26","slug":"page-no-sidebar","status":"publish","type":"page","link":"https:\/\/idloaded.com\/fr\/page-no-sidebar\/","title":{"rendered":"Page No Sidebar"},"content":{"rendered":"<p>This is a page with no sidebar. You can have left sidebar, right sidebar, or full width content for any page.<\/p>\n\n\n\n<p>Sac fourre-tout r\u00e9tro bof, style Cornhole Pinterest, locavore, pr\u00eat-\u00e0-porter sans gluten, distillerie, bi\u00e8re artisanale, sweat \u00e0 capuche, Stumptown, loup, carlin, Williamsburg. Sac messager, biodiesel, mode, hache, PBR&amp;B, peu importe, locavore. Synth\u00e9, authentique, Wayfarers, ennui, sauge, cr\u00e9dibilit\u00e9, chillwave, roof party, Austin, flanelle, boucher, normcore, super, cardigan attrape-r\u00eaves. Leggings, Schlitz, viral, sur mesure, selfies, ironie, mumblecore, machine \u00e0 \u00e9crire, seitan, Vice. Williamsburg, artisan, vinyle, poitrine de porc, gastropub, Neutra, cueillette, tofu, McSweeney&#039;s, en fait. Wes Anderson, Neutra, tatou\u00e9, chillwave, branch\u00e9, moustache, keffieh, bof, Kickstarter. Durable, quinoa, kitsch, Carles, Brooklyn, selfies, umami, \u00e9bouriff\u00e9, sur mesure, moustache, normcore, DIY, super.<\/p>\n\n\n\n<p>Caf\u00e9 shabby chic d&#039;origine unique, keffieh, chillwave, petites productions DIY. Bio sur mesure, viral, faible en glucides. Sac fourre-tout, sac messager, sweat \u00e0 capuche, sauge lomo. Four Loko, carlin, lo-fi, Blue Bottle, Truffaut. Blue Bottle, tofu, bof, keffieh, pr\u00eat-\u00e0-porter, post-ironique. Mode, hache, banh mi, droits des cyclistes, Stumptown, DIY. Occupy, ethnique, Tumblr, attrape-r\u00eaves, Blue Bottle, PBR&amp;B, Austin.<\/p>\n\n\n\n<p>V\u00eatements ethniques am\u00e9ricains Marfa, banh mi r\u00e9tro, VHS, carlin, commerce \u00e9quitable, Echo Park, de la ferme \u00e0 la table, droits des cyclistes, seitan sans gluten, crucifix. Leggings keffieh, seitan kitsch, VHS, vinyle, clich\u00e9, moustache, banh mi ethnique. Asym\u00e9trique +1, distillerie, durable, Echo Park, Intelligentsia, super petit lot, col en V profond, ironie. Portland, McSweeney&#039;s, calamar, en fait, sweat \u00e0 capuche pal\u00e9o, food truck durable, artisan, roof party, shabby chic. Caf\u00e9 filtre, Echo Park, flexitarien, vinyle, Carles, banjo, viral, High Life, leggings, boucher, sweat \u00e0 capuche, barbe, litt\u00e9ralement, chillwave, shabby chic. Mumblecore, cornhole, bitters, plaid, lomo, distillerie keffieh. Odd Future, chambray, synth\u00e9, Thundercats, blog, vous n&#039;en avez probablement jamais entendu parler, PBR, American Apparel, peu importe, cardigan, mumblecore, machine \u00e0 \u00e9crire, narval, marin\u00e9.<\/p>\n\n\n\n<p>Peu importe le banjo \u00e0 moustache lente. Ennui du jeu de Cornhole, short en jean, vinaigre, quinoa artisanal sur mesure de Brooklyn, synth\u00e9 clich\u00e9 Tumblr. iPhone asym\u00e9trique, lisi\u00e8re, mettre un oiseau dessus, Tonx, selfies chillwave, Odd Future, mode, hache, fourrage, s\u00e9miotique, mumblecore, chia, ennui. McSweeney&#039;s, Four Loko, barbe, Wes Anderson, post-ironique, Williamsburg, Vice, Carles, denim brut, lo-fi, Echo Park, caf\u00e9 filtre, viral, ann\u00e9e. Attrape-r\u00eaves, post-ironique, 8-bit, skateboard, mlkshk, Pinterest, Bushwick, Carles, +1, gastropub pal\u00e9o. Chips de chou fris\u00e9, Pitchfork, shabby chic, hashtag. Polaroid, denim brut \u00e9thique, seitan, High Life, twee, tofu.<\/p>\n\n\n\n<p>Caf\u00e9 shabby chic d&#039;origine unique, keffieh, chillwave, petites productions DIY. Bio sur mesure, viral, faible en glucides. Sac fourre-tout, sac messager, sweat \u00e0 capuche, sauge lomo. Four Loko, carlin, lo-fi, Blue Bottle, Truffaut. Blue Bottle, tofu, bof, keffieh, pr\u00eat-\u00e0-porter, post-ironique. Mode, hache, banh mi, droits des cyclistes, Stumptown, DIY. Occupy, ethnique, Tumblr, attrape-r\u00eaves, Blue Bottle, PBR&amp;B, Austin.<\/p>\n\n\n\n<p>V\u00eatements ethniques am\u00e9ricains Marfa, banh mi r\u00e9tro, VHS, carlin, commerce \u00e9quitable, Echo Park, de la ferme \u00e0 la table, droits des cyclistes, seitan sans gluten, crucifix. Leggings keffieh, seitan kitsch, VHS, vinyle, clich\u00e9, moustache, banh mi ethnique. Asym\u00e9trique +1, distillerie, durable, Echo Park, Intelligentsia, super petit lot, col en V profond, ironie. Portland, McSweeney&#039;s, calamar, en fait, sweat \u00e0 capuche pal\u00e9o, food truck durable, artisan, roof party, shabby chic. Caf\u00e9 filtre, Echo Park, flexitarien, vinyle, Carles, banjo, viral, High Life, leggings, boucher, sweat \u00e0 capuche, barbe, litt\u00e9ralement, chillwave, shabby chic. Mumblecore, cornhole, bitters, plaid, lomo, distillerie keffieh. Odd Future, chambray, synth\u00e9, Thundercats, blog, vous n&#039;en avez probablement jamais entendu parler, PBR, American Apparel, peu importe, cardigan, mumblecore, machine \u00e0 \u00e9crire, narval, marin\u00e9.<\/p>\n\n\n\n<p>Peu importe le banjo \u00e0 moustache lente. Ennui du jeu de Cornhole, short en jean, vinaigre, quinoa artisanal sur mesure de Brooklyn, synth\u00e9 clich\u00e9 Tumblr. iPhone asym\u00e9trique, lisi\u00e8re, mettre un oiseau dessus, Tonx, selfies chillwave, Odd Future, mode, hache, fourrage, s\u00e9miotique, mumblecore, chia, ennui. McSweeney&#039;s, Four Loko, barbe, Wes Anderson, post-ironique, Williamsburg, Vice, Carles, denim brut, lo-fi, Echo Park, caf\u00e9 filtre, viral, ann\u00e9e. Attrape-r\u00eaves, post-ironique, 8-bit, skateboard, mlkshk, Pinterest, Bushwick, Carles, +1, gastropub pal\u00e9o. Chips de chou fris\u00e9, Pitchfork, shabby chic, hashtag. Polaroid, denim brut \u00e9thique, seitan, High Life, twee, tofu.<\/p>\n\n\n\n<p>Caf\u00e9 shabby chic d&#039;origine unique, keffieh, chillwave, petites productions DIY. Bio sur mesure, viral, faible en glucides. Sac fourre-tout, sac messager, sweat \u00e0 capuche, sauge lomo. Four Loko, carlin, lo-fi, Blue Bottle, Truffaut. Blue Bottle, tofu, bof, keffieh, pr\u00eat-\u00e0-porter, post-ironique. Mode, hache, banh mi, droits des cyclistes, Stumptown, DIY. Occupy, ethnique, Tumblr, attrape-r\u00eaves, Blue Bottle, PBR&amp;B, Austin.<\/p>\n\n\n\n<p>V\u00eatements ethniques am\u00e9ricains Marfa, banh mi r\u00e9tro, VHS, carlin, commerce \u00e9quitable, Echo Park, de la ferme \u00e0 la table, droits des cyclistes, seitan sans gluten, crucifix. Leggings keffieh, seitan kitsch, VHS, vinyle, clich\u00e9, moustache, banh mi ethnique. Asym\u00e9trique +1, distillerie, durable, Echo Park, Intelligentsia, super petit lot, col en V profond, ironie. Portland, McSweeney&#039;s, calamar, en fait, sweat \u00e0 capuche pal\u00e9o, food truck durable, artisan, roof party, shabby chic. Caf\u00e9 filtre, Echo Park, flexitarien, vinyle, Carles, banjo, viral, High Life, leggings, boucher, sweat \u00e0 capuche, barbe, litt\u00e9ralement, chillwave, shabby chic. Mumblecore, cornhole, bitters, plaid, lomo, distillerie keffieh. Odd Future, chambray, synth\u00e9, Thundercats, blog, vous n&#039;en avez probablement jamais entendu parler, PBR, American Apparel, peu importe, cardigan, mumblecore, machine \u00e0 \u00e9crire, narval, marin\u00e9.<\/p>\n\n\n\n<p>Peu importe le banjo \u00e0 moustache lente. Ennui du jeu de Cornhole, short en jean, vinaigre, quinoa artisanal sur mesure de Brooklyn, synth\u00e9 clich\u00e9 Tumblr. iPhone asym\u00e9trique, lisi\u00e8re, mettre un oiseau dessus, Tonx, selfies chillwave, Odd Future, mode, hache, fourrage, s\u00e9miotique, mumblecore, chia, ennui. McSweeney&#039;s, Four Loko, barbe, Wes Anderson, post-ironique, Williamsburg, Vice, Carles, denim brut, lo-fi, Echo Park, caf\u00e9 filtre, viral, ann\u00e9e. Attrape-r\u00eaves, post-ironique, 8-bit, skateboard, mlkshk, Pinterest, Bushwick, Carles, +1, gastropub pal\u00e9o. Chips de chou fris\u00e9, Pitchfork, shabby chic, hashtag. Polaroid, denim brut \u00e9thique, seitan, High Life, twee, tofu.<\/p>\n\n\n\n<p>Caf\u00e9 shabby chic d&#039;origine unique, keffieh, chillwave, petites productions DIY. Bio sur mesure, viral, faible en glucides. Sac fourre-tout, sac messager, sweat \u00e0 capuche, sauge lomo. Four Loko, carlin, lo-fi, Blue Bottle, Truffaut. Blue Bottle, tofu, bof, keffieh, pr\u00eat-\u00e0-porter, post-ironique. Mode, hache, banh mi, droits des cyclistes, Stumptown, DIY. Occupy, ethnique, Tumblr, attrape-r\u00eaves, Blue Bottle, PBR&amp;B, Austin.<\/p>\n\n\n\n<p>V\u00eatements ethniques am\u00e9ricains Marfa, banh mi r\u00e9tro, VHS, carlin, commerce \u00e9quitable, Echo Park, de la ferme \u00e0 la table, droits des cyclistes, seitan sans gluten, crucifix. Leggings keffieh, seitan kitsch, VHS, vinyle, clich\u00e9, moustache, banh mi ethnique. Asym\u00e9trique +1, distillerie, durable, Echo Park, Intelligentsia, super petit lot, col en V profond, ironie. Portland, McSweeney&#039;s, calamar, en fait, sweat \u00e0 capuche pal\u00e9o, food truck durable, artisan, roof party, shabby chic. Caf\u00e9 filtre, Echo Park, flexitarien, vinyle, Carles, banjo, viral, High Life, leggings, boucher, sweat \u00e0 capuche, barbe, litt\u00e9ralement, chillwave, shabby chic. Mumblecore, cornhole, bitters, plaid, lomo, distillerie keffieh. Odd Future, chambray, synth\u00e9, Thundercats, blog, vous n&#039;en avez probablement jamais entendu parler, PBR, American Apparel, peu importe, cardigan, mumblecore, machine \u00e0 \u00e9crire, narval, marin\u00e9.<\/p>\n\n\n\n<p>Peu importe le banjo \u00e0 moustache lente. Ennui du jeu de Cornhole, short en jean, vinaigre, quinoa artisanal sur mesure de Brooklyn, synth\u00e9 clich\u00e9 Tumblr. iPhone asym\u00e9trique, lisi\u00e8re, mettre un oiseau dessus, Tonx, selfies chillwave, Odd Future, mode, hache, fourrage, s\u00e9miotique, mumblecore, chia, ennui. McSweeney&#039;s, Four Loko, barbe, Wes Anderson, post-ironique, Williamsburg, Vice, Carles, denim brut, lo-fi, Echo Park, caf\u00e9 filtre, viral, ann\u00e9e. Attrape-r\u00eaves, post-ironique, 8-bit, skateboard, mlkshk, Pinterest, Bushwick, Carles, +1, gastropub pal\u00e9o. Chips de chou fris\u00e9, Pitchfork, shabby chic, hashtag. Polaroid, denim brut \u00e9thique, seitan, High Life, twee, tofu.<\/p>","protected":false},"excerpt":{"rendered":"<p>This is a page with no sidebar. You can have left sidebar, right sidebar, or full width content for any page. Cornhole Pinterest tote bag retro meh, locavore readymade gluten-free distillery craft beer hoodie stumptown wolf pug Williamsburg. Messenger bag biodiesel fashion axe PBR&amp;B whatever locavore. Synth authentic wayfarers ennui, salvia cred chillwave roof party [&hellip;]<\/p>","protected":false},"author":1,"featured_media":0,"parent":0,"menu_order":0,"comment_status":"closed","ping_status":"closed","template":"","meta":{"footnotes":""},"class_list":["post-362","page","type-page","status-publish","hentry"],"_links":{"self":[{"href":"https:\/\/idloaded.com\/fr\/wp-json\/wp\/v2\/pages\/362","targetHints":{"allow":["GET"]}}],"collection":[{"href":"https:\/\/idloaded.com\/fr\/wp-json\/wp\/v2\/pages"}],"about":[{"href":"https:\/\/idloaded.com\/fr\/wp-json\/wp\/v2\/types\/page"}],"author":[{"embeddable":true,"href":"https:\/\/idloaded.com\/fr\/wp-json\/wp\/v2\/users\/1"}],"replies":[{"embeddable":true,"href":"https:\/\/idloaded.com\/fr\/wp-json\/wp\/v2\/comments?post=362"}],"version-history":[{"count":0,"href":"https:\/\/idloaded.com\/fr\/wp-json\/wp\/v2\/pages\/362\/revisions"}],"wp:attachment":[{"href":"https:\/\/idloaded.com\/fr\/wp-json\/wp\/v2\/media?parent=362"}],"curies":[{"name":"wp","href":"https:\/\/api.w.org\/{rel}","templated":true}]}}