{"id":337,"date":"2014-11-25T13:52:17","date_gmt":"2014-11-25T13:52:17","guid":{"rendered":"https:\/\/demo.mekshq.com\/voice\/?page_id=337"},"modified":"2014-11-25T13:52:17","modified_gmt":"2014-11-25T13:52:17","slug":"codes-courts","status":"publish","type":"page","link":"https:\/\/idloaded.com\/fr\/codes-courts\/","title":{"rendered":"codes courts"},"content":{"rendered":"<p>\t\t\t\tCe th\u00e8me est enti\u00e8rement compatible avec notre extension WordPress Meks Flexible Shortcodes. D\u00e9couvrez quelques exemples de ce que vous pouvez cr\u00e9er dans le contenu de vos pages et articles gr\u00e2ce \u00e0 nos shortcodes.<\/p>\n<h3>Vous pouvez ajouter des colonnes\u2026<\/h3>\n<p>[mks_col]<\/p>\n<p>[mks_one_half]Excepteur adiposicing try-hard kale chips et. Meh wolf anim delectus skateboard. Forage scenester mustache skateboard DIY, sapiente laborum whatever. Ethical consectetur non +1 tousled authentic. Enim viral delectus next level. Sustainable Helvetica Brooklyn roof party gluten-free veniam, nostrud tattooed irony pork belly shabby chic qui drinking vinegar. Truffaut flexitarian non reprehenderit Pitchfork, farm-to-table Bushwick incident.[\/mks_one_half]<\/p>\n<p>[mks_one_half]Barbe Umami Godard, s\u00e9miotique cornhole cray eiusmod machine \u00e0 \u00e9crire \u00e0 carreaux shabby chic vestimentaire Wes Anderson. Travail non fourrager tatou\u00e9, f\u00eate artistique DIY mumblecore veniam accusamus Le ma\u00eetre d&#039;American Apparel nettoie les selfies occupent chaque ferme \u00e0 la table. Exercice typographique duis ennui sur mesure ready-made. Le tofu sapient consequat quatre loko quer. Ennui vinyle umami incidence Austin cardigan volupt\u00e9.[\/mks_one_half]<\/p>\n<p>[\/mks_col]<\/p>\n<h3>Peut-\u00eatre des barres de progression ?<\/h3>\n<p>[mks_progressbar name=\u201dSmart\u201d level=\u201dHigh\u201d value=\u201d70\u2033 height=\u201d20\u2033 color=\u201d#e23a3e\u201d style=\u201dsquared\u201d]<br \/>\n[mks_progressbar name=\u201dCr\u00e9atif\u201d level=\u201dTr\u00e8s \u00e9lev\u00e9\u201d value=\u201d90\u2033 height=\u201d20\u2033 color=\u201d#f7c24e\u201d style=\u201dsquared\u201d]<br \/>\n[mks_progressbar name=\u201dPessimist \u201d level=\u201dLow\u201d value=\u201d30\u2033 height=\u201d20\u2033 color=\u201d#2c9cb1\u2033 style=\u201dsquared\u201d]<br \/>\n[mks_progressbar name=\u201dOptimist\u201d level=\u201dAverage\u201d value=\u201d50\u2033 height=\u201d20\u2033 color=\u201d#000000\u2033 style=\u201dsquared\u201d]<\/p>\n<p>[mks_separator style=\u201dblank\u201d height=\u201d20\u2033]<\/p>\n<h4>Des ic\u00f4nes de police g\u00e9niales ?<\/h4>\n<h3>[mks_icon icon=\u201dfa-power-off\u201d color=\u201d#e23a3e\u201d] [mks_icon icon=\u201dfa-cog\u201d color=\u201d#e23a3e\u201d] [mks_icon icon=\u201dfa-th-list\u201d color=\u201d#e23a3e\u201d] [mks_icon icon=\u201dfa-file-o\u201d color=\u201d#e23a3e\u201d] [mks_icon icon=\u201dfa-video-camera\u201d color=\u201d#e23a3e\u201d] [mks_icon icon=\u201dfa-calendar\u201d color=\u201d#e23a3e\u201d] [mks_icon icon=\u201dfa-book\u201d color=\u201d#e23a3e\u201d] [mks_icon icon=\u201dfa-eye\u201d color=\u201d#e23a3e\u201d] [mks_icon icon=\u201dfa-heart-o\u201d [mks_icon icon=\u201dfa-parapluie\u201d color=\u201d#2c9cb1\u201d] [mks_icon icon=\u201dfa-microphone\u201d color=\u201d#2c9cb1\u201d]<\/h3>\n<p>[mks_separator style=\u201dblank\u201d height=\u201d20\u2033]<\/p>\n<h3>Ou de jolis boutons ?<\/h3>\n<p>[mks_button size=\u201dsmall\u201d title=\u201dPetit\u201d style=\u201dsquared\u201d url=\u201dhttps:\/\/mekshq.com\u201d target=\u201d_blank\u201d bg_color=\u201d#e23a3e\u201d txt_color=\u201d#FFFFFF\u201d icon=\u201dfa-music\u201d]<\/p>\n<p>[mks_button size=\u201dsmall\u201d title=\u201dPetit\u201d style=\u201dsquared\u201d url=\u201dhttps:\/\/mekshq.com\u201d target=\u201d_blank\u201d bg_color=\u201d#f7c24e\u201d txt_color=\u201d#FFFFFF\u201d icon=\u201dfa-music\u201d]<\/p>\n<p>[mks_button size=\u201dsmall\u201d title=\u201dPetit\u201d style=\u201dsquared\u201d url=\u201dhttps:\/\/mekshq.com\u201d target=\u201d_blank\u201d bg_color=\u201d#2c9cb1\u2033 txt_color=\u201d#FFFFFF\u201d icon=\u201dfa-music\u201d]<\/p>\n<p>[mks_separator style=\u201dblank\u201d height=\u201d1\u2033]<\/p>\n<p>[mks_button size=\u201dmedium\u201d title=\u201dMoyen\u201d style=\u201drounded\u201d url=\u201dhttps:\/\/mekshq.com\u201d target=\u201d_blank\u201d bg_color=\u201d#e23a3e\u201d txt_color=\u201d#FFFFFF\u201d icon=\u201dfa-power-off\u201d]<\/p>\n<p>[mks_button size=\u201dmedium\u201d title=\u201dMoyen\u201d style=\u201drounded\u201d url=\u201dhttps:\/\/mekshq.com\u201d target=\u201d_blank\u201d bg_color=\u201d#f7c24e\u201d txt_color=\u201d#FFFFFF\u201d icon=\u201dfa-power-off\u201d]<\/p>\n<p>[mks_button size=\u201dmedium\u201d title=\u201dMoyen\u201d style=\u201drounded\u201d url=\u201dhttps:\/\/mekshq.com\u201d target=\u201d_blank\u201d bg_color=\u201d#2c9cb1\u2033 txt_color=\u201d#FFFFFF\u201d icon=\u201dfa-power-off\u201d]<\/p>\n<p>[mks_separator style=\u201dblank\u201d height=\u201d1\u2033]<\/p>\n<p>[mks_button size=\u201dlarge\u201d title=\u201dGrand bouton\u201d style=\u201drounded\u201d url=\u201dhttps:\/\/mekshq.com\u201d target=\u201d_blank\u201d bg_color=\u201d#e23a3e\u201d txt_color=\u201d#FFFFFF\u201d icon=\u201d\u201d]<\/p>\n<p>[mks_button size=\u201dlarge\u201d title=\u201dGrand bouton\u201d style=\u201drounded\u201d url=\u201dhttps:\/\/mekshq.com\u201d target=\u201d_blank\u201d bg_color=\u201d#f7c24e\u201d txt_color=\u201d#FFFFFF\u201d icon=\u201d\u201d]<\/p>\n<p>[mks_button size=\u201dlarge\u201d title=\u201dGrand bouton\u201d style=\u201drounded\u201d url=\u201dhttps:\/\/mekshq.com\u201d target=\u201d_blank\u201d bg_color=\u201d#2c9cb1\u2033 txt_color=\u201d#FFFFFF\u201d icon=\u201d\u201d]<\/p>\n<p>[mks_separator style=\u201dblank\u201d height=\u201d20\u2033]<\/p>\n<h3>Peut-\u00eatre quelques ic\u00f4nes des r\u00e9seaux sociaux ?<\/h3>\n<p>[mks_social icon=\u201daim\u201d size=\u201d48\u2033 style=\u201drounded\u201d url=\u201dhttp:\/\/\u201d target=\u201d_self\u201d][mks_social icon=\u201dskype\u201d size=\u201d48\u2033 style=\u201drounded\u201d url=\u201dhttp:\/\/\u201d target=\u201d_self\u201d][mks_social icon=\u201ddribbble\u201d size=\u201d48\u2033 style=\u201drounded\u201d url=\u201dhttp:\/\/\u201d target=\u201d_self\u201d][mks_social icon=\u201dfacebook\u201d size=\u201d48\u2033 style=\u201drounded\u201d url=\u201dhttp:\/\/\u201d target=\u201d_self\u201d][mks_social icon=\u201dpinterest\u201d size=\u201d48\u2033 style=\u201drounded\u201d url=\u201dhttp:\/\/\u201d target=\u201d_self\u201d][mks_social icon=\u201dlinkedin\u201d size=\u201d48\u2033 style=\u201drounded\u201d url=\u201dhttp:\/\/\u201d target=\u201d_self\u201d][mks_social icon=\u201dgrooveshark\u201d size=\u201d48\u2033 style=\u201drounded\u201d url=\u201dhttp:\/\/\u201d target=\u201d_self\u201d][mks_social icon=\u201dforrst\u201d size=\u201d48\u2033 style=\u201drounded\u201d url=\u201dhttp:\/\/\u201d target=\u201d_self\u201d][mks_social icon=\u201dinstagram\u201d size=\u201d48\u2033 style=\u201drounded\u201d url=\u201dhttp:\/\/\u201d target=\u201d_self\u201d][mks_social icon=\u201dflickr\u201d size=\u201d48\u2033 style=\u201drounded\u201d url=\u201dhttp:\/\/\u201d target=\u201d_self\u201d][mks_social icon=\u201devernote\u201d size=\u201d48\u2033 style=\u201drounded\u201d url=\u201dhttp:\/\/\u201d target=\u201d_self\u201d][mks_social icon=\u201dyahoo\u201d size=\u201d48\u2033 style=\u201drounded\u201d url=\u201dhttp:\/\/\u201d target=\u201d_self\u201d]<\/p>\n<p>[mks_social icon=\u201daim\u201d size=\u201d48\u2033 style=\u201dcircle\u201d url=\u201dhttp:\/\/\u201d target=\u201d_self\u201d][mks_social icon=\u201dskype\u201d size=\u201d48\u2033 style=\u201dcircle\u201d url=\u201dhttp:\/\/\u201d target=\u201d_self\u201d][mks_social icon=\u201ddribbble\u201d size=\u201d48\u2033 style=\u201dcircle\u201d url=\u201dhttp:\/\/\u201d target=\u201d_self\u201d][mks_social icon=\u201dfacebook\u201d size=\u201d48\u2033 style=\u201dcircle\u201d url=\u201dhttp:\/\/\u201d target=\u201d_self\u201d][mks_social icon=\u201dpinterest\u201d size=\u201d48\u2033 style=\u201dcircle\u201d url=\u201dhttp:\/\/\u201d target=\u201d_self\u201d][mks_social icon=\u201dlinkedin\u201d size=\u201d48\u2033 style=\u201dcircle\u201d url=\u201dhttp:\/\/\u201d target=\u201d_self\u201d][mks_social ic\u00f4ne=\u201dgrooveshark\u201d taille=\u201d48\u2033 style=\u201dcircle\u201d url=\u201dhttp:\/\/\u201d cible=\u201d_self\u201d][mks_social ic\u00f4ne=\u201dforrst\u201d taille=\u201d48\u2033 style=\u201dcircle\u201d url=\u201dhttp:\/\/\u201d cible=\u201d_self\u201d][mks_social ic\u00f4ne=\u201dinstagram\u201d taille=\u201d48\u2033 style=\u201dcircle\u201d url=\u201dhttp:\/\/\u201d cible=\u201d_self\u201d][mks_social ic\u00f4ne=\u201dflickr\u201d taille=\u201d48\u2033 style=\u201dcircle\u201d url=\u201dhttp:\/\/\u201d cible=\u201d_self\u201d][mks_social ic\u00f4ne=\u201devernote\u201d taille=\u201d48\u2033 style=\u201dcircle\u201d url=\u201dhttp:\/\/\u201d cible=\u201d_self\u201d][mks_social ic\u00f4ne=\u201dyahoo\u201d taille=\u201d48\u2033 style=\u201dcircle\u201d url=\u201dhttp:\/\/\u201d cible=\u201d_self\u201d]<\/p>\n<p>[mks_social icon=\u201daim\u201d size=\u201d48\u2033 style=\u201dsquare\u201d url=\u201dhttp:\/\/\u201d target=\u201d_self\u201d][mks_social icon=\u201dskype\u201d size=\u201d48\u2033 style=\u201dsquare\u201d url=\u201dhttp:\/\/\u201d target=\u201d_self\u201d][mks_social icon=\u201ddribbble\u201d size=\u201d48\u2033 style=\u201dsquare\u201d url=\u201dhttp:\/\/\u201d target=\u201d_self\u201d][mks_social icon=\u201dfacebook\u201d size=\u201d48\u2033 style=\u201dsquare\u201d url=\u201dhttp:\/\/\u201d target=\u201d_self\u201d][mks_social icon=\u201dpinterest\u201d size=\u201d48\u2033 style=\u201dsquare\u201d url=\u201dhttp:\/\/\u201d target=\u201d_self\u201d][mks_social icon=\u201dlinkedin\u201d size=\u201d48\u2033 style=\u201dsquare\u201d url=\u201dhttp:\/\/\u201d target=\u201d_self\u201d][mks_social icon=\u201dgrooveshark\u201d taille=\u201d48\u2033 style=\u201dcarr\u00e9\u201d url=\u201dhttp:\/\/\u201d cible=\u201d_self\u201d][mks_social icon=\u201dforrst\u201d taille=\u201d48\u2033 style=\u201dcarr\u00e9\u201d url=\u201dhttp:\/\/\u201d cible=\u201d_self\u201d][mks_social icon=\u201dinstagram\u201d taille=\u201d48\u2033 style=\u201dcarr\u00e9\u201d url=\u201dhttp:\/\/\u201d cible=\u201d_self\u201d][mks_social icon=\u201dflickr\u201d taille=\u201d48\u2033 style=\u201dcarr\u00e9\u201d url=\u201dhttp:\/\/\u201d cible=\u201d_self\u201d][mks_social icon=\u201devernote\u201d taille=\u201d48\u2033 style=\u201dcarr\u00e9\u201d url=\u201dhttp:\/\/\u201d cible=\u201d_self\u201d][mks_social icon=\u201dyahoo\u201d taille=\u201d48\u2033 style=\u201dcarr\u00e9\u201d url=\u201dhttp:\/\/\u201d cible=\u201d_self\u201d]<\/p>\n<div class=\"clear\">[mks_separator style=\u201dblank\u201d height=\u201d30\u2033]<\/div>\n<h3>Lettrines ?<\/h3>\n<p>[mks_dropcap style=\u201dletter\u201d size=\u201d50\u2033 bg_color=\u201d#ffffff\u201d txt_color=\u201d#000000\u2033]A[\/mks_dropcap]xcepteur adiposicing try-hard kale chips et. Meh wolf anim delectus skateboard. Forage scenester mustache skateboard DIY, sapiente laborum whatever. Ethical consectetur non +1 tousled authentic. Enim viral delectus next level. Sustainable Helvetica Brooklyn roof party gluten-free veniam, nostrud tattooed irony pork belly shabby chic qui drinking vinegar. Truffaut flexitarian non reprehenderit Pitchfork, farm-to-table Bushwick incident.<\/p>\n<p>[mks_dropcap style=\u201dsquare\u201d size=\u201d50\u2033 bg_color=\u201d#91c842\u2033 txt_color=\u201d#ffffff\u201d]A[\/mks_dropcap]xcepteur adiposicing try-hard kale chips et. Meh wolf anim delectus skateboard. Forage scenester mustache skateboard DIY, sapiente laborum whatever. Ethical consectetur non +1 tousled authentic. Enim viral delectus next level. Sustainable Helvetica Brooklyn roof party gluten-free veniam, nostrud tattooed irony pork belly shabby chic qui drinking vinegar. Truffaut flexitarian non reprehenderit Pitchfork, farm-to-table Bushwick incident.<\/p>\n<p>[mks_dropcap style=\u201dcircle\u201d size=\u201d50\u2033 bg_color=\u201d#f7c24e\u201d txt_color=\u201d#ffffff\u201d]A[\/mks_dropcap]xcepteur adipisicing try-hard kale chips et. Meh wolf anim delectus skateboard. Forage scenester mustache skateboard DIY, sapiente laborum whatever. Ethical consectetur non +1 tousled authentic. Enim viral delectus next level. Sustainable Helvetica Brooklyn roof party gluten-free veniam, nostrud tattooed irony pork belly shabby chic qui drinking vinegar.<\/p>\n<p>[mks_dropcap style=\u201drounded\u201d size=\u201d50\u2033 bg_color=\u201d#2c9cb1\u2033 txt_color=\u201d#ffffff\u201d]A[\/mks_dropcap]xcepteur adiposicing try-hard kale chips et. Meh wolf anim delectus skateboard. Forage scenester mustache skateboard DIY, sapiente laborum whatever. Ethical consectetur non +1 tousled authentic. Enim viral delectus next level. Sustainable Helvetica Brooklyn roof party gluten-free veniam, nostrud tattooed irony pork belly shabby chic qui drinking vinegar. Truffaut flexitarian non reprehenderit Pitchfork, farm-to-table Bushwick incident.<\/p>\n<h3>Citez des extraits ?<\/h3>\n<p>[mks_pullquote align=\u201dleft\u201d width=\u201d300\u2033 size=\u201d24\u2033 bg_color=\u201d#f7c24e\u201d txt_color=\u201d#ffffff\u201d]Chia kitsch laborum, Etsy iPhone Echo Park Thundercats cl\u00e9 d&#039;\u00e9glise cornhole organique lo-fi. [\/mks_pullquote] Hashtag vestimentaire typographique meh lomo, eiusmod aliqua in. Fourrage ethnique s\u00e9miotique, irure dreamcatcher perturbe les voyageurs lents glucides eu. IPhone tatou\u00e9 labore 3 loup lune Odd Future, dolore skateboard. Est-ce qu&#039;il r\u00e9primande le carlin mumblecore swag ethnique. Chia kitsch laborum, Etsy iPhone Echo Park Thundercats cl\u00e9 de l&#039;\u00e9glise cornhole lo-fi biologique. Reprehenderit pop-up wolf, try-hard ut pariatur craft beer keytar squid et tote bag Echo Park. Quatre loko mlkshk proident, caf\u00e9 d&#039;origine unique ullamco perturbent l&#039;ironie de banh mi lo-fi freegan Shoreditch. Hashtag vestimentaire typographique meh lomo, eiusmod aliqua in. Fourrage ethnique s\u00e9miotique, irure dreamcatcher perturbe les voyageurs lents glucides eu. IPhone tatou\u00e9 labore 3 loup lune Odd Future, dolore skateboard. Est-ce qu&#039;il r\u00e9primande le carlin mumblecore swag ethnique. Chia kitsch laborum, Etsy iPhone Echo Park Thundercats cl\u00e9 de l&#039;\u00e9glise cornhole lo-fi biologique.<\/p>\n<p>[mks_pullquote align=\u201dright\u201d width=\u201d300\u2033 size=\u201d24\u2033 bg_color=\u201d#2c9cb1\u2033 txt_color=\u201d#ffffff\u201d]Chia kitsch laborum, Etsy iPhone Echo Park Thundercats church-key cornhole organique lo-fi. [\/mks_pullquote]Repr\u00e9hender le loup pop-up, essayez-le fort pour parier bi\u00e8re artisanale keytar squid et tote bag Echo Park. Quatre loko mlkshk proident, caf\u00e9 d&#039;origine unique ullamco perturbent banh mi freegan Shoreditch ironie. Letterpress sartorial meh lomo hashtag, eiusmod aliqua in. Semiotics ethnic fourrage, irure dreamcatcher disrupt wayfarers slow-carb eu. Cornhole cl\u00e9 de l&#039;\u00e9glise des Thundercats lo-fi organique. Reprehenderit pop-up wolf, try-hard ut pariatur craft beer keytar squid et tote bag Echo Park. Quatre loko mlkshk proident, caf\u00e9 d&#039;origine unique ullamco perturbent l&#039;ironie de banh mi lo-fi freegan Shoreditch. Hashtag vestimentaire typographique meh lomo, eiusmod aliqua in. Fourrage ethnique s\u00e9miotique, irure dreamcatcher perturbe les voyageurs lents glucides eu. IPhone tatou\u00e9 labore 3 loup lune Odd Future, dolore skateboard. Est-ce qu&#039;il r\u00e9primande le carlin mumblecore swag ethnique. Chia kitsch laborum, Etsy iPhone Echo Park Thundercats cl\u00e9 de l&#039;\u00e9glise cornhole lo-fi biologique.<\/p>\n<h3>Onglets ?<\/h3>\n<p>[mks_tabs nav=\u201dhorizontal\u201d]<br \/>\n[mks_tab_item title=&quot;Titre 1&quot;]<br \/>\nChia kitsch laborum, Etsy iPhone Echo Park Thundercats cl\u00e9 de l&#039;\u00e9glise cornhole lo-fi biologique. Reprehenderit pop-up wolf, try-hard ut pariatur craft beer keytar squid et tote bag Echo Park. Quatre loko mlkshk proident, caf\u00e9 d&#039;origine unique ullamco perturbent l&#039;ironie de banh mi lo-fi freegan Shoreditch. Hashtag vestimentaire typographique meh lomo, eiusmod aliqua in. Fourrage ethnique s\u00e9miotique, irure dreamcatcher perturbe les voyageurs lents glucides eu. IPhone tatou\u00e9 labore 3 loup lune Odd Future, dolore skateboard.<br \/>\n[mks_tab_item]<br \/>\n[mks_tab_item title=&quot;Titre 2&quot;]<br \/>\nCardigan tatou\u00e9 narval, leggings en quinoa, selfies ethniques synth\u00e9, High Life. En cure d\u00e9tox, banjo, cr\u00e9dibilit\u00e9 non Thundercats. Gastropub, v\u00e9lo fixie, Portland 8-bit, short en jean ullamco, flanelle, XOXO esse. Biodiesel, fixie de niveau sup\u00e9rieur, impression typographique, poitrine de porc sans gluten, travail acharn\u00e9, sunt. Pal\u00e9o qui Thundercats nostrud keytar nulla. Publicit\u00e9 synth\u00e9, ouvre-bouteille, Terry Richardson, supposant l&#039;\u00e9t\u00e9, bitters de la ferme \u00e0 la table, travail non ullamco, attrape-r\u00eaves. Machine \u00e0 \u00e9crire ex Helvetica, polaroid, caf\u00e9 d&#039;origine unique, hashtag, mixtape sartoriale, marin\u00e9.<br \/>\n[mks_tab_item]<br \/>\n[mks_tab_item title=&quot;Titre 3&quot;]<br \/>\nLitt\u00e9ralement enim elit id, Vice \u00e9bouriff\u00e9 Intelligentsia. Fixie sint nostrud mlkshk, synth\u00e9 delectus Marfa et. Nihil VHS authentique poitrine de porc sunt, sapiente dans Austin kogi paleo PBR&amp;B 8 bits. Le cardigan Tumblr perturbe le fonds fiduciaire pal\u00e9o tatou\u00e9, Truffaut odio sunt buvant du vinaigre. Cardigan cray pr\u00eat \u00e0 l&#039;emploi Polaroid synth\u00e9tiseur carlin Shoreditch, authentique freegan aliquip banjo fugiat. Fonds fiduciaire hella McSweeney&#039;s reprehenderit de la ferme \u00e0 la table, barbe anim cl\u00e9 de l&#039;\u00e9glise cillum eu lo-fi machine \u00e0 \u00e9crire pop-up. Quis avant qu&#039;ils ne vendent le banjo Scenester, la hache de la mode nesciunt vestimentaire veniam Portland magna aute Vice.<br \/>\n[mks_tab_item]<br \/>\n[\/mks_tabs]<\/p>\n<p>[mks_tabs nav=&quot;vertical&quot;]<br \/>\n[mks_tab_item title=&quot;Titre 1&quot;]<br \/>\nChia kitsch laborum, Etsy iPhone Echo Park Thundercats cl\u00e9 de l&#039;\u00e9glise cornhole lo-fi biologique. Reprehenderit pop-up wolf, try-hard ut pariatur craft beer keytar squid et tote bag Echo Park. Quatre loko mlkshk proident, caf\u00e9 d&#039;origine unique ullamco perturbent l&#039;ironie de banh mi lo-fi freegan Shoreditch. Hashtag vestimentaire typographique meh lomo, eiusmod aliqua in. Fourrage ethnique s\u00e9miotique, irure dreamcatcher perturbe les voyageurs lents glucides eu. IPhone tatou\u00e9 labore 3 loup lune Odd Future, dolore skateboard.<br \/>\n[mks_tab_item]<br \/>\n[mks_tab_item title=&quot;Titre 2&quot;]<br \/>\nCardigan tatou\u00e9 narval, leggings en quinoa, selfies ethniques synth\u00e9, High Life. En cure d\u00e9tox, banjo, cr\u00e9dibilit\u00e9 non Thundercats. Gastropub, v\u00e9lo fixie, Portland 8-bit, short en jean ullamco, flanelle, XOXO esse. Biodiesel, fixie de niveau sup\u00e9rieur, impression typographique, poitrine de porc sans gluten, travail acharn\u00e9, sunt. Pal\u00e9o qui Thundercats nostrud keytar nulla. Publicit\u00e9 synth\u00e9, ouvre-bouteille, Terry Richardson, supposant l&#039;\u00e9t\u00e9, bitters de la ferme \u00e0 la table, travail non ullamco, attrape-r\u00eaves. Machine \u00e0 \u00e9crire ex Helvetica, polaroid, caf\u00e9 d&#039;origine unique, hashtag, mixtape sartoriale, marin\u00e9.<br \/>\n[mks_tab_item]<br \/>\n[mks_tab_item title=&quot;Titre 3&quot;]<br \/>\nLitt\u00e9ralement enim elit id, Vice \u00e9bouriff\u00e9 Intelligentsia. Fixie sint nostrud mlkshk, synth\u00e9 delectus Marfa et. Nihil VHS authentique poitrine de porc sunt, sapiente dans Austin kogi paleo PBR&amp;B 8 bits. Le cardigan Tumblr perturbe le fonds fiduciaire pal\u00e9o tatou\u00e9, Truffaut odio sunt buvant du vinaigre. Cardigan cray pr\u00eat \u00e0 l&#039;emploi Polaroid synth\u00e9tiseur carlin Shoreditch, authentique freegan aliquip banjo fugiat. Fonds fiduciaire hella McSweeney&#039;s reprehenderit de la ferme \u00e0 la table, barbe anim cl\u00e9 de l&#039;\u00e9glise cillum eu lo-fi machine \u00e0 \u00e9crire pop-up. Quis avant qu&#039;ils ne vendent le banjo Scenester, la hache de la mode nesciunt vestimentaire veniam Portland magna aute Vice.<br \/>\n[mks_tab_item]<br \/>\n[\/mks_tabs]<\/p>\n<h3>Accord\u00e9ons ?<\/h3>\n<p>[mks_accordion]<br \/>\n[mks_accordion_item title=\u201dTitre 1\u2033]<br \/>\nLitt\u00e9ralement enim elit id, Vice \u00e9bouriff\u00e9 Intelligentsia. Fixie sint nostrud mlkshk, synth\u00e9 delectus Marfa et. Nihil VHS authentique poitrine de porc sunt, sapiente dans Austin kogi paleo PBR&amp;B 8 bits. Le cardigan Tumblr perturbe le fonds fiduciaire pal\u00e9o tatou\u00e9, Truffaut odio sunt buvant du vinaigre. Cardigan cray pr\u00eat \u00e0 l&#039;emploi Polaroid synth\u00e9tiseur carlin Shoreditch, authentique freegan aliquip banjo fugiat. Fonds fiduciaire hella McSweeney&#039;s reprehenderit de la ferme \u00e0 la table, barbe anim cl\u00e9 de l&#039;\u00e9glise cillum eu lo-fi machine \u00e0 \u00e9crire pop-up. Quis avant qu&#039;ils ne vendent le banjo Scenester, la hache de la mode nesciunt vestimentaire veniam Portland magna aute Vice.<br \/>\n[\/mks_accordion_item]<br \/>\n[mks_accordion_item title=\u201dTitre 2\u2033]<br \/>\nCardigan tatou\u00e9 narval, leggings en quinoa, selfies ethniques synth\u00e9, High Life. En cure d\u00e9tox, banjo, cr\u00e9dibilit\u00e9 non Thundercats. Gastropub, v\u00e9lo fixie, Portland 8-bit, short en jean ullamco, flanelle, XOXO esse. Biodiesel, fixie de niveau sup\u00e9rieur, impression typographique, poitrine de porc sans gluten, travail acharn\u00e9, sunt. Pal\u00e9o qui Thundercats nostrud keytar nulla. Publicit\u00e9 synth\u00e9, ouvre-bouteille, Terry Richardson, supposant l&#039;\u00e9t\u00e9, bitters de la ferme \u00e0 la table, travail non ullamco, attrape-r\u00eaves. Machine \u00e0 \u00e9crire ex Helvetica, polaroid, caf\u00e9 d&#039;origine unique, hashtag, mixtape sartoriale, marin\u00e9.<br \/>\n[\/mks_accordion_item]<br \/>\n[mks_accordion_item title=\u201dTitre 3\u2033]<br \/>\nChia kitsch laborum, Etsy iPhone Echo Park Thundercats cl\u00e9 de l&#039;\u00e9glise cornhole lo-fi biologique. Reprehenderit pop-up wolf, try-hard ut pariatur craft beer keytar squid et tote bag Echo Park. Quatre loko mlkshk proident, caf\u00e9 d&#039;origine unique ullamco perturbent l&#039;ironie de banh mi lo-fi freegan Shoreditch. Hashtag vestimentaire typographique meh lomo, eiusmod aliqua in. Fourrage ethnique s\u00e9miotique, irure dreamcatcher perturbe les voyageurs lents glucides eu. IPhone tatou\u00e9 labore 3 loup lune Odd Future, dolore skateboard.<br \/>\n[\/mks_accordion_item]<br \/>\n[\/mks_accordion]<\/p>\n<h3>Bascules ?<\/h3>\n<p>[mks_toggle title=\u201dExample Title\u201d state=\u201dopen\u201d]Chia kitsch laborum, Etsy iPhone Echo Park Thundercats lo-fi organique cornhole \u00e0 cl\u00e9 d&#039;\u00e9glise. Reprehenderit pop-up wolf, try-hard ut pariatur craft beer keytar squid et tote bag Echo Park. Quatre loko mlkshk proident, caf\u00e9 d&#039;origine unique ullamco perturbent l&#039;ironie de banh mi lo-fi freegan Shoreditch. Hashtag vestimentaire typographique meh lomo, eiusmod aliqua in.[\/mks_toggle]<\/p>\n<p>[mks_toggle title=\u201dExample Title\u201d state=\u201dclose\u201d]Chia kitsch laborum, Etsy iPhone Echo Park Thundercats lo-fi organique cornhole \u00e0 cl\u00e9 d&#039;\u00e9glise. Reprehenderit pop-up wolf, try-hard ut pariatur craft beer keytar squid et tote bag Echo Park. Quatre loko mlkshk proident, caf\u00e9 d&#039;origine unique ullamco perturbent l&#039;ironie de banh mi lo-fi freegan Shoreditch. Hashtag vestimentaire typographique meh lomo, eiusmod aliqua in.[\/mks_toggle]\t\t<\/p>","protected":false},"excerpt":{"rendered":"<p>Theme comes with full support for our Meks Flexible Shortcodes WordPress plugin. Check some examples of what can you create inside page\/post content with our shortcodes. You can add some columns&#8230; [mks_col] [mks_one_half]Excepteur adipisicing try-hard kale chips et. Meh wolf anim delectus skateboard. Forage scenester mustache skateboard DIY, sapiente laborum whatever. Ethical consectetur non +1 [&hellip;]<\/p>","protected":false},"author":1,"featured_media":0,"parent":0,"menu_order":0,"comment_status":"closed","ping_status":"closed","template":"","meta":{"footnotes":""},"class_list":["post-337","page","type-page","status-publish","hentry"],"_links":{"self":[{"href":"https:\/\/idloaded.com\/fr\/wp-json\/wp\/v2\/pages\/337","targetHints":{"allow":["GET"]}}],"collection":[{"href":"https:\/\/idloaded.com\/fr\/wp-json\/wp\/v2\/pages"}],"about":[{"href":"https:\/\/idloaded.com\/fr\/wp-json\/wp\/v2\/types\/page"}],"author":[{"embeddable":true,"href":"https:\/\/idloaded.com\/fr\/wp-json\/wp\/v2\/users\/1"}],"replies":[{"embeddable":true,"href":"https:\/\/idloaded.com\/fr\/wp-json\/wp\/v2\/comments?post=337"}],"version-history":[{"count":0,"href":"https:\/\/idloaded.com\/fr\/wp-json\/wp\/v2\/pages\/337\/revisions"}],"wp:attachment":[{"href":"https:\/\/idloaded.com\/fr\/wp-json\/wp\/v2\/media?parent=337"}],"curies":[{"name":"wp","href":"https:\/\/api.w.org\/{rel}","templated":true}]}}