{"id":328,"date":"2014-11-25T13:48:50","date_gmt":"2014-11-25T13:48:50","guid":{"rendered":"https:\/\/demo.mekshq.com\/voice\/?page_id=328"},"modified":"2014-11-25T13:48:50","modified_gmt":"2014-11-25T13:48:50","slug":"typographie","status":"publish","type":"page","link":"https:\/\/idloaded.com\/fr\/typographie\/","title":{"rendered":"Typographie"},"content":{"rendered":"<p>[mks_dropcap style=\u201dsquare\u201d size=\u201d50\u2033 bg_color=\u201d#cf4d35\u2033 txt_color=\u201d#ffffff\u201d]A[\/mks_dropcap]orem ipsum Id tempor laborum in consequat ut in eu id eu incididunt ut sed elit quis veniam sint id sit Duis sunt laborum in consequat tempo laborum en cons\u00e9quence Excepteur <a href=\"https:\/\/mekshq.com\" target=\"_blank\" rel=\"noopener noreferrer\">consectetur reprehenderit<\/a> culpa deserunt cillum aute dolor dolor dolor qui. Id tempor laborum in consequat Ut in eu id eu. Pub gastronomique de Shoreditch peu importe. Reprehenderit quer polaroid aben digeth manu.<\/p>\n\n\n\n<h1 class=\"wp-block-heading\">Ceci est un exemple de titre H1<\/h1>\n\n\n\n<p>Sac messager Narval normcore, quinoa \u00e0 la moustache fine, food truck Four Loko, droits des cyclistes, impression typographique, tofu, banjo, s\u00e9miotique d\u00e9cal\u00e9e, iPhone. Mlkshk twee Neutra Bushwick. Sac banane crucifix Williamsburg, keytar, American Apparel flexitarien, VHS. Sweat \u00e0 capuche Chillwave Godard, Neutra. Vinyle, food truck \u00e9ph\u00e9m\u00e8re, Wayfarers, s\u00e9miotique, street art.<\/p>\n\n\n\n<h2 class=\"wp-block-heading\">Voici un exemple de titre H2.<\/h2>\n\n\n\n<p>Blog Brooklyn keytar, vous n&#039;en avez probablement jamais entendu parler, mixtape, swag, commerce \u00e9quitable, hashtag, bio, ouvre-bouteille, crucifix, Stumptown, clich\u00e9, pr\u00e9tentieux, ethnique. Flexitarien, narval, PBR&amp;B, +1 locavore. Short en jean, attrape-r\u00eaves, Neutra, street art, poitrine de porc, moustache, sur mesure.<\/p>\n\n\n\n<h3 class=\"wp-block-heading\">Ceci est un exemple de titre h3<\/h3>\n\n\n\n<p>Sac messager Narval normcore, quinoa \u00e0 la moustache fine, food truck Four Loko, droits des cyclistes, impression typographique, tofu, banjo, s\u00e9miotique d\u00e9cal\u00e9e, iPhone. Mlkshk twee Neutra Bushwick. Sac banane crucifix Williamsburg, keytar, American Apparel flexitarien, VHS. Sweat \u00e0 capuche Chillwave Godard, Neutra. Vinyle, food truck \u00e9ph\u00e9m\u00e8re, Wayfarers, s\u00e9miotique, street art.<\/p>\n\n\n\n<h4 class=\"wp-block-heading\">Ceci est un exemple de titre h4<\/h4>\n\n\n\n<p>Blog Brooklyn keytar, vous n&#039;en avez probablement jamais entendu parler, mixtape, swag, commerce \u00e9quitable, hashtag, bio, ouvre-bouteille, crucifix, Stumptown, clich\u00e9, pr\u00e9tentieux, ethnique. Flexitarien, narval, PBR&amp;B, +1 locavore. Short en jean, attrape-r\u00eaves, Neutra, street art, poitrine de porc, moustache, sur mesure.<\/p>\n\n\n\n<h5 class=\"wp-block-heading\">Ceci est un exemple de titre h5<\/h5>\n\n\n\n<p>Blog Brooklyn keytar, vous n&#039;en avez probablement jamais entendu parler, mixtape, swag, commerce \u00e9quitable, hashtag, bio, ouvre-bouteille, crucifix, Stumptown, clich\u00e9, pr\u00e9tentieux, ethnique. Flexitarien, narval, PBR&amp;B, +1 locavore. Short en jean, attrape-r\u00eaves, Neutra, street art, poitrine de porc, moustache, sur mesure.<\/p>\n\n\n\n<h6 class=\"wp-block-heading\">Ceci est un exemple de titre h6<\/h6>\n\n\n\n<p>Lorem ipsum Id tempor laborum in consequat Ut in eu id eu incididunt ut sed elit quis veniam sint id sit Duis sunt Excepteur consectetur reprehenderit culpa deserunt cillum aute dolor dolor dolor qui.<\/p>\n\n\n\n<div class=\"wp-block-image\"><figure class=\"alignleft\"><a href=\"https:\/\/demo.mekshq.com\/voice\/wp-content\/uploads\/2014\/11\/voice_16.jpg\"><img decoding=\"async\" src=\"https:\/\/demo.mekshq.com\/voice\/wp-content\/uploads\/2014\/11\/voice_16-300x300.jpg\" alt=\"fanatique de la mode\" class=\"wp-image-83\"\/><\/a><figcaption>fanatique de la mode<\/figcaption><\/figure><\/div>\n\n\n\n<p>Versez et gr\u00e9sillez, commodo Marfa attrape-r\u00eaves aliquip. Fonds fiduciaire avant qu&#039;ils ne se vendent mumblecore YOLO. Placeat fonds fiduciaire culpa, keffieh twee labore vero. Loup polaroid chia McSweeney&#039;s. Laborum sac banane Vice Pitchfork Tumblr, Pinterest Blue Bottle exercice High Life 8-bit mlkshk brunch mode hache Helvetica. Polaroid non-consectetur, incident leggings scenester <a href=\"#\">vinaigre \u00e0 boire Pitchfork <\/a>Viral non \u00e9thique. Attrape-r\u00eaves banjo swag Etsy. Sweat \u00e0 capuche Sapient Wayfarer mumblecore yr adipisicing placeat caf\u00e9 d&#039;origine unique. Banksy yr food truck Neutra eiusmod fourrage, en fait sweat \u00e0 capuche poitrine de porc mlkshk synth\u00e9tiseur keytar laboris Intelligentsia. Reprehenderit quer polaroid XOXO blame, Shoreditch gastropub whatever. Reprehenderit quer polaroid XOXO blame, Shoreditch gastropub.<\/p>\n\n\n\n<div class=\"wp-block-image\"><figure class=\"alignright\"><a href=\"https:\/\/demo.mekshq.com\/voice\/wp-content\/uploads\/2014\/11\/voice_61.jpg\"><img decoding=\"async\" src=\"https:\/\/demo.mekshq.com\/voice\/wp-content\/uploads\/2014\/11\/voice_61-300x200.jpg\" alt=\"ninja de la photographie\" class=\"wp-image-86\"\/><\/a><figcaption>ninja de la photographie<\/figcaption><\/figure><\/div>\n\n\n\n<p>Caf\u00e9 d&#039;origine unique <a href=\"#\">ullamco pariatur<\/a>, je l&#039;accuse pour ce pop-up. Poitrine de porc fugiat Terry Richardson 3 lune de loup, commodo placeat Intelligentsia irure sweat \u00e0 capuche Etsy do Neutra aliqua cray. Pariatur leggings Banksy anim pour-over dolor, labore cornhole Pinterest delectus cray voluptate. Banjo vinyle Austin, sc\u00e8nester Truffaut assumant la poitrine de porc PBR&amp;B eiusmod narval Vice selvage meh consequat. Gastropub proident perturbe le consectetur du denim brut, bitters Echo Park Tonx chia. Fourche accusamus kogi Tonx. Elit ethnique Thundercats fap, aliquip Marfa direct trade et American Apparel quinoa stumptown.<\/p>\n\n\n<p>[mks_separator style=\u201dsolid\u201d height=\u201d1\u2033]<\/p>\n\n\n\n<h4 class=\"wp-block-heading\">Citation<\/h4>\n\n\n\n<p>Sapient hoodie wayfarers mumblecore yr adipisicing placeat single-origin coffee. Banksy yr food truck Neutra eiusmod forage, actually pork belly hoodie mlkshk keytar synth laboris Intelligentsia. Reprehenderit quer polaroid XOXO blame, Shoreditch gastropub whatever.<\/p>\n\n\n\n<blockquote class=\"wp-block-quote is-layout-flow wp-block-quote-is-layout-flow\"><p>Votre temps est pr\u00e9cieux, alors ne le gaspillez pas \u00e0 vivre la vie de quelqu&#039;un d&#039;autre. Ne vous laissez pas pi\u00e9ger par les dogmes, c&#039;est-\u00e0-dire par les id\u00e9es d&#039;autrui. N&#039;\u00e9coutez pas votre voix int\u00e9rieure, noy\u00e9e sous le brouhaha des opinions ext\u00e9rieures. Et surtout, ayez le courage de suivre votre c\u0153ur et votre intuition.<\/p><\/blockquote>\n\n\n\n<p>Sapient hoodie wayfarers mumblecore yr adipisicing placeat single-origin coffee. Banksy yr food truck Neutra eiusmod forage, actually pork belly hoodie mlkshk keytar synth laboris Intelligentsia. Reprehenderit quer polaroid XOXO blame, Shoreditch gastropub whatever.<\/p>\n\n\n\n<h4 class=\"wp-block-heading\">Points forts<\/h4>\n\n\n\n<p>Lorem ipsum Id tempo laborum dans <\/p>\n\n\n<p>[mks_highlight color=\u201d#cf4d35\u201d]<span style=\"color: #ffffff;\">veniam sint id<\/span>[\/mks_highlight]<\/p>\n\n\n\n<p> cons\u00e9quat Ut in eu id eu incididunt ut sed elit quis sit Duis sunt Excepteur consectetur reprehenderit culpa deserunt cillum aute dolor dolor dolor qui.<\/p>\n\n\n<p>[mks_col]<br \/>\n[mks_one_half]<\/p>\n<h4 style=\"text-align: left;\">Liste non ordonn\u00e9e<\/h4>\n<ul>\n<li>Sapiente hoodie wayfarers<\/li>\n<li>Leggings Pariatur Banksy<\/li>\n<li>Accusateur \u00e0 fourche<\/li>\n<li>Helvetica distillerie dolor<\/li>\n<\/ul>\n<p>[\/mks_one_half]<\/p>\n<p>[mks_one_half]<\/p>\n<h4>Liste ordonn\u00e9e<\/h4>\n<ol>\n<li>Exercice \u00e0 Echo Park<\/li>\n<li>Pinterest Delectus Cray Volupt\u00e9<\/li>\n<li>Aliqua cr\u00e9dit\u00e9 par Terry Richardson<\/li>\n<li>Accusateur \u00e0 fourche<\/li>\n<\/ol>\n<p>[\/mks_one_half]<\/p>\n<p>[\/mks_col]<\/p>\n\n\n\n<h4 class=\"wp-block-heading\">Exemple de code<\/h4>\n\n\n\n<pre class=\"wp-block-preformatted\">.super_class:before{ background:url(&#039;images\/awesome.jpg&#039;) no-repeat center center; float:left; display:block; content: &quot;Awesome&quot;; }<\/pre>\n\n\n\n<h4 class=\"wp-block-heading\">Exemple de tableau<\/h4>\n\n\n\n<table class=\"wp-block-table\"><thead><tr><td>Nom<\/td><td>Surnom<\/td><td>Nombre<\/td><\/tr><\/thead><tbody><tr><td>Jill<\/td><td>Joker<\/td><td>50<\/td><\/tr><tr><td>Veille<\/td><td>Batman<\/td><td>94<\/td><\/tr><tr><td>John<\/td><td>Robin<\/td><td>80<\/td><\/tr><\/tbody><\/table>","protected":false},"excerpt":{"rendered":"<p>[mks_dropcap style=&#8221;square&#8221; size=&#8221;50&#8243; bg_color=&#8221;#cf4d35&#8243; txt_color=&#8221;#ffffff&#8221;]A[\/mks_dropcap]orem ipsum Id tempor laborum in consequat ut in eu id eu incididunt ut sed elit quis veniam sint id sit Duis sunt laborum in consequat&nbsp;tempor laborum in consequat&nbsp;Excepteur consectetur reprehenderit culpa deserunt cillum aute dolor dolor dolor qui. Id tempor laborum in consequat Ut in eu id eu.&nbsp;Shoreditch gastropub whatever.&nbsp;Reprehenderit [&hellip;]<\/p>","protected":false},"author":1,"featured_media":0,"parent":0,"menu_order":0,"comment_status":"closed","ping_status":"closed","template":"","meta":{"footnotes":""},"class_list":["post-328","page","type-page","status-publish","hentry"],"_links":{"self":[{"href":"https:\/\/idloaded.com\/fr\/wp-json\/wp\/v2\/pages\/328","targetHints":{"allow":["GET"]}}],"collection":[{"href":"https:\/\/idloaded.com\/fr\/wp-json\/wp\/v2\/pages"}],"about":[{"href":"https:\/\/idloaded.com\/fr\/wp-json\/wp\/v2\/types\/page"}],"author":[{"embeddable":true,"href":"https:\/\/idloaded.com\/fr\/wp-json\/wp\/v2\/users\/1"}],"replies":[{"embeddable":true,"href":"https:\/\/idloaded.com\/fr\/wp-json\/wp\/v2\/comments?post=328"}],"version-history":[{"count":0,"href":"https:\/\/idloaded.com\/fr\/wp-json\/wp\/v2\/pages\/328\/revisions"}],"wp:attachment":[{"href":"https:\/\/idloaded.com\/fr\/wp-json\/wp\/v2\/media?parent=328"}],"curies":[{"name":"wp","href":"https:\/\/api.w.org\/{rel}","templated":true}]}}